{"id":5373,"date":"2025-09-27T20:52:24","date_gmt":"2025-09-27T19:52:24","guid":{"rendered":"https:\/\/medicaltravel.at\/iletisim\/"},"modified":"2026-01-04T17:22:07","modified_gmt":"2026-01-04T16:22:07","slug":"iletisim","status":"publish","type":"page","link":"https:\/\/medicaltravel.at\/tr\/iletisim\/","title":{"rendered":"\u0130leti\u015fim"},"content":{"rendered":"\t\t<div data-elementor-type=\"wp-page\" data-elementor-id=\"5373\" class=\"elementor elementor-5373 elementor-976\" data-elementor-post-type=\"page\">\n\t\t\t\t<div class=\"elementor-element elementor-element-75394c0b e-flex e-con-boxed wpr-particle-no wpr-jarallax-no wpr-parallax-no wpr-sticky-section-no e-con e-parent\" data-id=\"75394c0b\" data-element_type=\"container\" data-e-type=\"container\">\n\t\t\t\t\t<div class=\"e-con-inner\">\n\t\t<div class=\"elementor-element elementor-element-d9f6158 e-con-full e-flex wpr-particle-no wpr-jarallax-no wpr-parallax-no wpr-sticky-section-no e-con e-child\" data-id=\"d9f6158\" data-element_type=\"container\" data-e-type=\"container\">\n\t\t\t\t<div class=\"elementor-element elementor-element-7f7dfd0e elementor-widget elementor-widget-text-editor\" data-id=\"7f7dfd0e\" data-element_type=\"widget\" data-e-type=\"widget\" data-widget_type=\"text-editor.default\">\n\t\t\t\t\t\t\t\t\t\n<h2 class=\"wp-block-heading\"><span style=\"color: #000000;\">\u0130leti\u015fim<\/span><\/h2>\n\n<p><span style=\"color: #000000;\">Size nas\u0131l yard\u0131mc\u0131 olabiliriz? Bize<\/span> <a href=\"mailto:info@medicaltravel.ch\">e-posta<\/a> g\u00f6nderebilir veya <span style=\"color: #000000;\">telefonla ula\u015fabilirsiniz. Sizinle ileti\u015fim kurmay\u0131 sab\u0131rs\u0131zl\u0131kla bekliyoruz.<\/span><\/p>\n<p><span style=\"color: #000000;\"><\/span><\/p>\n<p><strong><span style=\"color: #000000;\">MedicalTravel GmbH<\/span><\/strong><br><strong><span style=\"color: #000000;\">L\u00e4nggassstrasse 8<\/span><\/strong><br><strong><span style=\"color: #000000;\">CH-3012 Bern<\/span><\/strong><\/p>\n<p><span style=\"color: #000000;\"><\/span><\/p>\n<p><strong><span style=\"color: #000000;\">E-Posta: <a href=\"mailto:info@medicaltravel.ch\">info@medicaltravel.ch<\/a><\/span><\/strong><br><strong><span style=\"color: #000000;\">Telefon : <a href=\"tel:+41787373541\">0041 78 737 35 41<\/a><\/span><\/strong><br><strong><span style=\"color: #000000;\">Mobile :<\/span> <a href=\"tel:+41787373541\">0041 78 737 35 41<\/a><\/strong><br><strong><span style=\"color: #000000;\">WhatsApp:<\/span> <a href=\"https:\/\/api.whatsapp.com\/send\/?phone=41787373541&amp;text&amp;type=phone_number&amp;app_absent=0\" target=\"_blank\" rel=\"noopener\">0041 78 737 35 41<\/a><\/strong><\/p>\n\n<p><span style=\"color: #000000;\">\u00c7a\u011fr\u0131 Saatleri:<\/span><br><span style=\"color: #000000;\">Pazartesi-Cuma: 09:00 \u2013 21:00<\/span><br><span style=\"color: #000000;\">Cumartesi: 10:00 \u2013 17:00<\/span><\/p>\n\t\t\t\t\t\t\t\t<\/div>\n\t\t\t\t<\/div>\n\t\t<div class=\"elementor-element elementor-element-48dc963 e-con-full e-flex wpr-particle-no wpr-jarallax-no wpr-parallax-no wpr-sticky-section-no e-con e-child\" data-id=\"48dc963\" data-element_type=\"container\" data-e-type=\"container\">\n\t\t\t\t<div class=\"elementor-element elementor-element-f4d91b1 elementor-widget elementor-widget-wpforms\" data-id=\"f4d91b1\" data-element_type=\"widget\" data-e-type=\"widget\" data-widget_type=\"wpforms.default\">\n\t\t\t\t<div class=\"elementor-widget-container\">\n\t\t\t\t\t<style id=\"wpforms-css-vars-elementor-widget-f4d91b1\">\n\t\t\t\t.elementor-widget-wpforms.elementor-element-f4d91b1 {\n\t\t\t\t--wpforms-field-text-color: #000000;\n--wpforms-button-background-color: #E23E47;\n--wpforms-page-break-color: #E23E47;\n\t\t\t}\n\t\t\t<\/style><div class=\"wpforms-container wpforms-container-full wpforms-render-modern\" id=\"wpforms-2147\"><form id=\"wpforms-form-2147\" class=\"wpforms-validate wpforms-form wpforms-ajax-form\" data-formid=\"2147\" method=\"post\" enctype=\"multipart\/form-data\" action=\"\/tr\/wp-json\/wp\/v2\/pages\/5373?wpforms_form_id=2147\" data-token=\"479f147e4af6be4045086c3303601627\" data-token-time=\"1775307833\"><noscript class=\"wpforms-error-noscript\">Bu formu bitirebilmek i\u00e7in taray\u0131c\u0131n\u0131zda JavaScript&#039;i etkinle\u015ftirin.<\/noscript><div id=\"wpforms-error-noscript\" style=\"display: none;\">Bu formu bitirebilmek i\u00e7in taray\u0131c\u0131n\u0131zda JavaScript&#039;i etkinle\u015ftirin.<\/div><div class=\"wpforms-field-container\"><div id=\"wpforms-2147-field_7-container\" class=\"wpforms-field wpforms-field-select wpforms-field-select-style-classic\" data-field-id=\"7\"><label class=\"wpforms-field-label\" for=\"wpforms-2147-field_7\">Anrede:<\/label><select id=\"wpforms-2147-field_7\" class=\"wpforms-field-large\" name=\"wpforms[fields][7]\"><option value=\"Frau\"  class=\"choice-1 depth-1\"  >Frau<\/option><option value=\"Herr\"  class=\"choice-2 depth-1\"  >Herr<\/option><\/select><\/div><div id=\"wpforms-2147-field_8-container\" class=\"wpforms-field wpforms-field-text\" data-field-id=\"8\"><label class=\"wpforms-field-label wpforms-label-hide\" for=\"wpforms-2147-field_8\" aria-hidden=\"false\">Vorname - Nachname <span class=\"wpforms-required-label\" aria-hidden=\"true\">*<\/span><\/label><input type=\"text\" id=\"wpforms-2147-field_8\" class=\"wpforms-field-large wpforms-field-required\" name=\"wpforms[fields][8]\" placeholder=\"Vorname - Nachname\" aria-errormessage=\"wpforms-2147-field_8-error\" required><\/div>\t\t<div id=\"wpforms-2147-field_2-container\"\n\t\t\tclass=\"wpforms-field wpforms-field-text\"\n\t\t\tdata-field-type=\"text\"\n\t\t\tdata-field-id=\"2\"\n\t\t\t>\n\t\t\t<label class=\"wpforms-field-label\" for=\"wpforms-2147-field_2\" >Max. Deine Telefon<\/label>\n\t\t\t<input type=\"text\" id=\"wpforms-2147-field_2\" class=\"wpforms-field-medium\" name=\"wpforms[fields][2]\" >\n\t\t<\/div>\n\t\t<div id=\"wpforms-2147-field_1-container\" class=\"wpforms-field wpforms-field-text\" data-field-id=\"1\"><label class=\"wpforms-field-label wpforms-label-hide\" for=\"wpforms-2147-field_1\" aria-hidden=\"false\">Land <span class=\"wpforms-required-label\" aria-hidden=\"true\">*<\/span><\/label><input type=\"text\" id=\"wpforms-2147-field_1\" class=\"wpforms-field-large wpforms-field-required\" name=\"wpforms[fields][1]\" placeholder=\"Land\" aria-errormessage=\"wpforms-2147-field_1-error\" required><\/div><div id=\"wpforms-2147-field_6-container\" class=\"wpforms-field wpforms-field-phone\" data-field-id=\"6\"><label class=\"wpforms-field-label wpforms-label-hide\" for=\"wpforms-2147-field_6\" aria-hidden=\"false\">Telefon <span class=\"wpforms-required-label\" aria-hidden=\"true\">*<\/span><\/label><input type=\"tel\" id=\"wpforms-2147-field_6\" class=\"wpforms-field-large wpforms-field-required wpforms-smart-phone-field\" data-rule-smart-phone-field=\"true\" name=\"wpforms[fields][6]\" aria-label=\"Telefon\" aria-errormessage=\"wpforms-2147-field_6-error\" required><\/div><div id=\"wpforms-2147-field_5-container\" class=\"wpforms-field wpforms-field-email\" data-field-id=\"5\"><label class=\"wpforms-field-label wpforms-label-hide\" for=\"wpforms-2147-field_5\" aria-hidden=\"false\">E-Mail <span class=\"wpforms-required-label\" aria-hidden=\"true\">*<\/span><\/label><input type=\"email\" id=\"wpforms-2147-field_5\" class=\"wpforms-field-large wpforms-field-required\" name=\"wpforms[fields][5]\" placeholder=\"E-Mail\" spellcheck=\"false\" aria-errormessage=\"wpforms-2147-field_5-error\" required><\/div><div id=\"wpforms-2147-field_3-container\" class=\"wpforms-field wpforms-field-textarea\" data-field-id=\"3\"><label class=\"wpforms-field-label\" for=\"wpforms-2147-field_3\">Deine Nachricht <span class=\"wpforms-required-label\" aria-hidden=\"true\">*<\/span><\/label><textarea id=\"wpforms-2147-field_3\" class=\"wpforms-field-medium wpforms-field-required\" name=\"wpforms[fields][3]\" aria-errormessage=\"wpforms-2147-field_3-error\" required><\/textarea><\/div><div id=\"wpforms-2147-field_9-container\" class=\"wpforms-field wpforms-field-file-upload\" data-field-id=\"9\"><label class=\"wpforms-field-label\" for=\"wpforms-2147-field_9\">Max. 5 MB file<\/label><div\n\t\tclass=\"wpforms-uploader \"\n\t\tdata-field-id=\"9\"\n\t\tdata-form-id=\"2147\"\n\t\tdata-input-name=\"wpforms_2147_9\"\n\t\tdata-extensions=\"pdf,jpeg,jpg,png,jpg\"\n\t\tdata-max-size=\"5242880\"\n\t\tdata-max-file-number=\"3\"\n\t\tdata-post-max-size=\"16777216\"\n\t\tdata-max-parallel-uploads=\"4\"\n\t\tdata-parallel-uploads=\"true\"\n\t\tdata-file-chunk-size=\"2097152\">\n\t<div class=\"dz-message\">\n\t\t<svg  viewBox=\"0 0 640 640\" focusable=\"false\" data-icon=\"inbox\" width=\"50px\" height=\"50px\" fill=\"currentColor\" aria-hidden=\"true\">\n\t\t\t<path d=\"M352 173.3L352 384C352 401.7 337.7 416 320 416C302.3 416 288 401.7 288 384L288 173.3L246.6 214.7C234.1 227.2 213.8 227.2 201.3 214.7C188.8 202.2 188.8 181.9 201.3 169.4L297.3 73.4C309.8 60.9 330.1 60.9 342.6 73.4L438.6 169.4C451.1 181.9 451.1 202.2 438.6 214.7C426.1 227.2 405.8 227.2 393.3 214.7L352 173.3zM320 464C364.2 464 400 428.2 400 384L480 384C515.3 384 544 412.7 544 448L544 480C544 515.3 515.3 544 480 544L160 544C124.7 544 96 515.3 96 480L96 448C96 412.7 124.7 384 160 384L240 384C240 428.2 275.8 464 320 464zM464 488C477.3 488 488 477.3 488 464C488 450.7 477.3 440 464 440C450.7 440 440 450.7 440 464C440 477.3 450.7 488 464 488z\"\/>\n\t\t<\/svg>\n\n\t\t<span class=\"modern-title\">\n\t\t\t\t\t\t\tDrag &amp; Drop Files, \t\t\t\t<span>Choose Files to Upload<\/span>\n\t\t\t\t\t<\/span>\n\n\t\t\t\t\t<span class=\"modern-hint\">En fazla 3 dosya y\u00fckleyebilirsiniz.<\/span>\n\t\t\t<\/div>\n<\/div>\n\n<input\n\t\ttype=\"text\"\n\t\tautocomplete=\"off\"\n\t\treadonly\n\t\tclass=\"dropzone-input\"\n\t\tstyle=\"position:absolute!important;clip:rect(0,0,0,0)!important;height:1px!important;width:1px!important;border:0!important;overflow:hidden!important;padding:0!important;margin:0!important;\"\n\t\tid=\"wpforms-2147-field_9\"\n\t\tname=\"wpforms_2147_9\" \t\tvalue=\"\">\n<\/div><div id=\"wpforms-2147-field_11-container\" class=\"wpforms-field wpforms-field-hidden\" data-field-id=\"11\"><input type=\"hidden\" id=\"wpforms-2147-field_11\" name=\"wpforms[fields][11]\" value=\"medicaltravel.at\"><\/div><script>\n\t\t\t\t( function() {\n\t\t\t\t\tconst style = document.createElement( 'style' );\n\t\t\t\t\tstyle.appendChild( document.createTextNode( '#wpforms-2147-field_2-container { position: absolute !important; overflow: hidden !important; display: inline !important; height: 1px !important; width: 1px !important; z-index: -1000 !important; padding: 0 !important; } #wpforms-2147-field_2-container input { visibility: hidden; } #wpforms-conversational-form-page #wpforms-2147-field_2-container label { counter-increment: none; }' ) );\n\t\t\t\t\tdocument.head.appendChild( style );\n\t\t\t\t\tdocument.currentScript?.remove();\n\t\t\t\t} )();\n\t\t\t<\/script><\/div><!-- .wpforms-field-container --><div class=\"wpforms-recaptcha-container wpforms-is-turnstile\" ><div class=\"wpforms-turnstile\" data-sitekey=\"0x4AAAAAACC79sch2cdI6vcu\" data-action=\"FormID-2147\"><\/div><input type=\"text\" name=\"g-recaptcha-hidden\" class=\"wpforms-recaptcha-hidden\" style=\"position:absolute!important;clip:rect(0,0,0,0)!important;height:1px!important;width:1px!important;border:0!important;overflow:hidden!important;padding:0!important;margin:0!important;\" data-rule-turnstile=\"1\"><\/div><div class=\"wpforms-submit-container\" ><input type=\"hidden\" name=\"wpforms[id]\" value=\"2147\"><input type=\"hidden\" name=\"page_title\" value=\"\"><input type=\"hidden\" name=\"page_url\" value=\"https:\/\/medicaltravel.at\/tr\/wp-json\/wp\/v2\/pages\/5373\"><input type=\"hidden\" name=\"url_referer\" value=\"\"><button type=\"submit\" name=\"wpforms[submit]\" id=\"wpforms-submit-2147\" class=\"wpforms-submit\" data-alt-text=\"Senden...\" data-submit-text=\"Einreichen\" aria-live=\"assertive\" value=\"wpforms-submit\">Einreichen<\/button><img decoding=\"async\" src=\"https:\/\/medicaltravel.at\/wp-content\/plugins\/wpforms\/assets\/images\/submit-spin.svg\" class=\"wpforms-submit-spinner\" style=\"display: none;\" width=\"26\" height=\"26\" alt=\"Y\u00fckleniyor\"><\/div><\/form><\/div>  <!-- .wpforms-container -->\t\t\t\t<\/div>\n\t\t\t\t<\/div>\n\t\t\t\t<\/div>\n\t\t\t\t\t<\/div>\n\t\t\t\t<\/div>\n\t\t\t\t<\/div>\n\t\t","protected":false},"excerpt":{"rendered":"<p>\u0130leti\u015fim Size nas\u0131l yard\u0131mc\u0131 olabiliriz? Bize e-posta g\u00f6nderebilir veya telefonla ula\u015fabilirsiniz. Sizinle ileti\u015fim kurmay\u0131 sab\u0131rs\u0131zl\u0131kla bekliyoruz. MedicalTravel GmbHL\u00e4nggassstrasse 8CH-3012 Bern E-Posta: info@medicaltravel.chTelefon : 0041 78 737 35 41Mobile : 0041 78 737 35 41WhatsApp: 0041 78 737 35 41 \u00c7a\u011fr\u0131 Saatleri:Pazartesi-Cuma: 09:00 \u2013 21:00Cumartesi: 10:00 \u2013 17:00 Bitte aktiviere JavaScript in deinem Browser, um dieses Formular fertigzustellen.Bitte aktiviere JavaScript in deinem Browser, um dieses Formular fertigzustellen.Anrede:FrauHerrVorname &#8211; Nachname *Land *Telefon *E-Mail *Deine Nachricht *Max. 5 MB file Drag &amp; Drop Files, Choose Files to Upload Du kannst bis zu 3 Dateien hochladen. Vorname Web Telefon Einreichen<\/p>\n","protected":false},"author":4,"featured_media":0,"parent":0,"menu_order":0,"comment_status":"closed","ping_status":"closed","template":"","meta":{"_joinchat":[],"footnotes":""},"class_list":["post-5373","page","type-page","status-publish","hentry"],"acf":[],"_links":{"self":[{"href":"https:\/\/medicaltravel.at\/tr\/wp-json\/wp\/v2\/pages\/5373","targetHints":{"allow":["GET"]}}],"collection":[{"href":"https:\/\/medicaltravel.at\/tr\/wp-json\/wp\/v2\/pages"}],"about":[{"href":"https:\/\/medicaltravel.at\/tr\/wp-json\/wp\/v2\/types\/page"}],"author":[{"embeddable":true,"href":"https:\/\/medicaltravel.at\/tr\/wp-json\/wp\/v2\/users\/4"}],"replies":[{"embeddable":true,"href":"https:\/\/medicaltravel.at\/tr\/wp-json\/wp\/v2\/comments?post=5373"}],"version-history":[{"count":6,"href":"https:\/\/medicaltravel.at\/tr\/wp-json\/wp\/v2\/pages\/5373\/revisions"}],"predecessor-version":[{"id":5386,"href":"https:\/\/medicaltravel.at\/tr\/wp-json\/wp\/v2\/pages\/5373\/revisions\/5386"}],"wp:attachment":[{"href":"https:\/\/medicaltravel.at\/tr\/wp-json\/wp\/v2\/media?parent=5373"}],"curies":[{"name":"wp","href":"https:\/\/api.w.org\/{rel}","templated":true}]}}