{"id":5362,"date":"2025-09-27T14:57:13","date_gmt":"2025-09-27T13:57:13","guid":{"rendered":"https:\/\/medicaltravel.at\/multifokal-lens-implantasyonu\/"},"modified":"2026-01-04T17:10:47","modified_gmt":"2026-01-04T16:10:47","slug":"multifokal-lens-implantasyonu","status":"publish","type":"page","link":"https:\/\/medicaltravel.at\/tr\/multifokal-lens-implantasyonu\/","title":{"rendered":"Multifokal Lens \u0130mplantasyonu"},"content":{"rendered":"\t\t<div data-elementor-type=\"wp-page\" data-elementor-id=\"5362\" class=\"elementor elementor-5362 elementor-823\" data-elementor-post-type=\"page\">\n\t\t\t\t<div class=\"elementor-element elementor-element-6435a98c e-flex e-con-boxed wpr-particle-no wpr-jarallax-no wpr-parallax-no wpr-sticky-section-no e-con e-parent\" data-id=\"6435a98c\" data-element_type=\"container\" data-e-type=\"container\">\n\t\t\t\t\t<div class=\"e-con-inner\">\n\t\t<div class=\"elementor-element elementor-element-fba3d8e e-con-full e-flex wpr-particle-no wpr-jarallax-no wpr-parallax-no wpr-sticky-section-no e-con e-child\" data-id=\"fba3d8e\" data-element_type=\"container\" data-e-type=\"container\">\n\t\t\t\t<div class=\"elementor-element elementor-element-f413289 elementor-widget elementor-widget-button\" data-id=\"f413289\" data-element_type=\"widget\" data-e-type=\"widget\" data-widget_type=\"button.default\">\n\t\t\t\t\t\t\t\t\t\t<a class=\"elementor-button elementor-button-link elementor-size-sm\" href=\"https:\/\/medicaltravel.at\/tr\/istanbul-tuerkiyede-goez-ameliyatlari\/goez-lazeri-ameliyati\/tuerkiyede-goez-lazeri\/\">\n\t\t\t\t\t\t<span class=\"elementor-button-content-wrapper\">\n\t\t\t\t\t\t\t\t\t<span class=\"elementor-button-text\">G\u00f6z Lazeri Ameliyat\u0131<\/span>\n\t\t\t\t\t<\/span>\n\t\t\t\t\t<\/a>\n\t\t\t\t\t\t\t\t<\/div>\n\t\t\t\t<div class=\"elementor-element elementor-element-56294cb elementor-widget elementor-widget-button\" data-id=\"56294cb\" data-element_type=\"widget\" data-e-type=\"widget\" data-widget_type=\"button.default\">\n\t\t\t\t\t\t\t\t\t\t<a class=\"elementor-button elementor-button-link elementor-size-sm\" href=\"https:\/\/medicaltravel.at\/tr\/relex-smile-lasik-tuerkiye-istanbul-antalya-izmir\/\">\n\t\t\t\t\t\t<span class=\"elementor-button-content-wrapper\">\n\t\t\t\t\t\t\t\t\t<span class=\"elementor-button-text\">ReLex Smile LASIK<\/span>\n\t\t\t\t\t<\/span>\n\t\t\t\t\t<\/a>\n\t\t\t\t\t\t\t\t<\/div>\n\t\t\t\t<div class=\"elementor-element elementor-element-c54206c elementor-widget elementor-widget-button\" data-id=\"c54206c\" data-element_type=\"widget\" data-e-type=\"widget\" data-widget_type=\"button.default\">\n\t\t\t\t\t\t\t\t\t\t<a class=\"elementor-button elementor-button-link elementor-size-sm\" href=\"https:\/\/medicaltravel.at\/tr\/goez-ici-lens-implantasyonu\/\">\n\t\t\t\t\t\t<span class=\"elementor-button-content-wrapper\">\n\t\t\t\t\t\t\t\t\t<span class=\"elementor-button-text\">G\u00f6z \u0130\u00e7i Lens \u0130mplantasyonu<br> <br><\/span>\n\t\t\t\t\t<\/span>\n\t\t\t\t\t<\/a>\n\t\t\t\t\t\t\t\t<\/div>\n\t\t\t\t<div class=\"elementor-element elementor-element-446275a elementor-widget elementor-widget-button\" data-id=\"446275a\" data-element_type=\"widget\" data-e-type=\"widget\" data-widget_type=\"button.default\">\n\t\t\t\t\t\t\t\t\t\t<a class=\"elementor-button elementor-button-link elementor-size-sm\" href=\"https:\/\/medicaltravel.at\/tr\/multifokal-lens-implantasyonu\/\">\n\t\t\t\t\t\t<span class=\"elementor-button-content-wrapper\">\n\t\t\t\t\t\t\t\t\t<span class=\"elementor-button-text\">Multifokal Lensler<\/span>\n\t\t\t\t\t<\/span>\n\t\t\t\t\t<\/a>\n\t\t\t\t\t\t\t\t<\/div>\n\t\t\t\t<div class=\"elementor-element elementor-element-c9a5809 elementor-widget elementor-widget-button\" data-id=\"c9a5809\" data-element_type=\"widget\" data-e-type=\"widget\" data-widget_type=\"button.default\">\n\t\t\t\t\t\t\t\t\t\t<a class=\"elementor-button elementor-button-link elementor-size-sm\" href=\"https:\/\/medicaltravel.at\/tr\/istanbul-tuerkiyede-goez-ameliyatlari\/goez-lazeri-ameliyati\/kimler-icin-uygundur\/\">\n\t\t\t\t\t\t<span class=\"elementor-button-content-wrapper\">\n\t\t\t\t\t\t\t\t\t<span class=\"elementor-button-text\">Kimler i\u00e7in uygundur?<\/span>\n\t\t\t\t\t<\/span>\n\t\t\t\t\t<\/a>\n\t\t\t\t\t\t\t\t<\/div>\n\t\t\t\t<div class=\"elementor-element elementor-element-35543d7 elementor-widget elementor-widget-button\" data-id=\"35543d7\" data-element_type=\"widget\" data-e-type=\"widget\" data-widget_type=\"button.default\">\n\t\t\t\t\t\t\t\t\t\t<a class=\"elementor-button elementor-button-link elementor-size-sm\" href=\"https:\/\/medicaltravel.at\/tr\/istanbul-tuerkiyede-goez-ameliyatlari\/goez-lazeri-ameliyati\/ameliyat-suereci\/\">\n\t\t\t\t\t\t<span class=\"elementor-button-content-wrapper\">\n\t\t\t\t\t\t\t\t\t<span class=\"elementor-button-text\">Ameliyat S\u00fcreci<\/span>\n\t\t\t\t\t<\/span>\n\t\t\t\t\t<\/a>\n\t\t\t\t\t\t\t\t<\/div>\n\t\t\t\t<div class=\"elementor-element elementor-element-a58b5cb elementor-widget elementor-widget-button\" data-id=\"a58b5cb\" data-element_type=\"widget\" data-e-type=\"widget\" data-widget_type=\"button.default\">\n\t\t\t\t\t\t\t\t\t\t<a class=\"elementor-button elementor-button-link elementor-size-sm\" href=\"https:\/\/medicaltravel.at\/tr\/istanbul-tuerkiyede-goez-ameliyatlari\/goez-lazeri-ameliyati\/riskler\/\">\n\t\t\t\t\t\t<span class=\"elementor-button-content-wrapper\">\n\t\t\t\t\t\t\t\t\t<span class=\"elementor-button-text\">Riskler<\/span>\n\t\t\t\t\t<\/span>\n\t\t\t\t\t<\/a>\n\t\t\t\t\t\t\t\t<\/div>\n\t\t\t\t<\/div>\n\t\t\t\t<div class=\"elementor-element elementor-element-2394fc3d elementor-widget elementor-widget-text-editor\" data-id=\"2394fc3d\" data-element_type=\"widget\" data-e-type=\"widget\" data-widget_type=\"text-editor.default\">\n\t\t\t\t\t\t\t\t\t\n<h2 class=\"wp-block-heading\">Multi ve Trifokal Lens \u0130mplantlar\u0131 \u0130stanbul \u2013 T\u00fcrkiye<\/h2>\n\n<p><strong>MULT\u0130 VE TR\u0130FAKAL LENS \u0130MPLANTASYONU \u0130STANBUL \u2013 T\u00dcRK\u0130YE<\/strong><\/p>\n\n<p>Katarakt (g\u00f6zdeki ya\u015fa ba\u011fl\u0131 bulan\u0131kl\u0131k) ameliyat\u0131na benzer \u015fekilde, do\u011fal g\u00f6z merce\u011fi cerrahi olarak \u00e7\u0131kar\u0131l\u0131r ve ayn\u0131 yere yapay bir intraok\u00fcler lens (IOL) ile de\u011fi\u015ftirilir.<\/p>\n\n<p>Multifokal (veya trifokal) lens implantasyonu ile hastalar, bir\u00e7ok olana\u011fa sahip y\u00fcksek teknoloji bir \u00fcr\u00fcn se\u00e7mi\u015f olurlar. \u0130nsan g\u00f6z\u00fc, do\u011fas\u0131 gere\u011fi son derece geli\u015fmi\u015f bir duyu organ\u0131d\u0131r ve g\u00fcnl\u00fck ya\u015fam\u0131n t\u00fcm ko\u015fullar\u0131na neredeyse m\u00fckemmel uyum sa\u011flar. Do\u011fal ya\u015fa ba\u011fl\u0131 yak\u0131n g\u00f6rme kayb\u0131 (presbiyopi) ortaya \u00e7\u0131kana ve yak\u0131n g\u00f6rme kapasitesi kal\u0131c\u0131 olarak azalana kadar g\u00f6z bu \u015fekilde i\u015fler. Hem yak\u0131n hem de uzak g\u00f6rmede gen\u00e7 ve net bir g\u00f6r\u00fc\u015f arzusu, do\u011fal g\u00f6z merce\u011finin bulundu\u011fu yerde en iyi \u015fekilde kar\u015f\u0131lanabilir. Multifokal intraok\u00fcler lens tak\u0131lan hastalar\u0131n %80\u2019den fazlas\u0131 art\u0131k optik yard\u0131mc\u0131 cihazlara ihtiya\u00e7 duymadan mesleki ve \u00f6zel ya\u015famlar\u0131n\u0131 s\u00fcrd\u00fcrebilir ve g\u00f6zl\u00fcks\u00fcz ya\u015fayabilir.    <\/p>\n\n<p><strong>Multifokal lens implant\u0131 ile g\u00f6rme nas\u0131l olur?<br><\/strong>Sakin bir g\u00f6leti hayal edin ve suya bir ta\u015f at\u0131n. Ta\u015f\u0131n d\u00fc\u015ft\u00fc\u011f\u00fc noktadan \u00e7ok say\u0131da, dairesel dalgalar yay\u0131ld\u0131\u011f\u0131n\u0131 g\u00f6receksiniz. Bu uyumlu g\u00f6r\u00fcnt\u00fcye benzer \u015fekilde, \u00e7ok odakl\u0131 lensin yap\u0131s\u0131 da organize edilmi\u015ftir. Dokuz veya on iki halka, 30 cm veya 40 cm mesafede okuma imk\u00e2n\u0131 sa\u011flar (bu \u00e7o\u011fu okuma mesafesine denk gelir); lens y\u00fczeyindeki kalan optik da\u011f\u0131l\u0131m ise uzak g\u00f6rme i\u00e7in optimize edilmi\u015ftir. Lens opti\u011finin dairesel (konsantrik) yap\u0131s\u0131, iki g\u00f6zden gelen g\u00f6r\u00fcnt\u00fclerin birle\u015ferek tek bir b\u00fct\u00fcn h\u00e2linde alg\u0131lanmas\u0131n\u0131 sa\u011flar. Ba\u015flang\u0131\u00e7ta bu \u00fcst \u00fcste binme nedeniyle biraz bulan\u0131kl\u0131k hissedilebilir. Ancak beynimiz gen\u00e7 ya\u015flardan itibaren belli bulan\u0131kl\u0131klar\u0131 d\u00fczeltmeyi \u00f6\u011frendi\u011fi i\u00e7in, bu prensip sorunsuz \u015fekilde i\u015fleyebilir.      <\/p>\n\n<p><strong>G\u00fcnd\u00fcz ve gece g\u00f6rmesinin dikkate al\u0131nmas\u0131<\/strong><br>I\u015f\u0131k ne kadar \u00e7ok farkl\u0131 optik seviyeden ge\u00e7mek zorundaysa, o kadar kay\u0131p meydana gelir. Ayn\u0131 prensip farkl\u0131 odak seviyeleri i\u00e7in de ge\u00e7erlidir. \u0130nce, dairesel halkalardan olu\u015fan basamaklar, \u0131\u015f\u0131\u011f\u0131n giri\u015fini (enerji da\u011f\u0131l\u0131m\u0131n\u0131) ve farkl\u0131 g\u00f6rme alanlar\u0131na ge\u00e7i\u015fi d\u00fczenler.<br><br>Gece veya alacakaranl\u0131kta \u0131\u015f\u0131k miktar\u0131 daha azd\u0131r. Pupiller (iris) a\u00e7\u0131larak az \u0131\u015f\u0131kta bile retinaya yeterli bilgi ula\u015fmas\u0131n\u0131 sa\u011flar ve karanl\u0131kta g\u00f6rmeyi m\u00fcmk\u00fcn k\u0131lar. Yapay multifokal lens, normalde yakla\u015f\u0131k 2\u20133 mm \u00e7ap\u0131nda a\u00e7\u0131k bir pupilleyken hem uzak hem de yak\u0131n odaklamay\u0131 ba\u015far\u0131l\u0131 \u015fekilde ger\u00e7ekle\u015ftirecek kadar \u0131\u015f\u0131k alacak \u015fekilde tasarlanm\u0131\u015ft\u0131r.<br><br>B\u00f6ylece g\u00fcnd\u00fcz rahat\u00e7a okuyabilir ve uza\u011f\u0131 g\u00f6rebilirsiniz. Pupiller \u00e7ok a\u00e7\u0131ld\u0131\u011f\u0131nda (gece veya alacakaranl\u0131kta) \u0131\u015f\u0131k uzak g\u00f6r\u00fc\u015f i\u00e7in kullan\u0131l\u0131r. G\u00fcnl\u00fck ya\u015famda bu, d\u00fc\u015f\u00fck \u0131\u015f\u0131kta yak\u0131n g\u00f6rmenin biraz daha zor olabilece\u011fi anlam\u0131na gelir; ancak farlar veya trafik \u0131\u015f\u0131klar\u0131 gibi rahats\u0131z edici \u0131\u015f\u0131klar daha az sorun yarat\u0131r.<br><br>G\u00fcnl\u00fck kullan\u0131m i\u00e7in pratik \u00f6neri: \u0130yi ayd\u0131nlatma, okuma kalitesini art\u0131r\u0131r.         <\/p>\n\n<p><strong>Multifokal lens implant\u0131 i\u00e7in do\u011fru zaman ne zamand\u0131r?<br><\/strong>Multifokal lensin avantaj\u0131ndan tam olarak faydalanabilmek i\u00e7in, g\u00f6z\u00fcn zaten ya\u015fa ba\u011fl\u0131 yak\u0131n g\u00f6rme kayb\u0131 (presbiyopi) durumunda olmas\u0131 gerekir. Bu genellikle 50 ya\u015f\u0131ndan itibaren ortaya \u00e7\u0131kar. Ayr\u0131ca bu ya\u015fta g\u00f6z, do\u011fal merce\u011fe yap\u0131lacak operasyon a\u00e7\u0131s\u0131ndan avantaj sa\u011flayan \u00f6nemli fizyolojik de\u011fi\u015fiklikleri \u00e7oktan ge\u00e7irmi\u015f olur.  <\/p>\n\n<p><strong>Multifokal lens se\u00e7imi<\/strong><br>Do\u011fay\u0131 m\u00fckemmel \u015fekilde kopyalamak hen\u00fcz m\u00fcmk\u00fcn de\u011fil. Multifokal lens, \u00e7ok iyi bir denge ve \u00e7\u00f6z\u00fcm sunar. Ba\u015far\u0131l\u0131 bir sonu\u00e7 ve hem uzak hem yak\u0131n g\u00f6r\u00fc\u015ften memnuniyet i\u00e7in ayr\u0131nt\u0131l\u0131 \u00f6n muayene, sonras\u0131nda bilgilendirme g\u00f6r\u00fc\u015fmesi, beklentilerinizin anla\u015f\u0131lmas\u0131 ve operasyon sonras\u0131 destek ve y\u00f6nlendirme \u00e7ok \u00f6nemlidir. Yeni g\u00f6r\u00fc\u015f\u00fcn\u00fcze al\u0131\u015fmak ve beklentilerinizi kar\u015f\u0131lamas\u0131 i\u00e7in kendinize birka\u00e7 ay zaman tan\u0131y\u0131n.   <\/p>\n\n<p><strong>Femto Lazer Deste\u011fi<\/strong><br>Yeni teknolojik geli\u015fmeler sayesinde art\u0131k yeni bir y\u00f6ntem mevcut. Bu yeni tedavi y\u00f6nteminde g\u00f6ze k\u00fc\u00e7\u00fck eri\u015fim Femto lazer ile yap\u0131l\u0131r. Ard\u0131ndan do\u011fal mercek temass\u0131z \u015fekilde par\u00e7alan\u0131r. Bu \u015fekilde haz\u0131rlanan mercek \u00e7ok kolay ve dokuyu koruyarak \u00e7\u0131kar\u0131labilir. Lazer destekli tedavi, maksimum g\u00fcvenlik ve en y\u00fcksek hassasiyeti sa\u011flar.    <\/p>\n\n<p><strong>Maliyetler<\/strong><br>Her iki g\u00f6z i\u00e7in tedavi \u00fccreti 4000 Euro\u2019dan ba\u015flamaktad\u0131r.<\/p>\n\n<p><strong>\u0130stanbul\u2019da ka\u00e7 g\u00fcn konaklamak gerekir?<br><\/strong>\u0130stanbul\u2019da d\u00f6rt gece konaklamak yeterlidir.<\/p>\n\n<p><a href=\"https:\/\/www.youtube.com\/watch?v=THvk8ZBP0eA\" target=\"_blank\" rel=\"noreferrer noopener\"><strong>MULT\u0130FOKAL LENS AMEL\u0130YATLARI NASIL YAPILIR?<\/strong><\/a><\/p>\n\n<figure class=\"wp-block-embed is-type-rich is-provider-g-mme-tutucu wp-block-embed-g-mme-tutucu\">\n<div class=\"wp-block-embed__wrapper\">https:\/\/www.youtube.com\/embed\/THvk8ZBP0eA?feature=oembed<\/div>\n<\/figure>\n\n<p><strong>Bu konuda sorular\u0131n\u0131z var m\u0131?<\/strong><br><a href=\"https:\/\/www.medicaltravel.at\/kontakt\/\">Daha fazla bilgi i\u00e7in \u015fimdi bizimle ileti\u015fime ge\u00e7in<\/a><\/p>\n\t\t\t\t\t\t\t\t<\/div>\n\t\t\t\t\t<\/div>\n\t\t\t\t<\/div>\n\t\t\t\t<\/div>\n\t\t","protected":false},"excerpt":{"rendered":"<p>G\u00f6z Lazeri Ameliyat\u0131 ReLex Smile LASIK G\u00f6z \u0130\u00e7i Lens \u0130mplantasyonu Multifokal Lensler Kimler i\u00e7in uygundur? Ameliyat S\u00fcreci Riskler Multi ve Trifokal Lens \u0130mplantlar\u0131 \u0130stanbul \u2013 T\u00fcrkiye MULT\u0130 VE TR\u0130FAKAL LENS \u0130MPLANTASYONU \u0130STANBUL \u2013 T\u00dcRK\u0130YE Katarakt (g\u00f6zdeki ya\u015fa ba\u011fl\u0131 bulan\u0131kl\u0131k) ameliyat\u0131na benzer \u015fekilde, do\u011fal g\u00f6z merce\u011fi cerrahi olarak \u00e7\u0131kar\u0131l\u0131r ve ayn\u0131 yere yapay bir intraok\u00fcler lens (IOL) ile de\u011fi\u015ftirilir. Multifokal (veya trifokal) lens implantasyonu ile hastalar, bir\u00e7ok olana\u011fa sahip y\u00fcksek teknoloji bir \u00fcr\u00fcn se\u00e7mi\u015f olurlar. \u0130nsan g\u00f6z\u00fc, do\u011fas\u0131 gere\u011fi son derece geli\u015fmi\u015f bir duyu organ\u0131d\u0131r ve g\u00fcnl\u00fck ya\u015fam\u0131n t\u00fcm ko\u015fullar\u0131na neredeyse m\u00fckemmel uyum sa\u011flar. Do\u011fal ya\u015fa ba\u011fl\u0131 yak\u0131n g\u00f6rme kayb\u0131 (presbiyopi) ortaya \u00e7\u0131kana ve yak\u0131n g\u00f6rme kapasitesi kal\u0131c\u0131 olarak azalana kadar g\u00f6z bu \u015fekilde i\u015fler. Hem yak\u0131n hem de uzak g\u00f6rmede gen\u00e7 ve net bir g\u00f6r\u00fc\u015f arzusu, do\u011fal g\u00f6z merce\u011finin bulundu\u011fu yerde en iyi \u015fekilde kar\u015f\u0131lanabilir. Multifokal intraok\u00fcler lens tak\u0131lan hastalar\u0131n %80\u2019den fazlas\u0131 art\u0131k optik yard\u0131mc\u0131 cihazlara ihtiya\u00e7 duymadan mesleki ve \u00f6zel ya\u015famlar\u0131n\u0131 s\u00fcrd\u00fcrebilir ve g\u00f6zl\u00fcks\u00fcz ya\u015fayabilir. Multifokal lens implant\u0131 ile g\u00f6rme nas\u0131l olur?Sakin bir g\u00f6leti hayal edin ve suya bir ta\u015f at\u0131n. Ta\u015f\u0131n d\u00fc\u015ft\u00fc\u011f\u00fc noktadan \u00e7ok say\u0131da, dairesel dalgalar yay\u0131ld\u0131\u011f\u0131n\u0131 g\u00f6receksiniz. Bu uyumlu g\u00f6r\u00fcnt\u00fcye benzer \u015fekilde, \u00e7ok odakl\u0131 lensin yap\u0131s\u0131 da organize edilmi\u015ftir. Dokuz veya on iki halka, 30 cm veya 40 cm mesafede okuma imk\u00e2n\u0131 sa\u011flar (bu \u00e7o\u011fu okuma mesafesine denk gelir); lens y\u00fczeyindeki kalan optik da\u011f\u0131l\u0131m ise uzak g\u00f6rme i\u00e7in optimize edilmi\u015ftir. Lens opti\u011finin dairesel (konsantrik) yap\u0131s\u0131, iki g\u00f6zden gelen g\u00f6r\u00fcnt\u00fclerin birle\u015ferek tek bir b\u00fct\u00fcn h\u00e2linde alg\u0131lanmas\u0131n\u0131 sa\u011flar. Ba\u015flang\u0131\u00e7ta bu \u00fcst \u00fcste binme nedeniyle biraz bulan\u0131kl\u0131k hissedilebilir. Ancak beynimiz gen\u00e7 ya\u015flardan itibaren belli bulan\u0131kl\u0131klar\u0131 d\u00fczeltmeyi \u00f6\u011frendi\u011fi i\u00e7in, bu prensip sorunsuz \u015fekilde i\u015fleyebilir. G\u00fcnd\u00fcz ve gece g\u00f6rmesinin dikkate al\u0131nmas\u0131I\u015f\u0131k ne kadar \u00e7ok farkl\u0131 optik seviyeden ge\u00e7mek zorundaysa, o kadar kay\u0131p meydana gelir. Ayn\u0131 prensip farkl\u0131 odak seviyeleri i\u00e7in de ge\u00e7erlidir. \u0130nce, dairesel halkalardan olu\u015fan basamaklar, \u0131\u015f\u0131\u011f\u0131n giri\u015fini (enerji da\u011f\u0131l\u0131m\u0131n\u0131) ve farkl\u0131 g\u00f6rme alanlar\u0131na ge\u00e7i\u015fi d\u00fczenler. Gece veya alacakaranl\u0131kta \u0131\u015f\u0131k miktar\u0131 daha azd\u0131r. Pupiller (iris) a\u00e7\u0131larak az \u0131\u015f\u0131kta bile retinaya yeterli bilgi ula\u015fmas\u0131n\u0131 sa\u011flar ve karanl\u0131kta g\u00f6rmeyi m\u00fcmk\u00fcn k\u0131lar. Yapay multifokal lens, normalde yakla\u015f\u0131k 2\u20133 mm \u00e7ap\u0131nda a\u00e7\u0131k bir pupilleyken hem uzak hem de yak\u0131n odaklamay\u0131 ba\u015far\u0131l\u0131 \u015fekilde ger\u00e7ekle\u015ftirecek kadar \u0131\u015f\u0131k alacak \u015fekilde tasarlanm\u0131\u015ft\u0131r. B\u00f6ylece g\u00fcnd\u00fcz rahat\u00e7a okuyabilir ve uza\u011f\u0131 g\u00f6rebilirsiniz. Pupiller \u00e7ok a\u00e7\u0131ld\u0131\u011f\u0131nda (gece veya alacakaranl\u0131kta) \u0131\u015f\u0131k uzak g\u00f6r\u00fc\u015f i\u00e7in kullan\u0131l\u0131r. G\u00fcnl\u00fck ya\u015famda bu, d\u00fc\u015f\u00fck \u0131\u015f\u0131kta yak\u0131n g\u00f6rmenin biraz daha zor olabilece\u011fi anlam\u0131na gelir; ancak farlar veya trafik \u0131\u015f\u0131klar\u0131 gibi rahats\u0131z edici \u0131\u015f\u0131klar daha az sorun yarat\u0131r. G\u00fcnl\u00fck kullan\u0131m i\u00e7in pratik \u00f6neri: \u0130yi ayd\u0131nlatma, okuma kalitesini art\u0131r\u0131r. Multifokal lens implant\u0131 i\u00e7in do\u011fru zaman ne zamand\u0131r?Multifokal lensin avantaj\u0131ndan tam olarak faydalanabilmek i\u00e7in, g\u00f6z\u00fcn zaten ya\u015fa ba\u011fl\u0131 yak\u0131n g\u00f6rme kayb\u0131 (presbiyopi) durumunda olmas\u0131 gerekir. Bu genellikle 50 ya\u015f\u0131ndan itibaren ortaya \u00e7\u0131kar. Ayr\u0131ca bu ya\u015fta g\u00f6z, do\u011fal merce\u011fe yap\u0131lacak operasyon a\u00e7\u0131s\u0131ndan avantaj sa\u011flayan \u00f6nemli fizyolojik de\u011fi\u015fiklikleri \u00e7oktan ge\u00e7irmi\u015f olur. Multifokal lens se\u00e7imiDo\u011fay\u0131 m\u00fckemmel \u015fekilde kopyalamak hen\u00fcz m\u00fcmk\u00fcn de\u011fil. Multifokal lens, \u00e7ok iyi bir denge ve \u00e7\u00f6z\u00fcm sunar. Ba\u015far\u0131l\u0131 bir sonu\u00e7 ve hem uzak hem yak\u0131n g\u00f6r\u00fc\u015ften memnuniyet i\u00e7in ayr\u0131nt\u0131l\u0131 \u00f6n muayene, sonras\u0131nda bilgilendirme g\u00f6r\u00fc\u015fmesi, beklentilerinizin anla\u015f\u0131lmas\u0131 ve operasyon sonras\u0131 destek ve y\u00f6nlendirme \u00e7ok \u00f6nemlidir. Yeni g\u00f6r\u00fc\u015f\u00fcn\u00fcze al\u0131\u015fmak ve beklentilerinizi kar\u015f\u0131lamas\u0131 i\u00e7in kendinize birka\u00e7 ay zaman tan\u0131y\u0131n. Femto Lazer Deste\u011fiYeni teknolojik geli\u015fmeler sayesinde art\u0131k yeni bir y\u00f6ntem mevcut. Bu yeni tedavi y\u00f6nteminde g\u00f6ze k\u00fc\u00e7\u00fck eri\u015fim Femto lazer ile yap\u0131l\u0131r. Ard\u0131ndan do\u011fal mercek temass\u0131z \u015fekilde par\u00e7alan\u0131r. Bu \u015fekilde haz\u0131rlanan mercek \u00e7ok kolay ve dokuyu koruyarak \u00e7\u0131kar\u0131labilir. Lazer destekli tedavi, maksimum g\u00fcvenlik ve en y\u00fcksek hassasiyeti sa\u011flar. MaliyetlerHer iki g\u00f6z i\u00e7in tedavi \u00fccreti 4000 Euro\u2019dan ba\u015flamaktad\u0131r. \u0130stanbul\u2019da ka\u00e7 g\u00fcn konaklamak gerekir?\u0130stanbul\u2019da d\u00f6rt gece konaklamak yeterlidir. MULT\u0130FOKAL LENS AMEL\u0130YATLARI NASIL YAPILIR? https:\/\/youtube.com\/watch?v=THvk8ZBP0eA%3Ffeature%3Doembed Bu konuda sorular\u0131n\u0131z var m\u0131?Daha fazla bilgi i\u00e7in \u015fimdi bizimle ileti\u015fime ge\u00e7in<\/p>\n","protected":false},"author":4,"featured_media":0,"parent":0,"menu_order":0,"comment_status":"closed","ping_status":"closed","template":"","meta":{"_joinchat":[],"footnotes":""},"class_list":["post-5362","page","type-page","status-publish","hentry"],"acf":[],"_links":{"self":[{"href":"https:\/\/medicaltravel.at\/tr\/wp-json\/wp\/v2\/pages\/5362","targetHints":{"allow":["GET"]}}],"collection":[{"href":"https:\/\/medicaltravel.at\/tr\/wp-json\/wp\/v2\/pages"}],"about":[{"href":"https:\/\/medicaltravel.at\/tr\/wp-json\/wp\/v2\/types\/page"}],"author":[{"embeddable":true,"href":"https:\/\/medicaltravel.at\/tr\/wp-json\/wp\/v2\/users\/4"}],"replies":[{"embeddable":true,"href":"https:\/\/medicaltravel.at\/tr\/wp-json\/wp\/v2\/comments?post=5362"}],"version-history":[{"count":5,"href":"https:\/\/medicaltravel.at\/tr\/wp-json\/wp\/v2\/pages\/5362\/revisions"}],"predecessor-version":[{"id":5370,"href":"https:\/\/medicaltravel.at\/tr\/wp-json\/wp\/v2\/pages\/5362\/revisions\/5370"}],"wp:attachment":[{"href":"https:\/\/medicaltravel.at\/tr\/wp-json\/wp\/v2\/media?parent=5362"}],"curies":[{"name":"wp","href":"https:\/\/api.w.org\/{rel}","templated":true}]}}