{"id":5358,"date":"2025-09-27T14:27:53","date_gmt":"2025-09-27T13:27:53","guid":{"rendered":"https:\/\/medicaltravel.at\/medicaltravel\/"},"modified":"2026-01-04T17:21:58","modified_gmt":"2026-01-04T16:21:58","slug":"medicaltravel","status":"publish","type":"page","link":"https:\/\/medicaltravel.at\/tr\/medicaltravel\/","title":{"rendered":"MedicalTravel"},"content":{"rendered":"\t\t<div data-elementor-type=\"wp-page\" data-elementor-id=\"5358\" class=\"elementor elementor-5358 elementor-782\" data-elementor-post-type=\"page\">\n\t\t\t\t<div class=\"elementor-element elementor-element-7b2fc4ba e-flex e-con-boxed wpr-particle-no wpr-jarallax-no wpr-parallax-no wpr-sticky-section-no e-con e-parent\" data-id=\"7b2fc4ba\" data-element_type=\"container\" data-e-type=\"container\">\n\t\t\t\t\t<div class=\"e-con-inner\">\n\t\t\t\t<div class=\"elementor-element elementor-element-16a1c56e elementor-widget elementor-widget-text-editor\" data-id=\"16a1c56e\" data-element_type=\"widget\" data-e-type=\"widget\" data-widget_type=\"text-editor.default\">\n\t\t\t\t\t\t\t\t\t<h2 class=\"wp-block-heading\">MedicalTravel Hakk\u0131nda<\/h2><p>MedicalTravel, 4 Nisan 2006\u2019da Serdar Karaagacl\u0131 (<a href=\"https:\/\/medicaltravel.at\/wp-content\/uploads\/2025\/09\/Lebenslauf.pdf\" data-type=\"link\" data-id=\"https:\/\/medicaltravel.at\/wp-content\/uploads\/2025\/09\/Lebenslauf.pdf\">\u00f6zge\u00e7mi\u015f<\/a>) taraf\u0131ndan <strong>medikal seyahat dan\u0131\u015fmanl\u0131k firmas\u0131<\/strong> olarak kuruldu.<\/p><p>MedicalTravel, istedi\u011finiz tedaviyi hem <strong>t\u0131bbi hem de organizasyon a\u00e7\u0131s\u0131ndan en y\u00fcksek kalitede<\/strong> alman\u0131z\u0131 hedeflemektedir. Bunun yan\u0131 s\u0131ra bu tedaviyi, <strong>\u0130stanbul<\/strong>, <a href=\"https:\/\/medicaltravel.at\/tr\/neden-tuerkiye\/tuerkiyenin-sehirleri\/bir-sehir-olarak-antalya\/\" data-type=\"page\" data-id=\"797\">Antalya<\/a> veya <a href=\"https:\/\/medicaltravel.at\/tr\/neden-tuerkiye\/tuerkiyenin-sehirleri\/bir-sehir-olarak-izmir\/\" data-type=\"page\" data-id=\"795\">\u0130zmir\u2019in<\/a> g\u00fczel ve <a href=\"https:\/\/medicaltravel.at\/tr\/neden-tuerkiye\/tuerkiyenin-sehirleri\/bir-sehir-olarak-istanbul\/\" data-type=\"page\" data-id=\"793\">canl\u0131 metropollerini<\/a> ziyaret ederek birle\u015ftirebilirsiniz. <\/p><p><strong>Felsefemiz<\/strong><br>Hizmetlerimizden ve operasyonunuzun kalitesinden <strong>memnuniyetinizi<\/strong> en \u00fcst d\u00fczeyde \u00f6nemsiyoruz. Sizin iyili\u011finiz ve sa\u011fl\u0131\u011f\u0131n\u0131z, seyahatiniz ve operasyonunuz \u00f6ncesinde, s\u0131ras\u0131nda ve sonras\u0131nda her zaman \u00f6n plandad\u0131r.  <strong>Sa\u011fl\u0131\u011f\u0131n\u0131zdan daha \u00f6nemli hi\u00e7bir \u015fey yoktur.<\/strong> G\u00fcvenmedi\u011fimiz ve %100 emin olmad\u0131\u011f\u0131m\u0131z hizmetleri sunmuyoruz.<\/p><figure class=\"wp-block-image size-full\"><img fetchpriority=\"high\" decoding=\"async\" width=\"200\" height=\"250\" class=\"wp-image-1422\" src=\"https:\/\/medicaltravel.at\/wp-content\/uploads\/2025\/09\/MedicalTravel-Grunder-und-Geschaftsleiter-Serdar-Karaagacli.jpg\" alt=\"\"><\/figure><p id=\"caption-attachment-22\">MedicalTravel\u2019in kurucusu ve genel m\u00fcd\u00fcr\u00fc Serdar Karaa\u011fa\u00e7l\u0131.<\/p><p><strong>Neden MedicalTravel?<\/strong><\/p><ul><li>Biz T\u00fcrkiye\u2019ye <strong>medikal seyahatler konusunda uzman\u0131z.<\/strong><\/li><li><strong>Uzun y\u0131llara dayanan deneyimimiz<\/strong>, i\u015flemlerin sorunsuz ilerlemesini sa\u011flar.<\/li><li>\u015eimdiden y\u00fczlerce memnun hasta hizmetlerimizden faydaland\u0131.<\/li><li>Sadece T\u00fcrkiye\u2019de de\u011fil, burada Avrupa\u2019da da <strong>g\u00fcvenebilece\u011finiz bir muhataba ihtiyac\u0131n\u0131z var.<\/strong><\/li><li><strong>Ba\u015f\u0131ndan sonuna kadar t\u00fcm organizasyonumuz<\/strong> sayesinde hi\u00e7bir \u015feyle u\u011fra\u015fman\u0131za gerek kalmaz.<\/li><li>Operasyondan sonra da sizin ba\u015fvuraca\u011f\u0131n\u0131z ki\u015fi olmaya devam ediyoruz.<\/li><li>T\u00fcrkiye\u2019nin en iyi klinikleriyle i\u015f birli\u011fi yapmak bizim i\u00e7in bir zorunluluktur.<\/li><li>Wir bieten unsere originale Preis-Garantie: <strong>Gratis und unverbindliche Beratung.<\/strong><\/li><li>\u0130nsan bizim i\u00e7in her zaman \u00f6n plandad\u0131r. Size \u00f6zel ve samimi dan\u0131\u015fmanl\u0131\u011f\u0131m\u0131z\u0131n keyfini \u00e7\u0131kar\u0131n. <\/li><li>Operasyon sonras\u0131 memnuniyet \u00f6l\u00e7\u00fcmleri sayesinde y\u00fcksek ve s\u00fcrekli geli\u015ftirilen bir kalite sa\u011fl\u0131yoruz.<\/li><\/ul><p> <\/p><p><strong>Medikal seyahatlerdeki etik standartlar\u0131m\u0131z<\/strong><\/p><ul class=\"wp-block-list\"><li>Biz ucuz ameliyat sunan bir firma de\u011filiz. Amac\u0131m\u0131z yaln\u0131zca ucuz olmak de\u011fil; uygun fiyatlar, T\u00fcrkiye\u2019deki ya\u015fam maliyetlerinin Avrupa\u2019ya k\u0131yasla daha d\u00fc\u015f\u00fck olmas\u0131ndan kaynaklanmaktad\u0131r. <\/li><li><strong>Kaliteden<\/strong> asla taviz vermiyoruz \u00e7\u00fcnk\u00fc s\u00f6z konusu olan sa\u011fl\u0131k.<\/li><li>Operasyonunuz bizim i\u00e7in \u00f6nceliklidir. \u015eehirleri gezmek ise sadece ara s\u0131ra sunulan bir f\u0131rsatt\u0131r. <\/li><li>Biz <strong>g\u00fcvenilmez vaatlerde bulunmay\u0131z<\/strong>. Reklam\u0131m\u0131z\u0131 asla fiyat \u00fczerinden de\u011fil, kalite \u00fczerinden yapar\u0131z.<\/li><li>Sizi operasyona ikna etmek i\u00e7in hi\u00e7bir zorlama veya bask\u0131 yoktur.<\/li><\/ul><p> <\/p><p><a href=\"https:\/\/medicaltravel.at\/tr\/iletisim\/\" data-type=\"page\" data-id=\"976\">\u0130leti\u015fime ge\u00e7menizi<\/a> d\u00f6rt g\u00f6zle bekliyoruz.<\/p>\t\t\t\t\t\t\t\t<\/div>\n\t\t\t\t\t<\/div>\n\t\t\t\t<\/div>\n\t\t\t\t<\/div>\n\t\t","protected":false},"excerpt":{"rendered":"<p>MedicalTravel Hakk\u0131nda MedicalTravel, 4 Nisan 2006\u2019da Serdar Karaagacl\u0131 (\u00f6zge\u00e7mi\u015f) taraf\u0131ndan medikal seyahat dan\u0131\u015fmanl\u0131k firmas\u0131 olarak kuruldu. MedicalTravel, istedi\u011finiz tedaviyi hem t\u0131bbi hem de organizasyon a\u00e7\u0131s\u0131ndan en y\u00fcksek kalitede alman\u0131z\u0131 hedeflemektedir. Bunun yan\u0131 s\u0131ra bu tedaviyi, \u0130stanbul, Antalya veya \u0130zmir\u2019in g\u00fczel ve canl\u0131 metropollerini ziyaret ederek birle\u015ftirebilirsiniz. FelsefemizHizmetlerimizden ve operasyonunuzun kalitesinden memnuniyetinizi en \u00fcst d\u00fczeyde \u00f6nemsiyoruz. Sizin iyili\u011finiz ve sa\u011fl\u0131\u011f\u0131n\u0131z, seyahatiniz ve operasyonunuz \u00f6ncesinde, s\u0131ras\u0131nda ve sonras\u0131nda her zaman \u00f6n plandad\u0131r. Sa\u011fl\u0131\u011f\u0131n\u0131zdan daha \u00f6nemli hi\u00e7bir \u015fey yoktur. G\u00fcvenmedi\u011fimiz ve %100 emin olmad\u0131\u011f\u0131m\u0131z hizmetleri sunmuyoruz. MedicalTravel\u2019in kurucusu ve genel m\u00fcd\u00fcr\u00fc Serdar Karaa\u011fa\u00e7l\u0131. Neden MedicalTravel? Biz T\u00fcrkiye\u2019ye medikal seyahatler konusunda uzman\u0131z. Uzun y\u0131llara dayanan deneyimimiz, i\u015flemlerin sorunsuz ilerlemesini sa\u011flar. \u015eimdiden y\u00fczlerce memnun hasta hizmetlerimizden faydaland\u0131. Sadece T\u00fcrkiye\u2019de de\u011fil, burada Avrupa\u2019da da g\u00fcvenebilece\u011finiz bir muhataba ihtiyac\u0131n\u0131z var. Ba\u015f\u0131ndan sonuna kadar t\u00fcm organizasyonumuz sayesinde hi\u00e7bir \u015feyle u\u011fra\u015fman\u0131za gerek kalmaz. Operasyondan sonra da sizin ba\u015fvuraca\u011f\u0131n\u0131z ki\u015fi olmaya devam ediyoruz. T\u00fcrkiye\u2019nin en iyi klinikleriyle i\u015f birli\u011fi yapmak bizim i\u00e7in bir zorunluluktur. Wir bieten unsere originale Preis-Garantie: Gratis und unverbindliche Beratung. \u0130nsan bizim i\u00e7in her zaman \u00f6n plandad\u0131r. Size \u00f6zel ve samimi dan\u0131\u015fmanl\u0131\u011f\u0131m\u0131z\u0131n keyfini \u00e7\u0131kar\u0131n. Operasyon sonras\u0131 memnuniyet \u00f6l\u00e7\u00fcmleri sayesinde y\u00fcksek ve s\u00fcrekli geli\u015ftirilen bir kalite sa\u011fl\u0131yoruz. Medikal seyahatlerdeki etik standartlar\u0131m\u0131z Biz ucuz ameliyat sunan bir firma de\u011filiz. Amac\u0131m\u0131z yaln\u0131zca ucuz olmak de\u011fil; uygun fiyatlar, T\u00fcrkiye\u2019deki ya\u015fam maliyetlerinin Avrupa\u2019ya k\u0131yasla daha d\u00fc\u015f\u00fck olmas\u0131ndan kaynaklanmaktad\u0131r. Kaliteden asla taviz vermiyoruz \u00e7\u00fcnk\u00fc s\u00f6z konusu olan sa\u011fl\u0131k. Operasyonunuz bizim i\u00e7in \u00f6nceliklidir. \u015eehirleri gezmek ise sadece ara s\u0131ra sunulan bir f\u0131rsatt\u0131r. Biz g\u00fcvenilmez vaatlerde bulunmay\u0131z. Reklam\u0131m\u0131z\u0131 asla fiyat \u00fczerinden de\u011fil, kalite \u00fczerinden yapar\u0131z. Sizi operasyona ikna etmek i\u00e7in hi\u00e7bir zorlama veya bask\u0131 yoktur. \u0130leti\u015fime ge\u00e7menizi d\u00f6rt g\u00f6zle bekliyoruz.<\/p>\n","protected":false},"author":4,"featured_media":0,"parent":0,"menu_order":0,"comment_status":"closed","ping_status":"closed","template":"","meta":{"_joinchat":[],"footnotes":""},"class_list":["post-5358","page","type-page","status-publish","hentry"],"acf":[],"_links":{"self":[{"href":"https:\/\/medicaltravel.at\/tr\/wp-json\/wp\/v2\/pages\/5358","targetHints":{"allow":["GET"]}}],"collection":[{"href":"https:\/\/medicaltravel.at\/tr\/wp-json\/wp\/v2\/pages"}],"about":[{"href":"https:\/\/medicaltravel.at\/tr\/wp-json\/wp\/v2\/types\/page"}],"author":[{"embeddable":true,"href":"https:\/\/medicaltravel.at\/tr\/wp-json\/wp\/v2\/users\/4"}],"replies":[{"embeddable":true,"href":"https:\/\/medicaltravel.at\/tr\/wp-json\/wp\/v2\/comments?post=5358"}],"version-history":[{"count":2,"href":"https:\/\/medicaltravel.at\/tr\/wp-json\/wp\/v2\/pages\/5358\/revisions"}],"predecessor-version":[{"id":5379,"href":"https:\/\/medicaltravel.at\/tr\/wp-json\/wp\/v2\/pages\/5358\/revisions\/5379"}],"wp:attachment":[{"href":"https:\/\/medicaltravel.at\/tr\/wp-json\/wp\/v2\/media?parent=5358"}],"curies":[{"name":"wp","href":"https:\/\/api.w.org\/{rel}","templated":true}]}}