{"id":5339,"date":"2025-09-27T14:41:09","date_gmt":"2025-09-27T13:41:09","guid":{"rendered":"https:\/\/medicaltravel.at\/relex-smile-lasik-tuerkiye-istanbul-antalya-izmir\/"},"modified":"2026-01-04T15:40:17","modified_gmt":"2026-01-04T14:40:17","slug":"relex-smile-lasik-tuerkiye-istanbul-antalya-izmir","status":"publish","type":"page","link":"https:\/\/medicaltravel.at\/tr\/relex-smile-lasik-tuerkiye-istanbul-antalya-izmir\/","title":{"rendered":"ReLex Smile Lasik T\u00fcrkiye \u0130stanbul Antalya \u0130zmir"},"content":{"rendered":"\t\t<div data-elementor-type=\"wp-page\" data-elementor-id=\"5339\" class=\"elementor elementor-5339 elementor-809\" data-elementor-post-type=\"page\">\n\t\t\t\t<div class=\"elementor-element elementor-element-7efb90e8 e-flex e-con-boxed wpr-particle-no wpr-jarallax-no wpr-parallax-no wpr-sticky-section-no e-con e-parent\" data-id=\"7efb90e8\" data-element_type=\"container\" data-e-type=\"container\">\n\t\t\t\t\t<div class=\"e-con-inner\">\n\t\t<div class=\"elementor-element elementor-element-caf2f15 e-con-full e-flex wpr-particle-no wpr-jarallax-no wpr-parallax-no wpr-sticky-section-no e-con e-child\" data-id=\"caf2f15\" data-element_type=\"container\" data-e-type=\"container\">\n\t\t\t\t<div class=\"elementor-element elementor-element-84f88bb elementor-widget elementor-widget-button\" data-id=\"84f88bb\" data-element_type=\"widget\" data-e-type=\"widget\" data-widget_type=\"button.default\">\n\t\t\t\t\t\t\t\t\t\t<a class=\"elementor-button elementor-button-link elementor-size-sm\" href=\"https:\/\/medicaltravel.at\/tr\/relex-smile-lasik-tuerkiye-istanbul-antalya-izmir\/\">\n\t\t\t\t\t\t<span class=\"elementor-button-content-wrapper\">\n\t\t\t\t\t\t\t\t\t<span class=\"elementor-button-text\">ReLex Smile Lasik<\/span>\n\t\t\t\t\t<\/span>\n\t\t\t\t\t<\/a>\n\t\t\t\t\t\t\t\t<\/div>\n\t\t\t\t<div class=\"elementor-element elementor-element-3b2108e elementor-widget elementor-widget-button\" data-id=\"3b2108e\" data-element_type=\"widget\" data-e-type=\"widget\" data-widget_type=\"button.default\">\n\t\t\t\t\t\t\t\t\t\t<a class=\"elementor-button elementor-button-link elementor-size-sm\" href=\"https:\/\/medicaltravel.at\/tr\/goez-ici-lens-implantasyonu\/\">\n\t\t\t\t\t\t<span class=\"elementor-button-content-wrapper\">\n\t\t\t\t\t\t\t\t\t<span class=\"elementor-button-text\">G\u00f6z \u0130\u00e7i Lens \u0130mplantasyonu<br> <br><\/span>\n\t\t\t\t\t<\/span>\n\t\t\t\t\t<\/a>\n\t\t\t\t\t\t\t\t<\/div>\n\t\t\t\t<div class=\"elementor-element elementor-element-7c295f8 elementor-widget elementor-widget-button\" data-id=\"7c295f8\" data-element_type=\"widget\" data-e-type=\"widget\" data-widget_type=\"button.default\">\n\t\t\t\t\t\t\t\t\t\t<a class=\"elementor-button elementor-button-link elementor-size-sm\" href=\"https:\/\/medicaltravel.at\/multifokallinsenimplantation-istanbul-tuerkei\/\">\n\t\t\t\t\t\t<span class=\"elementor-button-content-wrapper\">\n\t\t\t\t\t\t\t\t\t<span class=\"elementor-button-text\">Multifokal Lens \u0130mplantasyonu<\/span>\n\t\t\t\t\t<\/span>\n\t\t\t\t\t<\/a>\n\t\t\t\t\t\t\t\t<\/div>\n\t\t\t\t<div class=\"elementor-element elementor-element-1d0d74b elementor-widget elementor-widget-button\" data-id=\"1d0d74b\" data-element_type=\"widget\" data-e-type=\"widget\" data-widget_type=\"button.default\">\n\t\t\t\t\t\t\t\t\t\t<a class=\"elementor-button elementor-button-link elementor-size-sm\" href=\"https:\/\/medicaltravel.at\/tr\/istanbul-tuerkiyede-goez-ameliyatlari\/goez-lazeri-hakkinda-sorular\/\">\n\t\t\t\t\t\t<span class=\"elementor-button-content-wrapper\">\n\t\t\t\t\t\t\t\t\t<span class=\"elementor-button-text\">G\u00f6z Lazeri Hakk\u0131nda Sorular<\/span>\n\t\t\t\t\t<\/span>\n\t\t\t\t\t<\/a>\n\t\t\t\t\t\t\t\t<\/div>\n\t\t\t\t<div class=\"elementor-element elementor-element-93f85fe elementor-widget elementor-widget-button\" data-id=\"93f85fe\" data-element_type=\"widget\" data-e-type=\"widget\" data-widget_type=\"button.default\">\n\t\t\t\t\t\t\t\t\t\t<a class=\"elementor-button elementor-button-link elementor-size-sm\" href=\"https:\/\/medicaltravel.at\/tr\/istanbul-tuerkiyede-goez-ameliyatlari\/goez-ile-ilgili-her-sey\/\">\n\t\t\t\t\t\t<span class=\"elementor-button-content-wrapper\">\n\t\t\t\t\t\t\t\t\t<span class=\"elementor-button-text\">G\u00f6z \u0130le \u0130lgili Her \u015eey<\/span>\n\t\t\t\t\t<\/span>\n\t\t\t\t\t<\/a>\n\t\t\t\t\t\t\t\t<\/div>\n\t\t\t\t<div class=\"elementor-element elementor-element-88c8e00 elementor-widget elementor-widget-button\" data-id=\"88c8e00\" data-element_type=\"widget\" data-e-type=\"widget\" data-widget_type=\"button.default\">\n\t\t\t\t\t\t\t\t\t\t<a class=\"elementor-button elementor-button-link elementor-size-sm\" href=\"https:\/\/medicaltravel.at\/tr\/istanbul-tuerkiyede-goez-ameliyatlari\/goez-lazeri-ameliyati\/tuerkiyede-goez-lazeri\/\">\n\t\t\t\t\t\t<span class=\"elementor-button-content-wrapper\">\n\t\t\t\t\t\t\t\t\t<span class=\"elementor-button-text\">G\u00f6z Lazeri Ameliyat\u0131<\/span>\n\t\t\t\t\t<\/span>\n\t\t\t\t\t<\/a>\n\t\t\t\t\t\t\t\t<\/div>\n\t\t\t\t<div class=\"elementor-element elementor-element-677d32f elementor-widget elementor-widget-button\" data-id=\"677d32f\" data-element_type=\"widget\" data-e-type=\"widget\" data-widget_type=\"button.default\">\n\t\t\t\t\t\t\t\t\t\t<a class=\"elementor-button elementor-button-link elementor-size-sm\" href=\"https:\/\/medicaltravel.at\/tr\/augenlaser-lasik\/istanbulda-lasik\/istanbulda-lasik\/\">\n\t\t\t\t\t\t<span class=\"elementor-button-content-wrapper\">\n\t\t\t\t\t\t\t\t\t<span class=\"elementor-button-text\">G\u00f6z Lazeri-LASIK<\/span>\n\t\t\t\t\t<\/span>\n\t\t\t\t\t<\/a>\n\t\t\t\t\t\t\t\t<\/div>\n\t\t\t\t<\/div>\n\t\t\t\t<div class=\"elementor-element elementor-element-73b1dd51 elementor-widget elementor-widget-text-editor\" data-id=\"73b1dd51\" data-element_type=\"widget\" data-e-type=\"widget\" data-widget_type=\"text-editor.default\">\n\t\t\t\t\t\t\t\t\t\n<h2 class=\"wp-block-heading\">T\u00fcrkiye\u2019de ReLex Smile LASIK<\/h2>\n\n<p><strong>ReLEx Smile Lasik nedir?<\/strong><\/p>\n\n<p><strong>ReLEx\u00ae smile<\/strong>, tek bir lazerle ger\u00e7ekle\u015ftirilen ilk g\u00f6z lazer prosed\u00fcr\u00fcd\u00fcr: Femtosaniye lazer VisuMax. Lazer prosed\u00fcr\u00fc a\u011fr\u0131s\u0131zd\u0131r ve LASIK i\u00e7in tipik olan flap gerektirmez. <\/p>\n\n<p>\u0130lk olarak, Femtosaniye Lazer VisuMax ile kornea i\u00e7 k\u0131sm\u0131ndaki kornea diski (lentikel) haz\u0131rlan\u0131r. Bu s\u0131rada parlak bir nokta g\u00f6r\u00fcrs\u00fcn\u00fcz, ancak neredeyse hi\u00e7bir \u015fey hissetmezsiniz. Lentikel haz\u0131rl\u0131\u011f\u0131n\u0131n hemen ard\u0131ndan, yine VisuMax ile 2 ila 3 mm b\u00fcy\u00fckl\u00fc\u011f\u00fcnde k\u00fc\u00e7\u00fck bir a\u00e7\u0131kl\u0131k a\u00e7\u0131l\u0131r. Cerrah bu a\u00e7\u0131kl\u0131ktan lentik\u00fcl\u00fc gev\u015fetir ve dikkatlice \u00e7\u0131kar\u0131r. Ard\u0131ndan k\u00fc\u00e7\u00fck kesik a\u00e7\u0131kl\u0131\u011f\u0131 tekrar kontrol edilir. Sonras\u0131nda, \u00e7o\u011fu hasta gibi, her \u015feyin ne kadar h\u0131zl\u0131 gitti\u011fine ve ne kadar az \u015fey hissetti\u011finize \u015fa\u015f\u0131racaks\u0131n\u0131z. K\u00fc\u00e7\u00fck a\u00e7\u0131kl\u0131k nedeniyle ameliyat sonras\u0131 herhangi bir \u00f6nlem al\u0131nmas\u0131 gerekmez, genellikle ertesi g\u00fcn spor yapabilir, sa\u00e7\u0131n\u0131z\u0131 y\u0131kayabilir veya du\u015f alabilirsiniz.      <\/p>\n\n<p><strong>SMILE LASIK\u2019TE YEN\u0130L\u0130KLER NELERD\u0130R?<\/strong><\/p>\n\n<p>ReLEx\u00ae Smile g\u00f6z lazeri y\u00f6nteminin LASIK\u2019e k\u0131yasla bir avantaj\u0131, kesilen alan\u0131n \u00e7ok daha k\u00fc\u00e7\u00fck olmas\u0131d\u0131r.<\/p>\n\n<p><strong>ReLEx SMILE<\/strong>, g\u00f6z lazerinin bir sonraki nesli olarak kabul edilir. \u201cAnahtar deli\u011fi y\u00f6ntemi\u201d ile art\u0131k flap (kornea kapa\u011f\u0131) olu\u015fturulmaz ve kald\u0131r\u0131lmaz \u2013 i\u015flem, korneada \u00e7ok k\u00fc\u00e7\u00fck bir kesiden yap\u0131l\u0131r ve bu sayede minimal invaziv olur. Bu, korneaya m\u00fcmk\u00fcn oldu\u011funca az m\u00fcdahale edildi\u011fi anlam\u0131na gelir ve bu nedenle iyile\u015fme s\u00fcreci \u00e7ok k\u0131sad\u0131r.  <\/p>\n\n<p>Carl Zeiss\u2019in VisuMax Femtosaniye lazeri, daha iyi bir g\u00f6rme i\u00e7in \u00e7\u0131kar\u0131lmas\u0131 gereken dokuyu i\u015faretler. Sadece femtosaniye lazer kullan\u0131l\u0131r. Bu y\u00f6ntem nispeten yenidir ve d\u00fcnya \u00e7ap\u0131nda sadece birka\u00e7 g\u00f6z lazeri klini\u011finde uygulanmaktad\u0131r. SwissLasik, teknolojide her zaman en g\u00fcncel olman\u0131z i\u00e7in bu y\u00f6ntemi art\u0131k T\u00fcrkiye\u2019deki \u00f6zel partner kliniklerde sunmaktad\u0131r. VisuMax 800 Smile Pro kullan\u0131lmaktad\u0131r.    <\/p>\n\n<p>ReLex SMILE \u015fu anda yaln\u0131zca miyop (astigmatizmas\u0131 olmayan) hastalar i\u00e7in uygulanmaktad\u0131r. Bu kriterler kar\u015f\u0131lanm\u0131yorsa, Femto-LASIK operasyonu ile genellikle ayn\u0131 sonu\u00e7lar elde edilir. <\/p>\n\n<p><strong>T\u00dcRK\u0130YE\u2019DE ReLex SMILE LASIK NE KADAR TUTAR?<\/strong><br>ReLex Smile\u2019i size \u0130stanbul, Antalya ve \u0130zmir\u2019de sunabiliyoruz. Fiyat, kliniklere g\u00f6re de\u011fi\u015fmekle birlikte her iki g\u00f6z i\u00e7in 1990 ile 2200 \u20ac aras\u0131ndad\u0131r. <\/p>\n\n<p>Daha fazla bilgi i\u00e7in bug\u00fcn bize <a href=\"https:\/\/www.medicaltravel.de\/relex-smile-lasik-tuerkei-istanbul\/info@medicaltravel.net\" target=\"_blank\" rel=\"noopener\">e-posta <\/a>ile veya <a href=\"https:\/\/web.whatsapp.com\/send?phone=41%2078%20737%2035%2041&amp;text=&amp;source=&amp;data=\" target=\"_blank\" rel=\"noreferrer noopener\">WhatsApp \u00fczerinden (0041 787373541) <\/a>yazabilirsiniz.<\/p>\n\n<p><a href=\"https:\/\/www.youtube.com\/watch?v=Hjs4W3i1w4I&amp;feature=emb_title\" target=\"_blank\" rel=\"noopener\">RELEX SMILE LASIK NASIL \u00c7ALI\u015eIR<\/a><\/p>\n\n<figure class=\"wp-block-embed is-type-rich is-provider-g-mme-tutucu wp-block-embed-g-mme-tutucu\">\n<div class=\"wp-block-embed__wrapper\">https:\/\/www.youtube.com\/embed\/Hjs4W3i1w4I?feature=oembed<\/div>\n<\/figure>\n\t\t\t\t\t\t\t\t<\/div>\n\t\t\t\t\t<\/div>\n\t\t\t\t<\/div>\n\t\t\t\t<\/div>\n\t\t","protected":false},"excerpt":{"rendered":"<p>ReLex Smile Lasik G\u00f6z \u0130\u00e7i Lens \u0130mplantasyonu Multifokal Lens \u0130mplantasyonu G\u00f6z Lazeri Hakk\u0131nda Sorular G\u00f6z \u0130le \u0130lgili Her \u015eey G\u00f6z Lazeri Ameliyat\u0131 G\u00f6z Lazeri-LASIK T\u00fcrkiye\u2019de ReLex Smile LASIK ReLEx Smile Lasik nedir? ReLEx\u00ae smile, tek bir lazerle ger\u00e7ekle\u015ftirilen ilk g\u00f6z lazer prosed\u00fcr\u00fcd\u00fcr: Femtosaniye lazer VisuMax. Lazer prosed\u00fcr\u00fc a\u011fr\u0131s\u0131zd\u0131r ve LASIK i\u00e7in tipik olan flap gerektirmez. \u0130lk olarak, Femtosaniye Lazer VisuMax ile kornea i\u00e7 k\u0131sm\u0131ndaki kornea diski (lentikel) haz\u0131rlan\u0131r. Bu s\u0131rada parlak bir nokta g\u00f6r\u00fcrs\u00fcn\u00fcz, ancak neredeyse hi\u00e7bir \u015fey hissetmezsiniz. Lentikel haz\u0131rl\u0131\u011f\u0131n\u0131n hemen ard\u0131ndan, yine VisuMax ile 2 ila 3 mm b\u00fcy\u00fckl\u00fc\u011f\u00fcnde k\u00fc\u00e7\u00fck bir a\u00e7\u0131kl\u0131k a\u00e7\u0131l\u0131r. Cerrah bu a\u00e7\u0131kl\u0131ktan lentik\u00fcl\u00fc gev\u015fetir ve dikkatlice \u00e7\u0131kar\u0131r. Ard\u0131ndan k\u00fc\u00e7\u00fck kesik a\u00e7\u0131kl\u0131\u011f\u0131 tekrar kontrol edilir. Sonras\u0131nda, \u00e7o\u011fu hasta gibi, her \u015feyin ne kadar h\u0131zl\u0131 gitti\u011fine ve ne kadar az \u015fey hissetti\u011finize \u015fa\u015f\u0131racaks\u0131n\u0131z. K\u00fc\u00e7\u00fck a\u00e7\u0131kl\u0131k nedeniyle ameliyat sonras\u0131 herhangi bir \u00f6nlem al\u0131nmas\u0131 gerekmez, genellikle ertesi g\u00fcn spor yapabilir, sa\u00e7\u0131n\u0131z\u0131 y\u0131kayabilir veya du\u015f alabilirsiniz. SMILE LASIK\u2019TE YEN\u0130L\u0130KLER NELERD\u0130R? ReLEx\u00ae Smile g\u00f6z lazeri y\u00f6nteminin LASIK\u2019e k\u0131yasla bir avantaj\u0131, kesilen alan\u0131n \u00e7ok daha k\u00fc\u00e7\u00fck olmas\u0131d\u0131r. ReLEx SMILE, g\u00f6z lazerinin bir sonraki nesli olarak kabul edilir. \u201cAnahtar deli\u011fi y\u00f6ntemi\u201d ile art\u0131k flap (kornea kapa\u011f\u0131) olu\u015fturulmaz ve kald\u0131r\u0131lmaz \u2013 i\u015flem, korneada \u00e7ok k\u00fc\u00e7\u00fck bir kesiden yap\u0131l\u0131r ve bu sayede minimal invaziv olur. Bu, korneaya m\u00fcmk\u00fcn oldu\u011funca az m\u00fcdahale edildi\u011fi anlam\u0131na gelir ve bu nedenle iyile\u015fme s\u00fcreci \u00e7ok k\u0131sad\u0131r. Carl Zeiss\u2019in VisuMax Femtosaniye lazeri, daha iyi bir g\u00f6rme i\u00e7in \u00e7\u0131kar\u0131lmas\u0131 gereken dokuyu i\u015faretler. Sadece femtosaniye lazer kullan\u0131l\u0131r. Bu y\u00f6ntem nispeten yenidir ve d\u00fcnya \u00e7ap\u0131nda sadece birka\u00e7 g\u00f6z lazeri klini\u011finde uygulanmaktad\u0131r. SwissLasik, teknolojide her zaman en g\u00fcncel olman\u0131z i\u00e7in bu y\u00f6ntemi art\u0131k T\u00fcrkiye\u2019deki \u00f6zel partner kliniklerde sunmaktad\u0131r. VisuMax 800 Smile Pro kullan\u0131lmaktad\u0131r. ReLex SMILE \u015fu anda yaln\u0131zca miyop (astigmatizmas\u0131 olmayan) hastalar i\u00e7in uygulanmaktad\u0131r. Bu kriterler kar\u015f\u0131lanm\u0131yorsa, Femto-LASIK operasyonu ile genellikle ayn\u0131 sonu\u00e7lar elde edilir. T\u00dcRK\u0130YE\u2019DE ReLex SMILE LASIK NE KADAR TUTAR?ReLex Smile\u2019i size \u0130stanbul, Antalya ve \u0130zmir\u2019de sunabiliyoruz. Fiyat, kliniklere g\u00f6re de\u011fi\u015fmekle birlikte her iki g\u00f6z i\u00e7in 1990 ile 2200 \u20ac aras\u0131ndad\u0131r. Daha fazla bilgi i\u00e7in bug\u00fcn bize e-posta ile veya WhatsApp \u00fczerinden (0041 787373541) yazabilirsiniz. RELEX SMILE LASIK NASIL \u00c7ALI\u015eIR https:\/\/youtube.com\/watch?v=Hjs4W3i1w4I%3Ffeature%3Doembed<\/p>\n","protected":false},"author":4,"featured_media":0,"parent":0,"menu_order":0,"comment_status":"closed","ping_status":"closed","template":"","meta":{"_joinchat":[],"footnotes":""},"class_list":["post-5339","page","type-page","status-publish","hentry"],"acf":[],"_links":{"self":[{"href":"https:\/\/medicaltravel.at\/tr\/wp-json\/wp\/v2\/pages\/5339","targetHints":{"allow":["GET"]}}],"collection":[{"href":"https:\/\/medicaltravel.at\/tr\/wp-json\/wp\/v2\/pages"}],"about":[{"href":"https:\/\/medicaltravel.at\/tr\/wp-json\/wp\/v2\/types\/page"}],"author":[{"embeddable":true,"href":"https:\/\/medicaltravel.at\/tr\/wp-json\/wp\/v2\/users\/4"}],"replies":[{"embeddable":true,"href":"https:\/\/medicaltravel.at\/tr\/wp-json\/wp\/v2\/comments?post=5339"}],"version-history":[{"count":5,"href":"https:\/\/medicaltravel.at\/tr\/wp-json\/wp\/v2\/pages\/5339\/revisions"}],"predecessor-version":[{"id":5350,"href":"https:\/\/medicaltravel.at\/tr\/wp-json\/wp\/v2\/pages\/5339\/revisions\/5350"}],"wp:attachment":[{"href":"https:\/\/medicaltravel.at\/tr\/wp-json\/wp\/v2\/media?parent=5339"}],"curies":[{"name":"wp","href":"https:\/\/api.w.org\/{rel}","templated":true}]}}