{"id":5335,"date":"2025-09-27T16:00:44","date_gmt":"2025-09-27T15:00:44","guid":{"rendered":"https:\/\/medicaltravel.at\/estetik-cerrahi\/tuerkiyeye-estetik-amacli-seyahatler\/"},"modified":"2026-01-04T15:34:07","modified_gmt":"2026-01-04T14:34:07","slug":"tuerkiyeye-estetik-amacli-seyahatler","status":"publish","type":"page","link":"https:\/\/medicaltravel.at\/tr\/estetik-cerrahi\/tuerkiyeye-estetik-amacli-seyahatler\/","title":{"rendered":"T\u00fcrkiye\u2019ye Estetik Ama\u00e7l\u0131 Seyahatler"},"content":{"rendered":"\t\t<div data-elementor-type=\"wp-page\" data-elementor-id=\"5335\" class=\"elementor elementor-5335 elementor-911\" data-elementor-post-type=\"page\">\n\t\t\t\t<div class=\"elementor-element elementor-element-6c981296 e-flex e-con-boxed wpr-particle-no wpr-jarallax-no wpr-parallax-no wpr-sticky-section-no e-con e-parent\" data-id=\"6c981296\" data-element_type=\"container\" data-e-type=\"container\">\n\t\t\t\t\t<div class=\"e-con-inner\">\n\t\t<div class=\"elementor-element elementor-element-3ad1b9b e-con-full e-flex wpr-particle-no wpr-jarallax-no wpr-parallax-no wpr-sticky-section-no e-con e-child\" data-id=\"3ad1b9b\" data-element_type=\"container\" data-e-type=\"container\">\n\t\t\t\t<div class=\"elementor-element elementor-element-e792767 elementor-widget elementor-widget-button\" data-id=\"e792767\" data-element_type=\"widget\" data-e-type=\"widget\" data-widget_type=\"button.default\">\n\t\t\t\t\t\t\t\t\t\t<a class=\"elementor-button elementor-button-link elementor-size-sm\" href=\"https:\/\/medicaltravel.at\/tr\/estetik-cerrahi\/tuerkiyeye-estetik-amacli-seyahatler\/\">\n\t\t\t\t\t\t<span class=\"elementor-button-content-wrapper\">\n\t\t\t\t\t\t\t\t\t<span class=\"elementor-button-text\">Estetik Tatilleri<\/span>\n\t\t\t\t\t<\/span>\n\t\t\t\t\t<\/a>\n\t\t\t\t\t\t\t\t<\/div>\n\t\t\t\t<div class=\"elementor-element elementor-element-39a5a9c elementor-widget elementor-widget-button\" data-id=\"39a5a9c\" data-element_type=\"widget\" data-e-type=\"widget\" data-widget_type=\"button.default\">\n\t\t\t\t\t\t\t\t\t\t<a class=\"elementor-button elementor-button-link elementor-size-sm\" href=\"https:\/\/medicaltravel.at\/tr\/estetik-cerrahi\/hastaneler\/istanbulun-en-iyi-estetik-klinigi\/\">\n\t\t\t\t\t\t<span class=\"elementor-button-content-wrapper\">\n\t\t\t\t\t\t\t\t\t<span class=\"elementor-button-text\">Hastaneler<\/span>\n\t\t\t\t\t<\/span>\n\t\t\t\t\t<\/a>\n\t\t\t\t\t\t\t\t<\/div>\n\t\t\t\t<div class=\"elementor-element elementor-element-e579167 elementor-widget elementor-widget-button\" data-id=\"e579167\" data-element_type=\"widget\" data-e-type=\"widget\" data-widget_type=\"button.default\">\n\t\t\t\t\t\t\t\t\t\t<a class=\"elementor-button elementor-button-link elementor-size-sm\" href=\"https:\/\/medicaltravel.at\/tr\/estetik-cerrahi\/tedavi-yelpazesi\/meme-ameliyatlari-meme-bueyuetme-meme-kuecueltme-meme-diklestirme\/\">\n\t\t\t\t\t\t<span class=\"elementor-button-content-wrapper\">\n\t\t\t\t\t\t\t\t\t<span class=\"elementor-button-text\">Tedavi Yelpazesi<\/span>\n\t\t\t\t\t<\/span>\n\t\t\t\t\t<\/a>\n\t\t\t\t\t\t\t\t<\/div>\n\t\t\t\t<div class=\"elementor-element elementor-element-40d4554 elementor-widget elementor-widget-button\" data-id=\"40d4554\" data-element_type=\"widget\" data-e-type=\"widget\" data-widget_type=\"button.default\">\n\t\t\t\t\t\t\t\t\t\t<a class=\"elementor-button elementor-button-link elementor-size-sm\" href=\"https:\/\/medicaltravel.at\/tr\/estetik-cerrahi\/estetik-seyahat-teklifleri-estetik-seyahat-tuerkiye-istanbul-antalya\/\">\n\t\t\t\t\t\t<span class=\"elementor-button-content-wrapper\">\n\t\t\t\t\t\t\t\t\t<span class=\"elementor-button-text\">F\u0131rsat<\/span>\n\t\t\t\t\t<\/span>\n\t\t\t\t\t<\/a>\n\t\t\t\t\t\t\t\t<\/div>\n\t\t\t\t<div class=\"elementor-element elementor-element-f9653f7 elementor-widget elementor-widget-button\" data-id=\"f9653f7\" data-element_type=\"widget\" data-e-type=\"widget\" data-widget_type=\"button.default\">\n\t\t\t\t\t\t\t\t\t\t<a class=\"elementor-button elementor-button-link elementor-size-sm\" href=\"https:\/\/medicaltravel.at\/tr\/estetik-cerrahi\/fiyatlar-maliyetler-estetik-operasyon-tuerkiye-istanbul-antalya-izmir\/\">\n\t\t\t\t\t\t<span class=\"elementor-button-content-wrapper\">\n\t\t\t\t\t\t\t\t\t<span class=\"elementor-button-text\">Fiyatlar<\/span>\n\t\t\t\t\t<\/span>\n\t\t\t\t\t<\/a>\n\t\t\t\t\t\t\t\t<\/div>\n\t\t\t\t<\/div>\n\t\t\t\t<div class=\"elementor-element elementor-element-368bf3b7 elementor-widget elementor-widget-text-editor\" data-id=\"368bf3b7\" data-element_type=\"widget\" data-e-type=\"widget\" data-widget_type=\"text-editor.default\">\n\t\t\t\t\t\t\t\t\t<h2 class=\"wp-block-heading\">Yurt d\u0131\u015f\u0131na estetik seyahatler \u2013 T\u00fcrkiye<\/h2>\n<p><strong>T\u00fcrkiye\u2019ye estetik seyahatler \u2013 T\u00fcrkiye\u2019de estetik ameliyatlar<\/strong><\/p>\n<p><strong>\u0130stanbul, Antalya, Bodrum ve \u0130zmir\u2019de y\u00fcksek kaliteli estetik operasyonlar<\/strong> sunuyoruz.<\/p>\n<p>Avusturya\u2019da <strong>estetik operasyonlar<\/strong> yurt d\u0131\u015f\u0131na g\u00f6re olduk\u00e7a pahal\u0131 hale gelmi\u015ftir. A\u015f\u0131r\u0131 fiyatlar\u0131 ve Avusturya\u2019da yayg\u0131n olan uzun bekleme s\u00fcrelerini kabul etmek istemeyen hastalar i\u00e7in ak\u0131ll\u0131ca bir se\u00e7enek vard\u0131r: <strong>T\u00fcrkiye\u2019de y\u00fcksek kaliteli estetik operasyonlar<\/strong> makul fiyatlarla m\u00fcmk\u00fcnd\u00fcr. \u00dcstelik \u0130svi\u00e7re ve Avrupa\u2019dakiyle <strong>ayn\u0131 tedavi y\u00f6ntemleri ve malzemeler<\/strong> kullan\u0131larak.  <\/p>\n<p>Size T\u00fcrkiye\u2019nin en iyi hastanelerinden biri olan <a href=\"https:\/\/medicaltravel.at\/tr\/estetik-cerrahi\/hastaneler\/istanbulun-en-iyi-estetik-klinigi\/\" data-type=\"page\" data-id=\"916\">Ac\u0131badem, Florence Nightingale Hastanesi <\/a>veya <a href=\"https:\/\/medicaltravel.at\/tr\/estetik-cerrahi\/hastaneler\/antalyanin-en-iyi-estetik-klinigi\/\" data-type=\"page\" data-id=\"918\">Talya Medical Center<\/a>\u2019da tedavi olman\u0131z i\u00e7in yard\u0131mc\u0131 oluyoruz. \u0130sterseniz u\u00e7ak ve otel rezervasyonlar\u0131n\u0131z\u0131 da sizin i\u00e7in yapabiliriz. Bununla ilgili daha fazla bilgiyi <a href=\"https:\/\/medicaltravel.at\/tr\/tuep-bebek\/tuerkiye-istanbul-ve-antalya-icin-cocuk-sahibi-olma-tuep-bebek-teklifleri\/\" data-type=\"page\" data-id=\"962\">buradan<\/a> bulabilirsiniz.  <\/p>\n<figure class=\"wp-block-image size-full\"><img fetchpriority=\"high\" decoding=\"async\" width=\"403\" height=\"268\" class=\"wp-image-1612\" src=\"https:\/\/medicaltravel.at\/wp-content\/uploads\/2025\/09\/Sie-werden-wahrend-Ihrer-asthetischen-OP-in-der-Turkei-einfuhlsam-betreuet.jpg\" alt=\"\" srcset=\"https:\/\/medicaltravel.at\/wp-content\/uploads\/2025\/09\/Sie-werden-wahrend-Ihrer-asthetischen-OP-in-der-Turkei-einfuhlsam-betreuet.jpg 403w, https:\/\/medicaltravel.at\/wp-content\/uploads\/2025\/09\/Sie-werden-wahrend-Ihrer-asthetischen-OP-in-der-Turkei-einfuhlsam-betreuet-300x200.jpg 300w\" sizes=\"(max-width: 403px) 100vw, 403px\" \/><\/figure>\n<p id=\"caption-attachment-104\">T\u00fcrkiye\u2019deki estetik operasyonunuz s\u0131ras\u0131nda size \u00f6zenle ve anlay\u0131\u015fla bak\u0131lacakt\u0131r.<\/p>\n<p><strong>Estetik operasyonlar i\u00e7in neden T\u00fcrkiye?<\/strong><\/p>\n<ul class=\"wp-block-list\">\n<li>T\u00fcrkiye, g\u00fcvenilir bir sa\u011fl\u0131k turizmi merkezi haline gelmi\u015ftir. Her ay binlerce hasta, hem uzman hem de daha uygun maliyetli bir tedavi i\u00e7in T\u00fcrkiye\u2019ye seyahat etmektedir. <\/li>\n<li>Bu \u015fehirlerdeki doktorlar d\u00fcnya g\u00f6r\u00fc\u015f\u00fcne sahiptir ve yurt d\u0131\u015f\u0131nda da e\u011fitim al\u0131rlar. K\u00fcresel t\u0131p geli\u015fmelerine aktif olarak katk\u0131da bulunurlar. <\/li>\n<li>\u0130stanbul, Antalya, Bodrum ve \u0130zmir, son derece geli\u015fmi\u015f modern sa\u011fl\u0131k kurumlar\u0131n\u0131n yan\u0131 s\u0131ra, Bat\u0131 ile Do\u011fu k\u00fclt\u00fcr\u00fcn\u00fc bir arada sunan bir\u00e7ok gezilecek yere de sahiptir. Tedaviniz s\u0131ras\u0131nda sabah ak\u015fam klinikte olmayacaks\u0131n\u0131z. Bu y\u00fczden bu canl\u0131 metropolleri ke\u015ffetmek i\u00e7in bolca zaman\u0131n\u0131z olacak.   <a href=\"https:\/\/medicaltravel.at\/tr\/neden-tuerkiye\/tuerkiyenin-sehirleri\/bir-sehir-olarak-istanbul\/\" data-type=\"page\" data-id=\"793\">\u015eehirlerle ilgili daha fazla bilgiyi buradan bulabilirsiniz.<\/a><\/li>\n<li>T\u00fcrkiye halk\u0131 turistlere son derece misafirperverdir, bu da konaklaman\u0131z\u0131 daha da keyifli hale getirir.<\/li>\n<\/ul>\n<p>\u201cEstetik cerrah\u201d unvan\u0131, Almanya ve Avusturya gibi Avrupa\u2019n\u0131n bir\u00e7ok yerinde korunmamaktad\u0131r. Bu nedenle gerekli uzmanl\u0131k bilgisi ve deneyime sahip olsun olmas\u0131n, her lisansl\u0131 doktor kendini estetik cerrah olarak adland\u0131rabilir.<\/p>\n<p>B\u00fcy\u00fck Bat\u0131 Avrupa \u00fclkelerinin aksine, bu durum T\u00fcrkiye\u2019de s\u0131k\u0131 bir \u015fekilde d\u00fczenlenmi\u015ftir. T\u00fcrkiye\u2019de bir estetik cerrah\u0131n \u00f6nce cerrahi e\u011fitimi alm\u0131\u015f olmas\u0131 ve bu alanda en az 5 y\u0131ll\u0131k bir uygulama deneyimini kan\u0131tlamas\u0131 gerekir. Ancak bundan sonra rekonstr\u00fcktif ve plastik cerrahi e\u011fitimine devam edebilir.  <\/p>\n<p>Bu nedenle <strong>T\u00fcrkiye\u2019deki estetik cerrahlar, \u00fclke s\u0131n\u0131rlar\u0131n\u0131 a\u015farak geni\u015f bir \u00fcne sahiptir.<\/strong><\/p>\t\t\t\t\t\t\t\t<\/div>\n\t\t\t\t\t<\/div>\n\t\t\t\t<\/div>\n\t\t\t\t<\/div>\n\t\t","protected":false},"excerpt":{"rendered":"<p>Estetik Tatilleri Hastaneler Tedavi Yelpazesi F\u0131rsat Fiyatlar Yurt d\u0131\u015f\u0131na estetik seyahatler \u2013 T\u00fcrkiye T\u00fcrkiye\u2019ye estetik seyahatler \u2013 T\u00fcrkiye\u2019de estetik ameliyatlar \u0130stanbul, Antalya, Bodrum ve \u0130zmir\u2019de y\u00fcksek kaliteli estetik operasyonlar sunuyoruz. Avusturya\u2019da estetik operasyonlar yurt d\u0131\u015f\u0131na g\u00f6re olduk\u00e7a pahal\u0131 hale gelmi\u015ftir. A\u015f\u0131r\u0131 fiyatlar\u0131 ve Avusturya\u2019da yayg\u0131n olan uzun bekleme s\u00fcrelerini kabul etmek istemeyen hastalar i\u00e7in ak\u0131ll\u0131ca bir se\u00e7enek vard\u0131r: T\u00fcrkiye\u2019de y\u00fcksek kaliteli estetik operasyonlar makul fiyatlarla m\u00fcmk\u00fcnd\u00fcr. \u00dcstelik \u0130svi\u00e7re ve Avrupa\u2019dakiyle ayn\u0131 tedavi y\u00f6ntemleri ve malzemeler kullan\u0131larak. Size T\u00fcrkiye\u2019nin en iyi hastanelerinden biri olan Ac\u0131badem, Florence Nightingale Hastanesi veya Talya Medical Center\u2019da tedavi olman\u0131z i\u00e7in yard\u0131mc\u0131 oluyoruz. \u0130sterseniz u\u00e7ak ve otel rezervasyonlar\u0131n\u0131z\u0131 da sizin i\u00e7in yapabiliriz. Bununla ilgili daha fazla bilgiyi buradan bulabilirsiniz. T\u00fcrkiye\u2019deki estetik operasyonunuz s\u0131ras\u0131nda size \u00f6zenle ve anlay\u0131\u015fla bak\u0131lacakt\u0131r. Estetik operasyonlar i\u00e7in neden T\u00fcrkiye? T\u00fcrkiye, g\u00fcvenilir bir sa\u011fl\u0131k turizmi merkezi haline gelmi\u015ftir. Her ay binlerce hasta, hem uzman hem de daha uygun maliyetli bir tedavi i\u00e7in T\u00fcrkiye\u2019ye seyahat etmektedir. Bu \u015fehirlerdeki doktorlar d\u00fcnya g\u00f6r\u00fc\u015f\u00fcne sahiptir ve yurt d\u0131\u015f\u0131nda da e\u011fitim al\u0131rlar. K\u00fcresel t\u0131p geli\u015fmelerine aktif olarak katk\u0131da bulunurlar. \u0130stanbul, Antalya, Bodrum ve \u0130zmir, son derece geli\u015fmi\u015f modern sa\u011fl\u0131k kurumlar\u0131n\u0131n yan\u0131 s\u0131ra, Bat\u0131 ile Do\u011fu k\u00fclt\u00fcr\u00fcn\u00fc bir arada sunan bir\u00e7ok gezilecek yere de sahiptir. Tedaviniz s\u0131ras\u0131nda sabah ak\u015fam klinikte olmayacaks\u0131n\u0131z. Bu y\u00fczden bu canl\u0131 metropolleri ke\u015ffetmek i\u00e7in bolca zaman\u0131n\u0131z olacak. \u015eehirlerle ilgili daha fazla bilgiyi buradan bulabilirsiniz. T\u00fcrkiye halk\u0131 turistlere son derece misafirperverdir, bu da konaklaman\u0131z\u0131 daha da keyifli hale getirir. \u201cEstetik cerrah\u201d unvan\u0131, Almanya ve Avusturya gibi Avrupa\u2019n\u0131n bir\u00e7ok yerinde korunmamaktad\u0131r. Bu nedenle gerekli uzmanl\u0131k bilgisi ve deneyime sahip olsun olmas\u0131n, her lisansl\u0131 doktor kendini estetik cerrah olarak adland\u0131rabilir. B\u00fcy\u00fck Bat\u0131 Avrupa \u00fclkelerinin aksine, bu durum T\u00fcrkiye\u2019de s\u0131k\u0131 bir \u015fekilde d\u00fczenlenmi\u015ftir. T\u00fcrkiye\u2019de bir estetik cerrah\u0131n \u00f6nce cerrahi e\u011fitimi alm\u0131\u015f olmas\u0131 ve bu alanda en az 5 y\u0131ll\u0131k bir uygulama deneyimini kan\u0131tlamas\u0131 gerekir. Ancak bundan sonra rekonstr\u00fcktif ve plastik cerrahi e\u011fitimine devam edebilir. Bu nedenle T\u00fcrkiye\u2019deki estetik cerrahlar, \u00fclke s\u0131n\u0131rlar\u0131n\u0131 a\u015farak geni\u015f bir \u00fcne sahiptir.<\/p>\n","protected":false},"author":4,"featured_media":0,"parent":5303,"menu_order":0,"comment_status":"closed","ping_status":"closed","template":"","meta":{"_joinchat":[],"footnotes":""},"class_list":["post-5335","page","type-page","status-publish","hentry"],"acf":[],"_links":{"self":[{"href":"https:\/\/medicaltravel.at\/tr\/wp-json\/wp\/v2\/pages\/5335","targetHints":{"allow":["GET"]}}],"collection":[{"href":"https:\/\/medicaltravel.at\/tr\/wp-json\/wp\/v2\/pages"}],"about":[{"href":"https:\/\/medicaltravel.at\/tr\/wp-json\/wp\/v2\/types\/page"}],"author":[{"embeddable":true,"href":"https:\/\/medicaltravel.at\/tr\/wp-json\/wp\/v2\/users\/4"}],"replies":[{"embeddable":true,"href":"https:\/\/medicaltravel.at\/tr\/wp-json\/wp\/v2\/comments?post=5335"}],"version-history":[{"count":1,"href":"https:\/\/medicaltravel.at\/tr\/wp-json\/wp\/v2\/pages\/5335\/revisions"}],"predecessor-version":[{"id":5336,"href":"https:\/\/medicaltravel.at\/tr\/wp-json\/wp\/v2\/pages\/5335\/revisions\/5336"}],"up":[{"embeddable":true,"href":"https:\/\/medicaltravel.at\/tr\/wp-json\/wp\/v2\/pages\/5303"}],"wp:attachment":[{"href":"https:\/\/medicaltravel.at\/tr\/wp-json\/wp\/v2\/media?parent=5335"}],"curies":[{"name":"wp","href":"https:\/\/api.w.org\/{rel}","templated":true}]}}