{"id":5330,"date":"2025-09-27T16:13:08","date_gmt":"2025-09-27T15:13:08","guid":{"rendered":"https:\/\/medicaltravel.at\/estetik-cerrahi\/estetik-seyahat-teklifleri-estetik-seyahat-tuerkiye-istanbul-antalya\/"},"modified":"2026-01-04T15:23:14","modified_gmt":"2026-01-04T14:23:14","slug":"estetik-seyahat-teklifleri-estetik-seyahat-tuerkiye-istanbul-antalya","status":"publish","type":"page","link":"https:\/\/medicaltravel.at\/tr\/estetik-cerrahi\/estetik-seyahat-teklifleri-estetik-seyahat-tuerkiye-istanbul-antalya\/","title":{"rendered":"Estetik Seyahat Teklifleri Estetik Seyahat T\u00fcrkiye \u0130stanbul Antalya"},"content":{"rendered":"\t\t<div data-elementor-type=\"wp-page\" data-elementor-id=\"5330\" class=\"elementor elementor-5330 elementor-942\" data-elementor-post-type=\"page\">\n\t\t\t\t<div class=\"elementor-element elementor-element-30bb5fa6 e-flex e-con-boxed wpr-particle-no wpr-jarallax-no wpr-parallax-no wpr-sticky-section-no e-con e-parent\" data-id=\"30bb5fa6\" data-element_type=\"container\" data-e-type=\"container\">\n\t\t\t\t\t<div class=\"e-con-inner\">\n\t\t<div class=\"elementor-element elementor-element-55daebc e-con-full e-flex wpr-particle-no wpr-jarallax-no wpr-parallax-no wpr-sticky-section-no e-con e-child\" data-id=\"55daebc\" data-element_type=\"container\" data-e-type=\"container\">\n\t\t\t\t<div class=\"elementor-element elementor-element-8d40ba9 elementor-widget elementor-widget-button\" data-id=\"8d40ba9\" data-element_type=\"widget\" data-e-type=\"widget\" data-widget_type=\"button.default\">\n\t\t\t\t\t\t\t\t\t\t<a class=\"elementor-button elementor-button-link elementor-size-sm\" href=\"https:\/\/medicaltravel.at\/schoenheitsoperation\/schoenheitsreisen\/\">\n\t\t\t\t\t\t<span class=\"elementor-button-content-wrapper\">\n\t\t\t\t\t\t\t\t\t<span class=\"elementor-button-text\">Estetik Tatilleri<\/span>\n\t\t\t\t\t<\/span>\n\t\t\t\t\t<\/a>\n\t\t\t\t\t\t\t\t<\/div>\n\t\t\t\t<div class=\"elementor-element elementor-element-30d4e9d elementor-widget elementor-widget-button\" data-id=\"30d4e9d\" data-element_type=\"widget\" data-e-type=\"widget\" data-widget_type=\"button.default\">\n\t\t\t\t\t\t\t\t\t\t<a class=\"elementor-button elementor-button-link elementor-size-sm\" href=\"https:\/\/medicaltravel.at\/tr\/estetik-cerrahi\/hastaneler\/istanbulun-en-iyi-estetik-klinigi\/\">\n\t\t\t\t\t\t<span class=\"elementor-button-content-wrapper\">\n\t\t\t\t\t\t\t\t\t<span class=\"elementor-button-text\">Hastaneler<\/span>\n\t\t\t\t\t<\/span>\n\t\t\t\t\t<\/a>\n\t\t\t\t\t\t\t\t<\/div>\n\t\t\t\t<div class=\"elementor-element elementor-element-c21996f elementor-widget elementor-widget-button\" data-id=\"c21996f\" data-element_type=\"widget\" data-e-type=\"widget\" data-widget_type=\"button.default\">\n\t\t\t\t\t\t\t\t\t\t<a class=\"elementor-button elementor-button-link elementor-size-sm\" href=\"https:\/\/medicaltravel.at\/tr\/estetik-cerrahi\/tedavi-yelpazesi\/meme-ameliyatlari-meme-bueyuetme-meme-kuecueltme-meme-diklestirme\/\">\n\t\t\t\t\t\t<span class=\"elementor-button-content-wrapper\">\n\t\t\t\t\t\t\t\t\t<span class=\"elementor-button-text\">Tedavi Yelpazesi<\/span>\n\t\t\t\t\t<\/span>\n\t\t\t\t\t<\/a>\n\t\t\t\t\t\t\t\t<\/div>\n\t\t\t\t<div class=\"elementor-element elementor-element-5a4ae55 elementor-widget elementor-widget-button\" data-id=\"5a4ae55\" data-element_type=\"widget\" data-e-type=\"widget\" data-widget_type=\"button.default\">\n\t\t\t\t\t\t\t\t\t\t<a class=\"elementor-button elementor-button-link elementor-size-sm\" href=\"https:\/\/medicaltravel.at\/tr\/estetik-cerrahi\/estetik-seyahat-teklifleri-estetik-seyahat-tuerkiye-istanbul-antalya\/\">\n\t\t\t\t\t\t<span class=\"elementor-button-content-wrapper\">\n\t\t\t\t\t\t\t\t\t<span class=\"elementor-button-text\">F\u0131rsat<\/span>\n\t\t\t\t\t<\/span>\n\t\t\t\t\t<\/a>\n\t\t\t\t\t\t\t\t<\/div>\n\t\t\t\t<div class=\"elementor-element elementor-element-0998bf2 elementor-widget elementor-widget-button\" data-id=\"0998bf2\" data-element_type=\"widget\" data-e-type=\"widget\" data-widget_type=\"button.default\">\n\t\t\t\t\t\t\t\t\t\t<a class=\"elementor-button elementor-button-link elementor-size-sm\" href=\"https:\/\/medicaltravel.at\/tr\/estetik-cerrahi\/fiyatlar-maliyetler-estetik-operasyon-tuerkiye-istanbul-antalya-izmir\/\">\n\t\t\t\t\t\t<span class=\"elementor-button-content-wrapper\">\n\t\t\t\t\t\t\t\t\t<span class=\"elementor-button-text\">Fiyatlar<\/span>\n\t\t\t\t\t<\/span>\n\t\t\t\t\t<\/a>\n\t\t\t\t\t\t\t\t<\/div>\n\t\t\t\t<\/div>\n\t\t\t\t<div class=\"elementor-element elementor-element-e064acb elementor-widget elementor-widget-text-editor\" data-id=\"e064acb\" data-element_type=\"widget\" data-e-type=\"widget\" data-widget_type=\"text-editor.default\">\n\t\t\t\t\t\t\t\t\t<h2 class=\"wp-block-heading\">T\u00fcrkiye\u2019ye yapaca\u011f\u0131n\u0131z estetik seyahat i\u00e7in teklif<\/h2>\n<h2 class=\"wp-block-heading\">Estetik ameliyatlar T\u00fcrkiye\u2019de \u2013 Teklif<\/h2>\n<p>Amac\u0131m\u0131z, T\u00fcrkiye\u2019nin g\u00fczel \u015fehirlerindeki en iyi hastaneler sayesinde, \u201cbirka\u00e7 g\u00fczelle\u015ftirme\u201d iste\u011finizi hem t\u0131bbi hem de organizasyon a\u00e7\u0131s\u0131ndan en y\u00fcksek kalitede ger\u00e7ekle\u015ftirmektir.<\/p>\n<p><strong>Kapsaml\u0131 hizmetlerimizin tad\u0131n\u0131 \u00e7\u0131kar\u0131n<\/strong><\/p>\n<p>T\u00fcrkiye\u2019ye ciddi bir tedavi seyahati iyi bir <strong>organizasyon<\/strong> gerektirir. Bu organizasyonu sizin i\u00e7in memnuniyetle \u00fcstleniyoruz. <\/p>\n<p><strong>\u00dccretsiz, ba\u011flay\u0131c\u0131 olmayan ve size \u00f6zel dan\u0131\u015fmanl\u0131\u011f\u0131m\u0131z\u0131n<\/strong> tad\u0131n\u0131 \u00e7\u0131karabilirsiniz.<br>Dan\u0131\u015fmanl\u0131k dilleri Almanca, \u0130ngilizce ve T\u00fcrk\u00e7e\u2019dir.<\/p>\n<ul class=\"wp-block-list\">\n<li>\n<ul class=\"wp-block-list\">\n<li>Estetik ameliyat\u0131n\u0131z i\u00e7in de\u011ferlendirme<\/li>\n<\/ul>\n<\/li>\n<\/ul>\n<p>L\u00fctfen etkilenen b\u00f6lgelerin foto\u011fraflar\u0131n\u0131 <a href=\"https:\/\/medicaltravel.at\/kontakt\/\" data-type=\"page\" data-id=\"976\">buradan<\/a> veya <a href=\"https:\/\/web.whatsapp.com\/send?phone=41%2078%20737%2035%2041&amp;text=&amp;source=&amp;data=\" target=\"_blank\" rel=\"noopener\">WhatsApp<\/a> \u00fczerinden, kilo, boy ve ya\u015f bilgileri ile birlikte g\u00f6nderin. Hangi konulardan rahats\u0131z oldu\u011funuzu ve beklentilerinizi de a\u00e7\u0131klay\u0131n. Doktorlar\u0131m\u0131z bunu memnuniyetle de\u011ferlendirecek. \u0130lk de\u011ferlendirme \u00fccretsiz ve ba\u011flay\u0131c\u0131 de\u011fildir.   <\/p>\n<figure class=\"wp-block-image size-full\"><img decoding=\"async\" width=\"200\" height=\"118\" class=\"wp-image-1663\" src=\"https:\/\/medicaltravel.at\/wp-content\/uploads\/2025\/09\/zahnreisen-4.jpg\" alt=\"\"><\/figure>\n<ul class=\"wp-block-list\">\n<li>\n<ul class=\"wp-block-list\">\n<li><strong>U\u00e7u\u015f<\/strong><\/li>\n<\/ul>\n<\/li>\n<\/ul>\n<p>Biz \u00f6nerilerde bulunuruz, ne zaman ve nas\u0131l olaca\u011f\u0131na siz karar verirsiniz. Rezervasyon sizin taraf\u0131n\u0131zdan yap\u0131l\u0131r. <\/p>\n<figure class=\"wp-block-image size-full\"><img decoding=\"async\" width=\"200\" height=\"83\" class=\"wp-image-1664\" src=\"https:\/\/medicaltravel.at\/wp-content\/uploads\/2025\/09\/zahnbehandlung-im-ausland-4.jpg\" alt=\"\"><\/figure>\n<ul class=\"wp-block-list\">\n<li>\n<ul class=\"wp-block-list\">\n<li><strong>Havaalan\u0131-Otel Transferi<\/strong><\/li>\n<\/ul>\n<\/li>\n<\/ul>\n<p>Havaliman\u0131 kar\u015f\u0131lama servisi sizi memnuniyetle otele g\u00f6t\u00fcr\u00fcr. Bu servis genellikle ki\u015fiye \u00f6zel yap\u0131l\u0131r ve saatlerce trafikte bekleyen servis otob\u00fcs\u00fc ile yap\u0131lmaz. Yolculu\u011funuzun keyfini \u00e7\u0131kar\u0131n.  <\/p>\n<ul class=\"wp-block-list\">\n<li>\n<ul class=\"wp-block-list\">\n<li><strong>Otel<\/strong><\/li>\n<\/ul>\n<\/li>\n<\/ul>\n<p>Sizin i\u00e7in uygun olabilecek se\u00e7enekleri sunar\u0131z, karar\u0131 siz verirsiniz. Oteller hastaneye yak\u0131n konumdad\u0131r ve yaln\u0131zca iyi ve temiz otellerle \u00e7al\u0131\u015f\u0131yoruz.  <\/p>\n<ul class=\"wp-block-list\">\n<li>\n<ul class=\"wp-block-list\">\n<li><strong>Medicaltravelpass<\/strong><\/li>\n<\/ul>\n<\/li>\n<\/ul>\n<p>Bu, bizim benzersiz ek hizmetimizdir. Pasaport, T\u00fcrkiye\u2019deki konaklaman\u0131z ve operasyonunuzun iyile\u015fme s\u00fcreci ile ilgili t\u00fcm gerekli ki\u015fisel bilgileri i\u00e7erir. Normal bir pasaport boyutundad\u0131r, b\u00f6ylece her zaman elinizde tutabilirsiniz. Seyahatinizden \u00f6nce size \u00f6zel olarak haz\u0131rlan\u0131r.   <\/p>\n<ul class=\"wp-block-list\">\n<li>\n<ul class=\"wp-block-list\">\n<li><strong>Almanca Dilinde Destek<\/strong><\/li>\n<\/ul>\n<\/li>\n<\/ul>\n<p>Doktoru anlaman\u0131z son derece \u00f6nemlidir. Hastanedeki Almanca konu\u015fan personel sorunsuz bir ileti\u015fim garanti eder.  Elbette, bu hizmet di\u011fer yerel diller i\u00e7in de organize edilebilir. Hastaneler neredeyse t\u00fcm Avrupa dillerinde yard\u0131mc\u0131 olabilir.<\/p>\n<ul class=\"wp-block-list\">\n<li>\n<ul class=\"wp-block-list\">\n<li><strong>\u00d6n Muayeneniz<\/strong><\/li>\n<\/ul>\n<\/li>\n<\/ul>\n<p>Kaliteli bir tedavi sonucu sa\u011flamak i\u00e7in \u00f6n muayene son derece \u00f6nemlidir. Mevcut sorunlar ve olas\u0131 tedavileri tespit edilir ve sizinle detayl\u0131 bir \u015fekilde konu\u015fulur. Ard\u0131ndan sizin i\u00e7in ki\u015fiye \u00f6zel, \u00f6zenli tedavi kesin olarak planlan\u0131r.  <\/p>\n<ul class=\"wp-block-list\">\n<li>\n<ul class=\"wp-block-list\">\n<li><strong>Tedaviniz<\/strong><\/li>\n<\/ul>\n<\/li>\n<\/ul>\n<p>Bu hastaneleri, yerinde incelemeler yaparak ve \u00e7e\u015fitli fakt\u00f6rleri dikkate alarak titiz bir ara\u015ft\u0131rma sonucunda se\u00e7tik. Hastaneler hakk\u0131nda daha fazla bilgiyi <a href=\"https:\/\/medicaltravel.at\/tr\/estetik-cerrahi\/hastaneler\/istanbulun-en-iyi-estetik-klinigi\/\" data-type=\"page\" data-id=\"916\">burada<\/a> bulabilirsiniz. <\/p>\n<ul class=\"wp-block-list\">\n<li>\n<ul class=\"wp-block-list\">\n<li><strong>Kontrol Muayenesi T\u00fcrkiye\u2019de<\/strong><\/li>\n<\/ul>\n<\/li>\n<\/ul>\n<p>Ameliyattan hemen sonraki ilk kontrol\u00fcn ard\u0131ndan, geri d\u00f6nmeden \u00f6nce birka\u00e7 kontrol muayenesi daha yap\u0131l\u0131r. Bu, ameliyat ekibinin ilk sonu\u00e7lar\u0131 kendisinin de\u011ferlendirmesini ve gerekirse ek m\u00fcdahale yapmas\u0131n\u0131 sa\u011flar. Bu kontroller zorunludur. Seyahat plan\u0131n\u0131z buna g\u00f6re d\u00fczenlenecektir.   <\/p>\n<ul class=\"wp-block-list\">\n<li>\n<ul class=\"wp-block-list\">\n<li><strong>\u015eehir gezileri (iste\u011fe ba\u011fl\u0131)<\/strong><\/li>\n<\/ul>\n<\/li>\n<\/ul>\n<p>Hizmetimiz sayesinde bir <strong>d\u00fcnya \u015fehrini<\/strong> deneyimlersiniz. Size, <strong>seyahat plan\u0131n\u0131za<\/strong> g\u00f6re neleri gezip g\u00f6rebilece\u011finizi ve neler yapabilece\u011finizi bireysel olarak \u00f6neriyoruz. B\u00f6ylece yeni hayat\u0131n\u0131za g\u00fczel an\u0131larla ba\u015flars\u0131n\u0131z.  <\/p>\n<ul class=\"wp-block-list\">\n<li>\n<ul class=\"wp-block-list\">\n<li><strong>Otel-Havaalan\u0131 Transferi<\/strong><\/li>\n<\/ul>\n<\/li>\n<\/ul>\n<p>Transfer ekibimiz, yolculu\u011funuzun sonuna kadar olumlu bir deneyim olmas\u0131n\u0131 sa\u011flar.<\/p>\n<ul class=\"wp-block-list\">\n<li>\n<ul class=\"wp-block-list\">\n<li><strong>Fiyatlar\u0131m\u0131zdan Yararlan\u0131n<\/strong><\/li>\n<\/ul>\n<\/li>\n<\/ul>\n<p>Art\u0131k herkese estetik i\u015flem yapma imkan\u0131 sunuyoruz, uygun fiyatlarla kaliteyi d\u00fc\u015f\u00fcrmeden. <a href=\"https:\/\/medicaltravel.at\/tr\/estetik-cerrahi\/estetik-seyahat-teklifleri-estetik-seyahat-tuerkiye-istanbul-antalya\/\" data-type=\"page\" data-id=\"942\">Fiyatlar\u0131 burada bulabilirsiniz.<\/a><\/p>\n<ul class=\"wp-block-list\">\n<li>\n<ul class=\"wp-block-list\">\n<li><strong>Avrupa&#8217;da neden daha pahal\u0131?<\/strong><\/li>\n<\/ul>\n<\/li>\n<\/ul>\n<p>Orta Avrupa\u2019daki \u00fclkeler d\u00fcnyan\u0131n en pahal\u0131 \u00fclkeleri aras\u0131nda yer al\u0131r. Bunun nedenleri personel maliyetlerinin y\u00fcksek olmas\u0131, bina kiralar\u0131 ve altyap\u0131 giderleridir. Ayr\u0131ca y\u00fcksek teknolojiye sahip cihazlar son derece pahal\u0131d\u0131r. Yap\u0131lan yat\u0131r\u0131m\u0131n kar\u015f\u0131l\u0131\u011f\u0131n\u0131 verebilmesi i\u00e7in y\u00fcksek say\u0131da hasta gereklidir. \u00dclkemiz nispeten k\u00fc\u00e7\u00fck oldu\u011fu i\u00e7in, buradaki i\u015fletmelerin y\u00fcksek fiyatlarla \u00e7al\u0131\u015fmaktan ba\u015fka se\u00e7ene\u011fi kalmamaktad\u0131r.    <\/p>\n<ul class=\"wp-block-list\">\n<li>\n<ul class=\"wp-block-list\">\n<li><strong>T\u00fcrkiye\u2019de neden daha ucuz?<\/strong><\/li>\n<\/ul>\n<\/li>\n<\/ul>\n<p>Almanya veya Avusturya\u2019da 100 Euro olan bir hizmet i\u00e7in, OECD\u2019nin de do\u011frulad\u0131\u011f\u0131 bir ara\u015ft\u0131rmaya g\u00f6re T\u00fcrkiye\u2019de yaln\u0131zca 45 Euro \u00f6denmektedir.<\/p>\n<p>Bu nedenle T\u00fcrkiye\u2019deki bir doktorun \u00fccreti, Avrupal\u0131 meslekta\u015f\u0131na k\u0131yasla belirgin \u015fekilde daha d\u00fc\u015f\u00fckt\u00fcr. Ayr\u0131ca \u0130stanbul, Avrupa\u2019n\u0131n en b\u00fcy\u00fck \u015fehridir. Bu durum do\u011fal olarak daha y\u00fcksek bir hasta say\u0131s\u0131n\u0131 beraberinde getirir ve tedavi malzemelerinin tedarik maliyetleri ayn\u0131 olmas\u0131na ra\u011fmen daha uygun fiyatlar sunulmas\u0131n\u0131 m\u00fcmk\u00fcn k\u0131lar.  <\/p>\n<p>Bu nedenle T\u00fcrkiye her y\u0131l Avrupa\u2019dan binlerce hastay\u0131 a\u011f\u0131rlamaktad\u0131r. MedicalTravel bu sayede, buradaki kaliteyi makul fiyatlarla size sunabilmektedir. <\/p>\n<ul class=\"wp-block-list\">\n<li>\n<ul class=\"wp-block-list\">\n<li><strong>Neden MedicalTravel ile plan yapmal\u0131y\u0131m? Seyahatimi kendim de planlayabilirim zaten. <\/strong><\/li>\n<\/ul>\n<\/li>\n<\/ul>\n<p>Elbette seyahatinizi kendiniz de organize edebilirsiniz. Ama bu genellikle zahmetli ve risklidir. Yurt d\u0131\u015f\u0131nda bir tedavi ile ilgili ihtiyac\u0131n\u0131z olan her \u015feyle biz ilgileniyoruz. Sadece tedavi s\u00fcrecinde de\u011fil, sonras\u0131nda da g\u00fcvenilir orta\u011f\u0131n\u0131z\u0131z.   <\/p>\n<p>Sorunuz mu var? <a href=\"https:\/\/medicaltravel.at\/kontakt\/\" data-type=\"page\" data-id=\"976\">Bizimle ileti\u015fime ge\u00e7mekten<\/a> memnuniyet duyar\u0131z. <\/p>\t\t\t\t\t\t\t\t<\/div>\n\t\t\t\t\t<\/div>\n\t\t\t\t<\/div>\n\t\t\t\t<\/div>\n\t\t","protected":false},"excerpt":{"rendered":"<p>Estetik Tatilleri Hastaneler Tedavi Yelpazesi F\u0131rsat Fiyatlar T\u00fcrkiye\u2019ye yapaca\u011f\u0131n\u0131z estetik seyahat i\u00e7in teklif Estetik ameliyatlar T\u00fcrkiye\u2019de \u2013 Teklif Amac\u0131m\u0131z, T\u00fcrkiye\u2019nin g\u00fczel \u015fehirlerindeki en iyi hastaneler sayesinde, \u201cbirka\u00e7 g\u00fczelle\u015ftirme\u201d iste\u011finizi hem t\u0131bbi hem de organizasyon a\u00e7\u0131s\u0131ndan en y\u00fcksek kalitede ger\u00e7ekle\u015ftirmektir. Kapsaml\u0131 hizmetlerimizin tad\u0131n\u0131 \u00e7\u0131kar\u0131n T\u00fcrkiye\u2019ye ciddi bir tedavi seyahati iyi bir organizasyon gerektirir. Bu organizasyonu sizin i\u00e7in memnuniyetle \u00fcstleniyoruz. \u00dccretsiz, ba\u011flay\u0131c\u0131 olmayan ve size \u00f6zel dan\u0131\u015fmanl\u0131\u011f\u0131m\u0131z\u0131n tad\u0131n\u0131 \u00e7\u0131karabilirsiniz.Dan\u0131\u015fmanl\u0131k dilleri Almanca, \u0130ngilizce ve T\u00fcrk\u00e7e\u2019dir. Estetik ameliyat\u0131n\u0131z i\u00e7in de\u011ferlendirme L\u00fctfen etkilenen b\u00f6lgelerin foto\u011fraflar\u0131n\u0131 buradan veya WhatsApp \u00fczerinden, kilo, boy ve ya\u015f bilgileri ile birlikte g\u00f6nderin. Hangi konulardan rahats\u0131z oldu\u011funuzu ve beklentilerinizi de a\u00e7\u0131klay\u0131n. Doktorlar\u0131m\u0131z bunu memnuniyetle de\u011ferlendirecek. \u0130lk de\u011ferlendirme \u00fccretsiz ve ba\u011flay\u0131c\u0131 de\u011fildir. U\u00e7u\u015f Biz \u00f6nerilerde bulunuruz, ne zaman ve nas\u0131l olaca\u011f\u0131na siz karar verirsiniz. Rezervasyon sizin taraf\u0131n\u0131zdan yap\u0131l\u0131r. Havaalan\u0131-Otel Transferi Havaliman\u0131 kar\u015f\u0131lama servisi sizi memnuniyetle otele g\u00f6t\u00fcr\u00fcr. Bu servis genellikle ki\u015fiye \u00f6zel yap\u0131l\u0131r ve saatlerce trafikte bekleyen servis otob\u00fcs\u00fc ile yap\u0131lmaz. Yolculu\u011funuzun keyfini \u00e7\u0131kar\u0131n. Otel Sizin i\u00e7in uygun olabilecek se\u00e7enekleri sunar\u0131z, karar\u0131 siz verirsiniz. Oteller hastaneye yak\u0131n konumdad\u0131r ve yaln\u0131zca iyi ve temiz otellerle \u00e7al\u0131\u015f\u0131yoruz. Medicaltravelpass Bu, bizim benzersiz ek hizmetimizdir. Pasaport, T\u00fcrkiye\u2019deki konaklaman\u0131z ve operasyonunuzun iyile\u015fme s\u00fcreci ile ilgili t\u00fcm gerekli ki\u015fisel bilgileri i\u00e7erir. Normal bir pasaport boyutundad\u0131r, b\u00f6ylece her zaman elinizde tutabilirsiniz. Seyahatinizden \u00f6nce size \u00f6zel olarak haz\u0131rlan\u0131r. Almanca Dilinde Destek Doktoru anlaman\u0131z son derece \u00f6nemlidir. Hastanedeki Almanca konu\u015fan personel sorunsuz bir ileti\u015fim garanti eder. Elbette, bu hizmet di\u011fer yerel diller i\u00e7in de organize edilebilir. Hastaneler neredeyse t\u00fcm Avrupa dillerinde yard\u0131mc\u0131 olabilir. \u00d6n Muayeneniz Kaliteli bir tedavi sonucu sa\u011flamak i\u00e7in \u00f6n muayene son derece \u00f6nemlidir. Mevcut sorunlar ve olas\u0131 tedavileri tespit edilir ve sizinle detayl\u0131 bir \u015fekilde konu\u015fulur. Ard\u0131ndan sizin i\u00e7in ki\u015fiye \u00f6zel, \u00f6zenli tedavi kesin olarak planlan\u0131r. Tedaviniz Bu hastaneleri, yerinde incelemeler yaparak ve \u00e7e\u015fitli fakt\u00f6rleri dikkate alarak titiz bir ara\u015ft\u0131rma sonucunda se\u00e7tik. Hastaneler hakk\u0131nda daha fazla bilgiyi burada bulabilirsiniz. Kontrol Muayenesi T\u00fcrkiye\u2019de Ameliyattan hemen sonraki ilk kontrol\u00fcn ard\u0131ndan, geri d\u00f6nmeden \u00f6nce birka\u00e7 kontrol muayenesi daha yap\u0131l\u0131r. Bu, ameliyat ekibinin ilk sonu\u00e7lar\u0131 kendisinin de\u011ferlendirmesini ve gerekirse ek m\u00fcdahale yapmas\u0131n\u0131 sa\u011flar. Bu kontroller zorunludur. Seyahat plan\u0131n\u0131z buna g\u00f6re d\u00fczenlenecektir. \u015eehir gezileri (iste\u011fe ba\u011fl\u0131) Hizmetimiz sayesinde bir d\u00fcnya \u015fehrini deneyimlersiniz. Size, seyahat plan\u0131n\u0131za g\u00f6re neleri gezip g\u00f6rebilece\u011finizi ve neler yapabilece\u011finizi bireysel olarak \u00f6neriyoruz. B\u00f6ylece yeni hayat\u0131n\u0131za g\u00fczel an\u0131larla ba\u015flars\u0131n\u0131z. Otel-Havaalan\u0131 Transferi Transfer ekibimiz, yolculu\u011funuzun sonuna kadar olumlu bir deneyim olmas\u0131n\u0131 sa\u011flar. Fiyatlar\u0131m\u0131zdan Yararlan\u0131n Art\u0131k herkese estetik i\u015flem yapma imkan\u0131 sunuyoruz, uygun fiyatlarla kaliteyi d\u00fc\u015f\u00fcrmeden. Fiyatlar\u0131 burada bulabilirsiniz. Avrupa&#8217;da neden daha pahal\u0131? Orta Avrupa\u2019daki \u00fclkeler d\u00fcnyan\u0131n en pahal\u0131 \u00fclkeleri aras\u0131nda yer al\u0131r. Bunun nedenleri personel maliyetlerinin y\u00fcksek olmas\u0131, bina kiralar\u0131 ve altyap\u0131 giderleridir. Ayr\u0131ca y\u00fcksek teknolojiye sahip cihazlar son derece pahal\u0131d\u0131r. Yap\u0131lan yat\u0131r\u0131m\u0131n kar\u015f\u0131l\u0131\u011f\u0131n\u0131 verebilmesi i\u00e7in y\u00fcksek say\u0131da hasta gereklidir. \u00dclkemiz nispeten k\u00fc\u00e7\u00fck oldu\u011fu i\u00e7in, buradaki i\u015fletmelerin y\u00fcksek fiyatlarla \u00e7al\u0131\u015fmaktan ba\u015fka se\u00e7ene\u011fi kalmamaktad\u0131r. T\u00fcrkiye\u2019de neden daha ucuz? Almanya veya Avusturya\u2019da 100 Euro olan bir hizmet i\u00e7in, OECD\u2019nin de do\u011frulad\u0131\u011f\u0131 bir ara\u015ft\u0131rmaya g\u00f6re T\u00fcrkiye\u2019de yaln\u0131zca 45 Euro \u00f6denmektedir. Bu nedenle T\u00fcrkiye\u2019deki bir doktorun \u00fccreti, Avrupal\u0131 meslekta\u015f\u0131na k\u0131yasla belirgin \u015fekilde daha d\u00fc\u015f\u00fckt\u00fcr. Ayr\u0131ca \u0130stanbul, Avrupa\u2019n\u0131n en b\u00fcy\u00fck \u015fehridir. Bu durum do\u011fal olarak daha y\u00fcksek bir hasta say\u0131s\u0131n\u0131 beraberinde getirir ve tedavi malzemelerinin tedarik maliyetleri ayn\u0131 olmas\u0131na ra\u011fmen daha uygun fiyatlar sunulmas\u0131n\u0131 m\u00fcmk\u00fcn k\u0131lar. Bu nedenle T\u00fcrkiye her y\u0131l Avrupa\u2019dan binlerce hastay\u0131 a\u011f\u0131rlamaktad\u0131r. MedicalTravel bu sayede, buradaki kaliteyi makul fiyatlarla size sunabilmektedir. Neden MedicalTravel ile plan yapmal\u0131y\u0131m? Seyahatimi kendim de planlayabilirim zaten. Elbette seyahatinizi kendiniz de organize edebilirsiniz. Ama bu genellikle zahmetli ve risklidir. Yurt d\u0131\u015f\u0131nda bir tedavi ile ilgili ihtiyac\u0131n\u0131z olan her \u015feyle biz ilgileniyoruz. Sadece tedavi s\u00fcrecinde de\u011fil, sonras\u0131nda da g\u00fcvenilir orta\u011f\u0131n\u0131z\u0131z. Sorunuz mu var? Bizimle ileti\u015fime ge\u00e7mekten memnuniyet duyar\u0131z.<\/p>\n","protected":false},"author":4,"featured_media":0,"parent":5303,"menu_order":0,"comment_status":"closed","ping_status":"closed","template":"","meta":{"_joinchat":[],"footnotes":""},"class_list":["post-5330","page","type-page","status-publish","hentry"],"acf":[],"_links":{"self":[{"href":"https:\/\/medicaltravel.at\/tr\/wp-json\/wp\/v2\/pages\/5330","targetHints":{"allow":["GET"]}}],"collection":[{"href":"https:\/\/medicaltravel.at\/tr\/wp-json\/wp\/v2\/pages"}],"about":[{"href":"https:\/\/medicaltravel.at\/tr\/wp-json\/wp\/v2\/types\/page"}],"author":[{"embeddable":true,"href":"https:\/\/medicaltravel.at\/tr\/wp-json\/wp\/v2\/users\/4"}],"replies":[{"embeddable":true,"href":"https:\/\/medicaltravel.at\/tr\/wp-json\/wp\/v2\/comments?post=5330"}],"version-history":[{"count":1,"href":"https:\/\/medicaltravel.at\/tr\/wp-json\/wp\/v2\/pages\/5330\/revisions"}],"predecessor-version":[{"id":5331,"href":"https:\/\/medicaltravel.at\/tr\/wp-json\/wp\/v2\/pages\/5330\/revisions\/5331"}],"up":[{"embeddable":true,"href":"https:\/\/medicaltravel.at\/tr\/wp-json\/wp\/v2\/pages\/5303"}],"wp:attachment":[{"href":"https:\/\/medicaltravel.at\/tr\/wp-json\/wp\/v2\/media?parent=5330"}],"curies":[{"name":"wp","href":"https:\/\/api.w.org\/{rel}","templated":true}]}}