{"id":5317,"date":"2025-09-27T16:09:42","date_gmt":"2025-09-27T15:09:42","guid":{"rendered":"https:\/\/medicaltravel.at\/estetik-cerrahi\/tedavi-yelpazesi\/goez-kapagi-duezeltme-tuerkiye-istanbul-izmir-antalya\/"},"modified":"2026-01-04T15:13:34","modified_gmt":"2026-01-04T14:13:34","slug":"goez-kapagi-duezeltme-tuerkiye-istanbul-izmir-antalya","status":"publish","type":"page","link":"https:\/\/medicaltravel.at\/tr\/estetik-cerrahi\/tedavi-yelpazesi\/goez-kapagi-duezeltme-tuerkiye-istanbul-izmir-antalya\/","title":{"rendered":"G\u00f6z Kapa\u011f\u0131 D\u00fczeltme T\u00fcrkiye \u0130stanbul \u0130zmir Antalya"},"content":{"rendered":"\t\t<div data-elementor-type=\"wp-page\" data-elementor-id=\"5317\" class=\"elementor elementor-5317 elementor-932\" data-elementor-post-type=\"page\">\n\t\t\t\t<div class=\"elementor-element elementor-element-de0f099 e-flex e-con-boxed wpr-particle-no wpr-jarallax-no wpr-parallax-no wpr-sticky-section-no e-con e-parent\" data-id=\"de0f099\" data-element_type=\"container\" data-e-type=\"container\">\n\t\t\t\t\t<div class=\"e-con-inner\">\n\t\t<div class=\"elementor-element elementor-element-b00b6d2 e-con-full e-flex wpr-particle-no wpr-jarallax-no wpr-parallax-no wpr-sticky-section-no e-con e-child\" data-id=\"b00b6d2\" data-element_type=\"container\" data-e-type=\"container\">\n\t\t\t\t<div class=\"elementor-element elementor-element-a0787c3 elementor-widget elementor-widget-button\" data-id=\"a0787c3\" data-element_type=\"widget\" data-e-type=\"widget\" data-widget_type=\"button.default\">\n\t\t\t\t\t\t\t\t\t\t<a class=\"elementor-button elementor-button-link elementor-size-sm\" href=\"https:\/\/medicaltravel.at\/tr\/estetik-cerrahi\/tedavi-yelpazesi\/meme-ameliyatlari-meme-bueyuetme-meme-kuecueltme-meme-diklestirme\/\">\n\t\t\t\t\t\t<span class=\"elementor-button-content-wrapper\">\n\t\t\t\t\t\t\t\t\t<span class=\"elementor-button-text\">Meme Ameliyatlar\u0131<\/span>\n\t\t\t\t\t<\/span>\n\t\t\t\t\t<\/a>\n\t\t\t\t\t\t\t\t<\/div>\n\t\t\t\t<div class=\"elementor-element elementor-element-ff87f7d elementor-widget elementor-widget-button\" data-id=\"ff87f7d\" data-element_type=\"widget\" data-e-type=\"widget\" data-widget_type=\"button.default\">\n\t\t\t\t\t\t\t\t\t\t<a class=\"elementor-button elementor-button-link elementor-size-sm\" href=\"https:\/\/medicaltravel.at\/tr\/estetik-cerrahi\/tedavi-yelpazesi\/liposuction-yag-aldirma-istanbul-antalya-izmir-tuerkiye\/\">\n\t\t\t\t\t\t<span class=\"elementor-button-content-wrapper\">\n\t\t\t\t\t\t\t\t\t<span class=\"elementor-button-text\">Ya\u011f Ald\u0131rma (Liposuction)<\/span>\n\t\t\t\t\t<\/span>\n\t\t\t\t\t<\/a>\n\t\t\t\t\t\t\t\t<\/div>\n\t\t\t\t<div class=\"elementor-element elementor-element-b990b1c elementor-widget elementor-widget-button\" data-id=\"b990b1c\" data-element_type=\"widget\" data-e-type=\"widget\" data-widget_type=\"button.default\">\n\t\t\t\t\t\t\t\t\t\t<a class=\"elementor-button elementor-button-link elementor-size-sm\" href=\"https:\/\/medicaltravel.at\/tr\/estetik-cerrahi\/tedavi-yelpazesi\/karin-germe-tuerkiye-istanbul-antalya-izmir-bodrum\/\">\n\t\t\t\t\t\t<span class=\"elementor-button-content-wrapper\">\n\t\t\t\t\t\t\t\t\t<span class=\"elementor-button-text\">Kar\u0131n Germe Ameliyat\u0131<\/span>\n\t\t\t\t\t<\/span>\n\t\t\t\t\t<\/a>\n\t\t\t\t\t\t\t\t<\/div>\n\t\t\t\t<div class=\"elementor-element elementor-element-834dc58 elementor-widget elementor-widget-button\" data-id=\"834dc58\" data-element_type=\"widget\" data-e-type=\"widget\" data-widget_type=\"button.default\">\n\t\t\t\t\t\t\t\t\t\t<a class=\"elementor-button elementor-button-link elementor-size-sm\" href=\"https:\/\/medicaltravel.at\/tr\/estetik-cerrahi\/tedavi-yelpazesi\/goez-kapagi-duezeltme-tuerkiye-istanbul-izmir-antalya\/\">\n\t\t\t\t\t\t<span class=\"elementor-button-content-wrapper\">\n\t\t\t\t\t\t\t\t\t<span class=\"elementor-button-text\">G\u00f6z Kapa\u011f\u0131 D\u00fczeltme Ameliyat\u0131<\/span>\n\t\t\t\t\t<\/span>\n\t\t\t\t\t<\/a>\n\t\t\t\t\t\t\t\t<\/div>\n\t\t\t\t<div class=\"elementor-element elementor-element-4a08e6e elementor-widget elementor-widget-button\" data-id=\"4a08e6e\" data-element_type=\"widget\" data-e-type=\"widget\" data-widget_type=\"button.default\">\n\t\t\t\t\t\t\t\t\t\t<a class=\"elementor-button elementor-button-link elementor-size-sm\" href=\"https:\/\/medicaltravel.at\/tr\/estetik-cerrahi\/tedavi-yelpazesi\/burun-estetigi-burun-ameliyati-tuerkiye-istanbul-antalya-izmir\/\">\n\t\t\t\t\t\t<span class=\"elementor-button-content-wrapper\">\n\t\t\t\t\t\t\t\t\t<span class=\"elementor-button-text\">Burun Esteti\u011fi<\/span>\n\t\t\t\t\t<\/span>\n\t\t\t\t\t<\/a>\n\t\t\t\t\t\t\t\t<\/div>\n\t\t\t\t<div class=\"elementor-element elementor-element-87c8829 elementor-widget elementor-widget-button\" data-id=\"87c8829\" data-element_type=\"widget\" data-e-type=\"widget\" data-widget_type=\"button.default\">\n\t\t\t\t\t\t\t\t\t\t<a class=\"elementor-button elementor-button-link elementor-size-sm\" href=\"https:\/\/medicaltravel.at\/tr\/estetik-cerrahi\/tedavi-yelpazesi\/yuez-germe-yuez-sikilastirma-facelift-tuerkiyede-istanbul-antalya-izmir\/\">\n\t\t\t\t\t\t<span class=\"elementor-button-content-wrapper\">\n\t\t\t\t\t\t\t\t\t<span class=\"elementor-button-text\">Y\u00fcz Germe<\/span>\n\t\t\t\t\t<\/span>\n\t\t\t\t\t<\/a>\n\t\t\t\t\t\t\t\t<\/div>\n\t\t\t\t<div class=\"elementor-element elementor-element-450cf71 elementor-widget elementor-widget-button\" data-id=\"450cf71\" data-element_type=\"widget\" data-e-type=\"widget\" data-widget_type=\"button.default\">\n\t\t\t\t\t\t\t\t\t\t<a class=\"elementor-button elementor-button-link elementor-size-sm\" href=\"https:\/\/medicaltravel.at\/tr\/estetik-cerrahi\/tedavi-yelpazesi\/kulak-estetigi-otoplasti-tuerkiye-istanbul-antalya-izmir\/\">\n\t\t\t\t\t\t<span class=\"elementor-button-content-wrapper\">\n\t\t\t\t\t\t\t\t\t<span class=\"elementor-button-text\">Kulak D\u00fczeltme Ameliyat\u0131<\/span>\n\t\t\t\t\t<\/span>\n\t\t\t\t\t<\/a>\n\t\t\t\t\t\t\t\t<\/div>\n\t\t\t\t<div class=\"elementor-element elementor-element-4023450 elementor-widget elementor-widget-button\" data-id=\"4023450\" data-element_type=\"widget\" data-e-type=\"widget\" data-widget_type=\"button.default\">\n\t\t\t\t\t\t\t\t\t\t<a class=\"elementor-button elementor-button-link elementor-size-sm\" href=\"https:\/\/medicaltravel.at\/tr\/estetik-cerrahi\/tedavi-yelpazesi\/uest-kol-germe-bacak-germe-uyluk-germe-tuerkiye\/\">\n\t\t\t\t\t\t<span class=\"elementor-button-content-wrapper\">\n\t\t\t\t\t\t\t\t\t<span class=\"elementor-button-text\">\u00dcst Kol Germe Ameliyat\u0131<\/span>\n\t\t\t\t\t<\/span>\n\t\t\t\t\t<\/a>\n\t\t\t\t\t\t\t\t<\/div>\n\t\t\t\t<\/div>\n\t\t\t\t<div class=\"elementor-element elementor-element-27e70cfa elementor-widget elementor-widget-text-editor\" data-id=\"27e70cfa\" data-element_type=\"widget\" data-e-type=\"widget\" data-widget_type=\"text-editor.default\">\n\t\t\t\t\t\t\t\t\t\n<h2 class=\"wp-block-heading\">G\u00f6z kapa\u011f\u0131 d\u00fczeltme T\u00fcrkiye\u2019de \u0130stanbul, Antalya, \u0130zmir<\/h2>\n\n<h2 class=\"wp-block-heading\"><strong>G\u00f6z kapa\u011f\u0131 d\u00fczeltme ve g\u00f6z kapa\u011f\u0131 germe T\u00fcrkiye\u2019de<\/strong><\/h2>\n\n<p><strong>G\u00f6z Kapa\u011f\u0131 Germe<\/strong><br>G\u00f6z kapa\u011f\u0131 germe (Blefaroplasti, g\u00f6z kapa\u011f\u0131 d\u00fczeltme) s\u0131k yap\u0131lan bir estetik operasyondur.<\/p>\n\n<p>G\u00f6zler bir\u00e7ok insan i\u00e7in ruh halinin, duygular\u0131n ve iyi olma halinin ifadesidir.<\/p>\n\n<p>Sark\u0131k g\u00f6z kapaklar\u0131, d\u00fc\u015f\u00fck kapaklar, g\u00f6z k\u0131r\u0131\u015f\u0131kl\u0131klar\u0131 veya g\u00f6z alt\u0131 torbalar\u0131, ki\u015fi iyi hissetse bile onu h\u0131zl\u0131ca \u00fczg\u00fcn, yorgun veya hasta gibi g\u00f6sterebilir. Bu da bazen ya\u015fam kalitesini ciddi \u015fekilde etkiler. <\/p>\n\n<p><em>Ameliyat \u00d6ncesi<\/em><\/p>\n\n<p>Ameliyattan \u00f6nce yakla\u015f\u0131k on d\u00f6rt g\u00fcn boyunca aspirin, uyku ilac\u0131 ve alkol kullanmaman\u0131z gerekir. Aspirin ve di\u011fer a\u011fr\u0131 kesiciler kan\u0131n p\u0131ht\u0131la\u015fmas\u0131n\u0131 geciktirir. <\/p>\n\n<p><strong>T\u00fcrkiye\u2019de g\u00f6z kapa\u011f\u0131 germe ne kadar tutar?<br><\/strong>Fiyat y\u00f6ntem ve i\u015flem kapsam\u0131na g\u00f6re 1650 Euro\u2019dan ba\u015fl\u0131yor. Bazen dolgu ve botoks ile birle\u015ftirilebiliyor. <\/p>\n\n<p><strong>Fiyat\u0131 nas\u0131l \u00f6\u011frenebilirim<\/strong><br>Bize etkilenen b\u00f6lgelerin foto\u011fraflar\u0131n\u0131 <a href=\"https:\/\/medicaltravel.at\/kontakt\/\" data-type=\"page\" data-id=\"976\">buradan<\/a> veya <a href=\"https:\/\/web.whatsapp.com\/send?phone=41%2078%20737%2035%2041&amp;text=&amp;source=&amp;data=\" target=\"_blank\" rel=\"noopener\">WhatsApp<\/a> \u00fczerinden, kilo, boy ve ya\u015f bilgileri ile birlikte g\u00f6nderin. Doktorlar\u0131m\u0131z bunu memnuniyetle de\u011ferlendirecektir. <\/p>\n\n<figure class=\"wp-block-image size-full\"><img fetchpriority=\"high\" decoding=\"async\" width=\"350\" height=\"333\" class=\"wp-image-1648\" src=\"https:\/\/medicaltravel.at\/wp-content\/uploads\/2025\/09\/Hoch-qualitative-Augenlidkorrekturen-in-der-Turkei-Istanbul-Antalya.jpg\" alt=\"\" srcset=\"https:\/\/medicaltravel.at\/wp-content\/uploads\/2025\/09\/Hoch-qualitative-Augenlidkorrekturen-in-der-Turkei-Istanbul-Antalya.jpg 350w, https:\/\/medicaltravel.at\/wp-content\/uploads\/2025\/09\/Hoch-qualitative-Augenlidkorrekturen-in-der-Turkei-Istanbul-Antalya-300x285.jpg 300w\" sizes=\"(max-width: 350px) 100vw, 350px\" \/><\/figure>\n\n<p id=\"caption-attachment-167\">G\u00f6z kapa\u011f\u0131 d\u00fczeltmeniz i\u00e7in T\u00fcrkiye\u2019de size \u00f6zenle ve anlay\u0131\u015fla bak\u0131m sa\u011flanacak.<\/p>\n\n<p><em>Ameliyat\u0131n \u0130\u015fleyi\u015fi veya S\u00fcreci<\/em><\/p>\n\n<p>G\u00f6z kapa\u011f\u0131 d\u00fczeltme genellikle ayakta yap\u0131lan bir i\u015flem olarak yap\u0131l\u0131r. Yani ameliyattan sonra do\u011frudan eve gidebilirsiniz. <\/p>\n\n<p>Genellikle lokal anestezi ile i\u015flem yap\u0131l\u0131r. \u0130stenirse genel anestezi de uygulanabilir. <\/p>\n\n<p>Simetrik bir sonu\u00e7 elde etmek i\u00e7in g\u00f6z kapaklar\u0131 tam olarak \u00f6l\u00e7\u00fcl\u00fcr.<\/p>\n\n<p>D\u00fc\u015f\u00fck g\u00f6z kapaklar\u0131n\u0131 d\u00fczeltmek i\u00e7in hilal \u015feklinde bir deri par\u00e7as\u0131 \u00e7\u0131kar\u0131l\u0131r ve fazla ya\u011f dokusu al\u0131nabilir. Daha sonra diki\u015fler, iz g\u00f6z kapa\u011f\u0131 k\u0131vr\u0131m\u0131na gelecek \u015fekilde at\u0131l\u0131r, bu sayede neredeyse g\u00f6r\u00fcnmez olur. <\/p>\n\n<p>Alt g\u00f6z kapaklar\u0131n\u0131 d\u00fczeltmek i\u00e7in kesik kirpik \u00e7izgisinin yakla\u015f\u0131k iki milimetre alt\u0131ndan yap\u0131l\u0131r. Daha sonra g\u00f6z alt\u0131 torbalar\u0131n\u0131n nedeni olan fazla ya\u011f da al\u0131n\u0131r. <\/p>\n\n<p><em>Ameliyat Sonras\u0131<\/em><\/p>\n\n<p>G\u00f6zleriniz ba\u015flang\u0131\u00e7ta \u015fi\u015f olacak ve morluklar olu\u015facakt\u0131r. Yakla\u015f\u0131k bir hafta sonra morluklar ve diki\u015fler genellikle neredeyse hi\u00e7 g\u00f6r\u00fcnmez hale gelir. <\/p>\n\n<p>\u015ei\u015flikleri azaltmak i\u00e7in ilk g\u00fcnlerde nemli kompres ve so\u011fuk buz torbalar\u0131 kullanabilirsiniz. Ameliyattan yakla\u015f\u0131k be\u015f-alt\u0131 g\u00fcn sonra diki\u015fler al\u0131n\u0131r. <\/p>\n\n<p><em>Sizin faydan\u0131z veya avantaj\u0131n\u0131z<\/em><\/p>\n\n<p>G\u00f6zleriniz daha taze, gen\u00e7 ve canl\u0131 g\u00f6r\u00fcnecek ve size yeni bir ya\u015fam hissi kazand\u0131racak. Genellikle g\u00f6z kapa\u011f\u0131 d\u00fczeltme sonucunun etkisi kal\u0131c\u0131d\u0131r. <\/p>\n\t\t\t\t\t\t\t\t<\/div>\n\t\t\t\t\t<\/div>\n\t\t\t\t<\/div>\n\t\t\t\t<\/div>\n\t\t","protected":false},"excerpt":{"rendered":"<p>Meme Ameliyatlar\u0131 Ya\u011f Ald\u0131rma (Liposuction) Kar\u0131n Germe Ameliyat\u0131 G\u00f6z Kapa\u011f\u0131 D\u00fczeltme Ameliyat\u0131 Burun Esteti\u011fi Y\u00fcz Germe Kulak D\u00fczeltme Ameliyat\u0131 \u00dcst Kol Germe Ameliyat\u0131 G\u00f6z kapa\u011f\u0131 d\u00fczeltme T\u00fcrkiye\u2019de \u0130stanbul, Antalya, \u0130zmir G\u00f6z kapa\u011f\u0131 d\u00fczeltme ve g\u00f6z kapa\u011f\u0131 germe T\u00fcrkiye\u2019de G\u00f6z Kapa\u011f\u0131 GermeG\u00f6z kapa\u011f\u0131 germe (Blefaroplasti, g\u00f6z kapa\u011f\u0131 d\u00fczeltme) s\u0131k yap\u0131lan bir estetik operasyondur. G\u00f6zler bir\u00e7ok insan i\u00e7in ruh halinin, duygular\u0131n ve iyi olma halinin ifadesidir. Sark\u0131k g\u00f6z kapaklar\u0131, d\u00fc\u015f\u00fck kapaklar, g\u00f6z k\u0131r\u0131\u015f\u0131kl\u0131klar\u0131 veya g\u00f6z alt\u0131 torbalar\u0131, ki\u015fi iyi hissetse bile onu h\u0131zl\u0131ca \u00fczg\u00fcn, yorgun veya hasta gibi g\u00f6sterebilir. Bu da bazen ya\u015fam kalitesini ciddi \u015fekilde etkiler. Ameliyat \u00d6ncesi Ameliyattan \u00f6nce yakla\u015f\u0131k on d\u00f6rt g\u00fcn boyunca aspirin, uyku ilac\u0131 ve alkol kullanmaman\u0131z gerekir. Aspirin ve di\u011fer a\u011fr\u0131 kesiciler kan\u0131n p\u0131ht\u0131la\u015fmas\u0131n\u0131 geciktirir. T\u00fcrkiye\u2019de g\u00f6z kapa\u011f\u0131 germe ne kadar tutar?Fiyat y\u00f6ntem ve i\u015flem kapsam\u0131na g\u00f6re 1650 Euro\u2019dan ba\u015fl\u0131yor. Bazen dolgu ve botoks ile birle\u015ftirilebiliyor. Fiyat\u0131 nas\u0131l \u00f6\u011frenebilirimBize etkilenen b\u00f6lgelerin foto\u011fraflar\u0131n\u0131 buradan veya WhatsApp \u00fczerinden, kilo, boy ve ya\u015f bilgileri ile birlikte g\u00f6nderin. Doktorlar\u0131m\u0131z bunu memnuniyetle de\u011ferlendirecektir. G\u00f6z kapa\u011f\u0131 d\u00fczeltmeniz i\u00e7in T\u00fcrkiye\u2019de size \u00f6zenle ve anlay\u0131\u015fla bak\u0131m sa\u011flanacak. Ameliyat\u0131n \u0130\u015fleyi\u015fi veya S\u00fcreci G\u00f6z kapa\u011f\u0131 d\u00fczeltme genellikle ayakta yap\u0131lan bir i\u015flem olarak yap\u0131l\u0131r. Yani ameliyattan sonra do\u011frudan eve gidebilirsiniz. Genellikle lokal anestezi ile i\u015flem yap\u0131l\u0131r. \u0130stenirse genel anestezi de uygulanabilir. Simetrik bir sonu\u00e7 elde etmek i\u00e7in g\u00f6z kapaklar\u0131 tam olarak \u00f6l\u00e7\u00fcl\u00fcr. D\u00fc\u015f\u00fck g\u00f6z kapaklar\u0131n\u0131 d\u00fczeltmek i\u00e7in hilal \u015feklinde bir deri par\u00e7as\u0131 \u00e7\u0131kar\u0131l\u0131r ve fazla ya\u011f dokusu al\u0131nabilir. Daha sonra diki\u015fler, iz g\u00f6z kapa\u011f\u0131 k\u0131vr\u0131m\u0131na gelecek \u015fekilde at\u0131l\u0131r, bu sayede neredeyse g\u00f6r\u00fcnmez olur. Alt g\u00f6z kapaklar\u0131n\u0131 d\u00fczeltmek i\u00e7in kesik kirpik \u00e7izgisinin yakla\u015f\u0131k iki milimetre alt\u0131ndan yap\u0131l\u0131r. Daha sonra g\u00f6z alt\u0131 torbalar\u0131n\u0131n nedeni olan fazla ya\u011f da al\u0131n\u0131r. Ameliyat Sonras\u0131 G\u00f6zleriniz ba\u015flang\u0131\u00e7ta \u015fi\u015f olacak ve morluklar olu\u015facakt\u0131r. Yakla\u015f\u0131k bir hafta sonra morluklar ve diki\u015fler genellikle neredeyse hi\u00e7 g\u00f6r\u00fcnmez hale gelir. \u015ei\u015flikleri azaltmak i\u00e7in ilk g\u00fcnlerde nemli kompres ve so\u011fuk buz torbalar\u0131 kullanabilirsiniz. Ameliyattan yakla\u015f\u0131k be\u015f-alt\u0131 g\u00fcn sonra diki\u015fler al\u0131n\u0131r. Sizin faydan\u0131z veya avantaj\u0131n\u0131z G\u00f6zleriniz daha taze, gen\u00e7 ve canl\u0131 g\u00f6r\u00fcnecek ve size yeni bir ya\u015fam hissi kazand\u0131racak. Genellikle g\u00f6z kapa\u011f\u0131 d\u00fczeltme sonucunun etkisi kal\u0131c\u0131d\u0131r.<\/p>\n","protected":false},"author":4,"featured_media":0,"parent":5296,"menu_order":0,"comment_status":"closed","ping_status":"closed","template":"","meta":{"_joinchat":[],"footnotes":""},"class_list":["post-5317","page","type-page","status-publish","hentry"],"acf":[],"_links":{"self":[{"href":"https:\/\/medicaltravel.at\/tr\/wp-json\/wp\/v2\/pages\/5317","targetHints":{"allow":["GET"]}}],"collection":[{"href":"https:\/\/medicaltravel.at\/tr\/wp-json\/wp\/v2\/pages"}],"about":[{"href":"https:\/\/medicaltravel.at\/tr\/wp-json\/wp\/v2\/types\/page"}],"author":[{"embeddable":true,"href":"https:\/\/medicaltravel.at\/tr\/wp-json\/wp\/v2\/users\/4"}],"replies":[{"embeddable":true,"href":"https:\/\/medicaltravel.at\/tr\/wp-json\/wp\/v2\/comments?post=5317"}],"version-history":[{"count":9,"href":"https:\/\/medicaltravel.at\/tr\/wp-json\/wp\/v2\/pages\/5317\/revisions"}],"predecessor-version":[{"id":5327,"href":"https:\/\/medicaltravel.at\/tr\/wp-json\/wp\/v2\/pages\/5317\/revisions\/5327"}],"up":[{"embeddable":true,"href":"https:\/\/medicaltravel.at\/tr\/wp-json\/wp\/v2\/pages\/5296"}],"wp:attachment":[{"href":"https:\/\/medicaltravel.at\/tr\/wp-json\/wp\/v2\/media?parent=5317"}],"curies":[{"name":"wp","href":"https:\/\/api.w.org\/{rel}","templated":true}]}}