{"id":5309,"date":"2025-09-27T16:08:40","date_gmt":"2025-09-27T15:08:40","guid":{"rendered":"https:\/\/medicaltravel.at\/estetik-cerrahi\/tedavi-yelpazesi\/karin-germe-tuerkiye-istanbul-antalya-izmir-bodrum\/"},"modified":"2026-01-04T14:56:36","modified_gmt":"2026-01-04T13:56:36","slug":"karin-germe-tuerkiye-istanbul-antalya-izmir-bodrum","status":"publish","type":"page","link":"https:\/\/medicaltravel.at\/tr\/estetik-cerrahi\/tedavi-yelpazesi\/karin-germe-tuerkiye-istanbul-antalya-izmir-bodrum\/","title":{"rendered":"Kar\u0131n germe T\u00fcrkiye \u0130stanbul Antalya \u0130zmir Bodrum"},"content":{"rendered":"\t\t<div data-elementor-type=\"wp-page\" data-elementor-id=\"5309\" class=\"elementor elementor-5309 elementor-930\" data-elementor-post-type=\"page\">\n\t\t\t\t<div class=\"elementor-element elementor-element-72679a2c e-flex e-con-boxed wpr-particle-no wpr-jarallax-no wpr-parallax-no wpr-sticky-section-no e-con e-parent\" data-id=\"72679a2c\" data-element_type=\"container\" data-e-type=\"container\">\n\t\t\t\t\t<div class=\"e-con-inner\">\n\t\t<div class=\"elementor-element elementor-element-4fa6367 e-con-full e-flex wpr-particle-no wpr-jarallax-no wpr-parallax-no wpr-sticky-section-no e-con e-child\" data-id=\"4fa6367\" data-element_type=\"container\" data-e-type=\"container\">\n\t\t\t\t<div class=\"elementor-element elementor-element-71f286b elementor-widget elementor-widget-button\" data-id=\"71f286b\" data-element_type=\"widget\" data-e-type=\"widget\" data-widget_type=\"button.default\">\n\t\t\t\t\t\t\t\t\t\t<a class=\"elementor-button elementor-button-link elementor-size-sm\" href=\"https:\/\/medicaltravel.at\/tr\/estetik-cerrahi\/tedavi-yelpazesi\/meme-ameliyatlari-meme-bueyuetme-meme-kuecueltme-meme-diklestirme\/\">\n\t\t\t\t\t\t<span class=\"elementor-button-content-wrapper\">\n\t\t\t\t\t\t\t\t\t<span class=\"elementor-button-text\">Meme Ameliyatlar\u0131<\/span>\n\t\t\t\t\t<\/span>\n\t\t\t\t\t<\/a>\n\t\t\t\t\t\t\t\t<\/div>\n\t\t\t\t<div class=\"elementor-element elementor-element-b7ed5d1 elementor-widget elementor-widget-button\" data-id=\"b7ed5d1\" data-element_type=\"widget\" data-e-type=\"widget\" data-widget_type=\"button.default\">\n\t\t\t\t\t\t\t\t\t\t<a class=\"elementor-button elementor-button-link elementor-size-sm\" href=\"https:\/\/medicaltravel.at\/tr\/estetik-cerrahi\/tedavi-yelpazesi\/liposuction-yag-aldirma-istanbul-antalya-izmir-tuerkiye\/\">\n\t\t\t\t\t\t<span class=\"elementor-button-content-wrapper\">\n\t\t\t\t\t\t\t\t\t<span class=\"elementor-button-text\">Ya\u011f Ald\u0131rma (Liposuction)<\/span>\n\t\t\t\t\t<\/span>\n\t\t\t\t\t<\/a>\n\t\t\t\t\t\t\t\t<\/div>\n\t\t\t\t<div class=\"elementor-element elementor-element-3901b3f elementor-widget elementor-widget-button\" data-id=\"3901b3f\" data-element_type=\"widget\" data-e-type=\"widget\" data-widget_type=\"button.default\">\n\t\t\t\t\t\t\t\t\t\t<a class=\"elementor-button elementor-button-link elementor-size-sm\" href=\"https:\/\/medicaltravel.at\/tr\/estetik-cerrahi\/tedavi-yelpazesi\/karin-germe-tuerkiye-istanbul-antalya-izmir-bodrum\/\">\n\t\t\t\t\t\t<span class=\"elementor-button-content-wrapper\">\n\t\t\t\t\t\t\t\t\t<span class=\"elementor-button-text\">Kar\u0131n Germe Ameliyat\u0131<\/span>\n\t\t\t\t\t<\/span>\n\t\t\t\t\t<\/a>\n\t\t\t\t\t\t\t\t<\/div>\n\t\t\t\t<div class=\"elementor-element elementor-element-1ad7032 elementor-widget elementor-widget-button\" data-id=\"1ad7032\" data-element_type=\"widget\" data-e-type=\"widget\" data-widget_type=\"button.default\">\n\t\t\t\t\t\t\t\t\t\t<a class=\"elementor-button elementor-button-link elementor-size-sm\" href=\"https:\/\/medicaltravel.at\/schoenheitsoperation\/behandlungsspektrum\/augenlidkorrektur-tuerkei-istanbul\/\">\n\t\t\t\t\t\t<span class=\"elementor-button-content-wrapper\">\n\t\t\t\t\t\t\t\t\t<span class=\"elementor-button-text\">G\u00f6z Kapa\u011f\u0131 D\u00fczeltme Ameliyat\u0131<\/span>\n\t\t\t\t\t<\/span>\n\t\t\t\t\t<\/a>\n\t\t\t\t\t\t\t\t<\/div>\n\t\t\t\t<div class=\"elementor-element elementor-element-1bbd6e7 elementor-widget elementor-widget-button\" data-id=\"1bbd6e7\" data-element_type=\"widget\" data-e-type=\"widget\" data-widget_type=\"button.default\">\n\t\t\t\t\t\t\t\t\t\t<a class=\"elementor-button elementor-button-link elementor-size-sm\" href=\"https:\/\/medicaltravel.at\/tr\/estetik-cerrahi\/tedavi-yelpazesi\/burun-estetigi-burun-ameliyati-tuerkiye-istanbul-antalya-izmir\/\">\n\t\t\t\t\t\t<span class=\"elementor-button-content-wrapper\">\n\t\t\t\t\t\t\t\t\t<span class=\"elementor-button-text\">Burun Esteti\u011fi<\/span>\n\t\t\t\t\t<\/span>\n\t\t\t\t\t<\/a>\n\t\t\t\t\t\t\t\t<\/div>\n\t\t\t\t<div class=\"elementor-element elementor-element-87dddf0 elementor-widget elementor-widget-button\" data-id=\"87dddf0\" data-element_type=\"widget\" data-e-type=\"widget\" data-widget_type=\"button.default\">\n\t\t\t\t\t\t\t\t\t\t<a class=\"elementor-button elementor-button-link elementor-size-sm\" href=\"https:\/\/medicaltravel.at\/tr\/estetik-cerrahi\/tedavi-yelpazesi\/yuez-germe-yuez-sikilastirma-facelift-tuerkiyede-istanbul-antalya-izmir\/\">\n\t\t\t\t\t\t<span class=\"elementor-button-content-wrapper\">\n\t\t\t\t\t\t\t\t\t<span class=\"elementor-button-text\">Y\u00fcz Germe<\/span>\n\t\t\t\t\t<\/span>\n\t\t\t\t\t<\/a>\n\t\t\t\t\t\t\t\t<\/div>\n\t\t\t\t<div class=\"elementor-element elementor-element-8a1ea22 elementor-widget elementor-widget-button\" data-id=\"8a1ea22\" data-element_type=\"widget\" data-e-type=\"widget\" data-widget_type=\"button.default\">\n\t\t\t\t\t\t\t\t\t\t<a class=\"elementor-button elementor-button-link elementor-size-sm\" href=\"https:\/\/medicaltravel.at\/tr\/estetik-cerrahi\/tedavi-yelpazesi\/kulak-estetigi-otoplasti-tuerkiye-istanbul-antalya-izmir\/\">\n\t\t\t\t\t\t<span class=\"elementor-button-content-wrapper\">\n\t\t\t\t\t\t\t\t\t<span class=\"elementor-button-text\">Kulak D\u00fczeltme Ameliyat\u0131<\/span>\n\t\t\t\t\t<\/span>\n\t\t\t\t\t<\/a>\n\t\t\t\t\t\t\t\t<\/div>\n\t\t\t\t<div class=\"elementor-element elementor-element-5805f8a elementor-widget elementor-widget-button\" data-id=\"5805f8a\" data-element_type=\"widget\" data-e-type=\"widget\" data-widget_type=\"button.default\">\n\t\t\t\t\t\t\t\t\t\t<a class=\"elementor-button elementor-button-link elementor-size-sm\" href=\"https:\/\/medicaltravel.at\/tr\/estetik-cerrahi\/tedavi-yelpazesi\/uest-kol-germe-bacak-germe-uyluk-germe-tuerkiye\/\">\n\t\t\t\t\t\t<span class=\"elementor-button-content-wrapper\">\n\t\t\t\t\t\t\t\t\t<span class=\"elementor-button-text\">\u00dcst Kol Germe Ameliyat\u0131<\/span>\n\t\t\t\t\t<\/span>\n\t\t\t\t\t<\/a>\n\t\t\t\t\t\t\t\t<\/div>\n\t\t\t\t<\/div>\n\t\t\t\t<div class=\"elementor-element elementor-element-5127fd31 elementor-widget elementor-widget-text-editor\" data-id=\"5127fd31\" data-element_type=\"widget\" data-e-type=\"widget\" data-widget_type=\"text-editor.default\">\n\t\t\t\t\t\t\t\t\t\n<h2 class=\"wp-block-heading\">T\u00fcrkiye\u2019de kar\u0131n germe ameliyat\u0131<\/h2>\n\n<h2 class=\"wp-block-heading\"><strong>Kar\u0131n germe \u2013 kar\u0131n duvar\u0131 s\u0131k\u0131la\u015ft\u0131rma T\u00fcrkiye\u2019de<\/strong><\/h2>\n\n<p>Kar\u0131n, bir\u00e7ok erkek ve kad\u0131n\u0131n sorunlu b\u00f6lgesidir. Herkes d\u00fcz bir kar\u0131na sahip olmak ister; g\u00f6stermekten \u00e7ekinmeyece\u011finiz ve saklaman\u0131za gerek olmayan bir kar\u0131n. <\/p>\n\n<p>Ya\u015fam ko\u015fullar\u0131, diyetler veya birden fazla hamilelik, kar\u0131n duvar\u0131n\u0131n gev\u015femesine yol a\u00e7abilir; deri her zaman tamamen eski haline d\u00f6nmez. Diyet bazen ya\u011f kayb\u0131na neden olur, ancak fazla deri genellikle kal\u0131r. <\/p>\n\n<p>Kar\u0131n duvar\u0131 s\u0131k\u0131la\u015ft\u0131rma (kar\u0131n germe; abdominoplasti), kar\u0131n b\u00f6lgesinde fazla deri ve dokunun al\u0131nd\u0131\u011f\u0131 cerrahi bir i\u015flemdir. Bu sayede daha ince ve s\u0131k\u0131 bir v\u00fccut \u015fekline kavu\u015fman\u0131za yard\u0131mc\u0131 olur. <\/p>\n\n<figure class=\"wp-block-image size-full\"><img decoding=\"async\" width=\"155\" height=\"233\" class=\"wp-image-1644\" src=\"https:\/\/medicaltravel.at\/wp-content\/uploads\/2025\/09\/Ihre-Bauchstraffung-muss-durch-sehr-erfahrene-Arzte-durchgefuhrt-werden.jpg\" alt=\"\"><\/figure>\n\n<p id=\"caption-attachment-164\">Kar\u0131n germe i\u015fleminiz, \u00e7ok deneyimli doktorlar taraf\u0131ndan yap\u0131lmal\u0131d\u0131r.<\/p>\n\n<p><em>Ameliyat \u00d6ncesi<\/em><\/p>\n\n<p>Kar\u0131n duvar\u0131 s\u0131k\u0131la\u015ft\u0131rma \u00f6ncesinde yakla\u015f\u0131k on d\u00f6rt g\u00fcn boyunca aspirin, uyku ilac\u0131 veya alkol kullanmamal\u0131s\u0131n\u0131z. Aspirin ve di\u011fer a\u011fr\u0131 kesiciler kan\u0131n p\u0131ht\u0131la\u015fmas\u0131n\u0131 geciktirir ve istenmeyen kanamalara yol a\u00e7abilir. <\/p>\n\n<p>Sigara kullananlar\u0131n, yara iyile\u015fmesini olumsuz etkilememek i\u00e7in operasyondan en az d\u00f6rt hafta \u00f6nce nikotin t\u00fcketimini ciddi \u015fekilde azaltmalar\u0131 gerekir.<\/p>\n\n<p><em>Ameliyat\u0131n \u0130\u015fleyi\u015fi veya S\u00fcreci<\/em><\/p>\n\n<p>Kar\u0131n duvar\u0131 s\u0131k\u0131la\u015ft\u0131rma i\u015flemi genel anestezi alt\u0131nda yap\u0131l\u0131r. Ard\u0131ndan bir ila iki g\u00fcn s\u00fcreyle hastanede kalman\u0131z gerekir. <\/p>\n\n<p>Fazla dokuyu \u00e7\u0131karmak i\u00e7in bikini b\u00f6lgesinde uzun bir kesik yap\u0131l\u0131r. Bu kesiden olu\u015fan iz genellikle bikini veya mayo ile gizlenebilir. <\/p>\n\n<p>Deri, alt\u0131ndaki kaslardan ayr\u0131l\u0131r. Duruma g\u00f6re fazla deri al\u0131n\u0131r ve kar\u0131n duvar\u0131 s\u0131k\u0131la\u015ft\u0131r\u0131l\u0131r. Gerekti\u011finde h\u00e2l\u00e2 kalan fazla ya\u011f dokusu da emilebilir.  <\/p>\n\n<p>Kar\u0131n germe i\u015fleminde kar\u0131n derisinin tamam\u0131 a\u015fa\u011f\u0131 do\u011fru \u00e7ekildi\u011fi i\u00e7in, ameliyat s\u0131ras\u0131nda g\u00f6bek yukar\u0131 ta\u015f\u0131n\u0131r. Ard\u0131ndan yara kenarlar\u0131 dikilir. \u0130lk g\u00fcnlerde ameliyat yerini korumak i\u00e7in bir bandaj uygulan\u0131r. Anestezi s\u0131ras\u0131nda kompresyon giysisi giydirilir.   <\/p>\n\n<p><em>Ameliyat Sonras\u0131<\/em><\/p>\n\n<p>Ameliyattan iki hafta sonra diki\u015fler al\u0131n\u0131r. Kompresyon giysisi ise d\u00f6rt ila alt\u0131 hafta daha giyilmelidir. <\/p>\n\n<p>Nihai sonu\u00e7 birka\u00e7 ay sonra g\u00f6r\u00fcl\u00fcr.<\/p>\n\n<p><em>Sizin faydan\u0131z veya avantaj\u0131n\u0131z<\/em><\/p>\n\n<p>Kar\u0131n duvar\u0131 s\u0131k\u0131la\u015ft\u0131rma, daha ince ve s\u0131k\u0131 bir v\u00fccut \u015fekline kavu\u015fman\u0131za yard\u0131mc\u0131 olur.<\/p>\n\n<p><strong>T\u00fcrkiye\u2019de kar\u0131n germe (abdominoplasti) ameliyat\u0131n\u0131n fiyat\u0131, klinik, doktor tecr\u00fcbesi, i\u015flem t\u00fcr\u00fc ve paket i\u00e7eri\u011fine g\u00f6re de\u011fi\u015fir ancak genel olarak \u015f\u00f6yle bir aral\u0131k vard\u0131r: (International Clinics)<br>\u2013 Mini kar\u0131n germe daha basit bir i\u015flem i\u00e7in genellikle daha d\u00fc\u015f\u00fck fiyatlar olur (yakla\u015f\u0131k \u20ac2.000 \u2013 \u20ac3.000 civar\u0131) (Beauty by Experts Medical)<br>\u2013 Standart tam kar\u0131n germe i\u015flemleri i\u00e7in genellikle \u20ac2.500 \u2013 \u20ac4.500 civar\u0131nda paket fiyatlar verilmektedir (International Clinics)<br>\u2013 Baz\u0131 kliniklerde daha kapsaml\u0131 veya geni\u015fletilmi\u015f kar\u0131n germe paketleri \u20ac4.500\u2019a kadar veya biraz \u00fczeri de olabilir (International Clinics)<br>Bu fiyatlar genellikle ameliyat, hastane kal\u0131\u015f\u0131, anestezi ve bazen konaklama gibi hizmetleri i\u00e7eren paketler i\u00e7in ge\u00e7erlidir, ancak her klinikteki kapsam farkl\u0131 olabilir. (HayatMed Clinic)<br>\u0130stersen metni de bu fiyatlara g\u00f6re a\u00e7\u0131k ve sade T\u00fcrk\u00e7e olarak yazabilirim.<br><\/strong>Fiyat yap\u0131lacak b\u00f6lgeye ve y\u00f6nteme g\u00f6re 3300 Euro\u2019dan ba\u015fl\u0131yor. Bazen i\u015flem <a href=\"https:\/\/medicaltravel.at\/tr\/estetik-cerrahi\/tedavi-yelpazesi\/liposuction-yag-aldirma-istanbul-antalya-izmir-tuerkiye\/\" data-type=\"page\" data-id=\"928\">ya\u011f ald\u0131rma<\/a> ile de birle\u015ftirilebiliyor. <\/p>\n\n<p><strong>Fiyat\u0131 nas\u0131l \u00f6\u011frenebilirim<\/strong><br>Bize etkilenen b\u00f6lgelerin foto\u011fraflar\u0131n\u0131 <a href=\"https:\/\/medicaltravel.at\/kontakt\/\" data-type=\"page\" data-id=\"976\">buradan<\/a> veya <a href=\"https:\/\/web.whatsapp.com\/send?phone=41%2078%20737%2035%2041&amp;text=&amp;source=&amp;data=\" target=\"_blank\" rel=\"noopener\">WhatsApp<\/a> \u00fczerinden, kilo, boy ve ya\u015f bilgileri ile birlikte g\u00f6nderin. Doktorlar\u0131m\u0131z bunu memnuniyetle de\u011ferlendirecektir. <\/p>\n\n<figure class=\"wp-block-image size-full\"><img fetchpriority=\"high\" decoding=\"async\" width=\"403\" height=\"268\" class=\"wp-image-1645\" src=\"https:\/\/medicaltravel.at\/wp-content\/uploads\/2025\/09\/Sie-werden-wahrend-Ihrer-asthetischen-OP-in-der-Turkei-einfuhlsam-betreuet.-1.jpg\" alt=\"\" srcset=\"https:\/\/medicaltravel.at\/wp-content\/uploads\/2025\/09\/Sie-werden-wahrend-Ihrer-asthetischen-OP-in-der-Turkei-einfuhlsam-betreuet.-1.jpg 403w, https:\/\/medicaltravel.at\/wp-content\/uploads\/2025\/09\/Sie-werden-wahrend-Ihrer-asthetischen-OP-in-der-Turkei-einfuhlsam-betreuet.-1-300x200.jpg 300w\" sizes=\"(max-width: 403px) 100vw, 403px\" \/><\/figure>\n\n<p id=\"caption-attachment-104\">Kar\u0131n Germe T\u00fcrkiye \u0130stanbul<\/p>\n\t\t\t\t\t\t\t\t<\/div>\n\t\t\t\t\t<\/div>\n\t\t\t\t<\/div>\n\t\t\t\t<\/div>\n\t\t","protected":false},"excerpt":{"rendered":"<p>Meme Ameliyatlar\u0131 Ya\u011f Ald\u0131rma (Liposuction) Kar\u0131n Germe Ameliyat\u0131 G\u00f6z Kapa\u011f\u0131 D\u00fczeltme Ameliyat\u0131 Burun Esteti\u011fi Y\u00fcz Germe Kulak D\u00fczeltme Ameliyat\u0131 \u00dcst Kol Germe Ameliyat\u0131 T\u00fcrkiye\u2019de kar\u0131n germe ameliyat\u0131 Kar\u0131n germe \u2013 kar\u0131n duvar\u0131 s\u0131k\u0131la\u015ft\u0131rma T\u00fcrkiye\u2019de Kar\u0131n, bir\u00e7ok erkek ve kad\u0131n\u0131n sorunlu b\u00f6lgesidir. Herkes d\u00fcz bir kar\u0131na sahip olmak ister; g\u00f6stermekten \u00e7ekinmeyece\u011finiz ve saklaman\u0131za gerek olmayan bir kar\u0131n. Ya\u015fam ko\u015fullar\u0131, diyetler veya birden fazla hamilelik, kar\u0131n duvar\u0131n\u0131n gev\u015femesine yol a\u00e7abilir; deri her zaman tamamen eski haline d\u00f6nmez. Diyet bazen ya\u011f kayb\u0131na neden olur, ancak fazla deri genellikle kal\u0131r. Kar\u0131n duvar\u0131 s\u0131k\u0131la\u015ft\u0131rma (kar\u0131n germe; abdominoplasti), kar\u0131n b\u00f6lgesinde fazla deri ve dokunun al\u0131nd\u0131\u011f\u0131 cerrahi bir i\u015flemdir. Bu sayede daha ince ve s\u0131k\u0131 bir v\u00fccut \u015fekline kavu\u015fman\u0131za yard\u0131mc\u0131 olur. Kar\u0131n germe i\u015fleminiz, \u00e7ok deneyimli doktorlar taraf\u0131ndan yap\u0131lmal\u0131d\u0131r. Ameliyat \u00d6ncesi Kar\u0131n duvar\u0131 s\u0131k\u0131la\u015ft\u0131rma \u00f6ncesinde yakla\u015f\u0131k on d\u00f6rt g\u00fcn boyunca aspirin, uyku ilac\u0131 veya alkol kullanmamal\u0131s\u0131n\u0131z. Aspirin ve di\u011fer a\u011fr\u0131 kesiciler kan\u0131n p\u0131ht\u0131la\u015fmas\u0131n\u0131 geciktirir ve istenmeyen kanamalara yol a\u00e7abilir. Sigara kullananlar\u0131n, yara iyile\u015fmesini olumsuz etkilememek i\u00e7in operasyondan en az d\u00f6rt hafta \u00f6nce nikotin t\u00fcketimini ciddi \u015fekilde azaltmalar\u0131 gerekir. Ameliyat\u0131n \u0130\u015fleyi\u015fi veya S\u00fcreci Kar\u0131n duvar\u0131 s\u0131k\u0131la\u015ft\u0131rma i\u015flemi genel anestezi alt\u0131nda yap\u0131l\u0131r. Ard\u0131ndan bir ila iki g\u00fcn s\u00fcreyle hastanede kalman\u0131z gerekir. Fazla dokuyu \u00e7\u0131karmak i\u00e7in bikini b\u00f6lgesinde uzun bir kesik yap\u0131l\u0131r. Bu kesiden olu\u015fan iz genellikle bikini veya mayo ile gizlenebilir. Deri, alt\u0131ndaki kaslardan ayr\u0131l\u0131r. Duruma g\u00f6re fazla deri al\u0131n\u0131r ve kar\u0131n duvar\u0131 s\u0131k\u0131la\u015ft\u0131r\u0131l\u0131r. Gerekti\u011finde h\u00e2l\u00e2 kalan fazla ya\u011f dokusu da emilebilir. Kar\u0131n germe i\u015fleminde kar\u0131n derisinin tamam\u0131 a\u015fa\u011f\u0131 do\u011fru \u00e7ekildi\u011fi i\u00e7in, ameliyat s\u0131ras\u0131nda g\u00f6bek yukar\u0131 ta\u015f\u0131n\u0131r. Ard\u0131ndan yara kenarlar\u0131 dikilir. \u0130lk g\u00fcnlerde ameliyat yerini korumak i\u00e7in bir bandaj uygulan\u0131r. Anestezi s\u0131ras\u0131nda kompresyon giysisi giydirilir. Ameliyat Sonras\u0131 Ameliyattan iki hafta sonra diki\u015fler al\u0131n\u0131r. Kompresyon giysisi ise d\u00f6rt ila alt\u0131 hafta daha giyilmelidir. Nihai sonu\u00e7 birka\u00e7 ay sonra g\u00f6r\u00fcl\u00fcr. Sizin faydan\u0131z veya avantaj\u0131n\u0131z Kar\u0131n duvar\u0131 s\u0131k\u0131la\u015ft\u0131rma, daha ince ve s\u0131k\u0131 bir v\u00fccut \u015fekline kavu\u015fman\u0131za yard\u0131mc\u0131 olur. T\u00fcrkiye\u2019de kar\u0131n germe (abdominoplasti) ameliyat\u0131n\u0131n fiyat\u0131, klinik, doktor tecr\u00fcbesi, i\u015flem t\u00fcr\u00fc ve paket i\u00e7eri\u011fine g\u00f6re de\u011fi\u015fir ancak genel olarak \u015f\u00f6yle bir aral\u0131k vard\u0131r: (International Clinics)\u2013 Mini kar\u0131n germe daha basit bir i\u015flem i\u00e7in genellikle daha d\u00fc\u015f\u00fck fiyatlar olur (yakla\u015f\u0131k \u20ac2.000 \u2013 \u20ac3.000 civar\u0131) (Beauty by Experts Medical)\u2013 Standart tam kar\u0131n germe i\u015flemleri i\u00e7in genellikle \u20ac2.500 \u2013 \u20ac4.500 civar\u0131nda paket fiyatlar verilmektedir (International Clinics)\u2013 Baz\u0131 kliniklerde daha kapsaml\u0131 veya geni\u015fletilmi\u015f kar\u0131n germe paketleri \u20ac4.500\u2019a kadar veya biraz \u00fczeri de olabilir (International Clinics)Bu fiyatlar genellikle ameliyat, hastane kal\u0131\u015f\u0131, anestezi ve bazen konaklama gibi hizmetleri i\u00e7eren paketler i\u00e7in ge\u00e7erlidir, ancak her klinikteki kapsam farkl\u0131 olabilir. (HayatMed Clinic)\u0130stersen metni de bu fiyatlara g\u00f6re a\u00e7\u0131k ve sade T\u00fcrk\u00e7e olarak yazabilirim.Fiyat yap\u0131lacak b\u00f6lgeye ve y\u00f6nteme g\u00f6re 3300 Euro\u2019dan ba\u015fl\u0131yor. Bazen i\u015flem ya\u011f ald\u0131rma ile de birle\u015ftirilebiliyor. Fiyat\u0131 nas\u0131l \u00f6\u011frenebilirimBize etkilenen b\u00f6lgelerin foto\u011fraflar\u0131n\u0131 buradan veya WhatsApp \u00fczerinden, kilo, boy ve ya\u015f bilgileri ile birlikte g\u00f6nderin. Doktorlar\u0131m\u0131z bunu memnuniyetle de\u011ferlendirecektir. Kar\u0131n Germe T\u00fcrkiye \u0130stanbul<\/p>\n","protected":false},"author":4,"featured_media":0,"parent":5296,"menu_order":0,"comment_status":"closed","ping_status":"closed","template":"","meta":{"_joinchat":[],"footnotes":""},"class_list":["post-5309","page","type-page","status-publish","hentry"],"acf":[],"_links":{"self":[{"href":"https:\/\/medicaltravel.at\/tr\/wp-json\/wp\/v2\/pages\/5309","targetHints":{"allow":["GET"]}}],"collection":[{"href":"https:\/\/medicaltravel.at\/tr\/wp-json\/wp\/v2\/pages"}],"about":[{"href":"https:\/\/medicaltravel.at\/tr\/wp-json\/wp\/v2\/types\/page"}],"author":[{"embeddable":true,"href":"https:\/\/medicaltravel.at\/tr\/wp-json\/wp\/v2\/users\/4"}],"replies":[{"embeddable":true,"href":"https:\/\/medicaltravel.at\/tr\/wp-json\/wp\/v2\/comments?post=5309"}],"version-history":[{"count":5,"href":"https:\/\/medicaltravel.at\/tr\/wp-json\/wp\/v2\/pages\/5309\/revisions"}],"predecessor-version":[{"id":5315,"href":"https:\/\/medicaltravel.at\/tr\/wp-json\/wp\/v2\/pages\/5309\/revisions\/5315"}],"up":[{"embeddable":true,"href":"https:\/\/medicaltravel.at\/tr\/wp-json\/wp\/v2\/pages\/5296"}],"wp:attachment":[{"href":"https:\/\/medicaltravel.at\/tr\/wp-json\/wp\/v2\/media?parent=5309"}],"curies":[{"name":"wp","href":"https:\/\/api.w.org\/{rel}","templated":true}]}}