{"id":5273,"date":"2025-09-27T16:08:09","date_gmt":"2025-09-27T15:08:09","guid":{"rendered":"https:\/\/medicaltravel.at\/liposuction-yag-aldirma-istanbul-antalya-izmir-tuerkiye\/"},"modified":"2026-01-04T14:45:52","modified_gmt":"2026-01-04T13:45:52","slug":"liposuction-yag-aldirma-istanbul-antalya-izmir-tuerkiye","status":"publish","type":"page","link":"https:\/\/medicaltravel.at\/tr\/estetik-cerrahi\/tedavi-yelpazesi\/liposuction-yag-aldirma-istanbul-antalya-izmir-tuerkiye\/","title":{"rendered":"Liposuction (ya\u011f ald\u0131rma) \u0130stanbul, Antalya, \u0130zmir, T\u00fcrkiye"},"content":{"rendered":"\t\t<div data-elementor-type=\"wp-page\" data-elementor-id=\"5273\" class=\"elementor elementor-5273 elementor-928\" data-elementor-post-type=\"page\">\n\t\t\t\t<div class=\"elementor-element elementor-element-21a1122b e-flex e-con-boxed wpr-particle-no wpr-jarallax-no wpr-parallax-no wpr-sticky-section-no e-con e-parent\" data-id=\"21a1122b\" data-element_type=\"container\" data-e-type=\"container\">\n\t\t\t\t\t<div class=\"e-con-inner\">\n\t\t<div class=\"elementor-element elementor-element-7fe0412 e-con-full e-flex wpr-particle-no wpr-jarallax-no wpr-parallax-no wpr-sticky-section-no e-con e-child\" data-id=\"7fe0412\" data-element_type=\"container\" data-e-type=\"container\">\n\t\t\t\t<div class=\"elementor-element elementor-element-505a6c5 elementor-widget elementor-widget-button\" data-id=\"505a6c5\" data-element_type=\"widget\" data-e-type=\"widget\" data-widget_type=\"button.default\">\n\t\t\t\t\t\t\t\t\t\t<a class=\"elementor-button elementor-button-link elementor-size-sm\" href=\"https:\/\/medicaltravel.at\/tr\/tedavi-yelpazesi\/meme-ameliyatlari-meme-bueyuetme-meme-kuecueltme-meme-diklestirme\/\">\n\t\t\t\t\t\t<span class=\"elementor-button-content-wrapper\">\n\t\t\t\t\t\t\t\t\t<span class=\"elementor-button-text\">Meme Ameliyatlar\u0131<\/span>\n\t\t\t\t\t<\/span>\n\t\t\t\t\t<\/a>\n\t\t\t\t\t\t\t\t<\/div>\n\t\t\t\t<div class=\"elementor-element elementor-element-a864d90 elementor-widget elementor-widget-button\" data-id=\"a864d90\" data-element_type=\"widget\" data-e-type=\"widget\" data-widget_type=\"button.default\">\n\t\t\t\t\t\t\t\t\t\t<a class=\"elementor-button elementor-button-link elementor-size-sm\" href=\"https:\/\/medicaltravel.at\/tr\/tedavi-yelpazesi\/liposuction-yag-aldirma-istanbul-antalya-izmir-tuerkiye\/\">\n\t\t\t\t\t\t<span class=\"elementor-button-content-wrapper\">\n\t\t\t\t\t\t\t\t\t<span class=\"elementor-button-text\">Ya\u011f Ald\u0131rma (Liposuction)<\/span>\n\t\t\t\t\t<\/span>\n\t\t\t\t\t<\/a>\n\t\t\t\t\t\t\t\t<\/div>\n\t\t\t\t<div class=\"elementor-element elementor-element-b727469 elementor-widget elementor-widget-button\" data-id=\"b727469\" data-element_type=\"widget\" data-e-type=\"widget\" data-widget_type=\"button.default\">\n\t\t\t\t\t\t\t\t\t\t<a class=\"elementor-button elementor-button-link elementor-size-sm\" href=\"https:\/\/medicaltravel.at\/schoenheitsoperation\/behandlungsspektrum\/bauchstaffung-tuerkei-istanbul\/\">\n\t\t\t\t\t\t<span class=\"elementor-button-content-wrapper\">\n\t\t\t\t\t\t\t\t\t<span class=\"elementor-button-text\">Kar\u0131n Germe Ameliyat\u0131<\/span>\n\t\t\t\t\t<\/span>\n\t\t\t\t\t<\/a>\n\t\t\t\t\t\t\t\t<\/div>\n\t\t\t\t<div class=\"elementor-element elementor-element-ea8f13e elementor-widget elementor-widget-button\" data-id=\"ea8f13e\" data-element_type=\"widget\" data-e-type=\"widget\" data-widget_type=\"button.default\">\n\t\t\t\t\t\t\t\t\t\t<a class=\"elementor-button elementor-button-link elementor-size-sm\" href=\"https:\/\/medicaltravel.at\/schoenheitsoperation\/behandlungsspektrum\/augenlidkorrektur-tuerkei-istanbul\/\">\n\t\t\t\t\t\t<span class=\"elementor-button-content-wrapper\">\n\t\t\t\t\t\t\t\t\t<span class=\"elementor-button-text\">G\u00f6z Kapa\u011f\u0131 D\u00fczeltme Ameliyat\u0131<\/span>\n\t\t\t\t\t<\/span>\n\t\t\t\t\t<\/a>\n\t\t\t\t\t\t\t\t<\/div>\n\t\t\t\t<div class=\"elementor-element elementor-element-cd12f32 elementor-widget elementor-widget-button\" data-id=\"cd12f32\" data-element_type=\"widget\" data-e-type=\"widget\" data-widget_type=\"button.default\">\n\t\t\t\t\t\t\t\t\t\t<a class=\"elementor-button elementor-button-link elementor-size-sm\" href=\"https:\/\/medicaltravel.at\/tr\/tedavi-yelpazesi\/burun-estetigi-burun-ameliyati-tuerkiye-istanbul-antalya-izmir\/\">\n\t\t\t\t\t\t<span class=\"elementor-button-content-wrapper\">\n\t\t\t\t\t\t\t\t\t<span class=\"elementor-button-text\">Burun Esteti\u011fi<\/span>\n\t\t\t\t\t<\/span>\n\t\t\t\t\t<\/a>\n\t\t\t\t\t\t\t\t<\/div>\n\t\t\t\t<div class=\"elementor-element elementor-element-c22fabc elementor-widget elementor-widget-button\" data-id=\"c22fabc\" data-element_type=\"widget\" data-e-type=\"widget\" data-widget_type=\"button.default\">\n\t\t\t\t\t\t\t\t\t\t<a class=\"elementor-button elementor-button-link elementor-size-sm\" href=\"https:\/\/medicaltravel.at\/tr\/tedavi-yelpazesi\/yuez-germe-yuez-sikilastirma-facelift-tuerkiyede-istanbul-antalya-izmir\/\">\n\t\t\t\t\t\t<span class=\"elementor-button-content-wrapper\">\n\t\t\t\t\t\t\t\t\t<span class=\"elementor-button-text\">Y\u00fcz Germe<\/span>\n\t\t\t\t\t<\/span>\n\t\t\t\t\t<\/a>\n\t\t\t\t\t\t\t\t<\/div>\n\t\t\t\t<div class=\"elementor-element elementor-element-b416ab7 elementor-widget elementor-widget-button\" data-id=\"b416ab7\" data-element_type=\"widget\" data-e-type=\"widget\" data-widget_type=\"button.default\">\n\t\t\t\t\t\t\t\t\t\t<a class=\"elementor-button elementor-button-link elementor-size-sm\" href=\"https:\/\/medicaltravel.at\/tr\/tedavi-yelpazesi\/kulak-estetigi-otoplasti-tuerkiye-istanbul-antalya-izmir\/\">\n\t\t\t\t\t\t<span class=\"elementor-button-content-wrapper\">\n\t\t\t\t\t\t\t\t\t<span class=\"elementor-button-text\">Kulak D\u00fczeltme Ameliyat\u0131<\/span>\n\t\t\t\t\t<\/span>\n\t\t\t\t\t<\/a>\n\t\t\t\t\t\t\t\t<\/div>\n\t\t\t\t<div class=\"elementor-element elementor-element-f544a10 elementor-widget elementor-widget-button\" data-id=\"f544a10\" data-element_type=\"widget\" data-e-type=\"widget\" data-widget_type=\"button.default\">\n\t\t\t\t\t\t\t\t\t\t<a class=\"elementor-button elementor-button-link elementor-size-sm\" href=\"https:\/\/medicaltravel.at\/tr\/tedavi-yelpazesi\/uest-kol-germe-bacak-germe-uyluk-germe-tuerkiye\/\">\n\t\t\t\t\t\t<span class=\"elementor-button-content-wrapper\">\n\t\t\t\t\t\t\t\t\t<span class=\"elementor-button-text\">\u00dcst Kol Germe Ameliyat\u0131<\/span>\n\t\t\t\t\t<\/span>\n\t\t\t\t\t<\/a>\n\t\t\t\t\t\t\t\t<\/div>\n\t\t\t\t<\/div>\n\t\t\t\t<div class=\"elementor-element elementor-element-4c56ed10 elementor-widget elementor-widget-text-editor\" data-id=\"4c56ed10\" data-element_type=\"widget\" data-e-type=\"widget\" data-widget_type=\"text-editor.default\">\n\t\t\t\t\t\t\t\t\t\n<h2 class=\"wp-block-heading\">Liposuction, lazer lipoliz<\/h2>\n\n<h2 class=\"wp-block-heading\"><strong>Ya\u011f Ald\u0131rma \u2013 Ya\u011f Emme \u2013 Liposuction \u2013 Liposuction<\/strong><\/h2>\n\n<p><strong>Ya\u011f Ald\u0131rma Ameliyat\u0131<\/strong><\/p>\n\n<p>Liposuction ile belirli b\u00f6lgelerdeki deri alt\u0131 ya\u011f birikimleri d\u00fczeltilebilir. Bu y\u00f6ntem genel kilo verme amac\u0131 i\u00e7in uygun de\u011fildir. <\/p>\n\n<p><em>Tedavi \u00d6ncesi<\/em><\/p>\n\n<p>Dokuyu \u00e7\u0131karabilmek i\u00e7in do\u011frudan bir \u00f6n haz\u0131rl\u0131k gereklidir. Hangi cihazla (emme pompas\u0131, titre\u015fimli aspirat\u00f6r, su jeti) ya\u011f ald\u0131rma yap\u0131l\u0131rsa yap\u0131ls\u0131n, ilgili b\u00f6lgeler s\u0131v\u0131 ile enjekte edilir. <\/p>\n\n<p>B\u00f6ylece t\u00fcm doku \u015fi\u015fer, ya\u011f h\u00fccreleri gev\u015fer ve kan\u00fclle emilerek al\u0131nabilir.<\/p>\n\n<p>Tedavi edilecek b\u00f6lgeler i\u015faretlenir, dezenfekte edilir ve ard\u0131ndan seyrelti s\u0131v\u0131s\u0131 enjekte edilir (i\u00e7inde zaten bir uyu\u015fturucu ve damar b\u00fcz\u00fcc\u00fc madde bulunur).<\/p>\n\n<p><em>Y\u00f6ntem<\/em><\/p>\n\n<p>Etkisi ba\u015flamas\u0131 yakla\u015f\u0131k yar\u0131m saat s\u00fcrer, ard\u0131ndan 5 mm\u2019lik kesilerden bir kan\u00fcl deri alt\u0131 ya\u011fa yerle\u015ftirilir ve ya\u011f emilir. \u0130la\u00e7 etkisi yakla\u015f\u0131k 4-5 saat s\u00fcrer; bu s\u00fcre boyunca a\u011fr\u0131 hissetmezsiniz. <\/p>\n\n<p>Ya\u011f dokusunun mekanik olarak \u00e7\u0131kar\u0131lmas\u0131 zor bir i\u015flemdir. Bu nedenle sekt\u00f6r, plastik cerrah\u0131n i\u015fini kolayla\u015ft\u0131racak yard\u0131mc\u0131 cihazlar geli\u015ftirmi\u015ftir. <\/p>\n\n<p><strong>Lazer liposuction:<\/strong><br>Deri alt\u0131na ortalama 1-2 mm \u00e7ap\u0131nda k\u00fc\u00e7\u00fck bir kan\u00fcl (borucuk) yerle\u015ftirilir; i\u00e7inde bir lazer \u0131\u015f\u0131n\u0131 bulunur. Kan\u00fcl\u00fcn ileri-geri hareketi, lazer enerjisinin do\u011frudan ya\u011f h\u00fccresine etki etmesini, par\u00e7alanmas\u0131n\u0131 ve temizlenmesini sa\u011flar. Lazer \u0131\u015f\u0131n\u0131 ayn\u0131 zamanda deri alt\u0131na da etki eder ve burada ba\u011f dokusunun s\u0131k\u0131la\u015fmas\u0131n\u0131 sa\u011flar.  <\/p>\n\n<p><strong>VASER liposuction:<\/strong><br>Ya\u011f ald\u0131rmada farkl\u0131 kan\u00fcller ve teknikler kullan\u0131l\u0131r. Mikrokan\u00fcllerle yap\u0131lan Vaser\u00ae Liposuction en yeni tekniklerden biridir ve i\u015flemde kullan\u0131lan 1-2 mm ince kan\u00fcller nedeniyle \u00f6zellikle pop\u00fclerdir. Bu ince kan\u00fcller, cerrah\u0131n ya\u011f h\u00fccrelerini daha hassas ve etkili bir \u015fekilde hedeflemesine olanak tan\u0131r. Daha az \u015fi\u015flik ve morarma olu\u015fur ve iyile\u015fme s\u00fcreci daha h\u0131zl\u0131d\u0131r. Mikrokan\u00fcllerle yap\u0131lan Vaser\u00ae Liposuction sonras\u0131, ciltte d\u00fczensizlik olu\u015fma riski di\u011fer liposuction y\u00f6ntemlerine g\u00f6re daha d\u00fc\u015f\u00fckt\u00fcr.    <\/p>\n\n<p><em>Tedavi Sonras\u0131<\/em><\/p>\n\n<p>Sonras\u0131nda yakla\u015f\u0131k 2 g\u00fcn boyunca neredeyse hi\u00e7 rahats\u0131zl\u0131k hissetmezsiniz, ard\u0131ndan kas a\u011fr\u0131s\u0131 gibi bir his olu\u015fur. Yakla\u015f\u0131k 6 hafta boyunca kompresyon giysisi giyilmelidir. Bu sayede, ya\u011f dokusunun \u00e7\u0131kar\u0131lmas\u0131yla olu\u015fan bo\u015fluklar kapan\u0131r.  <\/p>\n\n<p>\u0130\u011fne giri\u015flerinden ilk ba\u015fta (2 g\u00fcn boyunca) h\u00e2l\u00e2 bol miktarda s\u0131v\u0131 gelir; bu, seyrelti s\u0131v\u0131s\u0131n\u0131n kal\u0131nt\u0131lar\u0131d\u0131r ve biraz kanla kar\u0131\u015fm\u0131\u015ft\u0131r. Bu tamamen normaldir. <\/p>\n\n<figure class=\"wp-block-image size-full\"><img fetchpriority=\"high\" decoding=\"async\" width=\"334\" height=\"433\" class=\"wp-image-1641\" src=\"https:\/\/medicaltravel.at\/wp-content\/uploads\/2025\/09\/Lassen-Sie-Ihre-Fettabsaugung-durch-die-weltberuhmten-Arzte-der-Turkei-durchfuhren.jpg\" alt=\"\" srcset=\"https:\/\/medicaltravel.at\/wp-content\/uploads\/2025\/09\/Lassen-Sie-Ihre-Fettabsaugung-durch-die-weltberuhmten-Arzte-der-Turkei-durchfuhren.jpg 334w, https:\/\/medicaltravel.at\/wp-content\/uploads\/2025\/09\/Lassen-Sie-Ihre-Fettabsaugung-durch-die-weltberuhmten-Arzte-der-Turkei-durchfuhren-231x300.jpg 231w\" sizes=\"(max-width: 334px) 100vw, 334px\" \/><\/figure>\n\n<p id=\"caption-attachment-159\">Ya\u011f ald\u0131rma i\u015fleminizi T\u00fcrkiye\u2019nin d\u00fcnyaca \u00fcnl\u00fc doktorlar\u0131na yapt\u0131r\u0131n.<\/p>\n\n<p><strong>T\u00fcrkiye\u2019de ya\u011f ald\u0131rma \u2013 liposuction ne kadar tutar?<br><\/strong>B\u00f6lge ve y\u00f6nteme ba\u011fl\u0131 olarak fiyat 2400 ile 4500 Euro aras\u0131nda de\u011fi\u015fir.<\/p>\n\n<p><strong>Fiyat\u0131 nas\u0131l \u00f6\u011frenebilirim<\/strong><br>Bize etkilenen b\u00f6lgelerin foto\u011fraflar\u0131n\u0131 <a href=\"https:\/\/medicaltravel.at\/kontakt\/\" data-type=\"page\" data-id=\"976\">buradan<\/a> veya <a href=\"https:\/\/web.whatsapp.com\/send?phone=41%2078%20737%2035%2041&amp;text=&amp;source=&amp;data=\" target=\"_blank\" rel=\"noopener\">WhatsApp<\/a> \u00fczerinden, kilo, boy ve ya\u015f bilgileri ile birlikte g\u00f6nderin. Doktorlar\u0131m\u0131z bunu memnuniyetle de\u011ferlendirecektir. <\/p>\n\t\t\t\t\t\t\t\t<\/div>\n\t\t\t\t\t<\/div>\n\t\t\t\t<\/div>\n\t\t\t\t<\/div>\n\t\t","protected":false},"excerpt":{"rendered":"<p>Meme Ameliyatlar\u0131 Ya\u011f Ald\u0131rma (Liposuction) Kar\u0131n Germe Ameliyat\u0131 G\u00f6z Kapa\u011f\u0131 D\u00fczeltme Ameliyat\u0131 Burun Esteti\u011fi Y\u00fcz Germe Kulak D\u00fczeltme Ameliyat\u0131 \u00dcst Kol Germe Ameliyat\u0131 Liposuction, lazer lipoliz Ya\u011f Ald\u0131rma \u2013 Ya\u011f Emme \u2013 Liposuction \u2013 Liposuction Ya\u011f Ald\u0131rma Ameliyat\u0131 Liposuction ile belirli b\u00f6lgelerdeki deri alt\u0131 ya\u011f birikimleri d\u00fczeltilebilir. Bu y\u00f6ntem genel kilo verme amac\u0131 i\u00e7in uygun de\u011fildir. Tedavi \u00d6ncesi Dokuyu \u00e7\u0131karabilmek i\u00e7in do\u011frudan bir \u00f6n haz\u0131rl\u0131k gereklidir. Hangi cihazla (emme pompas\u0131, titre\u015fimli aspirat\u00f6r, su jeti) ya\u011f ald\u0131rma yap\u0131l\u0131rsa yap\u0131ls\u0131n, ilgili b\u00f6lgeler s\u0131v\u0131 ile enjekte edilir. B\u00f6ylece t\u00fcm doku \u015fi\u015fer, ya\u011f h\u00fccreleri gev\u015fer ve kan\u00fclle emilerek al\u0131nabilir. Tedavi edilecek b\u00f6lgeler i\u015faretlenir, dezenfekte edilir ve ard\u0131ndan seyrelti s\u0131v\u0131s\u0131 enjekte edilir (i\u00e7inde zaten bir uyu\u015fturucu ve damar b\u00fcz\u00fcc\u00fc madde bulunur). Y\u00f6ntem Etkisi ba\u015flamas\u0131 yakla\u015f\u0131k yar\u0131m saat s\u00fcrer, ard\u0131ndan 5 mm\u2019lik kesilerden bir kan\u00fcl deri alt\u0131 ya\u011fa yerle\u015ftirilir ve ya\u011f emilir. \u0130la\u00e7 etkisi yakla\u015f\u0131k 4-5 saat s\u00fcrer; bu s\u00fcre boyunca a\u011fr\u0131 hissetmezsiniz. Ya\u011f dokusunun mekanik olarak \u00e7\u0131kar\u0131lmas\u0131 zor bir i\u015flemdir. Bu nedenle sekt\u00f6r, plastik cerrah\u0131n i\u015fini kolayla\u015ft\u0131racak yard\u0131mc\u0131 cihazlar geli\u015ftirmi\u015ftir. Lazer liposuction:Deri alt\u0131na ortalama 1-2 mm \u00e7ap\u0131nda k\u00fc\u00e7\u00fck bir kan\u00fcl (borucuk) yerle\u015ftirilir; i\u00e7inde bir lazer \u0131\u015f\u0131n\u0131 bulunur. Kan\u00fcl\u00fcn ileri-geri hareketi, lazer enerjisinin do\u011frudan ya\u011f h\u00fccresine etki etmesini, par\u00e7alanmas\u0131n\u0131 ve temizlenmesini sa\u011flar. Lazer \u0131\u015f\u0131n\u0131 ayn\u0131 zamanda deri alt\u0131na da etki eder ve burada ba\u011f dokusunun s\u0131k\u0131la\u015fmas\u0131n\u0131 sa\u011flar. VASER liposuction:Ya\u011f ald\u0131rmada farkl\u0131 kan\u00fcller ve teknikler kullan\u0131l\u0131r. Mikrokan\u00fcllerle yap\u0131lan Vaser\u00ae Liposuction en yeni tekniklerden biridir ve i\u015flemde kullan\u0131lan 1-2 mm ince kan\u00fcller nedeniyle \u00f6zellikle pop\u00fclerdir. Bu ince kan\u00fcller, cerrah\u0131n ya\u011f h\u00fccrelerini daha hassas ve etkili bir \u015fekilde hedeflemesine olanak tan\u0131r. Daha az \u015fi\u015flik ve morarma olu\u015fur ve iyile\u015fme s\u00fcreci daha h\u0131zl\u0131d\u0131r. Mikrokan\u00fcllerle yap\u0131lan Vaser\u00ae Liposuction sonras\u0131, ciltte d\u00fczensizlik olu\u015fma riski di\u011fer liposuction y\u00f6ntemlerine g\u00f6re daha d\u00fc\u015f\u00fckt\u00fcr. Tedavi Sonras\u0131 Sonras\u0131nda yakla\u015f\u0131k 2 g\u00fcn boyunca neredeyse hi\u00e7 rahats\u0131zl\u0131k hissetmezsiniz, ard\u0131ndan kas a\u011fr\u0131s\u0131 gibi bir his olu\u015fur. Yakla\u015f\u0131k 6 hafta boyunca kompresyon giysisi giyilmelidir. Bu sayede, ya\u011f dokusunun \u00e7\u0131kar\u0131lmas\u0131yla olu\u015fan bo\u015fluklar kapan\u0131r. \u0130\u011fne giri\u015flerinden ilk ba\u015fta (2 g\u00fcn boyunca) h\u00e2l\u00e2 bol miktarda s\u0131v\u0131 gelir; bu, seyrelti s\u0131v\u0131s\u0131n\u0131n kal\u0131nt\u0131lar\u0131d\u0131r ve biraz kanla kar\u0131\u015fm\u0131\u015ft\u0131r. Bu tamamen normaldir. Ya\u011f ald\u0131rma i\u015fleminizi T\u00fcrkiye\u2019nin d\u00fcnyaca \u00fcnl\u00fc doktorlar\u0131na yapt\u0131r\u0131n. T\u00fcrkiye\u2019de ya\u011f ald\u0131rma \u2013 liposuction ne kadar tutar?B\u00f6lge ve y\u00f6nteme ba\u011fl\u0131 olarak fiyat 2400 ile 4500 Euro aras\u0131nda de\u011fi\u015fir. Fiyat\u0131 nas\u0131l \u00f6\u011frenebilirimBize etkilenen b\u00f6lgelerin foto\u011fraflar\u0131n\u0131 buradan veya WhatsApp \u00fczerinden, kilo, boy ve ya\u015f bilgileri ile birlikte g\u00f6nderin. Doktorlar\u0131m\u0131z bunu memnuniyetle de\u011ferlendirecektir.<\/p>\n","protected":false},"author":4,"featured_media":0,"parent":5296,"menu_order":0,"comment_status":"closed","ping_status":"closed","template":"","meta":{"_joinchat":[],"footnotes":""},"class_list":["post-5273","page","type-page","status-publish","hentry"],"acf":[],"_links":{"self":[{"href":"https:\/\/medicaltravel.at\/tr\/wp-json\/wp\/v2\/pages\/5273","targetHints":{"allow":["GET"]}}],"collection":[{"href":"https:\/\/medicaltravel.at\/tr\/wp-json\/wp\/v2\/pages"}],"about":[{"href":"https:\/\/medicaltravel.at\/tr\/wp-json\/wp\/v2\/types\/page"}],"author":[{"embeddable":true,"href":"https:\/\/medicaltravel.at\/tr\/wp-json\/wp\/v2\/users\/4"}],"replies":[{"embeddable":true,"href":"https:\/\/medicaltravel.at\/tr\/wp-json\/wp\/v2\/comments?post=5273"}],"version-history":[{"count":6,"href":"https:\/\/medicaltravel.at\/tr\/wp-json\/wp\/v2\/pages\/5273\/revisions"}],"predecessor-version":[{"id":5298,"href":"https:\/\/medicaltravel.at\/tr\/wp-json\/wp\/v2\/pages\/5273\/revisions\/5298"}],"up":[{"embeddable":true,"href":"https:\/\/medicaltravel.at\/tr\/wp-json\/wp\/v2\/pages\/5296"}],"wp:attachment":[{"href":"https:\/\/medicaltravel.at\/tr\/wp-json\/wp\/v2\/media?parent=5273"}],"curies":[{"name":"wp","href":"https:\/\/api.w.org\/{rel}","templated":true}]}}