{"id":5265,"date":"2025-09-27T16:10:13","date_gmt":"2025-09-27T15:10:13","guid":{"rendered":"https:\/\/medicaltravel.at\/burun-estetigi-burun-ameliyati-tuerkiye-istanbul-antalya-izmir\/"},"modified":"2026-01-04T14:45:52","modified_gmt":"2026-01-04T13:45:52","slug":"burun-estetigi-burun-ameliyati-tuerkiye-istanbul-antalya-izmir","status":"publish","type":"page","link":"https:\/\/medicaltravel.at\/tr\/estetik-cerrahi\/tedavi-yelpazesi\/burun-estetigi-burun-ameliyati-tuerkiye-istanbul-antalya-izmir\/","title":{"rendered":"Burun Esteti\u011fi, Burun Ameliyat\u0131 T\u00fcrkiye \u0130stanbul Antalya \u0130zmir"},"content":{"rendered":"\t\t<div data-elementor-type=\"wp-page\" data-elementor-id=\"5265\" class=\"elementor elementor-5265 elementor-934\" data-elementor-post-type=\"page\">\n\t\t\t\t<div class=\"elementor-element elementor-element-35e9c037 e-flex e-con-boxed wpr-particle-no wpr-jarallax-no wpr-parallax-no wpr-sticky-section-no e-con e-parent\" data-id=\"35e9c037\" data-element_type=\"container\" data-e-type=\"container\">\n\t\t\t\t\t<div class=\"e-con-inner\">\n\t\t<div class=\"elementor-element elementor-element-2967ac9 e-con-full e-flex wpr-particle-no wpr-jarallax-no wpr-parallax-no wpr-sticky-section-no e-con e-child\" data-id=\"2967ac9\" data-element_type=\"container\" data-e-type=\"container\">\n\t\t\t\t<div class=\"elementor-element elementor-element-37858f5 elementor-widget elementor-widget-button\" data-id=\"37858f5\" data-element_type=\"widget\" data-e-type=\"widget\" data-widget_type=\"button.default\">\n\t\t\t\t\t\t\t\t\t\t<a class=\"elementor-button elementor-button-link elementor-size-sm\" href=\"https:\/\/medicaltravel.at\/tr\/tedavi-yelpazesi\/meme-ameliyatlari-meme-bueyuetme-meme-kuecueltme-meme-diklestirme\/\">\n\t\t\t\t\t\t<span class=\"elementor-button-content-wrapper\">\n\t\t\t\t\t\t\t\t\t<span class=\"elementor-button-text\">Meme Ameliyatlar\u0131<\/span>\n\t\t\t\t\t<\/span>\n\t\t\t\t\t<\/a>\n\t\t\t\t\t\t\t\t<\/div>\n\t\t\t\t<div class=\"elementor-element elementor-element-fa7349c elementor-widget elementor-widget-button\" data-id=\"fa7349c\" data-element_type=\"widget\" data-e-type=\"widget\" data-widget_type=\"button.default\">\n\t\t\t\t\t\t\t\t\t\t<a class=\"elementor-button elementor-button-link elementor-size-sm\" href=\"https:\/\/medicaltravel.at\/tr\/tedavi-yelpazesi\/liposuction-yag-aldirma-istanbul-antalya-izmir-tuerkiye\/\">\n\t\t\t\t\t\t<span class=\"elementor-button-content-wrapper\">\n\t\t\t\t\t\t\t\t\t<span class=\"elementor-button-text\">Ya\u011f Ald\u0131rma (Liposuction)<\/span>\n\t\t\t\t\t<\/span>\n\t\t\t\t\t<\/a>\n\t\t\t\t\t\t\t\t<\/div>\n\t\t\t\t<div class=\"elementor-element elementor-element-8ab0988 elementor-widget elementor-widget-button\" data-id=\"8ab0988\" data-element_type=\"widget\" data-e-type=\"widget\" data-widget_type=\"button.default\">\n\t\t\t\t\t\t\t\t\t\t<a class=\"elementor-button elementor-button-link elementor-size-sm\" href=\"https:\/\/medicaltravel.at\/schoenheitsoperation\/behandlungsspektrum\/bauchstaffung-tuerkei-istanbul\/\">\n\t\t\t\t\t\t<span class=\"elementor-button-content-wrapper\">\n\t\t\t\t\t\t\t\t\t<span class=\"elementor-button-text\">Kar\u0131n Germe Ameliyat\u0131<\/span>\n\t\t\t\t\t<\/span>\n\t\t\t\t\t<\/a>\n\t\t\t\t\t\t\t\t<\/div>\n\t\t\t\t<div class=\"elementor-element elementor-element-32c7268 elementor-widget elementor-widget-button\" data-id=\"32c7268\" data-element_type=\"widget\" data-e-type=\"widget\" data-widget_type=\"button.default\">\n\t\t\t\t\t\t\t\t\t\t<a class=\"elementor-button elementor-button-link elementor-size-sm\" href=\"https:\/\/medicaltravel.at\/schoenheitsoperation\/behandlungsspektrum\/augenlidkorrektur-tuerkei-istanbul\/\">\n\t\t\t\t\t\t<span class=\"elementor-button-content-wrapper\">\n\t\t\t\t\t\t\t\t\t<span class=\"elementor-button-text\">G\u00f6z Kapa\u011f\u0131 D\u00fczeltme Ameliyat\u0131<\/span>\n\t\t\t\t\t<\/span>\n\t\t\t\t\t<\/a>\n\t\t\t\t\t\t\t\t<\/div>\n\t\t\t\t<div class=\"elementor-element elementor-element-de6a3ec elementor-widget elementor-widget-button\" data-id=\"de6a3ec\" data-element_type=\"widget\" data-e-type=\"widget\" data-widget_type=\"button.default\">\n\t\t\t\t\t\t\t\t\t\t<a class=\"elementor-button elementor-button-link elementor-size-sm\" href=\"https:\/\/medicaltravel.at\/tr\/tedavi-yelpazesi\/burun-estetigi-burun-ameliyati-tuerkiye-istanbul-antalya-izmir\/\">\n\t\t\t\t\t\t<span class=\"elementor-button-content-wrapper\">\n\t\t\t\t\t\t\t\t\t<span class=\"elementor-button-text\">Burun Esteti\u011fi<\/span>\n\t\t\t\t\t<\/span>\n\t\t\t\t\t<\/a>\n\t\t\t\t\t\t\t\t<\/div>\n\t\t\t\t<div class=\"elementor-element elementor-element-8f9630c elementor-widget elementor-widget-button\" data-id=\"8f9630c\" data-element_type=\"widget\" data-e-type=\"widget\" data-widget_type=\"button.default\">\n\t\t\t\t\t\t\t\t\t\t<a class=\"elementor-button elementor-button-link elementor-size-sm\" href=\"https:\/\/medicaltravel.at\/tr\/tedavi-yelpazesi\/yuez-germe-yuez-sikilastirma-facelift-tuerkiyede-istanbul-antalya-izmir\/\">\n\t\t\t\t\t\t<span class=\"elementor-button-content-wrapper\">\n\t\t\t\t\t\t\t\t\t<span class=\"elementor-button-text\">Y\u00fcz Germe<\/span>\n\t\t\t\t\t<\/span>\n\t\t\t\t\t<\/a>\n\t\t\t\t\t\t\t\t<\/div>\n\t\t\t\t<div class=\"elementor-element elementor-element-ce71173 elementor-widget elementor-widget-button\" data-id=\"ce71173\" data-element_type=\"widget\" data-e-type=\"widget\" data-widget_type=\"button.default\">\n\t\t\t\t\t\t\t\t\t\t<a class=\"elementor-button elementor-button-link elementor-size-sm\" href=\"https:\/\/medicaltravel.at\/tr\/tedavi-yelpazesi\/kulak-estetigi-otoplasti-tuerkiye-istanbul-antalya-izmir\/\">\n\t\t\t\t\t\t<span class=\"elementor-button-content-wrapper\">\n\t\t\t\t\t\t\t\t\t<span class=\"elementor-button-text\">Kulak D\u00fczeltme Ameliyat\u0131<\/span>\n\t\t\t\t\t<\/span>\n\t\t\t\t\t<\/a>\n\t\t\t\t\t\t\t\t<\/div>\n\t\t\t\t<div class=\"elementor-element elementor-element-032b848 elementor-widget elementor-widget-button\" data-id=\"032b848\" data-element_type=\"widget\" data-e-type=\"widget\" data-widget_type=\"button.default\">\n\t\t\t\t\t\t\t\t\t\t<a class=\"elementor-button elementor-button-link elementor-size-sm\" href=\"https:\/\/medicaltravel.at\/tr\/tedavi-yelpazesi\/uest-kol-germe-bacak-germe-uyluk-germe-tuerkiye\/\">\n\t\t\t\t\t\t<span class=\"elementor-button-content-wrapper\">\n\t\t\t\t\t\t\t\t\t<span class=\"elementor-button-text\">\u00dcst Kol Germe Ameliyat\u0131<\/span>\n\t\t\t\t\t<\/span>\n\t\t\t\t\t<\/a>\n\t\t\t\t\t\t\t\t<\/div>\n\t\t\t\t<\/div>\n\t\t\t\t<div class=\"elementor-element elementor-element-6e49bf04 elementor-widget elementor-widget-text-editor\" data-id=\"6e49bf04\" data-element_type=\"widget\" data-e-type=\"widget\" data-widget_type=\"text-editor.default\">\n\t\t\t\t\t\t\t\t\t\n<h2 class=\"wp-block-heading\">Burun d\u00fczeltme (burun esteti\u011fi) T\u00fcrkiye\u2019de \u2013 \u0130stanbul \u2013 Antalya \u2013 \u0130zmir<\/h2>\n\n<h2 class=\"wp-block-heading\"><strong>T\u00fcrkiye\u2019de burun esteti\u011fi operasyonlar\u0131<\/strong><\/h2>\n\n<p><strong>Burun esteti\u011fi \/ burun ameliyat\u0131 \u0130stanbul, Antalya, \u0130zmir, Bodrum\u2019da<\/strong><\/p>\n\n<p>Burun, y\u00fcz\u00fcn merkezi bir organ\u0131 olarak ki\u015filer aras\u0131 ileti\u015fimde \u00f6nemli bir role sahiptir.<\/p>\n\n<p>\u015eekil ve boyut ile ilgili farkl\u0131l\u0131klar bu durumu ciddi \u015fekilde etkileyebilir ve ilgili ki\u015fi i\u00e7in b\u00fcy\u00fck bir sorun haline gelebilir.<\/p>\n\n<p>Plastik cerrahide, g\u00f6zle g\u00f6r\u00fcl\u00fcr iz b\u0131rakmadan de\u011fi\u015fiklikler yap\u0131labilir ve bu sayede ki\u015fi kendini \u00e7ok daha g\u00fcvende hisseder. \u2013 K\u00fc\u00e7\u00fck bir de\u011fi\u015fiklik \u2013 b\u00fcy\u00fck etki! <\/p>\n\n<figure class=\"wp-block-image size-full\"><img fetchpriority=\"high\" decoding=\"async\" width=\"292\" height=\"233\" class=\"wp-image-1651\" src=\"https:\/\/medicaltravel.at\/wp-content\/uploads\/2025\/09\/Nasenkorrekturen-in-der-Turkei-Istanbul-Antalya.jpg\" alt=\"\"><\/figure>\n\n<p id=\"caption-attachment-173\">Burun estetiklerinde do\u011fal sonu\u00e7lar \u00e7ok talep g\u00f6rmektedir.<\/p>\n\n<p><em>Endikasyon<\/em><\/p>\n\n<p>Burun \u015fekil bozukluklar\u0131 (do\u011fu\u015ftan veya kaza sonucu olu\u015fan), kemerli burun veya uzun burun d\u00fczeltmeleri<\/p>\n\n<p><em>Operasyon<\/em><\/p>\n\n<p>G\u00fcn\u00fcm\u00fcz modern estetik-plastik cerrahisi, ki\u015fiye \u00f6zel tedavi ile burunda olumlu de\u011fi\u015fiklikler yapabilmektedir.<\/p>\n\n<p>15 ya\u015f\u0131ndan itibaren burun art\u0131k b\u00fcy\u00fck \u00f6l\u00e7\u00fcde de\u011fi\u015fmez ve neredeyse tamamen geli\u015fmi\u015f olur. D\u00fczeltilebilecekler aras\u0131nda burun boyutu, \u015fekli, y\u00fcksekli\u011fi, geni\u015fli\u011fi ve bozuk burun solunumu bulunmaktad\u0131r. <\/p>\n\n<p>Burun kanatlar\u0131 k\u00fc\u00e7\u00fclt\u00fclebilir ve burun ucu yeniden \u015fekillendirilebilir. Normalde g\u00f6zle g\u00f6r\u00fcl\u00fcr iz kalmaz, \u00e7\u00fcnk\u00fc operasyon burun i\u00e7inden yap\u0131l\u0131r. <\/p>\n\n<p><em>Planlama<\/em><\/p>\n\n<p>Burun ameliyat\u0131nda operasyonun olanaklar\u0131 ve s\u0131n\u0131rlar\u0131 hakk\u0131nda kesin bir planlama ve bilgilendirme son derece \u00f6nemlidir. Dan\u0131\u015fmanl\u0131k s\u0131ras\u0131nda isteklerinize tam olarak odaklanmal\u0131 ve birlikte bir plan olu\u015fturmal\u0131y\u0131z. <\/p>\n\n<p><em>Anestezi<\/em><\/p>\n\n<p>Burun ameliyatlar\u0131 \u00e7o\u011funlukla genel anestezi alt\u0131nda yap\u0131l\u0131r. Burun ucu ve k\u0131k\u0131rdak b\u00f6lgesindeki k\u00fc\u00e7\u00fck d\u00fczeltmeler ise lokal anestezi ile ayakta tedavi olarak da ger\u00e7ekle\u015ftirilebilir. <\/p>\n\n<p><em>Hastanede Kal\u0131\u015f S\u00fcresi<\/em><\/p>\n\n<p>1-2 g\u00fcnl\u00fck hastanede kal\u0131\u015f \u00f6nerilir ve uygundur. \u0130\u015flem sonras\u0131 \u015fi\u015fli\u011fi \u00f6nlemek i\u00e7in ba\u015f 2 g\u00fcn boyunca yukar\u0131da tutulmal\u0131d\u0131r. Buruna destek sa\u011flamak i\u00e7in 10 g\u00fcn s\u00fcreyle al\u00e7\u0131 ateli uygulan\u0131r.  <\/p>\n\n<p><strong>Burun Esteti\u011fi T\u00fcrkiye\u2019de Ne Kadar Tutar?<br><\/strong>Y\u00f6ntem ve kapsam\u0131na ba\u011fl\u0131 olarak fiyat 2200 ile 2850 Euro aras\u0131nda de\u011fi\u015fir.<\/p>\n\n<p><strong>Burun ameliyat\u0131 \u0130stanbul fiyat\u0131n\u0131 nas\u0131l \u00f6\u011frenebilirim<\/strong><br>Bize \u00f6nden, yandan ve alttan (\u00e7ene ve burun birlikte) foto\u011fraflar\u0131n\u0131z\u0131 <a href=\"https:\/\/medicaltravel.at\/kontakt\/\" data-type=\"page\" data-id=\"976\">buradan<\/a> veya <a href=\"https:\/\/web.whatsapp.com\/send?phone=41%2078%20737%2035%2041&amp;text=&amp;source=&amp;data=\" target=\"_blank\" rel=\"noopener\">WhatsApp<\/a> \u00fczerinden, kilo, boy ve ya\u015f bilgilerinizle birlikte g\u00f6nderin. Sizi rahats\u0131z eden noktalar\u0131 ve beklentilerinizi de belirtin. Doktorlar\u0131m\u0131z bunu memnuniyetle de\u011ferlendirecektir.  <\/p>\n\t\t\t\t\t\t\t\t<\/div>\n\t\t\t\t\t<\/div>\n\t\t\t\t<\/div>\n\t\t\t\t<\/div>\n\t\t","protected":false},"excerpt":{"rendered":"<p>Meme Ameliyatlar\u0131 Ya\u011f Ald\u0131rma (Liposuction) Kar\u0131n Germe Ameliyat\u0131 G\u00f6z Kapa\u011f\u0131 D\u00fczeltme Ameliyat\u0131 Burun Esteti\u011fi Y\u00fcz Germe Kulak D\u00fczeltme Ameliyat\u0131 \u00dcst Kol Germe Ameliyat\u0131 Burun d\u00fczeltme (burun esteti\u011fi) T\u00fcrkiye\u2019de \u2013 \u0130stanbul \u2013 Antalya \u2013 \u0130zmir T\u00fcrkiye\u2019de burun esteti\u011fi operasyonlar\u0131 Burun esteti\u011fi \/ burun ameliyat\u0131 \u0130stanbul, Antalya, \u0130zmir, Bodrum\u2019da Burun, y\u00fcz\u00fcn merkezi bir organ\u0131 olarak ki\u015filer aras\u0131 ileti\u015fimde \u00f6nemli bir role sahiptir. \u015eekil ve boyut ile ilgili farkl\u0131l\u0131klar bu durumu ciddi \u015fekilde etkileyebilir ve ilgili ki\u015fi i\u00e7in b\u00fcy\u00fck bir sorun haline gelebilir. Plastik cerrahide, g\u00f6zle g\u00f6r\u00fcl\u00fcr iz b\u0131rakmadan de\u011fi\u015fiklikler yap\u0131labilir ve bu sayede ki\u015fi kendini \u00e7ok daha g\u00fcvende hisseder. \u2013 K\u00fc\u00e7\u00fck bir de\u011fi\u015fiklik \u2013 b\u00fcy\u00fck etki! Burun estetiklerinde do\u011fal sonu\u00e7lar \u00e7ok talep g\u00f6rmektedir. Endikasyon Burun \u015fekil bozukluklar\u0131 (do\u011fu\u015ftan veya kaza sonucu olu\u015fan), kemerli burun veya uzun burun d\u00fczeltmeleri Operasyon G\u00fcn\u00fcm\u00fcz modern estetik-plastik cerrahisi, ki\u015fiye \u00f6zel tedavi ile burunda olumlu de\u011fi\u015fiklikler yapabilmektedir. 15 ya\u015f\u0131ndan itibaren burun art\u0131k b\u00fcy\u00fck \u00f6l\u00e7\u00fcde de\u011fi\u015fmez ve neredeyse tamamen geli\u015fmi\u015f olur. D\u00fczeltilebilecekler aras\u0131nda burun boyutu, \u015fekli, y\u00fcksekli\u011fi, geni\u015fli\u011fi ve bozuk burun solunumu bulunmaktad\u0131r. Burun kanatlar\u0131 k\u00fc\u00e7\u00fclt\u00fclebilir ve burun ucu yeniden \u015fekillendirilebilir. Normalde g\u00f6zle g\u00f6r\u00fcl\u00fcr iz kalmaz, \u00e7\u00fcnk\u00fc operasyon burun i\u00e7inden yap\u0131l\u0131r. Planlama Burun ameliyat\u0131nda operasyonun olanaklar\u0131 ve s\u0131n\u0131rlar\u0131 hakk\u0131nda kesin bir planlama ve bilgilendirme son derece \u00f6nemlidir. Dan\u0131\u015fmanl\u0131k s\u0131ras\u0131nda isteklerinize tam olarak odaklanmal\u0131 ve birlikte bir plan olu\u015fturmal\u0131y\u0131z. Anestezi Burun ameliyatlar\u0131 \u00e7o\u011funlukla genel anestezi alt\u0131nda yap\u0131l\u0131r. Burun ucu ve k\u0131k\u0131rdak b\u00f6lgesindeki k\u00fc\u00e7\u00fck d\u00fczeltmeler ise lokal anestezi ile ayakta tedavi olarak da ger\u00e7ekle\u015ftirilebilir. Hastanede Kal\u0131\u015f S\u00fcresi 1-2 g\u00fcnl\u00fck hastanede kal\u0131\u015f \u00f6nerilir ve uygundur. \u0130\u015flem sonras\u0131 \u015fi\u015fli\u011fi \u00f6nlemek i\u00e7in ba\u015f 2 g\u00fcn boyunca yukar\u0131da tutulmal\u0131d\u0131r. Buruna destek sa\u011flamak i\u00e7in 10 g\u00fcn s\u00fcreyle al\u00e7\u0131 ateli uygulan\u0131r. Burun Esteti\u011fi T\u00fcrkiye\u2019de Ne Kadar Tutar?Y\u00f6ntem ve kapsam\u0131na ba\u011fl\u0131 olarak fiyat 2200 ile 2850 Euro aras\u0131nda de\u011fi\u015fir. Burun ameliyat\u0131 \u0130stanbul fiyat\u0131n\u0131 nas\u0131l \u00f6\u011frenebilirimBize \u00f6nden, yandan ve alttan (\u00e7ene ve burun birlikte) foto\u011fraflar\u0131n\u0131z\u0131 buradan veya WhatsApp \u00fczerinden, kilo, boy ve ya\u015f bilgilerinizle birlikte g\u00f6nderin. Sizi rahats\u0131z eden noktalar\u0131 ve beklentilerinizi de belirtin. Doktorlar\u0131m\u0131z bunu memnuniyetle de\u011ferlendirecektir.<\/p>\n","protected":false},"author":4,"featured_media":0,"parent":5296,"menu_order":0,"comment_status":"closed","ping_status":"closed","template":"","meta":{"_joinchat":[],"footnotes":""},"class_list":["post-5265","page","type-page","status-publish","hentry"],"acf":[],"_links":{"self":[{"href":"https:\/\/medicaltravel.at\/tr\/wp-json\/wp\/v2\/pages\/5265","targetHints":{"allow":["GET"]}}],"collection":[{"href":"https:\/\/medicaltravel.at\/tr\/wp-json\/wp\/v2\/pages"}],"about":[{"href":"https:\/\/medicaltravel.at\/tr\/wp-json\/wp\/v2\/types\/page"}],"author":[{"embeddable":true,"href":"https:\/\/medicaltravel.at\/tr\/wp-json\/wp\/v2\/users\/4"}],"replies":[{"embeddable":true,"href":"https:\/\/medicaltravel.at\/tr\/wp-json\/wp\/v2\/comments?post=5265"}],"version-history":[{"count":6,"href":"https:\/\/medicaltravel.at\/tr\/wp-json\/wp\/v2\/pages\/5265\/revisions"}],"predecessor-version":[{"id":5299,"href":"https:\/\/medicaltravel.at\/tr\/wp-json\/wp\/v2\/pages\/5265\/revisions\/5299"}],"up":[{"embeddable":true,"href":"https:\/\/medicaltravel.at\/tr\/wp-json\/wp\/v2\/pages\/5296"}],"wp:attachment":[{"href":"https:\/\/medicaltravel.at\/tr\/wp-json\/wp\/v2\/media?parent=5265"}],"curies":[{"name":"wp","href":"https:\/\/api.w.org\/{rel}","templated":true}]}}