{"id":5257,"date":"2025-09-27T16:12:20","date_gmt":"2025-09-27T15:12:20","guid":{"rendered":"https:\/\/medicaltravel.at\/uest-kol-germe-bacak-germe-uyluk-germe-tuerkiye\/"},"modified":"2026-01-04T14:45:54","modified_gmt":"2026-01-04T13:45:54","slug":"uest-kol-germe-bacak-germe-uyluk-germe-tuerkiye","status":"publish","type":"page","link":"https:\/\/medicaltravel.at\/tr\/estetik-cerrahi\/tedavi-yelpazesi\/uest-kol-germe-bacak-germe-uyluk-germe-tuerkiye\/","title":{"rendered":"\u00dcst Kol Germe, Bacak Germe, Uyluk Germe T\u00fcrkiye"},"content":{"rendered":"\t\t<div data-elementor-type=\"wp-page\" data-elementor-id=\"5257\" class=\"elementor elementor-5257 elementor-940\" data-elementor-post-type=\"page\">\n\t\t\t\t<div class=\"elementor-element elementor-element-6e6dd117 e-flex e-con-boxed wpr-particle-no wpr-jarallax-no wpr-parallax-no wpr-sticky-section-no e-con e-parent\" data-id=\"6e6dd117\" data-element_type=\"container\" data-e-type=\"container\">\n\t\t\t\t\t<div class=\"e-con-inner\">\n\t\t<div class=\"elementor-element elementor-element-80b8687 e-con-full e-flex wpr-particle-no wpr-jarallax-no wpr-parallax-no wpr-sticky-section-no e-con e-child\" data-id=\"80b8687\" data-element_type=\"container\" data-e-type=\"container\">\n\t\t\t\t<div class=\"elementor-element elementor-element-6f5b44c elementor-widget elementor-widget-button\" data-id=\"6f5b44c\" data-element_type=\"widget\" data-e-type=\"widget\" data-widget_type=\"button.default\">\n\t\t\t\t\t\t\t\t\t\t<a class=\"elementor-button elementor-button-link elementor-size-sm\" href=\"https:\/\/medicaltravel.at\/tr\/tedavi-yelpazesi\/meme-ameliyatlari-meme-bueyuetme-meme-kuecueltme-meme-diklestirme\/\">\n\t\t\t\t\t\t<span class=\"elementor-button-content-wrapper\">\n\t\t\t\t\t\t\t\t\t<span class=\"elementor-button-text\">Meme Ameliyatlar\u0131<\/span>\n\t\t\t\t\t<\/span>\n\t\t\t\t\t<\/a>\n\t\t\t\t\t\t\t\t<\/div>\n\t\t\t\t<div class=\"elementor-element elementor-element-b1d260b elementor-widget elementor-widget-button\" data-id=\"b1d260b\" data-element_type=\"widget\" data-e-type=\"widget\" data-widget_type=\"button.default\">\n\t\t\t\t\t\t\t\t\t\t<a class=\"elementor-button elementor-button-link elementor-size-sm\" href=\"https:\/\/medicaltravel.at\/tr\/tedavi-yelpazesi\/liposuction-yag-aldirma-istanbul-antalya-izmir-tuerkiye\/\">\n\t\t\t\t\t\t<span class=\"elementor-button-content-wrapper\">\n\t\t\t\t\t\t\t\t\t<span class=\"elementor-button-text\">Ya\u011f Ald\u0131rma (Liposuction)<\/span>\n\t\t\t\t\t<\/span>\n\t\t\t\t\t<\/a>\n\t\t\t\t\t\t\t\t<\/div>\n\t\t\t\t<div class=\"elementor-element elementor-element-dfaf5c0 elementor-widget elementor-widget-button\" data-id=\"dfaf5c0\" data-element_type=\"widget\" data-e-type=\"widget\" data-widget_type=\"button.default\">\n\t\t\t\t\t\t\t\t\t\t<a class=\"elementor-button elementor-button-link elementor-size-sm\" href=\"https:\/\/medicaltravel.at\/schoenheitsoperation\/behandlungsspektrum\/bauchstaffung-tuerkei-istanbul\/\">\n\t\t\t\t\t\t<span class=\"elementor-button-content-wrapper\">\n\t\t\t\t\t\t\t\t\t<span class=\"elementor-button-text\">Kar\u0131n Germe Ameliyat\u0131<\/span>\n\t\t\t\t\t<\/span>\n\t\t\t\t\t<\/a>\n\t\t\t\t\t\t\t\t<\/div>\n\t\t\t\t<div class=\"elementor-element elementor-element-e28e611 elementor-widget elementor-widget-button\" data-id=\"e28e611\" data-element_type=\"widget\" data-e-type=\"widget\" data-widget_type=\"button.default\">\n\t\t\t\t\t\t\t\t\t\t<a class=\"elementor-button elementor-button-link elementor-size-sm\" href=\"https:\/\/medicaltravel.at\/schoenheitsoperation\/behandlungsspektrum\/augenlidkorrektur-tuerkei-istanbul\/\">\n\t\t\t\t\t\t<span class=\"elementor-button-content-wrapper\">\n\t\t\t\t\t\t\t\t\t<span class=\"elementor-button-text\">G\u00f6z Kapa\u011f\u0131 D\u00fczeltme Ameliyat\u0131<\/span>\n\t\t\t\t\t<\/span>\n\t\t\t\t\t<\/a>\n\t\t\t\t\t\t\t\t<\/div>\n\t\t\t\t<div class=\"elementor-element elementor-element-5d79fec elementor-widget elementor-widget-button\" data-id=\"5d79fec\" data-element_type=\"widget\" data-e-type=\"widget\" data-widget_type=\"button.default\">\n\t\t\t\t\t\t\t\t\t\t<a class=\"elementor-button elementor-button-link elementor-size-sm\" href=\"https:\/\/medicaltravel.at\/tr\/tedavi-yelpazesi\/burun-estetigi-burun-ameliyati-tuerkiye-istanbul-antalya-izmir\/\">\n\t\t\t\t\t\t<span class=\"elementor-button-content-wrapper\">\n\t\t\t\t\t\t\t\t\t<span class=\"elementor-button-text\">Burun Esteti\u011fi<\/span>\n\t\t\t\t\t<\/span>\n\t\t\t\t\t<\/a>\n\t\t\t\t\t\t\t\t<\/div>\n\t\t\t\t<div class=\"elementor-element elementor-element-1aeec54 elementor-widget elementor-widget-button\" data-id=\"1aeec54\" data-element_type=\"widget\" data-e-type=\"widget\" data-widget_type=\"button.default\">\n\t\t\t\t\t\t\t\t\t\t<a class=\"elementor-button elementor-button-link elementor-size-sm\" href=\"https:\/\/medicaltravel.at\/tr\/tedavi-yelpazesi\/yuez-germe-yuez-sikilastirma-facelift-tuerkiyede-istanbul-antalya-izmir\/\">\n\t\t\t\t\t\t<span class=\"elementor-button-content-wrapper\">\n\t\t\t\t\t\t\t\t\t<span class=\"elementor-button-text\">Y\u00fcz Germe<\/span>\n\t\t\t\t\t<\/span>\n\t\t\t\t\t<\/a>\n\t\t\t\t\t\t\t\t<\/div>\n\t\t\t\t<div class=\"elementor-element elementor-element-c013490 elementor-widget elementor-widget-button\" data-id=\"c013490\" data-element_type=\"widget\" data-e-type=\"widget\" data-widget_type=\"button.default\">\n\t\t\t\t\t\t\t\t\t\t<a class=\"elementor-button elementor-button-link elementor-size-sm\" href=\"https:\/\/medicaltravel.at\/tr\/tedavi-yelpazesi\/kulak-estetigi-otoplasti-tuerkiye-istanbul-antalya-izmir\/\">\n\t\t\t\t\t\t<span class=\"elementor-button-content-wrapper\">\n\t\t\t\t\t\t\t\t\t<span class=\"elementor-button-text\">Kulak D\u00fczeltme Ameliyat\u0131<\/span>\n\t\t\t\t\t<\/span>\n\t\t\t\t\t<\/a>\n\t\t\t\t\t\t\t\t<\/div>\n\t\t\t\t<div class=\"elementor-element elementor-element-ad861ee elementor-widget elementor-widget-button\" data-id=\"ad861ee\" data-element_type=\"widget\" data-e-type=\"widget\" data-widget_type=\"button.default\">\n\t\t\t\t\t\t\t\t\t\t<a class=\"elementor-button elementor-button-link elementor-size-sm\" href=\"https:\/\/medicaltravel.at\/tr\/tedavi-yelpazesi\/uest-kol-germe-bacak-germe-uyluk-germe-tuerkiye\/\">\n\t\t\t\t\t\t<span class=\"elementor-button-content-wrapper\">\n\t\t\t\t\t\t\t\t\t<span class=\"elementor-button-text\">\u00dcst Kol Germe Ameliyat\u0131<\/span>\n\t\t\t\t\t<\/span>\n\t\t\t\t\t<\/a>\n\t\t\t\t\t\t\t\t<\/div>\n\t\t\t\t<\/div>\n\t\t\t\t<div class=\"elementor-element elementor-element-5a9e181b elementor-widget elementor-widget-text-editor\" data-id=\"5a9e181b\" data-element_type=\"widget\" data-e-type=\"widget\" data-widget_type=\"text-editor.default\">\n\t\t\t\t\t\t\t\t\t\n<h2 class=\"wp-block-heading\">Bacak Germe, \u00dcst kol Germe T\u00fcrkiye \u0130stanbul Antalya<\/h2>\n\n<h2 class=\"wp-block-heading\"><strong>Kol Germe \u2013 Uyluk Germe \u2013 Bacak Germe<\/strong><\/h2>\n\n<p><strong>Kol Germe T\u00fcrkiye\u2019de<\/strong><br>\u00dcst kol germe (\u00fcst kol s\u0131k\u0131la\u015ft\u0131rma), \u00fcst kol b\u00f6lgesindeki deriyi s\u0131k\u0131la\u015ft\u0131rmak ve konturu iyile\u015ftirmek i\u00e7in yap\u0131lan cerrahi bir i\u015flemdir. Bu tamamen estetik ama\u00e7l\u0131 bir operasyondur ve deneyimli bir cerrah taraf\u0131ndan yap\u0131l\u0131r. \u00dcst kol germenin nedenleri, \u00f6zellikle kollar 90\u00b0 kald\u0131r\u0131ld\u0131\u011f\u0131nda i\u00e7 kolda g\u00f6r\u00fclen sark\u0131k ve k\u0131r\u0131\u015f\u0131k deri fazlal\u0131klar\u0131d\u0131r. Bu durum hastalar i\u00e7in psikolojik bir rahats\u0131zl\u0131k yaratabilir ve a\u015fa\u011f\u0131daki fakt\u00f6rlerden kaynaklanabilir:<br>\u2013 Do\u011fal ya\u015flanma s\u00fcreci ile derinin gev\u015femesi<br>\u2013 Ba\u011f dokusunun do\u011fu\u015ftan zay\u0131f olmas\u0131<br>\u2013 Obezite (a\u015f\u0131r\u0131 kilo)<br>\u2013 B\u00fcy\u00fck kilo kay\u0131plar\u0131   <\/p>\n\n<p>\u00dcst kol germe, sadece liposuction (ya\u011f ald\u0131rma) ile sarkan deri nedeniyle istenen sonucun art\u0131k al\u0131namayaca\u011f\u0131 durumlarda uygulan\u0131r.<\/p>\n\n<figure class=\"wp-block-image size-full\"><img fetchpriority=\"high\" decoding=\"async\" width=\"349\" height=\"233\" class=\"wp-image-1660\" src=\"https:\/\/medicaltravel.at\/wp-content\/uploads\/2025\/09\/Armstraffung-Oberschenkelstraffung-Beinstraffung-in-der-Turkei-Istanbul-Antalya.jpg\" alt=\"\" srcset=\"https:\/\/medicaltravel.at\/wp-content\/uploads\/2025\/09\/Armstraffung-Oberschenkelstraffung-Beinstraffung-in-der-Turkei-Istanbul-Antalya.jpg 349w, https:\/\/medicaltravel.at\/wp-content\/uploads\/2025\/09\/Armstraffung-Oberschenkelstraffung-Beinstraffung-in-der-Turkei-Istanbul-Antalya-300x200.jpg 300w\" sizes=\"(max-width: 349px) 100vw, 349px\" \/><\/figure>\n\n<p id=\"caption-attachment-189\">Kol ve bacak germe i\u015flemleriniz T\u00fcrkiye\u2019de \u00f6zenle yap\u0131l\u0131r.<\/p>\n\n<p><em>Ameliyat \u00d6ncesi<\/em><\/p>\n\n<p>Bu tamamen estetik bir i\u015flem oldu\u011fu i\u00e7in hastaya olas\u0131 komplikasyonlar, yan etkiler ve sonu\u00e7lar hakk\u0131nda detayl\u0131 bilgi verilmelidir. Operasyon, uzun izler b\u0131rak\u0131r ve bu izlerin varl\u0131\u011f\u0131, \u00fcst kol germe faydas\u0131yla kar\u015f\u0131la\u015ft\u0131r\u0131lmal\u0131d\u0131r. <\/p>\n\n<p><em>Ameliyat\u0131n \u0130\u015fleyi\u015fi veya S\u00fcreci<\/em><\/p>\n\n<p>Di\u011fer \u00f6zel tekniklerin yan\u0131 s\u0131ra, i\u011f \u015feklinde \u00e7\u0131karma (deri veya doku alan\u0131n\u0131n i\u011f \u015feklinde kesilmesi) \u00fcst kol germenin en basit yoludur. Her ki\u015fide farkl\u0131 olan v\u00fccut \u00f6zellikleri gibi bireysel anatomik farkl\u0131l\u0131klar, cerrah\u0131n deneyimine ba\u011fl\u0131 olarak operasyon tekni\u011finin uyarlanmas\u0131n\u0131 gerektirebilir. <\/p>\n\n<p>\u0130\u015flem genellikle lokal anestezi ile yap\u0131l\u0131r, istenirse genel anestezi de uygulanabilir. Kesik genellikle bisepsin olu\u015fturdu\u011fu do\u011fal bir \u00e7izgi olan i\u00e7 kol biseps olu\u011fu boyunca yap\u0131l\u0131r. Daha sonra iz tam olarak bu \u00e7izgi \u00fczerinde olur ve daha az fark edilir. <\/p>\n\n<p>Fazla doku ve deri par\u00e7alar\u0131 \u00e7\u0131kar\u0131ld\u0131ktan sonra yara dikilir, koltuk alt\u0131 b\u00f6lgesindeki diki\u015f ise d\u00fcz de\u011fil, zikzak \u015feklinde olur. \u0130\u015flemden sonra kola hafif\u00e7e bask\u0131 uygulayan bir bandaj tak\u0131l\u0131r. <\/p>\n\n<p><em>Ameliyat Sonras\u0131<\/em><\/p>\n\n<p>Ameliyattan sonra ilk 2 g\u00fcn kollar hafif\u00e7e yukar\u0131da tutulur, bu \u015fi\u015fli\u011fi azaltmaya yard\u0131mc\u0131 olur. Hafif bir kompresyon bandaj\u0131 da \u015fi\u015fli\u011fin inmesini destekler. \u00d6n\u00fcm\u00fczdeki 4 hafta boyunca kollar\u0131 fazla zorlayacak aktivitelerden ka\u00e7\u0131n\u0131lmal\u0131d\u0131r.  <\/p>\n\n<p><em>Sizin faydan\u0131z veya avantaj\u0131n\u0131z<\/em><\/p>\n\n<p>\u00dcst kol germe, size g\u00fczel bir \u00fcst kol konturu kazand\u0131rabilecek daha b\u00fcy\u00fck bir cerrahi i\u015flemdir ve \u00f6zg\u00fcveninizi art\u0131rabilir. \u00d6zellikle b\u00fcy\u00fck kilo kay\u0131plar\u0131ndan sonra, bu operasyon bir\u00e7ok hasta i\u00e7in son ve anlaml\u0131 bir ad\u0131m olarak iyi hissetmeye yard\u0131mc\u0131 olur. <\/p>\n\n<p><strong>Uyluk Germe T\u00fcrkiye\u2019de \u2013 \u0130stanbul \u2013 Antalya<\/strong><\/p>\n\n<p>Uyluk germe, estetik t\u0131p kapsam\u0131nda yap\u0131lan bir cerrahi i\u015flemdir ve do\u011fal, g\u00fczel bir uyluk konturu olu\u015fturmay\u0131 ve eski haline getirmeyi ama\u00e7lar. \u00d6zellikle kad\u0131n hastalar, yan uyluk b\u00f6lgesindeki ya\u011f birikimlerinden, yani halk aras\u0131nda bilinen \u201cbinici pantolonu\u201dndan s\u0131k\u00e7a \u015fik\u00e2yet eder. <\/p>\n\n<p>Uyluk i\u00e7 k\u0131sm\u0131ndaki genellikle sarkan deri ile birlikte, hastalar estetik beklentilerini kar\u015f\u0131lamayan bir g\u00f6r\u00fcn\u00fcmle kar\u015f\u0131la\u015f\u0131r. Bunun sonucu olarak \u00f6zg\u00fcven d\u00fc\u015febilir ve sosyal hayat\u0131 etkileyebilir. <\/p>\n\n<p>Estetik olmayan uyluk konturunun nedenleri \u00e7e\u015fitlidir:<br>\u2013 Ya\u015flanmaya ba\u011fl\u0131 olarak deri ve ya\u011f dokusunun sarkmas\u0131<br>\u2013 Genetik olarak dokunun gev\u015fek olmas\u0131, \u00f6rne\u011fin ba\u011f dokusu zay\u0131fl\u0131\u011f\u0131<br>\u2013 Do\u011fu\u015ftan zay\u0131f geli\u015fmi\u015f uyluk kaslar\u0131<br>\u2013 B\u00fcy\u00fck kilo kay\u0131plar\u0131<\/p>\n\n<p>Bu nedenler genellikle fiziksel egzersiz veya beslenme de\u011fi\u015fikli\u011fi ile d\u00fczeltilemez, bu y\u00fczden operasyon tek etkili ve ba\u015far\u0131l\u0131 \u00e7\u00f6z\u00fcm olarak \u00f6ne \u00e7\u0131kar.<\/p>\n\n<p><em>Ameliyat\u0131n \u0130\u015fleyi\u015fi veya S\u00fcreci<\/em><\/p>\n\n<p>Uyluk konturunun g\u00fczelle\u015ftirilmesi genellikle liposuction (ya\u011f ald\u0131rma) ile birlikte yap\u0131l\u0131r; bu \u00f6zellikle yan uyluklardaki ya\u011f birikimlerini (binici pantolonu) azalt\u0131r.<\/p>\n\n<p>As\u0131l uyluk germe, uyluk i\u00e7 k\u0131sm\u0131 b\u00f6lgesinde yap\u0131l\u0131r. Operasyon \u00f6ncesinde cerrah, hastayla ayakta dururken kesilecek hatt\u0131 i\u015faretler. Diki\u015fler daha sonra kas\u0131k b\u00f6lgesine paralel ilerler. Fazla deri ve ya\u011f dokusu i\u011f \u015feklinde \u00e7\u0131kar\u0131l\u0131r ve hastan\u0131n v\u00fccut yap\u0131s\u0131na g\u00f6re \u015fekillendirilir.   <\/p>\n\n<p>Kesinin boyutu \u00e7\u0131kar\u0131lacak doku miktar\u0131na g\u00f6re belirlenir. Deri \u00e7\u0131kar\u0131ld\u0131ktan ve diki\u015f at\u0131ld\u0131ktan sonra uyluk dokusu gerilir ve kontur d\u00fczeltilir. <\/p>\n\n<p>Operasyon yakla\u015f\u0131k 2 saat s\u00fcrer ve genel anestezi alt\u0131nda yap\u0131l\u0131r; ayr\u0131ca alt v\u00fccut b\u00f6lgesinin anestezi ile uyu\u015fturulmas\u0131 (belden i\u011fneyle) de m\u00fcmk\u00fcnd\u00fcr.<\/p>\n\n<p><em>Ameliyat Sonras\u0131<\/em><\/p>\n\n<p>S\u0131kl\u0131kla uzun olan diki\u015flerin d\u00fczenli kontrol\u00fc \u00e7ok \u00f6nemlidir, \u00e7\u00fcnk\u00fc yara iyile\u015fme sorunlar\u0131 olu\u015fabilir. Yakla\u015f\u0131k 2 g\u00fcn sonra du\u015f almak m\u00fcmk\u00fcnd\u00fcr ve b\u00f6lgelerin temiz tutulmas\u0131 i\u00e7in \u00f6nerilir. <\/p>\n\n<p>Hasta, ilk 2 hafta boyunca spor ve a\u011f\u0131r fiziksel aktivitelerden ka\u00e7\u0131nmal\u0131 ve sonras\u0131nda yava\u015f yava\u015f g\u00fc\u00e7lendirme egzersizlerine ba\u015flamal\u0131d\u0131r.<\/p>\n\n<p>Genellikle bir kompresyon terapisi (kompresyon korsesi ile) uygulan\u0131r; bu, istenen uyluk konturuna destek ve \u015fekil kazand\u0131r\u0131r.<\/p>\n\n<p><strong>T\u00fcrkiye\u2019de \u00fcst kol ve uyluk germe ne kadar tutar<\/strong><br>\u00dcst kol germe yakla\u015f\u0131k 3300 Euro<br>Uyluk germe yakla\u015f\u0131k 4000 Euro<\/p>\n\n<p><strong>Fiyat\u0131 nas\u0131l \u00f6\u011frenebilirim<\/strong><br>Bize etkilenen b\u00f6lgelerin foto\u011fraflar\u0131n\u0131 <a href=\"https:\/\/medicaltravel.at\/kontakt\/\" data-type=\"page\" data-id=\"976\">buradan<\/a> veya <a href=\"https:\/\/web.whatsapp.com\/send?phone=41%2078%20737%2035%2041&amp;text=&amp;source=&amp;data=\" target=\"_blank\" rel=\"noopener\">WhatsApp<\/a> \u00fczerinden, kilo, boy ve ya\u015f bilgileri ile birlikte g\u00f6nderin. Doktorlar\u0131m\u0131z bunu memnuniyetle de\u011ferlendirecektir. <\/p>\n\t\t\t\t\t\t\t\t<\/div>\n\t\t\t\t\t<\/div>\n\t\t\t\t<\/div>\n\t\t\t\t<\/div>\n\t\t","protected":false},"excerpt":{"rendered":"<p>Meme Ameliyatlar\u0131 Ya\u011f Ald\u0131rma (Liposuction) Kar\u0131n Germe Ameliyat\u0131 G\u00f6z Kapa\u011f\u0131 D\u00fczeltme Ameliyat\u0131 Burun Esteti\u011fi Y\u00fcz Germe Kulak D\u00fczeltme Ameliyat\u0131 \u00dcst Kol Germe Ameliyat\u0131 Bacak Germe, \u00dcst kol Germe T\u00fcrkiye \u0130stanbul Antalya Kol Germe \u2013 Uyluk Germe \u2013 Bacak Germe Kol Germe T\u00fcrkiye\u2019de\u00dcst kol germe (\u00fcst kol s\u0131k\u0131la\u015ft\u0131rma), \u00fcst kol b\u00f6lgesindeki deriyi s\u0131k\u0131la\u015ft\u0131rmak ve konturu iyile\u015ftirmek i\u00e7in yap\u0131lan cerrahi bir i\u015flemdir. Bu tamamen estetik ama\u00e7l\u0131 bir operasyondur ve deneyimli bir cerrah taraf\u0131ndan yap\u0131l\u0131r. \u00dcst kol germenin nedenleri, \u00f6zellikle kollar 90\u00b0 kald\u0131r\u0131ld\u0131\u011f\u0131nda i\u00e7 kolda g\u00f6r\u00fclen sark\u0131k ve k\u0131r\u0131\u015f\u0131k deri fazlal\u0131klar\u0131d\u0131r. Bu durum hastalar i\u00e7in psikolojik bir rahats\u0131zl\u0131k yaratabilir ve a\u015fa\u011f\u0131daki fakt\u00f6rlerden kaynaklanabilir:\u2013 Do\u011fal ya\u015flanma s\u00fcreci ile derinin gev\u015femesi\u2013 Ba\u011f dokusunun do\u011fu\u015ftan zay\u0131f olmas\u0131\u2013 Obezite (a\u015f\u0131r\u0131 kilo)\u2013 B\u00fcy\u00fck kilo kay\u0131plar\u0131 \u00dcst kol germe, sadece liposuction (ya\u011f ald\u0131rma) ile sarkan deri nedeniyle istenen sonucun art\u0131k al\u0131namayaca\u011f\u0131 durumlarda uygulan\u0131r. Kol ve bacak germe i\u015flemleriniz T\u00fcrkiye\u2019de \u00f6zenle yap\u0131l\u0131r. Ameliyat \u00d6ncesi Bu tamamen estetik bir i\u015flem oldu\u011fu i\u00e7in hastaya olas\u0131 komplikasyonlar, yan etkiler ve sonu\u00e7lar hakk\u0131nda detayl\u0131 bilgi verilmelidir. Operasyon, uzun izler b\u0131rak\u0131r ve bu izlerin varl\u0131\u011f\u0131, \u00fcst kol germe faydas\u0131yla kar\u015f\u0131la\u015ft\u0131r\u0131lmal\u0131d\u0131r. Ameliyat\u0131n \u0130\u015fleyi\u015fi veya S\u00fcreci Di\u011fer \u00f6zel tekniklerin yan\u0131 s\u0131ra, i\u011f \u015feklinde \u00e7\u0131karma (deri veya doku alan\u0131n\u0131n i\u011f \u015feklinde kesilmesi) \u00fcst kol germenin en basit yoludur. Her ki\u015fide farkl\u0131 olan v\u00fccut \u00f6zellikleri gibi bireysel anatomik farkl\u0131l\u0131klar, cerrah\u0131n deneyimine ba\u011fl\u0131 olarak operasyon tekni\u011finin uyarlanmas\u0131n\u0131 gerektirebilir. \u0130\u015flem genellikle lokal anestezi ile yap\u0131l\u0131r, istenirse genel anestezi de uygulanabilir. Kesik genellikle bisepsin olu\u015fturdu\u011fu do\u011fal bir \u00e7izgi olan i\u00e7 kol biseps olu\u011fu boyunca yap\u0131l\u0131r. Daha sonra iz tam olarak bu \u00e7izgi \u00fczerinde olur ve daha az fark edilir. Fazla doku ve deri par\u00e7alar\u0131 \u00e7\u0131kar\u0131ld\u0131ktan sonra yara dikilir, koltuk alt\u0131 b\u00f6lgesindeki diki\u015f ise d\u00fcz de\u011fil, zikzak \u015feklinde olur. \u0130\u015flemden sonra kola hafif\u00e7e bask\u0131 uygulayan bir bandaj tak\u0131l\u0131r. Ameliyat Sonras\u0131 Ameliyattan sonra ilk 2 g\u00fcn kollar hafif\u00e7e yukar\u0131da tutulur, bu \u015fi\u015fli\u011fi azaltmaya yard\u0131mc\u0131 olur. Hafif bir kompresyon bandaj\u0131 da \u015fi\u015fli\u011fin inmesini destekler. \u00d6n\u00fcm\u00fczdeki 4 hafta boyunca kollar\u0131 fazla zorlayacak aktivitelerden ka\u00e7\u0131n\u0131lmal\u0131d\u0131r. Sizin faydan\u0131z veya avantaj\u0131n\u0131z \u00dcst kol germe, size g\u00fczel bir \u00fcst kol konturu kazand\u0131rabilecek daha b\u00fcy\u00fck bir cerrahi i\u015flemdir ve \u00f6zg\u00fcveninizi art\u0131rabilir. \u00d6zellikle b\u00fcy\u00fck kilo kay\u0131plar\u0131ndan sonra, bu operasyon bir\u00e7ok hasta i\u00e7in son ve anlaml\u0131 bir ad\u0131m olarak iyi hissetmeye yard\u0131mc\u0131 olur. Uyluk Germe T\u00fcrkiye\u2019de \u2013 \u0130stanbul \u2013 Antalya Uyluk germe, estetik t\u0131p kapsam\u0131nda yap\u0131lan bir cerrahi i\u015flemdir ve do\u011fal, g\u00fczel bir uyluk konturu olu\u015fturmay\u0131 ve eski haline getirmeyi ama\u00e7lar. \u00d6zellikle kad\u0131n hastalar, yan uyluk b\u00f6lgesindeki ya\u011f birikimlerinden, yani halk aras\u0131nda bilinen \u201cbinici pantolonu\u201dndan s\u0131k\u00e7a \u015fik\u00e2yet eder. Uyluk i\u00e7 k\u0131sm\u0131ndaki genellikle sarkan deri ile birlikte, hastalar estetik beklentilerini kar\u015f\u0131lamayan bir g\u00f6r\u00fcn\u00fcmle kar\u015f\u0131la\u015f\u0131r. Bunun sonucu olarak \u00f6zg\u00fcven d\u00fc\u015febilir ve sosyal hayat\u0131 etkileyebilir. Estetik olmayan uyluk konturunun nedenleri \u00e7e\u015fitlidir:\u2013 Ya\u015flanmaya ba\u011fl\u0131 olarak deri ve ya\u011f dokusunun sarkmas\u0131\u2013 Genetik olarak dokunun gev\u015fek olmas\u0131, \u00f6rne\u011fin ba\u011f dokusu zay\u0131fl\u0131\u011f\u0131\u2013 Do\u011fu\u015ftan zay\u0131f geli\u015fmi\u015f uyluk kaslar\u0131\u2013 B\u00fcy\u00fck kilo kay\u0131plar\u0131 Bu nedenler genellikle fiziksel egzersiz veya beslenme de\u011fi\u015fikli\u011fi ile d\u00fczeltilemez, bu y\u00fczden operasyon tek etkili ve ba\u015far\u0131l\u0131 \u00e7\u00f6z\u00fcm olarak \u00f6ne \u00e7\u0131kar. Ameliyat\u0131n \u0130\u015fleyi\u015fi veya S\u00fcreci Uyluk konturunun g\u00fczelle\u015ftirilmesi genellikle liposuction (ya\u011f ald\u0131rma) ile birlikte yap\u0131l\u0131r; bu \u00f6zellikle yan uyluklardaki ya\u011f birikimlerini (binici pantolonu) azalt\u0131r. As\u0131l uyluk germe, uyluk i\u00e7 k\u0131sm\u0131 b\u00f6lgesinde yap\u0131l\u0131r. Operasyon \u00f6ncesinde cerrah, hastayla ayakta dururken kesilecek hatt\u0131 i\u015faretler. Diki\u015fler daha sonra kas\u0131k b\u00f6lgesine paralel ilerler. Fazla deri ve ya\u011f dokusu i\u011f \u015feklinde \u00e7\u0131kar\u0131l\u0131r ve hastan\u0131n v\u00fccut yap\u0131s\u0131na g\u00f6re \u015fekillendirilir. Kesinin boyutu \u00e7\u0131kar\u0131lacak doku miktar\u0131na g\u00f6re belirlenir. Deri \u00e7\u0131kar\u0131ld\u0131ktan ve diki\u015f at\u0131ld\u0131ktan sonra uyluk dokusu gerilir ve kontur d\u00fczeltilir. Operasyon yakla\u015f\u0131k 2 saat s\u00fcrer ve genel anestezi alt\u0131nda yap\u0131l\u0131r; ayr\u0131ca alt v\u00fccut b\u00f6lgesinin anestezi ile uyu\u015fturulmas\u0131 (belden i\u011fneyle) de m\u00fcmk\u00fcnd\u00fcr. Ameliyat Sonras\u0131 S\u0131kl\u0131kla uzun olan diki\u015flerin d\u00fczenli kontrol\u00fc \u00e7ok \u00f6nemlidir, \u00e7\u00fcnk\u00fc yara iyile\u015fme sorunlar\u0131 olu\u015fabilir. Yakla\u015f\u0131k 2 g\u00fcn sonra du\u015f almak m\u00fcmk\u00fcnd\u00fcr ve b\u00f6lgelerin temiz tutulmas\u0131 i\u00e7in \u00f6nerilir. Hasta, ilk 2 hafta boyunca spor ve a\u011f\u0131r fiziksel aktivitelerden ka\u00e7\u0131nmal\u0131 ve sonras\u0131nda yava\u015f yava\u015f g\u00fc\u00e7lendirme egzersizlerine ba\u015flamal\u0131d\u0131r. Genellikle bir kompresyon terapisi (kompresyon korsesi ile) uygulan\u0131r; bu, istenen uyluk konturuna destek ve \u015fekil kazand\u0131r\u0131r. T\u00fcrkiye\u2019de \u00fcst kol ve uyluk germe ne kadar tutar\u00dcst kol germe yakla\u015f\u0131k 3300 EuroUyluk germe yakla\u015f\u0131k 4000 Euro Fiyat\u0131 nas\u0131l \u00f6\u011frenebilirimBize etkilenen b\u00f6lgelerin foto\u011fraflar\u0131n\u0131 buradan veya WhatsApp \u00fczerinden, kilo, boy ve ya\u015f bilgileri ile birlikte g\u00f6nderin. Doktorlar\u0131m\u0131z bunu memnuniyetle de\u011ferlendirecektir.<\/p>\n","protected":false},"author":4,"featured_media":0,"parent":5296,"menu_order":0,"comment_status":"closed","ping_status":"closed","template":"","meta":{"_joinchat":[],"footnotes":""},"class_list":["post-5257","page","type-page","status-publish","hentry"],"acf":[],"_links":{"self":[{"href":"https:\/\/medicaltravel.at\/tr\/wp-json\/wp\/v2\/pages\/5257","targetHints":{"allow":["GET"]}}],"collection":[{"href":"https:\/\/medicaltravel.at\/tr\/wp-json\/wp\/v2\/pages"}],"about":[{"href":"https:\/\/medicaltravel.at\/tr\/wp-json\/wp\/v2\/types\/page"}],"author":[{"embeddable":true,"href":"https:\/\/medicaltravel.at\/tr\/wp-json\/wp\/v2\/users\/4"}],"replies":[{"embeddable":true,"href":"https:\/\/medicaltravel.at\/tr\/wp-json\/wp\/v2\/comments?post=5257"}],"version-history":[{"count":6,"href":"https:\/\/medicaltravel.at\/tr\/wp-json\/wp\/v2\/pages\/5257\/revisions"}],"predecessor-version":[{"id":5302,"href":"https:\/\/medicaltravel.at\/tr\/wp-json\/wp\/v2\/pages\/5257\/revisions\/5302"}],"up":[{"embeddable":true,"href":"https:\/\/medicaltravel.at\/tr\/wp-json\/wp\/v2\/pages\/5296"}],"wp:attachment":[{"href":"https:\/\/medicaltravel.at\/tr\/wp-json\/wp\/v2\/media?parent=5257"}],"curies":[{"name":"wp","href":"https:\/\/api.w.org\/{rel}","templated":true}]}}