{"id":5246,"date":"2025-09-27T16:11:42","date_gmt":"2025-09-27T15:11:42","guid":{"rendered":"https:\/\/medicaltravel.at\/kulak-estetigi-otoplasti-tuerkiye-istanbul-antalya-izmir\/"},"modified":"2026-01-04T14:45:53","modified_gmt":"2026-01-04T13:45:53","slug":"kulak-estetigi-otoplasti-tuerkiye-istanbul-antalya-izmir","status":"publish","type":"page","link":"https:\/\/medicaltravel.at\/tr\/estetik-cerrahi\/tedavi-yelpazesi\/kulak-estetigi-otoplasti-tuerkiye-istanbul-antalya-izmir\/","title":{"rendered":"Kulak esteti\u011fi (Otoplasti) T\u00fcrkiye \u2013 \u0130stanbul, Antalya, \u0130zmir"},"content":{"rendered":"\t\t<div data-elementor-type=\"wp-page\" data-elementor-id=\"5246\" class=\"elementor elementor-5246 elementor-938\" data-elementor-post-type=\"page\">\n\t\t\t\t<div class=\"elementor-element elementor-element-4ac673cd e-flex e-con-boxed wpr-particle-no wpr-jarallax-no wpr-parallax-no wpr-sticky-section-no e-con e-parent\" data-id=\"4ac673cd\" data-element_type=\"container\" data-e-type=\"container\">\n\t\t\t\t\t<div class=\"e-con-inner\">\n\t\t<div class=\"elementor-element elementor-element-4331dca e-con-full e-flex wpr-particle-no wpr-jarallax-no wpr-parallax-no wpr-sticky-section-no e-con e-child\" data-id=\"4331dca\" data-element_type=\"container\" data-e-type=\"container\">\n\t\t\t\t<div class=\"elementor-element elementor-element-c50c826 elementor-widget elementor-widget-button\" data-id=\"c50c826\" data-element_type=\"widget\" data-e-type=\"widget\" data-widget_type=\"button.default\">\n\t\t\t\t\t\t\t\t\t\t<a class=\"elementor-button elementor-button-link elementor-size-sm\" href=\"https:\/\/medicaltravel.at\/tr\/tedavi-yelpazesi\/meme-ameliyatlari-meme-bueyuetme-meme-kuecueltme-meme-diklestirme\/\">\n\t\t\t\t\t\t<span class=\"elementor-button-content-wrapper\">\n\t\t\t\t\t\t\t\t\t<span class=\"elementor-button-text\">Meme Ameliyatlar\u0131<\/span>\n\t\t\t\t\t<\/span>\n\t\t\t\t\t<\/a>\n\t\t\t\t\t\t\t\t<\/div>\n\t\t\t\t<div class=\"elementor-element elementor-element-0f7e091 elementor-widget elementor-widget-button\" data-id=\"0f7e091\" data-element_type=\"widget\" data-e-type=\"widget\" data-widget_type=\"button.default\">\n\t\t\t\t\t\t\t\t\t\t<a class=\"elementor-button elementor-button-link elementor-size-sm\" href=\"https:\/\/medicaltravel.at\/tr\/tedavi-yelpazesi\/liposuction-yag-aldirma-istanbul-antalya-izmir-tuerkiye\/\">\n\t\t\t\t\t\t<span class=\"elementor-button-content-wrapper\">\n\t\t\t\t\t\t\t\t\t<span class=\"elementor-button-text\">Ya\u011f Ald\u0131rma (Liposuction)<\/span>\n\t\t\t\t\t<\/span>\n\t\t\t\t\t<\/a>\n\t\t\t\t\t\t\t\t<\/div>\n\t\t\t\t<div class=\"elementor-element elementor-element-9ca23ea elementor-widget elementor-widget-button\" data-id=\"9ca23ea\" data-element_type=\"widget\" data-e-type=\"widget\" data-widget_type=\"button.default\">\n\t\t\t\t\t\t\t\t\t\t<a class=\"elementor-button elementor-button-link elementor-size-sm\" href=\"https:\/\/medicaltravel.at\/schoenheitsoperation\/behandlungsspektrum\/bauchstaffung-tuerkei-istanbul\/\">\n\t\t\t\t\t\t<span class=\"elementor-button-content-wrapper\">\n\t\t\t\t\t\t\t\t\t<span class=\"elementor-button-text\">Kar\u0131n Germe Ameliyat\u0131<\/span>\n\t\t\t\t\t<\/span>\n\t\t\t\t\t<\/a>\n\t\t\t\t\t\t\t\t<\/div>\n\t\t\t\t<div class=\"elementor-element elementor-element-8c01203 elementor-widget elementor-widget-button\" data-id=\"8c01203\" data-element_type=\"widget\" data-e-type=\"widget\" data-widget_type=\"button.default\">\n\t\t\t\t\t\t\t\t\t\t<a class=\"elementor-button elementor-button-link elementor-size-sm\" href=\"https:\/\/medicaltravel.at\/schoenheitsoperation\/behandlungsspektrum\/augenlidkorrektur-tuerkei-istanbul\/\">\n\t\t\t\t\t\t<span class=\"elementor-button-content-wrapper\">\n\t\t\t\t\t\t\t\t\t<span class=\"elementor-button-text\">G\u00f6z Kapa\u011f\u0131 D\u00fczeltme Ameliyat\u0131<\/span>\n\t\t\t\t\t<\/span>\n\t\t\t\t\t<\/a>\n\t\t\t\t\t\t\t\t<\/div>\n\t\t\t\t<div class=\"elementor-element elementor-element-24c2046 elementor-widget elementor-widget-button\" data-id=\"24c2046\" data-element_type=\"widget\" data-e-type=\"widget\" data-widget_type=\"button.default\">\n\t\t\t\t\t\t\t\t\t\t<a class=\"elementor-button elementor-button-link elementor-size-sm\" href=\"https:\/\/medicaltravel.at\/tr\/tedavi-yelpazesi\/burun-estetigi-burun-ameliyati-tuerkiye-istanbul-antalya-izmir\/\">\n\t\t\t\t\t\t<span class=\"elementor-button-content-wrapper\">\n\t\t\t\t\t\t\t\t\t<span class=\"elementor-button-text\">Burun Esteti\u011fi<\/span>\n\t\t\t\t\t<\/span>\n\t\t\t\t\t<\/a>\n\t\t\t\t\t\t\t\t<\/div>\n\t\t\t\t<div class=\"elementor-element elementor-element-6f5bf38 elementor-widget elementor-widget-button\" data-id=\"6f5bf38\" data-element_type=\"widget\" data-e-type=\"widget\" data-widget_type=\"button.default\">\n\t\t\t\t\t\t\t\t\t\t<a class=\"elementor-button elementor-button-link elementor-size-sm\" href=\"https:\/\/medicaltravel.at\/tr\/tedavi-yelpazesi\/yuez-germe-yuez-sikilastirma-facelift-tuerkiyede-istanbul-antalya-izmir\/\">\n\t\t\t\t\t\t<span class=\"elementor-button-content-wrapper\">\n\t\t\t\t\t\t\t\t\t<span class=\"elementor-button-text\">Y\u00fcz Germe<\/span>\n\t\t\t\t\t<\/span>\n\t\t\t\t\t<\/a>\n\t\t\t\t\t\t\t\t<\/div>\n\t\t\t\t<div class=\"elementor-element elementor-element-eeddf14 elementor-widget elementor-widget-button\" data-id=\"eeddf14\" data-element_type=\"widget\" data-e-type=\"widget\" data-widget_type=\"button.default\">\n\t\t\t\t\t\t\t\t\t\t<a class=\"elementor-button elementor-button-link elementor-size-sm\" href=\"https:\/\/medicaltravel.at\/tr\/tedavi-yelpazesi\/kulak-estetigi-otoplasti-tuerkiye-istanbul-antalya-izmir\/\">\n\t\t\t\t\t\t<span class=\"elementor-button-content-wrapper\">\n\t\t\t\t\t\t\t\t\t<span class=\"elementor-button-text\">Kulak D\u00fczeltme Ameliyat\u0131<\/span>\n\t\t\t\t\t<\/span>\n\t\t\t\t\t<\/a>\n\t\t\t\t\t\t\t\t<\/div>\n\t\t\t\t<div class=\"elementor-element elementor-element-4b1fd39 elementor-widget elementor-widget-button\" data-id=\"4b1fd39\" data-element_type=\"widget\" data-e-type=\"widget\" data-widget_type=\"button.default\">\n\t\t\t\t\t\t\t\t\t\t<a class=\"elementor-button elementor-button-link elementor-size-sm\" href=\"https:\/\/medicaltravel.at\/tr\/tedavi-yelpazesi\/uest-kol-germe-bacak-germe-uyluk-germe-tuerkiye\/\">\n\t\t\t\t\t\t<span class=\"elementor-button-content-wrapper\">\n\t\t\t\t\t\t\t\t\t<span class=\"elementor-button-text\">\u00dcst Kol Germe Ameliyat\u0131<\/span>\n\t\t\t\t\t<\/span>\n\t\t\t\t\t<\/a>\n\t\t\t\t\t\t\t\t<\/div>\n\t\t\t\t<\/div>\n\t\t\t\t<div class=\"elementor-element elementor-element-fd8c830 elementor-widget elementor-widget-text-editor\" data-id=\"fd8c830\" data-element_type=\"widget\" data-e-type=\"widget\" data-widget_type=\"text-editor.default\">\n\t\t\t\t\t\t\t\t\t\n<h2 class=\"wp-block-heading\">Kulak Esteti\u011fi (Otoplasti) T\u00fcrkiye \u2013 \u0130stanbul, Antalya, \u0130zmir<\/h2>\n\n<h2 class=\"wp-block-heading\"><strong>\u0130stanbul ve Antalya\u2019da Kulak Esteti\u011fi (Otoplasti)<\/strong><\/h2>\n\n<p><strong>Kulak D\u00fczeltme Ameliyat\u0131<\/strong><\/p>\n\n<p>\u00c7\u0131k\u0131k kulaklar bir\u00e7ok ki\u015fi i\u00e7in bir sorun olu\u015fturur. \u00c7ocuk ya\u015fta bile alay ve tak\u0131lmalara yol a\u00e7abilir. Bu deneyimler haf\u0131zam\u0131zda yer eder ve gelece\u011fimizi ile geli\u015fimimizi etkileyebilir.  <\/p>\n\n<p>Bu nedenle \u00e7\u0131k\u0131k kulak d\u00fczeltme i\u015flemi g\u00fcn\u00fcm\u00fczde \u00e7o\u011funlukla okul \u00f6ncesi d\u00f6nemde yap\u0131l\u0131r, b\u00f6ylece \u00e7ocuklar k\u00f6t\u00fc deneyimlerden korunmu\u015f olur.<\/p>\n\n<p>Ancak hayatlar\u0131 boyunca kulaklar\u0131ndan dolay\u0131 rahats\u0131zl\u0131k ya\u015fayan yeti\u015fkinler de ba\u015far\u0131l\u0131 bir \u015fekilde tedavi edilebilir.<\/p>\n\n<p>\u00c7\u0131k\u0131k kulaklar\u0131n nedeni, do\u011fu\u015ftan gelen bir k\u0131k\u0131rdak \u015fekil bozuklu\u011fu olabilece\u011fi gibi, b\u00fcy\u00fcme s\u0131ras\u0131nda k\u0131k\u0131rda\u011f\u0131n d\u00fczensiz geli\u015fimi de olabilir.<\/p>\n\n<figure class=\"wp-block-image size-full\"><img fetchpriority=\"high\" decoding=\"async\" width=\"236\" height=\"233\" class=\"wp-image-1657\" src=\"https:\/\/medicaltravel.at\/wp-content\/uploads\/2025\/09\/Ohrenkorrekturen-mit-bester-Qualitat-in-der-Turkei-Istanbul-Antalya.jpg\" alt=\"\"><\/figure>\n\n<p id=\"caption-attachment-184\">T\u00fcrkiye\u2019deki kulak esteti\u011fi (Otoplasti) planlamas\u0131n\u0131 sizinle birlikte yap\u0131yoruz.<\/p>\n\n<p><em>Ameliyat \u00d6ncesi<\/em><\/p>\n\n<p>Ameliyattan \u00f6nce yakla\u015f\u0131k bir hafta boyunca aspirin kullanmamal\u0131s\u0131n\u0131z. (Aspirin ve di\u011fer baz\u0131 a\u011fr\u0131 kesiciler kan\u0131n p\u0131ht\u0131la\u015fmas\u0131n\u0131 geciktirir, bu nedenle morarma riski artar) <\/p>\n\n<p>Sigara i\u00e7enler, yara iyile\u015fme sorunlar\u0131n\u0131 \u00f6nlemek i\u00e7in ameliyattan d\u00f6rt hafta \u00f6nce sigara t\u00fcketimini m\u00fcmk\u00fcn oldu\u011funca azaltmaya ba\u015flamal\u0131d\u0131r.<\/p>\n\n<p><em>Ameliyat\u0131n \u0130\u015fleyi\u015fi veya S\u00fcreci<\/em><\/p>\n\n<p>Kulak esteti\u011fi genellikle lokal anestezi ile yap\u0131l\u0131r (iste\u011fe ba\u011fl\u0131 olarak genel anestezi de m\u00fcmk\u00fcnd\u00fcr) ve i\u015flemden sonra siz veya \u00e7ocu\u011funuz klini\u011fi tekrar terk edebilir.<\/p>\n\n<p>Kulaklar\u0131 d\u00fczeltmek i\u00e7in bir\u00e7ok farkl\u0131 teknik vard\u0131r. Temel prensip, ya fazla k\u0131k\u0131rda\u011f\u0131n al\u0131nmas\u0131 ya da kulak kenar\u0131n\u0131n yeniden \u015fekillendirilmesidir. <\/p>\n\n<p>\u00d6ncelikle kulak arkas\u0131ndaki deri k\u0131vr\u0131m\u0131na bir kesi yap\u0131l\u0131r ve deri ile k\u0131k\u0131rdak dikkatlice birbirinden ayr\u0131l\u0131r. K\u0131k\u0131rdak a\u00e7\u0131\u011fa \u00e7\u0131kt\u0131\u011f\u0131nda, \u00f6zel aletler kullan\u0131larak yeniden \u015fekillendirilebilir. <\/p>\n\n<p>K\u0131k\u0131rdak bazen k\u0131smen \u00e7\u0131kar\u0131l\u0131r, t\u00f6rp\u00fclenir veya \u00e7izilir. Yeni \u015fekil daha sonra diki\u015flerle sabitlenir ve yara kenarlar\u0131 dikilir. <\/p>\n\n<p><em>Ameliyat Sonras\u0131<\/em><\/p>\n\n<p>Daha sonra \u00f6zel bir bandaj (tercihen c\u0131rtl\u0131 kafa band\u0131) 2 hafta boyunca hem g\u00fcnd\u00fcz hem gece tak\u0131l\u0131r, ard\u0131ndan 2 hafta boyunca sadece gece kullan\u0131l\u0131r.<\/p>\n\n<p>Diki\u015fler kendili\u011finden eridi\u011fi i\u00e7in al\u0131nmalar\u0131na gerek yoktur. Kulak arkas\u0131 izleri zamanla kaybolur ve yakla\u015f\u0131k iki-\u00fc\u00e7 ay sonra nihai sonu\u00e7 g\u00f6r\u00fcl\u00fcr. <\/p>\n\n<p><em>Sizin faydan\u0131z veya avantaj\u0131n\u0131z<\/em><\/p>\n\n<p>\u00c7ocuklar, kulak esteti\u011fi sayesinde b\u00fcy\u00fck s\u0131k\u0131nt\u0131lardan korunur; \u00e7\u00fcnk\u00fc \u00e7ocuklar aras\u0131nda s\u0131k\u00e7a g\u00f6r\u00fclen alay ve tak\u0131lmalara maruz kalmak zorunda kalmazlar.<\/p>\n\n<p>Y\u0131llar veya hatta on y\u0131llar boyunca \u00e7\u0131k\u0131k kulaklar\u0131ndan rahats\u0131zl\u0131k duymu\u015f yeti\u015fkinler i\u00e7in bu ameliyat, onlara yeni bir ya\u015fam hissi ve daha g\u00fc\u00e7l\u00fc bir \u00f6zg\u00fcven kazand\u0131racakt\u0131r.<\/p>\n\n<p><strong>T\u00fcrkiye\u2019de kulak esteti\u011fi (otoplasti) \u00fccretleri ne kadar?<br><\/strong>\u00dccreti, kullan\u0131lan y\u00f6ntem ve i\u015flemin kapsam\u0131na g\u00f6re 1500 Euro\u2019dan ba\u015flamaktad\u0131r.<\/p>\n\n<p><strong>Fiyat\u0131 nas\u0131l \u00f6\u011frenebilirim?<\/strong><br>Etkilenen b\u00f6lgelerin foto\u011fraflar\u0131n\u0131 <a href=\"https:\/\/medicaltravel.at\/kontakt\/\" data-type=\"page\" data-id=\"976\">buradan<\/a> ya da <a href=\"https:\/\/web.whatsapp.com\/send?phone=41%2078%20737%2035%2041&amp;text=&amp;source=&amp;data=\" target=\"_blank\" rel=\"noopener\">WhatsApp<\/a> \u00fczerinden, kilo, boy ve ya\u015f bilgilerinle birlikte bize g\u00f6nder. Doktorlar\u0131m\u0131z bunu memnuniyetle de\u011ferlendirecektir. <\/p>\n\t\t\t\t\t\t\t\t<\/div>\n\t\t\t\t\t<\/div>\n\t\t\t\t<\/div>\n\t\t\t\t<\/div>\n\t\t","protected":false},"excerpt":{"rendered":"<p>Meme Ameliyatlar\u0131 Ya\u011f Ald\u0131rma (Liposuction) Kar\u0131n Germe Ameliyat\u0131 G\u00f6z Kapa\u011f\u0131 D\u00fczeltme Ameliyat\u0131 Burun Esteti\u011fi Y\u00fcz Germe Kulak D\u00fczeltme Ameliyat\u0131 \u00dcst Kol Germe Ameliyat\u0131 Kulak Esteti\u011fi (Otoplasti) T\u00fcrkiye \u2013 \u0130stanbul, Antalya, \u0130zmir \u0130stanbul ve Antalya\u2019da Kulak Esteti\u011fi (Otoplasti) Kulak D\u00fczeltme Ameliyat\u0131 \u00c7\u0131k\u0131k kulaklar bir\u00e7ok ki\u015fi i\u00e7in bir sorun olu\u015fturur. \u00c7ocuk ya\u015fta bile alay ve tak\u0131lmalara yol a\u00e7abilir. Bu deneyimler haf\u0131zam\u0131zda yer eder ve gelece\u011fimizi ile geli\u015fimimizi etkileyebilir. Bu nedenle \u00e7\u0131k\u0131k kulak d\u00fczeltme i\u015flemi g\u00fcn\u00fcm\u00fczde \u00e7o\u011funlukla okul \u00f6ncesi d\u00f6nemde yap\u0131l\u0131r, b\u00f6ylece \u00e7ocuklar k\u00f6t\u00fc deneyimlerden korunmu\u015f olur. Ancak hayatlar\u0131 boyunca kulaklar\u0131ndan dolay\u0131 rahats\u0131zl\u0131k ya\u015fayan yeti\u015fkinler de ba\u015far\u0131l\u0131 bir \u015fekilde tedavi edilebilir. \u00c7\u0131k\u0131k kulaklar\u0131n nedeni, do\u011fu\u015ftan gelen bir k\u0131k\u0131rdak \u015fekil bozuklu\u011fu olabilece\u011fi gibi, b\u00fcy\u00fcme s\u0131ras\u0131nda k\u0131k\u0131rda\u011f\u0131n d\u00fczensiz geli\u015fimi de olabilir. T\u00fcrkiye\u2019deki kulak esteti\u011fi (Otoplasti) planlamas\u0131n\u0131 sizinle birlikte yap\u0131yoruz. Ameliyat \u00d6ncesi Ameliyattan \u00f6nce yakla\u015f\u0131k bir hafta boyunca aspirin kullanmamal\u0131s\u0131n\u0131z. (Aspirin ve di\u011fer baz\u0131 a\u011fr\u0131 kesiciler kan\u0131n p\u0131ht\u0131la\u015fmas\u0131n\u0131 geciktirir, bu nedenle morarma riski artar) Sigara i\u00e7enler, yara iyile\u015fme sorunlar\u0131n\u0131 \u00f6nlemek i\u00e7in ameliyattan d\u00f6rt hafta \u00f6nce sigara t\u00fcketimini m\u00fcmk\u00fcn oldu\u011funca azaltmaya ba\u015flamal\u0131d\u0131r. Ameliyat\u0131n \u0130\u015fleyi\u015fi veya S\u00fcreci Kulak esteti\u011fi genellikle lokal anestezi ile yap\u0131l\u0131r (iste\u011fe ba\u011fl\u0131 olarak genel anestezi de m\u00fcmk\u00fcnd\u00fcr) ve i\u015flemden sonra siz veya \u00e7ocu\u011funuz klini\u011fi tekrar terk edebilir. Kulaklar\u0131 d\u00fczeltmek i\u00e7in bir\u00e7ok farkl\u0131 teknik vard\u0131r. Temel prensip, ya fazla k\u0131k\u0131rda\u011f\u0131n al\u0131nmas\u0131 ya da kulak kenar\u0131n\u0131n yeniden \u015fekillendirilmesidir. \u00d6ncelikle kulak arkas\u0131ndaki deri k\u0131vr\u0131m\u0131na bir kesi yap\u0131l\u0131r ve deri ile k\u0131k\u0131rdak dikkatlice birbirinden ayr\u0131l\u0131r. K\u0131k\u0131rdak a\u00e7\u0131\u011fa \u00e7\u0131kt\u0131\u011f\u0131nda, \u00f6zel aletler kullan\u0131larak yeniden \u015fekillendirilebilir. K\u0131k\u0131rdak bazen k\u0131smen \u00e7\u0131kar\u0131l\u0131r, t\u00f6rp\u00fclenir veya \u00e7izilir. Yeni \u015fekil daha sonra diki\u015flerle sabitlenir ve yara kenarlar\u0131 dikilir. Ameliyat Sonras\u0131 Daha sonra \u00f6zel bir bandaj (tercihen c\u0131rtl\u0131 kafa band\u0131) 2 hafta boyunca hem g\u00fcnd\u00fcz hem gece tak\u0131l\u0131r, ard\u0131ndan 2 hafta boyunca sadece gece kullan\u0131l\u0131r. Diki\u015fler kendili\u011finden eridi\u011fi i\u00e7in al\u0131nmalar\u0131na gerek yoktur. Kulak arkas\u0131 izleri zamanla kaybolur ve yakla\u015f\u0131k iki-\u00fc\u00e7 ay sonra nihai sonu\u00e7 g\u00f6r\u00fcl\u00fcr. Sizin faydan\u0131z veya avantaj\u0131n\u0131z \u00c7ocuklar, kulak esteti\u011fi sayesinde b\u00fcy\u00fck s\u0131k\u0131nt\u0131lardan korunur; \u00e7\u00fcnk\u00fc \u00e7ocuklar aras\u0131nda s\u0131k\u00e7a g\u00f6r\u00fclen alay ve tak\u0131lmalara maruz kalmak zorunda kalmazlar. Y\u0131llar veya hatta on y\u0131llar boyunca \u00e7\u0131k\u0131k kulaklar\u0131ndan rahats\u0131zl\u0131k duymu\u015f yeti\u015fkinler i\u00e7in bu ameliyat, onlara yeni bir ya\u015fam hissi ve daha g\u00fc\u00e7l\u00fc bir \u00f6zg\u00fcven kazand\u0131racakt\u0131r. T\u00fcrkiye\u2019de kulak esteti\u011fi (otoplasti) \u00fccretleri ne kadar?\u00dccreti, kullan\u0131lan y\u00f6ntem ve i\u015flemin kapsam\u0131na g\u00f6re 1500 Euro\u2019dan ba\u015flamaktad\u0131r. Fiyat\u0131 nas\u0131l \u00f6\u011frenebilirim?Etkilenen b\u00f6lgelerin foto\u011fraflar\u0131n\u0131 buradan ya da WhatsApp \u00fczerinden, kilo, boy ve ya\u015f bilgilerinle birlikte bize g\u00f6nder. Doktorlar\u0131m\u0131z bunu memnuniyetle de\u011ferlendirecektir.<\/p>\n","protected":false},"author":4,"featured_media":0,"parent":5296,"menu_order":0,"comment_status":"closed","ping_status":"closed","template":"","meta":{"_joinchat":[],"footnotes":""},"class_list":["post-5246","page","type-page","status-publish","hentry"],"acf":[],"_links":{"self":[{"href":"https:\/\/medicaltravel.at\/tr\/wp-json\/wp\/v2\/pages\/5246","targetHints":{"allow":["GET"]}}],"collection":[{"href":"https:\/\/medicaltravel.at\/tr\/wp-json\/wp\/v2\/pages"}],"about":[{"href":"https:\/\/medicaltravel.at\/tr\/wp-json\/wp\/v2\/types\/page"}],"author":[{"embeddable":true,"href":"https:\/\/medicaltravel.at\/tr\/wp-json\/wp\/v2\/users\/4"}],"replies":[{"embeddable":true,"href":"https:\/\/medicaltravel.at\/tr\/wp-json\/wp\/v2\/comments?post=5246"}],"version-history":[{"count":9,"href":"https:\/\/medicaltravel.at\/tr\/wp-json\/wp\/v2\/pages\/5246\/revisions"}],"predecessor-version":[{"id":5301,"href":"https:\/\/medicaltravel.at\/tr\/wp-json\/wp\/v2\/pages\/5246\/revisions\/5301"}],"up":[{"embeddable":true,"href":"https:\/\/medicaltravel.at\/tr\/wp-json\/wp\/v2\/pages\/5296"}],"wp:attachment":[{"href":"https:\/\/medicaltravel.at\/tr\/wp-json\/wp\/v2\/media?parent=5246"}],"curies":[{"name":"wp","href":"https:\/\/api.w.org\/{rel}","templated":true}]}}