{"id":5235,"date":"2025-09-28T21:27:55","date_gmt":"2025-09-28T20:27:55","guid":{"rendered":"https:\/\/medicaltravel.at\/antalyada-sac-ekimi-icin-en-iyi-sac-klinigi\/"},"modified":"2026-01-04T02:02:03","modified_gmt":"2026-01-04T01:02:03","slug":"antalyada-sac-ekimi-icin-en-iyi-sac-klinigi","status":"publish","type":"page","link":"https:\/\/medicaltravel.at\/tr\/estetik-cerrahi\/hastaneler\/antalyada-sac-ekimi-icin-en-iyi-sac-klinigi\/","title":{"rendered":"Antalya\u2019da Sa\u00e7 Ekimi \u0130\u00e7in En \u0130yi Sa\u00e7 Klini\u011fi"},"content":{"rendered":"\t\t<div data-elementor-type=\"wp-page\" data-elementor-id=\"5235\" class=\"elementor elementor-5235 elementor-1696\" data-elementor-post-type=\"page\">\n\t\t\t\t<div class=\"elementor-element elementor-element-190cdf1e e-flex e-con-boxed wpr-particle-no wpr-jarallax-no wpr-parallax-no wpr-sticky-section-no e-con e-parent\" data-id=\"190cdf1e\" data-element_type=\"container\" data-e-type=\"container\">\n\t\t\t\t\t<div class=\"e-con-inner\">\n\t\t<div class=\"elementor-element elementor-element-6e28be7 e-con-full e-flex wpr-particle-no wpr-jarallax-no wpr-parallax-no wpr-sticky-section-no e-con e-child\" data-id=\"6e28be7\" data-element_type=\"container\" data-e-type=\"container\">\n\t\t\t\t<div class=\"elementor-element elementor-element-29961c4 elementor-widget elementor-widget-button\" data-id=\"29961c4\" data-element_type=\"widget\" data-e-type=\"widget\" data-widget_type=\"button.default\">\n\t\t\t\t\t\t\t\t\t\t<a class=\"elementor-button elementor-button-link elementor-size-sm\" href=\"https:\/\/medicaltravel.at\/tr\/sac-ekimi\/hastaneler\/istanbulda-sac-ekimi-icin-en-iyi-sac-klinigi\/\">\n\t\t\t\t\t\t<span class=\"elementor-button-content-wrapper\">\n\t\t\t\t\t\t\t\t\t<span class=\"elementor-button-text\">\u0130stanbul<\/span>\n\t\t\t\t\t<\/span>\n\t\t\t\t\t<\/a>\n\t\t\t\t\t\t\t\t<\/div>\n\t\t\t\t<div class=\"elementor-element elementor-element-6f46d65 elementor-widget elementor-widget-button\" data-id=\"6f46d65\" data-element_type=\"widget\" data-e-type=\"widget\" data-widget_type=\"button.default\">\n\t\t\t\t\t\t\t\t\t\t<a class=\"elementor-button elementor-button-link elementor-size-sm\" href=\"https:\/\/medicaltravel.at\/tr\/hastaneler\/antalyada-sac-ekimi-icin-en-iyi-sac-klinigi\/\">\n\t\t\t\t\t\t<span class=\"elementor-button-content-wrapper\">\n\t\t\t\t\t\t\t\t\t<span class=\"elementor-button-text\">Antalya<\/span>\n\t\t\t\t\t<\/span>\n\t\t\t\t\t<\/a>\n\t\t\t\t\t\t\t\t<\/div>\n\t\t\t\t<div class=\"elementor-element elementor-element-56fac82 elementor-widget elementor-widget-button\" data-id=\"56fac82\" data-element_type=\"widget\" data-e-type=\"widget\" data-widget_type=\"button.default\">\n\t\t\t\t\t\t\t\t\t\t<a class=\"elementor-button elementor-button-link elementor-size-sm\" href=\"https:\/\/medicaltravel.at\/tr\/hastaneler\/izmirde-sac-ekimi-icin-en-iyi-sac-klinigi\/\">\n\t\t\t\t\t\t<span class=\"elementor-button-content-wrapper\">\n\t\t\t\t\t\t\t\t\t<span class=\"elementor-button-text\">\u0130zmir<\/span>\n\t\t\t\t\t<\/span>\n\t\t\t\t\t<\/a>\n\t\t\t\t\t\t\t\t<\/div>\n\t\t\t\t<\/div>\n\t\t\t\t<div class=\"elementor-element elementor-element-72b55546 elementor-widget elementor-widget-text-editor\" data-id=\"72b55546\" data-element_type=\"widget\" data-e-type=\"widget\" data-widget_type=\"text-editor.default\">\n\t\t\t\t\t\t\t\t\t<h2 class=\"wp-block-heading\">Antalya\u2019da sa\u00e7 ekimi i\u00e7in en iyi sa\u00e7 klini\u011fi<\/h2>\n<p><strong>Antalya\u2019da Sa\u00e7 Ekimi<\/strong><\/p>\n<figure class=\"wp-block-image size-full\"><img fetchpriority=\"high\" decoding=\"async\" width=\"200\" height=\"300\" class=\"wp-image-1708\" src=\"https:\/\/medicaltravel.at\/wp-content\/uploads\/2025\/09\/Seda_Erdogan_8_klein-200x300-1.jpg\" alt=\"\"><\/figure>\n<p id=\"caption-attachment-7900\"><strong>Dr. Seda Erdo\u011fan<\/strong><\/p>\n<p>Antalya\u2019daki <strong>SE Sa\u00e7 Klini\u011fi<\/strong>, dermatolog <strong>Dr. Seda Erdo\u011fan<\/strong> y\u00f6netiminde, en yeni cihazlar ve teknolojiye sahiptir. Antalya\u2019n\u0131n en sayg\u0131n \u00f6zel kliniklerinden biridir. <\/p>\n<p>AB hijyen <strong>standartlar\u0131 \u00e7ok a\u015f\u0131lm\u0131\u015ft\u0131r<\/strong><\/p>\n<p>Sa\u00e7 ekimi ekibi \u00f6zellikle m\u00fckemmel sonu\u00e7lar i\u00e7in <a href=\"https:\/\/medicaltravel.at\/tr\/sac-ekimi\/hizmet-yelpazesi\/dhi-sac-ekimi-istanbul-tuerkiye-antalya-izmir\/\" data-type=\"page\" data-id=\"1702\">DHI<\/a> y\u00f6ntemini sunmaktad\u0131r.<\/p>\n<p>Antalya\u2019daki tatilinizi, en kaliteli sa\u00e7 ekimi ile birle\u015ftirin!<\/p>\n<figure class=\"wp-block-image size-large\"><img decoding=\"async\" width=\"1024\" height=\"682\" class=\"wp-image-1710\" src=\"https:\/\/medicaltravel.at\/wp-content\/uploads\/2025\/09\/Seda_Erdogan_haartransplantation_9-1024x682.jpg\" alt=\"\" srcset=\"https:\/\/medicaltravel.at\/wp-content\/uploads\/2025\/09\/Seda_Erdogan_haartransplantation_9-1024x682.jpg 1024w, https:\/\/medicaltravel.at\/wp-content\/uploads\/2025\/09\/Seda_Erdogan_haartransplantation_9-300x200.jpg 300w, https:\/\/medicaltravel.at\/wp-content\/uploads\/2025\/09\/Seda_Erdogan_haartransplantation_9-768x512.jpg 768w, https:\/\/medicaltravel.at\/wp-content\/uploads\/2025\/09\/Seda_Erdogan_haartransplantation_9.jpg 1400w\" sizes=\"(max-width: 1024px) 100vw, 1024px\" \/><\/figure>\n<p id=\"caption-attachment-7902\">Antalya\u2019da en iyi sa\u00e7 ekimi<\/p>\n<figure class=\"wp-block-image size-full\"><img decoding=\"async\" width=\"300\" height=\"200\" class=\"wp-image-1711\" src=\"https:\/\/medicaltravel.at\/wp-content\/uploads\/2025\/09\/SE_Klinik_9-300x200-1.jpg\" alt=\"\"><\/figure>\n<p id=\"caption-attachment-7901\">Antalya\u2019n\u0131n en iyi sa\u00e7 klini\u011fi<\/p>\n<p><strong>Neden bizi se\u00e7melisiniz?<\/strong><\/p>\n<ul class=\"wp-block-list\">\n<li>Doktor tedaviyi planlar ve denetler<\/li>\n<li>Klinik, sa\u011fl\u0131k otoriteleri taraf\u0131ndan sertifikaland\u0131r\u0131lm\u0131\u015ft\u0131r<\/li>\n<li>Dermatolog ayr\u0131ca \u00e7e\u015fitli cilt tedavileri de sunmaktad\u0131r.<\/li>\n<li><strong>Almanca ve \u0130ngilizce<\/strong> dahil olmak \u00fczere bir\u00e7ok <strong>dilde<\/strong> hizmet verilmektedir.<\/li>\n<li>Tedavi, Avusturya\u2019da \u00f6denenden \u00e7ok daha uyguna mal olmaktad\u0131r.<\/li>\n<li>Tedavi, Avusturya\u2019da \u00f6denenden \u00e7ok daha uyguna mal olmaktad\u0131r.<\/li>\n<\/ul>\n<p>Klinik, geni\u015f hizmet yelpazesi sayesinde hastalara farkl\u0131 tedavi se\u00e7enekleri sunmaktad\u0131r; bunlar\u0131n aras\u0131nda \u00e7e\u015fitli cilt tedavileri de bulunmaktad\u0131r. Sunulan operasyonlarda b\u00fcy\u00fck deneyime sahip olan klinik, y\u00fcksek standartlarda hizmet ve en kaliteli bak\u0131m ile hizmetinizdedir. <\/p>\n<p>A\u015fa\u011f\u0131daki tedaviler de sunulmaktad\u0131r:<br>\u2013 Cilt gen\u00e7le\u015ftirme<br>\u2013 3D cilt analizi<br>\u2013 Botoks ve dolgu uygulamalar\u0131<br>\u2013 G\u00f6z \u00e7evresi lazer uygulamalar\u0131<br>\u2013 \u0130p germe (Fadenlift)<br>\u2013 Akne tedavisi<br>\u2013 Dudak d\u00fczeltme ve benzeri i\u015flemler<\/p>\n<p><strong>Antalya sa\u00e7 ekimi \u00f6ncesi ve sonras\u0131 foto\u011fraflar\u0131<\/strong><\/p>\n<p><br>Antalya sa\u00e7 ekimi \u00f6ncesi ve sonras\u0131<\/p>\n<figure class=\"wp-block-image size-full\"><img loading=\"lazy\" decoding=\"async\" width=\"300\" height=\"300\" class=\"wp-image-1712\" src=\"https:\/\/medicaltravel.at\/wp-content\/uploads\/2025\/09\/IMG_0781-300x300-1.jpg\" alt=\"\" srcset=\"https:\/\/medicaltravel.at\/wp-content\/uploads\/2025\/09\/IMG_0781-300x300-1.jpg 300w, https:\/\/medicaltravel.at\/wp-content\/uploads\/2025\/09\/IMG_0781-300x300-1-150x150.jpg 150w\" sizes=\"(max-width: 300px) 100vw, 300px\" \/><\/figure>\n<p><br>Antalya sakal ekimi \u00f6ncesi ve sonras\u0131<\/p>\n<figure class=\"wp-block-image size-full\"><img loading=\"lazy\" decoding=\"async\" width=\"300\" height=\"228\" class=\"wp-image-1713\" src=\"https:\/\/medicaltravel.at\/wp-content\/uploads\/2025\/09\/IMG_0782-300x228-1.jpg\" alt=\"\"><\/figure>\n<p><br>Antalya sa\u00e7 ekimi \u00f6ncesi ve sonras\u0131<\/p>\n<figure class=\"wp-block-image size-full\"><img loading=\"lazy\" decoding=\"async\" width=\"300\" height=\"300\" class=\"wp-image-1714\" src=\"https:\/\/medicaltravel.at\/wp-content\/uploads\/2025\/09\/IMG_0788-300x300-1.jpg\" alt=\"\" srcset=\"https:\/\/medicaltravel.at\/wp-content\/uploads\/2025\/09\/IMG_0788-300x300-1.jpg 300w, https:\/\/medicaltravel.at\/wp-content\/uploads\/2025\/09\/IMG_0788-300x300-1-150x150.jpg 150w\" sizes=\"(max-width: 300px) 100vw, 300px\" \/><\/figure>\n<p><br>Antalya sa\u00e7 klini\u011fi \u00f6ncesi ve sonras\u0131<\/p>\n<figure class=\"wp-block-image size-full\"><img loading=\"lazy\" decoding=\"async\" width=\"300\" height=\"300\" class=\"wp-image-1715\" src=\"https:\/\/medicaltravel.at\/wp-content\/uploads\/2025\/09\/IMG_0790-300x300-1.jpg\" alt=\"\" srcset=\"https:\/\/medicaltravel.at\/wp-content\/uploads\/2025\/09\/IMG_0790-300x300-1.jpg 300w, https:\/\/medicaltravel.at\/wp-content\/uploads\/2025\/09\/IMG_0790-300x300-1-150x150.jpg 150w\" sizes=\"(max-width: 300px) 100vw, 300px\" \/><\/figure>\n<p>Antalya DHI sa\u00e7 ekimi \u00f6ncesi ve sonras\u0131<\/p>\n<figure class=\"wp-block-image size-full\"><img loading=\"lazy\" decoding=\"async\" width=\"300\" height=\"300\" class=\"wp-image-1716\" src=\"https:\/\/medicaltravel.at\/wp-content\/uploads\/2025\/09\/IMG_0791-300x300-1.jpg\" alt=\"\" srcset=\"https:\/\/medicaltravel.at\/wp-content\/uploads\/2025\/09\/IMG_0791-300x300-1.jpg 300w, https:\/\/medicaltravel.at\/wp-content\/uploads\/2025\/09\/IMG_0791-300x300-1-150x150.jpg 150w\" sizes=\"(max-width: 300px) 100vw, 300px\" \/><\/figure>\n<p><strong>S\u0131rada ne yapmal\u0131?<\/strong><br>\u00dccretsiz de\u011ferlendirme i\u00e7in bize <strong>foto\u011fraflar\u0131n\u0131z\u0131<\/strong> <a href=\"mailto:info@medicaltravel.net\">e-posta<\/a>, <a href=\"https:\/\/medicaltravel.at\/kontakt\/\" data-type=\"page\" data-id=\"976\">buradan<\/a> veya <a href=\"https:\/\/wa.me\/41787373541\" target=\"_blank\" rel=\"noreferrer noopener\">WhatsApp<\/a> ile g\u00f6nderin<\/p>\t\t\t\t\t\t\t\t<\/div>\n\t\t\t\t\t<\/div>\n\t\t\t\t<\/div>\n\t\t\t\t<\/div>\n\t\t","protected":false},"excerpt":{"rendered":"<p>\u0130stanbul Antalya \u0130zmir Antalya\u2019da sa\u00e7 ekimi i\u00e7in en iyi sa\u00e7 klini\u011fi Antalya\u2019da Sa\u00e7 Ekimi Dr. Seda Erdo\u011fan Antalya\u2019daki SE Sa\u00e7 Klini\u011fi, dermatolog Dr. Seda Erdo\u011fan y\u00f6netiminde, en yeni cihazlar ve teknolojiye sahiptir. Antalya\u2019n\u0131n en sayg\u0131n \u00f6zel kliniklerinden biridir. AB hijyen standartlar\u0131 \u00e7ok a\u015f\u0131lm\u0131\u015ft\u0131r Sa\u00e7 ekimi ekibi \u00f6zellikle m\u00fckemmel sonu\u00e7lar i\u00e7in DHI y\u00f6ntemini sunmaktad\u0131r. Antalya\u2019daki tatilinizi, en kaliteli sa\u00e7 ekimi ile birle\u015ftirin! Antalya\u2019da en iyi sa\u00e7 ekimi Antalya\u2019n\u0131n en iyi sa\u00e7 klini\u011fi Neden bizi se\u00e7melisiniz? Doktor tedaviyi planlar ve denetler Klinik, sa\u011fl\u0131k otoriteleri taraf\u0131ndan sertifikaland\u0131r\u0131lm\u0131\u015ft\u0131r Dermatolog ayr\u0131ca \u00e7e\u015fitli cilt tedavileri de sunmaktad\u0131r. Almanca ve \u0130ngilizce dahil olmak \u00fczere bir\u00e7ok dilde hizmet verilmektedir. Tedavi, Avusturya\u2019da \u00f6denenden \u00e7ok daha uyguna mal olmaktad\u0131r. Tedavi, Avusturya\u2019da \u00f6denenden \u00e7ok daha uyguna mal olmaktad\u0131r. Klinik, geni\u015f hizmet yelpazesi sayesinde hastalara farkl\u0131 tedavi se\u00e7enekleri sunmaktad\u0131r; bunlar\u0131n aras\u0131nda \u00e7e\u015fitli cilt tedavileri de bulunmaktad\u0131r. Sunulan operasyonlarda b\u00fcy\u00fck deneyime sahip olan klinik, y\u00fcksek standartlarda hizmet ve en kaliteli bak\u0131m ile hizmetinizdedir. A\u015fa\u011f\u0131daki tedaviler de sunulmaktad\u0131r:\u2013 Cilt gen\u00e7le\u015ftirme\u2013 3D cilt analizi\u2013 Botoks ve dolgu uygulamalar\u0131\u2013 G\u00f6z \u00e7evresi lazer uygulamalar\u0131\u2013 \u0130p germe (Fadenlift)\u2013 Akne tedavisi\u2013 Dudak d\u00fczeltme ve benzeri i\u015flemler Antalya sa\u00e7 ekimi \u00f6ncesi ve sonras\u0131 foto\u011fraflar\u0131 Antalya sa\u00e7 ekimi \u00f6ncesi ve sonras\u0131 Antalya sakal ekimi \u00f6ncesi ve sonras\u0131 Antalya sa\u00e7 ekimi \u00f6ncesi ve sonras\u0131 Antalya sa\u00e7 klini\u011fi \u00f6ncesi ve sonras\u0131 Antalya DHI sa\u00e7 ekimi \u00f6ncesi ve sonras\u0131 S\u0131rada ne yapmal\u0131?\u00dccretsiz de\u011ferlendirme i\u00e7in bize foto\u011fraflar\u0131n\u0131z\u0131 e-posta, buradan veya WhatsApp ile g\u00f6nderin<\/p>\n","protected":false},"author":4,"featured_media":0,"parent":5238,"menu_order":0,"comment_status":"closed","ping_status":"closed","template":"","meta":{"_joinchat":[],"footnotes":""},"class_list":["post-5235","page","type-page","status-publish","hentry"],"acf":[],"_links":{"self":[{"href":"https:\/\/medicaltravel.at\/tr\/wp-json\/wp\/v2\/pages\/5235","targetHints":{"allow":["GET"]}}],"collection":[{"href":"https:\/\/medicaltravel.at\/tr\/wp-json\/wp\/v2\/pages"}],"about":[{"href":"https:\/\/medicaltravel.at\/tr\/wp-json\/wp\/v2\/types\/page"}],"author":[{"embeddable":true,"href":"https:\/\/medicaltravel.at\/tr\/wp-json\/wp\/v2\/users\/4"}],"replies":[{"embeddable":true,"href":"https:\/\/medicaltravel.at\/tr\/wp-json\/wp\/v2\/comments?post=5235"}],"version-history":[{"count":2,"href":"https:\/\/medicaltravel.at\/tr\/wp-json\/wp\/v2\/pages\/5235\/revisions"}],"predecessor-version":[{"id":5244,"href":"https:\/\/medicaltravel.at\/tr\/wp-json\/wp\/v2\/pages\/5235\/revisions\/5244"}],"up":[{"embeddable":true,"href":"https:\/\/medicaltravel.at\/tr\/wp-json\/wp\/v2\/pages\/5238"}],"wp:attachment":[{"href":"https:\/\/medicaltravel.at\/tr\/wp-json\/wp\/v2\/media?parent=5235"}],"curies":[{"name":"wp","href":"https:\/\/api.w.org\/{rel}","templated":true}]}}