{"id":5224,"date":"2025-09-28T21:31:24","date_gmt":"2025-09-28T20:31:24","guid":{"rendered":"https:\/\/medicaltravel.at\/izmirde-sac-ekimi-icin-en-iyi-sac-klinigi\/"},"modified":"2026-01-04T02:02:04","modified_gmt":"2026-01-04T01:02:04","slug":"izmirde-sac-ekimi-icin-en-iyi-sac-klinigi","status":"publish","type":"page","link":"https:\/\/medicaltravel.at\/tr\/estetik-cerrahi\/hastaneler\/izmirde-sac-ekimi-icin-en-iyi-sac-klinigi\/","title":{"rendered":"\u0130zmir\u2019de Sa\u00e7 Ekimi \u0130\u00e7in En \u0130yi Sa\u00e7 Klini\u011fi"},"content":{"rendered":"\t\t<div data-elementor-type=\"wp-page\" data-elementor-id=\"5224\" class=\"elementor elementor-5224 elementor-1699\" data-elementor-post-type=\"page\">\n\t\t\t\t<div class=\"elementor-element elementor-element-241cc6ff e-flex e-con-boxed wpr-particle-no wpr-jarallax-no wpr-parallax-no wpr-sticky-section-no e-con e-parent\" data-id=\"241cc6ff\" data-element_type=\"container\" data-e-type=\"container\">\n\t\t\t\t\t<div class=\"e-con-inner\">\n\t\t<div class=\"elementor-element elementor-element-8353965 e-con-full e-flex wpr-particle-no wpr-jarallax-no wpr-parallax-no wpr-sticky-section-no e-con e-child\" data-id=\"8353965\" data-element_type=\"container\" data-e-type=\"container\">\n\t\t\t\t<div class=\"elementor-element elementor-element-588276d elementor-widget elementor-widget-button\" data-id=\"588276d\" data-element_type=\"widget\" data-e-type=\"widget\" data-widget_type=\"button.default\">\n\t\t\t\t\t\t\t\t\t\t<a class=\"elementor-button elementor-button-link elementor-size-sm\" href=\"https:\/\/medicaltravel.at\/tr\/sac-ekimi\/hastaneler\/istanbulda-sac-ekimi-icin-en-iyi-sac-klinigi\/\">\n\t\t\t\t\t\t<span class=\"elementor-button-content-wrapper\">\n\t\t\t\t\t\t\t\t\t<span class=\"elementor-button-text\">\u0130stanbul<\/span>\n\t\t\t\t\t<\/span>\n\t\t\t\t\t<\/a>\n\t\t\t\t\t\t\t\t<\/div>\n\t\t\t\t<div class=\"elementor-element elementor-element-ebcd786 elementor-widget elementor-widget-button\" data-id=\"ebcd786\" data-element_type=\"widget\" data-e-type=\"widget\" data-widget_type=\"button.default\">\n\t\t\t\t\t\t\t\t\t\t<a class=\"elementor-button elementor-button-link elementor-size-sm\" href=\"https:\/\/medicaltravel.at\/tr\/hastaneler\/antalyada-sac-ekimi-icin-en-iyi-sac-klinigi\/\">\n\t\t\t\t\t\t<span class=\"elementor-button-content-wrapper\">\n\t\t\t\t\t\t\t\t\t<span class=\"elementor-button-text\">Antalya<\/span>\n\t\t\t\t\t<\/span>\n\t\t\t\t\t<\/a>\n\t\t\t\t\t\t\t\t<\/div>\n\t\t\t\t<div class=\"elementor-element elementor-element-2e6cf13 elementor-widget elementor-widget-button\" data-id=\"2e6cf13\" data-element_type=\"widget\" data-e-type=\"widget\" data-widget_type=\"button.default\">\n\t\t\t\t\t\t\t\t\t\t<a class=\"elementor-button elementor-button-link elementor-size-sm\" href=\"https:\/\/medicaltravel.at\/tr\/hastaneler\/izmirde-sac-ekimi-icin-en-iyi-sac-klinigi\/\">\n\t\t\t\t\t\t<span class=\"elementor-button-content-wrapper\">\n\t\t\t\t\t\t\t\t\t<span class=\"elementor-button-text\">\u0130zmir<\/span>\n\t\t\t\t\t<\/span>\n\t\t\t\t\t<\/a>\n\t\t\t\t\t\t\t\t<\/div>\n\t\t\t\t<\/div>\n\t\t\t\t<div class=\"elementor-element elementor-element-72a81042 elementor-widget elementor-widget-text-editor\" data-id=\"72a81042\" data-element_type=\"widget\" data-e-type=\"widget\" data-widget_type=\"text-editor.default\">\n\t\t\t\t\t\t\t\t\t<p><strong>\u0130zmir\u2019de Sa\u00e7 Ekimi<\/strong><\/p>\n<figure class=\"wp-block-image size-full\"><img fetchpriority=\"high\" decoding=\"async\" width=\"600\" height=\"333\" class=\"wp-image-1718\" src=\"https:\/\/medicaltravel.at\/wp-content\/uploads\/2025\/09\/clinichair_6.jpg\" alt=\"\" srcset=\"https:\/\/medicaltravel.at\/wp-content\/uploads\/2025\/09\/clinichair_6.jpg 600w, https:\/\/medicaltravel.at\/wp-content\/uploads\/2025\/09\/clinichair_6-300x167.jpg 300w\" sizes=\"(max-width: 600px) 100vw, 600px\" \/><\/figure>\n<p id=\"caption-attachment-8077\">\u0130zmir Sa\u00e7 Klini\u011fi<\/p>\n<p><strong>\u0130zmir\u2019deki CLINICH AIR Sa\u00e7 Klini\u011fi, uzman doktor Dr. Suat \u00d6zt\u00fcrk y\u00f6netiminde<\/strong>, t\u00fcm Avrupa\u2019dan gelen hastalara y\u00fcksek kaliteli sa\u00e7 ekimi hizmeti sunmaktad\u0131r.<\/p>\n<p>AB hijyen <strong>standartlar\u0131 \u00e7ok a\u015f\u0131lm\u0131\u015ft\u0131r<\/strong><\/p>\n<p>Sa\u00e7 ekimi ekibi, m\u00fckemmel sonu\u00e7lar i\u00e7in <a href=\"https:\/\/medicaltravel.at\/tr\/sac-ekimi\/hizmet-yelpazesi\/erkekler-icin-fue-sac-ekimi-istanbul-tuerkiye\/\" data-type=\"page\" data-id=\"1685\">FUE<\/a> ve <a href=\"https:\/\/medicaltravel.at\/tr\/sac-ekimi\/hizmet-yelpazesi\/dhi-sac-ekimi-istanbul-tuerkiye-antalya-izmir\/\" data-type=\"page\" data-id=\"1702\">DHI<\/a> y\u00f6ntemlerini sunmaktad\u0131r.<\/p>\n<p>\u0130zmir\u2019deki tatilinizi, en kaliteli sa\u00e7 ekimiyle birle\u015ftirin!<\/p>\n<figure class=\"wp-block-image size-large\"><img decoding=\"async\" width=\"1024\" height=\"682\" class=\"wp-image-1719\" src=\"https:\/\/medicaltravel.at\/wp-content\/uploads\/2025\/09\/Seda_Erdogan_haartransplantation_9-1-1024x682.jpg\" alt=\"\" srcset=\"https:\/\/medicaltravel.at\/wp-content\/uploads\/2025\/09\/Seda_Erdogan_haartransplantation_9-1-1024x682.jpg 1024w, https:\/\/medicaltravel.at\/wp-content\/uploads\/2025\/09\/Seda_Erdogan_haartransplantation_9-1-300x200.jpg 300w, https:\/\/medicaltravel.at\/wp-content\/uploads\/2025\/09\/Seda_Erdogan_haartransplantation_9-1-768x512.jpg 768w, https:\/\/medicaltravel.at\/wp-content\/uploads\/2025\/09\/Seda_Erdogan_haartransplantation_9-1.jpg 1400w\" sizes=\"(max-width: 1024px) 100vw, 1024px\" \/><\/figure>\n<p id=\"caption-attachment-7902\">\u0130zmir\u2019de en iyi sa\u00e7 ekimi<\/p>\n<figure class=\"wp-block-image size-large\"><img decoding=\"async\" width=\"1024\" height=\"576\" class=\"wp-image-1721\" src=\"https:\/\/medicaltravel.at\/wp-content\/uploads\/2025\/09\/ClinicHair_2-1024x576.jpg\" alt=\"\" srcset=\"https:\/\/medicaltravel.at\/wp-content\/uploads\/2025\/09\/ClinicHair_2-1024x576.jpg 1024w, https:\/\/medicaltravel.at\/wp-content\/uploads\/2025\/09\/ClinicHair_2-300x169.jpg 300w, https:\/\/medicaltravel.at\/wp-content\/uploads\/2025\/09\/ClinicHair_2-768x432.jpg 768w, https:\/\/medicaltravel.at\/wp-content\/uploads\/2025\/09\/ClinicHair_2.jpg 1080w\" sizes=\"(max-width: 1024px) 100vw, 1024px\" \/><\/figure>\n<p id=\"caption-attachment-8074\">\u0130zmir\u2019de Sa\u00e7 Ekimi Ekibi<\/p>\n<p><strong>Neden bizi se\u00e7melisiniz?<\/strong><\/p>\n<ul class=\"wp-block-list\">\n<li>Doktorlar tedaviyi planlar ve denetler<\/li>\n<li>Klinik, sa\u011fl\u0131k otoriteleri taraf\u0131ndan sertifikaland\u0131r\u0131lm\u0131\u015ft\u0131r<\/li>\n<li>Klinik ayr\u0131ca \u00e7e\u015fitli cilt tedavileri de sunmaktad\u0131r<\/li>\n<li><strong>Almanca ve \u0130ngilizce<\/strong> dahil olmak \u00fczere bir\u00e7ok <strong>dilde<\/strong> hizmet verilmektedir.<\/li>\n<li>Tedavi, Avusturya\u2019da \u00f6denenden \u00e7ok daha uyguna mal olmaktad\u0131r.<\/li>\n<li>Tedavi, Avusturya\u2019da \u00f6denenden \u00e7ok daha uyguna mal olmaktad\u0131r.<\/li>\n<\/ul>\n<p>Klinik, geni\u015f hizmet yelpazesi sayesinde hastalara farkl\u0131 tedavi se\u00e7enekleri sunmaktad\u0131r; bunlar\u0131n aras\u0131nda \u00e7e\u015fitli cilt tedavileri de bulunmaktad\u0131r. Sunulan operasyonlarda b\u00fcy\u00fck deneyime sahip olan klinik, y\u00fcksek standartlarda hizmet ve en kaliteli bak\u0131m ile hizmetinizdedir. <\/p>\n<p><strong>A\u015fa\u011f\u0131daki tedaviler de sunulmaktad\u0131r:<\/strong><br>\u2013 Ka\u015f ekimi<br>\u2013 Sakal ekimi<br>\u2013 Botoks ve dolgu uygulamalar\u0131<\/p>\n<p><strong>\u0130zmir sa\u00e7 ekimi \u00f6ncesi ve sonras\u0131 foto\u011fraflar\u0131<\/strong><\/p>\n<figure class=\"wp-block-image size-large\"><img loading=\"lazy\" decoding=\"async\" width=\"1024\" height=\"477\" class=\"wp-image-1722\" src=\"https:\/\/medicaltravel.at\/wp-content\/uploads\/2025\/09\/clinichair_4-1024x477.jpg\" alt=\"\" srcset=\"https:\/\/medicaltravel.at\/wp-content\/uploads\/2025\/09\/clinichair_4-1024x477.jpg 1024w, https:\/\/medicaltravel.at\/wp-content\/uploads\/2025\/09\/clinichair_4-300x140.jpg 300w, https:\/\/medicaltravel.at\/wp-content\/uploads\/2025\/09\/clinichair_4-768x358.jpg 768w, https:\/\/medicaltravel.at\/wp-content\/uploads\/2025\/09\/clinichair_4.jpg 1280w\" sizes=\"(max-width: 1024px) 100vw, 1024px\" \/><\/figure>\n<p id=\"caption-attachment-8076\">\u0130zmir sa\u00e7 ekimi \u00f6ncesi ve sonras\u0131<\/p>\n<p><strong>\u015e\u0130MD\u0130 \u00dcCRETS\u0130Z DANI\u015eMANLIK ALIN<\/strong><br>\u00dccretsiz de\u011ferlendirme i\u00e7in bize foto\u011fraflar\u0131n\u0131z\u0131 <a href=\"mailto:info@medicaltravel.net\">e-posta<\/a>, <a href=\"https:\/\/medicaltravel.at\/kontakt\/\" data-type=\"page\" data-id=\"976\">buradan<\/a> veya <a href=\"https:\/\/wa.me\/41787373541\" target=\"_blank\" rel=\"noreferrer noopener\">WhatsApp<\/a> ile <strong>g\u00f6nderin<\/strong><\/p>\t\t\t\t\t\t\t\t<\/div>\n\t\t\t\t\t<\/div>\n\t\t\t\t<\/div>\n\t\t\t\t<\/div>\n\t\t","protected":false},"excerpt":{"rendered":"<p>\u0130stanbul Antalya \u0130zmir \u0130zmir\u2019de Sa\u00e7 Ekimi \u0130zmir Sa\u00e7 Klini\u011fi \u0130zmir\u2019deki CLINICH AIR Sa\u00e7 Klini\u011fi, uzman doktor Dr. Suat \u00d6zt\u00fcrk y\u00f6netiminde, t\u00fcm Avrupa\u2019dan gelen hastalara y\u00fcksek kaliteli sa\u00e7 ekimi hizmeti sunmaktad\u0131r. AB hijyen standartlar\u0131 \u00e7ok a\u015f\u0131lm\u0131\u015ft\u0131r Sa\u00e7 ekimi ekibi, m\u00fckemmel sonu\u00e7lar i\u00e7in FUE ve DHI y\u00f6ntemlerini sunmaktad\u0131r. \u0130zmir\u2019deki tatilinizi, en kaliteli sa\u00e7 ekimiyle birle\u015ftirin! \u0130zmir\u2019de en iyi sa\u00e7 ekimi \u0130zmir\u2019de Sa\u00e7 Ekimi Ekibi Neden bizi se\u00e7melisiniz? Doktorlar tedaviyi planlar ve denetler Klinik, sa\u011fl\u0131k otoriteleri taraf\u0131ndan sertifikaland\u0131r\u0131lm\u0131\u015ft\u0131r Klinik ayr\u0131ca \u00e7e\u015fitli cilt tedavileri de sunmaktad\u0131r Almanca ve \u0130ngilizce dahil olmak \u00fczere bir\u00e7ok dilde hizmet verilmektedir. Tedavi, Avusturya\u2019da \u00f6denenden \u00e7ok daha uyguna mal olmaktad\u0131r. Tedavi, Avusturya\u2019da \u00f6denenden \u00e7ok daha uyguna mal olmaktad\u0131r. Klinik, geni\u015f hizmet yelpazesi sayesinde hastalara farkl\u0131 tedavi se\u00e7enekleri sunmaktad\u0131r; bunlar\u0131n aras\u0131nda \u00e7e\u015fitli cilt tedavileri de bulunmaktad\u0131r. Sunulan operasyonlarda b\u00fcy\u00fck deneyime sahip olan klinik, y\u00fcksek standartlarda hizmet ve en kaliteli bak\u0131m ile hizmetinizdedir. A\u015fa\u011f\u0131daki tedaviler de sunulmaktad\u0131r:\u2013 Ka\u015f ekimi\u2013 Sakal ekimi\u2013 Botoks ve dolgu uygulamalar\u0131 \u0130zmir sa\u00e7 ekimi \u00f6ncesi ve sonras\u0131 foto\u011fraflar\u0131 \u0130zmir sa\u00e7 ekimi \u00f6ncesi ve sonras\u0131 \u015e\u0130MD\u0130 \u00dcCRETS\u0130Z DANI\u015eMANLIK ALIN\u00dccretsiz de\u011ferlendirme i\u00e7in bize foto\u011fraflar\u0131n\u0131z\u0131 e-posta, buradan veya WhatsApp ile g\u00f6nderin<\/p>\n","protected":false},"author":4,"featured_media":0,"parent":5238,"menu_order":0,"comment_status":"closed","ping_status":"closed","template":"","meta":{"_joinchat":[],"footnotes":""},"class_list":["post-5224","page","type-page","status-publish","hentry"],"acf":[],"_links":{"self":[{"href":"https:\/\/medicaltravel.at\/tr\/wp-json\/wp\/v2\/pages\/5224","targetHints":{"allow":["GET"]}}],"collection":[{"href":"https:\/\/medicaltravel.at\/tr\/wp-json\/wp\/v2\/pages"}],"about":[{"href":"https:\/\/medicaltravel.at\/tr\/wp-json\/wp\/v2\/types\/page"}],"author":[{"embeddable":true,"href":"https:\/\/medicaltravel.at\/tr\/wp-json\/wp\/v2\/users\/4"}],"replies":[{"embeddable":true,"href":"https:\/\/medicaltravel.at\/tr\/wp-json\/wp\/v2\/comments?post=5224"}],"version-history":[{"count":2,"href":"https:\/\/medicaltravel.at\/tr\/wp-json\/wp\/v2\/pages\/5224\/revisions"}],"predecessor-version":[{"id":5245,"href":"https:\/\/medicaltravel.at\/tr\/wp-json\/wp\/v2\/pages\/5224\/revisions\/5245"}],"up":[{"embeddable":true,"href":"https:\/\/medicaltravel.at\/tr\/wp-json\/wp\/v2\/pages\/5238"}],"wp:attachment":[{"href":"https:\/\/medicaltravel.at\/tr\/wp-json\/wp\/v2\/media?parent=5224"}],"curies":[{"name":"wp","href":"https:\/\/api.w.org\/{rel}","templated":true}]}}