{"id":5213,"date":"2025-09-27T16:04:12","date_gmt":"2025-09-27T15:04:12","guid":{"rendered":"https:\/\/medicaltravel.at\/antalyanin-en-iyi-estetik-klinigi\/"},"modified":"2026-01-04T02:02:02","modified_gmt":"2026-01-04T01:02:02","slug":"antalyanin-en-iyi-estetik-klinigi","status":"publish","type":"page","link":"https:\/\/medicaltravel.at\/tr\/estetik-cerrahi\/hastaneler\/antalyanin-en-iyi-estetik-klinigi\/","title":{"rendered":"Antalya\u2019n\u0131n En \u0130yi Estetik Klini\u011fi"},"content":{"rendered":"\t\t<div data-elementor-type=\"wp-page\" data-elementor-id=\"5213\" class=\"elementor elementor-5213 elementor-918\" data-elementor-post-type=\"page\">\n\t\t\t\t<div class=\"elementor-element elementor-element-19d7dfa1 e-flex e-con-boxed wpr-particle-no wpr-jarallax-no wpr-parallax-no wpr-sticky-section-no e-con e-parent\" data-id=\"19d7dfa1\" data-element_type=\"container\" data-e-type=\"container\">\n\t\t\t\t\t<div class=\"e-con-inner\">\n\t\t<div class=\"elementor-element elementor-element-7f86ad1 e-con-full e-flex wpr-particle-no wpr-jarallax-no wpr-parallax-no wpr-sticky-section-no e-con e-child\" data-id=\"7f86ad1\" data-element_type=\"container\" data-e-type=\"container\">\n\t\t\t\t<div class=\"elementor-element elementor-element-02ffcd6 elementor-widget__width-initial elementor-widget elementor-widget-button\" data-id=\"02ffcd6\" data-element_type=\"widget\" data-e-type=\"widget\" data-widget_type=\"button.default\">\n\t\t\t\t\t\t\t\t\t\t<a class=\"elementor-button elementor-button-link elementor-size-sm\" href=\"https:\/\/medicaltravel.at\/tr\/hastaneler\/istanbulun-en-iyi-estetik-klinigi\/\">\n\t\t\t\t\t\t<span class=\"elementor-button-content-wrapper\">\n\t\t\t\t\t\t\t\t\t<span class=\"elementor-button-text\">\u0130stanbul<\/span>\n\t\t\t\t\t<\/span>\n\t\t\t\t\t<\/a>\n\t\t\t\t\t\t\t\t<\/div>\n\t\t\t\t<div class=\"elementor-element elementor-element-b7b1af9 elementor-widget elementor-widget-button\" data-id=\"b7b1af9\" data-element_type=\"widget\" data-e-type=\"widget\" data-widget_type=\"button.default\">\n\t\t\t\t\t\t\t\t\t\t<a class=\"elementor-button elementor-button-link elementor-size-sm\" href=\"https:\/\/medicaltravel.at\/tr\/hastaneler\/antalyanin-en-iyi-estetik-klinigi\/\">\n\t\t\t\t\t\t<span class=\"elementor-button-content-wrapper\">\n\t\t\t\t\t\t\t\t\t<span class=\"elementor-button-text\">Antalya<\/span>\n\t\t\t\t\t<\/span>\n\t\t\t\t\t<\/a>\n\t\t\t\t\t\t\t\t<\/div>\n\t\t\t\t<div class=\"elementor-element elementor-element-fb25789 elementor-widget elementor-widget-button\" data-id=\"fb25789\" data-element_type=\"widget\" data-e-type=\"widget\" data-widget_type=\"button.default\">\n\t\t\t\t\t\t\t\t\t\t<a class=\"elementor-button elementor-button-link elementor-size-sm\" href=\"https:\/\/medicaltravel.at\/tr\/hastaneler\/izmirin-en-iyi-estetik-klinigi\/\">\n\t\t\t\t\t\t<span class=\"elementor-button-content-wrapper\">\n\t\t\t\t\t\t\t\t\t<span class=\"elementor-button-text\">\u0130zmir<\/span>\n\t\t\t\t\t<\/span>\n\t\t\t\t\t<\/a>\n\t\t\t\t\t\t\t\t<\/div>\n\t\t\t\t<div class=\"elementor-element elementor-element-1f4d30a elementor-widget elementor-widget-button\" data-id=\"1f4d30a\" data-element_type=\"widget\" data-e-type=\"widget\" data-widget_type=\"button.default\">\n\t\t\t\t\t\t\t\t\t\t<a class=\"elementor-button elementor-button-link elementor-size-sm\" href=\"https:\/\/medicaltravel.at\/tr\/hastaneler\/bodrumun-en-iyi-estetik-klinigi\/\">\n\t\t\t\t\t\t<span class=\"elementor-button-content-wrapper\">\n\t\t\t\t\t\t\t\t\t<span class=\"elementor-button-text\">Bodrum<\/span>\n\t\t\t\t\t<\/span>\n\t\t\t\t\t<\/a>\n\t\t\t\t\t\t\t\t<\/div>\n\t\t\t\t<\/div>\n\t\t\t\t<div class=\"elementor-element elementor-element-6c536925 elementor-widget elementor-widget-text-editor\" data-id=\"6c536925\" data-element_type=\"widget\" data-e-type=\"widget\" data-widget_type=\"text-editor.default\">\n\t\t\t\t\t\t\t\t\t\n<h2 class=\"wp-block-heading\">Antalya\u2019n\u0131n en iyi estetik klini\u011fi<\/h2>\n\n<p><strong>Antalya\u2019daki MedicalPark Beauty Center estetik klini\u011fi<\/strong>, en yeni cihazlar ve teknolojiye sahiptir. T\u00fcrkiye\u2019nin en sayg\u0131n \u00f6zel hastanelerinden biridir. Hastane her y\u0131l b\u00fcy\u00fcy\u00fcp geli\u015fmektedir. <strong>AB hijyen standartlar\u0131 \u00e7ok a\u015f\u0131lm\u0131\u015ft\u0131r<\/strong>. Ayr\u0131ca burada <strong>\u00e7ok deneyimli uzman doktorlar ve cerrahlar taraf\u0131ndan tedavi edileceksiniz.<\/strong>   <\/p>\n\n<p>Sa\u011fl\u0131k sekt\u00f6r\u00fcnde Antalya\u2019n\u0131n en \u00f6nde gelen adreslerinden biridir.<\/p>\n\n<p>Estetik merkezinde, t\u00fcm alanlar\u0131nda uzman ve estetik cerrahi de dahil olmak \u00fczere <strong>e\u011fitim alm\u0131\u015f uluslararas\u0131 doktorlar <\/strong>g\u00f6rev yapmaktad\u0131r ve bilimsel ile teknolojik geli\u015fmeleri s\u00fcrekli olarak geli\u015ftirmektedir.<\/p>\n\n<p><strong>Ameliyat\u0131n\u0131z i\u00e7in neden Antalya?<\/strong><\/p>\n\n<p>Uluslararas\u0131 Sertifikal\u0131d\u0131r<\/p>\n\n<ul class=\"wp-block-list\">\n<li>uluslararas\u0131 sertifikaya sahiptir<\/li>\n\n<li>\u00c7ok b\u00fcy\u00fck de\u011fildir, b\u00f6ylece size yeterli zaman ayr\u0131labilir.<\/li>\n\n<li>Haftan\u0131n 7 g\u00fcn\u00fc, 24 saat hizmet sunmaktad\u0131r<\/li>\n\n<li>Estetik cerrahi alan\u0131ndaki ba\u015far\u0131lar\u0131yla \u00f6zellikle tan\u0131n\u0131r<\/li>\n\n<li>Almanca, Frans\u0131zca, \u0130ngilizce ve di\u011fer bir\u00e7ok dilde destek hizmeti.<\/li>\n<\/ul>\n\n<figure class=\"wp-block-image size-full\"><img decoding=\"async\" width=\"198\" height=\"133\" class=\"wp-image-1623\" src=\"https:\/\/medicaltravel.at\/wp-content\/uploads\/2025\/09\/MedicalPark-Antalya.jpg\" alt=\"\"><\/figure>\n\n<p id=\"caption-attachment-122\">MedicalPark Antalya<\/p>\n\n<p>Hastanenin geni\u015f hizmet yelpazesi, hastalara farkl\u0131 tedavi se\u00e7enekleri sunmaktad\u0131r. Sunulan operasyonlarda b\u00fcy\u00fck deneyime sahip olan hastane, y\u00fcksek standartlarda hizmet ve en kaliteli bak\u0131m ile hizmetinizdedir. <\/p>\n\n<p>Sa\u011fl\u0131\u011f\u0131n\u0131z ve g\u00fczelli\u011finiz s\u00f6z konusu oldu\u011funda her \u015fey do\u011fru olmal\u0131d\u0131r. Kal\u0131c\u0131 ve iyi sonu\u00e7lar i\u00e7in cerrahlar \u00e7ok \u00f6nemlidir. <\/p>\n\n<p>Tedaviniz Prof. Dr. Koray Co\u015fkunfirat taraf\u0131ndan yap\u0131lacakt\u0131r.<\/p>\n\n<figure class=\"wp-block-image size-full\"><img fetchpriority=\"high\" decoding=\"async\" width=\"300\" height=\"169\" class=\"wp-image-1624\" src=\"https:\/\/medicaltravel.at\/wp-content\/uploads\/2025\/09\/csm_Prof_Dr_Koray_Coskunfirat_9a392ff13f-300x169-1.jpg\" alt=\"\"><\/figure>\n\n<p>Kalitesi uzun s\u00fcredir European Board of Plastic Reconstructive and Aesthetic Surgery taraf\u0131ndan onaylanm\u0131\u015f ve sertifikaland\u0131r\u0131lm\u0131\u015ft\u0131r.<\/p>\n\t\t\t\t\t\t\t\t<\/div>\n\t\t\t\t\t<\/div>\n\t\t\t\t<\/div>\n\t\t\t\t<\/div>\n\t\t","protected":false},"excerpt":{"rendered":"<p>\u0130stanbul Antalya \u0130zmir Bodrum Antalya\u2019n\u0131n en iyi estetik klini\u011fi Antalya\u2019daki MedicalPark Beauty Center estetik klini\u011fi, en yeni cihazlar ve teknolojiye sahiptir. T\u00fcrkiye\u2019nin en sayg\u0131n \u00f6zel hastanelerinden biridir. Hastane her y\u0131l b\u00fcy\u00fcy\u00fcp geli\u015fmektedir. AB hijyen standartlar\u0131 \u00e7ok a\u015f\u0131lm\u0131\u015ft\u0131r. Ayr\u0131ca burada \u00e7ok deneyimli uzman doktorlar ve cerrahlar taraf\u0131ndan tedavi edileceksiniz. Sa\u011fl\u0131k sekt\u00f6r\u00fcnde Antalya\u2019n\u0131n en \u00f6nde gelen adreslerinden biridir. Estetik merkezinde, t\u00fcm alanlar\u0131nda uzman ve estetik cerrahi de dahil olmak \u00fczere e\u011fitim alm\u0131\u015f uluslararas\u0131 doktorlar g\u00f6rev yapmaktad\u0131r ve bilimsel ile teknolojik geli\u015fmeleri s\u00fcrekli olarak geli\u015ftirmektedir. Ameliyat\u0131n\u0131z i\u00e7in neden Antalya? Uluslararas\u0131 Sertifikal\u0131d\u0131r uluslararas\u0131 sertifikaya sahiptir \u00c7ok b\u00fcy\u00fck de\u011fildir, b\u00f6ylece size yeterli zaman ayr\u0131labilir. Haftan\u0131n 7 g\u00fcn\u00fc, 24 saat hizmet sunmaktad\u0131r Estetik cerrahi alan\u0131ndaki ba\u015far\u0131lar\u0131yla \u00f6zellikle tan\u0131n\u0131r Almanca, Frans\u0131zca, \u0130ngilizce ve di\u011fer bir\u00e7ok dilde destek hizmeti. MedicalPark Antalya Hastanenin geni\u015f hizmet yelpazesi, hastalara farkl\u0131 tedavi se\u00e7enekleri sunmaktad\u0131r. Sunulan operasyonlarda b\u00fcy\u00fck deneyime sahip olan hastane, y\u00fcksek standartlarda hizmet ve en kaliteli bak\u0131m ile hizmetinizdedir. Sa\u011fl\u0131\u011f\u0131n\u0131z ve g\u00fczelli\u011finiz s\u00f6z konusu oldu\u011funda her \u015fey do\u011fru olmal\u0131d\u0131r. Kal\u0131c\u0131 ve iyi sonu\u00e7lar i\u00e7in cerrahlar \u00e7ok \u00f6nemlidir. Tedaviniz Prof. Dr. Koray Co\u015fkunfirat taraf\u0131ndan yap\u0131lacakt\u0131r. Kalitesi uzun s\u00fcredir European Board of Plastic Reconstructive and Aesthetic Surgery taraf\u0131ndan onaylanm\u0131\u015f ve sertifikaland\u0131r\u0131lm\u0131\u015ft\u0131r.<\/p>\n","protected":false},"author":4,"featured_media":0,"parent":5238,"menu_order":0,"comment_status":"closed","ping_status":"closed","template":"","meta":{"_joinchat":[],"footnotes":""},"class_list":["post-5213","page","type-page","status-publish","hentry"],"acf":[],"_links":{"self":[{"href":"https:\/\/medicaltravel.at\/tr\/wp-json\/wp\/v2\/pages\/5213","targetHints":{"allow":["GET"]}}],"collection":[{"href":"https:\/\/medicaltravel.at\/tr\/wp-json\/wp\/v2\/pages"}],"about":[{"href":"https:\/\/medicaltravel.at\/tr\/wp-json\/wp\/v2\/types\/page"}],"author":[{"embeddable":true,"href":"https:\/\/medicaltravel.at\/tr\/wp-json\/wp\/v2\/users\/4"}],"replies":[{"embeddable":true,"href":"https:\/\/medicaltravel.at\/tr\/wp-json\/wp\/v2\/comments?post=5213"}],"version-history":[{"count":6,"href":"https:\/\/medicaltravel.at\/tr\/wp-json\/wp\/v2\/pages\/5213\/revisions"}],"predecessor-version":[{"id":5241,"href":"https:\/\/medicaltravel.at\/tr\/wp-json\/wp\/v2\/pages\/5213\/revisions\/5241"}],"up":[{"embeddable":true,"href":"https:\/\/medicaltravel.at\/tr\/wp-json\/wp\/v2\/pages\/5238"}],"wp:attachment":[{"href":"https:\/\/medicaltravel.at\/tr\/wp-json\/wp\/v2\/media?parent=5213"}],"curies":[{"name":"wp","href":"https:\/\/api.w.org\/{rel}","templated":true}]}}