{"id":5204,"date":"2025-09-27T16:05:38","date_gmt":"2025-09-27T15:05:38","guid":{"rendered":"https:\/\/medicaltravel.at\/bodrumun-en-iyi-estetik-klinigi\/"},"modified":"2026-01-04T02:02:03","modified_gmt":"2026-01-04T01:02:03","slug":"bodrumun-en-iyi-estetik-klinigi","status":"publish","type":"page","link":"https:\/\/medicaltravel.at\/tr\/estetik-cerrahi\/hastaneler\/bodrumun-en-iyi-estetik-klinigi\/","title":{"rendered":"Bodrum\u2019un En \u0130yi Estetik Klini\u011fi"},"content":{"rendered":"\t\t<div data-elementor-type=\"wp-page\" data-elementor-id=\"5204\" class=\"elementor elementor-5204 elementor-922\" data-elementor-post-type=\"page\">\n\t\t\t\t<div class=\"elementor-element elementor-element-3666142b e-flex e-con-boxed wpr-particle-no wpr-jarallax-no wpr-parallax-no wpr-sticky-section-no e-con e-parent\" data-id=\"3666142b\" data-element_type=\"container\" data-e-type=\"container\">\n\t\t\t\t\t<div class=\"e-con-inner\">\n\t\t<div class=\"elementor-element elementor-element-e71430b e-con-full e-flex wpr-particle-no wpr-jarallax-no wpr-parallax-no wpr-sticky-section-no e-con e-child\" data-id=\"e71430b\" data-element_type=\"container\" data-e-type=\"container\">\n\t\t\t\t<div class=\"elementor-element elementor-element-d1d21f7 elementor-widget__width-initial elementor-widget elementor-widget-button\" data-id=\"d1d21f7\" data-element_type=\"widget\" data-e-type=\"widget\" data-widget_type=\"button.default\">\n\t\t\t\t\t\t\t\t\t\t<a class=\"elementor-button elementor-button-link elementor-size-sm\" href=\"https:\/\/medicaltravel.at\/tr\/hastaneler\/istanbulun-en-iyi-estetik-klinigi\/\">\n\t\t\t\t\t\t<span class=\"elementor-button-content-wrapper\">\n\t\t\t\t\t\t\t\t\t<span class=\"elementor-button-text\">\u0130stanbul<\/span>\n\t\t\t\t\t<\/span>\n\t\t\t\t\t<\/a>\n\t\t\t\t\t\t\t\t<\/div>\n\t\t\t\t<div class=\"elementor-element elementor-element-bb11891 elementor-widget elementor-widget-button\" data-id=\"bb11891\" data-element_type=\"widget\" data-e-type=\"widget\" data-widget_type=\"button.default\">\n\t\t\t\t\t\t\t\t\t\t<a class=\"elementor-button elementor-button-link elementor-size-sm\" href=\"https:\/\/medicaltravel.at\/tr\/hastaneler\/antalyanin-en-iyi-estetik-klinigi\/\">\n\t\t\t\t\t\t<span class=\"elementor-button-content-wrapper\">\n\t\t\t\t\t\t\t\t\t<span class=\"elementor-button-text\">Antalya<\/span>\n\t\t\t\t\t<\/span>\n\t\t\t\t\t<\/a>\n\t\t\t\t\t\t\t\t<\/div>\n\t\t\t\t<div class=\"elementor-element elementor-element-75bece3 elementor-widget elementor-widget-button\" data-id=\"75bece3\" data-element_type=\"widget\" data-e-type=\"widget\" data-widget_type=\"button.default\">\n\t\t\t\t\t\t\t\t\t\t<a class=\"elementor-button elementor-button-link elementor-size-sm\" href=\"https:\/\/medicaltravel.at\/tr\/hastaneler\/izmirin-en-iyi-estetik-klinigi\/\">\n\t\t\t\t\t\t<span class=\"elementor-button-content-wrapper\">\n\t\t\t\t\t\t\t\t\t<span class=\"elementor-button-text\">\u0130zmir<\/span>\n\t\t\t\t\t<\/span>\n\t\t\t\t\t<\/a>\n\t\t\t\t\t\t\t\t<\/div>\n\t\t\t\t<div class=\"elementor-element elementor-element-a79cf2d elementor-widget elementor-widget-button\" data-id=\"a79cf2d\" data-element_type=\"widget\" data-e-type=\"widget\" data-widget_type=\"button.default\">\n\t\t\t\t\t\t\t\t\t\t<a class=\"elementor-button elementor-button-link elementor-size-sm\" href=\"https:\/\/medicaltravel.at\/tr\/hastaneler\/bodrumun-en-iyi-estetik-klinigi\/\">\n\t\t\t\t\t\t<span class=\"elementor-button-content-wrapper\">\n\t\t\t\t\t\t\t\t\t<span class=\"elementor-button-text\">Bodrum<\/span>\n\t\t\t\t\t<\/span>\n\t\t\t\t\t<\/a>\n\t\t\t\t\t\t\t\t<\/div>\n\t\t\t\t<\/div>\n\t\t\t\t<div class=\"elementor-element elementor-element-15cbb18 elementor-widget elementor-widget-text-editor\" data-id=\"15cbb18\" data-element_type=\"widget\" data-e-type=\"widget\" data-widget_type=\"text-editor.default\">\n\t\t\t\t\t\t\t\t\t\n<h2 class=\"wp-block-heading\">Bodrum\u2019un En \u0130yi Estetik Klini\u011fi<\/h2>\n\n<p><strong>Bodrum\u2019da Estetik Tatili<\/strong><\/p>\n\n<p>Estetik i\u015fleminizi Bodrum\u2019daki tatilinizle birle\u015ftirebilirsiniz.<\/p>\n\n<p>Ac\u0131badem Bodrum Hastanesi, uluslararas\u0131 standartlara uygun olarak, hastalar\u0131n g\u00fcvenli\u011fi ve konforu en \u00fcst d\u00fczeyde tutulacak \u015fekilde tasarlanm\u0131\u015f, hayata ge\u00e7irilmi\u015f ve in\u015fa edilmi\u015ftir.<\/p>\n\n<p>Ac\u0131badem hastaneleri bir\u00e7ok a\u00e7\u0131dan benzersizdir:<\/p>\n\n<p>\u2013 Fiziksel alanlar, hem\u015firelik hizmetleri ve idari ekip sayesinde her hasta, odas\u0131nda konfor, bak\u0131m ve ilgiyi en iyi \u015fekilde deneyimleyebilir.<\/p>\n\n<p>\u2013 Ac\u0131badem kliniklerinin ve g\u00fcnl\u00fck kliniklerinin binalar\u0131 \u015f\u0131k bir tasar\u0131ma sahiptir ve merkezi izleme sistemleri, hava kalitesinin merkezi kontrol\u00fc, merkezi klima sistemleri, yang\u0131n ve g\u00fcvenlik sistemleri, acil durum kodlama sistemleri ile hem g\u00fcvenlik hem de konfor sa\u011flamak \u00fczere donat\u0131lm\u0131\u015ft\u0131r.<\/p>\n\n<p>\u2013 Ayr\u0131ca enerji verimlili\u011fine sahiptirler ve iki yedek jenerat\u00f6r, UPS sistemi, tesis i\u00e7inde enerji \u00fcretimi yapan kojenerat\u00f6rler ile g\u00fcvenli bir \u015fekilde \u00e7al\u0131\u015f\u0131r. T\u0131bbi gazlar\u0131n s\u00fcrekli temini ise tesis i\u00e7i oksijen \u00fcretimi ile desteklenmektedir.<\/p>\n\n<p>\u2013 Ac\u0131badem, y\u00fcksek nitelikli, yetkin ve motive bir uzman ekip ile modern t\u0131bbi teknolojileri kullanma, kan\u0131ta dayal\u0131 t\u0131p uygulamalar\u0131 ve kalite ile hasta memnuniyetine olan sars\u0131lmaz ba\u011fl\u0131l\u0131\u011f\u0131yla kendi sekt\u00f6r\u00fcnde \u00f6rnek te\u015fkil etmektedir.<\/p>\n\n<p>\u2013 Ac\u0131badem\u2019in benzersiz i\u015fletme y\u00f6netim modeli, \u00e7al\u0131\u015fanlar\u0131m\u0131z taraf\u0131ndan desteklenen ve \u00f6rnek al\u0131nan ak\u0131c\u0131 bir organizasyon yap\u0131s\u0131 ve sa\u011flam bir kurumsal k\u00fclt\u00fcre dayan\u0131r; uyarlanm\u0131\u015f ve tam entegre bilgi sistemleri, g\u00fc\u00e7l\u00fc d\u0131\u015f kaynak ve destek hizmetleri, etkin tedarik, lojistik ve bak\u0131m ile pazarlama ve halkla ili\u015fkiler alan\u0131ndaki ilgili \u00e7al\u0131\u015fmalar bu modelin par\u00e7alar\u0131d\u0131r.<\/p>\n\n<p>\u2013 Hastaneler, ABD merkezli JCI taraf\u0131ndan sertifikaland\u0131r\u0131lm\u0131\u015ft\u0131r.<\/p>\n\n<figure class=\"wp-block-image size-full\"><img decoding=\"async\" width=\"200\" height=\"133\" class=\"wp-image-1632\" src=\"https:\/\/medicaltravel.at\/wp-content\/uploads\/2025\/09\/Genissen-Sie-Ihren-Schonheitsurlaub-in-Bodrum.jpg\" alt=\"\"><\/figure>\n\n<p id=\"caption-attachment-133\">Bodrum\u2019daki estetik tatilinizin keyfini \u00e7\u0131kar\u0131n<\/p>\n\n<figure class=\"wp-block-image size-full\"><img decoding=\"async\" width=\"169\" height=\"133\" class=\"wp-image-1633\" src=\"https:\/\/medicaltravel.at\/wp-content\/uploads\/2025\/09\/Die-moderne-Schonheitsklinik-in-Bodrum.jpg\" alt=\"\"><\/figure>\n\n<p id=\"caption-attachment-134\">Bodrum\u2019daki modern estetik klini\u011fi<\/p>\n\n<figure class=\"wp-block-image size-full\"><img decoding=\"async\" width=\"170\" height=\"133\" class=\"wp-image-1635\" src=\"https:\/\/medicaltravel.at\/wp-content\/uploads\/2025\/09\/Der-Operationssaal-fur-Ihre-Beauty-OP.jpg\" alt=\"\"><\/figure>\n\n<p id=\"caption-attachment-135\">Estetik ameliyat\u0131n\u0131z i\u00e7in ameliyat odas\u0131<\/p>\n\n<p>Sa\u011fl\u0131\u011f\u0131n\u0131z ve g\u00fczelli\u011finiz s\u00f6z konusu oldu\u011funda her \u015fey do\u011fru olmal\u0131d\u0131r. Kal\u0131c\u0131 ve iyi sonu\u00e7lar i\u00e7in cerrahlar \u00e7ok \u00f6nemlidir. Estetik operasyonlar yaln\u0131zca deneyimli estetik cerrahlar taraf\u0131ndan yap\u0131l\u0131r.  <\/p>\n\t\t\t\t\t\t\t\t<\/div>\n\t\t\t\t\t<\/div>\n\t\t\t\t<\/div>\n\t\t\t\t<\/div>\n\t\t","protected":false},"excerpt":{"rendered":"<p>\u0130stanbul Antalya \u0130zmir Bodrum Bodrum\u2019un En \u0130yi Estetik Klini\u011fi Bodrum\u2019da Estetik Tatili Estetik i\u015fleminizi Bodrum\u2019daki tatilinizle birle\u015ftirebilirsiniz. Ac\u0131badem Bodrum Hastanesi, uluslararas\u0131 standartlara uygun olarak, hastalar\u0131n g\u00fcvenli\u011fi ve konforu en \u00fcst d\u00fczeyde tutulacak \u015fekilde tasarlanm\u0131\u015f, hayata ge\u00e7irilmi\u015f ve in\u015fa edilmi\u015ftir. Ac\u0131badem hastaneleri bir\u00e7ok a\u00e7\u0131dan benzersizdir: \u2013 Fiziksel alanlar, hem\u015firelik hizmetleri ve idari ekip sayesinde her hasta, odas\u0131nda konfor, bak\u0131m ve ilgiyi en iyi \u015fekilde deneyimleyebilir. \u2013 Ac\u0131badem kliniklerinin ve g\u00fcnl\u00fck kliniklerinin binalar\u0131 \u015f\u0131k bir tasar\u0131ma sahiptir ve merkezi izleme sistemleri, hava kalitesinin merkezi kontrol\u00fc, merkezi klima sistemleri, yang\u0131n ve g\u00fcvenlik sistemleri, acil durum kodlama sistemleri ile hem g\u00fcvenlik hem de konfor sa\u011flamak \u00fczere donat\u0131lm\u0131\u015ft\u0131r. \u2013 Ayr\u0131ca enerji verimlili\u011fine sahiptirler ve iki yedek jenerat\u00f6r, UPS sistemi, tesis i\u00e7inde enerji \u00fcretimi yapan kojenerat\u00f6rler ile g\u00fcvenli bir \u015fekilde \u00e7al\u0131\u015f\u0131r. T\u0131bbi gazlar\u0131n s\u00fcrekli temini ise tesis i\u00e7i oksijen \u00fcretimi ile desteklenmektedir. \u2013 Ac\u0131badem, y\u00fcksek nitelikli, yetkin ve motive bir uzman ekip ile modern t\u0131bbi teknolojileri kullanma, kan\u0131ta dayal\u0131 t\u0131p uygulamalar\u0131 ve kalite ile hasta memnuniyetine olan sars\u0131lmaz ba\u011fl\u0131l\u0131\u011f\u0131yla kendi sekt\u00f6r\u00fcnde \u00f6rnek te\u015fkil etmektedir. \u2013 Ac\u0131badem\u2019in benzersiz i\u015fletme y\u00f6netim modeli, \u00e7al\u0131\u015fanlar\u0131m\u0131z taraf\u0131ndan desteklenen ve \u00f6rnek al\u0131nan ak\u0131c\u0131 bir organizasyon yap\u0131s\u0131 ve sa\u011flam bir kurumsal k\u00fclt\u00fcre dayan\u0131r; uyarlanm\u0131\u015f ve tam entegre bilgi sistemleri, g\u00fc\u00e7l\u00fc d\u0131\u015f kaynak ve destek hizmetleri, etkin tedarik, lojistik ve bak\u0131m ile pazarlama ve halkla ili\u015fkiler alan\u0131ndaki ilgili \u00e7al\u0131\u015fmalar bu modelin par\u00e7alar\u0131d\u0131r. \u2013 Hastaneler, ABD merkezli JCI taraf\u0131ndan sertifikaland\u0131r\u0131lm\u0131\u015ft\u0131r. Bodrum\u2019daki estetik tatilinizin keyfini \u00e7\u0131kar\u0131n Bodrum\u2019daki modern estetik klini\u011fi Estetik ameliyat\u0131n\u0131z i\u00e7in ameliyat odas\u0131 Sa\u011fl\u0131\u011f\u0131n\u0131z ve g\u00fczelli\u011finiz s\u00f6z konusu oldu\u011funda her \u015fey do\u011fru olmal\u0131d\u0131r. Kal\u0131c\u0131 ve iyi sonu\u00e7lar i\u00e7in cerrahlar \u00e7ok \u00f6nemlidir. Estetik operasyonlar yaln\u0131zca deneyimli estetik cerrahlar taraf\u0131ndan yap\u0131l\u0131r.<\/p>\n","protected":false},"author":4,"featured_media":0,"parent":5238,"menu_order":0,"comment_status":"closed","ping_status":"closed","template":"","meta":{"_joinchat":[],"footnotes":""},"class_list":["post-5204","page","type-page","status-publish","hentry"],"acf":[],"_links":{"self":[{"href":"https:\/\/medicaltravel.at\/tr\/wp-json\/wp\/v2\/pages\/5204","targetHints":{"allow":["GET"]}}],"collection":[{"href":"https:\/\/medicaltravel.at\/tr\/wp-json\/wp\/v2\/pages"}],"about":[{"href":"https:\/\/medicaltravel.at\/tr\/wp-json\/wp\/v2\/types\/page"}],"author":[{"embeddable":true,"href":"https:\/\/medicaltravel.at\/tr\/wp-json\/wp\/v2\/users\/4"}],"replies":[{"embeddable":true,"href":"https:\/\/medicaltravel.at\/tr\/wp-json\/wp\/v2\/comments?post=5204"}],"version-history":[{"count":6,"href":"https:\/\/medicaltravel.at\/tr\/wp-json\/wp\/v2\/pages\/5204\/revisions"}],"predecessor-version":[{"id":5243,"href":"https:\/\/medicaltravel.at\/tr\/wp-json\/wp\/v2\/pages\/5204\/revisions\/5243"}],"up":[{"embeddable":true,"href":"https:\/\/medicaltravel.at\/tr\/wp-json\/wp\/v2\/pages\/5238"}],"wp:attachment":[{"href":"https:\/\/medicaltravel.at\/tr\/wp-json\/wp\/v2\/media?parent=5204"}],"curies":[{"name":"wp","href":"https:\/\/api.w.org\/{rel}","templated":true}]}}