{"id":5197,"date":"2025-09-27T16:03:14","date_gmt":"2025-09-27T15:03:14","guid":{"rendered":"https:\/\/medicaltravel.at\/istanbulun-en-iyi-estetik-klinigi\/"},"modified":"2026-01-04T02:02:02","modified_gmt":"2026-01-04T01:02:02","slug":"istanbulun-en-iyi-estetik-klinigi","status":"publish","type":"page","link":"https:\/\/medicaltravel.at\/tr\/estetik-cerrahi\/hastaneler\/istanbulun-en-iyi-estetik-klinigi\/","title":{"rendered":"\u0130stanbul\u2019un En \u0130yi Estetik Klini\u011fi"},"content":{"rendered":"\t\t<div data-elementor-type=\"wp-page\" data-elementor-id=\"5197\" class=\"elementor elementor-5197 elementor-916\" data-elementor-post-type=\"page\">\n\t\t\t\t<div class=\"elementor-element elementor-element-5c24e9d e-flex e-con-boxed wpr-particle-no wpr-jarallax-no wpr-parallax-no wpr-sticky-section-no e-con e-parent\" data-id=\"5c24e9d\" data-element_type=\"container\" data-e-type=\"container\">\n\t\t\t\t\t<div class=\"e-con-inner\">\n\t\t<div class=\"elementor-element elementor-element-51559e9 e-con-full e-flex wpr-particle-no wpr-jarallax-no wpr-parallax-no wpr-sticky-section-no e-con e-child\" data-id=\"51559e9\" data-element_type=\"container\" data-e-type=\"container\">\n\t\t\t\t<div class=\"elementor-element elementor-element-42476e3 elementor-widget__width-initial elementor-widget elementor-widget-button\" data-id=\"42476e3\" data-element_type=\"widget\" data-e-type=\"widget\" data-widget_type=\"button.default\">\n\t\t\t\t\t\t\t\t\t\t<a class=\"elementor-button elementor-button-link elementor-size-sm\" href=\"https:\/\/medicaltravel.at\/tr\/hastaneler\/istanbulun-en-iyi-estetik-klinigi\/\">\n\t\t\t\t\t\t<span class=\"elementor-button-content-wrapper\">\n\t\t\t\t\t\t\t\t\t<span class=\"elementor-button-text\">\u0130stanbul<\/span>\n\t\t\t\t\t<\/span>\n\t\t\t\t\t<\/a>\n\t\t\t\t\t\t\t\t<\/div>\n\t\t\t\t<div class=\"elementor-element elementor-element-f22e49c elementor-widget elementor-widget-button\" data-id=\"f22e49c\" data-element_type=\"widget\" data-e-type=\"widget\" data-widget_type=\"button.default\">\n\t\t\t\t\t\t\t\t\t\t<a class=\"elementor-button elementor-button-link elementor-size-sm\" href=\"https:\/\/medicaltravel.at\/tr\/hastaneler\/antalyanin-en-iyi-estetik-klinigi\/\">\n\t\t\t\t\t\t<span class=\"elementor-button-content-wrapper\">\n\t\t\t\t\t\t\t\t\t<span class=\"elementor-button-text\">Antalya<\/span>\n\t\t\t\t\t<\/span>\n\t\t\t\t\t<\/a>\n\t\t\t\t\t\t\t\t<\/div>\n\t\t\t\t<div class=\"elementor-element elementor-element-a354262 elementor-widget elementor-widget-button\" data-id=\"a354262\" data-element_type=\"widget\" data-e-type=\"widget\" data-widget_type=\"button.default\">\n\t\t\t\t\t\t\t\t\t\t<a class=\"elementor-button elementor-button-link elementor-size-sm\" href=\"https:\/\/medicaltravel.at\/tr\/hastaneler\/izmirin-en-iyi-estetik-klinigi\/\">\n\t\t\t\t\t\t<span class=\"elementor-button-content-wrapper\">\n\t\t\t\t\t\t\t\t\t<span class=\"elementor-button-text\">\u0130zmir<\/span>\n\t\t\t\t\t<\/span>\n\t\t\t\t\t<\/a>\n\t\t\t\t\t\t\t\t<\/div>\n\t\t\t\t<div class=\"elementor-element elementor-element-21c376e elementor-widget elementor-widget-button\" data-id=\"21c376e\" data-element_type=\"widget\" data-e-type=\"widget\" data-widget_type=\"button.default\">\n\t\t\t\t\t\t\t\t\t\t<a class=\"elementor-button elementor-button-link elementor-size-sm\" href=\"https:\/\/medicaltravel.at\/tr\/hastaneler\/bodrumun-en-iyi-estetik-klinigi\/\">\n\t\t\t\t\t\t<span class=\"elementor-button-content-wrapper\">\n\t\t\t\t\t\t\t\t\t<span class=\"elementor-button-text\">Bodrum<\/span>\n\t\t\t\t\t<\/span>\n\t\t\t\t\t<\/a>\n\t\t\t\t\t\t\t\t<\/div>\n\t\t\t\t<\/div>\n\t\t\t\t<div class=\"elementor-element elementor-element-7e2aebc9 elementor-widget elementor-widget-text-editor\" data-id=\"7e2aebc9\" data-element_type=\"widget\" data-e-type=\"widget\" data-widget_type=\"text-editor.default\">\n\t\t\t\t\t\t\t\t\t<h2 class=\"wp-block-heading\">\u0130stanbul\u2019un En \u0130yi Estetik Klini\u011fi<\/h2>\n<p><strong>EN \u0130Y\u0130 T\u00dcRK ESTET\u0130K UZMANI<br>\u0130stanbul\u2019un en iyi estetik klini\u011fi<\/strong><\/p>\n<figure class=\"wp-block-image size-full\"><img fetchpriority=\"high\" decoding=\"async\" width=\"650\" height=\"595\" class=\"wp-image-1615\" src=\"https:\/\/medicaltravel.at\/wp-content\/uploads\/2025\/09\/acibadem-kozyatagi-hospital-b-jpg.webp\" alt=\"\" srcset=\"https:\/\/medicaltravel.at\/wp-content\/uploads\/2025\/09\/acibadem-kozyatagi-hospital-b-jpg.webp 650w, https:\/\/medicaltravel.at\/wp-content\/uploads\/2025\/09\/acibadem-kozyatagi-hospital-b-jpg-300x275.webp 300w\" sizes=\"(max-width: 650px) 100vw, 650px\" \/><\/figure>\n<p id=\"caption-attachment-8216\">Ac\u0131badem Spital \u0130stanbul<\/p>\n<p>\u0130stanbul\u2019daki Ac\u0131badem Hastanesi, en yeni cihazlar ve teknolojiye sahiptir. \u0130stanbul\u2019un en sayg\u0131n \u00f6zel hastanelerinden biridir. <\/p>\n<p>AB hijyen <strong>standartlar\u0131 \u00e7ok a\u015f\u0131lm\u0131\u015ft\u0131r<\/strong>. Ayr\u0131ca burada <strong>\u00e7ok iyi uzman doktorlar ve cerrahlar<\/strong> taraf\u0131ndan tedavi edileceksiniz. <\/p>\n<figure class=\"wp-block-image size-full\"><img decoding=\"async\" width=\"80\" height=\"80\" class=\"wp-image-1616\" src=\"https:\/\/medicaltravel.at\/wp-content\/uploads\/2025\/09\/RTEmagicC_jc_goldseal-1040x1040_converted__1__70-1.jpg-1.jpg\" alt=\"\"><\/figure>\n<p>Hastane, ABD JCI (<a href=\"http:\/\/www.jointcommissioninternational.org\/\" target=\"_blank\" rel=\"noopener\">Uluslararas\u0131 Ortak Komisyon<\/a>) sertifikas\u0131na sahiptir.<\/p>\n<p>Ac\u0131badem Hastane Grubu, tamam\u0131 kendi alanlar\u0131nda uzman ve estetik cerrahi de dahil olmak \u00fczere <strong>1600 \u00e7ok iyi e\u011fitimli doktora<\/strong> sahiptir ve bilimsel ile teknolojik geli\u015fmeleri s\u00fcrekli olarak geli\u015ftirmektedir.<\/p>\n<p>Hastanenin geni\u015f hizmet yelpazesi, hastalara \u00e7e\u015fitli tedavi se\u00e7enekleri sunar. Sunulan operasyonlardaki b\u00fcy\u00fck deneyimiyle hastane, y\u00fcksek standartlarda ve kaliteli hizmetlerle sizlere hizmet vermektedir. <\/p>\n<p>Sa\u011fl\u0131\u011f\u0131n\u0131z ve g\u00fczelli\u011finiz s\u00f6z konusu oldu\u011funda <strong>her \u015feyin do\u011fru olmas\u0131 gerekir.<\/strong> Kal\u0131c\u0131 ve iyi sonu\u00e7lar i\u00e7in cerrahlar \u00e7ok \u00f6nemlidir. Estetik operasyonlar yaln\u0131zca deneyimli estetik cerrahlar <strong>taraf\u0131ndan yap\u0131l\u0131r.<\/strong> Bu cerrahlar bir\u00e7ok T\u00fcrk megastar\u0131 i\u00e7in de \u00e7al\u0131\u015fm\u0131\u015f doktorlard\u0131r ve <strong>European Board of Plastic Reconstructive and Aesthetic Surgery sertifikas\u0131na<\/strong> sahiptir.   <\/p>\n<figure class=\"wp-block-image size-full\"><img decoding=\"async\" width=\"682\" height=\"1024\" class=\"wp-image-1618\" src=\"https:\/\/medicaltravel.at\/wp-content\/uploads\/2025\/09\/newsletter.jpeg\" alt=\"\" srcset=\"https:\/\/medicaltravel.at\/wp-content\/uploads\/2025\/09\/newsletter.jpeg 682w, https:\/\/medicaltravel.at\/wp-content\/uploads\/2025\/09\/newsletter-200x300.jpeg 200w\" sizes=\"(max-width: 682px) 100vw, 682px\" \/><\/figure>\n<p id=\"caption-attachment-7781\">Prof. Dr. Kay\u0131ran<\/p>\n<p><a href=\"https:\/\/medicaltravel.at\/wp-content\/uploads\/2025\/09\/Lebenslauf_Prof_Dr_Oguz-Kayiran-1.pdf\" target=\"_blank\" rel=\"noreferrer noopener\" data-type=\"link\" data-id=\"https:\/\/medicaltravel.at\/wp-content\/uploads\/2025\/09\/Lebenslauf_Prof_Dr_Oguz-Kayiran-1.pdf\">\u00d6zge\u00e7mi\u015fini Burada Bulabilirsiniz.<\/a><\/p>\t\t\t\t\t\t\t\t<\/div>\n\t\t\t\t\t<\/div>\n\t\t\t\t<\/div>\n\t\t\t\t<\/div>\n\t\t","protected":false},"excerpt":{"rendered":"<p>\u0130stanbul Antalya \u0130zmir Bodrum \u0130stanbul\u2019un En \u0130yi Estetik Klini\u011fi EN \u0130Y\u0130 T\u00dcRK ESTET\u0130K UZMANI\u0130stanbul\u2019un en iyi estetik klini\u011fi Ac\u0131badem Spital \u0130stanbul \u0130stanbul\u2019daki Ac\u0131badem Hastanesi, en yeni cihazlar ve teknolojiye sahiptir. \u0130stanbul\u2019un en sayg\u0131n \u00f6zel hastanelerinden biridir. AB hijyen standartlar\u0131 \u00e7ok a\u015f\u0131lm\u0131\u015ft\u0131r. Ayr\u0131ca burada \u00e7ok iyi uzman doktorlar ve cerrahlar taraf\u0131ndan tedavi edileceksiniz. Hastane, ABD JCI (Uluslararas\u0131 Ortak Komisyon) sertifikas\u0131na sahiptir. Ac\u0131badem Hastane Grubu, tamam\u0131 kendi alanlar\u0131nda uzman ve estetik cerrahi de dahil olmak \u00fczere 1600 \u00e7ok iyi e\u011fitimli doktora sahiptir ve bilimsel ile teknolojik geli\u015fmeleri s\u00fcrekli olarak geli\u015ftirmektedir. Hastanenin geni\u015f hizmet yelpazesi, hastalara \u00e7e\u015fitli tedavi se\u00e7enekleri sunar. Sunulan operasyonlardaki b\u00fcy\u00fck deneyimiyle hastane, y\u00fcksek standartlarda ve kaliteli hizmetlerle sizlere hizmet vermektedir. Sa\u011fl\u0131\u011f\u0131n\u0131z ve g\u00fczelli\u011finiz s\u00f6z konusu oldu\u011funda her \u015feyin do\u011fru olmas\u0131 gerekir. Kal\u0131c\u0131 ve iyi sonu\u00e7lar i\u00e7in cerrahlar \u00e7ok \u00f6nemlidir. Estetik operasyonlar yaln\u0131zca deneyimli estetik cerrahlar taraf\u0131ndan yap\u0131l\u0131r. Bu cerrahlar bir\u00e7ok T\u00fcrk megastar\u0131 i\u00e7in de \u00e7al\u0131\u015fm\u0131\u015f doktorlard\u0131r ve European Board of Plastic Reconstructive and Aesthetic Surgery sertifikas\u0131na sahiptir. Prof. Dr. Kay\u0131ran \u00d6zge\u00e7mi\u015fini Burada Bulabilirsiniz.<\/p>\n","protected":false},"author":4,"featured_media":0,"parent":5238,"menu_order":0,"comment_status":"closed","ping_status":"closed","template":"","meta":{"_joinchat":[],"footnotes":""},"class_list":["post-5197","page","type-page","status-publish","hentry"],"acf":[],"_links":{"self":[{"href":"https:\/\/medicaltravel.at\/tr\/wp-json\/wp\/v2\/pages\/5197","targetHints":{"allow":["GET"]}}],"collection":[{"href":"https:\/\/medicaltravel.at\/tr\/wp-json\/wp\/v2\/pages"}],"about":[{"href":"https:\/\/medicaltravel.at\/tr\/wp-json\/wp\/v2\/types\/page"}],"author":[{"embeddable":true,"href":"https:\/\/medicaltravel.at\/tr\/wp-json\/wp\/v2\/users\/4"}],"replies":[{"embeddable":true,"href":"https:\/\/medicaltravel.at\/tr\/wp-json\/wp\/v2\/comments?post=5197"}],"version-history":[{"count":2,"href":"https:\/\/medicaltravel.at\/tr\/wp-json\/wp\/v2\/pages\/5197\/revisions"}],"predecessor-version":[{"id":5240,"href":"https:\/\/medicaltravel.at\/tr\/wp-json\/wp\/v2\/pages\/5197\/revisions\/5240"}],"up":[{"embeddable":true,"href":"https:\/\/medicaltravel.at\/tr\/wp-json\/wp\/v2\/pages\/5238"}],"wp:attachment":[{"href":"https:\/\/medicaltravel.at\/tr\/wp-json\/wp\/v2\/media?parent=5197"}],"curies":[{"name":"wp","href":"https:\/\/api.w.org\/{rel}","templated":true}]}}