{"id":5187,"date":"2025-09-27T16:04:52","date_gmt":"2025-09-27T15:04:52","guid":{"rendered":"https:\/\/medicaltravel.at\/izmirin-en-iyi-estetik-klinigi\/"},"modified":"2026-01-04T02:02:03","modified_gmt":"2026-01-04T01:02:03","slug":"izmirin-en-iyi-estetik-klinigi","status":"publish","type":"page","link":"https:\/\/medicaltravel.at\/tr\/estetik-cerrahi\/hastaneler\/izmirin-en-iyi-estetik-klinigi\/","title":{"rendered":"\u0130zmir\u2019in En \u0130yi Estetik Klini\u011fi"},"content":{"rendered":"\t\t<div data-elementor-type=\"wp-page\" data-elementor-id=\"5187\" class=\"elementor elementor-5187 elementor-920\" data-elementor-post-type=\"page\">\n\t\t\t\t<div class=\"elementor-element elementor-element-220967a0 e-flex e-con-boxed wpr-particle-no wpr-jarallax-no wpr-parallax-no wpr-sticky-section-no e-con e-parent\" data-id=\"220967a0\" data-element_type=\"container\" data-e-type=\"container\">\n\t\t\t\t\t<div class=\"e-con-inner\">\n\t\t<div class=\"elementor-element elementor-element-ee625fc e-con-full e-flex wpr-particle-no wpr-jarallax-no wpr-parallax-no wpr-sticky-section-no e-con e-child\" data-id=\"ee625fc\" data-element_type=\"container\" data-e-type=\"container\">\n\t\t\t\t<div class=\"elementor-element elementor-element-0136ab5 elementor-widget__width-initial elementor-widget elementor-widget-button\" data-id=\"0136ab5\" data-element_type=\"widget\" data-e-type=\"widget\" data-widget_type=\"button.default\">\n\t\t\t\t\t\t\t\t\t\t<a class=\"elementor-button elementor-button-link elementor-size-sm\" href=\"https:\/\/medicaltravel.at\/tr\/hastaneler\/istanbulun-en-iyi-estetik-klinigi\/\">\n\t\t\t\t\t\t<span class=\"elementor-button-content-wrapper\">\n\t\t\t\t\t\t\t\t\t<span class=\"elementor-button-text\">\u0130stanbul<\/span>\n\t\t\t\t\t<\/span>\n\t\t\t\t\t<\/a>\n\t\t\t\t\t\t\t\t<\/div>\n\t\t\t\t<div class=\"elementor-element elementor-element-5db5476 elementor-widget elementor-widget-button\" data-id=\"5db5476\" data-element_type=\"widget\" data-e-type=\"widget\" data-widget_type=\"button.default\">\n\t\t\t\t\t\t\t\t\t\t<a class=\"elementor-button elementor-button-link elementor-size-sm\" href=\"https:\/\/medicaltravel.at\/tr\/hastaneler\/antalyanin-en-iyi-estetik-klinigi\/\">\n\t\t\t\t\t\t<span class=\"elementor-button-content-wrapper\">\n\t\t\t\t\t\t\t\t\t<span class=\"elementor-button-text\">Antalya<\/span>\n\t\t\t\t\t<\/span>\n\t\t\t\t\t<\/a>\n\t\t\t\t\t\t\t\t<\/div>\n\t\t\t\t<div class=\"elementor-element elementor-element-f0adad5 elementor-widget elementor-widget-button\" data-id=\"f0adad5\" data-element_type=\"widget\" data-e-type=\"widget\" data-widget_type=\"button.default\">\n\t\t\t\t\t\t\t\t\t\t<a class=\"elementor-button elementor-button-link elementor-size-sm\" href=\"https:\/\/medicaltravel.at\/tr\/hastaneler\/izmirin-en-iyi-estetik-klinigi\/\">\n\t\t\t\t\t\t<span class=\"elementor-button-content-wrapper\">\n\t\t\t\t\t\t\t\t\t<span class=\"elementor-button-text\">\u0130zmir<\/span>\n\t\t\t\t\t<\/span>\n\t\t\t\t\t<\/a>\n\t\t\t\t\t\t\t\t<\/div>\n\t\t\t\t<div class=\"elementor-element elementor-element-30e9413 elementor-widget elementor-widget-button\" data-id=\"30e9413\" data-element_type=\"widget\" data-e-type=\"widget\" data-widget_type=\"button.default\">\n\t\t\t\t\t\t\t\t\t\t<a class=\"elementor-button elementor-button-link elementor-size-sm\" href=\"https:\/\/medicaltravel.at\/tr\/hastaneler\/bodrumun-en-iyi-estetik-klinigi\/\">\n\t\t\t\t\t\t<span class=\"elementor-button-content-wrapper\">\n\t\t\t\t\t\t\t\t\t<span class=\"elementor-button-text\">Bodrum<\/span>\n\t\t\t\t\t<\/span>\n\t\t\t\t\t<\/a>\n\t\t\t\t\t\t\t\t<\/div>\n\t\t\t\t<\/div>\n\t\t\t\t<div class=\"elementor-element elementor-element-32b38657 elementor-widget elementor-widget-text-editor\" data-id=\"32b38657\" data-element_type=\"widget\" data-e-type=\"widget\" data-widget_type=\"text-editor.default\">\n\t\t\t\t\t\t\t\t\t\n<p><strong>\u0130zmir\u2019de Estetik Klinik<\/strong><\/p>\n\n<p>\u0130zmir\u2019de estetik i\u015fleminiz i\u00e7in iyi bir teklif mi ar\u0131yorsunuz? O zaman do\u011fru yerdesiniz. <\/p>\n\n<p>Sizin rahat\u0131n\u0131z i\u00e7in \u00e7ok deneyimli estetik cerrahlarla \u00e7al\u0131\u015f\u0131yoruz. T\u00fcm doktorlar\u0131m\u0131z uzun y\u0131llara dayanan kapsaml\u0131 deneyime sahip ve t\u0131bbi g\u00fcvenli\u011finiz i\u00e7in <strong>F.E.B.O.P.R.A.S (Avrupa Plastik, Rekonstr\u00fcktif ve Estetik Cerrahi Kurulu) taraf\u0131ndan<\/strong> sertifikaland\u0131r\u0131lm\u0131\u015ft\u0131r. <\/p>\n\n<figure class=\"wp-block-image size-full\"><img fetchpriority=\"high\" decoding=\"async\" width=\"352\" height=\"396\" class=\"wp-image-1626\" src=\"https:\/\/medicaltravel.at\/wp-content\/uploads\/2025\/09\/Nejdet_Sisman.jpg\" alt=\"\" srcset=\"https:\/\/medicaltravel.at\/wp-content\/uploads\/2025\/09\/Nejdet_Sisman.jpg 352w, https:\/\/medicaltravel.at\/wp-content\/uploads\/2025\/09\/Nejdet_Sisman-267x300.jpg 267w\" sizes=\"(max-width: 352px) 100vw, 352px\" \/><\/figure>\n\n<p id=\"caption-attachment-12782\">OP. Dr. Nejdet Sisman<\/p>\n\n<p><strong>Estetik cerrah Op. Dr. Nejdet S\u0130SMAN<\/strong> 1965 y\u0131l\u0131nda Ankara\u2019da do\u011fmu\u015ftur.<\/p>\n\n<p>1990 y\u0131l\u0131nda Trakya \u00dcniversitesi T\u0131p Fak\u00fcltesi\u2019nden mezun olduktan sonra \u015ei\u015fman, 1997 y\u0131l\u0131na kadar \u0130stanbul\u2019daki \u015ei\u015fli Etfal Hastanesi\u2019nde acil doktoru olarak \u00e7al\u0131\u015ft\u0131. 1997\u20132003 y\u0131llar\u0131 aras\u0131nda \u0130zmir Atat\u00fcrk E\u011fitim ve Ara\u015ft\u0131rma Hastanesi Plastik ve Rekonstr\u00fcktif Cerrahi Klini\u011fi\u2019nde g\u00f6rev yapt\u0131. 2004\u20132005 y\u0131llar\u0131nda \u0130zmir \u00d6zel Kent Hastanesi Plastik Cerrahi Klini\u011fi\u2019nde \u00e7al\u0131\u015fan Dr. Nejdet \u015ei\u015fman, Floransa (\u0130talya) ve Milano\u2019da Estetik Plastik Cerrahi alan\u0131nda lazer uygulamalar\u0131 e\u011fitimi ald\u0131.  <\/p>\n\n<p>Ulusal ve uluslararas\u0131 mesleki dergilerde makaleler yay\u0131mlad\u0131. Kendi klini\u011finde t\u0131bbi estetik i\u015flemler yap\u0131yor ve estetik cerrahi konusunda dan\u0131\u015fmanl\u0131k veriyor, bunlar\u0131n aras\u0131nda <strong>Kent Hastanesi Ac\u0131badem \u0130zmir<\/strong> de bulunuyor. Bu hastane, T\u00fcrkiye\u2019nin en iyi \u00f6zel hastane zincirlerinden biri olan Ac\u0131badem\u2019e aittir. <\/p>\n\n<figure class=\"wp-block-image size-full\"><img decoding=\"async\" width=\"768\" height=\"423\" class=\"wp-image-1628\" src=\"https:\/\/medicaltravel.at\/wp-content\/uploads\/2025\/09\/Acibadem_Kent_Spital-768x423-1.jpg\" alt=\"\" srcset=\"https:\/\/medicaltravel.at\/wp-content\/uploads\/2025\/09\/Acibadem_Kent_Spital-768x423-1.jpg 768w, https:\/\/medicaltravel.at\/wp-content\/uploads\/2025\/09\/Acibadem_Kent_Spital-768x423-1-300x165.jpg 300w\" sizes=\"(max-width: 768px) 100vw, 768px\" \/><\/figure>\n\n<p id=\"caption-attachment-12786\">Ac\u0131badem Kent Hastanesi \u0130zmir<\/p>\n\n<figure class=\"wp-block-image size-full\"><img decoding=\"async\" width=\"473\" height=\"316\" class=\"wp-image-1629\" src=\"https:\/\/medicaltravel.at\/wp-content\/uploads\/2025\/09\/Acibadem_Kent_Spital_2.jpg\" alt=\"\" srcset=\"https:\/\/medicaltravel.at\/wp-content\/uploads\/2025\/09\/Acibadem_Kent_Spital_2.jpg 473w, https:\/\/medicaltravel.at\/wp-content\/uploads\/2025\/09\/Acibadem_Kent_Spital_2-300x200.jpg 300w\" sizes=\"(max-width: 473px) 100vw, 473px\" \/><\/figure>\n\n<p id=\"caption-attachment-12784\">Ac\u0131badem Kent Hasta Odas\u0131<\/p>\n\n<figure class=\"wp-block-image size-full\"><img loading=\"lazy\" decoding=\"async\" width=\"473\" height=\"316\" class=\"wp-image-1630\" src=\"https:\/\/medicaltravel.at\/wp-content\/uploads\/2025\/09\/Acibadem_Kent_Spital_1.jpg\" alt=\"\" srcset=\"https:\/\/medicaltravel.at\/wp-content\/uploads\/2025\/09\/Acibadem_Kent_Spital_1.jpg 473w, https:\/\/medicaltravel.at\/wp-content\/uploads\/2025\/09\/Acibadem_Kent_Spital_1-300x200.jpg 300w\" sizes=\"(max-width: 473px) 100vw, 473px\" \/><\/figure>\n\n<p id=\"caption-attachment-12785\">\u0130zmir Kent Hastanesi<\/p>\n\n<p><strong>\u015e\u0130MD\u0130 \u00dcCRETS\u0130Z DANI\u015eMANLIK ALIN<\/strong><\/p>\n\n<p>Bug\u00fcn bize <a href=\"mailto:info@medicaltravel.net\">e-posta<\/a>, <a href=\"https:\/\/medicaltravel.at\/kontakt\/\" data-type=\"page\" data-id=\"976\">buradan<\/a> veya <a href=\"https:\/\/wa.me\/41787373541\" target=\"_blank\" rel=\"noreferrer noopener\">WhatsApp<\/a> \u00fczerinden \u00fccretsiz olarak ula\u015f\u0131n<\/p>\n\t\t\t\t\t\t\t\t<\/div>\n\t\t\t\t\t<\/div>\n\t\t\t\t<\/div>\n\t\t\t\t<\/div>\n\t\t","protected":false},"excerpt":{"rendered":"<p>\u0130stanbul Antalya \u0130zmir Bodrum \u0130zmir\u2019de Estetik Klinik \u0130zmir\u2019de estetik i\u015fleminiz i\u00e7in iyi bir teklif mi ar\u0131yorsunuz? O zaman do\u011fru yerdesiniz. Sizin rahat\u0131n\u0131z i\u00e7in \u00e7ok deneyimli estetik cerrahlarla \u00e7al\u0131\u015f\u0131yoruz. T\u00fcm doktorlar\u0131m\u0131z uzun y\u0131llara dayanan kapsaml\u0131 deneyime sahip ve t\u0131bbi g\u00fcvenli\u011finiz i\u00e7in F.E.B.O.P.R.A.S (Avrupa Plastik, Rekonstr\u00fcktif ve Estetik Cerrahi Kurulu) taraf\u0131ndan sertifikaland\u0131r\u0131lm\u0131\u015ft\u0131r. OP. Dr. Nejdet Sisman Estetik cerrah Op. Dr. Nejdet S\u0130SMAN 1965 y\u0131l\u0131nda Ankara\u2019da do\u011fmu\u015ftur. 1990 y\u0131l\u0131nda Trakya \u00dcniversitesi T\u0131p Fak\u00fcltesi\u2019nden mezun olduktan sonra \u015ei\u015fman, 1997 y\u0131l\u0131na kadar \u0130stanbul\u2019daki \u015ei\u015fli Etfal Hastanesi\u2019nde acil doktoru olarak \u00e7al\u0131\u015ft\u0131. 1997\u20132003 y\u0131llar\u0131 aras\u0131nda \u0130zmir Atat\u00fcrk E\u011fitim ve Ara\u015ft\u0131rma Hastanesi Plastik ve Rekonstr\u00fcktif Cerrahi Klini\u011fi\u2019nde g\u00f6rev yapt\u0131. 2004\u20132005 y\u0131llar\u0131nda \u0130zmir \u00d6zel Kent Hastanesi Plastik Cerrahi Klini\u011fi\u2019nde \u00e7al\u0131\u015fan Dr. Nejdet \u015ei\u015fman, Floransa (\u0130talya) ve Milano\u2019da Estetik Plastik Cerrahi alan\u0131nda lazer uygulamalar\u0131 e\u011fitimi ald\u0131. Ulusal ve uluslararas\u0131 mesleki dergilerde makaleler yay\u0131mlad\u0131. Kendi klini\u011finde t\u0131bbi estetik i\u015flemler yap\u0131yor ve estetik cerrahi konusunda dan\u0131\u015fmanl\u0131k veriyor, bunlar\u0131n aras\u0131nda Kent Hastanesi Ac\u0131badem \u0130zmir de bulunuyor. Bu hastane, T\u00fcrkiye\u2019nin en iyi \u00f6zel hastane zincirlerinden biri olan Ac\u0131badem\u2019e aittir. Ac\u0131badem Kent Hastanesi \u0130zmir Ac\u0131badem Kent Hasta Odas\u0131 \u0130zmir Kent Hastanesi \u015e\u0130MD\u0130 \u00dcCRETS\u0130Z DANI\u015eMANLIK ALIN Bug\u00fcn bize e-posta, buradan veya WhatsApp \u00fczerinden \u00fccretsiz olarak ula\u015f\u0131n<\/p>\n","protected":false},"author":4,"featured_media":0,"parent":5238,"menu_order":0,"comment_status":"closed","ping_status":"closed","template":"","meta":{"_joinchat":[],"footnotes":""},"class_list":["post-5187","page","type-page","status-publish","hentry"],"acf":[],"_links":{"self":[{"href":"https:\/\/medicaltravel.at\/tr\/wp-json\/wp\/v2\/pages\/5187","targetHints":{"allow":["GET"]}}],"collection":[{"href":"https:\/\/medicaltravel.at\/tr\/wp-json\/wp\/v2\/pages"}],"about":[{"href":"https:\/\/medicaltravel.at\/tr\/wp-json\/wp\/v2\/types\/page"}],"author":[{"embeddable":true,"href":"https:\/\/medicaltravel.at\/tr\/wp-json\/wp\/v2\/users\/4"}],"replies":[{"embeddable":true,"href":"https:\/\/medicaltravel.at\/tr\/wp-json\/wp\/v2\/comments?post=5187"}],"version-history":[{"count":6,"href":"https:\/\/medicaltravel.at\/tr\/wp-json\/wp\/v2\/pages\/5187\/revisions"}],"predecessor-version":[{"id":5242,"href":"https:\/\/medicaltravel.at\/tr\/wp-json\/wp\/v2\/pages\/5187\/revisions\/5242"}],"up":[{"embeddable":true,"href":"https:\/\/medicaltravel.at\/tr\/wp-json\/wp\/v2\/pages\/5238"}],"wp:attachment":[{"href":"https:\/\/medicaltravel.at\/tr\/wp-json\/wp\/v2\/media?parent=5187"}],"curies":[{"name":"wp","href":"https:\/\/api.w.org\/{rel}","templated":true}]}}