{"id":5176,"date":"2025-09-28T19:21:50","date_gmt":"2025-09-28T18:21:50","guid":{"rendered":"https:\/\/medicaltravel.at\/fiyatlar-maliyetler-estetik-operasyon-tuerkiye-istanbul-antalya-izmir\/"},"modified":"2026-02-06T16:03:47","modified_gmt":"2026-02-06T15:03:47","slug":"fiyatlar-maliyetler-estetik-operasyon-tuerkiye-istanbul-antalya-izmir","status":"publish","type":"page","link":"https:\/\/medicaltravel.at\/tr\/estetik-cerrahi\/fiyatlar-maliyetler-estetik-operasyon-tuerkiye-istanbul-antalya-izmir\/","title":{"rendered":"Fiyatlar maliyetler estetik operasyon T\u00fcrkiye \u0130stanbul Antalya \u0130zmir"},"content":{"rendered":"\t\t<div data-elementor-type=\"wp-page\" data-elementor-id=\"5176\" class=\"elementor elementor-5176 elementor-1666\" data-elementor-post-type=\"page\">\n\t\t\t\t<div class=\"elementor-element elementor-element-6e0a7b86 e-flex e-con-boxed wpr-particle-no wpr-jarallax-no wpr-parallax-no wpr-sticky-section-no e-con e-parent\" data-id=\"6e0a7b86\" data-element_type=\"container\" data-e-type=\"container\">\n\t\t\t\t\t<div class=\"e-con-inner\">\n\t\t<div class=\"elementor-element elementor-element-ef153c6 e-con-full e-flex wpr-particle-no wpr-jarallax-no wpr-parallax-no wpr-sticky-section-no e-con e-child\" data-id=\"ef153c6\" data-element_type=\"container\" data-e-type=\"container\">\n\t\t\t\t<div class=\"elementor-element elementor-element-cfb0c94 elementor-widget elementor-widget-button\" data-id=\"cfb0c94\" data-element_type=\"widget\" data-e-type=\"widget\" data-widget_type=\"button.default\">\n\t\t\t\t\t\t\t\t\t\t<a class=\"elementor-button elementor-button-link elementor-size-sm\" href=\"https:\/\/medicaltravel.at\/tr\/estetik-cerrahi\/tuerkiyeye-estetik-amacli-seyahatler\/\">\n\t\t\t\t\t\t<span class=\"elementor-button-content-wrapper\">\n\t\t\t\t\t\t\t\t\t<span class=\"elementor-button-text\">Estetik Tatilleri<\/span>\n\t\t\t\t\t<\/span>\n\t\t\t\t\t<\/a>\n\t\t\t\t\t\t\t\t<\/div>\n\t\t\t\t<div class=\"elementor-element elementor-element-6ab6709 elementor-widget elementor-widget-button\" data-id=\"6ab6709\" data-element_type=\"widget\" data-e-type=\"widget\" data-widget_type=\"button.default\">\n\t\t\t\t\t\t\t\t\t\t<a class=\"elementor-button elementor-button-link elementor-size-sm\" href=\"https:\/\/medicaltravel.at\/tr\/estetik-cerrahi\/hastaneler\/istanbulun-en-iyi-estetik-klinigi\/\">\n\t\t\t\t\t\t<span class=\"elementor-button-content-wrapper\">\n\t\t\t\t\t\t\t\t\t<span class=\"elementor-button-text\">Hastaneler<\/span>\n\t\t\t\t\t<\/span>\n\t\t\t\t\t<\/a>\n\t\t\t\t\t\t\t\t<\/div>\n\t\t\t\t<div class=\"elementor-element elementor-element-37687d2 elementor-widget elementor-widget-button\" data-id=\"37687d2\" data-element_type=\"widget\" data-e-type=\"widget\" data-widget_type=\"button.default\">\n\t\t\t\t\t\t\t\t\t\t<a class=\"elementor-button elementor-button-link elementor-size-sm\" href=\"https:\/\/medicaltravel.at\/tr\/estetik-cerrahi\/tedavi-yelpazesi\/meme-ameliyatlari-meme-bueyuetme-meme-kuecueltme-meme-diklestirme\/\">\n\t\t\t\t\t\t<span class=\"elementor-button-content-wrapper\">\n\t\t\t\t\t\t\t\t\t<span class=\"elementor-button-text\">Tedavi Yelpazesi<\/span>\n\t\t\t\t\t<\/span>\n\t\t\t\t\t<\/a>\n\t\t\t\t\t\t\t\t<\/div>\n\t\t\t\t<div class=\"elementor-element elementor-element-bb2efbc elementor-widget elementor-widget-button\" data-id=\"bb2efbc\" data-element_type=\"widget\" data-e-type=\"widget\" data-widget_type=\"button.default\">\n\t\t\t\t\t\t\t\t\t\t<a class=\"elementor-button elementor-button-link elementor-size-sm\" href=\"https:\/\/medicaltravel.at\/tr\/estetik-cerrahi\/estetik-seyahat-teklifleri-estetik-seyahat-tuerkiye-istanbul-antalya\/\">\n\t\t\t\t\t\t<span class=\"elementor-button-content-wrapper\">\n\t\t\t\t\t\t\t\t\t<span class=\"elementor-button-text\">F\u0131rsat<\/span>\n\t\t\t\t\t<\/span>\n\t\t\t\t\t<\/a>\n\t\t\t\t\t\t\t\t<\/div>\n\t\t\t\t<div class=\"elementor-element elementor-element-adc9a84 elementor-widget elementor-widget-button\" data-id=\"adc9a84\" data-element_type=\"widget\" data-e-type=\"widget\" data-widget_type=\"button.default\">\n\t\t\t\t\t\t\t\t\t\t<a class=\"elementor-button elementor-button-link elementor-size-sm\" href=\"https:\/\/medicaltravel.at\/tr\/estetik-cerrahi\/fiyatlar-maliyetler-estetik-operasyon-tuerkiye-istanbul-antalya-izmir\/\">\n\t\t\t\t\t\t<span class=\"elementor-button-content-wrapper\">\n\t\t\t\t\t\t\t\t\t<span class=\"elementor-button-text\">Fiyatlar<\/span>\n\t\t\t\t\t<\/span>\n\t\t\t\t\t<\/a>\n\t\t\t\t\t\t\t\t<\/div>\n\t\t\t\t<\/div>\n\t\t\t\t<div class=\"elementor-element elementor-element-4399233f elementor-widget elementor-widget-text-editor\" data-id=\"4399233f\" data-element_type=\"widget\" data-e-type=\"widget\" data-widget_type=\"text-editor.default\">\n\t\t\t\t\t\t\t\t\t\n<h2 class=\"wp-block-heading\">T\u00fcrkiye\u2019de estetik ameliyatlar i\u00e7in fiyatlar ve maliyetler<\/h2>\n\n<p>\u0130\u015fte <strong>T\u00fcrkiye\u2019deki estetik ameliyatlar\u0131n\u0131z i\u00e7in cazip tekliflerimiz ve fiyatlar\u0131m\u0131z:<\/strong><\/p>\n\n<figure class=\"wp-block-table\">\n<table class=\"has-fixed-layout\">\n<tbody>\n<tr>\n<th>Hizmet<\/th>\n<th>Maliyet<\/th>\n<\/tr>\n<tr>\n<td>Y\u00fcz Gerdirme<\/td>\n<td>4332 \u20ac<\/td>\n<\/tr>\n<tr>\n<td><strong>Burun D\u00fczeltme<\/strong><\/td>\n<td><strong>3067 \u20ac<\/strong><\/td>\n<\/tr>\n<tr>\n<td>Kulak D\u00fczeltme<\/td>\n<td>2331 \u20ac<\/td>\n<\/tr>\n<tr>\n<td><strong>Meme B\u00fcy\u00fctme<\/strong><\/td>\n<td><strong>4325 \u20ac<\/strong><\/td>\n<\/tr>\n<tr>\n<td>Meme K\u00fc\u00e7\u00fcltme<\/td>\n<td>3225 \u20ac<\/td>\n<\/tr>\n<tr>\n<td><strong>Meme Gerdirme<\/strong><\/td>\n<td><strong>3225 \u20ac<\/strong><\/td>\n<\/tr>\n<tr>\n<td>Ya\u011f ald\u0131rma<\/td>\n<td>ab 2593 \u20ac<\/td>\n<\/tr>\n<tr>\n<td><strong>Kar\u0131n germe<\/strong><\/td>\n<td><strong>4146 \u20ac<\/strong><\/td>\n<\/tr>\n<tr>\n<td>G\u00f6z kapa\u011f\u0131 gerne<\/td>\n<td>ab 1739 \u20ac<\/td>\n<\/tr>\n<\/tbody>\n<\/table>\n<\/figure>\n\n<p>Fiyatlar euro cinsindendir ve yakla\u015f\u0131k de\u011ferlerdir. Fiyatlar kullan\u0131lan malzemelere ve tedavi t\u00fcr\u00fcne ba\u011fl\u0131 olarak de\u011fi\u015febilir. Fiyatlar \u00f6nceden haber verilmeksizin de\u011fi\u015ftirilebilir. Meme b\u00fcy\u00fctme ameliyat\u0131 fiyat\u0131na implantlar dahildir. Bir gecelik hastane konaklamas\u0131 da fiyata dahildir.    <\/p>\n\n<p>Birden fazla i\u015flem bir arada yap\u0131ld\u0131\u011f\u0131nda (\u00f6r. meme ve kar\u0131n germe) fiyatlar daha uygun olabilir!<\/p>\n\n<p>Havaliman\u0131\u2013oteller\u2013klinikler aras\u0131ndaki t\u00fcm transferler genellikle yukar\u0131daki fiyatlara dahildir.<\/p>\n\n<p><strong>Tedavi Planlamas\u0131<\/strong><br>Seyahatiniz \u00f6ncesinde tedavinizi planlayabilmemiz i\u00e7in l\u00fctfen bizimle <a href=\"https:\/\/medicaltravel.at\/tr\/iletisim\/\" data-type=\"page\" data-id=\"976\">ileti\u015fim formu<\/a> arac\u0131l\u0131\u011f\u0131yla ileti\u015fime ge\u00e7in ve tedavi iste\u011finizi m\u00fcmk\u00fcn oldu\u011funca ayr\u0131nt\u0131l\u0131 \u015fekilde a\u00e7\u0131klay\u0131n. \u0130lgili foto\u011fraflar\u0131 <a href=\"mailto:info@medicaltravel.net\">info@medicaltravel.net<\/a> adresine g\u00f6nderebilirsiniz. <\/p>\n\n<p><strong>\u00d6deme<\/strong><br>T\u00fcm \u00f6demeyi klinikte yapars\u0131n\u0131z. \u00d6n \u00f6deme gerekli de\u011fildir. \u00d6demeyi Euro nakit, kredi kart\u0131 veya banka havalesi ile ger\u00e7ekle\u015ftirebilirsiniz.  <\/p>\n\n<p><strong>U\u00e7aklar<\/strong><br>U\u00e7ak bileti fiyatlar\u0131 olduk\u00e7a de\u011fi\u015fkenlik g\u00f6sterir. Fiyatlar havayolu \u015firketine ve seyahat tarihine ba\u011fl\u0131d\u0131r. 100 ile 300 \u20ac aras\u0131nda bir fiyat bekleyebilirsiniz. Size uygun fiyatl\u0131 bir u\u00e7ak bileti bulman\u0131zda yard\u0131mc\u0131 olmaktan mutluluk duyar\u0131z.   <\/p>\n\n<p><strong>Otel konaklama<\/strong><br>Otele g\u00f6re gecelik 95\u201395 Euro aras\u0131nda de\u011fi\u015febilir. Oteli kendiniz veya bizim arac\u0131l\u0131\u011f\u0131m\u0131zla rezerve edebilirsiniz <\/p>\n\n<p>Hala sorular\u0131n\u0131z m\u0131 var? Biz sizinle <a href=\"https:\/\/medicaltravel.at\/tr\/iletisim\/\" data-type=\"page\" data-id=\"976\">ileti\u015fime ge\u00e7meyi <\/a>d\u00f6rt g\u00f6zle bekliyoruz. <\/p>\n\t\t\t\t\t\t\t\t<\/div>\n\t\t\t\t\t<\/div>\n\t\t\t\t<\/div>\n\t\t\t\t<\/div>\n\t\t","protected":false},"excerpt":{"rendered":"<p>Estetik Tatilleri Hastaneler Tedavi Yelpazesi F\u0131rsat Fiyatlar T\u00fcrkiye\u2019de estetik ameliyatlar i\u00e7in fiyatlar ve maliyetler \u0130\u015fte T\u00fcrkiye\u2019deki estetik ameliyatlar\u0131n\u0131z i\u00e7in cazip tekliflerimiz ve fiyatlar\u0131m\u0131z: Hizmet Maliyet Y\u00fcz Gerdirme 4332 \u20ac Burun D\u00fczeltme 3067 \u20ac Kulak D\u00fczeltme 2331 \u20ac Meme B\u00fcy\u00fctme 4325 \u20ac Meme K\u00fc\u00e7\u00fcltme 3225 \u20ac Meme Gerdirme 3225 \u20ac Ya\u011f ald\u0131rma ab 2593 \u20ac Kar\u0131n germe 4146 \u20ac G\u00f6z kapa\u011f\u0131 gerne ab 1739 \u20ac Fiyatlar euro cinsindendir ve yakla\u015f\u0131k de\u011ferlerdir. Fiyatlar kullan\u0131lan malzemelere ve tedavi t\u00fcr\u00fcne ba\u011fl\u0131 olarak de\u011fi\u015febilir. Fiyatlar \u00f6nceden haber verilmeksizin de\u011fi\u015ftirilebilir. Meme b\u00fcy\u00fctme ameliyat\u0131 fiyat\u0131na implantlar dahildir. Bir gecelik hastane konaklamas\u0131 da fiyata dahildir. Birden fazla i\u015flem bir arada yap\u0131ld\u0131\u011f\u0131nda (\u00f6r. meme ve kar\u0131n germe) fiyatlar daha uygun olabilir! Havaliman\u0131\u2013oteller\u2013klinikler aras\u0131ndaki t\u00fcm transferler genellikle yukar\u0131daki fiyatlara dahildir. Tedavi Planlamas\u0131Seyahatiniz \u00f6ncesinde tedavinizi planlayabilmemiz i\u00e7in l\u00fctfen bizimle ileti\u015fim formu arac\u0131l\u0131\u011f\u0131yla ileti\u015fime ge\u00e7in ve tedavi iste\u011finizi m\u00fcmk\u00fcn oldu\u011funca ayr\u0131nt\u0131l\u0131 \u015fekilde a\u00e7\u0131klay\u0131n. \u0130lgili foto\u011fraflar\u0131 info@medicaltravel.net adresine g\u00f6nderebilirsiniz. \u00d6demeT\u00fcm \u00f6demeyi klinikte yapars\u0131n\u0131z. \u00d6n \u00f6deme gerekli de\u011fildir. \u00d6demeyi Euro nakit, kredi kart\u0131 veya banka havalesi ile ger\u00e7ekle\u015ftirebilirsiniz. U\u00e7aklarU\u00e7ak bileti fiyatlar\u0131 olduk\u00e7a de\u011fi\u015fkenlik g\u00f6sterir. Fiyatlar havayolu \u015firketine ve seyahat tarihine ba\u011fl\u0131d\u0131r. 100 ile 300 \u20ac aras\u0131nda bir fiyat bekleyebilirsiniz. Size uygun fiyatl\u0131 bir u\u00e7ak bileti bulman\u0131zda yard\u0131mc\u0131 olmaktan mutluluk duyar\u0131z. Otel konaklamaOtele g\u00f6re gecelik 95\u201395 Euro aras\u0131nda de\u011fi\u015febilir. Oteli kendiniz veya bizim arac\u0131l\u0131\u011f\u0131m\u0131zla rezerve edebilirsiniz Hala sorular\u0131n\u0131z m\u0131 var? Biz sizinle ileti\u015fime ge\u00e7meyi d\u00f6rt g\u00f6zle bekliyoruz.<\/p>\n","protected":false},"author":4,"featured_media":0,"parent":5303,"menu_order":0,"comment_status":"closed","ping_status":"closed","template":"","meta":{"_joinchat":[],"footnotes":""},"class_list":["post-5176","page","type-page","status-publish","hentry"],"acf":[],"_links":{"self":[{"href":"https:\/\/medicaltravel.at\/tr\/wp-json\/wp\/v2\/pages\/5176","targetHints":{"allow":["GET"]}}],"collection":[{"href":"https:\/\/medicaltravel.at\/tr\/wp-json\/wp\/v2\/pages"}],"about":[{"href":"https:\/\/medicaltravel.at\/tr\/wp-json\/wp\/v2\/types\/page"}],"author":[{"embeddable":true,"href":"https:\/\/medicaltravel.at\/tr\/wp-json\/wp\/v2\/users\/4"}],"replies":[{"embeddable":true,"href":"https:\/\/medicaltravel.at\/tr\/wp-json\/wp\/v2\/comments?post=5176"}],"version-history":[{"count":11,"href":"https:\/\/medicaltravel.at\/tr\/wp-json\/wp\/v2\/pages\/5176\/revisions"}],"predecessor-version":[{"id":5885,"href":"https:\/\/medicaltravel.at\/tr\/wp-json\/wp\/v2\/pages\/5176\/revisions\/5885"}],"up":[{"embeddable":true,"href":"https:\/\/medicaltravel.at\/tr\/wp-json\/wp\/v2\/pages\/5303"}],"wp:attachment":[{"href":"https:\/\/medicaltravel.at\/tr\/wp-json\/wp\/v2\/media?parent=5176"}],"curies":[{"name":"wp","href":"https:\/\/api.w.org\/{rel}","templated":true}]}}