{"id":5172,"date":"2025-10-28T19:37:59","date_gmt":"2025-10-28T18:37:59","guid":{"rendered":"https:\/\/medicaltravel.at\/ofisimiz-bernde\/"},"modified":"2026-01-03T21:33:24","modified_gmt":"2026-01-03T20:33:24","slug":"ofisimiz-bernde","status":"publish","type":"page","link":"https:\/\/medicaltravel.at\/tr\/ofisimiz-bernde\/","title":{"rendered":"Ofisimiz Bern\u2019de"},"content":{"rendered":"\t\t<div data-elementor-type=\"wp-page\" data-elementor-id=\"5172\" class=\"elementor elementor-5172 elementor-2165\" data-elementor-post-type=\"page\">\n\t\t\t\t<div class=\"elementor-element elementor-element-1461743 e-flex e-con-boxed wpr-particle-no wpr-jarallax-no wpr-parallax-no wpr-sticky-section-no e-con e-parent\" data-id=\"1461743\" data-element_type=\"container\" data-e-type=\"container\">\n\t\t\t\t\t<div class=\"e-con-inner\">\n\t\t<div class=\"elementor-element elementor-element-7cf3321 e-con-full e-flex wpr-particle-no wpr-jarallax-no wpr-parallax-no wpr-sticky-section-no e-con e-child\" data-id=\"7cf3321\" data-element_type=\"container\" data-e-type=\"container\">\n\t\t\t\t<div class=\"elementor-element elementor-element-b5f0c13 elementor-widget elementor-widget-text-editor\" data-id=\"b5f0c13\" data-element_type=\"widget\" data-e-type=\"widget\" data-widget_type=\"text-editor.default\">\n\t\t\t\t\t\t\t\t\t\n<h2 class=\"wp-block-heading\"><span style=\"color: #000000;\">\u0130leti\u015fim<\/span><\/h2>\n\n<p><span style=\"color: #000000;\">Size nas\u0131l yard\u0131mc\u0131 olabiliriz?<\/span> Bize <a href=\"mailto:info@medicaltravel.net\">e-posta<\/a> <span style=\"color: #000000;\">yazabilir veya telefonla ula\u015fabilirsiniz. \u0130leti\u015fiminizi bekliyoruz.<\/span><\/p>\n<p><span style=\"color: #000000;\"><\/span><\/p>\n<p><strong><span style=\"color: #000000;\">MedicalTravel GmbH<\/span><\/strong><br><strong><span style=\"color: #000000;\">L\u00e4nggassstrasse 8<\/span><\/strong><br><strong><span style=\"color: #000000;\">CH-3012 Bern<\/span><\/strong><\/p>\n<p><span style=\"color: #000000;\"><\/span><\/p>\n<p><strong><span style=\"color: #000000;\">E-Mail: <a href=\"mailto:info@medicaltravel.net\">info@medicaltravel.net<\/a><\/span><\/strong><br><strong><span style=\"color: #000000;\">Telefon :<\/span> <a href=\"tel:+41335345765\">0041 33 534 57 65<\/a><\/strong><br><strong><span style=\"color: #000000;\">Mobile :<\/span> <a href=\"tel:+41787373541\">0041 78 737 35 41<\/a><\/strong><br><strong><span style=\"color: #000000;\">WhatsApp:<\/span> <a href=\"https:\/\/api.whatsapp.com\/send\/?phone=41787373541&amp;text&amp;type=phone_number&amp;app_absent=0\" target=\"_blank\" rel=\"noopener\">0041 78 737 35 41<\/a><\/strong><\/p>\n\n<p><span style=\"color: #000000;\">Anrufzeiten:<\/span><br><span style=\"color: #000000;\">Montag-Freitag: 09:00 Uhr \u2013 21:00 Uhr<\/span><br><span style=\"color: #000000;\">Samstag: 10:00 Uhr \u2013 17:00 Uhr<\/span><\/p>\n\t\t\t\t\t\t\t\t<\/div>\n\t\t\t\t<\/div>\n\t\t<div class=\"elementor-element elementor-element-d0f75a0 e-con-full e-flex wpr-particle-no wpr-jarallax-no wpr-parallax-no wpr-sticky-section-no e-con e-child\" data-id=\"d0f75a0\" data-element_type=\"container\" data-e-type=\"container\">\n\t\t\t\t<div class=\"elementor-element elementor-element-46c3a0b elementor-widget elementor-widget-google_maps\" data-id=\"46c3a0b\" data-element_type=\"widget\" data-e-type=\"widget\" data-widget_type=\"google_maps.default\">\n\t\t\t\t\t\t\t<div class=\"elementor-custom-embed\">\n\t\t\t<iframe loading=\"lazy\"\n\t\t\t\t\tsrc=\"https:\/\/maps.google.com\/maps?q=L%C3%A4nggassstrasse%208%20CH-3012%20Bern&#038;t=m&#038;z=10&#038;output=embed&#038;iwloc=near\"\n\t\t\t\t\ttitle=\"L\u00e4nggassstrasse 8 CH-3012 Bern\"\n\t\t\t\t\taria-label=\"L\u00e4nggassstrasse 8 CH-3012 Bern\"\n\t\t\t><\/iframe>\n\t\t<\/div>\n\t\t\t\t\t\t<\/div>\n\t\t\t\t<\/div>\n\t\t\t\t\t<\/div>\n\t\t\t\t<\/div>\n\t\t\t\t<\/div>\n\t\t","protected":false},"excerpt":{"rendered":"<p>\u0130leti\u015fim Size nas\u0131l yard\u0131mc\u0131 olabiliriz? Bize e-posta yazabilir veya telefonla ula\u015fabilirsiniz. \u0130leti\u015fiminizi bekliyoruz. MedicalTravel GmbHL\u00e4nggassstrasse 8CH-3012 Bern E-Mail: info@medicaltravel.netTelefon : 0041 33 534 57 65Mobile : 0041 78 737 35 41WhatsApp: 0041 78 737 35 41 Anrufzeiten:Montag-Freitag: 09:00 Uhr \u2013 21:00 UhrSamstag: 10:00 Uhr \u2013 17:00 Uhr<\/p>\n","protected":false},"author":4,"featured_media":0,"parent":0,"menu_order":0,"comment_status":"closed","ping_status":"closed","template":"","meta":{"_joinchat":[],"footnotes":""},"class_list":["post-5172","page","type-page","status-publish","hentry"],"acf":[],"_links":{"self":[{"href":"https:\/\/medicaltravel.at\/tr\/wp-json\/wp\/v2\/pages\/5172","targetHints":{"allow":["GET"]}}],"collection":[{"href":"https:\/\/medicaltravel.at\/tr\/wp-json\/wp\/v2\/pages"}],"about":[{"href":"https:\/\/medicaltravel.at\/tr\/wp-json\/wp\/v2\/types\/page"}],"author":[{"embeddable":true,"href":"https:\/\/medicaltravel.at\/tr\/wp-json\/wp\/v2\/users\/4"}],"replies":[{"embeddable":true,"href":"https:\/\/medicaltravel.at\/tr\/wp-json\/wp\/v2\/comments?post=5172"}],"version-history":[{"count":3,"href":"https:\/\/medicaltravel.at\/tr\/wp-json\/wp\/v2\/pages\/5172\/revisions"}],"predecessor-version":[{"id":5175,"href":"https:\/\/medicaltravel.at\/tr\/wp-json\/wp\/v2\/pages\/5172\/revisions\/5175"}],"wp:attachment":[{"href":"https:\/\/medicaltravel.at\/tr\/wp-json\/wp\/v2\/media?parent=5172"}],"curies":[{"name":"wp","href":"https:\/\/api.w.org\/{rel}","templated":true}]}}