{"id":5168,"date":"2025-09-27T14:30:40","date_gmt":"2025-09-27T13:30:40","guid":{"rendered":"https:\/\/medicaltravel.at\/neden-tuerkiye\/lazer-gercekler\/"},"modified":"2026-01-03T21:22:22","modified_gmt":"2026-01-03T20:22:22","slug":"lazer-gercekler","status":"publish","type":"page","link":"https:\/\/medicaltravel.at\/tr\/neden-tuerkiye\/lazer-gercekler\/","title":{"rendered":"Lazer: Ger\u00e7ekler"},"content":{"rendered":"\t\t<div data-elementor-type=\"wp-page\" data-elementor-id=\"5168\" class=\"elementor elementor-5168 elementor-789\" data-elementor-post-type=\"page\">\n\t\t\t\t<div class=\"elementor-element elementor-element-398f694 e-flex e-con-boxed wpr-particle-no wpr-jarallax-no wpr-parallax-no wpr-sticky-section-no e-con e-parent\" data-id=\"398f694\" data-element_type=\"container\" data-e-type=\"container\">\n\t\t\t\t\t<div class=\"e-con-inner\">\n\t\t<div class=\"elementor-element elementor-element-f46d604 e-con-full e-flex wpr-particle-no wpr-jarallax-no wpr-parallax-no wpr-sticky-section-no e-con e-child\" data-id=\"f46d604\" data-element_type=\"container\" data-e-type=\"container\">\n\t\t\t\t<div class=\"elementor-element elementor-element-9bc8557 elementor-widget elementor-widget-button\" data-id=\"9bc8557\" data-element_type=\"widget\" data-e-type=\"widget\" data-widget_type=\"button.default\">\n\t\t\t\t\t\t\t\t\t\t<a class=\"elementor-button elementor-button-link elementor-size-sm\" href=\"https:\/\/medicaltravel.at\/tr\/neden-tuerkiye\/saglik-turizmi\/\">\n\t\t\t\t\t\t<span class=\"elementor-button-content-wrapper\">\n\t\t\t\t\t\t\t\t\t<span class=\"elementor-button-text\">Sa\u011fl\u0131k Turizmi<\/span>\n\t\t\t\t\t<\/span>\n\t\t\t\t\t<\/a>\n\t\t\t\t\t\t\t\t<\/div>\n\t\t\t\t<div class=\"elementor-element elementor-element-699f8a0 elementor-widget elementor-widget-button\" data-id=\"699f8a0\" data-element_type=\"widget\" data-e-type=\"widget\" data-widget_type=\"button.default\">\n\t\t\t\t\t\t\t\t\t\t<a class=\"elementor-button elementor-button-link elementor-size-sm\" href=\"https:\/\/medicaltravel.at\/tr\/neden-tuerkiye\/lazer-gercekler\/\">\n\t\t\t\t\t\t<span class=\"elementor-button-content-wrapper\">\n\t\t\t\t\t\t\t\t\t<span class=\"elementor-button-text\">Lazer: Ger\u00e7ekler<\/span>\n\t\t\t\t\t<\/span>\n\t\t\t\t\t<\/a>\n\t\t\t\t\t\t\t\t<\/div>\n\t\t\t\t<div class=\"elementor-element elementor-element-cb61dc7 elementor-widget elementor-widget-button\" data-id=\"cb61dc7\" data-element_type=\"widget\" data-e-type=\"widget\" data-widget_type=\"button.default\">\n\t\t\t\t\t\t\t\t\t\t<a class=\"elementor-button elementor-button-link elementor-size-sm\" href=\"https:\/\/medicaltravel.at\/tr\/neden-tuerkiye\/tuerkiyenin-sehirleri\/bir-sehir-olarak-istanbul\/\">\n\t\t\t\t\t\t<span class=\"elementor-button-content-wrapper\">\n\t\t\t\t\t\t\t\t\t<span class=\"elementor-button-text\">T\u00fcrkiye\u2019nin \u015eehirleri<\/span>\n\t\t\t\t\t<\/span>\n\t\t\t\t\t<\/a>\n\t\t\t\t\t\t\t\t<\/div>\n\t\t\t\t<div class=\"elementor-element elementor-element-fc9f82b elementor-widget elementor-widget-button\" data-id=\"fc9f82b\" data-element_type=\"widget\" data-e-type=\"widget\" data-widget_type=\"button.default\">\n\t\t\t\t\t\t\t\t\t\t<a class=\"elementor-button elementor-button-link elementor-size-sm\" href=\"https:\/\/medicaltravel.at\/tr\/neden-tuerkiye\/seyahat-tarihleri\/\">\n\t\t\t\t\t\t<span class=\"elementor-button-content-wrapper\">\n\t\t\t\t\t\t\t\t\t<span class=\"elementor-button-text\">Seyahat Tarihleri<\/span>\n\t\t\t\t\t<\/span>\n\t\t\t\t\t<\/a>\n\t\t\t\t\t\t\t\t<\/div>\n\t\t\t\t<\/div>\n\t\t\t\t<div class=\"elementor-element elementor-element-e2a00bb elementor-widget elementor-widget-text-editor\" data-id=\"e2a00bb\" data-element_type=\"widget\" data-e-type=\"widget\" data-widget_type=\"text-editor.default\">\n\t\t\t\t\t\t\t\t\t<h2 class=\"wp-block-heading\">\u0130stanbul\u2019da G\u00f6z Lazeri: Ger\u00e7ekler<\/h2>\n<p><strong>\u0130stanbul\u2019a sa\u011fl\u0131k seyahatleri hakk\u0131nda kli\u015feler ve ger\u00e7ekler. Deli mi yoksa ak\u0131ll\u0131ca m\u0131? <\/strong><\/p>\n<p><strong>T\u00fcrkiye\u2019ye sa\u011fl\u0131k seyahatleri<\/strong> hakk\u0131nda bir\u00e7ok kli\u015fe vard\u0131r. Ama ger\u00e7ekler bizim \u00fclkemizde bamba\u015fkad\u0131r: <\/p>\n<p><strong>Kli\u015fe:<\/strong> \u0130stanbul\u2019daki kaliteyi asla garanti edemezsiniz! Peki ya hijyen standartlar\u0131? <br><strong>Ger\u00e7ek:<\/strong> G\u00f6z lazeri klini\u011fimiz uluslararas\u0131 sertifikaya sahiptir ve bu, her alanda <strong>kaliteyi<\/strong> garanti eder.<\/p>\n<p><strong>Kli\u015fe: <\/strong>Avusturyal\u0131 doktorlar\u0131n kesinlikle daha fazla deneyimi vard\u0131r!<br>Ger\u00e7ek: Klini\u011fin doktorlar\u0131 son 10 y\u0131lda 20.000\u2019den fazla ameliyat ger\u00e7ekle\u015ftirdi ve uluslararas\u0131 e\u011fitim ald\u0131. \u00dclkedeki hi\u00e7bir g\u00f6z lazeri klini\u011fi bu kadar y\u00fcksek say\u0131da ameliyata ve buna ba\u011fl\u0131 deneyime sahip de\u011fildir. <\/p>\n<figure class=\"wp-block-image size-full\"><img fetchpriority=\"high\" decoding=\"async\" width=\"300\" height=\"225\" class=\"wp-image-1433\" src=\"https:\/\/medicaltravel.at\/wp-content\/uploads\/2025\/09\/Klischees-und-Tatsachen-uber-Medizinalreisen-nach-Istanbul.-Informieren-Sie-sich-uber-die-Tatsachen.-300x225-1.jpg\" alt=\"\"><\/figure>\n<p id=\"caption-attachment-42\">\u0130stanbul\u2019a sa\u011fl\u0131k seyahatleri hakk\u0131nda kli\u015feler ve ger\u00e7ekler. Ger\u00e7ekler hakk\u0131nda bilgi edinin. <\/p>\n<p><strong>Kli\u015fe:<\/strong> Yurt d\u0131\u015f\u0131nda sadece h\u0131zl\u0131 ve kalabal\u0131k hizmet verilir!<br><strong>Ger\u00e7ek: <\/strong>Her hastaya yeterli zaman ayr\u0131lmas\u0131 i\u00e7in klinik, g\u00fcnde sadece birka\u00e7 hastay\u0131 kabul eder.<\/p>\n<p>Kli\u015fe: Cihazlar eski ve ikinci el piyasas\u0131ndan al\u0131nm\u0131\u015f!<br><strong>Ger\u00e7ek: <\/strong>T\u00fcrk klinikleri, \u015fu anda d\u00fcnyadaki en h\u0131zl\u0131 g\u00f6z lazer cihazlar\u0131na sahiptir.<\/p>\n<p><strong>Kli\u015fe: <\/strong>Nas\u0131l anla\u015fabilirim ki? T\u00fcrk\u00e7e bilmiyorum! <br><strong>Ger\u00e7ek: <\/strong>Klinik b\u00fcnyesinde her zaman ak\u0131c\u0131 Almanca konu\u015fan bir personel bulunur.<\/p>\n<p><strong>Kli\u015fe: <\/strong>Yurt d\u0131\u015f\u0131nda Avusturya\u2019ya g\u00f6re daha fazla komplikasyon vard\u0131r, kesinlikle.<br><strong>Ger\u00e7ek: <\/strong>Bunu kan\u0131tlayabilecek bilimsel bir \u00e7al\u0131\u015fma yoktur. Avusturya\u2019da ba\u015far\u0131 oran\u0131 %90\u2019\u0131n \u00fczerindedir. Swisslasik.ch\u2019de ise %98\u2019in \u00fczerindedir.  <\/p>\n<p><strong>Kli\u015fe: <\/strong>Yurt d\u0131\u015f\u0131nda ameliyat sonras\u0131 komplikasyonlar daha fazlad\u0131r.<br><strong>Ger\u00e7ek: <\/strong>Hastalar\u0131m\u0131z\u0131n yaln\u0131zca %2\u2019si tekrar ameliyat olmak zorunda kald\u0131. Avrupa\u2019daki uzmanlar, bu oran\u0131n %10 oldu\u011fu durumlar\u0131 ba\u015far\u0131l\u0131 say\u0131yor. <\/p>\n<p><strong>Kli\u015fe:<\/strong> \u0130kinci bir ameliyatta tekrar seyahat ve ameliyat \u00fccreti \u00f6demem gerekecek. Tasarruf etkisi kayboluyor! <br><strong>Ger\u00e7ek: <\/strong>Klinik, ikinci ameliyat\u0131 \u00fccretsiz olarak sunar.<\/p>\n<p><strong>Klischee:<\/strong> Was? Du l\u00e4sst deine Augen in der T\u00fcrkei lasern? Bist du verr\u00fcckt?  <br><strong>Ger\u00e7ek:<\/strong> L\u00fctfen <a href=\"https:\/\/medicaltravel.at\/tr\/hasta-hikayeleri\/erfahrungsberichte-behandlungen-tuerkei\/\" data-type=\"page\" data-id=\"803\">memnun hastalar\u0131n deneyimlerini<\/a> okuyun. Kendiniz karar verebilirsiniz, bunun \u201cdeli\u201d mi yoksa \u201cak\u0131ll\u0131ca\u201d m\u0131 oldu\u011funu. <\/p>\t\t\t\t\t\t\t\t<\/div>\n\t\t\t\t\t<\/div>\n\t\t\t\t<\/div>\n\t\t\t\t<\/div>\n\t\t","protected":false},"excerpt":{"rendered":"<p>Sa\u011fl\u0131k Turizmi Lazer: Ger\u00e7ekler T\u00fcrkiye\u2019nin \u015eehirleri Seyahat Tarihleri \u0130stanbul\u2019da G\u00f6z Lazeri: Ger\u00e7ekler \u0130stanbul\u2019a sa\u011fl\u0131k seyahatleri hakk\u0131nda kli\u015feler ve ger\u00e7ekler. Deli mi yoksa ak\u0131ll\u0131ca m\u0131? T\u00fcrkiye\u2019ye sa\u011fl\u0131k seyahatleri hakk\u0131nda bir\u00e7ok kli\u015fe vard\u0131r. Ama ger\u00e7ekler bizim \u00fclkemizde bamba\u015fkad\u0131r: Kli\u015fe: \u0130stanbul\u2019daki kaliteyi asla garanti edemezsiniz! Peki ya hijyen standartlar\u0131? Ger\u00e7ek: G\u00f6z lazeri klini\u011fimiz uluslararas\u0131 sertifikaya sahiptir ve bu, her alanda kaliteyi garanti eder. Kli\u015fe: Avusturyal\u0131 doktorlar\u0131n kesinlikle daha fazla deneyimi vard\u0131r!Ger\u00e7ek: Klini\u011fin doktorlar\u0131 son 10 y\u0131lda 20.000\u2019den fazla ameliyat ger\u00e7ekle\u015ftirdi ve uluslararas\u0131 e\u011fitim ald\u0131. \u00dclkedeki hi\u00e7bir g\u00f6z lazeri klini\u011fi bu kadar y\u00fcksek say\u0131da ameliyata ve buna ba\u011fl\u0131 deneyime sahip de\u011fildir. \u0130stanbul\u2019a sa\u011fl\u0131k seyahatleri hakk\u0131nda kli\u015feler ve ger\u00e7ekler. Ger\u00e7ekler hakk\u0131nda bilgi edinin. Kli\u015fe: Yurt d\u0131\u015f\u0131nda sadece h\u0131zl\u0131 ve kalabal\u0131k hizmet verilir!Ger\u00e7ek: Her hastaya yeterli zaman ayr\u0131lmas\u0131 i\u00e7in klinik, g\u00fcnde sadece birka\u00e7 hastay\u0131 kabul eder. Kli\u015fe: Cihazlar eski ve ikinci el piyasas\u0131ndan al\u0131nm\u0131\u015f!Ger\u00e7ek: T\u00fcrk klinikleri, \u015fu anda d\u00fcnyadaki en h\u0131zl\u0131 g\u00f6z lazer cihazlar\u0131na sahiptir. Kli\u015fe: Nas\u0131l anla\u015fabilirim ki? T\u00fcrk\u00e7e bilmiyorum! Ger\u00e7ek: Klinik b\u00fcnyesinde her zaman ak\u0131c\u0131 Almanca konu\u015fan bir personel bulunur. Kli\u015fe: Yurt d\u0131\u015f\u0131nda Avusturya\u2019ya g\u00f6re daha fazla komplikasyon vard\u0131r, kesinlikle.Ger\u00e7ek: Bunu kan\u0131tlayabilecek bilimsel bir \u00e7al\u0131\u015fma yoktur. Avusturya\u2019da ba\u015far\u0131 oran\u0131 %90\u2019\u0131n \u00fczerindedir. Swisslasik.ch\u2019de ise %98\u2019in \u00fczerindedir. Kli\u015fe: Yurt d\u0131\u015f\u0131nda ameliyat sonras\u0131 komplikasyonlar daha fazlad\u0131r.Ger\u00e7ek: Hastalar\u0131m\u0131z\u0131n yaln\u0131zca %2\u2019si tekrar ameliyat olmak zorunda kald\u0131. Avrupa\u2019daki uzmanlar, bu oran\u0131n %10 oldu\u011fu durumlar\u0131 ba\u015far\u0131l\u0131 say\u0131yor. Kli\u015fe: \u0130kinci bir ameliyatta tekrar seyahat ve ameliyat \u00fccreti \u00f6demem gerekecek. Tasarruf etkisi kayboluyor! Ger\u00e7ek: Klinik, ikinci ameliyat\u0131 \u00fccretsiz olarak sunar. Klischee: Was? Du l\u00e4sst deine Augen in der T\u00fcrkei lasern? Bist du verr\u00fcckt? Ger\u00e7ek: L\u00fctfen memnun hastalar\u0131n deneyimlerini okuyun. Kendiniz karar verebilirsiniz, bunun \u201cdeli\u201d mi yoksa \u201cak\u0131ll\u0131ca\u201d m\u0131 oldu\u011funu.<\/p>\n","protected":false},"author":4,"featured_media":0,"parent":5146,"menu_order":0,"comment_status":"closed","ping_status":"closed","template":"","meta":{"_joinchat":[],"footnotes":""},"class_list":["post-5168","page","type-page","status-publish","hentry"],"acf":[],"_links":{"self":[{"href":"https:\/\/medicaltravel.at\/tr\/wp-json\/wp\/v2\/pages\/5168","targetHints":{"allow":["GET"]}}],"collection":[{"href":"https:\/\/medicaltravel.at\/tr\/wp-json\/wp\/v2\/pages"}],"about":[{"href":"https:\/\/medicaltravel.at\/tr\/wp-json\/wp\/v2\/types\/page"}],"author":[{"embeddable":true,"href":"https:\/\/medicaltravel.at\/tr\/wp-json\/wp\/v2\/users\/4"}],"replies":[{"embeddable":true,"href":"https:\/\/medicaltravel.at\/tr\/wp-json\/wp\/v2\/comments?post=5168"}],"version-history":[{"count":1,"href":"https:\/\/medicaltravel.at\/tr\/wp-json\/wp\/v2\/pages\/5168\/revisions"}],"predecessor-version":[{"id":5169,"href":"https:\/\/medicaltravel.at\/tr\/wp-json\/wp\/v2\/pages\/5168\/revisions\/5169"}],"up":[{"embeddable":true,"href":"https:\/\/medicaltravel.at\/tr\/wp-json\/wp\/v2\/pages\/5146"}],"wp:attachment":[{"href":"https:\/\/medicaltravel.at\/tr\/wp-json\/wp\/v2\/media?parent=5168"}],"curies":[{"name":"wp","href":"https:\/\/api.w.org\/{rel}","templated":true}]}}