{"id":5159,"date":"2025-09-27T14:29:59","date_gmt":"2025-09-27T13:29:59","guid":{"rendered":"https:\/\/medicaltravel.at\/neden-tuerkiye\/saglik-turizmi\/"},"modified":"2026-01-03T21:10:23","modified_gmt":"2026-01-03T20:10:23","slug":"saglik-turizmi","status":"publish","type":"page","link":"https:\/\/medicaltravel.at\/tr\/neden-tuerkiye\/saglik-turizmi\/","title":{"rendered":"Sa\u011fl\u0131k Turizmi"},"content":{"rendered":"\t\t<div data-elementor-type=\"wp-page\" data-elementor-id=\"5159\" class=\"elementor elementor-5159 elementor-787\" data-elementor-post-type=\"page\">\n\t\t\t\t<div class=\"elementor-element elementor-element-662bd24 e-flex e-con-boxed wpr-particle-no wpr-jarallax-no wpr-parallax-no wpr-sticky-section-no e-con e-parent\" data-id=\"662bd24\" data-element_type=\"container\" data-e-type=\"container\">\n\t\t\t\t\t<div class=\"e-con-inner\">\n\t\t<div class=\"elementor-element elementor-element-e3c9ca4 e-con-full e-flex wpr-particle-no wpr-jarallax-no wpr-parallax-no wpr-sticky-section-no e-con e-child\" data-id=\"e3c9ca4\" data-element_type=\"container\" data-e-type=\"container\">\n\t\t\t\t<div class=\"elementor-element elementor-element-ad893c3 elementor-widget elementor-widget-button\" data-id=\"ad893c3\" data-element_type=\"widget\" data-e-type=\"widget\" data-widget_type=\"button.default\">\n\t\t\t\t\t\t\t\t\t\t<a class=\"elementor-button elementor-button-link elementor-size-sm\" href=\"https:\/\/medicaltravel.at\/tr\/neden-tuerkiye\/saglik-turizmi\/\">\n\t\t\t\t\t\t<span class=\"elementor-button-content-wrapper\">\n\t\t\t\t\t\t\t\t\t<span class=\"elementor-button-text\">Sa\u011fl\u0131k Turizmi<\/span>\n\t\t\t\t\t<\/span>\n\t\t\t\t\t<\/a>\n\t\t\t\t\t\t\t\t<\/div>\n\t\t\t\t<div class=\"elementor-element elementor-element-a8dc0bc elementor-widget elementor-widget-button\" data-id=\"a8dc0bc\" data-element_type=\"widget\" data-e-type=\"widget\" data-widget_type=\"button.default\">\n\t\t\t\t\t\t\t\t\t\t<a class=\"elementor-button elementor-button-link elementor-size-sm\" href=\"https:\/\/medicaltravel.at\/warum-tuerkei\/lasern-tatsachen\/\">\n\t\t\t\t\t\t<span class=\"elementor-button-content-wrapper\">\n\t\t\t\t\t\t\t\t\t<span class=\"elementor-button-text\">Lazer: Ger\u00e7ekler<\/span>\n\t\t\t\t\t<\/span>\n\t\t\t\t\t<\/a>\n\t\t\t\t\t\t\t\t<\/div>\n\t\t\t\t<div class=\"elementor-element elementor-element-e4c133c elementor-widget elementor-widget-button\" data-id=\"e4c133c\" data-element_type=\"widget\" data-e-type=\"widget\" data-widget_type=\"button.default\">\n\t\t\t\t\t\t\t\t\t\t<a class=\"elementor-button elementor-button-link elementor-size-sm\" href=\"https:\/\/medicaltravel.at\/tr\/neden-tuerkiye\/tuerkiyenin-sehirleri\/bir-sehir-olarak-istanbul\/\">\n\t\t\t\t\t\t<span class=\"elementor-button-content-wrapper\">\n\t\t\t\t\t\t\t\t\t<span class=\"elementor-button-text\">T\u00fcrkiye\u2019nin \u015eehirleri<\/span>\n\t\t\t\t\t<\/span>\n\t\t\t\t\t<\/a>\n\t\t\t\t\t\t\t\t<\/div>\n\t\t\t\t<div class=\"elementor-element elementor-element-5dfaaa2 elementor-widget elementor-widget-button\" data-id=\"5dfaaa2\" data-element_type=\"widget\" data-e-type=\"widget\" data-widget_type=\"button.default\">\n\t\t\t\t\t\t\t\t\t\t<a class=\"elementor-button elementor-button-link elementor-size-sm\" href=\"https:\/\/medicaltravel.at\/tr\/neden-tuerkiye\/seyahat-tarihleri\/\">\n\t\t\t\t\t\t<span class=\"elementor-button-content-wrapper\">\n\t\t\t\t\t\t\t\t\t<span class=\"elementor-button-text\">Seyahat Tarihleri<\/span>\n\t\t\t\t\t<\/span>\n\t\t\t\t\t<\/a>\n\t\t\t\t\t\t\t\t<\/div>\n\t\t\t\t<\/div>\n\t\t\t\t<div class=\"elementor-element elementor-element-326f1ba elementor-widget elementor-widget-text-editor\" data-id=\"326f1ba\" data-element_type=\"widget\" data-e-type=\"widget\" data-widget_type=\"text-editor.default\">\n\t\t\t\t\t\t\t\t\t<div class=\"wp-block-group\">\n<div class=\"wp-block-buttons\"> <\/div>\n<\/div>\n<h2 class=\"wp-block-heading\">G\u00f6z lazer tedavisi i\u00e7in \u0130stanbul\u2019a sa\u011fl\u0131k turizmi<\/h2>\n<p>Sa\u011fl\u0131k turizmi, di\u011fer bir deyi\u015fle t\u0131bbi seyahat, t\u0131bbi hizmet almak i\u00e7in yabanc\u0131 \u00fclkelere seyahat etmek demektir.<\/p>\n<p>Bu t\u00fcr seyahatler genellikle tatille birle\u015ftirilir. Sa\u011fl\u0131k turizmi fikri yeni de\u011fildir: M.\u00d6. 4. y\u00fczy\u0131lda Epidauros, farkl\u0131 <strong>hastal\u0131klardan \u015fifa bulmak<\/strong> i\u00e7in t\u00fcm Akdeniz b\u00f6lgesinden Anadolu\u2019ya gelen insanlar i\u00e7in hem kutsal bir yer hem de tedavi merkeziydi. <\/p>\n<p>Son birka\u00e7 on y\u0131ld\u0131r, \u00d6l\u00fc Deniz\u2019de yap\u0131lan k\u00fcrler, n\u00f6rodermit veya sedef gibi cilt hastal\u0131klar\u0131 i\u00e7in kabul g\u00f6rm\u00fc\u015f tedavi y\u00f6ntemleri olarak de\u011ferlendiriliyor.<\/p>\n<figure class=\"wp-block-image size-full\"><img fetchpriority=\"high\" decoding=\"async\" width=\"300\" height=\"225\" class=\"wp-image-1429\" src=\"https:\/\/medicaltravel.at\/wp-content\/uploads\/2025\/09\/lasik011-300x225-1.jpg\" alt=\"\"><\/figure>\n<p id=\"caption-attachment-39\">Sa\u011fl\u0131k turizmi, daha az kaliteli bir hizmeti kabul etmek anlam\u0131na gelmez; tam tersine, MedicalTravel sayesinde, son derece nitelikli doktorlar taraf\u0131ndan rahat bir ortamda tedavi edilirsiniz.<\/p>\n<p><strong>Neden Uzaklara Gitmek?<\/strong><\/p>\n<p>Sa\u011fl\u0131k turizminin bir\u00e7ok nedeni vard\u0131r: \u0130ngiltere\u2019deki uzun ameliyat bekleme s\u00fcrelerinden ka\u00e7\u0131nmak, ABD\u2019de yetersiz sigorta kapsam\u0131, ayr\u0131ca gizlilik veya ho\u015f bir iklim (hava, \u00e7evre, personel) gibi avantajlar.<\/p>\n<p>\u015eu anda d\u00fcnyan\u0131n d\u00f6rt bir yan\u0131ndan hastalar, \u00f6zellikle di\u015f tedavisi veya estetik cerrahi i\u015flemleri i\u00e7in yurt d\u0131\u015f\u0131na seyahat ediyor, ancak g\u00f6z tedavileri (lazer) i\u00e7in de, \u00f6zellikle T\u00fcrkiye\u2019ye gidiliyor.<\/p>\n<p>Bunlar, \u00fclkenizde sa\u011fl\u0131k sigortas\u0131 taraf\u0131ndan kar\u015f\u0131lanmayan hizmetlerdir ve bu y\u00fczden en \u00e7ok fiyat \u00f6nemlidir. Yurt d\u0131\u015f\u0131ndaki tedavi maliyetleri, \u00e7o\u011fu zaman yerel doktorlar ve kliniklerin talep etti\u011fi \u00fccretlerin \u00e7ok alt\u0131ndad\u0131r. <\/p>\n<p><a href=\"https:\/\/medicaltravel.at\/wp-content\/uploads\/2025\/09\/hier.pdf\" data-type=\"link\" data-id=\"https:\/\/medicaltravel.at\/wp-content\/uploads\/2025\/09\/hier.pdf\">Buradan<\/a> T\u00fcrkiye\u2019de sa\u011fl\u0131k turizmi hakk\u0131nda bir raporu (\u0130ngilizce) okuyabilirsiniz. Wikipedia\u2019da ayr\u0131ca di\u015f turizmi ile ilgili <a href=\"https:\/\/en.wikipedia.org\/wiki\/Dental_tourism\" target=\"_blank\" rel=\"noopener\">bir makale<\/a> de bulabilirsiniz. <\/p>\t\t\t\t\t\t\t\t<\/div>\n\t\t\t\t\t<\/div>\n\t\t\t\t<\/div>\n\t\t\t\t<\/div>\n\t\t","protected":false},"excerpt":{"rendered":"<p>Sa\u011fl\u0131k Turizmi Lazer: Ger\u00e7ekler T\u00fcrkiye\u2019nin \u015eehirleri Seyahat Tarihleri G\u00f6z lazer tedavisi i\u00e7in \u0130stanbul\u2019a sa\u011fl\u0131k turizmi Sa\u011fl\u0131k turizmi, di\u011fer bir deyi\u015fle t\u0131bbi seyahat, t\u0131bbi hizmet almak i\u00e7in yabanc\u0131 \u00fclkelere seyahat etmek demektir. Bu t\u00fcr seyahatler genellikle tatille birle\u015ftirilir. Sa\u011fl\u0131k turizmi fikri yeni de\u011fildir: M.\u00d6. 4. y\u00fczy\u0131lda Epidauros, farkl\u0131 hastal\u0131klardan \u015fifa bulmak i\u00e7in t\u00fcm Akdeniz b\u00f6lgesinden Anadolu\u2019ya gelen insanlar i\u00e7in hem kutsal bir yer hem de tedavi merkeziydi. Son birka\u00e7 on y\u0131ld\u0131r, \u00d6l\u00fc Deniz\u2019de yap\u0131lan k\u00fcrler, n\u00f6rodermit veya sedef gibi cilt hastal\u0131klar\u0131 i\u00e7in kabul g\u00f6rm\u00fc\u015f tedavi y\u00f6ntemleri olarak de\u011ferlendiriliyor. Sa\u011fl\u0131k turizmi, daha az kaliteli bir hizmeti kabul etmek anlam\u0131na gelmez; tam tersine, MedicalTravel sayesinde, son derece nitelikli doktorlar taraf\u0131ndan rahat bir ortamda tedavi edilirsiniz. Neden Uzaklara Gitmek? Sa\u011fl\u0131k turizminin bir\u00e7ok nedeni vard\u0131r: \u0130ngiltere\u2019deki uzun ameliyat bekleme s\u00fcrelerinden ka\u00e7\u0131nmak, ABD\u2019de yetersiz sigorta kapsam\u0131, ayr\u0131ca gizlilik veya ho\u015f bir iklim (hava, \u00e7evre, personel) gibi avantajlar. \u015eu anda d\u00fcnyan\u0131n d\u00f6rt bir yan\u0131ndan hastalar, \u00f6zellikle di\u015f tedavisi veya estetik cerrahi i\u015flemleri i\u00e7in yurt d\u0131\u015f\u0131na seyahat ediyor, ancak g\u00f6z tedavileri (lazer) i\u00e7in de, \u00f6zellikle T\u00fcrkiye\u2019ye gidiliyor. Bunlar, \u00fclkenizde sa\u011fl\u0131k sigortas\u0131 taraf\u0131ndan kar\u015f\u0131lanmayan hizmetlerdir ve bu y\u00fczden en \u00e7ok fiyat \u00f6nemlidir. Yurt d\u0131\u015f\u0131ndaki tedavi maliyetleri, \u00e7o\u011fu zaman yerel doktorlar ve kliniklerin talep etti\u011fi \u00fccretlerin \u00e7ok alt\u0131ndad\u0131r. Buradan T\u00fcrkiye\u2019de sa\u011fl\u0131k turizmi hakk\u0131nda bir raporu (\u0130ngilizce) okuyabilirsiniz. Wikipedia\u2019da ayr\u0131ca di\u015f turizmi ile ilgili bir makale de bulabilirsiniz.<\/p>\n","protected":false},"author":4,"featured_media":0,"parent":5146,"menu_order":0,"comment_status":"closed","ping_status":"closed","template":"","meta":{"_joinchat":[],"footnotes":""},"class_list":["post-5159","page","type-page","status-publish","hentry"],"acf":[],"_links":{"self":[{"href":"https:\/\/medicaltravel.at\/tr\/wp-json\/wp\/v2\/pages\/5159","targetHints":{"allow":["GET"]}}],"collection":[{"href":"https:\/\/medicaltravel.at\/tr\/wp-json\/wp\/v2\/pages"}],"about":[{"href":"https:\/\/medicaltravel.at\/tr\/wp-json\/wp\/v2\/types\/page"}],"author":[{"embeddable":true,"href":"https:\/\/medicaltravel.at\/tr\/wp-json\/wp\/v2\/users\/4"}],"replies":[{"embeddable":true,"href":"https:\/\/medicaltravel.at\/tr\/wp-json\/wp\/v2\/comments?post=5159"}],"version-history":[{"count":1,"href":"https:\/\/medicaltravel.at\/tr\/wp-json\/wp\/v2\/pages\/5159\/revisions"}],"predecessor-version":[{"id":5160,"href":"https:\/\/medicaltravel.at\/tr\/wp-json\/wp\/v2\/pages\/5159\/revisions\/5160"}],"up":[{"embeddable":true,"href":"https:\/\/medicaltravel.at\/tr\/wp-json\/wp\/v2\/pages\/5146"}],"wp:attachment":[{"href":"https:\/\/medicaltravel.at\/tr\/wp-json\/wp\/v2\/media?parent=5159"}],"curies":[{"name":"wp","href":"https:\/\/api.w.org\/{rel}","templated":true}]}}