{"id":5150,"date":"2025-09-27T14:35:15","date_gmt":"2025-09-27T13:35:15","guid":{"rendered":"https:\/\/medicaltravel.at\/neden-tuerkiye\/seyahat-tarihleri\/"},"modified":"2026-01-03T21:12:44","modified_gmt":"2026-01-03T20:12:44","slug":"seyahat-tarihleri","status":"publish","type":"page","link":"https:\/\/medicaltravel.at\/tr\/neden-tuerkiye\/seyahat-tarihleri\/","title":{"rendered":"Seyahat Tarihleri"},"content":{"rendered":"\t\t<div data-elementor-type=\"wp-page\" data-elementor-id=\"5150\" class=\"elementor elementor-5150 elementor-799\" data-elementor-post-type=\"page\">\n\t\t\t\t<div class=\"elementor-element elementor-element-57c777f8 e-flex e-con-boxed wpr-particle-no wpr-jarallax-no wpr-parallax-no wpr-sticky-section-no e-con e-parent\" data-id=\"57c777f8\" data-element_type=\"container\" data-e-type=\"container\">\n\t\t\t\t\t<div class=\"e-con-inner\">\n\t\t<div class=\"elementor-element elementor-element-1c8eeb7 e-con-full e-flex wpr-particle-no wpr-jarallax-no wpr-parallax-no wpr-sticky-section-no e-con e-child\" data-id=\"1c8eeb7\" data-element_type=\"container\" data-e-type=\"container\">\n\t\t\t\t<div class=\"elementor-element elementor-element-61240b8 elementor-widget elementor-widget-button\" data-id=\"61240b8\" data-element_type=\"widget\" data-e-type=\"widget\" data-widget_type=\"button.default\">\n\t\t\t\t\t\t\t\t\t\t<a class=\"elementor-button elementor-button-link elementor-size-sm\" href=\"https:\/\/medicaltravel.at\/tr\/neden-tuerkiye\/saglik-turizmi\/\">\n\t\t\t\t\t\t<span class=\"elementor-button-content-wrapper\">\n\t\t\t\t\t\t\t\t\t<span class=\"elementor-button-text\">Sa\u011fl\u0131k Turizmi<\/span>\n\t\t\t\t\t<\/span>\n\t\t\t\t\t<\/a>\n\t\t\t\t\t\t\t\t<\/div>\n\t\t\t\t<div class=\"elementor-element elementor-element-b01fd79 elementor-widget elementor-widget-button\" data-id=\"b01fd79\" data-element_type=\"widget\" data-e-type=\"widget\" data-widget_type=\"button.default\">\n\t\t\t\t\t\t\t\t\t\t<a class=\"elementor-button elementor-button-link elementor-size-sm\" href=\"https:\/\/medicaltravel.at\/warum-tuerkei\/lasern-tatsachen\/\">\n\t\t\t\t\t\t<span class=\"elementor-button-content-wrapper\">\n\t\t\t\t\t\t\t\t\t<span class=\"elementor-button-text\">Lazer: Ger\u00e7ekler<\/span>\n\t\t\t\t\t<\/span>\n\t\t\t\t\t<\/a>\n\t\t\t\t\t\t\t\t<\/div>\n\t\t\t\t<div class=\"elementor-element elementor-element-746c534 elementor-widget elementor-widget-button\" data-id=\"746c534\" data-element_type=\"widget\" data-e-type=\"widget\" data-widget_type=\"button.default\">\n\t\t\t\t\t\t\t\t\t\t<a class=\"elementor-button elementor-button-link elementor-size-sm\" href=\"https:\/\/medicaltravel.at\/tr\/neden-tuerkiye\/tuerkiyenin-sehirleri\/bir-sehir-olarak-istanbul\/\">\n\t\t\t\t\t\t<span class=\"elementor-button-content-wrapper\">\n\t\t\t\t\t\t\t\t\t<span class=\"elementor-button-text\">T\u00fcrkiye\u2019nin \u015eehirleri<\/span>\n\t\t\t\t\t<\/span>\n\t\t\t\t\t<\/a>\n\t\t\t\t\t\t\t\t<\/div>\n\t\t\t\t<div class=\"elementor-element elementor-element-093bff9 elementor-widget elementor-widget-button\" data-id=\"093bff9\" data-element_type=\"widget\" data-e-type=\"widget\" data-widget_type=\"button.default\">\n\t\t\t\t\t\t\t\t\t\t<a class=\"elementor-button elementor-button-link elementor-size-sm\" href=\"https:\/\/medicaltravel.at\/tr\/neden-tuerkiye\/seyahat-tarihleri\/\">\n\t\t\t\t\t\t<span class=\"elementor-button-content-wrapper\">\n\t\t\t\t\t\t\t\t\t<span class=\"elementor-button-text\">Seyahat Tarihleri<\/span>\n\t\t\t\t\t<\/span>\n\t\t\t\t\t<\/a>\n\t\t\t\t\t\t\t\t<\/div>\n\t\t\t\t<\/div>\n\t\t\t\t<div class=\"elementor-element elementor-element-5416287e elementor-widget elementor-widget-text-editor\" data-id=\"5416287e\" data-element_type=\"widget\" data-e-type=\"widget\" data-widget_type=\"text-editor.default\">\n\t\t\t\t\t\t\t\t\t\n<h2 class=\"wp-block-heading\">Tedavi Bilgileri<\/h2>\n\n<p><strong>T\u00fcrkiye\u2019deki tedavileriniz i\u00e7in ameliyat bilgileri:<\/strong><\/p>\n\n<p>Tedaviler Pazartesi\u2019den Cumartesi\u2019ye yap\u0131labilir. Randevu, klinikle g\u00f6r\u00fc\u015fme sonras\u0131 onaylan\u0131r. Cumartesi g\u00fcn\u00fc tedavi de m\u00fcmk\u00fcnd\u00fcr.  <\/p>\n\n<p>Seyahatinizi tamamen isteklerinize g\u00f6re organize edebiliriz. <a href=\"https:\/\/medicaltravel.at\/kontakt\/\" data-type=\"page\" data-id=\"976\">L\u00fctfen bizimle ileti\u015fime ge\u00e7in.<\/a><\/p>\n\n<p>\u0130\u015fte kliniklerimizin kapal\u0131 oldu\u011fu resmi tatiller:<\/p>\n\n<p>01. Ocak: Yeni Y\u0131l<br>23. Nisan: Ulusal Egemenlik ve \u00c7ocuk Bayram\u0131<br>19. May\u0131s: Atat\u00fcrk\u2019\u00fc Anma, Gen\u00e7lik ve Spor Bayram\u0131<br>15 .Temmuz: Demokrasi ve Mill\u00ee Birlik G\u00fcn\u00fc<br>30. A\u011fustos: Zafer Bayram\u0131<br>29. Ekim: Cumhuriyet Bayram\u0131<br>Ramazan Bayram\u0131 (her y\u0131l yakla\u015f\u0131k 10 g\u00fcn kayar)<br>Kurban Bayram\u0131 (her y\u0131l yakla\u015f\u0131k 10 g\u00fcn kayar)<\/p>\n\n<p>T\u00fcrkiye\u2019de Paskalya, H\u0131ristiyanlar\u0131n Y\u00fckseli\u015f G\u00fcn\u00fc, Pentekost ve Noel tatilleri yoktur.<\/p>\n\n<p>Bize her zaman e-posta ile <a href=\"mailto:info@medicaltravel.net\">info@medicaltravel.net<\/a> \u00fczerinden ula\u015fabilirsiniz.<br>Veya telefonla: +41 (0) 33 534 57 65, +41 (0) 78 737 35 41<\/p>\n\n<p>MedicalTravel size \u201csa\u011fl\u0131kl\u0131\u201d bir g\u00fcn diler.<\/p>\n\n<p>G\u00f6z lazeri, LASIK, di\u015f implantlar\u0131, estetik operasyonlar, t\u00fcp bebek tedavileri<\/p>\n\t\t\t\t\t\t\t\t<\/div>\n\t\t\t\t\t<\/div>\n\t\t\t\t<\/div>\n\t\t\t\t<\/div>\n\t\t","protected":false},"excerpt":{"rendered":"<p>Sa\u011fl\u0131k Turizmi Lazer: Ger\u00e7ekler T\u00fcrkiye\u2019nin \u015eehirleri Seyahat Tarihleri Tedavi Bilgileri T\u00fcrkiye\u2019deki tedavileriniz i\u00e7in ameliyat bilgileri: Tedaviler Pazartesi\u2019den Cumartesi\u2019ye yap\u0131labilir. Randevu, klinikle g\u00f6r\u00fc\u015fme sonras\u0131 onaylan\u0131r. Cumartesi g\u00fcn\u00fc tedavi de m\u00fcmk\u00fcnd\u00fcr. Seyahatinizi tamamen isteklerinize g\u00f6re organize edebiliriz. L\u00fctfen bizimle ileti\u015fime ge\u00e7in. \u0130\u015fte kliniklerimizin kapal\u0131 oldu\u011fu resmi tatiller: 01. Ocak: Yeni Y\u0131l23. Nisan: Ulusal Egemenlik ve \u00c7ocuk Bayram\u013119. May\u0131s: Atat\u00fcrk\u2019\u00fc Anma, Gen\u00e7lik ve Spor Bayram\u013115 .Temmuz: Demokrasi ve Mill\u00ee Birlik G\u00fcn\u00fc30. A\u011fustos: Zafer Bayram\u013129. Ekim: Cumhuriyet Bayram\u0131Ramazan Bayram\u0131 (her y\u0131l yakla\u015f\u0131k 10 g\u00fcn kayar)Kurban Bayram\u0131 (her y\u0131l yakla\u015f\u0131k 10 g\u00fcn kayar) T\u00fcrkiye\u2019de Paskalya, H\u0131ristiyanlar\u0131n Y\u00fckseli\u015f G\u00fcn\u00fc, Pentekost ve Noel tatilleri yoktur. Bize her zaman e-posta ile info@medicaltravel.net \u00fczerinden ula\u015fabilirsiniz.Veya telefonla: +41 (0) 33 534 57 65, +41 (0) 78 737 35 41 MedicalTravel size \u201csa\u011fl\u0131kl\u0131\u201d bir g\u00fcn diler. G\u00f6z lazeri, LASIK, di\u015f implantlar\u0131, estetik operasyonlar, t\u00fcp bebek tedavileri<\/p>\n","protected":false},"author":4,"featured_media":0,"parent":5146,"menu_order":0,"comment_status":"closed","ping_status":"closed","template":"","meta":{"_joinchat":[],"footnotes":""},"class_list":["post-5150","page","type-page","status-publish","hentry"],"acf":[],"_links":{"self":[{"href":"https:\/\/medicaltravel.at\/tr\/wp-json\/wp\/v2\/pages\/5150","targetHints":{"allow":["GET"]}}],"collection":[{"href":"https:\/\/medicaltravel.at\/tr\/wp-json\/wp\/v2\/pages"}],"about":[{"href":"https:\/\/medicaltravel.at\/tr\/wp-json\/wp\/v2\/types\/page"}],"author":[{"embeddable":true,"href":"https:\/\/medicaltravel.at\/tr\/wp-json\/wp\/v2\/users\/4"}],"replies":[{"embeddable":true,"href":"https:\/\/medicaltravel.at\/tr\/wp-json\/wp\/v2\/comments?post=5150"}],"version-history":[{"count":9,"href":"https:\/\/medicaltravel.at\/tr\/wp-json\/wp\/v2\/pages\/5150\/revisions"}],"predecessor-version":[{"id":5166,"href":"https:\/\/medicaltravel.at\/tr\/wp-json\/wp\/v2\/pages\/5150\/revisions\/5166"}],"up":[{"embeddable":true,"href":"https:\/\/medicaltravel.at\/tr\/wp-json\/wp\/v2\/pages\/5146"}],"wp:attachment":[{"href":"https:\/\/medicaltravel.at\/tr\/wp-json\/wp\/v2\/media?parent=5150"}],"curies":[{"name":"wp","href":"https:\/\/api.w.org\/{rel}","templated":true}]}}