{"id":5146,"date":"2025-09-27T14:28:31","date_gmt":"2025-09-27T13:28:31","guid":{"rendered":"https:\/\/medicaltravel.at\/neden-tuerkiye\/"},"modified":"2026-01-03T21:22:22","modified_gmt":"2026-01-03T20:22:22","slug":"neden-tuerkiye","status":"publish","type":"page","link":"https:\/\/medicaltravel.at\/tr\/neden-tuerkiye\/","title":{"rendered":"Neden T\u00fcrkiye"},"content":{"rendered":"\t\t<div data-elementor-type=\"wp-page\" data-elementor-id=\"5146\" class=\"elementor elementor-5146 elementor-784\" data-elementor-post-type=\"page\">\n\t\t\t\t<div class=\"elementor-element elementor-element-1cd3b11d e-flex e-con-boxed wpr-particle-no wpr-jarallax-no wpr-parallax-no wpr-sticky-section-no e-con e-parent\" data-id=\"1cd3b11d\" data-element_type=\"container\" data-e-type=\"container\">\n\t\t\t\t\t<div class=\"e-con-inner\">\n\t\t<div class=\"elementor-element elementor-element-2cf6569 e-con-full e-flex wpr-particle-no wpr-jarallax-no wpr-parallax-no wpr-sticky-section-no e-con e-child\" data-id=\"2cf6569\" data-element_type=\"container\" data-e-type=\"container\">\n\t\t\t\t<div class=\"elementor-element elementor-element-5e1c551 elementor-widget elementor-widget-button\" data-id=\"5e1c551\" data-element_type=\"widget\" data-e-type=\"widget\" data-widget_type=\"button.default\">\n\t\t\t\t\t\t\t\t\t\t<a class=\"elementor-button elementor-button-link elementor-size-sm\" href=\"https:\/\/medicaltravel.at\/tr\/neden-tuerkiye\/saglik-turizmi\/\">\n\t\t\t\t\t\t<span class=\"elementor-button-content-wrapper\">\n\t\t\t\t\t\t\t\t\t<span class=\"elementor-button-text\">Sa\u011fl\u0131k Turizmi<\/span>\n\t\t\t\t\t<\/span>\n\t\t\t\t\t<\/a>\n\t\t\t\t\t\t\t\t<\/div>\n\t\t\t\t<div class=\"elementor-element elementor-element-7e572c1 elementor-widget elementor-widget-button\" data-id=\"7e572c1\" data-element_type=\"widget\" data-e-type=\"widget\" data-widget_type=\"button.default\">\n\t\t\t\t\t\t\t\t\t\t<a class=\"elementor-button elementor-button-link elementor-size-sm\" href=\"https:\/\/medicaltravel.at\/tr\/neden-tuerkiye\/lazer-gercekler\/\">\n\t\t\t\t\t\t<span class=\"elementor-button-content-wrapper\">\n\t\t\t\t\t\t\t\t\t<span class=\"elementor-button-text\">Lazer: Ger\u00e7ekler<\/span>\n\t\t\t\t\t<\/span>\n\t\t\t\t\t<\/a>\n\t\t\t\t\t\t\t\t<\/div>\n\t\t\t\t<div class=\"elementor-element elementor-element-b9b52f3 elementor-widget elementor-widget-button\" data-id=\"b9b52f3\" data-element_type=\"widget\" data-e-type=\"widget\" data-widget_type=\"button.default\">\n\t\t\t\t\t\t\t\t\t\t<a class=\"elementor-button elementor-button-link elementor-size-sm\" href=\"https:\/\/medicaltravel.at\/tr\/neden-tuerkiye\/tuerkiyenin-sehirleri\/bir-sehir-olarak-istanbul\/\">\n\t\t\t\t\t\t<span class=\"elementor-button-content-wrapper\">\n\t\t\t\t\t\t\t\t\t<span class=\"elementor-button-text\">T\u00fcrkiye\u2019nin \u015eehirleri<\/span>\n\t\t\t\t\t<\/span>\n\t\t\t\t\t<\/a>\n\t\t\t\t\t\t\t\t<\/div>\n\t\t\t\t<div class=\"elementor-element elementor-element-8e13289 elementor-widget elementor-widget-button\" data-id=\"8e13289\" data-element_type=\"widget\" data-e-type=\"widget\" data-widget_type=\"button.default\">\n\t\t\t\t\t\t\t\t\t\t<a class=\"elementor-button elementor-button-link elementor-size-sm\" href=\"https:\/\/medicaltravel.at\/tr\/neden-tuerkiye\/seyahat-tarihleri\/\">\n\t\t\t\t\t\t<span class=\"elementor-button-content-wrapper\">\n\t\t\t\t\t\t\t\t\t<span class=\"elementor-button-text\">Seyahat Tarihleri<\/span>\n\t\t\t\t\t<\/span>\n\t\t\t\t\t<\/a>\n\t\t\t\t\t\t\t\t<\/div>\n\t\t\t\t<\/div>\n\t\t\t\t<div class=\"elementor-element elementor-element-6ddd24ce elementor-widget elementor-widget-text-editor\" data-id=\"6ddd24ce\" data-element_type=\"widget\" data-e-type=\"widget\" data-widget_type=\"text-editor.default\">\n\t\t\t\t\t\t\t\t\t<h1 class=\"wp-block-heading\">T\u00fcrkiye her ge\u00e7en g\u00fcn daha pop\u00fcler hale geliyor.<\/h1><p><strong>Birka\u00e7 g\u00fcnl\u00fc\u011f\u00fcne kafan\u0131 dinlemek mi istiyorsun?<\/strong><\/p><p>Bizim teklifimiz sayesinde tedavinizi bir tatille ta\u00e7land\u0131rabilirsiniz. <strong>T\u00fcrkiye\u2019de konaklayarak<\/strong> ameliyat\u0131n\u0131z sizin i\u00e7in \u00f6zel ve harika bir deneyim haline gelir. Ak\u0131lda kalan stresli bir ameliyat de\u011fil, g\u00fczel bir <strong>dinlence tatili <\/strong>olur. Her y\u0131l \u00f6zellikle Avrupa\u2019dan binlerce hasta T\u00fcrkiye\u2019ye seyahat ediyor.   <\/p><p>Sonras\u0131nda yapaca\u011f\u0131n\u0131z bir tatil sayesinde sadece ameliyat stresinden kurtulmakla kalmaz, ayn\u0131 zamanda \u015fehir gezilerinin tad\u0131n\u0131 da \u00e7\u0131kar\u0131rs\u0131n\u0131z.<\/p><p>Ameliyattan sonraki ilk birka\u00e7 g\u00fcn zaten \u00e7al\u0131\u015fmaman\u0131z gerekir. Bu zaman\u0131 bir \u015fehir gezisi i\u00e7in de\u011ferlendirebilirsiniz. <\/p><p><strong>T\u00fcrkiye sizi \u00e7a\u011f\u0131r\u0131yor! \u015eehirler hakk\u0131nda daha fazla bilgiyi <a href=\"https:\/\/medicaltravel.at\/tr\/neden-tuerkiye\/tuerkiyenin-sehirleri\/bir-sehir-olarak-istanbul\/\" data-type=\"page\" data-id=\"793\">buradan<\/a> \u00f6\u011frenebilirsiniz.<\/strong><\/p><figure class=\"wp-block-image size-full\"><img fetchpriority=\"high\" decoding=\"async\" width=\"300\" height=\"206\" class=\"wp-image-1426\" src=\"https:\/\/medicaltravel.at\/wp-content\/uploads\/2025\/09\/Verbinden-Sie-Ihre-Operation-mit-einem-Aufenthalt-in-den-eindrucklichen-Stadten-der-Turkei.-300x206-1.jpg\" alt=\"\"><\/figure><p id=\"caption-attachment-33\">Ameliyat\u0131n\u0131z\u0131 T\u00fcrkiye\u2019nin etkileyici \u015fehirlerinde yapaca\u011f\u0131n\u0131z bir konaklama ile birle\u015ftirin.<\/p>\t\t\t\t\t\t\t\t<\/div>\n\t\t\t\t\t<\/div>\n\t\t\t\t<\/div>\n\t\t\t\t<\/div>\n\t\t","protected":false},"excerpt":{"rendered":"<p>Sa\u011fl\u0131k Turizmi Lazer: Ger\u00e7ekler T\u00fcrkiye\u2019nin \u015eehirleri Seyahat Tarihleri T\u00fcrkiye her ge\u00e7en g\u00fcn daha pop\u00fcler hale geliyor. Birka\u00e7 g\u00fcnl\u00fc\u011f\u00fcne kafan\u0131 dinlemek mi istiyorsun? Bizim teklifimiz sayesinde tedavinizi bir tatille ta\u00e7land\u0131rabilirsiniz. T\u00fcrkiye\u2019de konaklayarak ameliyat\u0131n\u0131z sizin i\u00e7in \u00f6zel ve harika bir deneyim haline gelir. Ak\u0131lda kalan stresli bir ameliyat de\u011fil, g\u00fczel bir dinlence tatili olur. Her y\u0131l \u00f6zellikle Avrupa\u2019dan binlerce hasta T\u00fcrkiye\u2019ye seyahat ediyor. Sonras\u0131nda yapaca\u011f\u0131n\u0131z bir tatil sayesinde sadece ameliyat stresinden kurtulmakla kalmaz, ayn\u0131 zamanda \u015fehir gezilerinin tad\u0131n\u0131 da \u00e7\u0131kar\u0131rs\u0131n\u0131z. Ameliyattan sonraki ilk birka\u00e7 g\u00fcn zaten \u00e7al\u0131\u015fmaman\u0131z gerekir. Bu zaman\u0131 bir \u015fehir gezisi i\u00e7in de\u011ferlendirebilirsiniz. T\u00fcrkiye sizi \u00e7a\u011f\u0131r\u0131yor! \u015eehirler hakk\u0131nda daha fazla bilgiyi buradan \u00f6\u011frenebilirsiniz. Ameliyat\u0131n\u0131z\u0131 T\u00fcrkiye\u2019nin etkileyici \u015fehirlerinde yapaca\u011f\u0131n\u0131z bir konaklama ile birle\u015ftirin.<\/p>\n","protected":false},"author":4,"featured_media":0,"parent":0,"menu_order":0,"comment_status":"closed","ping_status":"closed","template":"","meta":{"_joinchat":[],"footnotes":""},"class_list":["post-5146","page","type-page","status-publish","hentry"],"acf":[],"_links":{"self":[{"href":"https:\/\/medicaltravel.at\/tr\/wp-json\/wp\/v2\/pages\/5146","targetHints":{"allow":["GET"]}}],"collection":[{"href":"https:\/\/medicaltravel.at\/tr\/wp-json\/wp\/v2\/pages"}],"about":[{"href":"https:\/\/medicaltravel.at\/tr\/wp-json\/wp\/v2\/types\/page"}],"author":[{"embeddable":true,"href":"https:\/\/medicaltravel.at\/tr\/wp-json\/wp\/v2\/users\/4"}],"replies":[{"embeddable":true,"href":"https:\/\/medicaltravel.at\/tr\/wp-json\/wp\/v2\/comments?post=5146"}],"version-history":[{"count":4,"href":"https:\/\/medicaltravel.at\/tr\/wp-json\/wp\/v2\/pages\/5146\/revisions"}],"predecessor-version":[{"id":5170,"href":"https:\/\/medicaltravel.at\/tr\/wp-json\/wp\/v2\/pages\/5146\/revisions\/5170"}],"wp:attachment":[{"href":"https:\/\/medicaltravel.at\/tr\/wp-json\/wp\/v2\/media?parent=5146"}],"curies":[{"name":"wp","href":"https:\/\/api.w.org\/{rel}","templated":true}]}}