{"id":5128,"date":"2025-09-27T14:32:21","date_gmt":"2025-09-27T13:32:21","guid":{"rendered":"https:\/\/medicaltravel.at\/bir-sehir-olarak-istanbul\/"},"modified":"2026-01-03T20:37:34","modified_gmt":"2026-01-03T19:37:34","slug":"bir-sehir-olarak-istanbul","status":"publish","type":"page","link":"https:\/\/medicaltravel.at\/tr\/neden-tuerkiye\/tuerkiyenin-sehirleri\/bir-sehir-olarak-istanbul\/","title":{"rendered":"Bir \u015eehir Olarak \u0130stanbul"},"content":{"rendered":"\t\t<div data-elementor-type=\"wp-page\" data-elementor-id=\"5128\" class=\"elementor elementor-5128 elementor-793\" data-elementor-post-type=\"page\">\n\t\t\t\t<div class=\"elementor-element elementor-element-3af1aad6 e-flex e-con-boxed wpr-particle-no wpr-jarallax-no wpr-parallax-no wpr-sticky-section-no e-con e-parent\" data-id=\"3af1aad6\" data-element_type=\"container\" data-e-type=\"container\">\n\t\t\t\t\t<div class=\"e-con-inner\">\n\t\t<div class=\"elementor-element elementor-element-6177b8d e-con-full e-flex wpr-particle-no wpr-jarallax-no wpr-parallax-no wpr-sticky-section-no e-con e-child\" data-id=\"6177b8d\" data-element_type=\"container\" data-e-type=\"container\">\n\t\t\t\t<div class=\"elementor-element elementor-element-f39cf4d elementor-widget elementor-widget-button\" data-id=\"f39cf4d\" data-element_type=\"widget\" data-e-type=\"widget\" data-widget_type=\"button.default\">\n\t\t\t\t\t\t\t\t\t\t<a class=\"elementor-button elementor-button-link elementor-size-sm\" href=\"https:\/\/medicaltravel.at\/tr\/tuerkiyenin-sehirleri\/bir-sehir-olarak-istanbul\/\">\n\t\t\t\t\t\t<span class=\"elementor-button-content-wrapper\">\n\t\t\t\t\t\t\t\t\t<span class=\"elementor-button-text\">Bir \u015eehir Olarak \u0130stanbul<\/span>\n\t\t\t\t\t<\/span>\n\t\t\t\t\t<\/a>\n\t\t\t\t\t\t\t\t<\/div>\n\t\t\t\t<div class=\"elementor-element elementor-element-acce4a7 elementor-widget elementor-widget-button\" data-id=\"acce4a7\" data-element_type=\"widget\" data-e-type=\"widget\" data-widget_type=\"button.default\">\n\t\t\t\t\t\t\t\t\t\t<a class=\"elementor-button elementor-button-link elementor-size-sm\" href=\"https:\/\/medicaltravel.at\/tr\/tuerkiyenin-sehirleri\/bir-sehir-olarak-izmir\/\">\n\t\t\t\t\t\t<span class=\"elementor-button-content-wrapper\">\n\t\t\t\t\t\t\t\t\t<span class=\"elementor-button-text\">Bir \u015eehir Olarak \u0130zmir<\/span>\n\t\t\t\t\t<\/span>\n\t\t\t\t\t<\/a>\n\t\t\t\t\t\t\t\t<\/div>\n\t\t\t\t<div class=\"elementor-element elementor-element-152f8a9 elementor-widget elementor-widget-button\" data-id=\"152f8a9\" data-element_type=\"widget\" data-e-type=\"widget\" data-widget_type=\"button.default\">\n\t\t\t\t\t\t\t\t\t\t<a class=\"elementor-button elementor-button-link elementor-size-sm\" href=\"https:\/\/medicaltravel.at\/tr\/tuerkiyenin-sehirleri\/bir-sehir-olarak-antalya\/\">\n\t\t\t\t\t\t<span class=\"elementor-button-content-wrapper\">\n\t\t\t\t\t\t\t\t\t<span class=\"elementor-button-text\">Bir \u015eehir Olarak Antalya<\/span>\n\t\t\t\t\t<\/span>\n\t\t\t\t\t<\/a>\n\t\t\t\t\t\t\t\t<\/div>\n\t\t\t\t<\/div>\n\t\t\t\t<div class=\"elementor-element elementor-element-58223110 elementor-widget elementor-widget-text-editor\" data-id=\"58223110\" data-element_type=\"widget\" data-e-type=\"widget\" data-widget_type=\"text-editor.default\">\n\t\t\t\t\t\t\t\t\t<h2 class=\"wp-block-heading\">Lazer \u0131\u015f\u0131klar\u0131yla ayd\u0131nlat\u0131lm\u0131\u015f bir \u015fehir &#8211; \u0130stanbul<\/h2><p>Bir taba\u011fa New York&#8217;tan bir dilim, Miami&#8217;den bir tutam, San Francisco&#8217;dan bir lokma ve M\u0131s\u0131r&#8217;dan bir dilim koyun ve hepsini kar\u0131\u015ft\u0131r\u0131n. Bunu Mexico City ve Viyana&#8217;dan gelen baharatlarla zenginle\u015ftirin: \u0130\u015fte \u0130stanbul! <\/p><p>\u0130stanbul, <strong>do\u011fu ile bat\u0131 k\u00fclt\u00fcr\u00fcn\u00fcn ilgin\u00e7 bir kar\u0131\u015f\u0131m\u0131n\u0131<\/strong> sunmas\u0131yla ziyaret\u00e7ilerini b\u00fcy\u00fcler. \u0130stanbul; reng\u00e2renk pazarlar, kalabal\u0131k \u00e7ar\u015f\u0131lar ve Do\u011fu ile Bat\u0131\u2019n\u0131n, gelenek ile modernli\u011fin \u00e7o\u011fu zaman heyecan verici bir \u015fekilde i\u00e7 i\u00e7e ge\u00e7ti\u011fi bir \u015fehirdir. Bo\u011faz boyunca \u00e7ok say\u0131da \u015f\u0131k otel, eski kafeler, harika restoranlar ve gece kul\u00fcpleri bulunur. \u0130stanbul; <strong>z\u0131tl\u0131klar\u0131n \u015fehri<\/strong>, y\u00fczlerce simge yap\u0131ya sahip bir \u015fehir, masallara konu olan bir yer, bir\u00e7ok \u015fark\u0131c\u0131ya, \u015faire ve ressama ilham kayna\u011f\u0131 olmu\u015f, adeta Binbir Gece Masallar\u0131\u2019ndan \u00e7\u0131km\u0131\u015f bir hik\u00e2yedir.  <\/p><p>\u0130stanbul \u015fehri iki k\u0131tada yer almaktad\u0131r: Avrupa ve Asya. K\u0131talar Bo\u011faz ile ayr\u0131lm\u0131\u015ft\u0131r. Hali\u00e7 ise \u0130stanbul&#8217;un Avrupa k\u0131sm\u0131n\u0131 kuzey ve g\u00fcney olmak \u00fczere ikiye b\u00f6lmektedir.  <\/p><p>Avrupa yakas\u0131n\u0131n g\u00fcney k\u0131sm\u0131nda Eski \u0130stanbul yer al\u0131r. Mavi Camii, Topkap\u0131 Saray\u0131 ve Ayasofya gibi en \u00fcnl\u00fc tarihi yap\u0131lar burada bulunur. <\/p><figure class=\"wp-block-image size-full\"><img fetchpriority=\"high\" decoding=\"async\" width=\"300\" height=\"400\" class=\"wp-image-1435\" src=\"https:\/\/medicaltravel.at\/wp-content\/uploads\/2025\/09\/tuerkei009.jpg\" alt=\"\" srcset=\"https:\/\/medicaltravel.at\/wp-content\/uploads\/2025\/09\/tuerkei009.jpg 300w, https:\/\/medicaltravel.at\/wp-content\/uploads\/2025\/09\/tuerkei009-225x300.jpg 225w\" sizes=\"(max-width: 300px) 100vw, 300px\" \/><\/figure><p id=\"caption-attachment-48\">\u0130stanbul: Al\u0131\u015fveri\u015f ve k\u00fclt\u00fcr. G\u00f6z lazeri ameliyat\u0131n\u0131z s\u00fcresince bu b\u00fcy\u00fcleyici d\u00fcnya \u015fehrinin ve tarihi miras\u0131n\u0131n keyfini \u00e7\u0131kar\u0131n. <\/p><figure class=\"wp-block-image size-full\"><img decoding=\"async\" width=\"300\" height=\"206\" class=\"wp-image-1436\" src=\"https:\/\/medicaltravel.at\/wp-content\/uploads\/2025\/09\/Lasik-Istanbul-300x206-1.jpg\" alt=\"\"><\/figure><p>\u0130stanbul\u2019un hareketli bir ge\u00e7mi\u015fi vard\u0131r: \u015eehir M\u00d6 7. y\u00fczy\u0131lda kurulmu\u015ftur. O zamanlar ad\u0131 Byzantion yani Bizans\u2019t\u0131. Merkezi konumu sayesinde <strong>Bizans<\/strong> zamanla geli\u015fen ve canl\u0131 bir ticaret merkezi haline geldi.  <\/p><p>\u015eehir <strong>Roma \u0130mparatorlu\u011fu\u2019na<\/strong> kat\u0131ld\u0131ktan sonra, M\u00d6 330 civar\u0131nda Roma \u0130mparatoru Konstantin taraf\u0131ndan ba\u015fkent ilan edildi. Ba\u015flang\u0131\u00e7ta Yeni Roma olarak adland\u0131r\u0131ld\u0131, sonra ise <strong>Konstantinopolis<\/strong> ad\u0131n\u0131 ald\u0131. <\/p><p>Roma \u0130mparatorlu\u011fu\u2019nun b\u00f6l\u00fcnmesinden sonra Konstantinopolis Bizans \u0130mparatorlu\u011fu\u2019na ba\u011fl\u0131 kald\u0131 ve b\u00f6lgenin siyasi ve k\u00fclt\u00fcrel merkezi olmaya devam etti. Daha sonra Ha\u00e7l\u0131lar Konstantinopolis\u2019i ele ge\u00e7irerek \u015fehre Hristiyanl\u0131\u011f\u0131 getirdiler. Konstantinopolis bir d\u00fc\u015f\u00fc\u015f d\u00f6nemi ya\u015fad\u0131, ta ki Osmanl\u0131lar \u015fehri fethedip Osmanl\u0131 \u0130mparatorlu\u011fu\u2019nun ba\u015fkenti yapana ve \u015fehrin ad\u0131n\u0131 \u0130stanbul olarak de\u011fi\u015ftirmelerine kadar. B\u00f6ylece \u0130stanbul\u2019un yeniden y\u00fckseli\u015fi ba\u015flad\u0131.   <\/p><p>\u0130stanbul ayn\u0131 zamanda bir <strong>al\u0131\u015fveri\u015f cennetidir<\/strong>. Tarihi ve d\u00fcnyan\u0131n en b\u00fcy\u00fck kapal\u0131 \u00e7ar\u015f\u0131s\u0131 olan Grand Bazar\u2019dan, say\u0131s\u0131z ultra modern al\u0131\u015fveri\u015f merkezlerine kadar sizi b\u00fcy\u00fcleyecek pek \u00e7ok se\u00e7enek vard\u0131r. Klinikte yak\u0131n \u00e7evrede d\u00f6rt harika al\u0131\u015fveri\u015f merkezi bulunuyor.  <\/p><p>\u0130stanbul\u2019un <strong>say\u0131s\u0131z lezzetini tatmay\u0131<\/strong> da unutmay\u0131n. Binlerce restoran, en \u00e7e\u015fitli ve lezzetli yemekleri sunuyor. Detayl\u0131 <strong>al\u0131\u015fveri\u015f ve restoran \u00f6nerilerini<\/strong><strong> Medicaltravelpass<\/strong>\u2019inizde bulabilirsiniz.  <\/p><p>\u015eehir en \u00f6nemlisi k\u00fclt\u00fcrel deneyimler de sunar. \u0130stanbul\u2019da ya\u015fam\u0131n bir par\u00e7as\u0131 olan \u00e7ok say\u0131da k\u00fclt\u00fcrel etkinlik vard\u0131r. <\/p><p><strong>\u0130stanbul hakk\u0131nda h\u00e2l\u00e2 fikriniz yok mu? \u0130stanbul ile ilgili SF Unterwegs program\u0131n\u0131 <a href=\"http:\/\/www.sf.tv\/podcasts\/feed.php?docid=sfunterwegs\" target=\"_blank\" rel=\"noopener\">buradan<\/a> izleyin! <\/strong><\/p><p><strong>Biliyor muydunuz, \u0130stanbul 2010 y\u0131l\u0131nda Avrupa K\u00fclt\u00fcr Ba\u015fkenti se\u00e7ilmi\u015fti? Bununla ilgili daha fazla bilgiyi burada bulabilirsiniz. <\/strong><\/p><p><strong>\u015eimdiden size \u0130stanbul\u2019da harika bir tatil dileriz.<\/strong><\/p>\t\t\t\t\t\t\t\t<\/div>\n\t\t\t\t\t<\/div>\n\t\t\t\t<\/div>\n\t\t\t\t<\/div>\n\t\t","protected":false},"excerpt":{"rendered":"<p>Bir \u015eehir Olarak \u0130stanbul Bir \u015eehir Olarak \u0130zmir Bir \u015eehir Olarak Antalya Lazer \u0131\u015f\u0131klar\u0131yla ayd\u0131nlat\u0131lm\u0131\u015f bir \u015fehir &#8211; \u0130stanbul Bir taba\u011fa New York&#8217;tan bir dilim, Miami&#8217;den bir tutam, San Francisco&#8217;dan bir lokma ve M\u0131s\u0131r&#8217;dan bir dilim koyun ve hepsini kar\u0131\u015ft\u0131r\u0131n. Bunu Mexico City ve Viyana&#8217;dan gelen baharatlarla zenginle\u015ftirin: \u0130\u015fte \u0130stanbul! \u0130stanbul, do\u011fu ile bat\u0131 k\u00fclt\u00fcr\u00fcn\u00fcn ilgin\u00e7 bir kar\u0131\u015f\u0131m\u0131n\u0131 sunmas\u0131yla ziyaret\u00e7ilerini b\u00fcy\u00fcler. \u0130stanbul; reng\u00e2renk pazarlar, kalabal\u0131k \u00e7ar\u015f\u0131lar ve Do\u011fu ile Bat\u0131\u2019n\u0131n, gelenek ile modernli\u011fin \u00e7o\u011fu zaman heyecan verici bir \u015fekilde i\u00e7 i\u00e7e ge\u00e7ti\u011fi bir \u015fehirdir. Bo\u011faz boyunca \u00e7ok say\u0131da \u015f\u0131k otel, eski kafeler, harika restoranlar ve gece kul\u00fcpleri bulunur. \u0130stanbul; z\u0131tl\u0131klar\u0131n \u015fehri, y\u00fczlerce simge yap\u0131ya sahip bir \u015fehir, masallara konu olan bir yer, bir\u00e7ok \u015fark\u0131c\u0131ya, \u015faire ve ressama ilham kayna\u011f\u0131 olmu\u015f, adeta Binbir Gece Masallar\u0131\u2019ndan \u00e7\u0131km\u0131\u015f bir hik\u00e2yedir. \u0130stanbul \u015fehri iki k\u0131tada yer almaktad\u0131r: Avrupa ve Asya. K\u0131talar Bo\u011faz ile ayr\u0131lm\u0131\u015ft\u0131r. Hali\u00e7 ise \u0130stanbul&#8217;un Avrupa k\u0131sm\u0131n\u0131 kuzey ve g\u00fcney olmak \u00fczere ikiye b\u00f6lmektedir. Avrupa yakas\u0131n\u0131n g\u00fcney k\u0131sm\u0131nda Eski \u0130stanbul yer al\u0131r. Mavi Camii, Topkap\u0131 Saray\u0131 ve Ayasofya gibi en \u00fcnl\u00fc tarihi yap\u0131lar burada bulunur. \u0130stanbul: Al\u0131\u015fveri\u015f ve k\u00fclt\u00fcr. G\u00f6z lazeri ameliyat\u0131n\u0131z s\u00fcresince bu b\u00fcy\u00fcleyici d\u00fcnya \u015fehrinin ve tarihi miras\u0131n\u0131n keyfini \u00e7\u0131kar\u0131n. \u0130stanbul\u2019un hareketli bir ge\u00e7mi\u015fi vard\u0131r: \u015eehir M\u00d6 7. y\u00fczy\u0131lda kurulmu\u015ftur. O zamanlar ad\u0131 Byzantion yani Bizans\u2019t\u0131. Merkezi konumu sayesinde Bizans zamanla geli\u015fen ve canl\u0131 bir ticaret merkezi haline geldi. \u015eehir Roma \u0130mparatorlu\u011fu\u2019na kat\u0131ld\u0131ktan sonra, M\u00d6 330 civar\u0131nda Roma \u0130mparatoru Konstantin taraf\u0131ndan ba\u015fkent ilan edildi. Ba\u015flang\u0131\u00e7ta Yeni Roma olarak adland\u0131r\u0131ld\u0131, sonra ise Konstantinopolis ad\u0131n\u0131 ald\u0131. Roma \u0130mparatorlu\u011fu\u2019nun b\u00f6l\u00fcnmesinden sonra Konstantinopolis Bizans \u0130mparatorlu\u011fu\u2019na ba\u011fl\u0131 kald\u0131 ve b\u00f6lgenin siyasi ve k\u00fclt\u00fcrel merkezi olmaya devam etti. Daha sonra Ha\u00e7l\u0131lar Konstantinopolis\u2019i ele ge\u00e7irerek \u015fehre Hristiyanl\u0131\u011f\u0131 getirdiler. Konstantinopolis bir d\u00fc\u015f\u00fc\u015f d\u00f6nemi ya\u015fad\u0131, ta ki Osmanl\u0131lar \u015fehri fethedip Osmanl\u0131 \u0130mparatorlu\u011fu\u2019nun ba\u015fkenti yapana ve \u015fehrin ad\u0131n\u0131 \u0130stanbul olarak de\u011fi\u015ftirmelerine kadar. B\u00f6ylece \u0130stanbul\u2019un yeniden y\u00fckseli\u015fi ba\u015flad\u0131. \u0130stanbul ayn\u0131 zamanda bir al\u0131\u015fveri\u015f cennetidir. Tarihi ve d\u00fcnyan\u0131n en b\u00fcy\u00fck kapal\u0131 \u00e7ar\u015f\u0131s\u0131 olan Grand Bazar\u2019dan, say\u0131s\u0131z ultra modern al\u0131\u015fveri\u015f merkezlerine kadar sizi b\u00fcy\u00fcleyecek pek \u00e7ok se\u00e7enek vard\u0131r. Klinikte yak\u0131n \u00e7evrede d\u00f6rt harika al\u0131\u015fveri\u015f merkezi bulunuyor. \u0130stanbul\u2019un say\u0131s\u0131z lezzetini tatmay\u0131 da unutmay\u0131n. Binlerce restoran, en \u00e7e\u015fitli ve lezzetli yemekleri sunuyor. Detayl\u0131 al\u0131\u015fveri\u015f ve restoran \u00f6nerilerini Medicaltravelpass\u2019inizde bulabilirsiniz. \u015eehir en \u00f6nemlisi k\u00fclt\u00fcrel deneyimler de sunar. \u0130stanbul\u2019da ya\u015fam\u0131n bir par\u00e7as\u0131 olan \u00e7ok say\u0131da k\u00fclt\u00fcrel etkinlik vard\u0131r. \u0130stanbul hakk\u0131nda h\u00e2l\u00e2 fikriniz yok mu? \u0130stanbul ile ilgili SF Unterwegs program\u0131n\u0131 buradan izleyin! Biliyor muydunuz, \u0130stanbul 2010 y\u0131l\u0131nda Avrupa K\u00fclt\u00fcr Ba\u015fkenti se\u00e7ilmi\u015fti? Bununla ilgili daha fazla bilgiyi burada bulabilirsiniz. \u015eimdiden size \u0130stanbul\u2019da harika bir tatil dileriz.<\/p>\n","protected":false},"author":4,"featured_media":0,"parent":5141,"menu_order":0,"comment_status":"closed","ping_status":"closed","template":"","meta":{"_joinchat":[],"footnotes":""},"class_list":["post-5128","page","type-page","status-publish","hentry"],"acf":[],"_links":{"self":[{"href":"https:\/\/medicaltravel.at\/tr\/wp-json\/wp\/v2\/pages\/5128","targetHints":{"allow":["GET"]}}],"collection":[{"href":"https:\/\/medicaltravel.at\/tr\/wp-json\/wp\/v2\/pages"}],"about":[{"href":"https:\/\/medicaltravel.at\/tr\/wp-json\/wp\/v2\/types\/page"}],"author":[{"embeddable":true,"href":"https:\/\/medicaltravel.at\/tr\/wp-json\/wp\/v2\/users\/4"}],"replies":[{"embeddable":true,"href":"https:\/\/medicaltravel.at\/tr\/wp-json\/wp\/v2\/comments?post=5128"}],"version-history":[{"count":2,"href":"https:\/\/medicaltravel.at\/tr\/wp-json\/wp\/v2\/pages\/5128\/revisions"}],"predecessor-version":[{"id":5142,"href":"https:\/\/medicaltravel.at\/tr\/wp-json\/wp\/v2\/pages\/5128\/revisions\/5142"}],"up":[{"embeddable":true,"href":"https:\/\/medicaltravel.at\/tr\/wp-json\/wp\/v2\/pages\/5141"}],"wp:attachment":[{"href":"https:\/\/medicaltravel.at\/tr\/wp-json\/wp\/v2\/media?parent=5128"}],"curies":[{"name":"wp","href":"https:\/\/api.w.org\/{rel}","templated":true}]}}