{"id":5119,"date":"2025-09-27T14:33:43","date_gmt":"2025-09-27T13:33:43","guid":{"rendered":"https:\/\/medicaltravel.at\/bir-sehir-olarak-izmir\/"},"modified":"2026-01-03T20:37:35","modified_gmt":"2026-01-03T19:37:35","slug":"bir-sehir-olarak-izmir","status":"publish","type":"page","link":"https:\/\/medicaltravel.at\/tr\/neden-tuerkiye\/tuerkiyenin-sehirleri\/bir-sehir-olarak-izmir\/","title":{"rendered":"Bir \u015eehir Olarak \u0130zmir"},"content":{"rendered":"\t\t<div data-elementor-type=\"wp-page\" data-elementor-id=\"5119\" class=\"elementor elementor-5119 elementor-795\" data-elementor-post-type=\"page\">\n\t\t\t\t<div class=\"elementor-element elementor-element-1f77ffaa e-flex e-con-boxed wpr-particle-no wpr-jarallax-no wpr-parallax-no wpr-sticky-section-no e-con e-parent\" data-id=\"1f77ffaa\" data-element_type=\"container\" data-e-type=\"container\">\n\t\t\t\t\t<div class=\"e-con-inner\">\n\t\t<div class=\"elementor-element elementor-element-6d8477d e-con-full e-flex wpr-particle-no wpr-jarallax-no wpr-parallax-no wpr-sticky-section-no e-con e-child\" data-id=\"6d8477d\" data-element_type=\"container\" data-e-type=\"container\">\n\t\t\t\t<div class=\"elementor-element elementor-element-e587092 elementor-widget elementor-widget-button\" data-id=\"e587092\" data-element_type=\"widget\" data-e-type=\"widget\" data-widget_type=\"button.default\">\n\t\t\t\t\t\t\t\t\t\t<a class=\"elementor-button elementor-button-link elementor-size-sm\" href=\"https:\/\/medicaltravel.at\/tr\/tuerkiyenin-sehirleri\/bir-sehir-olarak-istanbul\/\">\n\t\t\t\t\t\t<span class=\"elementor-button-content-wrapper\">\n\t\t\t\t\t\t\t\t\t<span class=\"elementor-button-text\">Bir \u015eehir Olarak \u0130stanbul<\/span>\n\t\t\t\t\t<\/span>\n\t\t\t\t\t<\/a>\n\t\t\t\t\t\t\t\t<\/div>\n\t\t\t\t<div class=\"elementor-element elementor-element-b8a9906 elementor-widget elementor-widget-button\" data-id=\"b8a9906\" data-element_type=\"widget\" data-e-type=\"widget\" data-widget_type=\"button.default\">\n\t\t\t\t\t\t\t\t\t\t<a class=\"elementor-button elementor-button-link elementor-size-sm\" href=\"https:\/\/medicaltravel.at\/tr\/tuerkiyenin-sehirleri\/bir-sehir-olarak-izmir\/\">\n\t\t\t\t\t\t<span class=\"elementor-button-content-wrapper\">\n\t\t\t\t\t\t\t\t\t<span class=\"elementor-button-text\">Bir \u015eehir Olarak \u0130zmir<\/span>\n\t\t\t\t\t<\/span>\n\t\t\t\t\t<\/a>\n\t\t\t\t\t\t\t\t<\/div>\n\t\t\t\t<div class=\"elementor-element elementor-element-747bc05 elementor-widget elementor-widget-button\" data-id=\"747bc05\" data-element_type=\"widget\" data-e-type=\"widget\" data-widget_type=\"button.default\">\n\t\t\t\t\t\t\t\t\t\t<a class=\"elementor-button elementor-button-link elementor-size-sm\" href=\"https:\/\/medicaltravel.at\/tr\/tuerkiyenin-sehirleri\/bir-sehir-olarak-antalya\/\">\n\t\t\t\t\t\t<span class=\"elementor-button-content-wrapper\">\n\t\t\t\t\t\t\t\t\t<span class=\"elementor-button-text\">Bir \u015eehir Olarak Antalya<\/span>\n\t\t\t\t\t<\/span>\n\t\t\t\t\t<\/a>\n\t\t\t\t\t\t\t\t<\/div>\n\t\t\t\t<\/div>\n\t\t\t\t<div class=\"elementor-element elementor-element-652a07a elementor-widget elementor-widget-text-editor\" data-id=\"652a07a\" data-element_type=\"widget\" data-e-type=\"widget\" data-widget_type=\"text-editor.default\">\n\t\t\t\t\t\t\t\t\t\n<h2 class=\"wp-block-heading\">Eine sch\u00f6ne Stadt -Izmir<\/h2>\n\n<p><strong>&#8220;EGE BUZLARININ \u0130NC\u0130S\u0130 \u2013 \u0130ZM\u0130R&#8221;<\/strong><\/p>\n\n<p>\u0130zmir (yakla\u015f\u0131k 3,5 milyon n\u00fcfuslu), T\u00fcrkiye&#8217;nin Ege k\u0131y\u0131s\u0131nda yer almakta olup \u0130stanbul ve Ankara&#8217;dan sonra T\u00fcrkiye&#8217;nin \u00fc\u00e7\u00fcnc\u00fc b\u00fcy\u00fck \u015fehridir.<\/p>\n\n<p>Sie wurde bereits 3000 v. Chr. gegr\u00fcndet und ist damit eine der \u00e4ltesten St\u00e4dte der Welt. In der Antike trug die Stadt den griechischen Namen Smyrna. Von den T\u00fcrken wird Izmir liebevoll auch \u201ePerle der \u00c4g\u00e4is\u201c genannt.<br><br>M\u00d6 3000 y\u0131l\u0131nda kurulmu\u015ftur ve bu \u00f6zelli\u011fiyle d\u00fcnyan\u0131n en eski \u015fehirlerinden biridir. Antik \u00e7a\u011fda \u015fehrin Yunanca ad\u0131 Smyrna idi. T\u00fcrkler taraf\u0131ndan \u0130zmir sevgiyle Ege\u2019nin \u0130ncisi olarak da adland\u0131r\u0131l\u0131r.  <\/p>\n\n<p>\u0130zmir, \u0130stanbul&#8217;dan sonra T\u00fcrkiye&#8217;nin en b\u00fcy\u00fck ikinci liman\u0131na ev sahipli\u011fi yapmaktad\u0131r.<\/p>\n\n<p>\u0130zmir Uluslararas\u0131 Havaliman\u0131 (Adnan Menderes Havaliman\u0131), \u015fehrin yakla\u015f\u0131k 18 km g\u00fcneyinde yer almaktad\u0131r. \u0130zmir, \u00e7ok say\u0131da m\u00fczenin yan\u0131 s\u0131ra, \u00fcnl\u00fc bir orkestraya sahip devlet tiyatrosu ve devlet opera binas\u0131yla da \u00f6v\u00fcnmektedir. <\/p>\n\n<p>Bu durum, \u015fehrin k\u00fclt\u00fcrel alanda da \u00f6nde gelen bir oyuncu oldu\u011funu g\u00f6stermektedir. \u00d6nemini vurgulamak i\u00e7in \u0130zmir, 2015 Expo&#8217;suna ev sahipli\u011fi yapmak i\u00e7in ba\u015fvuruda bulunmu\u015ftur. <\/p>\n\n<p>Sonu\u00e7: T\u00fcrkiye tatilinde sadece g\u00fcne\u015f ve deniz de\u011fil, ayn\u0131 zamanda k\u00fclt\u00fcr, \u00e7ar\u015f\u0131lar ve ger\u00e7ek T\u00fcrk b\u00fcy\u00fck\u015fehir hayat\u0131n\u0131 da ke\u015ffetmek isteyenler i\u00e7in \u0130zmir\u2019e bir gezi ya da konaklama \u00f6zellikle tavsiye edilir. \u015eehri gezip ke\u015ffetmek i\u00e7in en ideal iklim sonbahar ve ilkbahar aylar\u0131nda olur. <\/p>\n\n<figure class=\"wp-block-image size-full\"><img fetchpriority=\"high\" decoding=\"async\" width=\"500\" height=\"377\" class=\"wp-image-1439\" src=\"https:\/\/medicaltravel.at\/wp-content\/uploads\/2025\/09\/csm_Izmir_1_c5845b42ea.jpg\" alt=\"\" srcset=\"https:\/\/medicaltravel.at\/wp-content\/uploads\/2025\/09\/csm_Izmir_1_c5845b42ea.jpg 500w, https:\/\/medicaltravel.at\/wp-content\/uploads\/2025\/09\/csm_Izmir_1_c5845b42ea-300x226.jpg 300w\" sizes=\"(max-width: 500px) 100vw, 500px\" \/><\/figure>\n\n<p id=\"caption-attachment-84\">\u0130zmir: G\u00fcne\u015f, al\u0131\u015fveri\u015f, tarih, k\u00fclt\u00fcr. Tedaviniz s\u0131ras\u0131nda \u0130zmir&#8217;de keyifli vakit ge\u00e7irin. <\/p>\n\n<p>\u015eehrin 5000 y\u0131ll\u0131k tarihi sayesinde g\u00f6r\u00fclecek \u00e7ok \u015fey var. \u015eehrin simgesi, \u0130zmir liman\u0131ndaki Saat Kulesi&#8217;dir. Bu g\u00fczel, 25 metre y\u00fcksekli\u011findeki mermer kule, 1901 y\u0131l\u0131nda Sultan Abd\u00fclhamid II taraf\u0131ndan \u015fehre hediye edilmi\u015ftir. Bir di\u011fer ilgi \u00e7ekici yer ise antik \u0130zmir \u015fehrinin merkez meydan\u0131 olan Agora&#8217;d\u0131r. Bu meydan, pazar yeri olarak hizmet vermenin yan\u0131 s\u0131ra \u015fehrin toplumu i\u00e7in \u00f6nemli bir dini merkezdi. K\u0131smen korunmu\u015f \u0130zmir Agoras\u0131&#8217;n\u0131n tarihi, a\u00e7\u0131k hava m\u00fczesinde ke\u015ffedilebilir.     <\/p>\n\n<figure class=\"wp-block-image size-full\"><img decoding=\"async\" width=\"500\" height=\"336\" class=\"wp-image-1440\" src=\"https:\/\/medicaltravel.at\/wp-content\/uploads\/2025\/09\/Geschichte-und-Gegenwart-Meer-und-Sonne-umarmen-sich-in-Izmir.jpg\" alt=\"\" srcset=\"https:\/\/medicaltravel.at\/wp-content\/uploads\/2025\/09\/Geschichte-und-Gegenwart-Meer-und-Sonne-umarmen-sich-in-Izmir.jpg 500w, https:\/\/medicaltravel.at\/wp-content\/uploads\/2025\/09\/Geschichte-und-Gegenwart-Meer-und-Sonne-umarmen-sich-in-Izmir-300x202.jpg 300w\" sizes=\"(max-width: 500px) 100vw, 500px\" \/><\/figure>\n\n<p>\u015eehrin 5000 y\u0131ll\u0131k tarihi sayesinde g\u00f6r\u00fclecek \u00e7ok \u015fey var. \u015eehrin simgesi, \u0130zmir liman\u0131ndaki Saat Kulesi&#8217;dir. Bu g\u00fczel, 25 metre y\u00fcksekli\u011findeki mermer kule, 1901 y\u0131l\u0131nda Sultan Abd\u00fclhamid II taraf\u0131ndan \u015fehre hediye edilmi\u015ftir. Bir di\u011fer ilgi \u00e7ekici yer ise antik \u0130zmir \u015fehrinin merkez meydan\u0131 olan Agora&#8217;d\u0131r. Bu meydan, pazar yeri olarak hizmet vermenin yan\u0131 s\u0131ra \u015fehrin toplumu i\u00e7in \u00f6nemli bir dini merkezdi. K\u0131smen korunmu\u015f \u0130zmir Agoras\u0131&#8217;n\u0131n tarihi, a\u00e7\u0131k hava m\u00fczesinde ke\u015ffedilebilir. <\/p>\n\n<p>\u0130zmir&#8217;de ziyaret etmeye de\u011fer bir\u00e7ok m\u00fcze bulunmaktad\u0131r. Eski bir hastane binas\u0131nda yer alan Etnografya M\u00fczesi (\u015fu anda kapal\u0131), 19. y\u00fczy\u0131ldaki tipik ya\u015fam\u0131 tasvir etmektedir. Hemen yan\u0131nda ise, \u00fclkenin en \u00f6nemli buluntular\u0131ndan baz\u0131lar\u0131n\u0131 sergileyen Arkeoloji M\u00fczesi yer almaktad\u0131r; bunlar aras\u0131nda \u00f6nemli heykeller, cam e\u015fyalar, seramikler ve mozaikler bulunmaktad\u0131r.  <\/p>\n\n<p><strong>\u0130zmir&#8217;de harika bir tatil ge\u00e7irmenizi dileriz.<\/strong><\/p>\n\t\t\t\t\t\t\t\t<\/div>\n\t\t\t\t\t<\/div>\n\t\t\t\t<\/div>\n\t\t\t\t<\/div>\n\t\t","protected":false},"excerpt":{"rendered":"<p>Bir \u015eehir Olarak \u0130stanbul Bir \u015eehir Olarak \u0130zmir Bir \u015eehir Olarak Antalya Eine sch\u00f6ne Stadt -Izmir &#8220;EGE BUZLARININ \u0130NC\u0130S\u0130 \u2013 \u0130ZM\u0130R&#8221; \u0130zmir (yakla\u015f\u0131k 3,5 milyon n\u00fcfuslu), T\u00fcrkiye&#8217;nin Ege k\u0131y\u0131s\u0131nda yer almakta olup \u0130stanbul ve Ankara&#8217;dan sonra T\u00fcrkiye&#8217;nin \u00fc\u00e7\u00fcnc\u00fc b\u00fcy\u00fck \u015fehridir. Sie wurde bereits 3000 v. Chr. gegr\u00fcndet und ist damit eine der \u00e4ltesten St\u00e4dte der Welt. In der Antike trug die Stadt den griechischen Namen Smyrna. Von den T\u00fcrken wird Izmir liebevoll auch \u201ePerle der \u00c4g\u00e4is\u201c genannt. M\u00d6 3000 y\u0131l\u0131nda kurulmu\u015ftur ve bu \u00f6zelli\u011fiyle d\u00fcnyan\u0131n en eski \u015fehirlerinden biridir. Antik \u00e7a\u011fda \u015fehrin Yunanca ad\u0131 Smyrna idi. T\u00fcrkler taraf\u0131ndan \u0130zmir sevgiyle Ege\u2019nin \u0130ncisi olarak da adland\u0131r\u0131l\u0131r. \u0130zmir, \u0130stanbul&#8217;dan sonra T\u00fcrkiye&#8217;nin en b\u00fcy\u00fck ikinci liman\u0131na ev sahipli\u011fi yapmaktad\u0131r. \u0130zmir Uluslararas\u0131 Havaliman\u0131 (Adnan Menderes Havaliman\u0131), \u015fehrin yakla\u015f\u0131k 18 km g\u00fcneyinde yer almaktad\u0131r. \u0130zmir, \u00e7ok say\u0131da m\u00fczenin yan\u0131 s\u0131ra, \u00fcnl\u00fc bir orkestraya sahip devlet tiyatrosu ve devlet opera binas\u0131yla da \u00f6v\u00fcnmektedir. Bu durum, \u015fehrin k\u00fclt\u00fcrel alanda da \u00f6nde gelen bir oyuncu oldu\u011funu g\u00f6stermektedir. \u00d6nemini vurgulamak i\u00e7in \u0130zmir, 2015 Expo&#8217;suna ev sahipli\u011fi yapmak i\u00e7in ba\u015fvuruda bulunmu\u015ftur. Sonu\u00e7: T\u00fcrkiye tatilinde sadece g\u00fcne\u015f ve deniz de\u011fil, ayn\u0131 zamanda k\u00fclt\u00fcr, \u00e7ar\u015f\u0131lar ve ger\u00e7ek T\u00fcrk b\u00fcy\u00fck\u015fehir hayat\u0131n\u0131 da ke\u015ffetmek isteyenler i\u00e7in \u0130zmir\u2019e bir gezi ya da konaklama \u00f6zellikle tavsiye edilir. \u015eehri gezip ke\u015ffetmek i\u00e7in en ideal iklim sonbahar ve ilkbahar aylar\u0131nda olur. \u0130zmir: G\u00fcne\u015f, al\u0131\u015fveri\u015f, tarih, k\u00fclt\u00fcr. Tedaviniz s\u0131ras\u0131nda \u0130zmir&#8217;de keyifli vakit ge\u00e7irin. \u015eehrin 5000 y\u0131ll\u0131k tarihi sayesinde g\u00f6r\u00fclecek \u00e7ok \u015fey var. \u015eehrin simgesi, \u0130zmir liman\u0131ndaki Saat Kulesi&#8217;dir. Bu g\u00fczel, 25 metre y\u00fcksekli\u011findeki mermer kule, 1901 y\u0131l\u0131nda Sultan Abd\u00fclhamid II taraf\u0131ndan \u015fehre hediye edilmi\u015ftir. Bir di\u011fer ilgi \u00e7ekici yer ise antik \u0130zmir \u015fehrinin merkez meydan\u0131 olan Agora&#8217;d\u0131r. Bu meydan, pazar yeri olarak hizmet vermenin yan\u0131 s\u0131ra \u015fehrin toplumu i\u00e7in \u00f6nemli bir dini merkezdi. K\u0131smen korunmu\u015f \u0130zmir Agoras\u0131&#8217;n\u0131n tarihi, a\u00e7\u0131k hava m\u00fczesinde ke\u015ffedilebilir. \u015eehrin 5000 y\u0131ll\u0131k tarihi sayesinde g\u00f6r\u00fclecek \u00e7ok \u015fey var. \u015eehrin simgesi, \u0130zmir liman\u0131ndaki Saat Kulesi&#8217;dir. Bu g\u00fczel, 25 metre y\u00fcksekli\u011findeki mermer kule, 1901 y\u0131l\u0131nda Sultan Abd\u00fclhamid II taraf\u0131ndan \u015fehre hediye edilmi\u015ftir. Bir di\u011fer ilgi \u00e7ekici yer ise antik \u0130zmir \u015fehrinin merkez meydan\u0131 olan Agora&#8217;d\u0131r. Bu meydan, pazar yeri olarak hizmet vermenin yan\u0131 s\u0131ra \u015fehrin toplumu i\u00e7in \u00f6nemli bir dini merkezdi. K\u0131smen korunmu\u015f \u0130zmir Agoras\u0131&#8217;n\u0131n tarihi, a\u00e7\u0131k hava m\u00fczesinde ke\u015ffedilebilir. \u0130zmir&#8217;de ziyaret etmeye de\u011fer bir\u00e7ok m\u00fcze bulunmaktad\u0131r. Eski bir hastane binas\u0131nda yer alan Etnografya M\u00fczesi (\u015fu anda kapal\u0131), 19. y\u00fczy\u0131ldaki tipik ya\u015fam\u0131 tasvir etmektedir. Hemen yan\u0131nda ise, \u00fclkenin en \u00f6nemli buluntular\u0131ndan baz\u0131lar\u0131n\u0131 sergileyen Arkeoloji M\u00fczesi yer almaktad\u0131r; bunlar aras\u0131nda \u00f6nemli heykeller, cam e\u015fyalar, seramikler ve mozaikler bulunmaktad\u0131r. \u0130zmir&#8217;de harika bir tatil ge\u00e7irmenizi dileriz.<\/p>\n","protected":false},"author":4,"featured_media":0,"parent":5141,"menu_order":0,"comment_status":"closed","ping_status":"closed","template":"","meta":{"_joinchat":[],"footnotes":""},"class_list":["post-5119","page","type-page","status-publish","hentry"],"acf":[],"_links":{"self":[{"href":"https:\/\/medicaltravel.at\/tr\/wp-json\/wp\/v2\/pages\/5119","targetHints":{"allow":["GET"]}}],"collection":[{"href":"https:\/\/medicaltravel.at\/tr\/wp-json\/wp\/v2\/pages"}],"about":[{"href":"https:\/\/medicaltravel.at\/tr\/wp-json\/wp\/v2\/types\/page"}],"author":[{"embeddable":true,"href":"https:\/\/medicaltravel.at\/tr\/wp-json\/wp\/v2\/users\/4"}],"replies":[{"embeddable":true,"href":"https:\/\/medicaltravel.at\/tr\/wp-json\/wp\/v2\/comments?post=5119"}],"version-history":[{"count":6,"href":"https:\/\/medicaltravel.at\/tr\/wp-json\/wp\/v2\/pages\/5119\/revisions"}],"predecessor-version":[{"id":5143,"href":"https:\/\/medicaltravel.at\/tr\/wp-json\/wp\/v2\/pages\/5119\/revisions\/5143"}],"up":[{"embeddable":true,"href":"https:\/\/medicaltravel.at\/tr\/wp-json\/wp\/v2\/pages\/5141"}],"wp:attachment":[{"href":"https:\/\/medicaltravel.at\/tr\/wp-json\/wp\/v2\/media?parent=5119"}],"curies":[{"name":"wp","href":"https:\/\/api.w.org\/{rel}","templated":true}]}}