{"id":5109,"date":"2025-09-27T20:44:48","date_gmt":"2025-09-27T19:44:48","guid":{"rendered":"https:\/\/medicaltravel.at\/tuep-bebek\/tuep-bebek-yapay-doellenme-ve-cocuk-sahibi-olma-tedavi-uecretleri\/"},"modified":"2026-01-03T04:43:19","modified_gmt":"2026-01-03T03:43:19","slug":"tuep-bebek-yapay-doellenme-ve-cocuk-sahibi-olma-tedavi-uecretleri","status":"publish","type":"page","link":"https:\/\/medicaltravel.at\/tr\/tuep-bebek\/tuep-bebek-yapay-doellenme-ve-cocuk-sahibi-olma-tedavi-uecretleri\/","title":{"rendered":"T\u00fcp Bebek, Yapay D\u00f6llenme ve \u00c7ocuk Sahibi Olma Tedavi \u00dccretleri"},"content":{"rendered":"\t\t<div data-elementor-type=\"wp-page\" data-elementor-id=\"5109\" class=\"elementor elementor-5109 elementor-964\" data-elementor-post-type=\"page\">\n\t\t\t\t<div class=\"elementor-element elementor-element-3843505d e-flex e-con-boxed wpr-particle-no wpr-jarallax-no wpr-parallax-no wpr-sticky-section-no e-con e-parent\" data-id=\"3843505d\" data-element_type=\"container\" data-e-type=\"container\">\n\t\t\t\t\t<div class=\"e-con-inner\">\n\t\t<div class=\"elementor-element elementor-element-5b3883d e-con-full e-flex wpr-particle-no wpr-jarallax-no wpr-parallax-no wpr-sticky-section-no e-con e-child\" data-id=\"5b3883d\" data-element_type=\"container\" data-e-type=\"container\">\n\t\t\t\t<div class=\"elementor-element elementor-element-5d19dd7 elementor-widget elementor-widget-button\" data-id=\"5d19dd7\" data-element_type=\"widget\" data-e-type=\"widget\" data-widget_type=\"button.default\">\n\t\t\t\t\t\t\t\t\t\t<a class=\"elementor-button elementor-button-link elementor-size-sm\" href=\"https:\/\/medicaltravel.at\/tr\/tuep-bebek\/cocuk-sahibi-olma-tedavisi-ivf-tuerkiye-istanbul-antalya\/\">\n\t\t\t\t\t\t<span class=\"elementor-button-content-wrapper\">\n\t\t\t\t\t\t\t\t\t<span class=\"elementor-button-text\">\u00c7ocuk sahibi olma tedavisi T\u00fcrkiye<\/span>\n\t\t\t\t\t<\/span>\n\t\t\t\t\t<\/a>\n\t\t\t\t\t\t\t\t<\/div>\n\t\t\t\t<div class=\"elementor-element elementor-element-a61be63 elementor-widget elementor-widget-button\" data-id=\"a61be63\" data-element_type=\"widget\" data-e-type=\"widget\" data-widget_type=\"button.default\">\n\t\t\t\t\t\t\t\t\t\t<a class=\"elementor-button elementor-button-link elementor-size-sm\" href=\"https:\/\/medicaltravel.at\/tr\/tuep-bebek\/hastaneler\/prof-dr-guerkan-arikan-tuerkiyenin-en-iyi-ivf-doktorlarindan-biridir\/\">\n\t\t\t\t\t\t<span class=\"elementor-button-content-wrapper\">\n\t\t\t\t\t\t\t\t\t<span class=\"elementor-button-text\">Hastaneler<\/span>\n\t\t\t\t\t<\/span>\n\t\t\t\t\t<\/a>\n\t\t\t\t\t\t\t\t<\/div>\n\t\t\t\t<div class=\"elementor-element elementor-element-6258e73 elementor-widget elementor-widget-button\" data-id=\"6258e73\" data-element_type=\"widget\" data-e-type=\"widget\" data-widget_type=\"button.default\">\n\t\t\t\t\t\t\t\t\t\t<a class=\"elementor-button elementor-button-link elementor-size-sm\" href=\"https:\/\/medicaltravel.at\/tr\/tuep-bebek\/tuep-bebek-ve-cocuk-sahibi-olma-tedavisinde-sunulan-hizmetler\/\">\n\t\t\t\t\t\t<span class=\"elementor-button-content-wrapper\">\n\t\t\t\t\t\t\t\t\t<span class=\"elementor-button-text\">Hizmet Yelpazesi<\/span>\n\t\t\t\t\t<\/span>\n\t\t\t\t\t<\/a>\n\t\t\t\t\t\t\t\t<\/div>\n\t\t\t\t<div class=\"elementor-element elementor-element-d4d5342 elementor-widget elementor-widget-button\" data-id=\"d4d5342\" data-element_type=\"widget\" data-e-type=\"widget\" data-widget_type=\"button.default\">\n\t\t\t\t\t\t\t\t\t\t<a class=\"elementor-button elementor-button-link elementor-size-sm\" href=\"https:\/\/medicaltravel.at\/tr\/tuep-bebek\/tuerkiye-istanbul-ve-antalya-icin-cocuk-sahibi-olma-tuep-bebek-teklifleri\/\">\n\t\t\t\t\t\t<span class=\"elementor-button-content-wrapper\">\n\t\t\t\t\t\t\t\t\t<span class=\"elementor-button-text\">F\u0131rsat<\/span>\n\t\t\t\t\t<\/span>\n\t\t\t\t\t<\/a>\n\t\t\t\t\t\t\t\t<\/div>\n\t\t\t\t<div class=\"elementor-element elementor-element-afeb003 elementor-widget elementor-widget-button\" data-id=\"afeb003\" data-element_type=\"widget\" data-e-type=\"widget\" data-widget_type=\"button.default\">\n\t\t\t\t\t\t\t\t\t\t<a class=\"elementor-button elementor-button-link elementor-size-sm\" href=\"https:\/\/medicaltravel.at\/tr\/tuep-bebek\/tuep-bebek-yapay-doellenme-ve-cocuk-sahibi-olma-tedavi-uecretleri\/\">\n\t\t\t\t\t\t<span class=\"elementor-button-content-wrapper\">\n\t\t\t\t\t\t\t\t\t<span class=\"elementor-button-text\">Fiyatlar<\/span>\n\t\t\t\t\t<\/span>\n\t\t\t\t\t<\/a>\n\t\t\t\t\t\t\t\t<\/div>\n\t\t\t\t<\/div>\n\t\t\t\t<div class=\"elementor-element elementor-element-67214643 elementor-widget elementor-widget-text-editor\" data-id=\"67214643\" data-element_type=\"widget\" data-e-type=\"widget\" data-widget_type=\"text-editor.default\">\n\t\t\t\t\t\t\t\t\t\n<h2 class=\"wp-block-heading\">\u0130stanbul\u2019da Yapay D\u00f6llenme (T\u00fcp Bebek) Tedavi \u00dccretleri<\/h2>\n\n<p>\u0130\u015fte <strong>\u0130stanbul ve Antalya\u2019da y\u00fcksek kaliteli yapay d\u00f6llenme (t\u00fcp bebek) tedavisi<\/strong> i\u00e7in sundu\u011fumuz cazip teklifler ve fiyatlar:<\/p>\n\n<p><strong>IVF veya ICSI tedavisi yakla\u015f\u0131k<\/strong> 4100 Euro tutmaktad\u0131r. Buna ek olarak ila\u00e7 masraflar\u0131 yakla\u015f\u0131k 1000\u20131500 Euro aras\u0131nda de\u011fi\u015fmektedir. <\/p>\n\n<p>Bireysel ihtiya\u00e7lar\u0131n\u0131za ba\u011fl\u0131 olarak, gebelik \u015fans\u0131n\u0131 art\u0131rmak i\u00e7in ek tedavilere gerek olmayabilir veya baz\u0131 ek i\u015flemler uygulanabilir. Bu hastanelerde ayr\u0131ca \u015fu ek y\u00f6ntemler de mevcuttur: <\/p>\n\n<p>Embriyo Dondurma (Kriyoprezervasyon): yakla\u015f\u0131k 500 Euro (Embriyolar\u0131n sonraki d\u00f6ng\u00fcler i\u00e7in saklanmas\u0131)<\/p>\n\n<p>MESA, TESE: yakla\u015f\u0131k 550\u20131200 Euro (Daha iyi sperm elde etmek i\u00e7in, genellikle ya MESA ya da TESE veya Mikro TESE uygulan\u0131r; hepsi birden gerekli de\u011fildir)<\/p>\n\n<p>IMSI: yakla\u015f\u0131k 250 Euro (Sperm h\u00fccreleri 6 bin kata kadar b\u00fcy\u00fct\u00fclerek incelenebilir ve b\u00f6ylece daha iyi sperm se\u00e7imi yap\u0131labilir)<\/p>\n\n<p>PGD: yakla\u015f\u0131k 750 Euro (Embriyolarda hastal\u0131klar\u0131n incelenmesi i\u00e7in)<\/p>\n\n<p>Spermiogram: yakla\u015f\u0131k 100 Euro (Sperm Analizi)<\/p>\n\n<p>Dondurulmu\u015f Embriyo Transferi: yakla\u015f\u0131k 500 Euro<\/p>\n\n<p>Destekli Kulu\u00e7ka: \u00dccretsiz (D\u00f6llenmeyi kolayla\u015ft\u0131rmak i\u00e7in)<\/p>\n\n<p><strong>Blastosist Transferi: <\/strong>Embriyonun daha uzun s\u00fcre (5 g\u00fcne kadar) laboratuvarda tutulmas\u0131<\/p>\n\n<p><strong>Fiyatlar <\/strong><strong>Euro<\/strong> cinsindendir. Kullan\u0131lan malzeme ve y\u00f6nteme g\u00f6re fiyatlar de\u011fi\u015febilir. Fiyat de\u011fi\u015fikli\u011fi hakk\u0131 sakl\u0131d\u0131r.  <\/p>\n\n<p><strong>*L\u00fctfen unutmay\u0131n, yukar\u0131daki t\u00fcm tedaviler bir arada uygulanmaz.<\/strong><\/p>\n\n<p><strong>Fiyatlara dahil olan hizmetler \u015funlard\u0131r<\/strong><\/p>\n\n<p>+Dan\u0131\u015fmanl\u0131k<br>+\u00d6n tetkikler, tedavi, son kontroller<br>+Havaliman\u0131, otel ve klinik transferleri<br>+Medical Travel Pasaportu<br>+Almanca destek ve rehberlik<\/p>\n\n<p><strong>Planlama<\/strong><br>Seyahatiniz \u00f6ncesinde tedavinizi planlayabilmemiz i\u00e7in l\u00fctfen bizimle <a href=\"https:\/\/medicaltravel.at\/kontakt\/\" data-type=\"page\" data-id=\"976\">ileti\u015fim formu<\/a> arac\u0131l\u0131\u011f\u0131yla ileti\u015fime ge\u00e7in ve tedavi talebinizi m\u00fcmk\u00fcn oldu\u011funca detayl\u0131 \u015fekilde anlat\u0131n. \u0130yi bir planlama, iyi bir ba\u015flang\u0131\u00e7t\u0131r! <\/p>\n\n<p><strong>\u00d6deme:<\/strong><br>Tedavi \u00fccretini do\u011frudan hastanede \u00f6dersiniz. \u00d6n \u00f6deme yapman\u0131z gerekmez. \u00d6demeyi nakit Euro, kredi kart\u0131 veya havale ile ger\u00e7ekle\u015ftirebilirsiniz.  <\/p>\n\n<p><strong>U\u00e7ak Bilet Fiyatlar\u0131<\/strong><\/p>\n\n<p>U\u00e7ak bilet fiyatlar\u0131 b\u00fcy\u00fck \u00f6l\u00e7\u00fcde de\u011fi\u015fiklik g\u00f6sterir. Fiyatlar havayolu \u015firketine ve seyahat tarihine g\u00f6re belirlenir. Yakla\u015f\u0131k olarak 100\u2013250 Euro aras\u0131nda bir \u00fccret \u00f6ng\u00f6r\u00fclebilir. En iyisi u\u00e7ak biletinizi kendi \u00fclkenizden kendiniz rezerve etmenizdir.   <\/p>\n\n<p><strong>Otel Fiyatlar\u0131<\/strong><\/p>\n\n<p>Otele ba\u011fl\u0131 olarak gecelik 55\u2013120 Euro aras\u0131nda konaklama \u00fccreti \u00f6ng\u00f6r\u00fclebilir. E\u011fer ila\u00e7l\u0131 tedavinize T\u00fcrkiye\u2019de ba\u015flayacaksan\u0131z, yakla\u015f\u0131k 21 g\u00fcn T\u00fcrkiye\u2019de kalman\u0131z gerekecektir. \u0130la\u00e7lar\u0131n\u0131z\u0131 sadece hastanemizin doktorlar\u0131yla koordineli ve onayl\u0131 olarak kendi \u00fclkenizde al\u0131rsan\u0131z, \u0130stanbul veya Antalya\u2019da sadece birka\u00e7 g\u00fcn konaklayabilirsiniz.  <\/p>\n\n<p>Hala sorular\u0131n\u0131z m\u0131 var? Biz sizinle <a href=\"https:\/\/medicaltravel.at\/kontakt\/\" data-type=\"page\" data-id=\"976\">ileti\u015fime ge\u00e7meyi <\/a>d\u00f6rt g\u00f6zle bekliyoruz. <\/p>\n\t\t\t\t\t\t\t\t<\/div>\n\t\t\t\t\t<\/div>\n\t\t\t\t<\/div>\n\t\t\t\t<\/div>\n\t\t","protected":false},"excerpt":{"rendered":"<p>\u00c7ocuk sahibi olma tedavisi T\u00fcrkiye Hastaneler Hizmet Yelpazesi F\u0131rsat Fiyatlar \u0130stanbul\u2019da Yapay D\u00f6llenme (T\u00fcp Bebek) Tedavi \u00dccretleri \u0130\u015fte \u0130stanbul ve Antalya\u2019da y\u00fcksek kaliteli yapay d\u00f6llenme (t\u00fcp bebek) tedavisi i\u00e7in sundu\u011fumuz cazip teklifler ve fiyatlar: IVF veya ICSI tedavisi yakla\u015f\u0131k 4100 Euro tutmaktad\u0131r. Buna ek olarak ila\u00e7 masraflar\u0131 yakla\u015f\u0131k 1000\u20131500 Euro aras\u0131nda de\u011fi\u015fmektedir. Bireysel ihtiya\u00e7lar\u0131n\u0131za ba\u011fl\u0131 olarak, gebelik \u015fans\u0131n\u0131 art\u0131rmak i\u00e7in ek tedavilere gerek olmayabilir veya baz\u0131 ek i\u015flemler uygulanabilir. Bu hastanelerde ayr\u0131ca \u015fu ek y\u00f6ntemler de mevcuttur: Embriyo Dondurma (Kriyoprezervasyon): yakla\u015f\u0131k 500 Euro (Embriyolar\u0131n sonraki d\u00f6ng\u00fcler i\u00e7in saklanmas\u0131) MESA, TESE: yakla\u015f\u0131k 550\u20131200 Euro (Daha iyi sperm elde etmek i\u00e7in, genellikle ya MESA ya da TESE veya Mikro TESE uygulan\u0131r; hepsi birden gerekli de\u011fildir) IMSI: yakla\u015f\u0131k 250 Euro (Sperm h\u00fccreleri 6 bin kata kadar b\u00fcy\u00fct\u00fclerek incelenebilir ve b\u00f6ylece daha iyi sperm se\u00e7imi yap\u0131labilir) PGD: yakla\u015f\u0131k 750 Euro (Embriyolarda hastal\u0131klar\u0131n incelenmesi i\u00e7in) Spermiogram: yakla\u015f\u0131k 100 Euro (Sperm Analizi) Dondurulmu\u015f Embriyo Transferi: yakla\u015f\u0131k 500 Euro Destekli Kulu\u00e7ka: \u00dccretsiz (D\u00f6llenmeyi kolayla\u015ft\u0131rmak i\u00e7in) Blastosist Transferi: Embriyonun daha uzun s\u00fcre (5 g\u00fcne kadar) laboratuvarda tutulmas\u0131 Fiyatlar Euro cinsindendir. Kullan\u0131lan malzeme ve y\u00f6nteme g\u00f6re fiyatlar de\u011fi\u015febilir. Fiyat de\u011fi\u015fikli\u011fi hakk\u0131 sakl\u0131d\u0131r. *L\u00fctfen unutmay\u0131n, yukar\u0131daki t\u00fcm tedaviler bir arada uygulanmaz. Fiyatlara dahil olan hizmetler \u015funlard\u0131r +Dan\u0131\u015fmanl\u0131k+\u00d6n tetkikler, tedavi, son kontroller+Havaliman\u0131, otel ve klinik transferleri+Medical Travel Pasaportu+Almanca destek ve rehberlik PlanlamaSeyahatiniz \u00f6ncesinde tedavinizi planlayabilmemiz i\u00e7in l\u00fctfen bizimle ileti\u015fim formu arac\u0131l\u0131\u011f\u0131yla ileti\u015fime ge\u00e7in ve tedavi talebinizi m\u00fcmk\u00fcn oldu\u011funca detayl\u0131 \u015fekilde anlat\u0131n. \u0130yi bir planlama, iyi bir ba\u015flang\u0131\u00e7t\u0131r! \u00d6deme:Tedavi \u00fccretini do\u011frudan hastanede \u00f6dersiniz. \u00d6n \u00f6deme yapman\u0131z gerekmez. \u00d6demeyi nakit Euro, kredi kart\u0131 veya havale ile ger\u00e7ekle\u015ftirebilirsiniz. U\u00e7ak Bilet Fiyatlar\u0131 U\u00e7ak bilet fiyatlar\u0131 b\u00fcy\u00fck \u00f6l\u00e7\u00fcde de\u011fi\u015fiklik g\u00f6sterir. Fiyatlar havayolu \u015firketine ve seyahat tarihine g\u00f6re belirlenir. Yakla\u015f\u0131k olarak 100\u2013250 Euro aras\u0131nda bir \u00fccret \u00f6ng\u00f6r\u00fclebilir. En iyisi u\u00e7ak biletinizi kendi \u00fclkenizden kendiniz rezerve etmenizdir. Otel Fiyatlar\u0131 Otele ba\u011fl\u0131 olarak gecelik 55\u2013120 Euro aras\u0131nda konaklama \u00fccreti \u00f6ng\u00f6r\u00fclebilir. E\u011fer ila\u00e7l\u0131 tedavinize T\u00fcrkiye\u2019de ba\u015flayacaksan\u0131z, yakla\u015f\u0131k 21 g\u00fcn T\u00fcrkiye\u2019de kalman\u0131z gerekecektir. \u0130la\u00e7lar\u0131n\u0131z\u0131 sadece hastanemizin doktorlar\u0131yla koordineli ve onayl\u0131 olarak kendi \u00fclkenizde al\u0131rsan\u0131z, \u0130stanbul veya Antalya\u2019da sadece birka\u00e7 g\u00fcn konaklayabilirsiniz. Hala sorular\u0131n\u0131z m\u0131 var? Biz sizinle ileti\u015fime ge\u00e7meyi d\u00f6rt g\u00f6zle bekliyoruz.<\/p>\n","protected":false},"author":4,"featured_media":0,"parent":5047,"menu_order":0,"comment_status":"closed","ping_status":"closed","template":"","meta":{"_joinchat":[],"footnotes":""},"class_list":["post-5109","page","type-page","status-publish","hentry"],"acf":[],"_links":{"self":[{"href":"https:\/\/medicaltravel.at\/tr\/wp-json\/wp\/v2\/pages\/5109","targetHints":{"allow":["GET"]}}],"collection":[{"href":"https:\/\/medicaltravel.at\/tr\/wp-json\/wp\/v2\/pages"}],"about":[{"href":"https:\/\/medicaltravel.at\/tr\/wp-json\/wp\/v2\/types\/page"}],"author":[{"embeddable":true,"href":"https:\/\/medicaltravel.at\/tr\/wp-json\/wp\/v2\/users\/4"}],"replies":[{"embeddable":true,"href":"https:\/\/medicaltravel.at\/tr\/wp-json\/wp\/v2\/comments?post=5109"}],"version-history":[{"count":5,"href":"https:\/\/medicaltravel.at\/tr\/wp-json\/wp\/v2\/pages\/5109\/revisions"}],"predecessor-version":[{"id":5115,"href":"https:\/\/medicaltravel.at\/tr\/wp-json\/wp\/v2\/pages\/5109\/revisions\/5115"}],"up":[{"embeddable":true,"href":"https:\/\/medicaltravel.at\/tr\/wp-json\/wp\/v2\/pages\/5047"}],"wp:attachment":[{"href":"https:\/\/medicaltravel.at\/tr\/wp-json\/wp\/v2\/media?parent=5109"}],"curies":[{"name":"wp","href":"https:\/\/api.w.org\/{rel}","templated":true}]}}