{"id":5096,"date":"2025-09-27T20:38:13","date_gmt":"2025-09-27T19:38:13","guid":{"rendered":"https:\/\/medicaltravel.at\/tuep-bebek\/cocuk-sahibi-olma-tedavisi-ivf-tuerkiye-istanbul-antalya\/"},"modified":"2026-01-03T03:43:45","modified_gmt":"2026-01-03T02:43:45","slug":"cocuk-sahibi-olma-tedavisi-ivf-tuerkiye-istanbul-antalya","status":"publish","type":"page","link":"https:\/\/medicaltravel.at\/tr\/tuep-bebek\/cocuk-sahibi-olma-tedavisi-ivf-tuerkiye-istanbul-antalya\/","title":{"rendered":"\u00c7ocuk sahibi olma tedavisi (IVF) T\u00fcrkiye, \u0130stanbul, Antalya"},"content":{"rendered":"\t\t<div data-elementor-type=\"wp-page\" data-elementor-id=\"5096\" class=\"elementor elementor-5096 elementor-950\" data-elementor-post-type=\"page\">\n\t\t\t\t<div class=\"elementor-element elementor-element-5201e555 e-flex e-con-boxed wpr-particle-no wpr-jarallax-no wpr-parallax-no wpr-sticky-section-no e-con e-parent\" data-id=\"5201e555\" data-element_type=\"container\" data-e-type=\"container\">\n\t\t\t\t\t<div class=\"e-con-inner\">\n\t\t<div class=\"elementor-element elementor-element-a491043 e-con-full e-flex wpr-particle-no wpr-jarallax-no wpr-parallax-no wpr-sticky-section-no e-con e-child\" data-id=\"a491043\" data-element_type=\"container\" data-e-type=\"container\">\n\t\t\t\t<div class=\"elementor-element elementor-element-37a70eb elementor-widget elementor-widget-button\" data-id=\"37a70eb\" data-element_type=\"widget\" data-e-type=\"widget\" data-widget_type=\"button.default\">\n\t\t\t\t\t\t\t\t\t\t<a class=\"elementor-button elementor-button-link elementor-size-sm\" href=\"https:\/\/medicaltravel.at\/tr\/tuep-bebek\/cocuk-sahibi-olma-tedavisi-ivf-tuerkiye-istanbul-antalya\/\">\n\t\t\t\t\t\t<span class=\"elementor-button-content-wrapper\">\n\t\t\t\t\t\t\t\t\t<span class=\"elementor-button-text\">\u00c7ocuk sahibi olma tedavisi T\u00fcrkiye<\/span>\n\t\t\t\t\t<\/span>\n\t\t\t\t\t<\/a>\n\t\t\t\t\t\t\t\t<\/div>\n\t\t\t\t<div class=\"elementor-element elementor-element-796b99d elementor-widget elementor-widget-button\" data-id=\"796b99d\" data-element_type=\"widget\" data-e-type=\"widget\" data-widget_type=\"button.default\">\n\t\t\t\t\t\t\t\t\t\t<a class=\"elementor-button elementor-button-link elementor-size-sm\" href=\"https:\/\/medicaltravel.at\/tr\/tuep-bebek\/hastaneler\/prof-dr-guerkan-arikan-tuerkiyenin-en-iyi-ivf-doktorlarindan-biridir\/\">\n\t\t\t\t\t\t<span class=\"elementor-button-content-wrapper\">\n\t\t\t\t\t\t\t\t\t<span class=\"elementor-button-text\">Hastaneler<\/span>\n\t\t\t\t\t<\/span>\n\t\t\t\t\t<\/a>\n\t\t\t\t\t\t\t\t<\/div>\n\t\t\t\t<div class=\"elementor-element elementor-element-d68c5b3 elementor-widget elementor-widget-button\" data-id=\"d68c5b3\" data-element_type=\"widget\" data-e-type=\"widget\" data-widget_type=\"button.default\">\n\t\t\t\t\t\t\t\t\t\t<a class=\"elementor-button elementor-button-link elementor-size-sm\" href=\"https:\/\/medicaltravel.at\/kinderwunsch\/leistungsspektrum\/\">\n\t\t\t\t\t\t<span class=\"elementor-button-content-wrapper\">\n\t\t\t\t\t\t\t\t\t<span class=\"elementor-button-text\">Hizmet Yelpazesi<\/span>\n\t\t\t\t\t<\/span>\n\t\t\t\t\t<\/a>\n\t\t\t\t\t\t\t\t<\/div>\n\t\t\t\t<div class=\"elementor-element elementor-element-36e5273 elementor-widget elementor-widget-button\" data-id=\"36e5273\" data-element_type=\"widget\" data-e-type=\"widget\" data-widget_type=\"button.default\">\n\t\t\t\t\t\t\t\t\t\t<a class=\"elementor-button elementor-button-link elementor-size-sm\" href=\"https:\/\/medicaltravel.at\/tr\/tuep-bebek\/tuerkiye-istanbul-ve-antalya-icin-cocuk-sahibi-olma-tuep-bebek-teklifleri\/\">\n\t\t\t\t\t\t<span class=\"elementor-button-content-wrapper\">\n\t\t\t\t\t\t\t\t\t<span class=\"elementor-button-text\">F\u0131rsat<\/span>\n\t\t\t\t\t<\/span>\n\t\t\t\t\t<\/a>\n\t\t\t\t\t\t\t\t<\/div>\n\t\t\t\t<div class=\"elementor-element elementor-element-62c6ff0 elementor-widget elementor-widget-button\" data-id=\"62c6ff0\" data-element_type=\"widget\" data-e-type=\"widget\" data-widget_type=\"button.default\">\n\t\t\t\t\t\t\t\t\t\t<a class=\"elementor-button elementor-button-link elementor-size-sm\" href=\"https:\/\/medicaltravel.at\/kinderwunsch\/preise-kosten-tuerkei-istanbul\/\">\n\t\t\t\t\t\t<span class=\"elementor-button-content-wrapper\">\n\t\t\t\t\t\t\t\t\t<span class=\"elementor-button-text\">Fiyatlar<\/span>\n\t\t\t\t\t<\/span>\n\t\t\t\t\t<\/a>\n\t\t\t\t\t\t\t\t<\/div>\n\t\t\t\t<\/div>\n\t\t\t\t<div class=\"elementor-element elementor-element-6431de15 elementor-widget elementor-widget-text-editor\" data-id=\"6431de15\" data-element_type=\"widget\" data-e-type=\"widget\" data-widget_type=\"text-editor.default\">\n\t\t\t\t\t\t\t\t\t<h2 class=\"wp-block-heading\">T\u00fcrkiye\u2019de \u00e7ocuk sahibi olma hayalini ger\u00e7ekle\u015ftirmek<\/h2>\n<h2 class=\"wp-block-heading\">T\u00fcrkiye, \u0130stanbul ve Antalya\u2019da t\u00fcp bebek (IVF) tedavileri<\/h2>\n<p><strong>\u0130stanbul ve <strong>Antalya\u2019da<\/strong> yapay d\u00f6llenme (IVF, ICSI, \u00e7ocuk sahibi olma tedavisi) hizmetleri de sunuyoruz.<\/strong><\/p>\n<p>T\u00fcp bebek tedavisi hassas bir konudur. Sadece sizin gelece\u011finizle ilgili de\u011fildir\u2026 <\/p>\n<p>En y\u00fcksek \u00f6zen, anlay\u0131\u015f ve en iyi ba\u015far\u0131 \u015fans\u0131 \u2013 bu konuda sizin i\u00e7in \u00f6nemli olan bir\u00e7ok \u015fey var. Biz istiyoruz ki burada sadece en iyi ellerde olun \u2013 daha g\u00fczel bir gelece\u011fe bak\u0131\u015fla! <\/p>\n<p>G\u00fcn\u00fcm\u00fcz modern ya\u015fam\u0131nda k\u0131s\u0131rl\u0131k giderek daha fazla g\u00f6r\u00fcl\u00fcyor. Sizin kendi \u00e7ocu\u011funuz olma iste\u011finizi son derece ciddiye al\u0131yor ve T\u00fcrkiye\u2019nin en iyi hastanelerinden biri ile en iyi doktorlar (<a href=\"https:\/\/medicaltravel.at\/tr\/tuep-bebek\/hastaneler\/prof-dr-guerkan-arikan-tuerkiyenin-en-iyi-ivf-doktorlarindan-biridir\/\" data-type=\"page\" data-id=\"954\">Prof. Dr. Arikan<\/a>) e\u015fli\u011finde, yani <a href=\"https:\/\/medicaltravel.at\/tr\/tuep-bebek\/hastaneler\/istanbulda-cocuk-sahibi-olma-klinigi\/\" data-type=\"page\" data-id=\"956\">Ac\u0131badem Hastanesi<\/a> veya <a href=\"https:\/\/medicaltravel.at\/tr\/tuep-bebek\/hastaneler\/cocuk-sahibi-olma-ivf-yapay-doellenme-antalya\/\" data-type=\"page\" data-id=\"958\">Memorial Hastanesi\u2019nde<\/a> size yard\u0131mc\u0131 olmaktan memnuniyet duyuyoruz. <\/p>\n<p>Tedavi se\u00e7enekleri hakk\u0131nda <a href=\"https:\/\/medicaltravel.at\/kinderwunsch\/leistungsspektrum\/\" data-type=\"page\" data-id=\"960\">buradan<\/a> bilgi alabilirsiniz.<\/p>\n<p><strong>T\u00fcrkiye\u2019de bir tedaviden neden fayda sa\u011flayabilece\u011finiz<\/strong><\/p>\n<p>T\u00fcrkiye, \u00fcreme t\u0131bb\u0131n\u0131n merkezlerinden biridir. Burada 17 y\u0131ld\u0131r \u00e7ok y\u00fcksek ba\u015far\u0131 oranlar\u0131 sa\u011flanmaktad\u0131r. <\/p>\n<p><strong>Bunun nedeni nedir?<\/strong><br>Jinekolojik ve onkolojik operasyonlar yaln\u0131zca \u00e7ok deneyimli ve iyi e\u011fitimli doktorlar taraf\u0131ndan yap\u0131lmakla kalmaz, ayn\u0131 zamanda en y\u00fcksek standartlarda ger\u00e7ekle\u015ftirilir. Doktorlar e\u011fitimlerini ABD ve Bat\u0131 Avrupa\u2019da tamamlam\u0131\u015f, orada da tedavi yaparak deneyim ve ek e\u011fitimlerini edinmi\u015flerdir. <\/p>\n<p>E\u011fer sizde <strong>ICSI, assisted hatching veya blastosist transferi <\/strong>gerekirse, bunlar ek \u00fccret \u00f6demeden yap\u0131lacakt\u0131r.<\/p>\n<p>\u00dc\u00e7 embriyo transferi yap\u0131labilme imk\u00e2n\u0131 vard\u0131r. Maliyet fakt\u00f6r\u00fc, bir\u00e7ok \u00e7ift i\u00e7in t\u00fcp bebek tedavisinin tercih edilmemesinin en yayg\u0131n nedenlerinden biridir. T\u00fcrkiye\u2019de yap\u0131lan bir tedavide maliyetleriniz Almanya, \u0130svi\u00e7re veya Avusturya\u2019daki tedavilere k\u0131yasla \u00e7ok daha d\u00fc\u015f\u00fck olacakt\u0131r. <\/p>\n<p><strong>IVF ve ICSI\u2019de gebelik oranlar\u0131 neden daha y\u00fcksektir?<\/strong><br>Muhtemelen merak ediyorsunuz: Neden IVF ve ICSI\u2019de gebelik oranlar\u0131 \u0130svi\u00e7re veya Almanya\u2019dakinden daha y\u00fcksek?<\/p>\n<p>Bu \u00fclkelerde, yaln\u0131zca \u00fc\u00e7 zigotun laboratuvarda geli\u015fmeye devam etmesine izin veren bir yasa vard\u0131r. Bu da en fazla \u00fc\u00e7 embriyonun olu\u015fmas\u0131na yol a\u00e7ar. Transfer genellikle 2. veya 3. g\u00fcnde yap\u0131l\u0131r. Ancak bu s\u00fcre\u00e7te en kaliteli embriyolar\u0131 se\u00e7me imk\u00e2n\u0131 yoktur. Yani bir havuzdan embriyolar\u0131 se\u00e7me, blastosist k\u00fclt\u00fcr\u00fc ve preimplantasyon genetik tan\u0131 (PGD) uygulama imk\u00e2n\u0131 bulunmamaktad\u0131r.      <\/p>\n<p>Ancak T\u00fcrk yasalar\u0131na g\u00f6re blastosist k\u00fclt\u00fcr\u00fc m\u00fcmk\u00fcnd\u00fcr. Bu sayede sadece 1\u20132 blastosist transfer edilmesine ra\u011fmen gebelik oran\u0131 iki kata kadar, implantasyon oran\u0131 ise blastosist ba\u015f\u0131na %50\u2019ye kadar art\u0131r\u0131labilmektedir. Bu s\u00fcre\u00e7te embriyolar\u0131n se\u00e7ilebilmesi sayesinde y\u00fcksek gebelik oranlar\u0131n\u0131n yan\u0131 s\u0131ra d\u00fc\u015f\u00fck oranlar\u0131 da daha d\u00fc\u015f\u00fckt\u00fcr. Basit\u00e7e ifade etmek gerekirse: Sadece hamile kalma \u015fans\u0131 de\u011fil, ba\u015far\u0131l\u0131 ve devam eden bir gebelik elde etme \u015fans\u0131 da artmaktad\u0131r.   <\/p>\n<p>Genetik olarak risk ta\u015f\u0131yan ve \u00f6rne\u011fin PID ile tespit edilebilen bir engeli olan bir \u00e7ocu\u011fa sahip \u00e7iftler bulunmaktad\u0131r. Bu \u00e7iftlere, preimplantasyon genetik tan\u0131 (PID) uygulayarak s\u00f6z konusu engeli ta\u015f\u0131mayan bir \u00e7ocu\u011fa sahip olma konusunda yard\u0131mc\u0131 olabiliyoruz. <\/p>\n<p><strong>Bu hastanelerdeki ortalama gebelik oranlar\u0131:<\/strong><\/p>\n<p>37 ya\u015f alt\u0131ndaki kad\u0131nlarda: %69<br>38\u201341 ya\u015f aras\u0131ndaki kad\u0131nlarda: %36<br>42 ya\u015f \u00fczerindeki kad\u0131nlarda: %18<\/p>\n<p><strong>\u00d6nemli Bilgilendirme:<\/strong><\/p>\n<p>T\u00fcrk yasalar\u0131na g\u00f6re T\u00fcrkiye\u2019de \u00e7ocuk sahibi olma tedavileri yaln\u0131zca evli \u00e7iftler i\u00e7in izinlidir. Ayr\u0131ca cinsiyet belirleme i\u015flemi de yasakt\u0131r. <\/p>\n<p><strong>\u0130\u015fte MedicalTravel ile d\u00fcnyaya gelen ilk bebekler:<\/strong><\/p>\n<figure class=\"wp-block-image size-full\"><img fetchpriority=\"high\" decoding=\"async\" width=\"300\" height=\"225\" class=\"wp-image-1766\" src=\"https:\/\/medicaltravel.at\/wp-content\/uploads\/2025\/09\/Meral-und-Mehan-und-Ihre-Mutter-sind-wohlauf.-300x225-1.jpg\" alt=\"\"><\/figure>\n<p id=\"caption-attachment-668\">Meral ve Mehan ile anneleri sa\u011fl\u0131kl\u0131 ve durumlar\u0131 iyidir.<\/p>\n<figure class=\"wp-block-image size-full\"><img decoding=\"async\" width=\"300\" height=\"225\" class=\"wp-image-1767\" src=\"https:\/\/medicaltravel.at\/wp-content\/uploads\/2025\/09\/MedicalTravel-Team-besuchte-die-gluckliche-Familie-im-Spital.-300x225-1.jpg\" alt=\"\"><\/figure>\n<p id=\"caption-attachment-669\">MedicalTravel ekibi mutlu aileyi hastanede ziyaret etti.<\/p>\n<p>Her iki taraf i\u00e7in de ne kadar mutlu bir an!<\/p>\t\t\t\t\t\t\t\t<\/div>\n\t\t\t\t\t<\/div>\n\t\t\t\t<\/div>\n\t\t\t\t<\/div>\n\t\t","protected":false},"excerpt":{"rendered":"<p>\u00c7ocuk sahibi olma tedavisi T\u00fcrkiye Hastaneler Hizmet Yelpazesi F\u0131rsat Fiyatlar T\u00fcrkiye\u2019de \u00e7ocuk sahibi olma hayalini ger\u00e7ekle\u015ftirmek T\u00fcrkiye, \u0130stanbul ve Antalya\u2019da t\u00fcp bebek (IVF) tedavileri \u0130stanbul ve Antalya\u2019da yapay d\u00f6llenme (IVF, ICSI, \u00e7ocuk sahibi olma tedavisi) hizmetleri de sunuyoruz. T\u00fcp bebek tedavisi hassas bir konudur. Sadece sizin gelece\u011finizle ilgili de\u011fildir\u2026 En y\u00fcksek \u00f6zen, anlay\u0131\u015f ve en iyi ba\u015far\u0131 \u015fans\u0131 \u2013 bu konuda sizin i\u00e7in \u00f6nemli olan bir\u00e7ok \u015fey var. Biz istiyoruz ki burada sadece en iyi ellerde olun \u2013 daha g\u00fczel bir gelece\u011fe bak\u0131\u015fla! G\u00fcn\u00fcm\u00fcz modern ya\u015fam\u0131nda k\u0131s\u0131rl\u0131k giderek daha fazla g\u00f6r\u00fcl\u00fcyor. Sizin kendi \u00e7ocu\u011funuz olma iste\u011finizi son derece ciddiye al\u0131yor ve T\u00fcrkiye\u2019nin en iyi hastanelerinden biri ile en iyi doktorlar (Prof. Dr. Arikan) e\u015fli\u011finde, yani Ac\u0131badem Hastanesi veya Memorial Hastanesi\u2019nde size yard\u0131mc\u0131 olmaktan memnuniyet duyuyoruz. Tedavi se\u00e7enekleri hakk\u0131nda buradan bilgi alabilirsiniz. T\u00fcrkiye\u2019de bir tedaviden neden fayda sa\u011flayabilece\u011finiz T\u00fcrkiye, \u00fcreme t\u0131bb\u0131n\u0131n merkezlerinden biridir. Burada 17 y\u0131ld\u0131r \u00e7ok y\u00fcksek ba\u015far\u0131 oranlar\u0131 sa\u011flanmaktad\u0131r. Bunun nedeni nedir?Jinekolojik ve onkolojik operasyonlar yaln\u0131zca \u00e7ok deneyimli ve iyi e\u011fitimli doktorlar taraf\u0131ndan yap\u0131lmakla kalmaz, ayn\u0131 zamanda en y\u00fcksek standartlarda ger\u00e7ekle\u015ftirilir. Doktorlar e\u011fitimlerini ABD ve Bat\u0131 Avrupa\u2019da tamamlam\u0131\u015f, orada da tedavi yaparak deneyim ve ek e\u011fitimlerini edinmi\u015flerdir. E\u011fer sizde ICSI, assisted hatching veya blastosist transferi gerekirse, bunlar ek \u00fccret \u00f6demeden yap\u0131lacakt\u0131r. \u00dc\u00e7 embriyo transferi yap\u0131labilme imk\u00e2n\u0131 vard\u0131r. Maliyet fakt\u00f6r\u00fc, bir\u00e7ok \u00e7ift i\u00e7in t\u00fcp bebek tedavisinin tercih edilmemesinin en yayg\u0131n nedenlerinden biridir. T\u00fcrkiye\u2019de yap\u0131lan bir tedavide maliyetleriniz Almanya, \u0130svi\u00e7re veya Avusturya\u2019daki tedavilere k\u0131yasla \u00e7ok daha d\u00fc\u015f\u00fck olacakt\u0131r. IVF ve ICSI\u2019de gebelik oranlar\u0131 neden daha y\u00fcksektir?Muhtemelen merak ediyorsunuz: Neden IVF ve ICSI\u2019de gebelik oranlar\u0131 \u0130svi\u00e7re veya Almanya\u2019dakinden daha y\u00fcksek? Bu \u00fclkelerde, yaln\u0131zca \u00fc\u00e7 zigotun laboratuvarda geli\u015fmeye devam etmesine izin veren bir yasa vard\u0131r. Bu da en fazla \u00fc\u00e7 embriyonun olu\u015fmas\u0131na yol a\u00e7ar. Transfer genellikle 2. veya 3. g\u00fcnde yap\u0131l\u0131r. Ancak bu s\u00fcre\u00e7te en kaliteli embriyolar\u0131 se\u00e7me imk\u00e2n\u0131 yoktur. Yani bir havuzdan embriyolar\u0131 se\u00e7me, blastosist k\u00fclt\u00fcr\u00fc ve preimplantasyon genetik tan\u0131 (PGD) uygulama imk\u00e2n\u0131 bulunmamaktad\u0131r. Ancak T\u00fcrk yasalar\u0131na g\u00f6re blastosist k\u00fclt\u00fcr\u00fc m\u00fcmk\u00fcnd\u00fcr. Bu sayede sadece 1\u20132 blastosist transfer edilmesine ra\u011fmen gebelik oran\u0131 iki kata kadar, implantasyon oran\u0131 ise blastosist ba\u015f\u0131na %50\u2019ye kadar art\u0131r\u0131labilmektedir. Bu s\u00fcre\u00e7te embriyolar\u0131n se\u00e7ilebilmesi sayesinde y\u00fcksek gebelik oranlar\u0131n\u0131n yan\u0131 s\u0131ra d\u00fc\u015f\u00fck oranlar\u0131 da daha d\u00fc\u015f\u00fckt\u00fcr. Basit\u00e7e ifade etmek gerekirse: Sadece hamile kalma \u015fans\u0131 de\u011fil, ba\u015far\u0131l\u0131 ve devam eden bir gebelik elde etme \u015fans\u0131 da artmaktad\u0131r. Genetik olarak risk ta\u015f\u0131yan ve \u00f6rne\u011fin PID ile tespit edilebilen bir engeli olan bir \u00e7ocu\u011fa sahip \u00e7iftler bulunmaktad\u0131r. Bu \u00e7iftlere, preimplantasyon genetik tan\u0131 (PID) uygulayarak s\u00f6z konusu engeli ta\u015f\u0131mayan bir \u00e7ocu\u011fa sahip olma konusunda yard\u0131mc\u0131 olabiliyoruz. Bu hastanelerdeki ortalama gebelik oranlar\u0131: 37 ya\u015f alt\u0131ndaki kad\u0131nlarda: %6938\u201341 ya\u015f aras\u0131ndaki kad\u0131nlarda: %3642 ya\u015f \u00fczerindeki kad\u0131nlarda: %18 \u00d6nemli Bilgilendirme: T\u00fcrk yasalar\u0131na g\u00f6re T\u00fcrkiye\u2019de \u00e7ocuk sahibi olma tedavileri yaln\u0131zca evli \u00e7iftler i\u00e7in izinlidir. Ayr\u0131ca cinsiyet belirleme i\u015flemi de yasakt\u0131r. \u0130\u015fte MedicalTravel ile d\u00fcnyaya gelen ilk bebekler: Meral ve Mehan ile anneleri sa\u011fl\u0131kl\u0131 ve durumlar\u0131 iyidir. MedicalTravel ekibi mutlu aileyi hastanede ziyaret etti. Her iki taraf i\u00e7in de ne kadar mutlu bir an!<\/p>\n","protected":false},"author":4,"featured_media":0,"parent":5047,"menu_order":0,"comment_status":"closed","ping_status":"closed","template":"","meta":{"_joinchat":[],"footnotes":""},"class_list":["post-5096","page","type-page","status-publish","hentry"],"acf":[],"_links":{"self":[{"href":"https:\/\/medicaltravel.at\/tr\/wp-json\/wp\/v2\/pages\/5096","targetHints":{"allow":["GET"]}}],"collection":[{"href":"https:\/\/medicaltravel.at\/tr\/wp-json\/wp\/v2\/pages"}],"about":[{"href":"https:\/\/medicaltravel.at\/tr\/wp-json\/wp\/v2\/types\/page"}],"author":[{"embeddable":true,"href":"https:\/\/medicaltravel.at\/tr\/wp-json\/wp\/v2\/users\/4"}],"replies":[{"embeddable":true,"href":"https:\/\/medicaltravel.at\/tr\/wp-json\/wp\/v2\/comments?post=5096"}],"version-history":[{"count":1,"href":"https:\/\/medicaltravel.at\/tr\/wp-json\/wp\/v2\/pages\/5096\/revisions"}],"predecessor-version":[{"id":5097,"href":"https:\/\/medicaltravel.at\/tr\/wp-json\/wp\/v2\/pages\/5096\/revisions\/5097"}],"up":[{"embeddable":true,"href":"https:\/\/medicaltravel.at\/tr\/wp-json\/wp\/v2\/pages\/5047"}],"wp:attachment":[{"href":"https:\/\/medicaltravel.at\/tr\/wp-json\/wp\/v2\/media?parent=5096"}],"curies":[{"name":"wp","href":"https:\/\/api.w.org\/{rel}","templated":true}]}}