{"id":5086,"date":"2025-09-27T20:39:52","date_gmt":"2025-09-27T19:39:52","guid":{"rendered":"https:\/\/medicaltravel.at\/tuep-bebek\/hastaneler\/prof-dr-guerkan-arikan-tuerkiyenin-en-iyi-ivf-doktorlarindan-biridir\/"},"modified":"2026-01-03T03:06:13","modified_gmt":"2026-01-03T02:06:13","slug":"prof-dr-guerkan-arikan-tuerkiyenin-en-iyi-ivf-doktorlarindan-biridir","status":"publish","type":"page","link":"https:\/\/medicaltravel.at\/tr\/tuep-bebek\/hastaneler\/prof-dr-guerkan-arikan-tuerkiyenin-en-iyi-ivf-doktorlarindan-biridir\/","title":{"rendered":"Prof. Dr. G\u00fcrkan Ar\u0131kan, T\u00fcrkiye\u2019nin en iyi IVF doktorlar\u0131ndan biridir"},"content":{"rendered":"\t\t<div data-elementor-type=\"wp-page\" data-elementor-id=\"5086\" class=\"elementor elementor-5086 elementor-954\" data-elementor-post-type=\"page\">\n\t\t\t\t<div class=\"elementor-element elementor-element-4b639d8f e-flex e-con-boxed wpr-particle-no wpr-jarallax-no wpr-parallax-no wpr-sticky-section-no e-con e-parent\" data-id=\"4b639d8f\" data-element_type=\"container\" data-e-type=\"container\">\n\t\t\t\t\t<div class=\"e-con-inner\">\n\t\t<div class=\"elementor-element elementor-element-312c712 e-con-full e-flex wpr-particle-no wpr-jarallax-no wpr-parallax-no wpr-sticky-section-no e-con e-child\" data-id=\"312c712\" data-element_type=\"container\" data-e-type=\"container\">\n\t\t\t\t<div class=\"elementor-element elementor-element-cae60b1 elementor-widget elementor-widget-button\" data-id=\"cae60b1\" data-element_type=\"widget\" data-e-type=\"widget\" data-widget_type=\"button.default\">\n\t\t\t\t\t\t\t\t\t\t<a class=\"elementor-button elementor-button-link elementor-size-sm\" href=\"https:\/\/medicaltravel.at\/tr\/tuep-bebek\/hastaneler\/prof-dr-guerkan-arikan-tuerkiyenin-en-iyi-ivf-doktorlarindan-biridir\/\">\n\t\t\t\t\t\t<span class=\"elementor-button-content-wrapper\">\n\t\t\t\t\t\t\t\t\t<span class=\"elementor-button-text\">Prof. Dr. G\u00fcrkan Ar\u0131kan<\/span>\n\t\t\t\t\t<\/span>\n\t\t\t\t\t<\/a>\n\t\t\t\t\t\t\t\t<\/div>\n\t\t\t\t<div class=\"elementor-element elementor-element-3908b18 elementor-widget elementor-widget-button\" data-id=\"3908b18\" data-element_type=\"widget\" data-e-type=\"widget\" data-widget_type=\"button.default\">\n\t\t\t\t\t\t\t\t\t\t<a class=\"elementor-button elementor-button-link elementor-size-sm\" href=\"https:\/\/medicaltravel.at\/tr\/tuep-bebek\/hastaneler\/istanbulda-cocuk-sahibi-olma-klinigi\/\">\n\t\t\t\t\t\t<span class=\"elementor-button-content-wrapper\">\n\t\t\t\t\t\t\t\t\t<span class=\"elementor-button-text\">\u00c7ocuk sahibi olma tedavisi \u0130stanbul<\/span>\n\t\t\t\t\t<\/span>\n\t\t\t\t\t<\/a>\n\t\t\t\t\t\t\t\t<\/div>\n\t\t\t\t<div class=\"elementor-element elementor-element-cca18a7 elementor-widget elementor-widget-button\" data-id=\"cca18a7\" data-element_type=\"widget\" data-e-type=\"widget\" data-widget_type=\"button.default\">\n\t\t\t\t\t\t\t\t\t\t<a class=\"elementor-button elementor-button-link elementor-size-sm\" href=\"https:\/\/medicaltravel.at\/tr\/tuep-bebek\/hastaneler\/cocuk-sahibi-olma-ivf-yapay-doellenme-antalya\/\">\n\t\t\t\t\t\t<span class=\"elementor-button-content-wrapper\">\n\t\t\t\t\t\t\t\t\t<span class=\"elementor-button-text\">\u00c7ocuk Sahibi Olma Tedavisi Antalya<\/span>\n\t\t\t\t\t<\/span>\n\t\t\t\t\t<\/a>\n\t\t\t\t\t\t\t\t<\/div>\n\t\t\t\t<\/div>\n\t\t\t\t<div class=\"elementor-element elementor-element-6f152a8b elementor-widget elementor-widget-text-editor\" data-id=\"6f152a8b\" data-element_type=\"widget\" data-e-type=\"widget\" data-widget_type=\"text-editor.default\">\n\t\t\t\t\t\t\t\t\t\n<h2 class=\"wp-block-heading\">\u0130stanbul\u2019da \u00e7ocuk sahibi olma merkezi<\/h2>\n\n<p>Profes\u00f6r Dr. G\u00fcrkan Ar\u0131kan 1964 y\u0131l\u0131nda T\u00fcrkiye\u2019nin Bolu \u015fehrinde do\u011fmu\u015ftur. Kendisi iki \u00e7ocuk sahibidir. <\/p>\n\n<p>Do\u011fum ve jinekoloji alan\u0131ndaki uzmanl\u0131\u011f\u0131n\u0131 1996 y\u0131l\u0131nda Avusturya\u2019daki Graz \u00dcniversitesi T\u0131p Fak\u00fcltesi\u2019nde tamamlam\u0131\u015f ve 2001 y\u0131l\u0131nda ayn\u0131 \u00fcniversitede profes\u00f6r olmu\u015ftur.<\/p>\n\n<p>Avusturya\u2019daki bir ara\u015ft\u0131rma enstit\u00fcs\u00fcnde bilimsel proje asistan\u0131 ve y\u00f6netici olarak \u00e7al\u0131\u015fm\u0131\u015f, g\u00f6revleri ve sorumluluklar\u0131 nedeniyle L\u00fcksemburg, Almanya ve Avusturya\u2019dan diplomalar alm\u0131\u015ft\u0131r.<\/p>\n\n<p>M\u00fcnih\u2019teki Ludwig-Maximilians \u00dcniversitesi\u2019nde \u00fcreme t\u0131bb\u0131 (UTI, IVF) ve endokrinoloji alan\u0131nda uzmanla\u015ft\u0131ktan sonra, \u00e7al\u0131\u015fmalar\u0131n\u0131 onkolojik, laparoskopik ve rekonstr\u00fcktif cerrahi alanlar\u0131nda devam ettirmi\u015ftir.<\/p>\n\n<p>Onkolojik laparoskopik cerrahi alan\u0131nda kendi ameliyat tekniklerine sahiptir.<\/p>\n\n<figure class=\"wp-block-image size-full\"><img fetchpriority=\"high\" decoding=\"async\" width=\"298\" height=\"300\" class=\"wp-image-1769\" src=\"https:\/\/medicaltravel.at\/wp-content\/uploads\/2025\/09\/Prof.-Dr.-Gurkan-Arikan-298x300-1.jpg\" alt=\"\" srcset=\"https:\/\/medicaltravel.at\/wp-content\/uploads\/2025\/09\/Prof.-Dr.-Gurkan-Arikan-298x300-1.jpg 298w, https:\/\/medicaltravel.at\/wp-content\/uploads\/2025\/09\/Prof.-Dr.-Gurkan-Arikan-298x300-1-150x150.jpg 150w\" sizes=\"(max-width: 298px) 100vw, 298px\" \/><\/figure>\n\n<p id=\"caption-attachment-678\">Prof. Dr. G\u00fcrkan Ar\u0131kan<\/p>\n\n<p>Avusturya merkezli Online Onkoloji Kurulu\u2019nun kurucu \u00fcyesidir. Halen bu kurumla onkolojik dan\u0131\u015fmanl\u0131klar konusunda \u00e7al\u0131\u015fmaktad\u0131r. Graz T\u0131p \u00dcniversitesi\u2019ndeki e\u011fitim g\u00f6revi ve tele-t\u0131p y\u00f6ntemi, \u00f6zellikle Viyana\u2019daki Wunschbaby Enstit\u00fcs\u00fc ve Profes\u00f6r Feichtinger ile birlikte Bat\u0131 Avrupa\u2019daki 12 merkezle i\u015f birli\u011fi yapmaktad\u0131r.  <\/p>\n\n<p>Ayr\u0131ca Yeniy\u00fczy\u0131l \u00dcniversitesi Gaziosmanpa\u015fa Hastanesi\u2019nin Kad\u0131n Do\u011fum ve Jinekoloji b\u00f6l\u00fcm\u00fcnde ileri laparoskopik cerrahi, kanser cerrahisi ve t\u00fcp bebek (IVF) alanlar\u0131nda da \u00e7al\u0131\u015fmaktad\u0131r.<\/p>\n\n<p>Gelecek vizyonunu \u015f\u00f6yle tan\u0131mlamaktad\u0131r: Laparoskopi ve onkolojik cerrahi alanlar\u0131ndaki kalite standartlar\u0131n\u0131 y\u00fckseltmek ve t\u00fcp bebek (IVF) alan\u0131nda en y\u00fcksek hizmet standard\u0131n\u0131 sunmak.<\/p>\n\n<p>Detayl\u0131 \u00f6zge\u00e7mi\u015fine <a href=\"https:\/\/medicaltravel.at\/wp-content\/uploads\/2025\/09\/Lebenslauf_Prof_Dr_Arikan_Kinderwunsch_11_05_2019.pdf\" data-type=\"link\" data-id=\"https:\/\/medicaltravel.at\/wp-content\/uploads\/2025\/09\/Lebenslauf_Prof_Dr_Arikan_Kinderwunsch_11_05_2019.pdf\">buradan<\/a> ula\u015fabilirsiniz.<\/p>\n\t\t\t\t\t\t\t\t<\/div>\n\t\t\t\t\t<\/div>\n\t\t\t\t<\/div>\n\t\t\t\t<\/div>\n\t\t","protected":false},"excerpt":{"rendered":"<p>Prof. Dr. G\u00fcrkan Ar\u0131kan \u00c7ocuk sahibi olma tedavisi \u0130stanbul \u00c7ocuk Sahibi Olma Tedavisi Antalya \u0130stanbul\u2019da \u00e7ocuk sahibi olma merkezi Profes\u00f6r Dr. G\u00fcrkan Ar\u0131kan 1964 y\u0131l\u0131nda T\u00fcrkiye\u2019nin Bolu \u015fehrinde do\u011fmu\u015ftur. Kendisi iki \u00e7ocuk sahibidir. Do\u011fum ve jinekoloji alan\u0131ndaki uzmanl\u0131\u011f\u0131n\u0131 1996 y\u0131l\u0131nda Avusturya\u2019daki Graz \u00dcniversitesi T\u0131p Fak\u00fcltesi\u2019nde tamamlam\u0131\u015f ve 2001 y\u0131l\u0131nda ayn\u0131 \u00fcniversitede profes\u00f6r olmu\u015ftur. Avusturya\u2019daki bir ara\u015ft\u0131rma enstit\u00fcs\u00fcnde bilimsel proje asistan\u0131 ve y\u00f6netici olarak \u00e7al\u0131\u015fm\u0131\u015f, g\u00f6revleri ve sorumluluklar\u0131 nedeniyle L\u00fcksemburg, Almanya ve Avusturya\u2019dan diplomalar alm\u0131\u015ft\u0131r. M\u00fcnih\u2019teki Ludwig-Maximilians \u00dcniversitesi\u2019nde \u00fcreme t\u0131bb\u0131 (UTI, IVF) ve endokrinoloji alan\u0131nda uzmanla\u015ft\u0131ktan sonra, \u00e7al\u0131\u015fmalar\u0131n\u0131 onkolojik, laparoskopik ve rekonstr\u00fcktif cerrahi alanlar\u0131nda devam ettirmi\u015ftir. Onkolojik laparoskopik cerrahi alan\u0131nda kendi ameliyat tekniklerine sahiptir. Prof. Dr. G\u00fcrkan Ar\u0131kan Avusturya merkezli Online Onkoloji Kurulu\u2019nun kurucu \u00fcyesidir. Halen bu kurumla onkolojik dan\u0131\u015fmanl\u0131klar konusunda \u00e7al\u0131\u015fmaktad\u0131r. Graz T\u0131p \u00dcniversitesi\u2019ndeki e\u011fitim g\u00f6revi ve tele-t\u0131p y\u00f6ntemi, \u00f6zellikle Viyana\u2019daki Wunschbaby Enstit\u00fcs\u00fc ve Profes\u00f6r Feichtinger ile birlikte Bat\u0131 Avrupa\u2019daki 12 merkezle i\u015f birli\u011fi yapmaktad\u0131r. Ayr\u0131ca Yeniy\u00fczy\u0131l \u00dcniversitesi Gaziosmanpa\u015fa Hastanesi\u2019nin Kad\u0131n Do\u011fum ve Jinekoloji b\u00f6l\u00fcm\u00fcnde ileri laparoskopik cerrahi, kanser cerrahisi ve t\u00fcp bebek (IVF) alanlar\u0131nda da \u00e7al\u0131\u015fmaktad\u0131r. Gelecek vizyonunu \u015f\u00f6yle tan\u0131mlamaktad\u0131r: Laparoskopi ve onkolojik cerrahi alanlar\u0131ndaki kalite standartlar\u0131n\u0131 y\u00fckseltmek ve t\u00fcp bebek (IVF) alan\u0131nda en y\u00fcksek hizmet standard\u0131n\u0131 sunmak. Detayl\u0131 \u00f6zge\u00e7mi\u015fine buradan ula\u015fabilirsiniz.<\/p>\n","protected":false},"author":4,"featured_media":0,"parent":5059,"menu_order":0,"comment_status":"closed","ping_status":"closed","template":"","meta":{"_joinchat":[],"footnotes":""},"class_list":["post-5086","page","type-page","status-publish","hentry"],"acf":[],"_links":{"self":[{"href":"https:\/\/medicaltravel.at\/tr\/wp-json\/wp\/v2\/pages\/5086","targetHints":{"allow":["GET"]}}],"collection":[{"href":"https:\/\/medicaltravel.at\/tr\/wp-json\/wp\/v2\/pages"}],"about":[{"href":"https:\/\/medicaltravel.at\/tr\/wp-json\/wp\/v2\/types\/page"}],"author":[{"embeddable":true,"href":"https:\/\/medicaltravel.at\/tr\/wp-json\/wp\/v2\/users\/4"}],"replies":[{"embeddable":true,"href":"https:\/\/medicaltravel.at\/tr\/wp-json\/wp\/v2\/comments?post=5086"}],"version-history":[{"count":5,"href":"https:\/\/medicaltravel.at\/tr\/wp-json\/wp\/v2\/pages\/5086\/revisions"}],"predecessor-version":[{"id":5093,"href":"https:\/\/medicaltravel.at\/tr\/wp-json\/wp\/v2\/pages\/5086\/revisions\/5093"}],"up":[{"embeddable":true,"href":"https:\/\/medicaltravel.at\/tr\/wp-json\/wp\/v2\/pages\/5059"}],"wp:attachment":[{"href":"https:\/\/medicaltravel.at\/tr\/wp-json\/wp\/v2\/media?parent=5086"}],"curies":[{"name":"wp","href":"https:\/\/api.w.org\/{rel}","templated":true}]}}