{"id":5078,"date":"2025-09-27T20:40:46","date_gmt":"2025-09-27T19:40:46","guid":{"rendered":"https:\/\/medicaltravel.at\/tuep-bebek\/hastaneler\/istanbulda-cocuk-sahibi-olma-klinigi\/"},"modified":"2026-01-03T02:57:06","modified_gmt":"2026-01-03T01:57:06","slug":"istanbulda-cocuk-sahibi-olma-klinigi","status":"publish","type":"page","link":"https:\/\/medicaltravel.at\/tr\/tuep-bebek\/hastaneler\/istanbulda-cocuk-sahibi-olma-klinigi\/","title":{"rendered":"\u0130stanbul\u2019da \u00c7ocuk Sahibi Olma Klini\u011fi"},"content":{"rendered":"\t\t<div data-elementor-type=\"wp-page\" data-elementor-id=\"5078\" class=\"elementor elementor-5078 elementor-956\" data-elementor-post-type=\"page\">\n\t\t\t\t<div class=\"elementor-element elementor-element-62b34bc5 e-flex e-con-boxed wpr-particle-no wpr-jarallax-no wpr-parallax-no wpr-sticky-section-no e-con e-parent\" data-id=\"62b34bc5\" data-element_type=\"container\" data-e-type=\"container\">\n\t\t\t\t\t<div class=\"e-con-inner\">\n\t\t<div class=\"elementor-element elementor-element-50eaf88 e-con-full e-flex wpr-particle-no wpr-jarallax-no wpr-parallax-no wpr-sticky-section-no e-con e-child\" data-id=\"50eaf88\" data-element_type=\"container\" data-e-type=\"container\">\n\t\t\t\t<div class=\"elementor-element elementor-element-f85e634 elementor-widget elementor-widget-button\" data-id=\"f85e634\" data-element_type=\"widget\" data-e-type=\"widget\" data-widget_type=\"button.default\">\n\t\t\t\t\t\t\t\t\t\t<a class=\"elementor-button elementor-button-link elementor-size-sm\" href=\"https:\/\/medicaltravel.at\/kinderwunsch\/die-spitaeler\/prof-dr-guerkan-arikan\/\">\n\t\t\t\t\t\t<span class=\"elementor-button-content-wrapper\">\n\t\t\t\t\t\t\t\t\t<span class=\"elementor-button-text\">Prof. Dr. G\u00fcrkan Ar\u0131kan<\/span>\n\t\t\t\t\t<\/span>\n\t\t\t\t\t<\/a>\n\t\t\t\t\t\t\t\t<\/div>\n\t\t\t\t<div class=\"elementor-element elementor-element-76ea0fb elementor-widget elementor-widget-button\" data-id=\"76ea0fb\" data-element_type=\"widget\" data-e-type=\"widget\" data-widget_type=\"button.default\">\n\t\t\t\t\t\t\t\t\t\t<a class=\"elementor-button elementor-button-link elementor-size-sm\" href=\"https:\/\/medicaltravel.at\/tr\/tuep-bebek\/hastaneler\/istanbulda-cocuk-sahibi-olma-klinigi\/\">\n\t\t\t\t\t\t<span class=\"elementor-button-content-wrapper\">\n\t\t\t\t\t\t\t\t\t<span class=\"elementor-button-text\">\u00c7ocuk sahibi olma tedavisi \u0130stanbul<\/span>\n\t\t\t\t\t<\/span>\n\t\t\t\t\t<\/a>\n\t\t\t\t\t\t\t\t<\/div>\n\t\t\t\t<div class=\"elementor-element elementor-element-3986fd6 elementor-widget elementor-widget-button\" data-id=\"3986fd6\" data-element_type=\"widget\" data-e-type=\"widget\" data-widget_type=\"button.default\">\n\t\t\t\t\t\t\t\t\t\t<a class=\"elementor-button elementor-button-link elementor-size-sm\" href=\"https:\/\/medicaltravel.at\/tr\/tuep-bebek\/hastaneler\/cocuk-sahibi-olma-ivf-yapay-doellenme-antalya\/\">\n\t\t\t\t\t\t<span class=\"elementor-button-content-wrapper\">\n\t\t\t\t\t\t\t\t\t<span class=\"elementor-button-text\">\u00c7ocuk Sahibi Olma Tedavisi Antalya<\/span>\n\t\t\t\t\t<\/span>\n\t\t\t\t\t<\/a>\n\t\t\t\t\t\t\t\t<\/div>\n\t\t\t\t<\/div>\n\t\t\t\t<div class=\"elementor-element elementor-element-53762cd elementor-widget elementor-widget-text-editor\" data-id=\"53762cd\" data-element_type=\"widget\" data-e-type=\"widget\" data-widget_type=\"text-editor.default\">\n\t\t\t\t\t\t\t\t\t\n<h2 class=\"wp-block-heading\">Kinderwunschklinik in Istanbul<\/h2>\n\n<p>Ac\u0131badem Hastanesi, \u0130stanbul\u2019da en yeni cihazlar ve teknolojilere sahiptir. \u0130stanbul\u2019un en sayg\u0131n \u00f6zel hastanelerinden biridir ve T\u00fcrkiye\u2019nin ilk 100 \u015firketi aras\u0131nda yer al\u0131r. Hisse senedi \u015firketi olan Ac\u0131badem Sa\u011fl\u0131k Grubu her y\u0131l b\u00fcy\u00fcy\u00fcp geli\u015fmektedir. AB hijyen standartlar\u0131 \u00e7ok daha ileri d\u00fczeyde uygulanmaktad\u0131r. Ayr\u0131ca burada \u00e7ok iyi uzman doktorlar ve cerrahlar taraf\u0131ndan tedavi edilirsiniz.    <\/p>\n\n<figure class=\"wp-block-image size-full\"><img fetchpriority=\"high\" decoding=\"async\" width=\"300\" height=\"200\" class=\"wp-image-1773\" src=\"https:\/\/medicaltravel.at\/wp-content\/uploads\/2025\/09\/Das-moderne-Spital-Acibadem-300x200-1.jpg\" alt=\"\"><\/figure>\n\n<p id=\"caption-attachment-272\">Modern Ac\u0131badem Hastanesi<\/p>\n\n<p>Hastanede 24 farkl\u0131 t\u0131bbi merkez bulunmakta olup, \u00e7o\u011fu \u0130stanbul\u2019dad\u0131r. \u0130stanbul ve T\u00fcrkiye\u2019de sa\u011fl\u0131k sekt\u00f6r\u00fcnde, y\u00fcksek sosyetenin de s\u0131k\u00e7a tercih etti\u011fi ilk adrestir\u2026 T\u00fcrkiye Futbol Milli Tak\u0131m\u0131 ve Fenerbah\u00e7e, Galatasaray veya Be\u015fikta\u015f gibi \u00f6nde gelen kul\u00fcpler Ac\u0131badem taraf\u0131ndan t\u0131bbi olarak desteklenmektedir. <\/p>\n\n<figure class=\"wp-block-image size-full\"><img decoding=\"async\" width=\"300\" height=\"200\" class=\"wp-image-1774\" src=\"https:\/\/medicaltravel.at\/wp-content\/uploads\/2025\/09\/Das-Luxuspital-Acibadem-300x200-1.jpg\" alt=\"\"><\/figure>\n\n<p id=\"caption-attachment-279\">L\u00fcks Ac\u0131badem Hastanesi<\/p>\n\n<figure class=\"wp-block-image size-full\"><img decoding=\"async\" width=\"80\" height=\"80\" class=\"wp-image-1777\" src=\"https:\/\/medicaltravel.at\/wp-content\/uploads\/2025\/09\/RTEmagicC_jc_goldseal-1040x1040_converted__1__70-2.jpg-2.jpg\" alt=\"\"><\/figure>\n\n<p>Ac\u0131badem Hastanesi, ABD JCI (<a href=\"http:\/\/www.jointcommissioninternational.org\/\" target=\"_blank\" rel=\"noopener\">Joint Commission International<\/a>) sertifikas\u0131na sahiptir. Ac\u0131badem\u2019de, t\u00fcm uzmanl\u0131k alanlar\u0131nda, \u00e7ocuk sahibi olma tedavisi de dahil olmak \u00fczere \u00e7ok iyi e\u011fitimli 1.600 doktor bulunmakta ve bu doktorlar bilimsel ve teknolojik geli\u015fmeleri s\u00fcrekli olarak geli\u015ftirmektedir.<\/p>\n\n<figure class=\"wp-block-image size-full\"><img loading=\"lazy\" decoding=\"async\" width=\"300\" height=\"200\" class=\"wp-image-1776\" src=\"https:\/\/medicaltravel.at\/wp-content\/uploads\/2025\/09\/Das-A-classe-Spital-Acibadem-300x200-1.jpg\" alt=\"\"><\/figure>\n\n<p id=\"caption-attachment-275\">A+ s\u0131n\u0131f\u0131 Ac\u0131badem Hastanesi<\/p>\n\n<p><strong>\u0130stanbul\u2019daki operasyonunuz i\u00e7in neden Ac\u0131badem Hastanesi?<\/strong><\/p>\n\n<p>Hastane:<\/p>\n\n<ul class=\"wp-block-list\">\n<li><strong>Joint Commission International (JCI) <\/strong>taraf\u0131ndan onayl\u0131d\u0131r<\/li>\n\n<li><strong>European Foundation for Quality Management (EFQM)<\/strong> \u00fcyesidir<\/li>\n\n<li>T\u00fcrk Milli Futbol Tak\u0131m\u0131\u2019n\u0131n t\u0131bbi sponsoru konumundad\u0131r<\/li>\n\n<li>10.500 \u00e7al\u0131\u015fan\u0131 vard\u0131r, bunlar\u0131n aras\u0131nda 1.600 doktor bulunur<\/li>\n\n<li>T\u00fcrkiye\u2019de 24\u2019ten fazla farkl\u0131 t\u0131bbi merkezi bulunmaktad\u0131r<\/li>\n\n<li>geh\u00f6rt zu Top 100 Unternehmen des Landes<\/li>\n\n<li>Her t\u00fcrl\u00fc t\u0131bbi tedaviyi sunar ve \u00f6zellikle estetik cerrahi, <strong>yapay d\u00f6llenme<\/strong>, g\u00f6z lazer tedavileri ile kendi sa\u00e7\u0131yla yap\u0131lan sa\u00e7 ekimi hizmetleri ile tan\u0131n\u0131r.<\/li>\n\n<li>Betreuung in zahlreichen <strong>Sprachen<\/strong>, unter anderem in <strong>Deutsch<\/strong>.<\/li>\n<\/ul>\n\n<p>Hastanenin geni\u015f hizmet yelpazesi, hastalara \u00e7e\u015fitli tedavi se\u00e7enekleri sunar. Sunulan operasyonlardaki b\u00fcy\u00fck deneyimiyle hastane, y\u00fcksek standartlarda ve kaliteli hizmetlerle sizlere hizmet vermektedir. <\/p>\n\n<p>MedicalTravel\u2019in Genel M\u00fcd\u00fcr\u00fc Say\u0131n Karaa\u011fa\u00e7l\u0131\u2019n\u0131n kuzeni de bu hastanede yapay d\u00f6llenme ile sa\u011fl\u0131kl\u0131 bir erkek \u00e7ocu\u011fu d\u00fcnyaya getirdi.<\/p>\n\n<p><strong>Tedavi s\u00fcreciniz boyunca psikolojik destek<\/strong><br>Bu t\u00fcr tedavilerin, en ileri y\u00f6ntemler uygulanmas\u0131na ra\u011fmen her zaman ba\u015far\u0131yla sonu\u00e7lanamayabilece\u011fi bilinmektedir. \u00c7ocuk sahibi olma konusunda duygular s\u0131kl\u0131kla yo\u011funla\u015f\u0131r. Ac\u0131badem Hastanesi, her zaman kendinizi iyi hissetmenizi ister ve bu alanda \u00f6zel olarak e\u011fitim alm\u0131\u015f uzmanlar arac\u0131l\u0131\u011f\u0131yla size her zaman psikolojik destek sa\u011flamaktan memnuniyet duyar.  <\/p>\n\n<p>Hastanenin sorumlu ba\u015fhekimi Prof. Dr. Tansu K\u00fc\u00e7\u00fck\u2019t\u00fcr.<\/p>\n\n<figure class=\"wp-block-image size-full\"><img loading=\"lazy\" decoding=\"async\" width=\"200\" height=\"235\" class=\"wp-image-1778\" src=\"https:\/\/medicaltravel.at\/wp-content\/uploads\/2025\/09\/Prof.-Dr.-Tansu-Kucuk.jpg\" alt=\"\"><\/figure>\n\n<p>Ac\u0131badem Hastanesi\u2019nde y\u0131lda yakla\u015f\u0131k 2.500 IVF tedavisi ger\u00e7ekle\u015ftirilir. Hastanenin ba\u015far\u0131 oranlar\u0131 \u015funlard\u0131r: <\/p>\n\n<p>Bei Frauen unter dem Alter 37: %69<br>Bei Frauen zwischen 38 bis 41 Jahre alt: %36<br>Bei Frauen \u00fcber den Alter 42: %18<\/p>\n\t\t\t\t\t\t\t\t<\/div>\n\t\t\t\t\t<\/div>\n\t\t\t\t<\/div>\n\t\t\t\t<\/div>\n\t\t","protected":false},"excerpt":{"rendered":"<p>Prof. Dr. G\u00fcrkan Ar\u0131kan \u00c7ocuk sahibi olma tedavisi \u0130stanbul \u00c7ocuk Sahibi Olma Tedavisi Antalya Kinderwunschklinik in Istanbul Ac\u0131badem Hastanesi, \u0130stanbul\u2019da en yeni cihazlar ve teknolojilere sahiptir. \u0130stanbul\u2019un en sayg\u0131n \u00f6zel hastanelerinden biridir ve T\u00fcrkiye\u2019nin ilk 100 \u015firketi aras\u0131nda yer al\u0131r. Hisse senedi \u015firketi olan Ac\u0131badem Sa\u011fl\u0131k Grubu her y\u0131l b\u00fcy\u00fcy\u00fcp geli\u015fmektedir. AB hijyen standartlar\u0131 \u00e7ok daha ileri d\u00fczeyde uygulanmaktad\u0131r. Ayr\u0131ca burada \u00e7ok iyi uzman doktorlar ve cerrahlar taraf\u0131ndan tedavi edilirsiniz. Modern Ac\u0131badem Hastanesi Hastanede 24 farkl\u0131 t\u0131bbi merkez bulunmakta olup, \u00e7o\u011fu \u0130stanbul\u2019dad\u0131r. \u0130stanbul ve T\u00fcrkiye\u2019de sa\u011fl\u0131k sekt\u00f6r\u00fcnde, y\u00fcksek sosyetenin de s\u0131k\u00e7a tercih etti\u011fi ilk adrestir\u2026 T\u00fcrkiye Futbol Milli Tak\u0131m\u0131 ve Fenerbah\u00e7e, Galatasaray veya Be\u015fikta\u015f gibi \u00f6nde gelen kul\u00fcpler Ac\u0131badem taraf\u0131ndan t\u0131bbi olarak desteklenmektedir. L\u00fcks Ac\u0131badem Hastanesi Ac\u0131badem Hastanesi, ABD JCI (Joint Commission International) sertifikas\u0131na sahiptir. Ac\u0131badem\u2019de, t\u00fcm uzmanl\u0131k alanlar\u0131nda, \u00e7ocuk sahibi olma tedavisi de dahil olmak \u00fczere \u00e7ok iyi e\u011fitimli 1.600 doktor bulunmakta ve bu doktorlar bilimsel ve teknolojik geli\u015fmeleri s\u00fcrekli olarak geli\u015ftirmektedir. A+ s\u0131n\u0131f\u0131 Ac\u0131badem Hastanesi \u0130stanbul\u2019daki operasyonunuz i\u00e7in neden Ac\u0131badem Hastanesi? Hastane: Joint Commission International (JCI) taraf\u0131ndan onayl\u0131d\u0131r European Foundation for Quality Management (EFQM) \u00fcyesidir T\u00fcrk Milli Futbol Tak\u0131m\u0131\u2019n\u0131n t\u0131bbi sponsoru konumundad\u0131r 10.500 \u00e7al\u0131\u015fan\u0131 vard\u0131r, bunlar\u0131n aras\u0131nda 1.600 doktor bulunur T\u00fcrkiye\u2019de 24\u2019ten fazla farkl\u0131 t\u0131bbi merkezi bulunmaktad\u0131r geh\u00f6rt zu Top 100 Unternehmen des Landes Her t\u00fcrl\u00fc t\u0131bbi tedaviyi sunar ve \u00f6zellikle estetik cerrahi, yapay d\u00f6llenme, g\u00f6z lazer tedavileri ile kendi sa\u00e7\u0131yla yap\u0131lan sa\u00e7 ekimi hizmetleri ile tan\u0131n\u0131r. Betreuung in zahlreichen Sprachen, unter anderem in Deutsch. Hastanenin geni\u015f hizmet yelpazesi, hastalara \u00e7e\u015fitli tedavi se\u00e7enekleri sunar. Sunulan operasyonlardaki b\u00fcy\u00fck deneyimiyle hastane, y\u00fcksek standartlarda ve kaliteli hizmetlerle sizlere hizmet vermektedir. MedicalTravel\u2019in Genel M\u00fcd\u00fcr\u00fc Say\u0131n Karaa\u011fa\u00e7l\u0131\u2019n\u0131n kuzeni de bu hastanede yapay d\u00f6llenme ile sa\u011fl\u0131kl\u0131 bir erkek \u00e7ocu\u011fu d\u00fcnyaya getirdi. Tedavi s\u00fcreciniz boyunca psikolojik destekBu t\u00fcr tedavilerin, en ileri y\u00f6ntemler uygulanmas\u0131na ra\u011fmen her zaman ba\u015far\u0131yla sonu\u00e7lanamayabilece\u011fi bilinmektedir. \u00c7ocuk sahibi olma konusunda duygular s\u0131kl\u0131kla yo\u011funla\u015f\u0131r. Ac\u0131badem Hastanesi, her zaman kendinizi iyi hissetmenizi ister ve bu alanda \u00f6zel olarak e\u011fitim alm\u0131\u015f uzmanlar arac\u0131l\u0131\u011f\u0131yla size her zaman psikolojik destek sa\u011flamaktan memnuniyet duyar. Hastanenin sorumlu ba\u015fhekimi Prof. Dr. Tansu K\u00fc\u00e7\u00fck\u2019t\u00fcr. Ac\u0131badem Hastanesi\u2019nde y\u0131lda yakla\u015f\u0131k 2.500 IVF tedavisi ger\u00e7ekle\u015ftirilir. Hastanenin ba\u015far\u0131 oranlar\u0131 \u015funlard\u0131r: Bei Frauen unter dem Alter 37: %69Bei Frauen zwischen 38 bis 41 Jahre alt: %36Bei Frauen \u00fcber den Alter 42: %18<\/p>\n","protected":false},"author":4,"featured_media":0,"parent":5059,"menu_order":0,"comment_status":"closed","ping_status":"closed","template":"","meta":{"_joinchat":[],"footnotes":""},"class_list":["post-5078","page","type-page","status-publish","hentry"],"acf":[],"_links":{"self":[{"href":"https:\/\/medicaltravel.at\/tr\/wp-json\/wp\/v2\/pages\/5078","targetHints":{"allow":["GET"]}}],"collection":[{"href":"https:\/\/medicaltravel.at\/tr\/wp-json\/wp\/v2\/pages"}],"about":[{"href":"https:\/\/medicaltravel.at\/tr\/wp-json\/wp\/v2\/types\/page"}],"author":[{"embeddable":true,"href":"https:\/\/medicaltravel.at\/tr\/wp-json\/wp\/v2\/users\/4"}],"replies":[{"embeddable":true,"href":"https:\/\/medicaltravel.at\/tr\/wp-json\/wp\/v2\/comments?post=5078"}],"version-history":[{"count":5,"href":"https:\/\/medicaltravel.at\/tr\/wp-json\/wp\/v2\/pages\/5078\/revisions"}],"predecessor-version":[{"id":5084,"href":"https:\/\/medicaltravel.at\/tr\/wp-json\/wp\/v2\/pages\/5078\/revisions\/5084"}],"up":[{"embeddable":true,"href":"https:\/\/medicaltravel.at\/tr\/wp-json\/wp\/v2\/pages\/5059"}],"wp:attachment":[{"href":"https:\/\/medicaltravel.at\/tr\/wp-json\/wp\/v2\/media?parent=5078"}],"curies":[{"name":"wp","href":"https:\/\/api.w.org\/{rel}","templated":true}]}}