{"id":5062,"date":"2025-09-27T20:42:10","date_gmt":"2025-09-27T19:42:10","guid":{"rendered":"https:\/\/medicaltravel.at\/tuep-bebek\/hastaneler\/cocuk-sahibi-olma-ivf-yapay-doellenme-antalya\/"},"modified":"2026-01-03T02:34:22","modified_gmt":"2026-01-03T01:34:22","slug":"cocuk-sahibi-olma-ivf-yapay-doellenme-antalya","status":"publish","type":"page","link":"https:\/\/medicaltravel.at\/tr\/tuep-bebek\/hastaneler\/cocuk-sahibi-olma-ivf-yapay-doellenme-antalya\/","title":{"rendered":"\u00c7ocuk sahibi olma IVF Yapay d\u00f6llenme Antalya"},"content":{"rendered":"\t\t<div data-elementor-type=\"wp-page\" data-elementor-id=\"5062\" class=\"elementor elementor-5062 elementor-958\" data-elementor-post-type=\"page\">\n\t\t\t\t<div class=\"elementor-element elementor-element-31f0673 e-flex e-con-boxed wpr-particle-no wpr-jarallax-no wpr-parallax-no wpr-sticky-section-no e-con e-parent\" data-id=\"31f0673\" data-element_type=\"container\" data-e-type=\"container\">\n\t\t\t\t\t<div class=\"e-con-inner\">\n\t\t<div class=\"elementor-element elementor-element-7a5dda1 e-con-full e-flex wpr-particle-no wpr-jarallax-no wpr-parallax-no wpr-sticky-section-no e-con e-child\" data-id=\"7a5dda1\" data-element_type=\"container\" data-e-type=\"container\">\n\t\t\t\t<div class=\"elementor-element elementor-element-e299976 elementor-widget elementor-widget-button\" data-id=\"e299976\" data-element_type=\"widget\" data-e-type=\"widget\" data-widget_type=\"button.default\">\n\t\t\t\t\t\t\t\t\t\t<a class=\"elementor-button elementor-button-link elementor-size-sm\" href=\"https:\/\/medicaltravel.at\/kinderwunsch\/die-spitaeler\/prof-dr-guerkan-arikan\/\">\n\t\t\t\t\t\t<span class=\"elementor-button-content-wrapper\">\n\t\t\t\t\t\t\t\t\t<span class=\"elementor-button-text\">Prof. Dr. G\u00fcrkan Ar\u0131kan<\/span>\n\t\t\t\t\t<\/span>\n\t\t\t\t\t<\/a>\n\t\t\t\t\t\t\t\t<\/div>\n\t\t\t\t<div class=\"elementor-element elementor-element-93d66c1 elementor-widget elementor-widget-button\" data-id=\"93d66c1\" data-element_type=\"widget\" data-e-type=\"widget\" data-widget_type=\"button.default\">\n\t\t\t\t\t\t\t\t\t\t<a class=\"elementor-button elementor-button-link elementor-size-sm\" href=\"https:\/\/medicaltravel.at\/kinderwunsch\/die-spitaeler\/kinderwunsch-in-istanbul\/\">\n\t\t\t\t\t\t<span class=\"elementor-button-content-wrapper\">\n\t\t\t\t\t\t\t\t\t<span class=\"elementor-button-text\">\u00c7ocuk sahibi olma tedavisi \u0130stanbul<\/span>\n\t\t\t\t\t<\/span>\n\t\t\t\t\t<\/a>\n\t\t\t\t\t\t\t\t<\/div>\n\t\t\t\t<div class=\"elementor-element elementor-element-5c2a885 elementor-widget elementor-widget-button\" data-id=\"5c2a885\" data-element_type=\"widget\" data-e-type=\"widget\" data-widget_type=\"button.default\">\n\t\t\t\t\t\t\t\t\t\t<a class=\"elementor-button elementor-button-link elementor-size-sm\" href=\"https:\/\/medicaltravel.at\/tr\/tuep-bebek\/hastaneler\/cocuk-sahibi-olma-ivf-yapay-doellenme-antalya\/\">\n\t\t\t\t\t\t<span class=\"elementor-button-content-wrapper\">\n\t\t\t\t\t\t\t\t\t<span class=\"elementor-button-text\">\u00c7ocuk Sahibi Olma Tedavisi Antalya<\/span>\n\t\t\t\t\t<\/span>\n\t\t\t\t\t<\/a>\n\t\t\t\t\t\t\t\t<\/div>\n\t\t\t\t<\/div>\n\t\t\t\t<div class=\"elementor-element elementor-element-109c256c elementor-widget elementor-widget-text-editor\" data-id=\"109c256c\" data-element_type=\"widget\" data-e-type=\"widget\" data-widget_type=\"text-editor.default\">\n\t\t\t\t\t\t\t\t\t\n<h2 class=\"wp-block-heading\">Memorial Hastanesi Antalya\u2019da IVF (T\u00fcp Bebek) Tedavileri<\/h2>\n\n<p><a href=\"https:\/\/en.wikipedia.org\/wiki\/Memorial_Health_Group\" target=\"_blank\" rel=\"noopener\">Memorial Hastanesi<\/a>, Antalya\u2019da en yeni cihazlar ve teknolojilere sahiptir. T\u00fcrkiye\u2019nin en sayg\u0131n \u00f6zel hastanelerinden biridir. Memorial hastaneler grubu her y\u0131l b\u00fcy\u00fcy\u00fcp geli\u015fmektedir. AB hijyen <strong>standartlar\u0131 \u00e7ok daha ileri d\u00fczeyde uygulanmaktad\u0131r.<\/strong> Ayr\u0131ca burada <strong>\u00e7ok deneyimli uzman doktorlar ve cerrahlar<\/strong> taraf\u0131ndan tedavi edilirsiniz.   <\/p>\n\n<p>Antalya\u2019da sa\u011fl\u0131k sekt\u00f6r\u00fcnde, b\u00f6lgedeki y\u00fcksek sosyetenin de s\u0131k\u00e7a tercih etti\u011fi ilk adresdir.<\/p>\n\n<p>Memorial, uluslararas\u0131 e\u011fitimli doktorlara sahiptir; bu doktorlar estetik cerrahi de dahil t\u00fcm uzmanl\u0131k alanlar\u0131nda deneyimlidir ve bilimsel ile teknolojik geli\u015fmeleri s\u00fcrekli olarak geli\u015ftirmektedir.<\/p>\n\n<p><strong>Antalya\u2019da \u00e7ocuk sahibi olma tedaviniz i\u00e7in neden Memorial Hastanesi?<\/strong><\/p>\n\n<figure class=\"wp-block-image size-full\"><img decoding=\"async\" width=\"200\" height=\"134\" class=\"wp-image-1780\" src=\"https:\/\/medicaltravel.at\/wp-content\/uploads\/2025\/09\/Das-moderne-Spital-Memorial.jpg\" alt=\"\"><\/figure>\n\n<p id=\"caption-attachment-690\">Modern Memorial Hastanesi<\/p>\n\n<figure class=\"wp-block-image size-full\"><img fetchpriority=\"high\" decoding=\"async\" width=\"300\" height=\"200\" class=\"wp-image-1781\" src=\"https:\/\/medicaltravel.at\/wp-content\/uploads\/2025\/09\/Ihre-IVF-behandlung-im-Memorial-Antalya-300x200-1.jpg\" alt=\"\"><\/figure>\n\n<p><strong>Antalya\u2019da \u00e7ocuk sahibi olma tedaviniz i\u00e7in neden Memorial Hastanesi?<\/strong><br>Hastane:<\/p>\n\n<ul class=\"wp-block-list\">\n<li>Joint Commission International (JCI) taraf\u0131ndan sertifikal\u0131d\u0131r<\/li>\n\n<li>American Hospital Association (AHA) \u00fcyesidir<\/li>\n\n<li>\u00dclkenin ilk kol naklini ba\u015far\u0131yla ger\u00e7ekle\u015ftiren estetik cerrah\u0131 istihdam etmektedir<\/li>\n\n<li>T\u00fcrkiye\u2019de birka\u00e7 t\u0131bbi merkezde bulunmaktad\u0131r<\/li>\n\n<li>Haftan\u0131n 7 g\u00fcn\u00fc, 24 saat hizmet sunmaktad\u0131r<\/li>\n\n<li>\u00c7ocuk sahibi olma tedavileri, estetik i\u015flemler ve kendi sa\u00e7\u0131yla yap\u0131lan sa\u00e7 ekimi hizmetleri ile \u00f6zellikle tan\u0131nmaktad\u0131r<\/li>\n\n<li>Almanca, Frans\u0131zca, \u0130ngilizce ve di\u011fer bir\u00e7ok dilde destek hizmeti.<\/li>\n<\/ul>\n\n<p>Hastanenin geni\u015f hizmet yelpazesi, hastalara \u00e7e\u015fitli tedavi se\u00e7enekleri sunar. Sunulan operasyonlarda edindi\u011fi b\u00fcy\u00fck tecr\u00fcbeyle hastane, y\u00fcksek standartlarda ve en kaliteli hizmetlerle sizlere hizmet vermektedir. <\/p>\n\n<p>\u00c7ocuk sahibi olma konusunda her \u015feyin do\u011fru olmas\u0131 gerekir. \u0130yi ve kal\u0131c\u0131 sonu\u00e7lar i\u00e7in doktorlar \u00e7ok \u00f6nemlidir. \u00c7ocuk sahibi olma tedavileri yaln\u0131zca \u00e7ok deneyimli doktorlar taraf\u0131ndan yap\u0131l\u0131r.  <\/p>\n\t\t\t\t\t\t\t\t<\/div>\n\t\t\t\t\t<\/div>\n\t\t\t\t<\/div>\n\t\t\t\t<\/div>\n\t\t","protected":false},"excerpt":{"rendered":"<p>Prof. Dr. G\u00fcrkan Ar\u0131kan \u00c7ocuk sahibi olma tedavisi \u0130stanbul \u00c7ocuk Sahibi Olma Tedavisi Antalya Memorial Hastanesi Antalya\u2019da IVF (T\u00fcp Bebek) Tedavileri Memorial Hastanesi, Antalya\u2019da en yeni cihazlar ve teknolojilere sahiptir. T\u00fcrkiye\u2019nin en sayg\u0131n \u00f6zel hastanelerinden biridir. Memorial hastaneler grubu her y\u0131l b\u00fcy\u00fcy\u00fcp geli\u015fmektedir. AB hijyen standartlar\u0131 \u00e7ok daha ileri d\u00fczeyde uygulanmaktad\u0131r. Ayr\u0131ca burada \u00e7ok deneyimli uzman doktorlar ve cerrahlar taraf\u0131ndan tedavi edilirsiniz. Antalya\u2019da sa\u011fl\u0131k sekt\u00f6r\u00fcnde, b\u00f6lgedeki y\u00fcksek sosyetenin de s\u0131k\u00e7a tercih etti\u011fi ilk adresdir. Memorial, uluslararas\u0131 e\u011fitimli doktorlara sahiptir; bu doktorlar estetik cerrahi de dahil t\u00fcm uzmanl\u0131k alanlar\u0131nda deneyimlidir ve bilimsel ile teknolojik geli\u015fmeleri s\u00fcrekli olarak geli\u015ftirmektedir. Antalya\u2019da \u00e7ocuk sahibi olma tedaviniz i\u00e7in neden Memorial Hastanesi? Modern Memorial Hastanesi Antalya\u2019da \u00e7ocuk sahibi olma tedaviniz i\u00e7in neden Memorial Hastanesi?Hastane: Joint Commission International (JCI) taraf\u0131ndan sertifikal\u0131d\u0131r American Hospital Association (AHA) \u00fcyesidir \u00dclkenin ilk kol naklini ba\u015far\u0131yla ger\u00e7ekle\u015ftiren estetik cerrah\u0131 istihdam etmektedir T\u00fcrkiye\u2019de birka\u00e7 t\u0131bbi merkezde bulunmaktad\u0131r Haftan\u0131n 7 g\u00fcn\u00fc, 24 saat hizmet sunmaktad\u0131r \u00c7ocuk sahibi olma tedavileri, estetik i\u015flemler ve kendi sa\u00e7\u0131yla yap\u0131lan sa\u00e7 ekimi hizmetleri ile \u00f6zellikle tan\u0131nmaktad\u0131r Almanca, Frans\u0131zca, \u0130ngilizce ve di\u011fer bir\u00e7ok dilde destek hizmeti. Hastanenin geni\u015f hizmet yelpazesi, hastalara \u00e7e\u015fitli tedavi se\u00e7enekleri sunar. Sunulan operasyonlarda edindi\u011fi b\u00fcy\u00fck tecr\u00fcbeyle hastane, y\u00fcksek standartlarda ve en kaliteli hizmetlerle sizlere hizmet vermektedir. \u00c7ocuk sahibi olma konusunda her \u015feyin do\u011fru olmas\u0131 gerekir. \u0130yi ve kal\u0131c\u0131 sonu\u00e7lar i\u00e7in doktorlar \u00e7ok \u00f6nemlidir. \u00c7ocuk sahibi olma tedavileri yaln\u0131zca \u00e7ok deneyimli doktorlar taraf\u0131ndan yap\u0131l\u0131r.<\/p>\n","protected":false},"author":4,"featured_media":0,"parent":5059,"menu_order":0,"comment_status":"closed","ping_status":"closed","template":"","meta":{"_joinchat":[],"footnotes":""},"class_list":["post-5062","page","type-page","status-publish","hentry"],"acf":[],"_links":{"self":[{"href":"https:\/\/medicaltravel.at\/tr\/wp-json\/wp\/v2\/pages\/5062","targetHints":{"allow":["GET"]}}],"collection":[{"href":"https:\/\/medicaltravel.at\/tr\/wp-json\/wp\/v2\/pages"}],"about":[{"href":"https:\/\/medicaltravel.at\/tr\/wp-json\/wp\/v2\/types\/page"}],"author":[{"embeddable":true,"href":"https:\/\/medicaltravel.at\/tr\/wp-json\/wp\/v2\/users\/4"}],"replies":[{"embeddable":true,"href":"https:\/\/medicaltravel.at\/tr\/wp-json\/wp\/v2\/comments?post=5062"}],"version-history":[{"count":9,"href":"https:\/\/medicaltravel.at\/tr\/wp-json\/wp\/v2\/pages\/5062\/revisions"}],"predecessor-version":[{"id":5072,"href":"https:\/\/medicaltravel.at\/tr\/wp-json\/wp\/v2\/pages\/5062\/revisions\/5072"}],"up":[{"embeddable":true,"href":"https:\/\/medicaltravel.at\/tr\/wp-json\/wp\/v2\/pages\/5059"}],"wp:attachment":[{"href":"https:\/\/medicaltravel.at\/tr\/wp-json\/wp\/v2\/media?parent=5062"}],"curies":[{"name":"wp","href":"https:\/\/api.w.org\/{rel}","templated":true}]}}