{"id":5056,"date":"2025-09-27T20:44:09","date_gmt":"2025-09-27T19:44:09","guid":{"rendered":"https:\/\/medicaltravel.at\/tuep-bebek\/tuerkiye-istanbul-ve-antalya-icin-cocuk-sahibi-olma-tuep-bebek-teklifleri\/"},"modified":"2026-01-03T02:22:01","modified_gmt":"2026-01-03T01:22:01","slug":"tuerkiye-istanbul-ve-antalya-icin-cocuk-sahibi-olma-tuep-bebek-teklifleri","status":"publish","type":"page","link":"https:\/\/medicaltravel.at\/tr\/tuep-bebek\/tuerkiye-istanbul-ve-antalya-icin-cocuk-sahibi-olma-tuep-bebek-teklifleri\/","title":{"rendered":"T\u00fcrkiye \u0130stanbul ve Antalya i\u00e7in \u00e7ocuk sahibi olma (t\u00fcp bebek) teklifleri"},"content":{"rendered":"\t\t<div data-elementor-type=\"wp-page\" data-elementor-id=\"5056\" class=\"elementor elementor-5056 elementor-962\" data-elementor-post-type=\"page\">\n\t\t\t\t<div class=\"elementor-element elementor-element-2d7a85b8 e-flex e-con-boxed wpr-particle-no wpr-jarallax-no wpr-parallax-no wpr-sticky-section-no e-con e-parent\" data-id=\"2d7a85b8\" data-element_type=\"container\" data-e-type=\"container\">\n\t\t\t\t\t<div class=\"e-con-inner\">\n\t\t<div class=\"elementor-element elementor-element-fbb77b5 e-con-full e-flex wpr-particle-no wpr-jarallax-no wpr-parallax-no wpr-sticky-section-no e-con e-child\" data-id=\"fbb77b5\" data-element_type=\"container\" data-e-type=\"container\">\n\t\t\t\t<div class=\"elementor-element elementor-element-185a64b elementor-widget elementor-widget-button\" data-id=\"185a64b\" data-element_type=\"widget\" data-e-type=\"widget\" data-widget_type=\"button.default\">\n\t\t\t\t\t\t\t\t\t\t<a class=\"elementor-button elementor-button-link elementor-size-sm\" href=\"https:\/\/medicaltravel.at\/kinderwunsch\/kinderwunsch-tuerkei\/\">\n\t\t\t\t\t\t<span class=\"elementor-button-content-wrapper\">\n\t\t\t\t\t\t\t\t\t<span class=\"elementor-button-text\">\u00c7ocuk sahibi olma tedavisi T\u00fcrkiye<\/span>\n\t\t\t\t\t<\/span>\n\t\t\t\t\t<\/a>\n\t\t\t\t\t\t\t\t<\/div>\n\t\t\t\t<div class=\"elementor-element elementor-element-4c377d5 elementor-widget elementor-widget-button\" data-id=\"4c377d5\" data-element_type=\"widget\" data-e-type=\"widget\" data-widget_type=\"button.default\">\n\t\t\t\t\t\t\t\t\t\t<a class=\"elementor-button elementor-button-link elementor-size-sm\" href=\"https:\/\/medicaltravel.at\/kinderwunsch\/die-spitaeler\/prof-dr-guerkan-arikan\/\">\n\t\t\t\t\t\t<span class=\"elementor-button-content-wrapper\">\n\t\t\t\t\t\t\t\t\t<span class=\"elementor-button-text\">Hastaneler<\/span>\n\t\t\t\t\t<\/span>\n\t\t\t\t\t<\/a>\n\t\t\t\t\t\t\t\t<\/div>\n\t\t\t\t<div class=\"elementor-element elementor-element-646b126 elementor-widget elementor-widget-button\" data-id=\"646b126\" data-element_type=\"widget\" data-e-type=\"widget\" data-widget_type=\"button.default\">\n\t\t\t\t\t\t\t\t\t\t<a class=\"elementor-button elementor-button-link elementor-size-sm\" href=\"https:\/\/medicaltravel.at\/kinderwunsch\/leistungsspektrum\/\">\n\t\t\t\t\t\t<span class=\"elementor-button-content-wrapper\">\n\t\t\t\t\t\t\t\t\t<span class=\"elementor-button-text\">Hizmet Yelpazesi<\/span>\n\t\t\t\t\t<\/span>\n\t\t\t\t\t<\/a>\n\t\t\t\t\t\t\t\t<\/div>\n\t\t\t\t<div class=\"elementor-element elementor-element-eb76298 elementor-widget elementor-widget-button\" data-id=\"eb76298\" data-element_type=\"widget\" data-e-type=\"widget\" data-widget_type=\"button.default\">\n\t\t\t\t\t\t\t\t\t\t<a class=\"elementor-button elementor-button-link elementor-size-sm\" href=\"https:\/\/medicaltravel.at\/tr\/tuep-bebek\/tuerkiye-istanbul-ve-antalya-icin-cocuk-sahibi-olma-tuep-bebek-teklifleri\/\">\n\t\t\t\t\t\t<span class=\"elementor-button-content-wrapper\">\n\t\t\t\t\t\t\t\t\t<span class=\"elementor-button-text\">F\u0131rsat<\/span>\n\t\t\t\t\t<\/span>\n\t\t\t\t\t<\/a>\n\t\t\t\t\t\t\t\t<\/div>\n\t\t\t\t<div class=\"elementor-element elementor-element-e9e05ec elementor-widget elementor-widget-button\" data-id=\"e9e05ec\" data-element_type=\"widget\" data-e-type=\"widget\" data-widget_type=\"button.default\">\n\t\t\t\t\t\t\t\t\t\t<a class=\"elementor-button elementor-button-link elementor-size-sm\" href=\"https:\/\/medicaltravel.at\/kinderwunsch\/preise-kosten-tuerkei-istanbul\/\">\n\t\t\t\t\t\t<span class=\"elementor-button-content-wrapper\">\n\t\t\t\t\t\t\t\t\t<span class=\"elementor-button-text\">Fiyatlar<\/span>\n\t\t\t\t\t<\/span>\n\t\t\t\t\t<\/a>\n\t\t\t\t\t\t\t\t<\/div>\n\t\t\t\t<\/div>\n\t\t\t\t<div class=\"elementor-element elementor-element-51865c7c elementor-widget elementor-widget-text-editor\" data-id=\"51865c7c\" data-element_type=\"widget\" data-e-type=\"widget\" data-widget_type=\"text-editor.default\">\n\t\t\t\t\t\t\t\t\t<h2 class=\"wp-block-heading\">\u0130stanbul T\u00fcrkiye IVF (T\u00fcp Bebek) Teklifi<\/h2>\n<h2 class=\"wp-block-heading\">Yapay d\u00f6llenme (IVF) teklifi T\u00fcrkiye<\/h2>\n<figure class=\"wp-block-image size-full\"><img fetchpriority=\"high\" decoding=\"async\" width=\"462\" height=\"350\" class=\"wp-image-1786\" src=\"https:\/\/medicaltravel.at\/wp-content\/uploads\/2025\/09\/Erfolgreiche-ICSI-Behandlungen-in-der-Turkei.jpg\" alt=\"\" srcset=\"https:\/\/medicaltravel.at\/wp-content\/uploads\/2025\/09\/Erfolgreiche-ICSI-Behandlungen-in-der-Turkei.jpg 462w, https:\/\/medicaltravel.at\/wp-content\/uploads\/2025\/09\/Erfolgreiche-ICSI-Behandlungen-in-der-Turkei-300x227.jpg 300w\" sizes=\"(max-width: 462px) 100vw, 462px\" \/><\/figure>\n<p id=\"caption-attachment-705\">Ba\u015far\u0131l\u0131 ICSI (mikroenjeksiyon) tedavileri T\u00fcrkiye<\/p>\n<p>Amac\u0131m\u0131z, <strong><a href=\"https:\/\/medicaltravel.at\/warum-tuerkei\/staedte-der-tuerkei\/istanbul-als-stadt\/\" data-type=\"page\" data-id=\"793\">\u0130stanbul<\/a><\/strong> veya <a href=\"https:\/\/medicaltravel.at\/warum-tuerkei\/staedte-der-tuerkei\/antalya-als-stadt\/\" data-type=\"page\" data-id=\"797\">Antalya<\/a> gibi harika \u015fehirlerdeki en iyi hastanelerden birinde, hem t\u0131bbi hem de organizasyon a\u00e7\u0131s\u0131ndan y\u00fcksek kalitede, sizin \u201cbebek sahibi olma\u201d iste\u011finizi ger\u00e7ekle\u015ftirmektir.<\/p>\n<p><strong>Kapsaml\u0131 hizmetlerimizin tad\u0131n\u0131 \u00e7\u0131kar\u0131n<\/strong><\/p>\n<p>T\u00fcrkiye\u2019ye ciddi bir tedavi seyahati iyi bir <strong>organizasyon<\/strong> gerektirir. Bu organizasyonu sizin i\u00e7in memnuniyetle \u00fcstleniyoruz. <\/p>\n<p><strong>\u00dccretsiz, ba\u011flay\u0131c\u0131 olmayan ve size \u00f6zel dan\u0131\u015fmanl\u0131\u011f\u0131m\u0131z\u0131n<\/strong> tad\u0131n\u0131 \u00e7\u0131karabilirsiniz.<br>Dan\u0131\u015fmanl\u0131k dilleri Almanca, \u0130ngilizce ve T\u00fcrk\u00e7e\u2019dir.<\/p>\n<figure class=\"wp-block-image size-full\"><img decoding=\"async\" width=\"200\" height=\"118\" class=\"wp-image-1788\" src=\"https:\/\/medicaltravel.at\/wp-content\/uploads\/2025\/09\/zahnreisen-6.jpg\" alt=\"\"><\/figure>\n<p id=\"caption-attachment-313\">T\u00fcrkiye\u2019ye IVF (t\u00fcp bebek) tedavisi i\u00e7in seyahatler<\/p>\n<ul class=\"wp-block-list\">\n<li>U\u00e7u\u015f<\/li>\n<\/ul>\n<p>Biz \u00f6neriler sunuyoruz, zaman ve \u015fekilde karar siz veriyorsunuz. Rezervasyon sizin ad\u0131n\u0131za yap\u0131l\u0131r.<\/p>\n<figure class=\"wp-block-image size-full\"><img decoding=\"async\" width=\"200\" height=\"83\" class=\"wp-image-1789\" src=\"https:\/\/medicaltravel.at\/wp-content\/uploads\/2025\/09\/zahnbehandlung-im-ausland-6.jpg\" alt=\"\"><\/figure>\n<ul class=\"wp-block-list\">\n<li>Havaalan\u0131-Otel Transferi<\/li>\n<\/ul>\n<p><strong>Transfer hizmetimiz<\/strong> sizi memnuniyetle otele g\u00f6t\u00fcr\u00fcr. Bu transferler genellikle ki\u015fiye \u00f6zel yap\u0131l\u0131r ve saatlerce trafikte bekleyecek servis otob\u00fcs\u00fc ile ger\u00e7ekle\u015ftirilmez. Yolculu\u011funuzun keyfini \u00e7\u0131kar\u0131n.  <\/p>\n<ul class=\"wp-block-list\">\n<li>Otel<\/li>\n<\/ul>\n<p>Sizin i\u00e7in uygun olabilecek se\u00e7enekleri sunar\u0131z, karar\u0131 siz verirsiniz. Oteller hastaneye yak\u0131n konumdad\u0131r ve yaln\u0131zca iyi ve temiz otellerle \u00e7al\u0131\u015f\u0131yoruz.  <\/p>\n<ul class=\"wp-block-list\">\n<li>Almanca Dilinde Destek<\/li>\n<\/ul>\n<p>Doktoru anlaman\u0131z son derece \u00f6nemlidir. Hastanedeki Almanca konu\u015fan personel sorunsuz bir ileti\u015fim garanti eder.  Elbette bu hizmeti di\u011fer yerel diller i\u00e7in de organize etmek m\u00fcmk\u00fcnd\u00fcr. <a href=\"https:\/\/medicaltravel.at\/kinderwunsch\/die-spitaeler\/prof-dr-guerkan-arikan\/\" data-type=\"page\" data-id=\"954\">Hastaneler<\/a> neredeyse t\u00fcm Avrupa dillerinde destek verebilir.<\/p>\n<ul class=\"wp-block-list\">\n<li>\u00d6n Muayeneniz<\/li>\n<\/ul>\n<p>Kaliteli bir tedavi sonucu sa\u011flamak i\u00e7in \u00f6n muayene son derece \u00f6nemlidir. Mevcut sorunlar ve olas\u0131 tedavileri tespit edilir ve sizinle detayl\u0131 bir \u015fekilde konu\u015fulur. Ard\u0131ndan sizin i\u00e7in ki\u015fiye \u00f6zel, \u00f6zenli tedavi kesin olarak planlan\u0131r.  <\/p>\n<ul class=\"wp-block-list\">\n<li>Tedaviniz<\/li>\n<\/ul>\n<p>Bu hastaneleri, yerinde incelemeler yaparak ve \u00e7e\u015fitli fakt\u00f6rleri dikkate alarak titiz bir ara\u015ft\u0131rma sonucunda se\u00e7tik. Hastaneler hakk\u0131nda daha fazla bilgiyi <a href=\"https:\/\/medicaltravel.at\/kinderwunsch\/die-spitaeler\/kinderwunsch-in-istanbul\/\" data-type=\"page\" data-id=\"956\">burada<\/a> bulabilirsiniz. <\/p>\n<ul class=\"wp-block-list\">\n<li>\u015eehir gezileri (iste\u011fe ba\u011fl\u0131)<\/li>\n<\/ul>\n<p>Hizmetimiz sayesinde bir <strong>d\u00fcnya \u015fehrini<\/strong> deneyimlersiniz. Size, <strong>seyahat plan\u0131n\u0131za<\/strong> g\u00f6re neleri gezip g\u00f6rebilece\u011finizi ve neler yapabilece\u011finizi bireysel olarak \u00f6neriyoruz. B\u00f6ylece yeni hayat\u0131n\u0131za g\u00fczel an\u0131larla ba\u015flars\u0131n\u0131z.  <\/p>\n<ul class=\"wp-block-list\">\n<li>Otel-Havaalan\u0131 Transferi<\/li>\n<\/ul>\n<p>Transfer ekibimiz, yolculu\u011funuzun sonuna kadar olumlu bir deneyim olmas\u0131n\u0131 sa\u011flar.<\/p>\n<ul class=\"wp-block-list\">\n<li>Medicaltravelpass<\/li>\n<\/ul>\n<p>Bu, bizim benzersiz ek hizmetimizdir. Pasaport, T\u00fcrkiye\u2019deki konaklaman\u0131z ve operasyonunuzun iyile\u015fme s\u00fcreci ile ilgili t\u00fcm gerekli ki\u015fisel bilgileri i\u00e7erir. Normal bir pasaport boyutundad\u0131r, b\u00f6ylece her zaman elinizde tutabilirsiniz. Seyahatinizden \u00f6nce size \u00f6zel olarak haz\u0131rlan\u0131r.   <\/p>\n<ul class=\"wp-block-list\">\n<li>Fiyatlar\u0131m\u0131zdan Yararlan\u0131n<\/li>\n<\/ul>\n<p>Art\u0131k uygun <a href=\"https:\/\/medicaltravel.at\/kinderwunsch\/preise-kosten-tuerkei-istanbul\/\" data-type=\"page\" data-id=\"964\">fiyatlar<\/a> sayesinde herkesin <strong>IVF \u2013 ICSI tedavisi<\/strong> almas\u0131n\u0131 sa\u011fl\u0131yoruz.<\/p>\n<ul class=\"wp-block-list\">\n<li>Avrupa&#8217;da neden daha pahal\u0131?<\/li>\n<\/ul>\n<p>Orta Avrupa \u00fclkeleri, d\u00fcnyadaki en pahal\u0131 \u00fclkeler aras\u0131ndad\u0131r. Bunun nedeni y\u00fcksek personel \u00fccretleri, bina kiralar\u0131 ve altyap\u0131 maliyetleridir. Ayr\u0131ca y\u00fcksek teknoloji cihazlar da son derece pahal\u0131d\u0131r. Yat\u0131r\u0131m\u0131n kar\u015f\u0131l\u0131\u011f\u0131n\u0131 alabilmek i\u00e7in y\u00fcksek hasta say\u0131s\u0131na ihtiya\u00e7 vard\u0131r.   <\/p>\n<ul class=\"wp-block-list\">\n<li>T\u00fcrkiye\u2019de neden daha ucuz?<\/li>\n<\/ul>\n<p>Almanya veya Avusturya\u2019da 100 \u20ac tutan bir \u015fey i\u00e7in, OECD\u2019nin bir ara\u015ft\u0131rmas\u0131n\u0131n da do\u011frulad\u0131\u011f\u0131 \u00fczere, T\u00fcrkiye\u2019de sadece 45 \u20ac \u00f6denir.<\/p>\n<p>T\u00fcrkiye\u2019de bir doktorun \u00fccreti, Avrupa\u2019daki meslekta\u015f\u0131na g\u00f6re \u00e7ok daha d\u00fc\u015f\u00fckt\u00fcr. Ayr\u0131ca T\u00fcrkiye\u2019nin yakla\u015f\u0131k 70 milyonluk gen\u00e7 n\u00fcfusu vard\u0131r. Bu durum, hasta say\u0131s\u0131n\u0131n y\u00fcksek olmas\u0131n\u0131 sa\u011flar ve tedavi malzemelerinin maliyeti ayn\u0131 olmas\u0131na ra\u011fmen daha uygun fiyatlar sunmay\u0131 m\u00fcmk\u00fcn k\u0131lar.  <\/p>\n<p>\u0130\u015fte bu y\u00fczden T\u00fcrkiye her y\u0131l Avrupa\u2019dan binlerce hastay\u0131 a\u011f\u0131rl\u0131yor. Bu sayede size yerel kaliteyi makul fiyatlarla sunabiliyoruz. <\/p>\n<ul class=\"wp-block-list\">\n<li>Neden bizimle planlama yapmal\u0131s\u0131n\u0131z? Ben kendi seyahatimi de kendim planlayabilirim de\u011fil mi? <\/li>\n<\/ul>\n<p>Elbette seyahatinizi kendiniz de organize edebilirsiniz. Ancak bu \u00e7o\u011fu zaman zahmetli ve risklidir. Biz, yurt d\u0131\u015f\u0131nda bir tedavi ile ilgili ihtiya\u00e7 duyaca\u011f\u0131n\u0131z her \u015feyle ilgileniyoruz. Sadece tedavi s\u00fcrecinde de\u011fil, sonras\u0131nda da g\u00fcvenilir bir muhatap olmay\u0131 sa\u011fl\u0131yoruz.   <\/p>\n<p>Sorunuz mu var? <a href=\"https:\/\/medicaltravel.at\/kontakt\/\" data-type=\"page\" data-id=\"976\">Bizimle ileti\u015fime ge\u00e7mekten<\/a> memnuniyet duyar\u0131z. <\/p>\t\t\t\t\t\t\t\t<\/div>\n\t\t\t\t\t<\/div>\n\t\t\t\t<\/div>\n\t\t\t\t<\/div>\n\t\t","protected":false},"excerpt":{"rendered":"<p>\u00c7ocuk sahibi olma tedavisi T\u00fcrkiye Hastaneler Hizmet Yelpazesi F\u0131rsat Fiyatlar \u0130stanbul T\u00fcrkiye IVF (T\u00fcp Bebek) Teklifi Yapay d\u00f6llenme (IVF) teklifi T\u00fcrkiye Ba\u015far\u0131l\u0131 ICSI (mikroenjeksiyon) tedavileri T\u00fcrkiye Amac\u0131m\u0131z, \u0130stanbul veya Antalya gibi harika \u015fehirlerdeki en iyi hastanelerden birinde, hem t\u0131bbi hem de organizasyon a\u00e7\u0131s\u0131ndan y\u00fcksek kalitede, sizin \u201cbebek sahibi olma\u201d iste\u011finizi ger\u00e7ekle\u015ftirmektir. Kapsaml\u0131 hizmetlerimizin tad\u0131n\u0131 \u00e7\u0131kar\u0131n T\u00fcrkiye\u2019ye ciddi bir tedavi seyahati iyi bir organizasyon gerektirir. Bu organizasyonu sizin i\u00e7in memnuniyetle \u00fcstleniyoruz. \u00dccretsiz, ba\u011flay\u0131c\u0131 olmayan ve size \u00f6zel dan\u0131\u015fmanl\u0131\u011f\u0131m\u0131z\u0131n tad\u0131n\u0131 \u00e7\u0131karabilirsiniz.Dan\u0131\u015fmanl\u0131k dilleri Almanca, \u0130ngilizce ve T\u00fcrk\u00e7e\u2019dir. T\u00fcrkiye\u2019ye IVF (t\u00fcp bebek) tedavisi i\u00e7in seyahatler U\u00e7u\u015f Biz \u00f6neriler sunuyoruz, zaman ve \u015fekilde karar siz veriyorsunuz. Rezervasyon sizin ad\u0131n\u0131za yap\u0131l\u0131r. Havaalan\u0131-Otel Transferi Transfer hizmetimiz sizi memnuniyetle otele g\u00f6t\u00fcr\u00fcr. Bu transferler genellikle ki\u015fiye \u00f6zel yap\u0131l\u0131r ve saatlerce trafikte bekleyecek servis otob\u00fcs\u00fc ile ger\u00e7ekle\u015ftirilmez. Yolculu\u011funuzun keyfini \u00e7\u0131kar\u0131n. Otel Sizin i\u00e7in uygun olabilecek se\u00e7enekleri sunar\u0131z, karar\u0131 siz verirsiniz. Oteller hastaneye yak\u0131n konumdad\u0131r ve yaln\u0131zca iyi ve temiz otellerle \u00e7al\u0131\u015f\u0131yoruz. Almanca Dilinde Destek Doktoru anlaman\u0131z son derece \u00f6nemlidir. Hastanedeki Almanca konu\u015fan personel sorunsuz bir ileti\u015fim garanti eder. Elbette bu hizmeti di\u011fer yerel diller i\u00e7in de organize etmek m\u00fcmk\u00fcnd\u00fcr. Hastaneler neredeyse t\u00fcm Avrupa dillerinde destek verebilir. \u00d6n Muayeneniz Kaliteli bir tedavi sonucu sa\u011flamak i\u00e7in \u00f6n muayene son derece \u00f6nemlidir. Mevcut sorunlar ve olas\u0131 tedavileri tespit edilir ve sizinle detayl\u0131 bir \u015fekilde konu\u015fulur. Ard\u0131ndan sizin i\u00e7in ki\u015fiye \u00f6zel, \u00f6zenli tedavi kesin olarak planlan\u0131r. Tedaviniz Bu hastaneleri, yerinde incelemeler yaparak ve \u00e7e\u015fitli fakt\u00f6rleri dikkate alarak titiz bir ara\u015ft\u0131rma sonucunda se\u00e7tik. Hastaneler hakk\u0131nda daha fazla bilgiyi burada bulabilirsiniz. \u015eehir gezileri (iste\u011fe ba\u011fl\u0131) Hizmetimiz sayesinde bir d\u00fcnya \u015fehrini deneyimlersiniz. Size, seyahat plan\u0131n\u0131za g\u00f6re neleri gezip g\u00f6rebilece\u011finizi ve neler yapabilece\u011finizi bireysel olarak \u00f6neriyoruz. B\u00f6ylece yeni hayat\u0131n\u0131za g\u00fczel an\u0131larla ba\u015flars\u0131n\u0131z. Otel-Havaalan\u0131 Transferi Transfer ekibimiz, yolculu\u011funuzun sonuna kadar olumlu bir deneyim olmas\u0131n\u0131 sa\u011flar. Medicaltravelpass Bu, bizim benzersiz ek hizmetimizdir. Pasaport, T\u00fcrkiye\u2019deki konaklaman\u0131z ve operasyonunuzun iyile\u015fme s\u00fcreci ile ilgili t\u00fcm gerekli ki\u015fisel bilgileri i\u00e7erir. Normal bir pasaport boyutundad\u0131r, b\u00f6ylece her zaman elinizde tutabilirsiniz. Seyahatinizden \u00f6nce size \u00f6zel olarak haz\u0131rlan\u0131r. Fiyatlar\u0131m\u0131zdan Yararlan\u0131n Art\u0131k uygun fiyatlar sayesinde herkesin IVF \u2013 ICSI tedavisi almas\u0131n\u0131 sa\u011fl\u0131yoruz. Avrupa&#8217;da neden daha pahal\u0131? Orta Avrupa \u00fclkeleri, d\u00fcnyadaki en pahal\u0131 \u00fclkeler aras\u0131ndad\u0131r. Bunun nedeni y\u00fcksek personel \u00fccretleri, bina kiralar\u0131 ve altyap\u0131 maliyetleridir. Ayr\u0131ca y\u00fcksek teknoloji cihazlar da son derece pahal\u0131d\u0131r. Yat\u0131r\u0131m\u0131n kar\u015f\u0131l\u0131\u011f\u0131n\u0131 alabilmek i\u00e7in y\u00fcksek hasta say\u0131s\u0131na ihtiya\u00e7 vard\u0131r. T\u00fcrkiye\u2019de neden daha ucuz? Almanya veya Avusturya\u2019da 100 \u20ac tutan bir \u015fey i\u00e7in, OECD\u2019nin bir ara\u015ft\u0131rmas\u0131n\u0131n da do\u011frulad\u0131\u011f\u0131 \u00fczere, T\u00fcrkiye\u2019de sadece 45 \u20ac \u00f6denir. T\u00fcrkiye\u2019de bir doktorun \u00fccreti, Avrupa\u2019daki meslekta\u015f\u0131na g\u00f6re \u00e7ok daha d\u00fc\u015f\u00fckt\u00fcr. Ayr\u0131ca T\u00fcrkiye\u2019nin yakla\u015f\u0131k 70 milyonluk gen\u00e7 n\u00fcfusu vard\u0131r. Bu durum, hasta say\u0131s\u0131n\u0131n y\u00fcksek olmas\u0131n\u0131 sa\u011flar ve tedavi malzemelerinin maliyeti ayn\u0131 olmas\u0131na ra\u011fmen daha uygun fiyatlar sunmay\u0131 m\u00fcmk\u00fcn k\u0131lar. \u0130\u015fte bu y\u00fczden T\u00fcrkiye her y\u0131l Avrupa\u2019dan binlerce hastay\u0131 a\u011f\u0131rl\u0131yor. Bu sayede size yerel kaliteyi makul fiyatlarla sunabiliyoruz. Neden bizimle planlama yapmal\u0131s\u0131n\u0131z? Ben kendi seyahatimi de kendim planlayabilirim de\u011fil mi? Elbette seyahatinizi kendiniz de organize edebilirsiniz. Ancak bu \u00e7o\u011fu zaman zahmetli ve risklidir. Biz, yurt d\u0131\u015f\u0131nda bir tedavi ile ilgili ihtiya\u00e7 duyaca\u011f\u0131n\u0131z her \u015feyle ilgileniyoruz. Sadece tedavi s\u00fcrecinde de\u011fil, sonras\u0131nda da g\u00fcvenilir bir muhatap olmay\u0131 sa\u011fl\u0131yoruz. Sorunuz mu var? Bizimle ileti\u015fime ge\u00e7mekten memnuniyet duyar\u0131z.<\/p>\n","protected":false},"author":4,"featured_media":0,"parent":5047,"menu_order":0,"comment_status":"closed","ping_status":"closed","template":"","meta":{"_joinchat":[],"footnotes":""},"class_list":["post-5056","page","type-page","status-publish","hentry"],"acf":[],"_links":{"self":[{"href":"https:\/\/medicaltravel.at\/tr\/wp-json\/wp\/v2\/pages\/5056","targetHints":{"allow":["GET"]}}],"collection":[{"href":"https:\/\/medicaltravel.at\/tr\/wp-json\/wp\/v2\/pages"}],"about":[{"href":"https:\/\/medicaltravel.at\/tr\/wp-json\/wp\/v2\/types\/page"}],"author":[{"embeddable":true,"href":"https:\/\/medicaltravel.at\/tr\/wp-json\/wp\/v2\/users\/4"}],"replies":[{"embeddable":true,"href":"https:\/\/medicaltravel.at\/tr\/wp-json\/wp\/v2\/comments?post=5056"}],"version-history":[{"count":1,"href":"https:\/\/medicaltravel.at\/tr\/wp-json\/wp\/v2\/pages\/5056\/revisions"}],"predecessor-version":[{"id":5057,"href":"https:\/\/medicaltravel.at\/tr\/wp-json\/wp\/v2\/pages\/5056\/revisions\/5057"}],"up":[{"embeddable":true,"href":"https:\/\/medicaltravel.at\/tr\/wp-json\/wp\/v2\/pages\/5047"}],"wp:attachment":[{"href":"https:\/\/medicaltravel.at\/tr\/wp-json\/wp\/v2\/media?parent=5056"}],"curies":[{"name":"wp","href":"https:\/\/api.w.org\/{rel}","templated":true}]}}