{"id":5050,"date":"2025-09-27T16:15:47","date_gmt":"2025-09-27T15:15:47","guid":{"rendered":"https:\/\/medicaltravel.at\/sac-ekimi\/sac-ekimi-fiyatlari-maliyetleri-tuerkiye-istanbul-antalya\/"},"modified":"2026-01-04T17:28:39","modified_gmt":"2026-01-04T16:28:39","slug":"sac-ekimi-fiyatlari-maliyetleri-tuerkiye-istanbul-antalya","status":"publish","type":"page","link":"https:\/\/medicaltravel.at\/tr\/sac-ekimi\/sac-ekimi-fiyatlari-maliyetleri-tuerkiye-istanbul-antalya\/","title":{"rendered":"Sa\u00e7 Ekimi Fiyatlar\u0131 Maliyetleri T\u00fcrkiye \u0130stanbul Antalya"},"content":{"rendered":"\t\t<div data-elementor-type=\"wp-page\" data-elementor-id=\"5050\" class=\"elementor elementor-5050 elementor-946\" data-elementor-post-type=\"page\">\n\t\t\t\t<div class=\"elementor-element elementor-element-43cbf28a e-flex e-con-boxed wpr-particle-no wpr-jarallax-no wpr-parallax-no wpr-sticky-section-no e-con e-parent\" data-id=\"43cbf28a\" data-element_type=\"container\" data-e-type=\"container\">\n\t\t\t\t\t<div class=\"e-con-inner\">\n\t\t<div class=\"elementor-element elementor-element-c075751 e-con-full e-flex wpr-particle-no wpr-jarallax-no wpr-parallax-no wpr-sticky-section-no e-con e-child\" data-id=\"c075751\" data-element_type=\"container\" data-e-type=\"container\">\n\t\t\t\t<div class=\"elementor-element elementor-element-f61cd93 elementor-widget elementor-widget-button\" data-id=\"f61cd93\" data-element_type=\"widget\" data-e-type=\"widget\" data-widget_type=\"button.default\">\n\t\t\t\t\t\t\t\t\t\t<a class=\"elementor-button elementor-button-link elementor-size-sm\" href=\"https:\/\/medicaltravel.at\/tr\/sac-ekimi\/kendi-sac-nakli-sac-ekimi-tuerkiye-istanbul-antalya\/\">\n\t\t\t\t\t\t<span class=\"elementor-button-content-wrapper\">\n\t\t\t\t\t\t\t\t\t<span class=\"elementor-button-text\">Kendi Sa\u00e7\u0131n\u0131n Nakli<\/span>\n\t\t\t\t\t<\/span>\n\t\t\t\t\t<\/a>\n\t\t\t\t\t\t\t\t<\/div>\n\t\t\t\t<div class=\"elementor-element elementor-element-9ffdaf5 elementor-widget elementor-widget-button\" data-id=\"9ffdaf5\" data-element_type=\"widget\" data-e-type=\"widget\" data-widget_type=\"button.default\">\n\t\t\t\t\t\t\t\t\t\t<a class=\"elementor-button elementor-button-link elementor-size-sm\" href=\"https:\/\/medicaltravel.at\/tr\/sac-ekimi\/hastaneler\/istanbulda-sac-ekimi-icin-en-iyi-sac-klinigi\/\">\n\t\t\t\t\t\t<span class=\"elementor-button-content-wrapper\">\n\t\t\t\t\t\t\t\t\t<span class=\"elementor-button-text\">Hastaneler<\/span>\n\t\t\t\t\t<\/span>\n\t\t\t\t\t<\/a>\n\t\t\t\t\t\t\t\t<\/div>\n\t\t\t\t<div class=\"elementor-element elementor-element-1035b8f elementor-widget elementor-widget-button\" data-id=\"1035b8f\" data-element_type=\"widget\" data-e-type=\"widget\" data-widget_type=\"button.default\">\n\t\t\t\t\t\t\t\t\t\t<a class=\"elementor-button elementor-button-link elementor-size-sm\" href=\"https:\/\/medicaltravel.at\/tr\/sac-ekimi\/hizmet-yelpazesi\/erkekler-icin-fue-sac-ekimi-istanbul-tuerkiye\/\">\n\t\t\t\t\t\t<span class=\"elementor-button-content-wrapper\">\n\t\t\t\t\t\t\t\t\t<span class=\"elementor-button-text\">Hizmet Yelpazesi<\/span>\n\t\t\t\t\t<\/span>\n\t\t\t\t\t<\/a>\n\t\t\t\t\t\t\t\t<\/div>\n\t\t\t\t<div class=\"elementor-element elementor-element-2f36954 elementor-widget elementor-widget-button\" data-id=\"2f36954\" data-element_type=\"widget\" data-e-type=\"widget\" data-widget_type=\"button.default\">\n\t\t\t\t\t\t\t\t\t\t<a class=\"elementor-button elementor-button-link elementor-size-sm\" href=\"https:\/\/medicaltravel.at\/tr\/sac-ekimi\/sac-ekim-teklifi-tuerkiye-istanbul-antalya-izmir\/\">\n\t\t\t\t\t\t<span class=\"elementor-button-content-wrapper\">\n\t\t\t\t\t\t\t\t\t<span class=\"elementor-button-text\">F\u0131rsat<\/span>\n\t\t\t\t\t<\/span>\n\t\t\t\t\t<\/a>\n\t\t\t\t\t\t\t\t<\/div>\n\t\t\t\t<div class=\"elementor-element elementor-element-d68551d elementor-widget elementor-widget-button\" data-id=\"d68551d\" data-element_type=\"widget\" data-e-type=\"widget\" data-widget_type=\"button.default\">\n\t\t\t\t\t\t\t\t\t\t<a class=\"elementor-button elementor-button-link elementor-size-sm\" href=\"https:\/\/medicaltravel.at\/tr\/sac-ekimi\/sac-ekimi-fiyatlari-maliyetleri-tuerkiye-istanbul-antalya\/\">\n\t\t\t\t\t\t<span class=\"elementor-button-content-wrapper\">\n\t\t\t\t\t\t\t\t\t<span class=\"elementor-button-text\">Fiyatlar<\/span>\n\t\t\t\t\t<\/span>\n\t\t\t\t\t<\/a>\n\t\t\t\t\t\t\t\t<\/div>\n\t\t\t\t<\/div>\n\t\t\t\t<div class=\"elementor-element elementor-element-23e7d3a5 elementor-widget elementor-widget-text-editor\" data-id=\"23e7d3a5\" data-element_type=\"widget\" data-e-type=\"widget\" data-widget_type=\"text-editor.default\">\n\t\t\t\t\t\t\t\t\t<h2 class=\"wp-block-heading\">T\u00fcrkiye\u2019de kendi sa\u00e7\u0131n\u0131zla yap\u0131lan sa\u00e7 ekimi fiyatlar\u0131 ve maliyetler<\/h2>\n<p>\u0130\u015fte <strong>T\u00fcrkiye\u2019de sa\u00e7 ekiminiz i\u00e7in sundu\u011fumuz cazip teklifler ve fiyatlar.<\/strong><\/p>\n<p>\u0130stanbul ve Antalya i\u00e7in<br>FUE y\u00f6ntemi 1625 \u20ac<br>DHI y\u00f6ntemi 1875 \u20ac<br><strong><a href=\"https:\/\/medicaltravel.at\/haartransplantation\/leistungsspektrum\/longhaar-istanbul-turkei\/\" data-type=\"page\" data-id=\"1727\">Uzun sa\u00e7<\/a> <\/strong>y\u00f6ntemi 2813 \u20ac (sadece \u0130stanbul i\u00e7in ge\u00e7erlidir)<\/p>\n<p>\u0130zmir\u2019de<br>Sadece 2000 \u20ac FUE y\u00f6ntemi i\u00e7in s\u0131n\u0131rs\u0131z greft<br>Sadece 2000 \u20ac DHI y\u00f6ntemi i\u00e7in s\u0131n\u0131rs\u0131z greft<\/p>\n<p>A\u015fa\u011f\u0131daki hizmetler fiyata dahildir:<\/p>\n<p>\u2013 Dan\u0131\u015fmanl\u0131k hizmetimiz<br>\u2013 Havaliman\u0131-Ortak otel-Klinik aras\u0131 t\u00fcm ula\u015f\u0131m<br>\u2013 Ortak otelde iki gece konaklama ve kahvalt\u0131<br>\u2013 Doktor g\u00f6r\u00fc\u015fmelerinde Almanca destek<br>\u2013 Ameliyathane tedavisi<br>\u2013 \u015eampuanlar ve ila\u00e7lar<br>\u2013 Klinikte t\u00fcm \u00f6n ve sonras\u0131 muayeneler<br>\u2013 Medicaltravelpass <\/p>\n<p>De\u011ferlendirme i\u00e7in l\u00fctfen a\u015fa\u011f\u0131daki \u015fekildeki foto\u011fraflar\u0131 bizimle <a href=\"https:\/\/medicaltravel.at\/tr\/iletisim\/\" data-type=\"page\" data-id=\"976\">ileti\u015fim<\/a> formu, <a href=\"mailto:info@medicaltravel.net\">e-posta<\/a> veya <a href=\"https:\/\/wa.me\/41787373541\" target=\"_blank\" rel=\"noreferrer noopener\">WhatsApp<\/a> \u00fczerinden g\u00f6nderin:<\/p>\n<p>\u2013 \u00d6nden, ba\u015f hafif \u00f6ne e\u011fik<br>\u2013 Yandan<br>\u2013 \u00dcstten<br>\u2013 Don\u00f6r b\u00f6lgeden (ense sa\u00e7 \u00e7evresi)<\/p>\n<p>Bu foto\u011fraflar\u0131 ald\u0131ktan sonra doktorlar\u0131m\u0131z, sa\u00e7lar\u0131n\u0131z\u0131n sa\u00e7 ekimi i\u00e7in uygun olup olmad\u0131\u011f\u0131n\u0131, hangi y\u00f6ntemin daha uygun oldu\u011funu ve tatmin edici bir sonu\u00e7 i\u00e7in ka\u00e7 greft gerekti\u011fini size bildirebilir.<\/p>\n<p><strong>\u00d6deme<\/strong><br>Her \u015feyi klinikte yerinde veya \u00f6nceden MedicalTravel\u2019a \u00f6deyebilirsiniz.<\/p>\n<p>Hala sorular\u0131n\u0131z m\u0131 var? Biz sizinle <a href=\"https:\/\/medicaltravel.at\/tr\/iletisim\/\" data-type=\"page\" data-id=\"976\">ileti\u015fime ge\u00e7meyi <\/a>d\u00f6rt g\u00f6zle bekliyoruz. <\/p>\t\t\t\t\t\t\t\t<\/div>\n\t\t\t\t\t<\/div>\n\t\t\t\t<\/div>\n\t\t\t\t<\/div>\n\t\t","protected":false},"excerpt":{"rendered":"<p>Kendi Sa\u00e7\u0131n\u0131n Nakli Hastaneler Hizmet Yelpazesi F\u0131rsat Fiyatlar T\u00fcrkiye\u2019de kendi sa\u00e7\u0131n\u0131zla yap\u0131lan sa\u00e7 ekimi fiyatlar\u0131 ve maliyetler \u0130\u015fte T\u00fcrkiye\u2019de sa\u00e7 ekiminiz i\u00e7in sundu\u011fumuz cazip teklifler ve fiyatlar. \u0130stanbul ve Antalya i\u00e7inFUE y\u00f6ntemi 1625 \u20acDHI y\u00f6ntemi 1875 \u20acUzun sa\u00e7 y\u00f6ntemi 2813 \u20ac (sadece \u0130stanbul i\u00e7in ge\u00e7erlidir) \u0130zmir\u2019deSadece 2000 \u20ac FUE y\u00f6ntemi i\u00e7in s\u0131n\u0131rs\u0131z greftSadece 2000 \u20ac DHI y\u00f6ntemi i\u00e7in s\u0131n\u0131rs\u0131z greft A\u015fa\u011f\u0131daki hizmetler fiyata dahildir: \u2013 Dan\u0131\u015fmanl\u0131k hizmetimiz\u2013 Havaliman\u0131-Ortak otel-Klinik aras\u0131 t\u00fcm ula\u015f\u0131m\u2013 Ortak otelde iki gece konaklama ve kahvalt\u0131\u2013 Doktor g\u00f6r\u00fc\u015fmelerinde Almanca destek\u2013 Ameliyathane tedavisi\u2013 \u015eampuanlar ve ila\u00e7lar\u2013 Klinikte t\u00fcm \u00f6n ve sonras\u0131 muayeneler\u2013 Medicaltravelpass De\u011ferlendirme i\u00e7in l\u00fctfen a\u015fa\u011f\u0131daki \u015fekildeki foto\u011fraflar\u0131 bizimle ileti\u015fim formu, e-posta veya WhatsApp \u00fczerinden g\u00f6nderin: \u2013 \u00d6nden, ba\u015f hafif \u00f6ne e\u011fik\u2013 Yandan\u2013 \u00dcstten\u2013 Don\u00f6r b\u00f6lgeden (ense sa\u00e7 \u00e7evresi) Bu foto\u011fraflar\u0131 ald\u0131ktan sonra doktorlar\u0131m\u0131z, sa\u00e7lar\u0131n\u0131z\u0131n sa\u00e7 ekimi i\u00e7in uygun olup olmad\u0131\u011f\u0131n\u0131, hangi y\u00f6ntemin daha uygun oldu\u011funu ve tatmin edici bir sonu\u00e7 i\u00e7in ka\u00e7 greft gerekti\u011fini size bildirebilir. \u00d6demeHer \u015feyi klinikte yerinde veya \u00f6nceden MedicalTravel\u2019a \u00f6deyebilirsiniz. Hala sorular\u0131n\u0131z m\u0131 var? Biz sizinle ileti\u015fime ge\u00e7meyi d\u00f6rt g\u00f6zle bekliyoruz.<\/p>\n","protected":false},"author":4,"featured_media":0,"parent":4973,"menu_order":0,"comment_status":"closed","ping_status":"closed","template":"","meta":{"_joinchat":[],"footnotes":""},"class_list":["post-5050","page","type-page","status-publish","hentry"],"acf":[],"_links":{"self":[{"href":"https:\/\/medicaltravel.at\/tr\/wp-json\/wp\/v2\/pages\/5050","targetHints":{"allow":["GET"]}}],"collection":[{"href":"https:\/\/medicaltravel.at\/tr\/wp-json\/wp\/v2\/pages"}],"about":[{"href":"https:\/\/medicaltravel.at\/tr\/wp-json\/wp\/v2\/types\/page"}],"author":[{"embeddable":true,"href":"https:\/\/medicaltravel.at\/tr\/wp-json\/wp\/v2\/users\/4"}],"replies":[{"embeddable":true,"href":"https:\/\/medicaltravel.at\/tr\/wp-json\/wp\/v2\/comments?post=5050"}],"version-history":[{"count":3,"href":"https:\/\/medicaltravel.at\/tr\/wp-json\/wp\/v2\/pages\/5050\/revisions"}],"predecessor-version":[{"id":5395,"href":"https:\/\/medicaltravel.at\/tr\/wp-json\/wp\/v2\/pages\/5050\/revisions\/5395"}],"up":[{"embeddable":true,"href":"https:\/\/medicaltravel.at\/tr\/wp-json\/wp\/v2\/pages\/4973"}],"wp:attachment":[{"href":"https:\/\/medicaltravel.at\/tr\/wp-json\/wp\/v2\/media?parent=5050"}],"curies":[{"name":"wp","href":"https:\/\/api.w.org\/{rel}","templated":true}]}}