{"id":5043,"date":"2025-11-05T12:30:22","date_gmt":"2025-11-05T11:30:22","guid":{"rendered":"https:\/\/medicaltravel.at\/kuenye\/"},"modified":"2026-01-04T17:24:49","modified_gmt":"2026-01-04T16:24:49","slug":"kuenye","status":"publish","type":"page","link":"https:\/\/medicaltravel.at\/tr\/kuenye\/","title":{"rendered":"K\u00fcnye"},"content":{"rendered":"\t\t<div data-elementor-type=\"wp-page\" data-elementor-id=\"5043\" class=\"elementor elementor-5043 elementor-2193\" data-elementor-post-type=\"page\">\n\t\t\t\t<div class=\"elementor-element elementor-element-58fd7c4a e-flex e-con-boxed wpr-particle-no wpr-jarallax-no wpr-parallax-no wpr-sticky-section-no e-con e-parent\" data-id=\"58fd7c4a\" data-element_type=\"container\" data-e-type=\"container\">\n\t\t\t\t\t<div class=\"e-con-inner\">\n\t\t\t\t<div class=\"elementor-element elementor-element-3e3f108 elementor-widget elementor-widget-text-editor\" data-id=\"3e3f108\" data-element_type=\"widget\" data-e-type=\"widget\" data-widget_type=\"text-editor.default\">\n\t\t\t\t\t\t\t\t\t\n<p>Bu sayfan\u0131n sorumlusu<\/p>\n\n<p>MedicalTravel GmbH<br>L\u00e4nggassstrasse 8<br>3012 Bern \u2013 Schweiz<br>E-Mail: <span style=\"color: #e83333;\">info(at)medicaltravel.net<\/span><br>Telefon: <span style=\"color: #e83333;\">+41 33 534 57 65<\/span><\/p>\n\n<p>Bu web projesinin amac\u0131<\/p>\n\n<p>T\u0131bbi tedaviler hakk\u0131nda bilgilendirmek ve T\u00fcrkiye\u2019de y\u00fcksek kaliteli t\u0131bbi ve organizasyonel hizmetle tedavi olmak isteyen hastalar i\u00e7in medikal seyahatleri d\u00fczenlemek.<\/p>\n\n<p>\u0130svi\u00e7re, Bern Kantonu Ticaret Sicili; \u015eirket Numaras\u0131: CH-036.4.056.276-7<\/p>\n\n<p>Bu web sitesindeki bilgiler i\u00e7in taml\u0131k, g\u00fcncellik, kalite ve do\u011fruluk garantisi yoktur. \u0130nternet sitesindeki i\u00e7eriklere g\u00fcvenilmesi veya kullan\u0131lmas\u0131 sonucu olu\u015fabilecek zararlardan sorumluluk kabul edilmez. www.medicaltravel.at sitesinde yay\u0131mlanan i\u00e7eriklerin kopyalanmas\u0131 yaln\u0131zca ticari olmayan kullan\u0131m i\u00e7in izinlidir.  <\/p>\n\n<p>www.medicaltravel.at sitesinde sunulan bilgiler, hastan\u0131n veya site ziyaret\u00e7isinin doktoruyla olan ili\u015fkisine destek amac\u0131yla sa\u011flanm\u0131\u015ft\u0131r; doktorun yerine ge\u00e7mez.<\/p>\n\n<p>Genel \u0130\u015flem ve \u015eartlar (AGB)<\/p>\n\n<p>MedicalTravel GmbH\u2019nin Genel \u0130\u015flem ve \u015eartlar\u0131 (AGB) detayl\u0131 olarak burada bulunabilir.<\/p>\n\n<p>Ba\u011flant\u0131lar ve \u0130\u00e7erikler \u0130\u00e7in Sorumluluk Reddi<\/p>\n\n<p>E\u011fer bu web sitesinden bir hakk\u0131n\u0131z\u0131n ihlal edildi\u011fini d\u00fc\u015f\u00fcn\u00fcyorsan\u0131z, l\u00fctfen bunu hemen info(at)medicaltravel.net adresine e-posta ile bildirin. K\u0131sa bir uyar\u0131 sonras\u0131nda, ilgili i\u00e7erikleri herhangi bir \u00fccret talebi olmadan de\u011fi\u015ftirmeye veya silmeye haz\u0131r\u0131z. Bu sayfalardan kaynaklanan olas\u0131 bir hak ihlalini hak sahibi kendi ba\u015f\u0131na gidermemelidir, bunun i\u00e7in onay al\u0131nmas\u0131 gerekir. Hakl\u0131 olarak \u015fik\u00e2yet edilen b\u00f6l\u00fcmler derhal kald\u0131r\u0131lacak ve sizin taraf\u0131n\u0131zdan avukat arac\u0131l\u0131\u011f\u0131na gerek kalmayacakt\u0131r. \u00d6nceden ileti\u015fim kurmadan taraf\u0131n\u0131zca olu\u015fan masraflar ise tamamen reddedilecek ve gerekirse yukar\u0131da belirtilen kurallar\u0131n ihlali nedeniyle kar\u015f\u0131 dava a\u00e7\u0131lacakt\u0131r.    <\/p>\n\n<p>Gizlilik<br>Bu internet sitesi \u00fczerinden g\u00f6nderilen e-postalar \u015fifrelenmemi\u015ftir ve bilgiler ba\u015fkalar\u0131 taraf\u0131ndan g\u00f6r\u00fclebilir.<\/p>\n\n<p>T\u00fcm ki\u015fisel bilgiler, \u00f6rne\u011fin ileti\u015fim formu \u00fczerinden verilen bilgiler, tamamen gizli tutulur ve kesinlikle \u00fc\u00e7\u00fcnc\u00fc ki\u015filerle payla\u015f\u0131lmaz.<\/p>\n\n<p>Reklam, bilgi, finansman<\/p>\n\n<p>Biz \u00fc\u00e7\u00fcnc\u00fc taraf reklam\u0131 kullanm\u0131yoruz. www.medicaltravel.at sitesi MedicalTravel GmbH taraf\u0131ndan finanse edilir ve y\u00f6netilir. T\u00fcrkiye\u2019ye sa\u011fl\u0131k turizmi hizmeti sunuyoruz.  <\/p>\n\n<p>Google Analitik<br>Bu web sitesi, Google Inc. (Google) taraf\u0131ndan sunulan bir web analiz hizmeti olan Google Analytics\u2019i kullan\u0131r. Google Analytics, bilgisayar\u0131n\u0131zda saklanan ve web sitesinin kullan\u0131m\u0131n\u0131 analiz etmeyi sa\u011flayan \u00e7erezler (cookies) kullan\u0131r. \u00c7erezler arac\u0131l\u0131\u011f\u0131yla elde edilen bilgiler (IP adresiniz dahil) ABD\u2019deki bir Google sunucusuna g\u00f6nderilir ve orada saklan\u0131r. Google, bu bilgileri web sitesinin kullan\u0131m\u0131n\u0131 de\u011ferlendirmek, site y\u00f6neticileri i\u00e7in raporlar haz\u0131rlamak ve web sitesi ile internet kullan\u0131m\u0131yla ilgili di\u011fer hizmetleri sunmak i\u00e7in kullan\u0131r. Ayr\u0131ca yasal zorunluluklar veya Google ad\u0131na veri i\u015fleyen \u00fc\u00e7\u00fcnc\u00fc ki\u015filer olmas\u0131 durumunda, Google bu bilgileri \u00fc\u00e7\u00fcnc\u00fc taraflarla payla\u015fabilir. Google, hi\u00e7bir durumda IP adresinizi di\u011fer Google verileri ile birle\u015ftirmez. Taray\u0131c\u0131 ayarlar\u0131n\u0131zdan \u00e7erezlerin kurulmas\u0131n\u0131 engelleyebilirsiniz; ancak bu durumda web sitesinin t\u00fcm i\u015flevlerini tam olarak kullanamayabilece\u011finizi unutmay\u0131n. Bu web sitesini kullanarak, Google\u2019\u0131n sizinle ilgili verileri yukar\u0131da a\u00e7\u0131klanan \u015fekilde ve belirtilen ama\u00e7 do\u011frultusunda i\u015flemesine izin vermi\u015f olursunuz.<\/p>\n\t\t\t\t\t\t\t\t<\/div>\n\t\t\t\t\t<\/div>\n\t\t\t\t<\/div>\n\t\t\t\t<\/div>\n\t\t","protected":false},"excerpt":{"rendered":"<p>Bu sayfan\u0131n sorumlusu MedicalTravel GmbHL\u00e4nggassstrasse 83012 Bern \u2013 SchweizE-Mail: info(at)medicaltravel.netTelefon: +41 33 534 57 65 Bu web projesinin amac\u0131 T\u0131bbi tedaviler hakk\u0131nda bilgilendirmek ve T\u00fcrkiye\u2019de y\u00fcksek kaliteli t\u0131bbi ve organizasyonel hizmetle tedavi olmak isteyen hastalar i\u00e7in medikal seyahatleri d\u00fczenlemek. \u0130svi\u00e7re, Bern Kantonu Ticaret Sicili; \u015eirket Numaras\u0131: CH-036.4.056.276-7 Bu web sitesindeki bilgiler i\u00e7in taml\u0131k, g\u00fcncellik, kalite ve do\u011fruluk garantisi yoktur. \u0130nternet sitesindeki i\u00e7eriklere g\u00fcvenilmesi veya kullan\u0131lmas\u0131 sonucu olu\u015fabilecek zararlardan sorumluluk kabul edilmez. www.medicaltravel.at sitesinde yay\u0131mlanan i\u00e7eriklerin kopyalanmas\u0131 yaln\u0131zca ticari olmayan kullan\u0131m i\u00e7in izinlidir. www.medicaltravel.at sitesinde sunulan bilgiler, hastan\u0131n veya site ziyaret\u00e7isinin doktoruyla olan ili\u015fkisine destek amac\u0131yla sa\u011flanm\u0131\u015ft\u0131r; doktorun yerine ge\u00e7mez. Genel \u0130\u015flem ve \u015eartlar (AGB) MedicalTravel GmbH\u2019nin Genel \u0130\u015flem ve \u015eartlar\u0131 (AGB) detayl\u0131 olarak burada bulunabilir. Ba\u011flant\u0131lar ve \u0130\u00e7erikler \u0130\u00e7in Sorumluluk Reddi E\u011fer bu web sitesinden bir hakk\u0131n\u0131z\u0131n ihlal edildi\u011fini d\u00fc\u015f\u00fcn\u00fcyorsan\u0131z, l\u00fctfen bunu hemen info(at)medicaltravel.net adresine e-posta ile bildirin. K\u0131sa bir uyar\u0131 sonras\u0131nda, ilgili i\u00e7erikleri herhangi bir \u00fccret talebi olmadan de\u011fi\u015ftirmeye veya silmeye haz\u0131r\u0131z. Bu sayfalardan kaynaklanan olas\u0131 bir hak ihlalini hak sahibi kendi ba\u015f\u0131na gidermemelidir, bunun i\u00e7in onay al\u0131nmas\u0131 gerekir. Hakl\u0131 olarak \u015fik\u00e2yet edilen b\u00f6l\u00fcmler derhal kald\u0131r\u0131lacak ve sizin taraf\u0131n\u0131zdan avukat arac\u0131l\u0131\u011f\u0131na gerek kalmayacakt\u0131r. \u00d6nceden ileti\u015fim kurmadan taraf\u0131n\u0131zca olu\u015fan masraflar ise tamamen reddedilecek ve gerekirse yukar\u0131da belirtilen kurallar\u0131n ihlali nedeniyle kar\u015f\u0131 dava a\u00e7\u0131lacakt\u0131r. GizlilikBu internet sitesi \u00fczerinden g\u00f6nderilen e-postalar \u015fifrelenmemi\u015ftir ve bilgiler ba\u015fkalar\u0131 taraf\u0131ndan g\u00f6r\u00fclebilir. T\u00fcm ki\u015fisel bilgiler, \u00f6rne\u011fin ileti\u015fim formu \u00fczerinden verilen bilgiler, tamamen gizli tutulur ve kesinlikle \u00fc\u00e7\u00fcnc\u00fc ki\u015filerle payla\u015f\u0131lmaz. Reklam, bilgi, finansman Biz \u00fc\u00e7\u00fcnc\u00fc taraf reklam\u0131 kullanm\u0131yoruz. www.medicaltravel.at sitesi MedicalTravel GmbH taraf\u0131ndan finanse edilir ve y\u00f6netilir. T\u00fcrkiye\u2019ye sa\u011fl\u0131k turizmi hizmeti sunuyoruz. Google AnalitikBu web sitesi, Google Inc. (Google) taraf\u0131ndan sunulan bir web analiz hizmeti olan Google Analytics\u2019i kullan\u0131r. Google Analytics, bilgisayar\u0131n\u0131zda saklanan ve web sitesinin kullan\u0131m\u0131n\u0131 analiz etmeyi sa\u011flayan \u00e7erezler (cookies) kullan\u0131r. \u00c7erezler arac\u0131l\u0131\u011f\u0131yla elde edilen bilgiler (IP adresiniz dahil) ABD\u2019deki bir Google sunucusuna g\u00f6nderilir ve orada saklan\u0131r. Google, bu bilgileri web sitesinin kullan\u0131m\u0131n\u0131 de\u011ferlendirmek, site y\u00f6neticileri i\u00e7in raporlar haz\u0131rlamak ve web sitesi ile internet kullan\u0131m\u0131yla ilgili di\u011fer hizmetleri sunmak i\u00e7in kullan\u0131r. Ayr\u0131ca yasal zorunluluklar veya Google ad\u0131na veri i\u015fleyen \u00fc\u00e7\u00fcnc\u00fc ki\u015filer olmas\u0131 durumunda, Google bu bilgileri \u00fc\u00e7\u00fcnc\u00fc taraflarla payla\u015fabilir. Google, hi\u00e7bir durumda IP adresinizi di\u011fer Google verileri ile birle\u015ftirmez. Taray\u0131c\u0131 ayarlar\u0131n\u0131zdan \u00e7erezlerin kurulmas\u0131n\u0131 engelleyebilirsiniz; ancak bu durumda web sitesinin t\u00fcm i\u015flevlerini tam olarak kullanamayabilece\u011finizi unutmay\u0131n. Bu web sitesini kullanarak, Google\u2019\u0131n sizinle ilgili verileri yukar\u0131da a\u00e7\u0131klanan \u015fekilde ve belirtilen ama\u00e7 do\u011frultusunda i\u015flemesine izin vermi\u015f olursunuz.<\/p>\n","protected":false},"author":4,"featured_media":0,"parent":0,"menu_order":0,"comment_status":"closed","ping_status":"closed","template":"","meta":{"_joinchat":[],"footnotes":""},"class_list":["post-5043","page","type-page","status-publish","hentry"],"acf":[],"_links":{"self":[{"href":"https:\/\/medicaltravel.at\/tr\/wp-json\/wp\/v2\/pages\/5043","targetHints":{"allow":["GET"]}}],"collection":[{"href":"https:\/\/medicaltravel.at\/tr\/wp-json\/wp\/v2\/pages"}],"about":[{"href":"https:\/\/medicaltravel.at\/tr\/wp-json\/wp\/v2\/types\/page"}],"author":[{"embeddable":true,"href":"https:\/\/medicaltravel.at\/tr\/wp-json\/wp\/v2\/users\/4"}],"replies":[{"embeddable":true,"href":"https:\/\/medicaltravel.at\/tr\/wp-json\/wp\/v2\/comments?post=5043"}],"version-history":[{"count":7,"href":"https:\/\/medicaltravel.at\/tr\/wp-json\/wp\/v2\/pages\/5043\/revisions"}],"predecessor-version":[{"id":5390,"href":"https:\/\/medicaltravel.at\/tr\/wp-json\/wp\/v2\/pages\/5043\/revisions\/5390"}],"wp:attachment":[{"href":"https:\/\/medicaltravel.at\/tr\/wp-json\/wp\/v2\/media?parent=5043"}],"curies":[{"name":"wp","href":"https:\/\/api.w.org\/{rel}","templated":true}]}}