{"id":5033,"date":"2025-09-28T21:47:06","date_gmt":"2025-09-28T20:47:06","guid":{"rendered":"https:\/\/medicaltravel.at\/sac-ekimi\/hizmet-yelpazesi\/prp-ve-koek-huecre-sac-tedavisi-istanbul-tuerkiye\/"},"modified":"2026-01-03T01:13:03","modified_gmt":"2026-01-03T00:13:03","slug":"prp-ve-koek-huecre-sac-tedavisi-istanbul-tuerkiye","status":"publish","type":"page","link":"https:\/\/medicaltravel.at\/tr\/sac-ekimi\/hizmet-yelpazesi\/prp-ve-koek-huecre-sac-tedavisi-istanbul-tuerkiye\/","title":{"rendered":"PRP ve K\u00f6k H\u00fccre Sa\u00e7 Tedavisi \u0130stanbul T\u00fcrkiye"},"content":{"rendered":"\t\t<div data-elementor-type=\"wp-page\" data-elementor-id=\"5033\" class=\"elementor elementor-5033 elementor-1729\" data-elementor-post-type=\"page\">\n\t\t\t\t<div class=\"elementor-element elementor-element-2b6f7637 e-flex e-con-boxed wpr-particle-no wpr-jarallax-no wpr-parallax-no wpr-sticky-section-no e-con e-parent\" data-id=\"2b6f7637\" data-element_type=\"container\" data-e-type=\"container\">\n\t\t\t\t\t<div class=\"e-con-inner\">\n\t\t<div class=\"elementor-element elementor-element-503d939 e-con-full e-flex wpr-particle-no wpr-jarallax-no wpr-parallax-no wpr-sticky-section-no e-con e-child\" data-id=\"503d939\" data-element_type=\"container\" data-e-type=\"container\">\n\t\t\t\t<div class=\"elementor-element elementor-element-9715af5 elementor-widget elementor-widget-button\" data-id=\"9715af5\" data-element_type=\"widget\" data-e-type=\"widget\" data-widget_type=\"button.default\">\n\t\t\t\t\t\t\t\t\t\t<a class=\"elementor-button elementor-button-link elementor-size-sm\" href=\"https:\/\/medicaltravel.at\/tr\/sac-ekimi\/hizmet-yelpazesi\/erkekler-icin-fue-sac-ekimi-istanbul-tuerkiye\/\">\n\t\t\t\t\t\t<span class=\"elementor-button-content-wrapper\">\n\t\t\t\t\t\t\t\t\t<span class=\"elementor-button-text\">Erkekler \u0130\u00e7in FUE<\/span>\n\t\t\t\t\t<\/span>\n\t\t\t\t\t<\/a>\n\t\t\t\t\t\t\t\t<\/div>\n\t\t\t\t<div class=\"elementor-element elementor-element-9a27d53 elementor-widget elementor-widget-button\" data-id=\"9a27d53\" data-element_type=\"widget\" data-e-type=\"widget\" data-widget_type=\"button.default\">\n\t\t\t\t\t\t\t\t\t\t<a class=\"elementor-button elementor-button-link elementor-size-sm\" href=\"https:\/\/medicaltravel.a\/haartransplantation\/leistungsspektrum\/dhi-haartranplantation-istanbul-tuerkei\/\">\n\t\t\t\t\t\t<span class=\"elementor-button-content-wrapper\">\n\t\t\t\t\t\t\t\t\t<span class=\"elementor-button-text\">DHI Sa\u00e7 Ekimi<\/span>\n\t\t\t\t\t<\/span>\n\t\t\t\t\t<\/a>\n\t\t\t\t\t\t\t\t<\/div>\n\t\t\t\t<div class=\"elementor-element elementor-element-671d0fe elementor-widget elementor-widget-button\" data-id=\"671d0fe\" data-element_type=\"widget\" data-e-type=\"widget\" data-widget_type=\"button.default\">\n\t\t\t\t\t\t\t\t\t\t<a class=\"elementor-button elementor-button-link elementor-size-sm\" href=\"https:\/\/medicaltravel.at\/tr\/sac-ekimi\/hizmet-yelpazesi\/kadinlar-icin-fue-sac-ekimi-istanbul-tuerkiye\/\">\n\t\t\t\t\t\t<span class=\"elementor-button-content-wrapper\">\n\t\t\t\t\t\t\t\t\t<span class=\"elementor-button-text\">Kad\u0131nlar \u0130\u00e7in FUE<\/span>\n\t\t\t\t\t<\/span>\n\t\t\t\t\t<\/a>\n\t\t\t\t\t\t\t\t<\/div>\n\t\t\t\t<div class=\"elementor-element elementor-element-915fbcd elementor-widget elementor-widget-button\" data-id=\"915fbcd\" data-element_type=\"widget\" data-e-type=\"widget\" data-widget_type=\"button.default\">\n\t\t\t\t\t\t\t\t\t\t<a class=\"elementor-button elementor-button-link elementor-size-sm\" href=\"https:\/\/medicaltravel.at\/haartransplantation\/leistungsspektrum\/longhaar-istanbul-turkei\/\">\n\t\t\t\t\t\t<span class=\"elementor-button-content-wrapper\">\n\t\t\t\t\t\t\t\t\t<span class=\"elementor-button-text\">Uzun Sa\u00e7<\/span>\n\t\t\t\t\t<\/span>\n\t\t\t\t\t<\/a>\n\t\t\t\t\t\t\t\t<\/div>\n\t\t\t\t<div class=\"elementor-element elementor-element-c46bca6 elementor-widget elementor-widget-button\" data-id=\"c46bca6\" data-element_type=\"widget\" data-e-type=\"widget\" data-widget_type=\"button.default\">\n\t\t\t\t\t\t\t\t\t\t<a class=\"elementor-button elementor-button-link elementor-size-sm\" href=\"https:\/\/medicaltravel.at\/tr\/sac-ekimi\/hizmet-yelpazesi\/prp-ve-koek-huecre-sac-tedavisi-istanbul-tuerkiye\/\">\n\t\t\t\t\t\t<span class=\"elementor-button-content-wrapper\">\n\t\t\t\t\t\t\t\t\t<span class=\"elementor-button-text\">PRP K\u00f6k H\u00fccre Tedavisi<\/span>\n\t\t\t\t\t<\/span>\n\t\t\t\t\t<\/a>\n\t\t\t\t\t\t\t\t<\/div>\n\t\t\t\t<div class=\"elementor-element elementor-element-6278fa6 elementor-widget elementor-widget-button\" data-id=\"6278fa6\" data-element_type=\"widget\" data-e-type=\"widget\" data-widget_type=\"button.default\">\n\t\t\t\t\t\t\t\t\t\t<a class=\"elementor-button elementor-button-link elementor-size-sm\" href=\"https:\/\/medicaltravel.at\/tr\/sac-ekimi\/hizmet-yelpazesi\/tuerkiyede-kas-ekimi-istanbul-antalya\/\">\n\t\t\t\t\t\t<span class=\"elementor-button-content-wrapper\">\n\t\t\t\t\t\t\t\t\t<span class=\"elementor-button-text\">Ka\u015f Ekimi<\/span>\n\t\t\t\t\t<\/span>\n\t\t\t\t\t<\/a>\n\t\t\t\t\t\t\t\t<\/div>\n\t\t\t\t<div class=\"elementor-element elementor-element-e4695e8 elementor-widget elementor-widget-button\" data-id=\"e4695e8\" data-element_type=\"widget\" data-e-type=\"widget\" data-widget_type=\"button.default\">\n\t\t\t\t\t\t\t\t\t\t<a class=\"elementor-button elementor-button-link elementor-size-sm\" href=\"https:\/\/medicaltravel.at\/tr\/sac-ekimi\/hizmet-yelpazesi\/sac-ekimi-ile-ilgili-sik-sorulan-sorular\/\">\n\t\t\t\t\t\t<span class=\"elementor-button-content-wrapper\">\n\t\t\t\t\t\t\t\t\t<span class=\"elementor-button-text\">S\u0131k Sorulan Sorular<\/span>\n\t\t\t\t\t<\/span>\n\t\t\t\t\t<\/a>\n\t\t\t\t\t\t\t\t<\/div>\n\t\t\t\t<\/div>\n\t\t\t\t<div class=\"elementor-element elementor-element-6d5d11fe elementor-widget elementor-widget-text-editor\" data-id=\"6d5d11fe\" data-element_type=\"widget\" data-e-type=\"widget\" data-widget_type=\"text-editor.default\">\n\t\t\t\t\t\t\t\t\t\n<h2 class=\"wp-block-heading\">T\u00fcrkiye\u2019de PRP Tedavileri<\/h2>\n\n<h2 class=\"wp-block-heading\"><strong>PRP Sa\u00e7 Tedavileri<\/strong><\/h2>\n\n<figure class=\"wp-block-image size-full\"><img fetchpriority=\"high\" decoding=\"async\" width=\"449\" height=\"200\" class=\"wp-image-1748\" src=\"https:\/\/medicaltravel.at\/wp-content\/uploads\/2025\/09\/Haarbehandlungen-PRP-fur-starkere-Haare.jpg\" alt=\"\" srcset=\"https:\/\/medicaltravel.at\/wp-content\/uploads\/2025\/09\/Haarbehandlungen-PRP-fur-starkere-Haare.jpg 449w, https:\/\/medicaltravel.at\/wp-content\/uploads\/2025\/09\/Haarbehandlungen-PRP-fur-starkere-Haare-300x134.jpg 300w\" sizes=\"(max-width: 449px) 100vw, 449px\" \/><\/figure>\n\n<p id=\"caption-attachment-391\">Daha G\u00fc\u00e7l\u00fc Sa\u00e7lar \u0130\u00e7in PRP Sa\u00e7 Tedavileri<\/p>\n\n<p><strong>PRP (Trombositten Zengin Plazma) \u2013 PRP Nedir?<\/strong><br>PRP, sa\u00e7 ekimi sonras\u0131 daha h\u0131zl\u0131 yara iyile\u015fmesini ve daha h\u0131zl\u0131 sa\u00e7 uzamas\u0131n\u0131 desteklemek i\u00e7in kullan\u0131l\u0131r. PRP tedavisi, d\u00f6k\u00fclmeye meyilli zay\u0131f sa\u00e7 k\u00f6klerini canland\u0131rmaya yard\u0131mc\u0131 olur. PRP ile tedavi edilen hastalarda, tedavi edilen b\u00f6lgede sa\u00e7lar\u0131n daha az inceldi\u011fi ve sa\u00e7 tellerinin daha kal\u0131nla\u015ft\u0131\u011f\u0131 g\u00f6zlemlenmi\u015ftir.  <\/p>\n\n<p>Sa\u00e7 ekimi sonras\u0131 PRP tedavisi alan hastalarda yara iyile\u015fmesi daha h\u0131zl\u0131 olur. \u0130\u015flem sonras\u0131 olu\u015fan k\u0131rm\u0131z\u0131 lekeler ve kabuklar daha \u00e7abuk kaybolur ve ekilen sa\u00e7 k\u00f6klerinin sa\u00e7 uzatma kapasitesi artar. <\/p>\n\n<p>PRP, trombosit oran\u0131 art\u0131r\u0131lm\u0131\u015f hastan\u0131n kendi plazmas\u0131d\u0131r. PRP i\u00e7in hastan\u0131n kendi kan\u0131 kullan\u0131l\u0131r. Asl\u0131nda PRP, operasyon \u00f6ncesi yap\u0131lan kendi kan ba\u011f\u0131\u015f\u0131n\u0131z gibidir. Hastan\u0131n kendi kan\u0131 kullan\u0131ld\u0131\u011f\u0131 i\u00e7in herhangi bir ba\u011f\u0131\u015f\u0131kl\u0131k tepkisi g\u00f6zlemlenmemi\u015ftir. PRP alerjik reaksiyonlara yol a\u00e7maz.    <\/p>\n\n<p><strong>PRP Nas\u0131l Haz\u0131rlan\u0131r?<\/strong><\/p>\n\n<p>1. PRP tedavisi yap\u0131lacak hastadan, her laboratuvar kan testinde oldu\u011fu gibi, yakla\u015f\u0131k 10 cc kan al\u0131n\u0131r.<\/p>\n\n<p>2. Al\u0131nan kan, steril bir ortamda \u00f6zel bir cihaza aktar\u0131l\u0131r ve plazmadaki trombosit say\u0131s\u0131 art\u0131r\u0131l\u0131r.<\/p>\n\n<p>3. H\u00fccreler santrif\u00fcj ile ayr\u0131l\u0131r ve kan plazmas\u0131ndaki trombosit yo\u011funlu\u011fu katlanarak artar.<\/p>\n\n<p>PRP\u2019deki trombosit oran\u0131 bu y\u00f6ntemle 4\u20138 kat art\u0131r\u0131labilir. Ara\u015ft\u0131rmalar, trombositlerdeki b\u00fcy\u00fcme fakt\u00f6rlerinin sa\u00e7 k\u00f6kleri \u00fczerindeki olumlu etkiden sorumlu oldu\u011funu g\u00f6stermi\u015ftir. <\/p>\n\n<p><strong>PRP nas\u0131l uygulan\u0131r?<\/strong><\/p>\n\n<p>PRP, sa\u00e7 derisinin alt\u0131na (subkutan) enjekte edilir. Enjeksiyon a\u011fr\u0131s\u0131zd\u0131r ve k\u0131sa s\u00fcrer (2\u20133 dakika). Hasta hemen normal g\u00fcnl\u00fck aktivitelerine d\u00f6nebilir; \u015fi\u015flik veya morluk olu\u015fmaz.  <\/p>\n\n<p><strong>PRP kimlere uygulanabilir?<\/strong><\/p>\n\n<p>Mevsimsel veya genetik sa\u00e7 d\u00f6k\u00fclmesi ya\u015fayan ve sa\u00e7lar\u0131 incelmi\u015f veya zay\u0131flam\u0131\u015f olan herkes PRP tedavisi yapt\u0131rabilir.<\/p>\n\n<p><strong>Sa\u00e7 Ekimi ve PRP<\/strong><br>PRP, sa\u00e7 ekiminde \u00fc\u00e7 i\u015flev g\u00f6r\u00fcr:<\/p>\n\n<p>1. Sa\u00e7 ekimi sonras\u0131 (FUE ile PRP) sa\u00e7 k\u00f6klerinin ya\u015fam kapasitesini art\u0131rmak<br>2. Sa\u00e7 ekimi sonras\u0131 iyile\u015fmeyi h\u0131zland\u0131rmak<br>3. Ekilen sa\u00e7 k\u00f6klerini canland\u0131rmak ve uyarmak<\/p>\n\n<p>Don\u00f6r b\u00f6lgeden al\u0131nan sa\u00e7 k\u00f6klerinin al\u0131c\u0131 b\u00f6lgeye ekilmeden \u00f6nce bir s\u00fcre beklemesi gerekir. Bu s\u00fcre boyunca sa\u00e7 k\u00f6klerinin canl\u0131l\u0131\u011f\u0131n\u0131 korumak \u00e7ok \u00f6nemlidir. Bunun i\u00e7in al\u0131nan k\u00f6kler \u00f6zel olarak haz\u0131rlanm\u0131\u015f bir \u00e7\u00f6zelti i\u00e7inde so\u011futularak saklan\u0131r.  <\/p>\n\n<p>Yeni bir y\u00f6ntemde, PRP saklama \u00e7\u00f6zeltisine eklenir veya sa\u00e7 k\u00f6kleri do\u011frudan PRP \u00e7\u00f6zeltisi ile y\u0131kan\u0131r; b\u00f6ylece olumlu etkisi hemen ortaya \u00e7\u0131kar. PRP enjeksiyonu, sa\u00e7 k\u00f6klerinin canl\u0131l\u0131\u011f\u0131n\u0131 art\u0131r\u0131r, yara iyile\u015fmesini h\u0131zland\u0131r\u0131r ve sa\u00e7 k\u00f6klerini sa\u00e7 uzamas\u0131 i\u00e7in uyar\u0131r. <\/p>\n\n<p><strong>PRP\u2019nin yan etkileri var m\u0131?<\/strong><\/p>\n\n<p>PRP i\u00e7in hastan\u0131n kendi kan\u0131 kullan\u0131l\u0131r. Alerjik reaksiyonlar veya enfeksiyon riski yoktur. Temel olarak, ki\u015finin kendi kan\u0131n\u0131 ba\u011f\u0131\u015flamas\u0131 gibidir.  <\/p>\n\n<p>PRP tedavisinin etkisi her ki\u015fide farkl\u0131 olabilir. PRP tedavisi destekleyici bir etkiye sahiptir; tedavi sonras\u0131 beklentiler ger\u00e7ek\u00e7i olmal\u0131d\u0131r. Bu tedavi yaln\u0131zca fiziksel iyile\u015fmeyi destekler.  <\/p>\n\n<p>Hala sorular\u0131n\u0131z m\u0131 var? Biz sizinle <a href=\"https:\/\/medicaltravel.at\/kontakt\/\" data-type=\"page\" data-id=\"976\">ileti\u015fime ge\u00e7meyi <\/a>d\u00f6rt g\u00f6zle bekliyoruz. <\/p>\n\t\t\t\t\t\t\t\t<\/div>\n\t\t\t\t\t<\/div>\n\t\t\t\t<\/div>\n\t\t\t\t<\/div>\n\t\t","protected":false},"excerpt":{"rendered":"<p>Erkekler \u0130\u00e7in FUE DHI Sa\u00e7 Ekimi Kad\u0131nlar \u0130\u00e7in FUE Uzun Sa\u00e7 PRP K\u00f6k H\u00fccre Tedavisi Ka\u015f Ekimi S\u0131k Sorulan Sorular T\u00fcrkiye\u2019de PRP Tedavileri PRP Sa\u00e7 Tedavileri Daha G\u00fc\u00e7l\u00fc Sa\u00e7lar \u0130\u00e7in PRP Sa\u00e7 Tedavileri PRP (Trombositten Zengin Plazma) \u2013 PRP Nedir?PRP, sa\u00e7 ekimi sonras\u0131 daha h\u0131zl\u0131 yara iyile\u015fmesini ve daha h\u0131zl\u0131 sa\u00e7 uzamas\u0131n\u0131 desteklemek i\u00e7in kullan\u0131l\u0131r. PRP tedavisi, d\u00f6k\u00fclmeye meyilli zay\u0131f sa\u00e7 k\u00f6klerini canland\u0131rmaya yard\u0131mc\u0131 olur. PRP ile tedavi edilen hastalarda, tedavi edilen b\u00f6lgede sa\u00e7lar\u0131n daha az inceldi\u011fi ve sa\u00e7 tellerinin daha kal\u0131nla\u015ft\u0131\u011f\u0131 g\u00f6zlemlenmi\u015ftir. Sa\u00e7 ekimi sonras\u0131 PRP tedavisi alan hastalarda yara iyile\u015fmesi daha h\u0131zl\u0131 olur. \u0130\u015flem sonras\u0131 olu\u015fan k\u0131rm\u0131z\u0131 lekeler ve kabuklar daha \u00e7abuk kaybolur ve ekilen sa\u00e7 k\u00f6klerinin sa\u00e7 uzatma kapasitesi artar. PRP, trombosit oran\u0131 art\u0131r\u0131lm\u0131\u015f hastan\u0131n kendi plazmas\u0131d\u0131r. PRP i\u00e7in hastan\u0131n kendi kan\u0131 kullan\u0131l\u0131r. Asl\u0131nda PRP, operasyon \u00f6ncesi yap\u0131lan kendi kan ba\u011f\u0131\u015f\u0131n\u0131z gibidir. Hastan\u0131n kendi kan\u0131 kullan\u0131ld\u0131\u011f\u0131 i\u00e7in herhangi bir ba\u011f\u0131\u015f\u0131kl\u0131k tepkisi g\u00f6zlemlenmemi\u015ftir. PRP alerjik reaksiyonlara yol a\u00e7maz. PRP Nas\u0131l Haz\u0131rlan\u0131r? 1. PRP tedavisi yap\u0131lacak hastadan, her laboratuvar kan testinde oldu\u011fu gibi, yakla\u015f\u0131k 10 cc kan al\u0131n\u0131r. 2. Al\u0131nan kan, steril bir ortamda \u00f6zel bir cihaza aktar\u0131l\u0131r ve plazmadaki trombosit say\u0131s\u0131 art\u0131r\u0131l\u0131r. 3. H\u00fccreler santrif\u00fcj ile ayr\u0131l\u0131r ve kan plazmas\u0131ndaki trombosit yo\u011funlu\u011fu katlanarak artar. PRP\u2019deki trombosit oran\u0131 bu y\u00f6ntemle 4\u20138 kat art\u0131r\u0131labilir. Ara\u015ft\u0131rmalar, trombositlerdeki b\u00fcy\u00fcme fakt\u00f6rlerinin sa\u00e7 k\u00f6kleri \u00fczerindeki olumlu etkiden sorumlu oldu\u011funu g\u00f6stermi\u015ftir. PRP nas\u0131l uygulan\u0131r? PRP, sa\u00e7 derisinin alt\u0131na (subkutan) enjekte edilir. Enjeksiyon a\u011fr\u0131s\u0131zd\u0131r ve k\u0131sa s\u00fcrer (2\u20133 dakika). Hasta hemen normal g\u00fcnl\u00fck aktivitelerine d\u00f6nebilir; \u015fi\u015flik veya morluk olu\u015fmaz. PRP kimlere uygulanabilir? Mevsimsel veya genetik sa\u00e7 d\u00f6k\u00fclmesi ya\u015fayan ve sa\u00e7lar\u0131 incelmi\u015f veya zay\u0131flam\u0131\u015f olan herkes PRP tedavisi yapt\u0131rabilir. Sa\u00e7 Ekimi ve PRPPRP, sa\u00e7 ekiminde \u00fc\u00e7 i\u015flev g\u00f6r\u00fcr: 1. Sa\u00e7 ekimi sonras\u0131 (FUE ile PRP) sa\u00e7 k\u00f6klerinin ya\u015fam kapasitesini art\u0131rmak2. Sa\u00e7 ekimi sonras\u0131 iyile\u015fmeyi h\u0131zland\u0131rmak3. Ekilen sa\u00e7 k\u00f6klerini canland\u0131rmak ve uyarmak Don\u00f6r b\u00f6lgeden al\u0131nan sa\u00e7 k\u00f6klerinin al\u0131c\u0131 b\u00f6lgeye ekilmeden \u00f6nce bir s\u00fcre beklemesi gerekir. Bu s\u00fcre boyunca sa\u00e7 k\u00f6klerinin canl\u0131l\u0131\u011f\u0131n\u0131 korumak \u00e7ok \u00f6nemlidir. Bunun i\u00e7in al\u0131nan k\u00f6kler \u00f6zel olarak haz\u0131rlanm\u0131\u015f bir \u00e7\u00f6zelti i\u00e7inde so\u011futularak saklan\u0131r. Yeni bir y\u00f6ntemde, PRP saklama \u00e7\u00f6zeltisine eklenir veya sa\u00e7 k\u00f6kleri do\u011frudan PRP \u00e7\u00f6zeltisi ile y\u0131kan\u0131r; b\u00f6ylece olumlu etkisi hemen ortaya \u00e7\u0131kar. PRP enjeksiyonu, sa\u00e7 k\u00f6klerinin canl\u0131l\u0131\u011f\u0131n\u0131 art\u0131r\u0131r, yara iyile\u015fmesini h\u0131zland\u0131r\u0131r ve sa\u00e7 k\u00f6klerini sa\u00e7 uzamas\u0131 i\u00e7in uyar\u0131r. PRP\u2019nin yan etkileri var m\u0131? PRP i\u00e7in hastan\u0131n kendi kan\u0131 kullan\u0131l\u0131r. Alerjik reaksiyonlar veya enfeksiyon riski yoktur. Temel olarak, ki\u015finin kendi kan\u0131n\u0131 ba\u011f\u0131\u015flamas\u0131 gibidir. PRP tedavisinin etkisi her ki\u015fide farkl\u0131 olabilir. PRP tedavisi destekleyici bir etkiye sahiptir; tedavi sonras\u0131 beklentiler ger\u00e7ek\u00e7i olmal\u0131d\u0131r. Bu tedavi yaln\u0131zca fiziksel iyile\u015fmeyi destekler. Hala sorular\u0131n\u0131z m\u0131 var? Biz sizinle ileti\u015fime ge\u00e7meyi d\u00f6rt g\u00f6zle bekliyoruz.<\/p>\n","protected":false},"author":4,"featured_media":0,"parent":4994,"menu_order":0,"comment_status":"closed","ping_status":"closed","template":"","meta":{"_joinchat":[],"footnotes":""},"class_list":["post-5033","page","type-page","status-publish","hentry"],"acf":[],"_links":{"self":[{"href":"https:\/\/medicaltravel.at\/tr\/wp-json\/wp\/v2\/pages\/5033","targetHints":{"allow":["GET"]}}],"collection":[{"href":"https:\/\/medicaltravel.at\/tr\/wp-json\/wp\/v2\/pages"}],"about":[{"href":"https:\/\/medicaltravel.at\/tr\/wp-json\/wp\/v2\/types\/page"}],"author":[{"embeddable":true,"href":"https:\/\/medicaltravel.at\/tr\/wp-json\/wp\/v2\/users\/4"}],"replies":[{"embeddable":true,"href":"https:\/\/medicaltravel.at\/tr\/wp-json\/wp\/v2\/comments?post=5033"}],"version-history":[{"count":5,"href":"https:\/\/medicaltravel.at\/tr\/wp-json\/wp\/v2\/pages\/5033\/revisions"}],"predecessor-version":[{"id":5039,"href":"https:\/\/medicaltravel.at\/tr\/wp-json\/wp\/v2\/pages\/5033\/revisions\/5039"}],"up":[{"embeddable":true,"href":"https:\/\/medicaltravel.at\/tr\/wp-json\/wp\/v2\/pages\/4994"}],"wp:attachment":[{"href":"https:\/\/medicaltravel.at\/tr\/wp-json\/wp\/v2\/media?parent=5033"}],"curies":[{"name":"wp","href":"https:\/\/api.w.org\/{rel}","templated":true}]}}