{"id":5025,"date":"2025-09-28T21:48:35","date_gmt":"2025-09-28T20:48:35","guid":{"rendered":"https:\/\/medicaltravel.at\/sac-ekimi\/hizmet-yelpazesi\/sac-ekimi-ile-ilgili-sik-sorulan-sorular\/"},"modified":"2026-01-03T01:04:57","modified_gmt":"2026-01-03T00:04:57","slug":"sac-ekimi-ile-ilgili-sik-sorulan-sorular","status":"publish","type":"page","link":"https:\/\/medicaltravel.at\/tr\/sac-ekimi\/hizmet-yelpazesi\/sac-ekimi-ile-ilgili-sik-sorulan-sorular\/","title":{"rendered":"Sa\u00e7 Ekimi ile \u0130lgili S\u0131k Sorulan Sorular"},"content":{"rendered":"\t\t<div data-elementor-type=\"wp-page\" data-elementor-id=\"5025\" class=\"elementor elementor-5025 elementor-1733\" data-elementor-post-type=\"page\">\n\t\t\t\t<div class=\"elementor-element elementor-element-1280115b e-flex e-con-boxed wpr-particle-no wpr-jarallax-no wpr-parallax-no wpr-sticky-section-no e-con e-parent\" data-id=\"1280115b\" data-element_type=\"container\" data-e-type=\"container\">\n\t\t\t\t\t<div class=\"e-con-inner\">\n\t\t<div class=\"elementor-element elementor-element-c24e8b9 e-con-full e-flex wpr-particle-no wpr-jarallax-no wpr-parallax-no wpr-sticky-section-no e-con e-child\" data-id=\"c24e8b9\" data-element_type=\"container\" data-e-type=\"container\">\n\t\t\t\t<div class=\"elementor-element elementor-element-9c22592 elementor-widget elementor-widget-button\" data-id=\"9c22592\" data-element_type=\"widget\" data-e-type=\"widget\" data-widget_type=\"button.default\">\n\t\t\t\t\t\t\t\t\t\t<a class=\"elementor-button elementor-button-link elementor-size-sm\" href=\"https:\/\/medicaltravel.at\/tr\/sac-ekimi\/hizmet-yelpazesi\/erkekler-icin-fue-sac-ekimi-istanbul-tuerkiye\/\">\n\t\t\t\t\t\t<span class=\"elementor-button-content-wrapper\">\n\t\t\t\t\t\t\t\t\t<span class=\"elementor-button-text\">Erkekler \u0130\u00e7in FUE<\/span>\n\t\t\t\t\t<\/span>\n\t\t\t\t\t<\/a>\n\t\t\t\t\t\t\t\t<\/div>\n\t\t\t\t<div class=\"elementor-element elementor-element-205150f elementor-widget elementor-widget-button\" data-id=\"205150f\" data-element_type=\"widget\" data-e-type=\"widget\" data-widget_type=\"button.default\">\n\t\t\t\t\t\t\t\t\t\t<a class=\"elementor-button elementor-button-link elementor-size-sm\" href=\"https:\/\/medicaltravel.a\/haartransplantation\/leistungsspektrum\/dhi-haartranplantation-istanbul-tuerkei\/\">\n\t\t\t\t\t\t<span class=\"elementor-button-content-wrapper\">\n\t\t\t\t\t\t\t\t\t<span class=\"elementor-button-text\">DHI Sa\u00e7 Ekimi<\/span>\n\t\t\t\t\t<\/span>\n\t\t\t\t\t<\/a>\n\t\t\t\t\t\t\t\t<\/div>\n\t\t\t\t<div class=\"elementor-element elementor-element-ed6bb8a elementor-widget elementor-widget-button\" data-id=\"ed6bb8a\" data-element_type=\"widget\" data-e-type=\"widget\" data-widget_type=\"button.default\">\n\t\t\t\t\t\t\t\t\t\t<a class=\"elementor-button elementor-button-link elementor-size-sm\" href=\"https:\/\/medicaltravel.at\/tr\/sac-ekimi\/hizmet-yelpazesi\/kadinlar-icin-fue-sac-ekimi-istanbul-tuerkiye\/\">\n\t\t\t\t\t\t<span class=\"elementor-button-content-wrapper\">\n\t\t\t\t\t\t\t\t\t<span class=\"elementor-button-text\">Kad\u0131nlar \u0130\u00e7in FUE<\/span>\n\t\t\t\t\t<\/span>\n\t\t\t\t\t<\/a>\n\t\t\t\t\t\t\t\t<\/div>\n\t\t\t\t<div class=\"elementor-element elementor-element-3ff605e elementor-widget elementor-widget-button\" data-id=\"3ff605e\" data-element_type=\"widget\" data-e-type=\"widget\" data-widget_type=\"button.default\">\n\t\t\t\t\t\t\t\t\t\t<a class=\"elementor-button elementor-button-link elementor-size-sm\" href=\"https:\/\/medicaltravel.at\/haartransplantation\/leistungsspektrum\/longhaar-istanbul-turkei\/\">\n\t\t\t\t\t\t<span class=\"elementor-button-content-wrapper\">\n\t\t\t\t\t\t\t\t\t<span class=\"elementor-button-text\">Uzun Sa\u00e7<\/span>\n\t\t\t\t\t<\/span>\n\t\t\t\t\t<\/a>\n\t\t\t\t\t\t\t\t<\/div>\n\t\t\t\t<div class=\"elementor-element elementor-element-721bf14 elementor-widget elementor-widget-button\" data-id=\"721bf14\" data-element_type=\"widget\" data-e-type=\"widget\" data-widget_type=\"button.default\">\n\t\t\t\t\t\t\t\t\t\t<a class=\"elementor-button elementor-button-link elementor-size-sm\" href=\"https:\/\/medicaltravel.at\/haartransplantation\/leistungsspektrum\/prp-stammzellen-tuerkei-istanbul\/\">\n\t\t\t\t\t\t<span class=\"elementor-button-content-wrapper\">\n\t\t\t\t\t\t\t\t\t<span class=\"elementor-button-text\">PRP K\u00f6k H\u00fccre Tedavisi<\/span>\n\t\t\t\t\t<\/span>\n\t\t\t\t\t<\/a>\n\t\t\t\t\t\t\t\t<\/div>\n\t\t\t\t<div class=\"elementor-element elementor-element-8cee118 elementor-widget elementor-widget-button\" data-id=\"8cee118\" data-element_type=\"widget\" data-e-type=\"widget\" data-widget_type=\"button.default\">\n\t\t\t\t\t\t\t\t\t\t<a class=\"elementor-button elementor-button-link elementor-size-sm\" href=\"https:\/\/medicaltravel.at\/tr\/sac-ekimi\/hizmet-yelpazesi\/tuerkiyede-kas-ekimi-istanbul-antalya\/\">\n\t\t\t\t\t\t<span class=\"elementor-button-content-wrapper\">\n\t\t\t\t\t\t\t\t\t<span class=\"elementor-button-text\">Ka\u015f Ekimi<\/span>\n\t\t\t\t\t<\/span>\n\t\t\t\t\t<\/a>\n\t\t\t\t\t\t\t\t<\/div>\n\t\t\t\t<div class=\"elementor-element elementor-element-31fd9d9 elementor-widget elementor-widget-button\" data-id=\"31fd9d9\" data-element_type=\"widget\" data-e-type=\"widget\" data-widget_type=\"button.default\">\n\t\t\t\t\t\t\t\t\t\t<a class=\"elementor-button elementor-button-link elementor-size-sm\" href=\"https:\/\/medicaltravel.at\/tr\/sac-ekimi\/hizmet-yelpazesi\/sac-ekimi-ile-ilgili-sik-sorulan-sorular\/\">\n\t\t\t\t\t\t<span class=\"elementor-button-content-wrapper\">\n\t\t\t\t\t\t\t\t\t<span class=\"elementor-button-text\">S\u0131k Sorulan Sorular<\/span>\n\t\t\t\t\t<\/span>\n\t\t\t\t\t<\/a>\n\t\t\t\t\t\t\t\t<\/div>\n\t\t\t\t<\/div>\n\t\t\t\t<div class=\"elementor-element elementor-element-2087d1cc elementor-widget elementor-widget-text-editor\" data-id=\"2087d1cc\" data-element_type=\"widget\" data-e-type=\"widget\" data-widget_type=\"text-editor.default\">\n\t\t\t\t\t\t\t\t\t\n<h2 class=\"wp-block-heading\">HGF \u2013 Sa\u00e7 Ekimi Hakk\u0131nda<\/h2>\n\n<h2 class=\"wp-block-heading\"><strong>S\u0131k Sorulan Sorular \u2013 Sa\u00e7 Ekimi T\u00fcrkiye \u0130stanbul Antalya<\/strong><\/h2>\n\n<figure class=\"wp-block-image size-full\"><img fetchpriority=\"high\" decoding=\"async\" width=\"457\" height=\"200\" class=\"wp-image-1755\" src=\"https:\/\/medicaltravel.at\/wp-content\/uploads\/2025\/09\/Haufig-gestellten-Fragen-uber-Eigenhaarverpflanzungen.jpg\" alt=\"\" srcset=\"https:\/\/medicaltravel.at\/wp-content\/uploads\/2025\/09\/Haufig-gestellten-Fragen-uber-Eigenhaarverpflanzungen.jpg 457w, https:\/\/medicaltravel.at\/wp-content\/uploads\/2025\/09\/Haufig-gestellten-Fragen-uber-Eigenhaarverpflanzungen-300x131.jpg 300w\" sizes=\"(max-width: 457px) 100vw, 457px\" \/><\/figure>\n\n<p id=\"caption-attachment-401\">S\u0131k Sorulan Sorular \u2013 Kendi Sa\u00e7 Nakli<\/p>\n\n<p><strong>Sa\u00e7 Ekimi \u00d6ncesi<\/strong><\/p>\n\n<p>Sa\u00e7 Ekimi \u00d6ncesi<br>D\u00fczenli olarak kulland\u0131\u011f\u0131n\u0131z ila\u00e7lar\u0131, \u00f6rne\u011fin sa\u00e7 d\u00f6k\u00fclmesine kar\u015f\u0131 olanlar\u0131, ayr\u0131ca vitaminler ve aspirin, i\u015flemden 15 g\u00fcn \u00f6nce b\u0131rak\u0131n.<br>\u0130\u015flemden 3 g\u00fcn \u00f6nce alkolden ka\u00e7\u0131n\u0131n.<br>\u0130\u015flem \u00f6ncesi yeterince uyuyun ve dinlenmi\u015f olarak randevuya gelin.<br>\u0130\u015flem sabah\u0131 hafif bir kahvalt\u0131 yap\u0131n.<br>Y\u00fcz\u00fck, kolye gibi t\u00fcm metal e\u015fyalar\u0131n\u0131z\u0131 \u00e7\u0131kar\u0131n.<br>Sa\u00e7 Ekimi Sonras\u0131<br>Yan\u0131n\u0131za \u015fapka getirin. Ba\u015f\u0131n\u0131za tam oturan, \u00f6rne\u011fin bere gibi \u015fapkalar \u00f6nerilmez.<br>\u0130\u015flem sonras\u0131 giymesi kolay k\u0131yafetler tercih edin.<br>\u0130\u015flem sonras\u0131 3 g\u00fcn boyunca alkol t\u00fcketimi kesinlikle yasakt\u0131r.<br>\u0130\u015flem sonras\u0131 15 g\u00fcn boyunca a\u011f\u0131r fiziksel aktivitelerden ka\u00e7\u0131n\u0131n.<br>\u0130\u015flem sonras\u0131 e\u011filmekten ka\u00e7\u0131n\u0131n (\u00f6rne\u011fin ayakkab\u0131 ba\u011flamak i\u00e7in). <\/p>\n\n<p><strong>\u0130\u015flem Sonras\u0131 Sa\u00e7 Y\u0131kama<\/strong><\/p>\n\n<p>Doktorun \u00f6nerdi\u011fi losyonu, ekim yap\u0131lan b\u00f6lgelere dikkatlice ama nazik\u00e7e uygulay\u0131n.<br>Losyonu bir saat boyunca sa\u00e7ta bekletin, ard\u0131ndan doktorun \u00f6nerdi\u011fi \u015fampuanla durulay\u0131n.<br>Sa\u00e7\u0131 sadece havlu ile bast\u0131rarak kurulay\u0131n.<br>Bu y\u0131kama rutinini on g\u00fcn boyunca uygulay\u0131n.<br>On g\u00fcn\u00fcn sonunda losyon kullan\u0131m\u0131 sonland\u0131r\u0131labilir. Doktorun \u00f6nerdi\u011fi \u015fampuan ise kullan\u0131lmaya devam edilir. <\/p>\n\n<p><strong>Sa\u00e7 Ekimi ve Kullan\u0131lan Y\u00f6ntemlerle \u0130lgili S\u0131k Sorulan Sorular<\/strong><\/p>\n\n<p><em>\u0130\u015flem ne kadar s\u00fcrer?<\/em><br>\u0130\u015flem, sa\u00e7lar\u0131n ekilece\u011fi alan\u0131n b\u00fcy\u00fckl\u00fc\u011f\u00fcne, sa\u00e7 ve cilt yap\u0131s\u0131na ve kullan\u0131lan y\u00f6nteme ba\u011fl\u0131 olarak yakla\u015f\u0131k 4\u20136 saat s\u00fcrer.<\/p>\n\n<p><em>Sa\u00e7 ekimi a\u011fr\u0131l\u0131 m\u0131d\u0131r?<\/em><br>Sa\u00e7 ekimi lokal anestezi alt\u0131nda yap\u0131l\u0131r ve i\u015flem s\u0131ras\u0131nda tamamen a\u011fr\u0131s\u0131zd\u0131r.<\/p>\n\n<p><em>Ekilen sa\u00e7lar ger\u00e7ekten \u00e7\u0131kar m\u0131?<\/em><br>\u0130\u015flemden hemen sonra d\u0131\u015far\u0131 \u00e7\u0131kabilirsiniz. \u0130\u015flemden sonraki ilk 2\u20133 g\u00fcn k\u00fc\u00e7\u00fck pembe lekeler g\u00f6r\u00fcnebilir, ancak bunlar zamanla kaybolur. Cildiniz yakla\u015f\u0131k bir hafta i\u00e7inde normal durumuna d\u00f6ner ve rahatl\u0131kla d\u0131\u015far\u0131 \u00e7\u0131kabilirsiniz.  <\/p>\n\n<p><em>Ekilen sa\u00e7 ne zaman \u00e7\u0131kar?<\/em><br>Sa\u00e7, i\u015flemden yakla\u015f\u0131k 3 ay sonra \u00e7\u0131kmaya ba\u015flar ve yakla\u015f\u0131k 6 ay i\u00e7inde normal uzunlu\u011funa ula\u015f\u0131r.<\/p>\n\n<p><em>Ekilen sa\u00e7lar d\u00f6k\u00fclebilir mi?<\/em><br>Transplantierte Haare fallen nicht aus. Das transplantierte Haar, das Gebieten entnommen wurde, die nicht vom Haarausfall betroffen sind, beh\u00e4lt die Eigenschaft des Ursprungsgebiets. <\/p>\n\n<p><em>Sa\u00e7 ekildi\u011fi anla\u015f\u0131l\u0131r m\u0131?<\/em><br>Profesyonel bir \u015fekilde ekilen sa\u00e7lar, asla ekim oldu\u011fu anla\u015f\u0131lmayacak \u015fekilde \u00e7\u0131kar. Bu, ekim ekibinin \u00e7ok deneyimli olmas\u0131 gerekti\u011fi anlam\u0131na gelir. Ekim y\u00f6ntemi, hastan\u0131n sa\u00e7 ve cilt yap\u0131s\u0131na ve ekim yap\u0131lacak b\u00f6lgelere ba\u011fl\u0131d\u0131r. Yani bu fakt\u00f6rlere \u00f6zel dikkat g\u00f6sterilmelidir.   <\/p>\n\n<p>Hala sorular\u0131n\u0131z m\u0131 var? Biz sizinle <a href=\"https:\/\/medicaltravel.at\/kontakt\/\" data-type=\"page\" data-id=\"976\">ileti\u015fime ge\u00e7meyi <\/a>d\u00f6rt g\u00f6zle bekliyoruz. <\/p>\n\t\t\t\t\t\t\t\t<\/div>\n\t\t\t\t\t<\/div>\n\t\t\t\t<\/div>\n\t\t\t\t<\/div>\n\t\t","protected":false},"excerpt":{"rendered":"<p>Erkekler \u0130\u00e7in FUE DHI Sa\u00e7 Ekimi Kad\u0131nlar \u0130\u00e7in FUE Uzun Sa\u00e7 PRP K\u00f6k H\u00fccre Tedavisi Ka\u015f Ekimi S\u0131k Sorulan Sorular HGF \u2013 Sa\u00e7 Ekimi Hakk\u0131nda S\u0131k Sorulan Sorular \u2013 Sa\u00e7 Ekimi T\u00fcrkiye \u0130stanbul Antalya S\u0131k Sorulan Sorular \u2013 Kendi Sa\u00e7 Nakli Sa\u00e7 Ekimi \u00d6ncesi Sa\u00e7 Ekimi \u00d6ncesiD\u00fczenli olarak kulland\u0131\u011f\u0131n\u0131z ila\u00e7lar\u0131, \u00f6rne\u011fin sa\u00e7 d\u00f6k\u00fclmesine kar\u015f\u0131 olanlar\u0131, ayr\u0131ca vitaminler ve aspirin, i\u015flemden 15 g\u00fcn \u00f6nce b\u0131rak\u0131n.\u0130\u015flemden 3 g\u00fcn \u00f6nce alkolden ka\u00e7\u0131n\u0131n.\u0130\u015flem \u00f6ncesi yeterince uyuyun ve dinlenmi\u015f olarak randevuya gelin.\u0130\u015flem sabah\u0131 hafif bir kahvalt\u0131 yap\u0131n.Y\u00fcz\u00fck, kolye gibi t\u00fcm metal e\u015fyalar\u0131n\u0131z\u0131 \u00e7\u0131kar\u0131n.Sa\u00e7 Ekimi Sonras\u0131Yan\u0131n\u0131za \u015fapka getirin. Ba\u015f\u0131n\u0131za tam oturan, \u00f6rne\u011fin bere gibi \u015fapkalar \u00f6nerilmez.\u0130\u015flem sonras\u0131 giymesi kolay k\u0131yafetler tercih edin.\u0130\u015flem sonras\u0131 3 g\u00fcn boyunca alkol t\u00fcketimi kesinlikle yasakt\u0131r.\u0130\u015flem sonras\u0131 15 g\u00fcn boyunca a\u011f\u0131r fiziksel aktivitelerden ka\u00e7\u0131n\u0131n.\u0130\u015flem sonras\u0131 e\u011filmekten ka\u00e7\u0131n\u0131n (\u00f6rne\u011fin ayakkab\u0131 ba\u011flamak i\u00e7in). \u0130\u015flem Sonras\u0131 Sa\u00e7 Y\u0131kama Doktorun \u00f6nerdi\u011fi losyonu, ekim yap\u0131lan b\u00f6lgelere dikkatlice ama nazik\u00e7e uygulay\u0131n.Losyonu bir saat boyunca sa\u00e7ta bekletin, ard\u0131ndan doktorun \u00f6nerdi\u011fi \u015fampuanla durulay\u0131n.Sa\u00e7\u0131 sadece havlu ile bast\u0131rarak kurulay\u0131n.Bu y\u0131kama rutinini on g\u00fcn boyunca uygulay\u0131n.On g\u00fcn\u00fcn sonunda losyon kullan\u0131m\u0131 sonland\u0131r\u0131labilir. Doktorun \u00f6nerdi\u011fi \u015fampuan ise kullan\u0131lmaya devam edilir. Sa\u00e7 Ekimi ve Kullan\u0131lan Y\u00f6ntemlerle \u0130lgili S\u0131k Sorulan Sorular \u0130\u015flem ne kadar s\u00fcrer?\u0130\u015flem, sa\u00e7lar\u0131n ekilece\u011fi alan\u0131n b\u00fcy\u00fckl\u00fc\u011f\u00fcne, sa\u00e7 ve cilt yap\u0131s\u0131na ve kullan\u0131lan y\u00f6nteme ba\u011fl\u0131 olarak yakla\u015f\u0131k 4\u20136 saat s\u00fcrer. Sa\u00e7 ekimi a\u011fr\u0131l\u0131 m\u0131d\u0131r?Sa\u00e7 ekimi lokal anestezi alt\u0131nda yap\u0131l\u0131r ve i\u015flem s\u0131ras\u0131nda tamamen a\u011fr\u0131s\u0131zd\u0131r. Ekilen sa\u00e7lar ger\u00e7ekten \u00e7\u0131kar m\u0131?\u0130\u015flemden hemen sonra d\u0131\u015far\u0131 \u00e7\u0131kabilirsiniz. \u0130\u015flemden sonraki ilk 2\u20133 g\u00fcn k\u00fc\u00e7\u00fck pembe lekeler g\u00f6r\u00fcnebilir, ancak bunlar zamanla kaybolur. Cildiniz yakla\u015f\u0131k bir hafta i\u00e7inde normal durumuna d\u00f6ner ve rahatl\u0131kla d\u0131\u015far\u0131 \u00e7\u0131kabilirsiniz. Ekilen sa\u00e7 ne zaman \u00e7\u0131kar?Sa\u00e7, i\u015flemden yakla\u015f\u0131k 3 ay sonra \u00e7\u0131kmaya ba\u015flar ve yakla\u015f\u0131k 6 ay i\u00e7inde normal uzunlu\u011funa ula\u015f\u0131r. Ekilen sa\u00e7lar d\u00f6k\u00fclebilir mi?Transplantierte Haare fallen nicht aus. Das transplantierte Haar, das Gebieten entnommen wurde, die nicht vom Haarausfall betroffen sind, beh\u00e4lt die Eigenschaft des Ursprungsgebiets. Sa\u00e7 ekildi\u011fi anla\u015f\u0131l\u0131r m\u0131?Profesyonel bir \u015fekilde ekilen sa\u00e7lar, asla ekim oldu\u011fu anla\u015f\u0131lmayacak \u015fekilde \u00e7\u0131kar. Bu, ekim ekibinin \u00e7ok deneyimli olmas\u0131 gerekti\u011fi anlam\u0131na gelir. Ekim y\u00f6ntemi, hastan\u0131n sa\u00e7 ve cilt yap\u0131s\u0131na ve ekim yap\u0131lacak b\u00f6lgelere ba\u011fl\u0131d\u0131r. Yani bu fakt\u00f6rlere \u00f6zel dikkat g\u00f6sterilmelidir. Hala sorular\u0131n\u0131z m\u0131 var? Biz sizinle ileti\u015fime ge\u00e7meyi d\u00f6rt g\u00f6zle bekliyoruz.<\/p>\n","protected":false},"author":4,"featured_media":0,"parent":4994,"menu_order":0,"comment_status":"closed","ping_status":"closed","template":"","meta":{"_joinchat":[],"footnotes":""},"class_list":["post-5025","page","type-page","status-publish","hentry"],"acf":[],"_links":{"self":[{"href":"https:\/\/medicaltravel.at\/tr\/wp-json\/wp\/v2\/pages\/5025","targetHints":{"allow":["GET"]}}],"collection":[{"href":"https:\/\/medicaltravel.at\/tr\/wp-json\/wp\/v2\/pages"}],"about":[{"href":"https:\/\/medicaltravel.at\/tr\/wp-json\/wp\/v2\/types\/page"}],"author":[{"embeddable":true,"href":"https:\/\/medicaltravel.at\/tr\/wp-json\/wp\/v2\/users\/4"}],"replies":[{"embeddable":true,"href":"https:\/\/medicaltravel.at\/tr\/wp-json\/wp\/v2\/comments?post=5025"}],"version-history":[{"count":5,"href":"https:\/\/medicaltravel.at\/tr\/wp-json\/wp\/v2\/pages\/5025\/revisions"}],"predecessor-version":[{"id":5031,"href":"https:\/\/medicaltravel.at\/tr\/wp-json\/wp\/v2\/pages\/5025\/revisions\/5031"}],"up":[{"embeddable":true,"href":"https:\/\/medicaltravel.at\/tr\/wp-json\/wp\/v2\/pages\/4994"}],"wp:attachment":[{"href":"https:\/\/medicaltravel.at\/tr\/wp-json\/wp\/v2\/media?parent=5025"}],"curies":[{"name":"wp","href":"https:\/\/api.w.org\/{rel}","templated":true}]}}