{"id":5021,"date":"2025-09-28T19:43:06","date_gmt":"2025-09-28T18:43:06","guid":{"rendered":"https:\/\/medicaltravel.at\/sac-ekimi\/hizmet-yelpazesi\/erkekler-icin-fue-sac-ekimi-istanbul-tuerkiye\/"},"modified":"2026-01-04T17:31:38","modified_gmt":"2026-01-04T16:31:38","slug":"erkekler-icin-fue-sac-ekimi-istanbul-tuerkiye","status":"publish","type":"page","link":"https:\/\/medicaltravel.at\/tr\/sac-ekimi\/hizmet-yelpazesi\/erkekler-icin-fue-sac-ekimi-istanbul-tuerkiye\/","title":{"rendered":"Erkekler i\u00e7in FUE Sa\u00e7 Ekimi \u0130stanbul T\u00fcrkiye"},"content":{"rendered":"\t\t<div data-elementor-type=\"wp-page\" data-elementor-id=\"5021\" class=\"elementor elementor-5021 elementor-1685\" data-elementor-post-type=\"page\">\n\t\t\t\t<div class=\"elementor-element elementor-element-4447c504 e-flex e-con-boxed wpr-particle-no wpr-jarallax-no wpr-parallax-no wpr-sticky-section-no e-con e-parent\" data-id=\"4447c504\" data-element_type=\"container\" data-e-type=\"container\">\n\t\t\t\t\t<div class=\"e-con-inner\">\n\t\t<div class=\"elementor-element elementor-element-82d2b13 e-con-full e-flex wpr-particle-no wpr-jarallax-no wpr-parallax-no wpr-sticky-section-no e-con e-child\" data-id=\"82d2b13\" data-element_type=\"container\" data-e-type=\"container\">\n\t\t\t\t<div class=\"elementor-element elementor-element-55b19ac elementor-widget elementor-widget-button\" data-id=\"55b19ac\" data-element_type=\"widget\" data-e-type=\"widget\" data-widget_type=\"button.default\">\n\t\t\t\t\t\t\t\t\t\t<a class=\"elementor-button elementor-button-link elementor-size-sm\" href=\"https:\/\/medicaltravel.at\/tr\/sac-ekimi\/hizmet-yelpazesi\/erkekler-icin-fue-sac-ekimi-istanbul-tuerkiye\/\">\n\t\t\t\t\t\t<span class=\"elementor-button-content-wrapper\">\n\t\t\t\t\t\t\t\t\t<span class=\"elementor-button-text\">Erkekler \u0130\u00e7in FUE<\/span>\n\t\t\t\t\t<\/span>\n\t\t\t\t\t<\/a>\n\t\t\t\t\t\t\t\t<\/div>\n\t\t\t\t<div class=\"elementor-element elementor-element-1b1bc19 elementor-widget elementor-widget-button\" data-id=\"1b1bc19\" data-element_type=\"widget\" data-e-type=\"widget\" data-widget_type=\"button.default\">\n\t\t\t\t\t\t\t\t\t\t<a class=\"elementor-button elementor-button-link elementor-size-sm\" href=\"https:\/\/medicaltravel.a\/haartransplantation\/leistungsspektrum\/dhi-haartranplantation-istanbul-tuerkei\/\">\n\t\t\t\t\t\t<span class=\"elementor-button-content-wrapper\">\n\t\t\t\t\t\t\t\t\t<span class=\"elementor-button-text\">DHI Sa\u00e7 Ekimi<\/span>\n\t\t\t\t\t<\/span>\n\t\t\t\t\t<\/a>\n\t\t\t\t\t\t\t\t<\/div>\n\t\t\t\t<div class=\"elementor-element elementor-element-f20f9b7 elementor-widget elementor-widget-button\" data-id=\"f20f9b7\" data-element_type=\"widget\" data-e-type=\"widget\" data-widget_type=\"button.default\">\n\t\t\t\t\t\t\t\t\t\t<a class=\"elementor-button elementor-button-link elementor-size-sm\" href=\"https:\/\/medicaltravel.at\/tr\/sac-ekimi\/hizmet-yelpazesi\/kadinlar-icin-fue-sac-ekimi-istanbul-tuerkiye\/\">\n\t\t\t\t\t\t<span class=\"elementor-button-content-wrapper\">\n\t\t\t\t\t\t\t\t\t<span class=\"elementor-button-text\">Kad\u0131nlar \u0130\u00e7in FUE<\/span>\n\t\t\t\t\t<\/span>\n\t\t\t\t\t<\/a>\n\t\t\t\t\t\t\t\t<\/div>\n\t\t\t\t<div class=\"elementor-element elementor-element-348dbfc elementor-widget elementor-widget-button\" data-id=\"348dbfc\" data-element_type=\"widget\" data-e-type=\"widget\" data-widget_type=\"button.default\">\n\t\t\t\t\t\t\t\t\t\t<a class=\"elementor-button elementor-button-link elementor-size-sm\" href=\"https:\/\/medicaltravel.at\/haartransplantation\/leistungsspektrum\/longhaar-istanbul-turkei\/\">\n\t\t\t\t\t\t<span class=\"elementor-button-content-wrapper\">\n\t\t\t\t\t\t\t\t\t<span class=\"elementor-button-text\">Uzun Sa\u00e7<\/span>\n\t\t\t\t\t<\/span>\n\t\t\t\t\t<\/a>\n\t\t\t\t\t\t\t\t<\/div>\n\t\t\t\t<div class=\"elementor-element elementor-element-be7a579 elementor-widget elementor-widget-button\" data-id=\"be7a579\" data-element_type=\"widget\" data-e-type=\"widget\" data-widget_type=\"button.default\">\n\t\t\t\t\t\t\t\t\t\t<a class=\"elementor-button elementor-button-link elementor-size-sm\" href=\"https:\/\/medicaltravel.at\/tr\/sac-ekimi\/hizmet-yelpazesi\/prp-ve-koek-huecre-sac-tedavisi-istanbul-tuerkiye\/\">\n\t\t\t\t\t\t<span class=\"elementor-button-content-wrapper\">\n\t\t\t\t\t\t\t\t\t<span class=\"elementor-button-text\">PRP K\u00f6k H\u00fccre Tedavisi<\/span>\n\t\t\t\t\t<\/span>\n\t\t\t\t\t<\/a>\n\t\t\t\t\t\t\t\t<\/div>\n\t\t\t\t<div class=\"elementor-element elementor-element-cd57943 elementor-widget elementor-widget-button\" data-id=\"cd57943\" data-element_type=\"widget\" data-e-type=\"widget\" data-widget_type=\"button.default\">\n\t\t\t\t\t\t\t\t\t\t<a class=\"elementor-button elementor-button-link elementor-size-sm\" href=\"https:\/\/medicaltravel.at\/tr\/sac-ekimi\/hizmet-yelpazesi\/tuerkiyede-kas-ekimi-istanbul-antalya\/\">\n\t\t\t\t\t\t<span class=\"elementor-button-content-wrapper\">\n\t\t\t\t\t\t\t\t\t<span class=\"elementor-button-text\">Ka\u015f Ekimi<\/span>\n\t\t\t\t\t<\/span>\n\t\t\t\t\t<\/a>\n\t\t\t\t\t\t\t\t<\/div>\n\t\t\t\t<div class=\"elementor-element elementor-element-f0ef23c elementor-widget elementor-widget-button\" data-id=\"f0ef23c\" data-element_type=\"widget\" data-e-type=\"widget\" data-widget_type=\"button.default\">\n\t\t\t\t\t\t\t\t\t\t<a class=\"elementor-button elementor-button-link elementor-size-sm\" href=\"https:\/\/medicaltravel.at\/tr\/sac-ekimi\/hizmet-yelpazesi\/sac-ekimi-ile-ilgili-sik-sorulan-sorular\/\">\n\t\t\t\t\t\t<span class=\"elementor-button-content-wrapper\">\n\t\t\t\t\t\t\t\t\t<span class=\"elementor-button-text\">S\u0131k Sorulan Sorular<\/span>\n\t\t\t\t\t<\/span>\n\t\t\t\t\t<\/a>\n\t\t\t\t\t\t\t\t<\/div>\n\t\t\t\t<\/div>\n\t\t\t\t<div class=\"elementor-element elementor-element-107ee2e7 elementor-widget elementor-widget-text-editor\" data-id=\"107ee2e7\" data-element_type=\"widget\" data-e-type=\"widget\" data-widget_type=\"text-editor.default\">\n\t\t\t\t\t\t\t\t\t<h2 class=\"wp-block-heading\">Erkekler i\u00e7in FUE ile Sa\u00e7 Ekimi \u2013 T\u00fcrkiye \u2013 \u0130stanbul<\/h2>\n<h2 class=\"wp-block-heading\">Erkekler i\u00e7in FUE Sa\u00e7 Ekimi \u2013 \u0130stanbul \u2013 Antalya<\/h2>\n<figure class=\"wp-block-image size-full\"><img fetchpriority=\"high\" decoding=\"async\" width=\"500\" height=\"219\" class=\"wp-image-1735\" src=\"https:\/\/medicaltravel.at\/wp-content\/uploads\/2025\/09\/FUE-fur-Eigenhaarverpflanzungen.jpg\" alt=\"\" srcset=\"https:\/\/medicaltravel.at\/wp-content\/uploads\/2025\/09\/FUE-fur-Eigenhaarverpflanzungen.jpg 500w, https:\/\/medicaltravel.at\/wp-content\/uploads\/2025\/09\/FUE-fur-Eigenhaarverpflanzungen-300x131.jpg 300w\" sizes=\"(max-width: 500px) 100vw, 500px\" \/><\/figure>\n<p id=\"caption-attachment-378\">FUE ile Kendi Sa\u00e7 Nakli<\/p>\n<p><strong>Sa\u00e7 Ekimi <\/strong>\u2013 Sa\u00e7 D\u00f6k\u00fclmesinde Etkili Bir \u00c7\u00f6z\u00fcm<\/p>\n<p>Sa\u00e7 d\u00f6k\u00fclmesi genetik veya hormonal kaynakl\u0131ysa, sa\u00e7lar \u00f6n sa\u00e7 \u00e7izgisi, al\u0131n k\u00f6\u015feleri ve arka tepe b\u00f6lgesinde d\u00f6k\u00fcl\u00fcr. Ancak ense \u00e7evresindeki dayan\u0131kl\u0131 sa\u00e7 k\u00f6kleri korunur. Modern sa\u00e7 ekimi bu durumdan faydalan\u0131r ve sa\u00e7 k\u00f6klerini ak\u0131ll\u0131ca yeniden da\u011f\u0131tarak kal\u0131c\u0131 ve do\u011fal sa\u00e7 b\u00fcy\u00fcmesi sa\u011flar.  <\/p>\n<p>Sa\u00e7 ekimi son y\u0131llarda h\u0131zl\u0131 bir \u015fekilde geli\u015fti. Modern mikrocerrahi teknikler sayesinde art\u0131k ki\u015finin kendi sa\u00e7 k\u00f6kleri, yo\u011fun sa\u00e7l\u0131 b\u00f6lgelerden al\u0131narak sa\u00e7s\u0131z b\u00f6lgelere nakledilebiliyor. <\/p>\n<p><strong>En y\u00fcksek seviyede estetik sonu\u00e7lar.<\/strong><br>En iyi sonu\u00e7 \u2013 yani i\u015flemin yap\u0131ld\u0131\u011f\u0131 fark edilmeyecek kadar do\u011fal bir sonu\u00e7 \u2013 yaln\u0131zca profesyonel bir uzman taraf\u0131ndan elde edilebilir. Bunlar, y\u0131llard\u0131r sa\u00e7 d\u00f6k\u00fclmesi ve \u00e7\u00f6z\u00fcm y\u00f6ntemleri \u00fczerinde \u00e7al\u0131\u015fan uzman doktorlar ve asistanlar\u0131d\u0131r. <\/p>\n<p>Bir kez ekilen sa\u00e7 k\u00f6kleri \u00f6m\u00fcr boyu sa\u011fl\u0131kl\u0131 sa\u00e7 \u00fcretir, bu nedenle sa\u00e7 ekimi kal\u0131c\u0131 bir \u00e7\u00f6z\u00fcm sa\u011flar. Etkileyici sonu\u00e7: Y\u00fczeysel yara iyile\u015fme s\u00fcreci tamamland\u0131ktan sonra, ekilen sa\u00e7 k\u00f6kleri 2-3 ay i\u00e7inde yeni, sa\u011fl\u0131kl\u0131 ve g\u00fc\u00e7l\u00fc sa\u00e7lar \u00fcretmeye ba\u015flar ve bu sa\u00e7lar \u00f6m\u00fcr boyu korunur. Yeni sa\u00e7lar normal \u015fekilde kesilebilir, y\u0131kanabilir, f\u00f6n yap\u0131labilir, perma uygulanabilir ve boyanabilir.  <\/p>\n<p><strong>T\u00fcrkiye\u2019deki sa\u00e7 kliniklerinde<\/strong> en yeni y\u00f6ntemler ile kendi sa\u00e7\u0131n\u0131z\u0131n nakli (sa\u00e7 ekimi) yap\u0131lmaktad\u0131r. Baz\u0131 \u00f6rnekler \u015funlard\u0131r: <\/p>\n<p><strong>FUE Folik\u00fcler \u00dcnite Ekstraksiyonu<\/strong><br>FUE tedavisi sadece T\u00fcrkiye\u2019de de\u011fil, d\u00fcnya genelinde sa\u00e7 ekiminin en yeni tekni\u011fidir. Bu y\u00f6ntemde sa\u00e7l\u0131 b\u00f6lgelerden canl\u0131 sa\u00e7 k\u00f6kleri al\u0131n\u0131r ve ard\u0131ndan sa\u00e7s\u0131z b\u00f6lgelere ekilir. B\u00f6ylece \u00e7ok do\u011fal bir sonu\u00e7 elde edilir. Sa\u00e7 ekiminde uygulanan FUE tedavisi g\u00fcn\u00fcm\u00fczdeki en modern y\u00f6ntemdir.   <\/p>\n<p>FUT y\u00f6nteminden fark\u0131, greftlerin do\u011frudan sa\u00e7 k\u00f6klerinden ve deri \u00fczerinden al\u0131nmas\u0131d\u0131r. Al\u0131m s\u0131ras\u0131nda lanset veya skapel kullan\u0131lmad\u0131\u011f\u0131 i\u00e7in bu b\u00f6lgelerde iz olu\u015fmaz. Bu sayede k\u0131sa s\u00fcrede dolgun sa\u00e7 \u00e7\u0131k\u0131\u015f\u0131 g\u00f6zlemlenebilir. Her iki teknik de sa\u00e7 ekiminde ayn\u0131 nakil y\u00f6ntemini kullan\u0131r; fark yaln\u0131zca greftlerin al\u0131nma \u015feklidir. Her iki sa\u00e7 ekimi y\u00f6ntemi de sonunda istenen ba\u015far\u0131y\u0131 sa\u011flar.    <\/p>\n<p><strong>FUE Y\u00f6ntemi (FOL\u0130K\u00dcLER \u00dcN\u0130TE EKSTRAKS\u0130YONU) ne zaman tercih edilmelidir:<\/strong><br>Sa\u00e7lar\u0131n\u0131z b\u00fcy\u00fcme durduktan sonra k\u0131sa (0,5 cm\u2019den daha k\u0131sa) kullan\u0131lacaksa FUE y\u00f6ntemi daha uygundur, \u00e7\u00fcnk\u00fc al\u0131m yap\u0131lan b\u00f6lgede hi\u00e7 iz kalmaz.<\/p>\n<p>Bazen kafa \u00fczerinde sa\u00e7 ekimi i\u00e7in yeterli don\u00f6r b\u00f6lge olmayabilir. B\u00f6yle durumlarda FUE y\u00f6ntemi, v\u00fccudun di\u011fer b\u00f6lgelerindeki sa\u00e7lar\u0131n da nakledilmesini sa\u011flar. Tabii ki burada da ekilen sa\u00e7lar\u0131n kendi sa\u00e7lar\u0131n\u0131z olmas\u0131 gerekir. Zamanla ekilen v\u00fccut sa\u00e7lar\u0131, \u00e7evredeki kafa sa\u00e7lar\u0131n\u0131n \u00f6zelliklerine belirli \u00f6l\u00e7\u00fcde uyum sa\u011flar. Ayr\u0131ca FUE tekni\u011fi, elastik cilde sahip gen\u00e7 ki\u015filer i\u00e7in sa\u00e7 ekimi a\u00e7\u0131s\u0131ndan \u00f6zellikle tavsiye edilir.    <\/p>\n<p><strong>FUE Tedavisinin A\u015famalar\u0131:<\/strong><\/p>\n<ul class=\"wp-block-list\">\n<li>Sa\u00e7 ekiminden \u00f6nce ense b\u00f6lgesindeki sa\u00e7lar t\u0131ra\u015f edilir. Bu i\u015flemle daha geni\u015f bir alan haz\u0131rlanm\u0131\u015f olur. <\/li>\n<li>Sa\u00e7 al\u0131nacak b\u00f6lgeler lokal anestezi ile uyu\u015fturulur.<\/li>\n<li>\u015eimdi sa\u00e7 k\u00f6kleri al\u0131n\u0131r.<\/li>\n<li>\u0130stenilen greft say\u0131s\u0131na ula\u015f\u0131lana kadar bazen i\u015flemler birka\u00e7 g\u00fcn boyunca a\u015famalar halinde yap\u0131l\u0131r.<\/li>\n<li>Daha sonra sa\u00e7 k\u00f6kleri cerrahi olarak ekilir.<\/li>\n<\/ul>\n<p><strong>Tedavi s\u00fcresi ne kadar?<\/strong><br>B\u00f6yle bir tedavi yakla\u015f\u0131k 3-5 saat s\u00fcrer. Genellikle t\u00fcm sa\u00e7 ekimi i\u00e7in yakla\u015f\u0131k 2 g\u00fcn ay\u0131rmak gerekir, ancak bu s\u00fcre ki\u015fiden ki\u015fiye de\u011fi\u015febilir. Tedavi plan\u0131 yap\u0131labilmesi i\u00e7in l\u00fctfen a\u015fa\u011f\u0131daki foto\u011fraflar\u0131 <a href=\"mailto:info@medicaltravel.net\">info(at)medicaltravel.net<\/a> adresine veya <a href=\"https:\/\/web.whatsapp.com\/send?phone=41%2078%20737%2035%2041&amp;text=&amp;source=&amp;data=\" target=\"_blank\" rel=\"noopener\">WhatsApp<\/a> \u00fczerinden g\u00f6nderin:   <\/p>\n<p>\u00d6nden, ba\u015f hafif \u00f6ne e\u011fik,<br>yanlardan,<br>\u00fcstten,<br>don\u00f6r b\u00f6lgeden (ense sa\u00e7 \u00e7evresi).<\/p>\n<p>Bu foto\u011fraflar\u0131 ald\u0131ktan sonra doktorlar\u0131m\u0131z, sa\u00e7lar\u0131n\u0131z\u0131n sa\u00e7 ekimi i\u00e7in uygun olup olmad\u0131\u011f\u0131n\u0131, hangi y\u00f6ntemin daha uygun olaca\u011f\u0131n\u0131 ve tatmin edici bir sonu\u00e7 i\u00e7in ka\u00e7 greft gerekti\u011fini size bildirebilir.<\/p>\n<p>Hala sorular\u0131n\u0131z m\u0131 var? Biz sizinle <a href=\"https:\/\/medicaltravel.at\/tr\/iletisim\/\" data-type=\"page\" data-id=\"976\">ileti\u015fime ge\u00e7meyi <\/a>d\u00f6rt g\u00f6zle bekliyoruz. <\/p>\t\t\t\t\t\t\t\t<\/div>\n\t\t\t\t\t<\/div>\n\t\t\t\t<\/div>\n\t\t\t\t<\/div>\n\t\t","protected":false},"excerpt":{"rendered":"<p>Erkekler \u0130\u00e7in FUE DHI Sa\u00e7 Ekimi Kad\u0131nlar \u0130\u00e7in FUE Uzun Sa\u00e7 PRP K\u00f6k H\u00fccre Tedavisi Ka\u015f Ekimi S\u0131k Sorulan Sorular Erkekler i\u00e7in FUE ile Sa\u00e7 Ekimi \u2013 T\u00fcrkiye \u2013 \u0130stanbul Erkekler i\u00e7in FUE Sa\u00e7 Ekimi \u2013 \u0130stanbul \u2013 Antalya FUE ile Kendi Sa\u00e7 Nakli Sa\u00e7 Ekimi \u2013 Sa\u00e7 D\u00f6k\u00fclmesinde Etkili Bir \u00c7\u00f6z\u00fcm Sa\u00e7 d\u00f6k\u00fclmesi genetik veya hormonal kaynakl\u0131ysa, sa\u00e7lar \u00f6n sa\u00e7 \u00e7izgisi, al\u0131n k\u00f6\u015feleri ve arka tepe b\u00f6lgesinde d\u00f6k\u00fcl\u00fcr. Ancak ense \u00e7evresindeki dayan\u0131kl\u0131 sa\u00e7 k\u00f6kleri korunur. Modern sa\u00e7 ekimi bu durumdan faydalan\u0131r ve sa\u00e7 k\u00f6klerini ak\u0131ll\u0131ca yeniden da\u011f\u0131tarak kal\u0131c\u0131 ve do\u011fal sa\u00e7 b\u00fcy\u00fcmesi sa\u011flar. Sa\u00e7 ekimi son y\u0131llarda h\u0131zl\u0131 bir \u015fekilde geli\u015fti. Modern mikrocerrahi teknikler sayesinde art\u0131k ki\u015finin kendi sa\u00e7 k\u00f6kleri, yo\u011fun sa\u00e7l\u0131 b\u00f6lgelerden al\u0131narak sa\u00e7s\u0131z b\u00f6lgelere nakledilebiliyor. En y\u00fcksek seviyede estetik sonu\u00e7lar.En iyi sonu\u00e7 \u2013 yani i\u015flemin yap\u0131ld\u0131\u011f\u0131 fark edilmeyecek kadar do\u011fal bir sonu\u00e7 \u2013 yaln\u0131zca profesyonel bir uzman taraf\u0131ndan elde edilebilir. Bunlar, y\u0131llard\u0131r sa\u00e7 d\u00f6k\u00fclmesi ve \u00e7\u00f6z\u00fcm y\u00f6ntemleri \u00fczerinde \u00e7al\u0131\u015fan uzman doktorlar ve asistanlar\u0131d\u0131r. Bir kez ekilen sa\u00e7 k\u00f6kleri \u00f6m\u00fcr boyu sa\u011fl\u0131kl\u0131 sa\u00e7 \u00fcretir, bu nedenle sa\u00e7 ekimi kal\u0131c\u0131 bir \u00e7\u00f6z\u00fcm sa\u011flar. Etkileyici sonu\u00e7: Y\u00fczeysel yara iyile\u015fme s\u00fcreci tamamland\u0131ktan sonra, ekilen sa\u00e7 k\u00f6kleri 2-3 ay i\u00e7inde yeni, sa\u011fl\u0131kl\u0131 ve g\u00fc\u00e7l\u00fc sa\u00e7lar \u00fcretmeye ba\u015flar ve bu sa\u00e7lar \u00f6m\u00fcr boyu korunur. Yeni sa\u00e7lar normal \u015fekilde kesilebilir, y\u0131kanabilir, f\u00f6n yap\u0131labilir, perma uygulanabilir ve boyanabilir. T\u00fcrkiye\u2019deki sa\u00e7 kliniklerinde en yeni y\u00f6ntemler ile kendi sa\u00e7\u0131n\u0131z\u0131n nakli (sa\u00e7 ekimi) yap\u0131lmaktad\u0131r. Baz\u0131 \u00f6rnekler \u015funlard\u0131r: FUE Folik\u00fcler \u00dcnite EkstraksiyonuFUE tedavisi sadece T\u00fcrkiye\u2019de de\u011fil, d\u00fcnya genelinde sa\u00e7 ekiminin en yeni tekni\u011fidir. Bu y\u00f6ntemde sa\u00e7l\u0131 b\u00f6lgelerden canl\u0131 sa\u00e7 k\u00f6kleri al\u0131n\u0131r ve ard\u0131ndan sa\u00e7s\u0131z b\u00f6lgelere ekilir. B\u00f6ylece \u00e7ok do\u011fal bir sonu\u00e7 elde edilir. Sa\u00e7 ekiminde uygulanan FUE tedavisi g\u00fcn\u00fcm\u00fczdeki en modern y\u00f6ntemdir. FUT y\u00f6nteminden fark\u0131, greftlerin do\u011frudan sa\u00e7 k\u00f6klerinden ve deri \u00fczerinden al\u0131nmas\u0131d\u0131r. Al\u0131m s\u0131ras\u0131nda lanset veya skapel kullan\u0131lmad\u0131\u011f\u0131 i\u00e7in bu b\u00f6lgelerde iz olu\u015fmaz. Bu sayede k\u0131sa s\u00fcrede dolgun sa\u00e7 \u00e7\u0131k\u0131\u015f\u0131 g\u00f6zlemlenebilir. Her iki teknik de sa\u00e7 ekiminde ayn\u0131 nakil y\u00f6ntemini kullan\u0131r; fark yaln\u0131zca greftlerin al\u0131nma \u015feklidir. Her iki sa\u00e7 ekimi y\u00f6ntemi de sonunda istenen ba\u015far\u0131y\u0131 sa\u011flar. FUE Y\u00f6ntemi (FOL\u0130K\u00dcLER \u00dcN\u0130TE EKSTRAKS\u0130YONU) ne zaman tercih edilmelidir:Sa\u00e7lar\u0131n\u0131z b\u00fcy\u00fcme durduktan sonra k\u0131sa (0,5 cm\u2019den daha k\u0131sa) kullan\u0131lacaksa FUE y\u00f6ntemi daha uygundur, \u00e7\u00fcnk\u00fc al\u0131m yap\u0131lan b\u00f6lgede hi\u00e7 iz kalmaz. Bazen kafa \u00fczerinde sa\u00e7 ekimi i\u00e7in yeterli don\u00f6r b\u00f6lge olmayabilir. B\u00f6yle durumlarda FUE y\u00f6ntemi, v\u00fccudun di\u011fer b\u00f6lgelerindeki sa\u00e7lar\u0131n da nakledilmesini sa\u011flar. Tabii ki burada da ekilen sa\u00e7lar\u0131n kendi sa\u00e7lar\u0131n\u0131z olmas\u0131 gerekir. Zamanla ekilen v\u00fccut sa\u00e7lar\u0131, \u00e7evredeki kafa sa\u00e7lar\u0131n\u0131n \u00f6zelliklerine belirli \u00f6l\u00e7\u00fcde uyum sa\u011flar. Ayr\u0131ca FUE tekni\u011fi, elastik cilde sahip gen\u00e7 ki\u015filer i\u00e7in sa\u00e7 ekimi a\u00e7\u0131s\u0131ndan \u00f6zellikle tavsiye edilir. FUE Tedavisinin A\u015famalar\u0131: Sa\u00e7 ekiminden \u00f6nce ense b\u00f6lgesindeki sa\u00e7lar t\u0131ra\u015f edilir. Bu i\u015flemle daha geni\u015f bir alan haz\u0131rlanm\u0131\u015f olur. Sa\u00e7 al\u0131nacak b\u00f6lgeler lokal anestezi ile uyu\u015fturulur. \u015eimdi sa\u00e7 k\u00f6kleri al\u0131n\u0131r. \u0130stenilen greft say\u0131s\u0131na ula\u015f\u0131lana kadar bazen i\u015flemler birka\u00e7 g\u00fcn boyunca a\u015famalar halinde yap\u0131l\u0131r. Daha sonra sa\u00e7 k\u00f6kleri cerrahi olarak ekilir. Tedavi s\u00fcresi ne kadar?B\u00f6yle bir tedavi yakla\u015f\u0131k 3-5 saat s\u00fcrer. Genellikle t\u00fcm sa\u00e7 ekimi i\u00e7in yakla\u015f\u0131k 2 g\u00fcn ay\u0131rmak gerekir, ancak bu s\u00fcre ki\u015fiden ki\u015fiye de\u011fi\u015febilir. Tedavi plan\u0131 yap\u0131labilmesi i\u00e7in l\u00fctfen a\u015fa\u011f\u0131daki foto\u011fraflar\u0131 info(at)medicaltravel.net adresine veya WhatsApp \u00fczerinden g\u00f6nderin: \u00d6nden, ba\u015f hafif \u00f6ne e\u011fik,yanlardan,\u00fcstten,don\u00f6r b\u00f6lgeden (ense sa\u00e7 \u00e7evresi). Bu foto\u011fraflar\u0131 ald\u0131ktan sonra doktorlar\u0131m\u0131z, sa\u00e7lar\u0131n\u0131z\u0131n sa\u00e7 ekimi i\u00e7in uygun olup olmad\u0131\u011f\u0131n\u0131, hangi y\u00f6ntemin daha uygun olaca\u011f\u0131n\u0131 ve tatmin edici bir sonu\u00e7 i\u00e7in ka\u00e7 greft gerekti\u011fini size bildirebilir. Hala sorular\u0131n\u0131z m\u0131 var? Biz sizinle ileti\u015fime ge\u00e7meyi d\u00f6rt g\u00f6zle bekliyoruz.<\/p>\n","protected":false},"author":4,"featured_media":0,"parent":4994,"menu_order":0,"comment_status":"closed","ping_status":"closed","template":"","meta":{"_joinchat":[],"footnotes":""},"class_list":["post-5021","page","type-page","status-publish","hentry"],"acf":[],"_links":{"self":[{"href":"https:\/\/medicaltravel.at\/tr\/wp-json\/wp\/v2\/pages\/5021","targetHints":{"allow":["GET"]}}],"collection":[{"href":"https:\/\/medicaltravel.at\/tr\/wp-json\/wp\/v2\/pages"}],"about":[{"href":"https:\/\/medicaltravel.at\/tr\/wp-json\/wp\/v2\/types\/page"}],"author":[{"embeddable":true,"href":"https:\/\/medicaltravel.at\/tr\/wp-json\/wp\/v2\/users\/4"}],"replies":[{"embeddable":true,"href":"https:\/\/medicaltravel.at\/tr\/wp-json\/wp\/v2\/comments?post=5021"}],"version-history":[{"count":3,"href":"https:\/\/medicaltravel.at\/tr\/wp-json\/wp\/v2\/pages\/5021\/revisions"}],"predecessor-version":[{"id":5399,"href":"https:\/\/medicaltravel.at\/tr\/wp-json\/wp\/v2\/pages\/5021\/revisions\/5399"}],"up":[{"embeddable":true,"href":"https:\/\/medicaltravel.at\/tr\/wp-json\/wp\/v2\/pages\/4994"}],"wp:attachment":[{"href":"https:\/\/medicaltravel.at\/tr\/wp-json\/wp\/v2\/media?parent=5021"}],"curies":[{"name":"wp","href":"https:\/\/api.w.org\/{rel}","templated":true}]}}