{"id":5013,"date":"2025-09-28T21:45:36","date_gmt":"2025-09-28T20:45:36","guid":{"rendered":"https:\/\/medicaltravel.at\/sac-ekimi\/hizmet-yelpazesi\/kadinlar-icin-fue-sac-ekimi-istanbul-tuerkiye\/"},"modified":"2026-01-04T17:32:29","modified_gmt":"2026-01-04T16:32:29","slug":"kadinlar-icin-fue-sac-ekimi-istanbul-tuerkiye","status":"publish","type":"page","link":"https:\/\/medicaltravel.at\/tr\/sac-ekimi\/hizmet-yelpazesi\/kadinlar-icin-fue-sac-ekimi-istanbul-tuerkiye\/","title":{"rendered":"Kad\u0131nlar i\u00e7in FUE Sa\u00e7 Ekimi \u0130stanbul T\u00fcrkiye"},"content":{"rendered":"\t\t<div data-elementor-type=\"wp-page\" data-elementor-id=\"5013\" class=\"elementor elementor-5013 elementor-1724\" data-elementor-post-type=\"page\">\n\t\t\t\t<div class=\"elementor-element elementor-element-7bb9feb9 e-flex e-con-boxed wpr-particle-no wpr-jarallax-no wpr-parallax-no wpr-sticky-section-no e-con e-parent\" data-id=\"7bb9feb9\" data-element_type=\"container\" data-e-type=\"container\">\n\t\t\t\t\t<div class=\"e-con-inner\">\n\t\t<div class=\"elementor-element elementor-element-9c72ff5 e-con-full e-flex wpr-particle-no wpr-jarallax-no wpr-parallax-no wpr-sticky-section-no e-con e-child\" data-id=\"9c72ff5\" data-element_type=\"container\" data-e-type=\"container\">\n\t\t\t\t<div class=\"elementor-element elementor-element-8368a2c elementor-widget elementor-widget-button\" data-id=\"8368a2c\" data-element_type=\"widget\" data-e-type=\"widget\" data-widget_type=\"button.default\">\n\t\t\t\t\t\t\t\t\t\t<a class=\"elementor-button elementor-button-link elementor-size-sm\" href=\"https:\/\/medicaltravel.at\/tr\/sac-ekimi\/hizmet-yelpazesi\/erkekler-icin-fue-sac-ekimi-istanbul-tuerkiye\/\">\n\t\t\t\t\t\t<span class=\"elementor-button-content-wrapper\">\n\t\t\t\t\t\t\t\t\t<span class=\"elementor-button-text\">Erkekler \u0130\u00e7in FUE<\/span>\n\t\t\t\t\t<\/span>\n\t\t\t\t\t<\/a>\n\t\t\t\t\t\t\t\t<\/div>\n\t\t\t\t<div class=\"elementor-element elementor-element-ddc1a78 elementor-widget elementor-widget-button\" data-id=\"ddc1a78\" data-element_type=\"widget\" data-e-type=\"widget\" data-widget_type=\"button.default\">\n\t\t\t\t\t\t\t\t\t\t<a class=\"elementor-button elementor-button-link elementor-size-sm\" href=\"https:\/\/medicaltravel.a\/haartransplantation\/leistungsspektrum\/dhi-haartranplantation-istanbul-tuerkei\/\">\n\t\t\t\t\t\t<span class=\"elementor-button-content-wrapper\">\n\t\t\t\t\t\t\t\t\t<span class=\"elementor-button-text\">DHI Sa\u00e7 Ekimi<\/span>\n\t\t\t\t\t<\/span>\n\t\t\t\t\t<\/a>\n\t\t\t\t\t\t\t\t<\/div>\n\t\t\t\t<div class=\"elementor-element elementor-element-5b20380 elementor-widget elementor-widget-button\" data-id=\"5b20380\" data-element_type=\"widget\" data-e-type=\"widget\" data-widget_type=\"button.default\">\n\t\t\t\t\t\t\t\t\t\t<a class=\"elementor-button elementor-button-link elementor-size-sm\" href=\"https:\/\/medicaltravel.at\/tr\/sac-ekimi\/hizmet-yelpazesi\/kadinlar-icin-fue-sac-ekimi-istanbul-tuerkiye\/\">\n\t\t\t\t\t\t<span class=\"elementor-button-content-wrapper\">\n\t\t\t\t\t\t\t\t\t<span class=\"elementor-button-text\">Kad\u0131nlar \u0130\u00e7in FUE<\/span>\n\t\t\t\t\t<\/span>\n\t\t\t\t\t<\/a>\n\t\t\t\t\t\t\t\t<\/div>\n\t\t\t\t<div class=\"elementor-element elementor-element-aa4ec65 elementor-widget elementor-widget-button\" data-id=\"aa4ec65\" data-element_type=\"widget\" data-e-type=\"widget\" data-widget_type=\"button.default\">\n\t\t\t\t\t\t\t\t\t\t<a class=\"elementor-button elementor-button-link elementor-size-sm\" href=\"https:\/\/medicaltravel.at\/haartransplantation\/leistungsspektrum\/longhaar-istanbul-turkei\/\">\n\t\t\t\t\t\t<span class=\"elementor-button-content-wrapper\">\n\t\t\t\t\t\t\t\t\t<span class=\"elementor-button-text\">Uzun Sa\u00e7<\/span>\n\t\t\t\t\t<\/span>\n\t\t\t\t\t<\/a>\n\t\t\t\t\t\t\t\t<\/div>\n\t\t\t\t<div class=\"elementor-element elementor-element-4a75657 elementor-widget elementor-widget-button\" data-id=\"4a75657\" data-element_type=\"widget\" data-e-type=\"widget\" data-widget_type=\"button.default\">\n\t\t\t\t\t\t\t\t\t\t<a class=\"elementor-button elementor-button-link elementor-size-sm\" href=\"https:\/\/medicaltravel.at\/tr\/sac-ekimi\/hizmet-yelpazesi\/prp-ve-koek-huecre-sac-tedavisi-istanbul-tuerkiye\/\">\n\t\t\t\t\t\t<span class=\"elementor-button-content-wrapper\">\n\t\t\t\t\t\t\t\t\t<span class=\"elementor-button-text\">PRP K\u00f6k H\u00fccre Tedavisi<\/span>\n\t\t\t\t\t<\/span>\n\t\t\t\t\t<\/a>\n\t\t\t\t\t\t\t\t<\/div>\n\t\t\t\t<div class=\"elementor-element elementor-element-a0ca0e8 elementor-widget elementor-widget-button\" data-id=\"a0ca0e8\" data-element_type=\"widget\" data-e-type=\"widget\" data-widget_type=\"button.default\">\n\t\t\t\t\t\t\t\t\t\t<a class=\"elementor-button elementor-button-link elementor-size-sm\" href=\"https:\/\/medicaltravel.at\/tr\/sac-ekimi\/hizmet-yelpazesi\/tuerkiyede-kas-ekimi-istanbul-antalya\/\">\n\t\t\t\t\t\t<span class=\"elementor-button-content-wrapper\">\n\t\t\t\t\t\t\t\t\t<span class=\"elementor-button-text\">Ka\u015f Ekimi<\/span>\n\t\t\t\t\t<\/span>\n\t\t\t\t\t<\/a>\n\t\t\t\t\t\t\t\t<\/div>\n\t\t\t\t<div class=\"elementor-element elementor-element-4388c15 elementor-widget elementor-widget-button\" data-id=\"4388c15\" data-element_type=\"widget\" data-e-type=\"widget\" data-widget_type=\"button.default\">\n\t\t\t\t\t\t\t\t\t\t<a class=\"elementor-button elementor-button-link elementor-size-sm\" href=\"https:\/\/medicaltravel.at\/tr\/sac-ekimi\/hizmet-yelpazesi\/sac-ekimi-ile-ilgili-sik-sorulan-sorular\/\">\n\t\t\t\t\t\t<span class=\"elementor-button-content-wrapper\">\n\t\t\t\t\t\t\t\t\t<span class=\"elementor-button-text\">S\u0131k Sorulan Sorular<\/span>\n\t\t\t\t\t<\/span>\n\t\t\t\t\t<\/a>\n\t\t\t\t\t\t\t\t<\/div>\n\t\t\t\t<\/div>\n\t\t\t\t<div class=\"elementor-element elementor-element-26ea2a3d elementor-widget elementor-widget-text-editor\" data-id=\"26ea2a3d\" data-element_type=\"widget\" data-e-type=\"widget\" data-widget_type=\"text-editor.default\">\n\t\t\t\t\t\t\t\t\t\n<h2 class=\"wp-block-heading\">T\u00fcrkiye\u2019de Kad\u0131nlar i\u00e7in Sa\u00e7 Ekimi \u2013 \u0130stanbul<\/h2>\n\n<h2 class=\"wp-block-heading\"><strong>Kad\u0131nlar i\u00e7in FUE Sa\u00e7 Ekimi<\/strong><\/h2>\n\n<figure class=\"wp-block-image size-full\"><img fetchpriority=\"high\" decoding=\"async\" width=\"500\" height=\"219\" class=\"wp-image-1740\" src=\"https:\/\/medicaltravel.at\/wp-content\/uploads\/2025\/09\/Haarbehandlungen-FUE-fur-Frauen-1.jpg\" alt=\"\" srcset=\"https:\/\/medicaltravel.at\/wp-content\/uploads\/2025\/09\/Haarbehandlungen-FUE-fur-Frauen-1.jpg 500w, https:\/\/medicaltravel.at\/wp-content\/uploads\/2025\/09\/Haarbehandlungen-FUE-fur-Frauen-1-300x131.jpg 300w\" sizes=\"(max-width: 500px) 100vw, 500px\" \/><\/figure>\n\n<p id=\"caption-attachment-385\">Kad\u0131nlar i\u00e7in FUE Sa\u00e7 Tedavileri<\/p>\n\n<p><strong>T\u00dcRK\u0130YE\u2019DE KADINLAR \u0130\u00c7\u0130N SA\u00c7 EK\u0130M\u0130<\/strong><\/p>\n\n<p>Kad\u0131nlarda sa\u00e7 d\u00f6k\u00fclmesi genellikle anemi (kans\u0131zl\u0131k), mineral ve vitamin eksikli\u011fi, hormonal dengesizlik, tiroid hastal\u0131klar\u0131, hamilelik, emzirme gibi nedenlerden kaynaklan\u0131r. Kad\u0131nlarda sa\u00e7 d\u00f6k\u00fclmesinin tedavisinde \u00f6ncelikle sa\u00e7 d\u00f6k\u00fclmesine neden olan sebebin ortadan kald\u0131r\u0131lmas\u0131 gerekir. Bu nedenle sa\u00e7 ekimine karar verilmeden \u00f6nce mutlaka dermatologlar, dahiliye uzmanlar\u0131 ve baz\u0131 durumlarda endokrinoloji uzmanlar\u0131na dan\u0131\u015f\u0131lmal\u0131d\u0131r. Sa\u00e7 d\u00f6k\u00fclmesine yol a\u00e7an neden giderildi\u011finde, d\u00f6k\u00fclen sa\u00e7lar genellikle bir y\u0131l i\u00e7inde yeniden \u00e7\u0131kar.   <\/p>\n\n<p>Sa\u00e7 ekiminin a\u015famalar\u0131 kad\u0131nlar ve erkekler i\u00e7in ayn\u0131d\u0131r. Ancak kad\u0131nlar, g\u00f6rsel nedenlerden dolay\u0131 sa\u00e7lar\u0131n tamamen t\u0131ra\u015f edilmesini genellikle istemez. Bu nedenle kad\u0131nlarda sa\u00e7 ekimi s\u0131ras\u0131nda, greft al\u0131m a\u015famas\u0131nda farkl\u0131 bir y\u00f6ntem uygulan\u0131r. T\u00fcm sa\u00e7lar t\u0131ra\u015f edilmek yerine, kulaklar\u0131n aras\u0131nda kalan yakla\u015f\u0131k 2\u20132,5 cm geni\u015fli\u011finde ve yakla\u015f\u0131k 15 cm uzunlu\u011fundaki bir alan\u0131n sa\u00e7lar\u0131 yukar\u0131 kald\u0131r\u0131l\u0131r ve sadece bu b\u00f6l\u00fcm t\u0131ra\u015f edilir. Sa\u00e7 k\u00f6kleri bu b\u00f6lgeden mikromotor ile tek tek al\u0131n\u0131r. Al\u0131m i\u015flemi tamamland\u0131ktan sonra, al\u0131nan b\u00f6lge yukar\u0131 kald\u0131r\u0131lan sa\u00e7larla gizlenir. Operasyondan yakla\u015f\u0131k bir hafta sonra bu b\u00f6lgedeki yara iyile\u015fmesi tamamlan\u0131r ve bir ay sonra ki\u015fi, greft al\u0131nan alan\u0131 eliyle neredeyse hi\u00e7 fark edemez.     <\/p>\n\n<p>Greft al\u0131m\u0131ndan sonra, gerekli b\u00f6lgede sa\u00e7lar t\u0131ra\u015f edilmeden, \u00e7ok ince kanallar a\u00e7\u0131l\u0131r. Bu a\u015famadaki tek fark, bu b\u00f6lgedeki sa\u00e7lar\u0131n uzun olmas\u0131d\u0131r. Ekim yap\u0131lan b\u00f6lgenin tekrar normal g\u00f6r\u00fcnmesi yakla\u015f\u0131k bir hafta s\u00fcrer. \u00dc\u00e7 hafta i\u00e7inde d\u00f6k\u00fclecek olan sa\u00e7lar, \u00fc\u00e7 ay sonra yeniden \u00e7\u0131kmaya ba\u015flar. Ekilen sa\u00e7lar\u0131n kalite ve g\u00f6r\u00fcn\u00fcm olarak kendi sa\u00e7lar\u0131n\u0131za tamamen benzemesi ise yakla\u015f\u0131k bir y\u0131l s\u00fcrer. Bu s\u00fcre\u00e7te destekleyici olarak vitamin tabletleri kullan\u0131labilir veya mezoterapi uygulanabilir.     <\/p>\n\n<p>Bu sa\u00e7 ekimi y\u00f6nteminin g\u00f6rsel avantaj\u0131, sa\u00e7lar\u0131n\u0131z\u0131n k\u0131salt\u0131lmas\u0131na gerek olmamas\u0131d\u0131r. En \u00f6nemli dezavantaj\u0131 ise, tek bir seansta sadece 800\u20131000 greft al\u0131nabilmesidir. <\/p>\n\n<p><strong>Tedavi s\u00fcresi ne kadar?<\/strong><br>B\u00f6yle bir tedavi yakla\u015f\u0131k 3\u20135 saat s\u00fcrer. Genellikle t\u00fcm sa\u00e7 ekimi i\u00e7in yakla\u015f\u0131k 2 g\u00fcnl\u00fck bir s\u00fcre planlan\u0131r. Ancak bu s\u00fcre ki\u015fiden ki\u015fiye de\u011fi\u015febilir. Tedavi plan\u0131 haz\u0131rlanabilmesi i\u00e7in l\u00fctfen a\u015fa\u011f\u0131daki <strong>foto\u011fraflar\u0131<\/strong> <a href=\"mailto:info@medicaltravel.net\">info(at)medicaltravel.net<\/a> adresine veya <a href=\"https:\/\/web.whatsapp.com\/send?phone=41%2078%20737%2035%2041&amp;text=&amp;source=&amp;data=\" target=\"_blank\" rel=\"noopener\">WhatsApp<\/a> \u00fczerinden g\u00f6nderin:   <\/p>\n\n<p>\u00d6nden, ba\u015f hafif \u00f6ne e\u011fik,<br>yanlardan,<br>\u00fcstten,<br>don\u00f6r b\u00f6lgeden (ense sa\u00e7 \u00e7evresi).<\/p>\n\n<p>Bu foto\u011fraflar\u0131 ald\u0131ktan sonra doktorlar\u0131m\u0131z, sa\u00e7lar\u0131n\u0131z\u0131n sa\u00e7 ekimi i\u00e7in uygun olup olmad\u0131\u011f\u0131n\u0131, hangi y\u00f6ntemin daha uygun olaca\u011f\u0131n\u0131 ve tatmin edici bir sonu\u00e7 i\u00e7in ka\u00e7 greft gerekti\u011fini size bildirebilir.<\/p>\n\n<p>Hala sorular\u0131n\u0131z m\u0131 var? Biz sizinle <a href=\"https:\/\/medicaltravel.at\/tr\/iletisim\/\" data-type=\"page\" data-id=\"976\">ileti\u015fime ge\u00e7meyi <\/a>d\u00f6rt g\u00f6zle bekliyoruz. <\/p>\n\t\t\t\t\t\t\t\t<\/div>\n\t\t\t\t\t<\/div>\n\t\t\t\t<\/div>\n\t\t\t\t<\/div>\n\t\t","protected":false},"excerpt":{"rendered":"<p>Erkekler \u0130\u00e7in FUE DHI Sa\u00e7 Ekimi Kad\u0131nlar \u0130\u00e7in FUE Uzun Sa\u00e7 PRP K\u00f6k H\u00fccre Tedavisi Ka\u015f Ekimi S\u0131k Sorulan Sorular T\u00fcrkiye\u2019de Kad\u0131nlar i\u00e7in Sa\u00e7 Ekimi \u2013 \u0130stanbul Kad\u0131nlar i\u00e7in FUE Sa\u00e7 Ekimi Kad\u0131nlar i\u00e7in FUE Sa\u00e7 Tedavileri T\u00dcRK\u0130YE\u2019DE KADINLAR \u0130\u00c7\u0130N SA\u00c7 EK\u0130M\u0130 Kad\u0131nlarda sa\u00e7 d\u00f6k\u00fclmesi genellikle anemi (kans\u0131zl\u0131k), mineral ve vitamin eksikli\u011fi, hormonal dengesizlik, tiroid hastal\u0131klar\u0131, hamilelik, emzirme gibi nedenlerden kaynaklan\u0131r. Kad\u0131nlarda sa\u00e7 d\u00f6k\u00fclmesinin tedavisinde \u00f6ncelikle sa\u00e7 d\u00f6k\u00fclmesine neden olan sebebin ortadan kald\u0131r\u0131lmas\u0131 gerekir. Bu nedenle sa\u00e7 ekimine karar verilmeden \u00f6nce mutlaka dermatologlar, dahiliye uzmanlar\u0131 ve baz\u0131 durumlarda endokrinoloji uzmanlar\u0131na dan\u0131\u015f\u0131lmal\u0131d\u0131r. Sa\u00e7 d\u00f6k\u00fclmesine yol a\u00e7an neden giderildi\u011finde, d\u00f6k\u00fclen sa\u00e7lar genellikle bir y\u0131l i\u00e7inde yeniden \u00e7\u0131kar. Sa\u00e7 ekiminin a\u015famalar\u0131 kad\u0131nlar ve erkekler i\u00e7in ayn\u0131d\u0131r. Ancak kad\u0131nlar, g\u00f6rsel nedenlerden dolay\u0131 sa\u00e7lar\u0131n tamamen t\u0131ra\u015f edilmesini genellikle istemez. Bu nedenle kad\u0131nlarda sa\u00e7 ekimi s\u0131ras\u0131nda, greft al\u0131m a\u015famas\u0131nda farkl\u0131 bir y\u00f6ntem uygulan\u0131r. T\u00fcm sa\u00e7lar t\u0131ra\u015f edilmek yerine, kulaklar\u0131n aras\u0131nda kalan yakla\u015f\u0131k 2\u20132,5 cm geni\u015fli\u011finde ve yakla\u015f\u0131k 15 cm uzunlu\u011fundaki bir alan\u0131n sa\u00e7lar\u0131 yukar\u0131 kald\u0131r\u0131l\u0131r ve sadece bu b\u00f6l\u00fcm t\u0131ra\u015f edilir. Sa\u00e7 k\u00f6kleri bu b\u00f6lgeden mikromotor ile tek tek al\u0131n\u0131r. Al\u0131m i\u015flemi tamamland\u0131ktan sonra, al\u0131nan b\u00f6lge yukar\u0131 kald\u0131r\u0131lan sa\u00e7larla gizlenir. Operasyondan yakla\u015f\u0131k bir hafta sonra bu b\u00f6lgedeki yara iyile\u015fmesi tamamlan\u0131r ve bir ay sonra ki\u015fi, greft al\u0131nan alan\u0131 eliyle neredeyse hi\u00e7 fark edemez. Greft al\u0131m\u0131ndan sonra, gerekli b\u00f6lgede sa\u00e7lar t\u0131ra\u015f edilmeden, \u00e7ok ince kanallar a\u00e7\u0131l\u0131r. Bu a\u015famadaki tek fark, bu b\u00f6lgedeki sa\u00e7lar\u0131n uzun olmas\u0131d\u0131r. Ekim yap\u0131lan b\u00f6lgenin tekrar normal g\u00f6r\u00fcnmesi yakla\u015f\u0131k bir hafta s\u00fcrer. \u00dc\u00e7 hafta i\u00e7inde d\u00f6k\u00fclecek olan sa\u00e7lar, \u00fc\u00e7 ay sonra yeniden \u00e7\u0131kmaya ba\u015flar. Ekilen sa\u00e7lar\u0131n kalite ve g\u00f6r\u00fcn\u00fcm olarak kendi sa\u00e7lar\u0131n\u0131za tamamen benzemesi ise yakla\u015f\u0131k bir y\u0131l s\u00fcrer. Bu s\u00fcre\u00e7te destekleyici olarak vitamin tabletleri kullan\u0131labilir veya mezoterapi uygulanabilir. Bu sa\u00e7 ekimi y\u00f6nteminin g\u00f6rsel avantaj\u0131, sa\u00e7lar\u0131n\u0131z\u0131n k\u0131salt\u0131lmas\u0131na gerek olmamas\u0131d\u0131r. En \u00f6nemli dezavantaj\u0131 ise, tek bir seansta sadece 800\u20131000 greft al\u0131nabilmesidir. Tedavi s\u00fcresi ne kadar?B\u00f6yle bir tedavi yakla\u015f\u0131k 3\u20135 saat s\u00fcrer. Genellikle t\u00fcm sa\u00e7 ekimi i\u00e7in yakla\u015f\u0131k 2 g\u00fcnl\u00fck bir s\u00fcre planlan\u0131r. Ancak bu s\u00fcre ki\u015fiden ki\u015fiye de\u011fi\u015febilir. Tedavi plan\u0131 haz\u0131rlanabilmesi i\u00e7in l\u00fctfen a\u015fa\u011f\u0131daki foto\u011fraflar\u0131 info(at)medicaltravel.net adresine veya WhatsApp \u00fczerinden g\u00f6nderin: \u00d6nden, ba\u015f hafif \u00f6ne e\u011fik,yanlardan,\u00fcstten,don\u00f6r b\u00f6lgeden (ense sa\u00e7 \u00e7evresi). Bu foto\u011fraflar\u0131 ald\u0131ktan sonra doktorlar\u0131m\u0131z, sa\u00e7lar\u0131n\u0131z\u0131n sa\u00e7 ekimi i\u00e7in uygun olup olmad\u0131\u011f\u0131n\u0131, hangi y\u00f6ntemin daha uygun olaca\u011f\u0131n\u0131 ve tatmin edici bir sonu\u00e7 i\u00e7in ka\u00e7 greft gerekti\u011fini size bildirebilir. Hala sorular\u0131n\u0131z m\u0131 var? Biz sizinle ileti\u015fime ge\u00e7meyi d\u00f6rt g\u00f6zle bekliyoruz.<\/p>\n","protected":false},"author":4,"featured_media":0,"parent":4994,"menu_order":0,"comment_status":"closed","ping_status":"closed","template":"","meta":{"_joinchat":[],"footnotes":""},"class_list":["post-5013","page","type-page","status-publish","hentry"],"acf":[],"_links":{"self":[{"href":"https:\/\/medicaltravel.at\/tr\/wp-json\/wp\/v2\/pages\/5013","targetHints":{"allow":["GET"]}}],"collection":[{"href":"https:\/\/medicaltravel.at\/tr\/wp-json\/wp\/v2\/pages"}],"about":[{"href":"https:\/\/medicaltravel.at\/tr\/wp-json\/wp\/v2\/types\/page"}],"author":[{"embeddable":true,"href":"https:\/\/medicaltravel.at\/tr\/wp-json\/wp\/v2\/users\/4"}],"replies":[{"embeddable":true,"href":"https:\/\/medicaltravel.at\/tr\/wp-json\/wp\/v2\/comments?post=5013"}],"version-history":[{"count":9,"href":"https:\/\/medicaltravel.at\/tr\/wp-json\/wp\/v2\/pages\/5013\/revisions"}],"predecessor-version":[{"id":5403,"href":"https:\/\/medicaltravel.at\/tr\/wp-json\/wp\/v2\/pages\/5013\/revisions\/5403"}],"up":[{"embeddable":true,"href":"https:\/\/medicaltravel.at\/tr\/wp-json\/wp\/v2\/pages\/4994"}],"wp:attachment":[{"href":"https:\/\/medicaltravel.at\/tr\/wp-json\/wp\/v2\/media?parent=5013"}],"curies":[{"name":"wp","href":"https:\/\/api.w.org\/{rel}","templated":true}]}}