{"id":4998,"date":"2025-09-28T21:47:54","date_gmt":"2025-09-28T20:47:54","guid":{"rendered":"https:\/\/medicaltravel.at\/sac-ekimi\/hizmet-yelpazesi\/tuerkiyede-kas-ekimi-istanbul-antalya\/"},"modified":"2026-01-04T17:34:58","modified_gmt":"2026-01-04T16:34:58","slug":"tuerkiyede-kas-ekimi-istanbul-antalya","status":"publish","type":"page","link":"https:\/\/medicaltravel.at\/tr\/sac-ekimi\/hizmet-yelpazesi\/tuerkiyede-kas-ekimi-istanbul-antalya\/","title":{"rendered":"T\u00fcrkiye\u2019de Ka\u015f Ekimi \u0130stanbul Antalya"},"content":{"rendered":"\t\t<div data-elementor-type=\"wp-page\" data-elementor-id=\"4998\" class=\"elementor elementor-4998 elementor-1731\" data-elementor-post-type=\"page\">\n\t\t\t\t<div class=\"elementor-element elementor-element-4275acdf e-flex e-con-boxed wpr-particle-no wpr-jarallax-no wpr-parallax-no wpr-sticky-section-no e-con e-parent\" data-id=\"4275acdf\" data-element_type=\"container\" data-e-type=\"container\">\n\t\t\t\t\t<div class=\"e-con-inner\">\n\t\t<div class=\"elementor-element elementor-element-47728b6 e-con-full e-flex wpr-particle-no wpr-jarallax-no wpr-parallax-no wpr-sticky-section-no e-con e-child\" data-id=\"47728b6\" data-element_type=\"container\" data-e-type=\"container\">\n\t\t\t\t<div class=\"elementor-element elementor-element-2f03175 elementor-widget elementor-widget-button\" data-id=\"2f03175\" data-element_type=\"widget\" data-e-type=\"widget\" data-widget_type=\"button.default\">\n\t\t\t\t\t\t\t\t\t\t<a class=\"elementor-button elementor-button-link elementor-size-sm\" href=\"https:\/\/medicaltravel.at\/tr\/sac-ekimi\/hizmet-yelpazesi\/erkekler-icin-fue-sac-ekimi-istanbul-tuerkiye\/\">\n\t\t\t\t\t\t<span class=\"elementor-button-content-wrapper\">\n\t\t\t\t\t\t\t\t\t<span class=\"elementor-button-text\">Erkekler \u0130\u00e7in FUE<\/span>\n\t\t\t\t\t<\/span>\n\t\t\t\t\t<\/a>\n\t\t\t\t\t\t\t\t<\/div>\n\t\t\t\t<div class=\"elementor-element elementor-element-5ccaa06 elementor-widget elementor-widget-button\" data-id=\"5ccaa06\" data-element_type=\"widget\" data-e-type=\"widget\" data-widget_type=\"button.default\">\n\t\t\t\t\t\t\t\t\t\t<a class=\"elementor-button elementor-button-link elementor-size-sm\" href=\"https:\/\/medicaltravel.a\/haartransplantation\/leistungsspektrum\/dhi-haartranplantation-istanbul-tuerkei\/\">\n\t\t\t\t\t\t<span class=\"elementor-button-content-wrapper\">\n\t\t\t\t\t\t\t\t\t<span class=\"elementor-button-text\">DHI Sa\u00e7 Ekimi<\/span>\n\t\t\t\t\t<\/span>\n\t\t\t\t\t<\/a>\n\t\t\t\t\t\t\t\t<\/div>\n\t\t\t\t<div class=\"elementor-element elementor-element-e883e13 elementor-widget elementor-widget-button\" data-id=\"e883e13\" data-element_type=\"widget\" data-e-type=\"widget\" data-widget_type=\"button.default\">\n\t\t\t\t\t\t\t\t\t\t<a class=\"elementor-button elementor-button-link elementor-size-sm\" href=\"https:\/\/medicaltravel.at\/tr\/sac-ekimi\/hizmet-yelpazesi\/kadinlar-icin-fue-sac-ekimi-istanbul-tuerkiye\/\">\n\t\t\t\t\t\t<span class=\"elementor-button-content-wrapper\">\n\t\t\t\t\t\t\t\t\t<span class=\"elementor-button-text\">Kad\u0131nlar \u0130\u00e7in FUE<\/span>\n\t\t\t\t\t<\/span>\n\t\t\t\t\t<\/a>\n\t\t\t\t\t\t\t\t<\/div>\n\t\t\t\t<div class=\"elementor-element elementor-element-e28dd0a elementor-widget elementor-widget-button\" data-id=\"e28dd0a\" data-element_type=\"widget\" data-e-type=\"widget\" data-widget_type=\"button.default\">\n\t\t\t\t\t\t\t\t\t\t<a class=\"elementor-button elementor-button-link elementor-size-sm\" href=\"https:\/\/medicaltravel.at\/haartransplantation\/leistungsspektrum\/longhaar-istanbul-turkei\/\">\n\t\t\t\t\t\t<span class=\"elementor-button-content-wrapper\">\n\t\t\t\t\t\t\t\t\t<span class=\"elementor-button-text\">Uzun Sa\u00e7<\/span>\n\t\t\t\t\t<\/span>\n\t\t\t\t\t<\/a>\n\t\t\t\t\t\t\t\t<\/div>\n\t\t\t\t<div class=\"elementor-element elementor-element-cc43038 elementor-widget elementor-widget-button\" data-id=\"cc43038\" data-element_type=\"widget\" data-e-type=\"widget\" data-widget_type=\"button.default\">\n\t\t\t\t\t\t\t\t\t\t<a class=\"elementor-button elementor-button-link elementor-size-sm\" href=\"https:\/\/medicaltravel.at\/tr\/sac-ekimi\/hizmet-yelpazesi\/prp-ve-koek-huecre-sac-tedavisi-istanbul-tuerkiye\/\">\n\t\t\t\t\t\t<span class=\"elementor-button-content-wrapper\">\n\t\t\t\t\t\t\t\t\t<span class=\"elementor-button-text\">PRP K\u00f6k H\u00fccre Tedavisi<\/span>\n\t\t\t\t\t<\/span>\n\t\t\t\t\t<\/a>\n\t\t\t\t\t\t\t\t<\/div>\n\t\t\t\t<div class=\"elementor-element elementor-element-e2eb859 elementor-widget elementor-widget-button\" data-id=\"e2eb859\" data-element_type=\"widget\" data-e-type=\"widget\" data-widget_type=\"button.default\">\n\t\t\t\t\t\t\t\t\t\t<a class=\"elementor-button elementor-button-link elementor-size-sm\" href=\"https:\/\/medicaltravel.at\/tr\/sac-ekimi\/hizmet-yelpazesi\/tuerkiyede-kas-ekimi-istanbul-antalya\/\">\n\t\t\t\t\t\t<span class=\"elementor-button-content-wrapper\">\n\t\t\t\t\t\t\t\t\t<span class=\"elementor-button-text\">Ka\u015f Ekimi<\/span>\n\t\t\t\t\t<\/span>\n\t\t\t\t\t<\/a>\n\t\t\t\t\t\t\t\t<\/div>\n\t\t\t\t<div class=\"elementor-element elementor-element-ade1890 elementor-widget elementor-widget-button\" data-id=\"ade1890\" data-element_type=\"widget\" data-e-type=\"widget\" data-widget_type=\"button.default\">\n\t\t\t\t\t\t\t\t\t\t<a class=\"elementor-button elementor-button-link elementor-size-sm\" href=\"https:\/\/medicaltravel.at\/tr\/sac-ekimi\/hizmet-yelpazesi\/sac-ekimi-ile-ilgili-sik-sorulan-sorular\/\">\n\t\t\t\t\t\t<span class=\"elementor-button-content-wrapper\">\n\t\t\t\t\t\t\t\t\t<span class=\"elementor-button-text\">S\u0131k Sorulan Sorular<\/span>\n\t\t\t\t\t<\/span>\n\t\t\t\t\t<\/a>\n\t\t\t\t\t\t\t\t<\/div>\n\t\t\t\t<\/div>\n\t\t\t\t<div class=\"elementor-element elementor-element-42a1a018 elementor-widget elementor-widget-text-editor\" data-id=\"42a1a018\" data-element_type=\"widget\" data-e-type=\"widget\" data-widget_type=\"text-editor.default\">\n\t\t\t\t\t\t\t\t\t\n<h2 class=\"wp-block-heading\">Ka\u015f ekimi T\u00fcrkiye \u0130stanbul Antalya<\/h2>\n\n<h2 class=\"wp-block-heading\"><strong>T\u00fcrkiye\u2019de Ka\u015f Nakli<\/strong><\/h2>\n\n<figure class=\"wp-block-image size-full\"><img fetchpriority=\"high\" decoding=\"async\" width=\"457\" height=\"200\" class=\"wp-image-1751\" src=\"https:\/\/medicaltravel.at\/wp-content\/uploads\/2025\/09\/Augenbrauenverpflanzung-fur-schoneres-Gesicht.jpg\" alt=\"\" srcset=\"https:\/\/medicaltravel.at\/wp-content\/uploads\/2025\/09\/Augenbrauenverpflanzung-fur-schoneres-Gesicht.jpg 457w, https:\/\/medicaltravel.at\/wp-content\/uploads\/2025\/09\/Augenbrauenverpflanzung-fur-schoneres-Gesicht-300x131.jpg 300w\" sizes=\"(max-width: 457px) 100vw, 457px\" \/><\/figure>\n\n<p id=\"caption-attachment-395\">Daha g\u00fczel bir y\u00fcz i\u00e7in ka\u015f ekimi<\/p>\n\n<p><strong>Ka\u015f Nakli<\/strong><\/p>\n\n<p>Ka\u015f t\u00fcyleri, sa\u00e7lar gibi bir b\u00fcy\u00fcme ve bir dinlenme d\u00f6nemine sahiptir. \u00c7o\u011fu durumda, ka\u015flar\u0131n a\u015f\u0131r\u0131 al\u0131nmas\u0131, cilt hastal\u0131klar\u0131 (\u00f6rne\u011fin alopesi), kal\u0131c\u0131 makyaj, kemoterapi gibi etkenler ka\u015f t\u00fcylerinde \u015fekil bozuklu\u011funa veya d\u00f6k\u00fclmeye yol a\u00e7ar. Bu nedenler ortadan kald\u0131r\u0131ld\u0131\u011f\u0131nda, d\u00f6k\u00fclen ka\u015f t\u00fcyleri genellikle bir y\u0131l i\u00e7inde yeniden \u00e7\u0131kar.  <\/p>\n\n<p>Tekrar \u00e7\u0131kmayan ka\u015f t\u00fcyleri, nakil ile yerine konabilir. Ka\u015f nakli, sa\u00e7 ekimi gibi, ense b\u00f6lgesinden al\u0131nan sa\u00e7 k\u00f6klerinin nakli ile yap\u0131l\u0131r. Ense sa\u00e7lar\u0131 kald\u0131r\u0131l\u0131r ve nakledilecek k\u00f6k say\u0131s\u0131na g\u00f6re 1 cm geni\u015fli\u011finde ve 5-10 cm uzunlu\u011funda yatay bir \u015ferit t\u0131ra\u015f edilir. Daha sonra sa\u00e7 k\u00f6kleri, \u00e7ok ince u\u00e7lu mikromotor aletler ile al\u0131n\u0131r. Sa\u00e7 k\u00f6klerinin al\u0131nd\u0131\u011f\u0131 alan \u00e7ok k\u00fc\u00e7\u00fck oldu\u011fu i\u00e7in burada iz kalmaz. \u0130htiyaca g\u00f6re 40-50\u2019den 400-500\u2019e kadar greft al\u0131nabilir ve gerekli b\u00f6lgeye nakledilir. Nakil lokal anestezi alt\u0131nda yap\u0131l\u0131r. \u0130\u015flem s\u0131ras\u0131nda ki\u015fi herhangi bir a\u011fr\u0131 hissetmez. Nakil yap\u0131l\u0131rken ka\u015flar\u0131n anatomik yap\u0131s\u0131 ve \u00e7\u0131k\u0131\u015f y\u00f6n\u00fc dikkate al\u0131n\u0131r.         <\/p>\n\n<p>Uzman doktorlar ve deneyimli bir ekip taraf\u0131ndan yap\u0131lan ka\u015f nakilleri, son derece do\u011fal bir sonu\u00e7 verir. Ka\u015flar\u0131n iyile\u015fmesi ve nihai \u015feklini almas\u0131 4-6 ay s\u00fcrer. \u0130\u015flemden 2 ay sonra ki\u015fi ka\u015flar\u0131n\u0131 alabilir. Nakil sonras\u0131 \u00e7\u0131kan ilk ka\u015flar, sa\u00e7 \u00f6zelliklerine sahip olduklar\u0131 i\u00e7in normal sa\u00e7 gibi uzar. Yakla\u015f\u0131k bir y\u0131l sonra uzama durur, \u00e7\u00fcnk\u00fc ka\u015f b\u00f6lgesindeki kan dola\u015f\u0131m\u0131 bu duruma uyum sa\u011flar ve t\u00fcyler ka\u015f t\u00fcy\u00fc \u00f6zelli\u011fini kazan\u0131r.    <\/p>\n\n<p>De\u011ferlendirme i\u00e7in ka\u015f ve sa\u00e7 foto\u011fraflar\u0131n\u0131z\u0131 en iyi \u015fekilde <a href=\"mailto:info@medicaltravel.net\">info(at)medicaltravel.net<\/a> adresine veya <a href=\"https:\/\/web.whatsapp.com\/send?phone=41%2078%20737%2035%2041&amp;text=&amp;source=&amp;data=\" target=\"_blank\" rel=\"noopener\">WhatsApp<\/a> \u00fczerinden g\u00f6nderebilirsiniz.<\/p>\n\n<p>Hala sorular\u0131n\u0131z m\u0131 var? Biz sizinle <a href=\"https:\/\/medicaltravel.at\/tr\/iletisim\/\" data-type=\"page\" data-id=\"976\">ileti\u015fime ge\u00e7meyi <\/a>d\u00f6rt g\u00f6zle bekliyoruz. <\/p>\n\t\t\t\t\t\t\t\t<\/div>\n\t\t\t\t\t<\/div>\n\t\t\t\t<\/div>\n\t\t\t\t<\/div>\n\t\t","protected":false},"excerpt":{"rendered":"<p>Erkekler \u0130\u00e7in FUE DHI Sa\u00e7 Ekimi Kad\u0131nlar \u0130\u00e7in FUE Uzun Sa\u00e7 PRP K\u00f6k H\u00fccre Tedavisi Ka\u015f Ekimi S\u0131k Sorulan Sorular Ka\u015f ekimi T\u00fcrkiye \u0130stanbul Antalya T\u00fcrkiye\u2019de Ka\u015f Nakli Daha g\u00fczel bir y\u00fcz i\u00e7in ka\u015f ekimi Ka\u015f Nakli Ka\u015f t\u00fcyleri, sa\u00e7lar gibi bir b\u00fcy\u00fcme ve bir dinlenme d\u00f6nemine sahiptir. \u00c7o\u011fu durumda, ka\u015flar\u0131n a\u015f\u0131r\u0131 al\u0131nmas\u0131, cilt hastal\u0131klar\u0131 (\u00f6rne\u011fin alopesi), kal\u0131c\u0131 makyaj, kemoterapi gibi etkenler ka\u015f t\u00fcylerinde \u015fekil bozuklu\u011funa veya d\u00f6k\u00fclmeye yol a\u00e7ar. Bu nedenler ortadan kald\u0131r\u0131ld\u0131\u011f\u0131nda, d\u00f6k\u00fclen ka\u015f t\u00fcyleri genellikle bir y\u0131l i\u00e7inde yeniden \u00e7\u0131kar. Tekrar \u00e7\u0131kmayan ka\u015f t\u00fcyleri, nakil ile yerine konabilir. Ka\u015f nakli, sa\u00e7 ekimi gibi, ense b\u00f6lgesinden al\u0131nan sa\u00e7 k\u00f6klerinin nakli ile yap\u0131l\u0131r. Ense sa\u00e7lar\u0131 kald\u0131r\u0131l\u0131r ve nakledilecek k\u00f6k say\u0131s\u0131na g\u00f6re 1 cm geni\u015fli\u011finde ve 5-10 cm uzunlu\u011funda yatay bir \u015ferit t\u0131ra\u015f edilir. Daha sonra sa\u00e7 k\u00f6kleri, \u00e7ok ince u\u00e7lu mikromotor aletler ile al\u0131n\u0131r. Sa\u00e7 k\u00f6klerinin al\u0131nd\u0131\u011f\u0131 alan \u00e7ok k\u00fc\u00e7\u00fck oldu\u011fu i\u00e7in burada iz kalmaz. \u0130htiyaca g\u00f6re 40-50\u2019den 400-500\u2019e kadar greft al\u0131nabilir ve gerekli b\u00f6lgeye nakledilir. Nakil lokal anestezi alt\u0131nda yap\u0131l\u0131r. \u0130\u015flem s\u0131ras\u0131nda ki\u015fi herhangi bir a\u011fr\u0131 hissetmez. Nakil yap\u0131l\u0131rken ka\u015flar\u0131n anatomik yap\u0131s\u0131 ve \u00e7\u0131k\u0131\u015f y\u00f6n\u00fc dikkate al\u0131n\u0131r. Uzman doktorlar ve deneyimli bir ekip taraf\u0131ndan yap\u0131lan ka\u015f nakilleri, son derece do\u011fal bir sonu\u00e7 verir. Ka\u015flar\u0131n iyile\u015fmesi ve nihai \u015feklini almas\u0131 4-6 ay s\u00fcrer. \u0130\u015flemden 2 ay sonra ki\u015fi ka\u015flar\u0131n\u0131 alabilir. Nakil sonras\u0131 \u00e7\u0131kan ilk ka\u015flar, sa\u00e7 \u00f6zelliklerine sahip olduklar\u0131 i\u00e7in normal sa\u00e7 gibi uzar. Yakla\u015f\u0131k bir y\u0131l sonra uzama durur, \u00e7\u00fcnk\u00fc ka\u015f b\u00f6lgesindeki kan dola\u015f\u0131m\u0131 bu duruma uyum sa\u011flar ve t\u00fcyler ka\u015f t\u00fcy\u00fc \u00f6zelli\u011fini kazan\u0131r. De\u011ferlendirme i\u00e7in ka\u015f ve sa\u00e7 foto\u011fraflar\u0131n\u0131z\u0131 en iyi \u015fekilde info(at)medicaltravel.net adresine veya WhatsApp \u00fczerinden g\u00f6nderebilirsiniz. Hala sorular\u0131n\u0131z m\u0131 var? Biz sizinle ileti\u015fime ge\u00e7meyi d\u00f6rt g\u00f6zle bekliyoruz.<\/p>\n","protected":false},"author":4,"featured_media":0,"parent":4994,"menu_order":0,"comment_status":"closed","ping_status":"closed","template":"","meta":{"_joinchat":[],"footnotes":""},"class_list":["post-4998","page","type-page","status-publish","hentry"],"acf":[],"_links":{"self":[{"href":"https:\/\/medicaltravel.at\/tr\/wp-json\/wp\/v2\/pages\/4998","targetHints":{"allow":["GET"]}}],"collection":[{"href":"https:\/\/medicaltravel.at\/tr\/wp-json\/wp\/v2\/pages"}],"about":[{"href":"https:\/\/medicaltravel.at\/tr\/wp-json\/wp\/v2\/types\/page"}],"author":[{"embeddable":true,"href":"https:\/\/medicaltravel.at\/tr\/wp-json\/wp\/v2\/users\/4"}],"replies":[{"embeddable":true,"href":"https:\/\/medicaltravel.at\/tr\/wp-json\/wp\/v2\/comments?post=4998"}],"version-history":[{"count":9,"href":"https:\/\/medicaltravel.at\/tr\/wp-json\/wp\/v2\/pages\/4998\/revisions"}],"predecessor-version":[{"id":5411,"href":"https:\/\/medicaltravel.at\/tr\/wp-json\/wp\/v2\/pages\/4998\/revisions\/5411"}],"up":[{"embeddable":true,"href":"https:\/\/medicaltravel.at\/tr\/wp-json\/wp\/v2\/pages\/4994"}],"wp:attachment":[{"href":"https:\/\/medicaltravel.at\/tr\/wp-json\/wp\/v2\/media?parent=4998"}],"curies":[{"name":"wp","href":"https:\/\/api.w.org\/{rel}","templated":true}]}}