{"id":4990,"date":"2025-09-28T19:36:04","date_gmt":"2025-09-28T18:36:04","guid":{"rendered":"https:\/\/medicaltravel.at\/sac-ekimi\/kendi-sac-nakli-sac-ekimi-tuerkiye-istanbul-antalya\/"},"modified":"2026-01-02T23:02:44","modified_gmt":"2026-01-02T22:02:44","slug":"kendi-sac-nakli-sac-ekimi-tuerkiye-istanbul-antalya","status":"publish","type":"page","link":"https:\/\/medicaltravel.at\/tr\/sac-ekimi\/kendi-sac-nakli-sac-ekimi-tuerkiye-istanbul-antalya\/","title":{"rendered":"Kendi Sa\u00e7 Nakli \/ Sa\u00e7 Ekimi T\u00fcrkiye \u0130stanbul Antalya"},"content":{"rendered":"\t\t<div data-elementor-type=\"wp-page\" data-elementor-id=\"4990\" class=\"elementor elementor-4990 elementor-1671\" data-elementor-post-type=\"page\">\n\t\t\t\t<div class=\"elementor-element elementor-element-3c63a478 e-flex e-con-boxed wpr-particle-no wpr-jarallax-no wpr-parallax-no wpr-sticky-section-no e-con e-parent\" data-id=\"3c63a478\" data-element_type=\"container\" data-e-type=\"container\">\n\t\t\t\t\t<div class=\"e-con-inner\">\n\t\t<div class=\"elementor-element elementor-element-c72dddf e-con-full e-flex wpr-particle-no wpr-jarallax-no wpr-parallax-no wpr-sticky-section-no e-con e-child\" data-id=\"c72dddf\" data-element_type=\"container\" data-e-type=\"container\">\n\t\t\t\t<div class=\"elementor-element elementor-element-1d42671 elementor-widget elementor-widget-button\" data-id=\"1d42671\" data-element_type=\"widget\" data-e-type=\"widget\" data-widget_type=\"button.default\">\n\t\t\t\t\t\t\t\t\t\t<a class=\"elementor-button elementor-button-link elementor-size-sm\" href=\"https:\/\/medicaltravel.at\/tr\/sac-ekimi\/kendi-sac-nakli-sac-ekimi-tuerkiye-istanbul-antalya\/\">\n\t\t\t\t\t\t<span class=\"elementor-button-content-wrapper\">\n\t\t\t\t\t\t\t\t\t<span class=\"elementor-button-text\">Kendi Sa\u00e7\u0131n\u0131n Nakli<\/span>\n\t\t\t\t\t<\/span>\n\t\t\t\t\t<\/a>\n\t\t\t\t\t\t\t\t<\/div>\n\t\t\t\t<div class=\"elementor-element elementor-element-0f0803a elementor-widget elementor-widget-button\" data-id=\"0f0803a\" data-element_type=\"widget\" data-e-type=\"widget\" data-widget_type=\"button.default\">\n\t\t\t\t\t\t\t\t\t\t<a class=\"elementor-button elementor-button-link elementor-size-sm\" href=\"https:\/\/medicaltravel.at\/tr\/sac-ekimi\/hastaneler\/istanbulda-sac-ekimi-icin-en-iyi-sac-klinigi\/\">\n\t\t\t\t\t\t<span class=\"elementor-button-content-wrapper\">\n\t\t\t\t\t\t\t\t\t<span class=\"elementor-button-text\">Hastaneler<\/span>\n\t\t\t\t\t<\/span>\n\t\t\t\t\t<\/a>\n\t\t\t\t\t\t\t\t<\/div>\n\t\t\t\t<div class=\"elementor-element elementor-element-29398c7 elementor-widget elementor-widget-button\" data-id=\"29398c7\" data-element_type=\"widget\" data-e-type=\"widget\" data-widget_type=\"button.default\">\n\t\t\t\t\t\t\t\t\t\t<a class=\"elementor-button elementor-button-link elementor-size-sm\" href=\"https:\/\/medicaltravel.at\/haartransplantation\/leistungsspektrum\/fue-haartransplantation-tuerkei-istanbul\/\">\n\t\t\t\t\t\t<span class=\"elementor-button-content-wrapper\">\n\t\t\t\t\t\t\t\t\t<span class=\"elementor-button-text\">Hizmet Yelpazesi<\/span>\n\t\t\t\t\t<\/span>\n\t\t\t\t\t<\/a>\n\t\t\t\t\t\t\t\t<\/div>\n\t\t\t\t<div class=\"elementor-element elementor-element-9e47ab7 elementor-widget elementor-widget-button\" data-id=\"9e47ab7\" data-element_type=\"widget\" data-e-type=\"widget\" data-widget_type=\"button.default\">\n\t\t\t\t\t\t\t\t\t\t<a class=\"elementor-button elementor-button-link elementor-size-sm\" href=\"https:\/\/medicaltravel.at\/tr\/sac-ekimi\/sac-ekim-teklifi-tuerkiye-istanbul-antalya-izmir\/\">\n\t\t\t\t\t\t<span class=\"elementor-button-content-wrapper\">\n\t\t\t\t\t\t\t\t\t<span class=\"elementor-button-text\">F\u0131rsat<\/span>\n\t\t\t\t\t<\/span>\n\t\t\t\t\t<\/a>\n\t\t\t\t\t\t\t\t<\/div>\n\t\t\t\t<div class=\"elementor-element elementor-element-f98ba49 elementor-widget elementor-widget-button\" data-id=\"f98ba49\" data-element_type=\"widget\" data-e-type=\"widget\" data-widget_type=\"button.default\">\n\t\t\t\t\t\t\t\t\t\t<a class=\"elementor-button elementor-button-link elementor-size-sm\" href=\"https:\/\/medicaltravel.at\/haartransplantation\/preise-tuerkei-istanbul-antalya\/\">\n\t\t\t\t\t\t<span class=\"elementor-button-content-wrapper\">\n\t\t\t\t\t\t\t\t\t<span class=\"elementor-button-text\">Fiyatlar<\/span>\n\t\t\t\t\t<\/span>\n\t\t\t\t\t<\/a>\n\t\t\t\t\t\t\t\t<\/div>\n\t\t\t\t<\/div>\n\t\t\t\t<div class=\"elementor-element elementor-element-695ba062 elementor-widget elementor-widget-text-editor\" data-id=\"695ba062\" data-element_type=\"widget\" data-e-type=\"widget\" data-widget_type=\"text-editor.default\">\n\t\t\t\t\t\t\t\t\t<h2 class=\"wp-block-heading\">T\u00fcrkiye\u2019de Sa\u00e7 Ekimi \u2013 \u0130stanbul \u2013 Antalya \u2013 \u0130zmir<\/h2>\n<h2 class=\"wp-block-heading\"><strong>\u0130stanbul ve Antalya\u2019da Sa\u00e7 Ekimi<\/strong><\/h2>\n<p>MedicalTravel, \u0130stanbul ve Antalya\u2019da y\u00fcksek kaliteli kendi sa\u00e7 nakli (sa\u00e7 ekimi) hizmeti sunmaktad\u0131r.<\/p>\n<p>Avusturya\u2019da sa\u00e7 ekimleri, yurt d\u0131\u015f\u0131na k\u0131yasla olduk\u00e7a pahal\u0131 hale gelmi\u015ftir. A\u015f\u0131r\u0131 y\u00fcksek fiyatlar\u0131 ve uzun bekleme s\u00fcrelerini art\u0131k kabul etmek istemeyen hastalar i\u00e7in ak\u0131ll\u0131ca bir se\u00e7enek vard\u0131r: T\u00fcrkiye\u2019de y\u00fcksek kaliteli sa\u00e7 ekimleri, makul fiyatlarla m\u00fcmk\u00fcnd\u00fcr. \u00dcstelik, Avrupa\u2019daki ile ayn\u0131 hatta daha iyi tedavi y\u00f6ntemleri ve malzemeler kullan\u0131larak.  <\/p>\n<p>Size T\u00fcrkiye\u2019nin en iyi hastanelerinden biri olan <a href=\"https:\/\/medicaltravel.at\/tr\/sac-ekimi\/hastaneler\/istanbulda-sac-ekimi-icin-en-iyi-sac-klinigi\/\" data-type=\"page\" data-id=\"1677\">Florence Nightingale Hastanesi<\/a> veya <a href=\"https:\/\/medicaltravel.at\/schoenheitsoperation\/die-spitaler\/haarklinik-in-antalya\/\" data-type=\"page\" data-id=\"1696\">Antalya Sa\u00e7 Klini\u011fi<\/a>\u2019nde tedavi olman\u0131zda memnuniyetle yard\u0131mc\u0131 oluyoruz. Teklifimiz hakk\u0131nda daha fazla bilgiyi <a href=\"https:\/\/medicaltravel.at\/kinderwunsch\/angebot\/\" data-type=\"page\" data-id=\"962\">burada<\/a> bulabilirsiniz. <\/p>\n<figure class=\"wp-block-image size-full\"><img fetchpriority=\"high\" decoding=\"async\" width=\"298\" height=\"199\" class=\"wp-image-1689\" src=\"https:\/\/medicaltravel.at\/wp-content\/uploads\/2025\/09\/Eigenhaarverpflanzung-in-Istanbul-Antalya-Turkei-1.jpg\" alt=\"\"><\/figure>\n<p id=\"caption-attachment-346\">Sa\u00e7lar\u0131n\u0131z\u0131 kendi sa\u00e7 nakli ile geri kazan\u0131n.<\/p>\n<p><strong>Neden sa\u00e7 nakliniz i\u00e7in T\u00fcrkiye, \u0130stanbul veya Antalya\u2019y\u0131 tercih etmelisiniz?<\/strong><\/p>\n<ul class=\"wp-block-list\">\n<li>\u0130stanbul ve Antalya, g\u00fcvenilir bir <strong>sa\u011fl\u0131k turizmi merkezi<\/strong> haline gelmi\u015ftir. Her ay binlerce hasta, uzman ve uygun maliyetli tedavi almak i\u00e7in \u0130stanbul ve Antalya\u2019ya seyahat etmektedir. <\/li>\n<li>Bu \u015fehirlerdeki doktorlar d\u00fcnyaya a\u00e7\u0131k ki\u015filerdir ve e\u011fitimlerini yurt d\u0131\u015f\u0131nda da al\u0131rlar. K\u00fcresel t\u0131p alan\u0131ndaki geli\u015fmelere aktif olarak katk\u0131 sa\u011flarlar. <\/li>\n<li>\u0130stanbul ve Antalya, ileri d\u00fczey modern sa\u011fl\u0131k kurulu\u015flar\u0131n\u0131n yan\u0131 s\u0131ra, Do\u011fu ile Bat\u0131 aras\u0131nda yer alan k\u00fclt\u00fcr\u00fc ve \u00e7ok say\u0131da gezilecek ve g\u00f6r\u00fclecek mek\u00e2n\u0131 da sunar. Tedaviniz s\u0131ras\u0131nda sabahtan ak\u015fama kadar klinikte olman\u0131z gerekmez. Bu nedenle bu hareketli ve canl\u0131 d\u00fcnya metropollerini deneyimlemek i\u00e7in yeterince zaman\u0131n\u0131z olur. <a href=\"https:\/\/medicaltravel.at\/warum-tuerkei\/staedte-der-tuerkei\/istanbul-als-stadt\/\" data-type=\"page\" data-id=\"793\">\u015eehirler hakk\u0131nda daha fazla bilgiyi burada bulabilirsiniz.<\/a>  <\/li>\n<li>\u0130stanbul ve Antalya halk\u0131 turistlere kar\u015f\u0131 son derece <strong>misafirperverdir<\/strong> ve bu durum konaklaman\u0131z\u0131 daha da keyifli hale getirir.<\/li>\n<li>Tedaviler tatille \u00e7ok iyi bir \u015fekilde birle\u015ftirilebilir.<\/li>\n<\/ul>\t\t\t\t\t\t\t\t<\/div>\n\t\t\t\t\t<\/div>\n\t\t\t\t<\/div>\n\t\t\t\t<\/div>\n\t\t","protected":false},"excerpt":{"rendered":"<p>Kendi Sa\u00e7\u0131n\u0131n Nakli Hastaneler Hizmet Yelpazesi F\u0131rsat Fiyatlar T\u00fcrkiye\u2019de Sa\u00e7 Ekimi \u2013 \u0130stanbul \u2013 Antalya \u2013 \u0130zmir \u0130stanbul ve Antalya\u2019da Sa\u00e7 Ekimi MedicalTravel, \u0130stanbul ve Antalya\u2019da y\u00fcksek kaliteli kendi sa\u00e7 nakli (sa\u00e7 ekimi) hizmeti sunmaktad\u0131r. Avusturya\u2019da sa\u00e7 ekimleri, yurt d\u0131\u015f\u0131na k\u0131yasla olduk\u00e7a pahal\u0131 hale gelmi\u015ftir. A\u015f\u0131r\u0131 y\u00fcksek fiyatlar\u0131 ve uzun bekleme s\u00fcrelerini art\u0131k kabul etmek istemeyen hastalar i\u00e7in ak\u0131ll\u0131ca bir se\u00e7enek vard\u0131r: T\u00fcrkiye\u2019de y\u00fcksek kaliteli sa\u00e7 ekimleri, makul fiyatlarla m\u00fcmk\u00fcnd\u00fcr. \u00dcstelik, Avrupa\u2019daki ile ayn\u0131 hatta daha iyi tedavi y\u00f6ntemleri ve malzemeler kullan\u0131larak. Size T\u00fcrkiye\u2019nin en iyi hastanelerinden biri olan Florence Nightingale Hastanesi veya Antalya Sa\u00e7 Klini\u011fi\u2019nde tedavi olman\u0131zda memnuniyetle yard\u0131mc\u0131 oluyoruz. Teklifimiz hakk\u0131nda daha fazla bilgiyi burada bulabilirsiniz. Sa\u00e7lar\u0131n\u0131z\u0131 kendi sa\u00e7 nakli ile geri kazan\u0131n. Neden sa\u00e7 nakliniz i\u00e7in T\u00fcrkiye, \u0130stanbul veya Antalya\u2019y\u0131 tercih etmelisiniz? \u0130stanbul ve Antalya, g\u00fcvenilir bir sa\u011fl\u0131k turizmi merkezi haline gelmi\u015ftir. Her ay binlerce hasta, uzman ve uygun maliyetli tedavi almak i\u00e7in \u0130stanbul ve Antalya\u2019ya seyahat etmektedir. Bu \u015fehirlerdeki doktorlar d\u00fcnyaya a\u00e7\u0131k ki\u015filerdir ve e\u011fitimlerini yurt d\u0131\u015f\u0131nda da al\u0131rlar. K\u00fcresel t\u0131p alan\u0131ndaki geli\u015fmelere aktif olarak katk\u0131 sa\u011flarlar. \u0130stanbul ve Antalya, ileri d\u00fczey modern sa\u011fl\u0131k kurulu\u015flar\u0131n\u0131n yan\u0131 s\u0131ra, Do\u011fu ile Bat\u0131 aras\u0131nda yer alan k\u00fclt\u00fcr\u00fc ve \u00e7ok say\u0131da gezilecek ve g\u00f6r\u00fclecek mek\u00e2n\u0131 da sunar. Tedaviniz s\u0131ras\u0131nda sabahtan ak\u015fama kadar klinikte olman\u0131z gerekmez. Bu nedenle bu hareketli ve canl\u0131 d\u00fcnya metropollerini deneyimlemek i\u00e7in yeterince zaman\u0131n\u0131z olur. \u015eehirler hakk\u0131nda daha fazla bilgiyi burada bulabilirsiniz. \u0130stanbul ve Antalya halk\u0131 turistlere kar\u015f\u0131 son derece misafirperverdir ve bu durum konaklaman\u0131z\u0131 daha da keyifli hale getirir. Tedaviler tatille \u00e7ok iyi bir \u015fekilde birle\u015ftirilebilir.<\/p>\n","protected":false},"author":4,"featured_media":0,"parent":4973,"menu_order":0,"comment_status":"closed","ping_status":"closed","template":"","meta":{"_joinchat":[],"footnotes":""},"class_list":["post-4990","page","type-page","status-publish","hentry"],"acf":[],"_links":{"self":[{"href":"https:\/\/medicaltravel.at\/tr\/wp-json\/wp\/v2\/pages\/4990","targetHints":{"allow":["GET"]}}],"collection":[{"href":"https:\/\/medicaltravel.at\/tr\/wp-json\/wp\/v2\/pages"}],"about":[{"href":"https:\/\/medicaltravel.at\/tr\/wp-json\/wp\/v2\/types\/page"}],"author":[{"embeddable":true,"href":"https:\/\/medicaltravel.at\/tr\/wp-json\/wp\/v2\/users\/4"}],"replies":[{"embeddable":true,"href":"https:\/\/medicaltravel.at\/tr\/wp-json\/wp\/v2\/comments?post=4990"}],"version-history":[{"count":1,"href":"https:\/\/medicaltravel.at\/tr\/wp-json\/wp\/v2\/pages\/4990\/revisions"}],"predecessor-version":[{"id":4992,"href":"https:\/\/medicaltravel.at\/tr\/wp-json\/wp\/v2\/pages\/4990\/revisions\/4992"}],"up":[{"embeddable":true,"href":"https:\/\/medicaltravel.at\/tr\/wp-json\/wp\/v2\/pages\/4973"}],"wp:attachment":[{"href":"https:\/\/medicaltravel.at\/tr\/wp-json\/wp\/v2\/media?parent=4990"}],"curies":[{"name":"wp","href":"https:\/\/api.w.org\/{rel}","templated":true}]}}