{"id":4983,"date":"2025-09-28T19:40:15","date_gmt":"2025-09-28T18:40:15","guid":{"rendered":"https:\/\/medicaltravel.at\/sac-ekimi\/hastaneler\/istanbulda-sac-ekimi-icin-en-iyi-sac-klinigi\/"},"modified":"2026-01-04T17:40:47","modified_gmt":"2026-01-04T16:40:47","slug":"istanbulda-sac-ekimi-icin-en-iyi-sac-klinigi","status":"publish","type":"page","link":"https:\/\/medicaltravel.at\/tr\/sac-ekimi\/hastaneler\/istanbulda-sac-ekimi-icin-en-iyi-sac-klinigi\/","title":{"rendered":"\u0130stanbul\u2019da sa\u00e7 ekimi i\u00e7in en iyi sa\u00e7 klini\u011fi"},"content":{"rendered":"\t\t<div data-elementor-type=\"wp-page\" data-elementor-id=\"4983\" class=\"elementor elementor-4983 elementor-1677\" data-elementor-post-type=\"page\">\n\t\t\t\t<div class=\"elementor-element elementor-element-30f705da e-flex e-con-boxed wpr-particle-no wpr-jarallax-no wpr-parallax-no wpr-sticky-section-no e-con e-parent\" data-id=\"30f705da\" data-element_type=\"container\" data-e-type=\"container\">\n\t\t\t\t\t<div class=\"e-con-inner\">\n\t\t<div class=\"elementor-element elementor-element-9ae598d e-con-full e-flex wpr-particle-no wpr-jarallax-no wpr-parallax-no wpr-sticky-section-no e-con e-child\" data-id=\"9ae598d\" data-element_type=\"container\" data-e-type=\"container\">\n\t\t\t\t<div class=\"elementor-element elementor-element-dd405be elementor-widget elementor-widget-button\" data-id=\"dd405be\" data-element_type=\"widget\" data-e-type=\"widget\" data-widget_type=\"button.default\">\n\t\t\t\t\t\t\t\t\t\t<a class=\"elementor-button elementor-button-link elementor-size-sm\" href=\"https:\/\/medicaltravel.at\/tr\/sac-ekimi\/hastaneler\/istanbulda-sac-ekimi-icin-en-iyi-sac-klinigi\/\">\n\t\t\t\t\t\t<span class=\"elementor-button-content-wrapper\">\n\t\t\t\t\t\t\t\t\t<span class=\"elementor-button-text\">\u0130stanbul<\/span>\n\t\t\t\t\t<\/span>\n\t\t\t\t\t<\/a>\n\t\t\t\t\t\t\t\t<\/div>\n\t\t\t\t<div class=\"elementor-element elementor-element-891b2f9 elementor-widget elementor-widget-button\" data-id=\"891b2f9\" data-element_type=\"widget\" data-e-type=\"widget\" data-widget_type=\"button.default\">\n\t\t\t\t\t\t\t\t\t\t<a class=\"elementor-button elementor-button-link elementor-size-sm\" href=\"https:\/\/medicaltravel.at\/tr\/estetik-cerrahi\/hastaneler\/antalyada-sac-ekimi-icin-en-iyi-sac-klinigi\/\">\n\t\t\t\t\t\t<span class=\"elementor-button-content-wrapper\">\n\t\t\t\t\t\t\t\t\t<span class=\"elementor-button-text\">Antalya<\/span>\n\t\t\t\t\t<\/span>\n\t\t\t\t\t<\/a>\n\t\t\t\t\t\t\t\t<\/div>\n\t\t\t\t<div class=\"elementor-element elementor-element-bc13f5d elementor-widget elementor-widget-button\" data-id=\"bc13f5d\" data-element_type=\"widget\" data-e-type=\"widget\" data-widget_type=\"button.default\">\n\t\t\t\t\t\t\t\t\t\t<a class=\"elementor-button elementor-button-link elementor-size-sm\" href=\"https:\/\/medicaltravel.at\/tr\/estetik-cerrahi\/hastaneler\/izmirde-sac-ekimi-icin-en-iyi-sac-klinigi\/\">\n\t\t\t\t\t\t<span class=\"elementor-button-content-wrapper\">\n\t\t\t\t\t\t\t\t\t<span class=\"elementor-button-text\">\u0130zmir<\/span>\n\t\t\t\t\t<\/span>\n\t\t\t\t\t<\/a>\n\t\t\t\t\t\t\t\t<\/div>\n\t\t\t\t<\/div>\n\t\t\t\t<div class=\"elementor-element elementor-element-63c731d0 elementor-widget elementor-widget-text-editor\" data-id=\"63c731d0\" data-element_type=\"widget\" data-e-type=\"widget\" data-widget_type=\"text-editor.default\">\n\t\t\t\t\t\t\t\t\t<h2 class=\"wp-block-heading\">\u0130STANBUL\u2019DAK\u0130 EN \u0130Y\u0130 SA\u00c7 KL\u0130N\u0130\u011e\u0130<\/h2>\n<p> <\/p>\n<p><strong>Renewa Sa\u00e7 Klini\u011fi<\/strong>, \u00e7ok deneyimli bir sa\u00e7 ekibi ile \u00e7al\u0131\u015fmaktad\u0131r ve uluslararas\u0131 hastalar i\u00e7in T\u00fcrk Sa\u011fl\u0131k Otoriteleri taraf\u0131ndan sertifikaland\u0131r\u0131lm\u0131\u015ft\u0131r.<\/p>\n<p> <\/p>\n<p><strong>Avrupa b\u00f6lgesinden gelen<\/strong> uluslararas\u0131 hastalar, <strong>birinci s\u0131n\u0131f<\/strong> tedavi kalitesinin yan\u0131 s\u0131ra klini\u011fin bulundu\u011fu \u0130stanbul Suadiye (Kad\u0131k\u00f6y) se\u00e7kin semtinin ortam\u0131n\u0131n da keyfini \u00e7\u0131kar\u0131yor.<\/p>\n<p> <\/p>\n<p><strong>Renewa Sa\u00e7 Klini\u011fi i\u00e7in Sa\u011fl\u0131k Bakanl\u0131\u011f\u0131 Sertifikas\u0131<\/strong><br>T\u00fcrkiye, sa\u011fl\u0131k turizminde \u00f6nde gelen bir \u00fclkedir. Ho\u015f iklimi, kolay ula\u015f\u0131labilirli\u011fi ve geli\u015fmi\u015f sa\u011fl\u0131k altyap\u0131s\u0131 onu cazip k\u0131lar. Uluslararas\u0131 hastalar\u0131n g\u00fcvenli\u011fi \u00f6nceliklidir. Uluslararas\u0131 hastalara hizmet vermek isteyen sa\u011fl\u0131k kurulu\u015flar\u0131 i\u00e7in Sa\u011fl\u0131k Bakanl\u0131\u011f\u0131 onay\u0131 zorunludur. Bu onay, g\u00fcvenli ve y\u00fcksek kaliteli hizmet sunulmas\u0131n\u0131 garanti eder.    <\/p>\n<p> <\/p>\n<p><strong>Uzman Doktorlar Taraf\u0131ndan Y\u00f6netilen ve Planlanan<\/strong><br>Bu sa\u00e7 klini\u011finde sa\u00e7 ekimleri, uzman doktorlar taraf\u0131ndan planlan\u0131r ve y\u00f6netilir.<\/p>\n<p> <\/p>\n<p>Sa\u011fl\u0131\u011f\u0131n\u0131z ve g\u00fczelli\u011finiz s\u00f6z konusu oldu\u011funda <strong>her \u015feyin do\u011fru olmas\u0131 gerekir<\/strong>. Kal\u0131c\u0131 ve iyi sonu\u00e7lar i\u00e7in, sertifikal\u0131 doktorlar taraf\u0131ndan yap\u0131lan planlama \u00e7ok \u00f6nemlidir. Sa\u00e7 ekimleri, deneyimli estetik cerrah <a href=\"https:\/\/medicaltravel.at\/wp-content\/uploads\/2025\/09\/Lebenslauf_Prof_Dr_Oguz-Kayiran-1.pdf\" data-type=\"link\" data-id=\"https:\/\/medicaltravel.at\/wp-content\/uploads\/2025\/09\/Lebenslauf_Prof_Dr_Oguz-Kayiran-1.pdf\">Prof. Dr. Kayiran<\/a> g\u00f6zetiminde yap\u0131l\u0131r. Kendisi ayr\u0131ca <strong>Avrupa Plastik, Rekonstr\u00fcktif ve Estetik Cerrahi Kurulu<\/strong> (European Board of Plastic Reconstructive and Aesthetic Surgery) sertifikas\u0131na sahiptir.   <\/p>\n<p> <\/p>\n<p><strong>Sa\u00e7 ekiminde hangi y\u00f6ntemler sunuluyor?<\/strong><br>Sa\u00e7 ekimi <a href=\"https:\/\/medicaltravel.at\/tr\/sac-ekimi\/hizmet-yelpazesi\/dhi-sac-ekimi-istanbul-tuerkiye-antalya-izmir\/\" data-type=\"page\" data-id=\"1702\"><strong>DHI<\/strong><\/a> y\u00f6ntemi ile yap\u0131l\u0131r. Ayr\u0131ca destek tedavileri olarak PRP, k\u00f6k h\u00fccre, pigmentasyon ve eksozom gibi uygulamalar da sunulmaktad\u0131r. <\/p>\n<p> <\/p>\n<p><strong>Klinikte Almanca Destek<\/strong><br>Yurt d\u0131\u015f\u0131nda bir tedavi s\u0131ras\u0131nda hasta ile doktor aras\u0131nda iyi bir ileti\u015fim \u00e7ok \u00f6nemlidir. Bu nedenle, klinikte doktor g\u00f6r\u00fc\u015fmelerinizde Almanca konu\u015fan terc\u00fcmanlar size destek olur. <\/p>\n<p> <\/p>\n<p><strong>\u00dccretsiz Transfer ve Otel Konaklamas\u0131<\/strong><br>Klinik yak\u0131n\u0131ndaki partner otelde iki gece \u00fccretsiz konaklama yapars\u0131n\u0131z (tek ki\u015filik odada kahvalt\u0131 dahil). Yan\u0131n\u0131zdaki refakat\u00e7iler ek \u00fccret kar\u015f\u0131l\u0131\u011f\u0131nda sizinle konaklayabilir. Ayr\u0131ca, havaalan\u0131-otel-klinik aras\u0131ndaki t\u00fcm transferler de sa\u011flan\u0131r. \u0130stanbul\u2019daki her iki havaliman\u0131 aras\u0131ndan se\u00e7im yapabilirsiniz.   <\/p>\n<p> <\/p>\n<p><strong>Bu sa\u00e7 klini\u011finde \u0130stanbul\u2019da sa\u00e7 ekimi ne kadar?<\/strong><br>Sadece 1875 \u20ac <strong><a href=\"https:\/\/medicaltravel.at\/tr\/sac-ekimi\/sac-ekimi-fiyatlari-maliyetleri-tuerkiye-istanbul-antalya\/\" data-type=\"page\" data-id=\"946\">tutuyor<\/a><\/strong>. Bunun d\u0131\u015f\u0131nda sadece u\u00e7ak biletleri eklenir ve onlar\u0131 kendiniz rezervasyon yapabilirsiniz. <\/p>\n<p> <\/p>\n<p>Bize, ba\u011flay\u0131c\u0131 olmayan bir de\u011ferlendirme i\u00e7in foto\u011fraflar\u0131n\u0131z\u0131 <strong><a href=\"mailto:info@medicaltravel.net\">e-posta<\/a><\/strong>, <strong><a href=\"https:\/\/medicaltravel.at\/tr\/iletisim\/\" data-type=\"page\" data-id=\"976\">buradan<\/a><\/strong> veya <a href=\"https:\/\/web.whatsapp.com\/send?phone=41%2078%20737%2035%2041&amp;text=&amp;source=&amp;data=\" target=\"_blank\" rel=\"noreferrer noopener\">WhatsApp<\/a> \u00fczerinden g\u00f6nderin.<\/p>\n<p> <\/p>\n<figure class=\"wp-block-image size-full\"><img fetchpriority=\"high\" decoding=\"async\" width=\"1000\" height=\"667\" class=\"wp-image-1704\" src=\"https:\/\/medicaltravel.at\/wp-content\/uploads\/2025\/09\/151A0260-1.jpg\" alt=\"\" srcset=\"https:\/\/medicaltravel.at\/wp-content\/uploads\/2025\/09\/151A0260-1.jpg 1000w, https:\/\/medicaltravel.at\/wp-content\/uploads\/2025\/09\/151A0260-1-300x200.jpg 300w, https:\/\/medicaltravel.at\/wp-content\/uploads\/2025\/09\/151A0260-1-768x512.jpg 768w\" sizes=\"(max-width: 1000px) 100vw, 1000px\" \/><\/figure>\n<p> <\/p>\n<p id=\"caption-attachment-9554\">Renewa Sa\u00e7 Klini\u011fi \u0130stanbul<\/p>\n<p> <\/p>\n<figure class=\"wp-block-image size-full\"><img decoding=\"async\" width=\"1000\" height=\"667\" class=\"wp-image-1705\" src=\"https:\/\/medicaltravel.at\/wp-content\/uploads\/2025\/09\/151A02601.jpg\" alt=\"\" srcset=\"https:\/\/medicaltravel.at\/wp-content\/uploads\/2025\/09\/151A02601.jpg 1000w, https:\/\/medicaltravel.at\/wp-content\/uploads\/2025\/09\/151A02601-300x200.jpg 300w, https:\/\/medicaltravel.at\/wp-content\/uploads\/2025\/09\/151A02601-768x512.jpg 768w\" sizes=\"(max-width: 1000px) 100vw, 1000px\" \/><\/figure>\n<p> <\/p>\n<p id=\"caption-attachment-9551\">\u0130stanbul\u2019daki en iyi sa\u00e7 klini\u011fi<\/p>\n<p> <\/p>\n<figure class=\"wp-block-image size-full\"><img decoding=\"async\" width=\"200\" height=\"300\" class=\"wp-image-1706\" src=\"https:\/\/medicaltravel.at\/wp-content\/uploads\/2025\/09\/newsletter-200x300-1.jpeg\" alt=\"\"><\/figure>\n<p> <\/p>\n<p id=\"caption-attachment-7781\">Prof. Dr. Kay\u0131ran<\/p>\n<p> <\/p>\n<p id=\"caption-attachment-7042\"><a href=\"https:\/\/medicaltravel.at\/wp-content\/uploads\/2025\/09\/Lebenslauf_Prof_Dr_Oguz-Kayiran-1.pdf\" data-type=\"link\" data-id=\"https:\/\/medicaltravel.at\/wp-content\/uploads\/2025\/09\/Lebenslauf_Prof_Dr_Oguz-Kayiran-1.pdf\">Prof. Dr. Kay\u0131ran<\/a> sa\u00e7 ekiminizi \u00f6zenle planlayacakt\u0131r.<\/p>\t\t\t\t\t\t\t\t<\/div>\n\t\t\t\t\t<\/div>\n\t\t\t\t<\/div>\n\t\t\t\t<\/div>\n\t\t","protected":false},"excerpt":{"rendered":"<p>\u0130stanbul Antalya \u0130zmir \u0130STANBUL\u2019DAK\u0130 EN \u0130Y\u0130 SA\u00c7 KL\u0130N\u0130\u011e\u0130 Renewa Sa\u00e7 Klini\u011fi, \u00e7ok deneyimli bir sa\u00e7 ekibi ile \u00e7al\u0131\u015fmaktad\u0131r ve uluslararas\u0131 hastalar i\u00e7in T\u00fcrk Sa\u011fl\u0131k Otoriteleri taraf\u0131ndan sertifikaland\u0131r\u0131lm\u0131\u015ft\u0131r. Avrupa b\u00f6lgesinden gelen uluslararas\u0131 hastalar, birinci s\u0131n\u0131f tedavi kalitesinin yan\u0131 s\u0131ra klini\u011fin bulundu\u011fu \u0130stanbul Suadiye (Kad\u0131k\u00f6y) se\u00e7kin semtinin ortam\u0131n\u0131n da keyfini \u00e7\u0131kar\u0131yor. Renewa Sa\u00e7 Klini\u011fi i\u00e7in Sa\u011fl\u0131k Bakanl\u0131\u011f\u0131 Sertifikas\u0131T\u00fcrkiye, sa\u011fl\u0131k turizminde \u00f6nde gelen bir \u00fclkedir. Ho\u015f iklimi, kolay ula\u015f\u0131labilirli\u011fi ve geli\u015fmi\u015f sa\u011fl\u0131k altyap\u0131s\u0131 onu cazip k\u0131lar. Uluslararas\u0131 hastalar\u0131n g\u00fcvenli\u011fi \u00f6nceliklidir. Uluslararas\u0131 hastalara hizmet vermek isteyen sa\u011fl\u0131k kurulu\u015flar\u0131 i\u00e7in Sa\u011fl\u0131k Bakanl\u0131\u011f\u0131 onay\u0131 zorunludur. Bu onay, g\u00fcvenli ve y\u00fcksek kaliteli hizmet sunulmas\u0131n\u0131 garanti eder. Uzman Doktorlar Taraf\u0131ndan Y\u00f6netilen ve PlanlananBu sa\u00e7 klini\u011finde sa\u00e7 ekimleri, uzman doktorlar taraf\u0131ndan planlan\u0131r ve y\u00f6netilir. Sa\u011fl\u0131\u011f\u0131n\u0131z ve g\u00fczelli\u011finiz s\u00f6z konusu oldu\u011funda her \u015feyin do\u011fru olmas\u0131 gerekir. Kal\u0131c\u0131 ve iyi sonu\u00e7lar i\u00e7in, sertifikal\u0131 doktorlar taraf\u0131ndan yap\u0131lan planlama \u00e7ok \u00f6nemlidir. Sa\u00e7 ekimleri, deneyimli estetik cerrah Prof. Dr. Kayiran g\u00f6zetiminde yap\u0131l\u0131r. Kendisi ayr\u0131ca Avrupa Plastik, Rekonstr\u00fcktif ve Estetik Cerrahi Kurulu (European Board of Plastic Reconstructive and Aesthetic Surgery) sertifikas\u0131na sahiptir. Sa\u00e7 ekiminde hangi y\u00f6ntemler sunuluyor?Sa\u00e7 ekimi DHI y\u00f6ntemi ile yap\u0131l\u0131r. Ayr\u0131ca destek tedavileri olarak PRP, k\u00f6k h\u00fccre, pigmentasyon ve eksozom gibi uygulamalar da sunulmaktad\u0131r. Klinikte Almanca DestekYurt d\u0131\u015f\u0131nda bir tedavi s\u0131ras\u0131nda hasta ile doktor aras\u0131nda iyi bir ileti\u015fim \u00e7ok \u00f6nemlidir. Bu nedenle, klinikte doktor g\u00f6r\u00fc\u015fmelerinizde Almanca konu\u015fan terc\u00fcmanlar size destek olur. \u00dccretsiz Transfer ve Otel Konaklamas\u0131Klinik yak\u0131n\u0131ndaki partner otelde iki gece \u00fccretsiz konaklama yapars\u0131n\u0131z (tek ki\u015filik odada kahvalt\u0131 dahil). Yan\u0131n\u0131zdaki refakat\u00e7iler ek \u00fccret kar\u015f\u0131l\u0131\u011f\u0131nda sizinle konaklayabilir. Ayr\u0131ca, havaalan\u0131-otel-klinik aras\u0131ndaki t\u00fcm transferler de sa\u011flan\u0131r. \u0130stanbul\u2019daki her iki havaliman\u0131 aras\u0131ndan se\u00e7im yapabilirsiniz. Bu sa\u00e7 klini\u011finde \u0130stanbul\u2019da sa\u00e7 ekimi ne kadar?Sadece 1875 \u20ac tutuyor. Bunun d\u0131\u015f\u0131nda sadece u\u00e7ak biletleri eklenir ve onlar\u0131 kendiniz rezervasyon yapabilirsiniz. Bize, ba\u011flay\u0131c\u0131 olmayan bir de\u011ferlendirme i\u00e7in foto\u011fraflar\u0131n\u0131z\u0131 e-posta, buradan veya WhatsApp \u00fczerinden g\u00f6nderin. Renewa Sa\u00e7 Klini\u011fi \u0130stanbul \u0130stanbul\u2019daki en iyi sa\u00e7 klini\u011fi Prof. Dr. Kay\u0131ran Prof. Dr. Kay\u0131ran sa\u00e7 ekiminizi \u00f6zenle planlayacakt\u0131r.<\/p>\n","protected":false},"author":4,"featured_media":0,"parent":4979,"menu_order":0,"comment_status":"closed","ping_status":"closed","template":"","meta":{"_joinchat":[],"footnotes":""},"class_list":["post-4983","page","type-page","status-publish","hentry"],"acf":[],"_links":{"self":[{"href":"https:\/\/medicaltravel.at\/tr\/wp-json\/wp\/v2\/pages\/4983","targetHints":{"allow":["GET"]}}],"collection":[{"href":"https:\/\/medicaltravel.at\/tr\/wp-json\/wp\/v2\/pages"}],"about":[{"href":"https:\/\/medicaltravel.at\/tr\/wp-json\/wp\/v2\/types\/page"}],"author":[{"embeddable":true,"href":"https:\/\/medicaltravel.at\/tr\/wp-json\/wp\/v2\/users\/4"}],"replies":[{"embeddable":true,"href":"https:\/\/medicaltravel.at\/tr\/wp-json\/wp\/v2\/comments?post=4983"}],"version-history":[{"count":3,"href":"https:\/\/medicaltravel.at\/tr\/wp-json\/wp\/v2\/pages\/4983\/revisions"}],"predecessor-version":[{"id":5414,"href":"https:\/\/medicaltravel.at\/tr\/wp-json\/wp\/v2\/pages\/4983\/revisions\/5414"}],"up":[{"embeddable":true,"href":"https:\/\/medicaltravel.at\/tr\/wp-json\/wp\/v2\/pages\/4979"}],"wp:attachment":[{"href":"https:\/\/medicaltravel.at\/tr\/wp-json\/wp\/v2\/media?parent=4983"}],"curies":[{"name":"wp","href":"https:\/\/api.w.org\/{rel}","templated":true}]}}