{"id":4976,"date":"2025-09-28T19:44:03","date_gmt":"2025-09-28T18:44:03","guid":{"rendered":"https:\/\/medicaltravel.at\/sac-ekimi\/sac-ekim-teklifi-tuerkiye-istanbul-antalya-izmir\/"},"modified":"2026-01-04T17:43:50","modified_gmt":"2026-01-04T16:43:50","slug":"sac-ekim-teklifi-tuerkiye-istanbul-antalya-izmir","status":"publish","type":"page","link":"https:\/\/medicaltravel.at\/tr\/sac-ekimi\/sac-ekim-teklifi-tuerkiye-istanbul-antalya-izmir\/","title":{"rendered":"Sa\u00e7 Ekim Teklifi T\u00fcrkiye \u0130stanbul Antalya \u0130zmir"},"content":{"rendered":"\t\t<div data-elementor-type=\"wp-page\" data-elementor-id=\"4976\" class=\"elementor elementor-4976 elementor-1687\" data-elementor-post-type=\"page\">\n\t\t\t\t<div class=\"elementor-element elementor-element-5be1c3d7 e-flex e-con-boxed wpr-particle-no wpr-jarallax-no wpr-parallax-no wpr-sticky-section-no e-con e-parent\" data-id=\"5be1c3d7\" data-element_type=\"container\" data-e-type=\"container\">\n\t\t\t\t\t<div class=\"e-con-inner\">\n\t\t<div class=\"elementor-element elementor-element-9bb8dd7 e-con-full e-flex wpr-particle-no wpr-jarallax-no wpr-parallax-no wpr-sticky-section-no e-con e-child\" data-id=\"9bb8dd7\" data-element_type=\"container\" data-e-type=\"container\">\n\t\t\t\t<div class=\"elementor-element elementor-element-a52ecec elementor-widget elementor-widget-button\" data-id=\"a52ecec\" data-element_type=\"widget\" data-e-type=\"widget\" data-widget_type=\"button.default\">\n\t\t\t\t\t\t\t\t\t\t<a class=\"elementor-button elementor-button-link elementor-size-sm\" href=\"https:\/\/medicaltravel.at\/tr\/sac-ekimi\/kendi-sac-nakli-sac-ekimi-tuerkiye-istanbul-antalya\/\">\n\t\t\t\t\t\t<span class=\"elementor-button-content-wrapper\">\n\t\t\t\t\t\t\t\t\t<span class=\"elementor-button-text\">Kendi Sa\u00e7\u0131n\u0131n Nakli<\/span>\n\t\t\t\t\t<\/span>\n\t\t\t\t\t<\/a>\n\t\t\t\t\t\t\t\t<\/div>\n\t\t\t\t<div class=\"elementor-element elementor-element-5a0ac4c elementor-widget elementor-widget-button\" data-id=\"5a0ac4c\" data-element_type=\"widget\" data-e-type=\"widget\" data-widget_type=\"button.default\">\n\t\t\t\t\t\t\t\t\t\t<a class=\"elementor-button elementor-button-link elementor-size-sm\" href=\"https:\/\/medicaltravel.at\/tr\/sac-ekimi\/hastaneler\/istanbulda-sac-ekimi-icin-en-iyi-sac-klinigi\/\">\n\t\t\t\t\t\t<span class=\"elementor-button-content-wrapper\">\n\t\t\t\t\t\t\t\t\t<span class=\"elementor-button-text\">Hastaneler<\/span>\n\t\t\t\t\t<\/span>\n\t\t\t\t\t<\/a>\n\t\t\t\t\t\t\t\t<\/div>\n\t\t\t\t<div class=\"elementor-element elementor-element-0e515de elementor-widget elementor-widget-button\" data-id=\"0e515de\" data-element_type=\"widget\" data-e-type=\"widget\" data-widget_type=\"button.default\">\n\t\t\t\t\t\t\t\t\t\t<a class=\"elementor-button elementor-button-link elementor-size-sm\" href=\"https:\/\/medicaltravel.at\/tr\/sac-ekimi\/hizmet-yelpazesi\/erkekler-icin-fue-sac-ekimi-istanbul-tuerkiye\/\">\n\t\t\t\t\t\t<span class=\"elementor-button-content-wrapper\">\n\t\t\t\t\t\t\t\t\t<span class=\"elementor-button-text\">Hizmet Yelpazesi<\/span>\n\t\t\t\t\t<\/span>\n\t\t\t\t\t<\/a>\n\t\t\t\t\t\t\t\t<\/div>\n\t\t\t\t<div class=\"elementor-element elementor-element-84d639a elementor-widget elementor-widget-button\" data-id=\"84d639a\" data-element_type=\"widget\" data-e-type=\"widget\" data-widget_type=\"button.default\">\n\t\t\t\t\t\t\t\t\t\t<a class=\"elementor-button elementor-button-link elementor-size-sm\" href=\"https:\/\/medicaltravel.at\/tr\/sac-ekimi\/sac-ekim-teklifi-tuerkiye-istanbul-antalya-izmir\/\">\n\t\t\t\t\t\t<span class=\"elementor-button-content-wrapper\">\n\t\t\t\t\t\t\t\t\t<span class=\"elementor-button-text\">F\u0131rsat<\/span>\n\t\t\t\t\t<\/span>\n\t\t\t\t\t<\/a>\n\t\t\t\t\t\t\t\t<\/div>\n\t\t\t\t<div class=\"elementor-element elementor-element-cd358c8 elementor-widget elementor-widget-button\" data-id=\"cd358c8\" data-element_type=\"widget\" data-e-type=\"widget\" data-widget_type=\"button.default\">\n\t\t\t\t\t\t\t\t\t\t<a class=\"elementor-button elementor-button-link elementor-size-sm\" href=\"https:\/\/medicaltravel.at\/tr\/sac-ekimi\/sac-ekimi-fiyatlari-maliyetleri-tuerkiye-istanbul-antalya\/\">\n\t\t\t\t\t\t<span class=\"elementor-button-content-wrapper\">\n\t\t\t\t\t\t\t\t\t<span class=\"elementor-button-text\">Fiyatlar<\/span>\n\t\t\t\t\t<\/span>\n\t\t\t\t\t<\/a>\n\t\t\t\t\t\t\t\t<\/div>\n\t\t\t\t<\/div>\n\t\t\t\t<div class=\"elementor-element elementor-element-273e93bb elementor-widget elementor-widget-text-editor\" data-id=\"273e93bb\" data-element_type=\"widget\" data-e-type=\"widget\" data-widget_type=\"text-editor.default\">\n\t\t\t\t\t\t\t\t\t<h2 class=\"wp-block-heading\">Sa\u00e7 Ekimi Teklifi<\/h2>\n<h2 class=\"wp-block-heading\"><strong>Kendi Sa\u00e7 Nakli T\u00fcrkiye Teklifi<\/strong><\/h2>\n<p>Amac\u0131m\u0131z, <strong>sa\u00e7lar\u0131n\u0131z\u0131 geri kazanma<\/strong> iste\u011finizi, \u0130stanbul veya Antalya gibi harika \u015fehirlerdeki en iyi hastaneler sayesinde hem t\u0131bbi hem de organizasyon a\u00e7\u0131s\u0131ndan en y\u00fcksek kalitede ger\u00e7ekle\u015ftirmektir.<\/p>\n<p><strong>Kapsaml\u0131 hizmetlerimizin tad\u0131n\u0131 \u00e7\u0131kar\u0131n<\/strong><\/p>\n<p>\u0130stanbul veya Antalya\u2019ya sa\u00e7 ekimi yolculu\u011fu biraz organizasyon gerektirir. Bu <strong>organizasyonu<\/strong> sizin i\u00e7in memnuniyetle biz \u00fcstleniyoruz. <\/p>\n<p><strong>\u00dccretsiz, ba\u011flay\u0131c\u0131 olmayan ve size \u00f6zel dan\u0131\u015fmanl\u0131\u011f\u0131m\u0131z\u0131n<\/strong> tad\u0131n\u0131 \u00e7\u0131karabilirsiniz.<br>Dan\u0131\u015fmanl\u0131k dilleri Almanca, \u0130ngilizce ve T\u00fcrk\u00e7e\u2019dir.<\/p>\n<ul class=\"wp-block-list\">\n<li><strong>Medicaltravelpass<\/strong><\/li>\n<\/ul>\n<p>Bu bizim benzersiz ek hizmetimizdir. Pasaport, <strong>T\u00fcrkiye\u2019deki konaklaman\u0131z ve ameliyat\u0131n\u0131z\u0131n iyile\u015fme s\u00fcreci ile ilgili t\u00fcm gerekli ki\u015fisel bilgileri<\/strong> i\u00e7erir. Normal bir pasaport boyutundad\u0131r, b\u00f6ylece her zaman elinizde ta\u015f\u0131yabilirsiniz. Seyahatinizden \u00f6nce size \u00f6zel olarak d\u00fczenlenir.   <\/p>\n<figure class=\"wp-block-image size-full\"><img decoding=\"async\" width=\"200\" height=\"118\" class=\"wp-image-1760\" src=\"https:\/\/medicaltravel.at\/wp-content\/uploads\/2025\/09\/zahnreisen-5.jpg\" alt=\"\"><\/figure>\n<ul class=\"wp-block-list\">\n<li><strong>U\u00e7u\u015f<\/strong><\/li>\n<\/ul>\n<p>Biz \u00f6neriler sunuyoruz, zaman ve \u015fekilde karar siz veriyorsunuz.<\/p>\n<figure class=\"wp-block-image size-full\"><img decoding=\"async\" width=\"200\" height=\"83\" class=\"wp-image-1761\" src=\"https:\/\/medicaltravel.at\/wp-content\/uploads\/2025\/09\/zahnbehandlung-im-ausland-5.jpg\" alt=\"\"><\/figure>\n<ul class=\"wp-block-list\">\n<li><strong>Havaalan\u0131-Otel Transferi<\/strong><\/li>\n<\/ul>\n<p><strong>Transfer hizmetimiz<\/strong> sizi memnuniyetle otele g\u00f6t\u00fcr\u00fcr. Bu transferler genellikle ki\u015fiye \u00f6zel yap\u0131l\u0131r ve saatlerce trafikte bekleyecek servis otob\u00fcs\u00fc ile ger\u00e7ekle\u015ftirilmez. Yolculu\u011funuzun keyfini \u00e7\u0131kar\u0131n.  <\/p>\n<ul class=\"wp-block-list\">\n<li><strong>Otel<\/strong><\/li>\n<\/ul>\n<p>Oteller ya hastaneye yak\u0131n ya da turistik b\u00f6lgelerde bulunur. Sadece iyi ve temiz otellerle \u00e7al\u0131\u015f\u0131yoruz. 2 gece konaklama ve kahvalt\u0131 \u00fccretsiz!   <\/p>\n<p><strong>Almanca Dilinde Destek<\/strong><\/p>\n<p>Doktoru anlaman\u0131z son derece \u00f6nemlidir. Hastanedeki Almanca konu\u015fan personel sorunsuz bir ileti\u015fim garanti eder.  Elbette, bu hizmet di\u011fer yerel diller i\u00e7in de organize edilebilir. Hastane neredeyse t\u00fcm Avrupa dillerinde yard\u0131mc\u0131 olabilir.<\/p>\n<ul class=\"wp-block-list\">\n<li><strong>\u00d6n Muayeneniz<\/strong><\/li>\n<\/ul>\n<p>Kaliteli bir tedavi sonucu sa\u011flamak i\u00e7in \u00f6n muayene son derece \u00f6nemlidir. Mevcut sorunlar ve olas\u0131 tedavileri tespit edilir ve sizinle detayl\u0131 bir \u015fekilde konu\u015fulur. Ard\u0131ndan sizin i\u00e7in ki\u015fiye \u00f6zel, \u00f6zenli tedavi kesin olarak planlan\u0131r.  <\/p>\n<ul class=\"wp-block-list\">\n<li><strong>Tedaviniz<\/strong><\/li>\n<\/ul>\n<p>Bu hastaneleri, yerinde incelemeler yaparak ve \u00e7e\u015fitli fakt\u00f6rleri dikkate alarak titiz bir ara\u015ft\u0131rma sonucunda se\u00e7tik. Hastaneler hakk\u0131nda daha fazla bilgiyi <a href=\"https:\/\/www.medicaltravel.de\/haartransplantation\/die-spitaeler\/das-spital-in-istanbul\" target=\"_blank\" rel=\"noopener\">burada<\/a> bulabilirsiniz. <\/p>\n<ul class=\"wp-block-list\">\n<li><strong>Kontrol Muayeneniz<\/strong><\/li>\n<\/ul>\n<p>Ertesi g\u00fcn bir kontrol muayenesi de yap\u0131l\u0131r. Bu, hem son bir kontrol hem de kafa b\u00f6lgesinin bak\u0131m\u0131n\u0131 sa\u011flamak i\u00e7indir. <\/p>\n<ul class=\"wp-block-list\">\n<li><strong>\u00dccretsiz Di\u015f Kontrol\u00fc (sadece isterseniz)<\/strong><\/li>\n<\/ul>\n<p>Size \u00fccretsiz bir di\u015f kontrol\u00fc hediye ediyoruz. Y\u0131ll\u0131k kontrol\u00fcn\u00fcz\u00fc hen\u00fcz yapt\u0131rmad\u0131ysan\u0131z veya k\u00fc\u00e7\u00fck onar\u0131mlar gerekiyorsa memnuniyetle yard\u0131mc\u0131 olabiliriz. Kontrol sadece sizin iste\u011finiz do\u011frultusunda yap\u0131l\u0131r.  <\/p>\n<ul class=\"wp-block-list\">\n<li><strong>\u015eehir gezileri (iste\u011fe ba\u011fl\u0131)<\/strong><\/li>\n<\/ul>\n<p>Hizmetimiz sayesinde bir d\u00fcnya \u015fehrini deneyimlersiniz. Size, seyahat plan\u0131n\u0131za g\u00f6re neleri gezip g\u00f6rebilece\u011finizi ve neler yapabilece\u011finizi bireysel olarak \u00f6neriyoruz. B\u00f6ylece yeni hayat\u0131n\u0131za g\u00fczel an\u0131larla ba\u015flars\u0131n\u0131z.  <\/p>\n<ul class=\"wp-block-list\">\n<li><strong>Otel-Havaalan\u0131 Transferi<\/strong><\/li>\n<\/ul>\n<p>Transfer ekibimiz, yolculu\u011funuzun sonuna kadar olumlu bir deneyim olmas\u0131n\u0131 sa\u011flar.<\/p>\n<ul class=\"wp-block-list\">\n<li><strong>Biz uygun fiyatl\u0131y\u0131z.<\/strong><\/li>\n<\/ul>\n<p><strong><br><\/strong>Art\u0131k uygun fiyatlarla, kaliteyi \u00f6d\u00fcn vermeden herkesin kendi sa\u00e7 naklini yapt\u0131rmas\u0131n\u0131 m\u00fcmk\u00fcn k\u0131l\u0131yoruz.<a href=\"https:\/\/medicaltravel.at\/tr\/dis-seyahati-2\/fiyatlar\/\" data-type=\"page\" data-id=\"903\"> Maliyet tablosunu burada bulabilirsiniz.<\/a><\/p>\n<ul class=\"wp-block-list\">\n<li><strong>Avrupa&#8217;da neden daha pahal\u0131?<\/strong><\/li>\n<\/ul>\n<p>Orta Avrupa \u00fclkeleri d\u00fcnyan\u0131n en pahal\u0131 \u00fclkeleri aras\u0131ndad\u0131r. Y\u00fcksek personel \u00fccretleri, bina kiralar\u0131 ve <strong>altyap\u0131 maliyetleri<\/strong> bunun nedenlerindendir. Ayr\u0131ca y\u00fcksek teknoloji cihazlar da son derece pahal\u0131d\u0131r. Yat\u0131r\u0131m\u0131n kar\u015f\u0131l\u0131\u011f\u0131n\u0131 almak i\u00e7in \u00e7ok say\u0131da hastaya ihtiya\u00e7 vard\u0131r.   <\/p>\n<ul class=\"wp-block-list\">\n<li><strong>T\u00fcrkiye\u2019de neden daha ucuz?<\/strong><\/li>\n<\/ul>\n<p>Avusturya veya Almanya\u2019da 100 Euro olan bir \u015fey i\u00e7in, T\u00fcrkiye\u2019de yaln\u0131zca 45 Euro \u00f6deniyor, OECD\u2019nin bir \u00e7al\u0131\u015fmas\u0131 bunu do\u011fruluyor.<\/p>\n<p>Bu nedenle T\u00fcrkiye\u2019de bir doktorun \u00fccreti, Avrupa\u2019daki meslekta\u015f\u0131na g\u00f6re \u00e7ok daha d\u00fc\u015f\u00fckt\u00fcr. Ayr\u0131ca sadece \u0130stanbul\u2019un neredeyse 12 milyon n\u00fcfusu vard\u0131r. Bu da otomatik olarak daha fazla hasta say\u0131s\u0131 anlam\u0131na gelir ve tedavi malzemelerinin ayn\u0131 tedarik maliyetine ra\u011fmen daha uygun fiyatlar sunulmas\u0131n\u0131 m\u00fcmk\u00fcn k\u0131lar.  <\/p>\n<p>\u0130\u015fte bu y\u00fczden T\u00fcrkiye her y\u0131l Avrupa\u2019dan binlerce hastay\u0131 a\u011f\u0131rl\u0131yor. Bu sayede size yerel kaliteyi makul fiyatlarla sunabiliyoruz. <\/p>\n<ul class=\"wp-block-list\">\n<li><strong>Neden MedicalTravel ile plan yapmal\u0131y\u0131m? Seyahatimi kendim de planlayabilirim zaten. <\/strong><\/li>\n<\/ul>\n<p>Elbette seyahatinizi kendiniz de organize edebilirsiniz. Ama bu genellikle zahmetli ve risklidir. Yurt d\u0131\u015f\u0131nda bir tedavi ile ilgili ihtiyac\u0131n\u0131z olan her \u015feyle biz ilgileniyoruz. Sadece tedavi s\u00fcrecinde de\u011fil, sonras\u0131nda da g\u00fcvenilir orta\u011f\u0131n\u0131z\u0131z.   <\/p>\n<ul class=\"wp-block-list\">\n<li>Sorunuz mu var? Bizimle <strong><a href=\"https:\/\/medicaltravel.at\/tr\/iletisim\/\" data-type=\"page\" data-id=\"976\">ileti\u015fime ge\u00e7mekten<\/a><\/strong> memnuniyet duyar\u0131z.<\/li>\n<\/ul>\t\t\t\t\t\t\t\t<\/div>\n\t\t\t\t\t<\/div>\n\t\t\t\t<\/div>\n\t\t\t\t<\/div>\n\t\t","protected":false},"excerpt":{"rendered":"<p>Kendi Sa\u00e7\u0131n\u0131n Nakli Hastaneler Hizmet Yelpazesi F\u0131rsat Fiyatlar Sa\u00e7 Ekimi Teklifi Kendi Sa\u00e7 Nakli T\u00fcrkiye Teklifi Amac\u0131m\u0131z, sa\u00e7lar\u0131n\u0131z\u0131 geri kazanma iste\u011finizi, \u0130stanbul veya Antalya gibi harika \u015fehirlerdeki en iyi hastaneler sayesinde hem t\u0131bbi hem de organizasyon a\u00e7\u0131s\u0131ndan en y\u00fcksek kalitede ger\u00e7ekle\u015ftirmektir. Kapsaml\u0131 hizmetlerimizin tad\u0131n\u0131 \u00e7\u0131kar\u0131n \u0130stanbul veya Antalya\u2019ya sa\u00e7 ekimi yolculu\u011fu biraz organizasyon gerektirir. Bu organizasyonu sizin i\u00e7in memnuniyetle biz \u00fcstleniyoruz. \u00dccretsiz, ba\u011flay\u0131c\u0131 olmayan ve size \u00f6zel dan\u0131\u015fmanl\u0131\u011f\u0131m\u0131z\u0131n tad\u0131n\u0131 \u00e7\u0131karabilirsiniz.Dan\u0131\u015fmanl\u0131k dilleri Almanca, \u0130ngilizce ve T\u00fcrk\u00e7e\u2019dir. Medicaltravelpass Bu bizim benzersiz ek hizmetimizdir. Pasaport, T\u00fcrkiye\u2019deki konaklaman\u0131z ve ameliyat\u0131n\u0131z\u0131n iyile\u015fme s\u00fcreci ile ilgili t\u00fcm gerekli ki\u015fisel bilgileri i\u00e7erir. Normal bir pasaport boyutundad\u0131r, b\u00f6ylece her zaman elinizde ta\u015f\u0131yabilirsiniz. Seyahatinizden \u00f6nce size \u00f6zel olarak d\u00fczenlenir. U\u00e7u\u015f Biz \u00f6neriler sunuyoruz, zaman ve \u015fekilde karar siz veriyorsunuz. Havaalan\u0131-Otel Transferi Transfer hizmetimiz sizi memnuniyetle otele g\u00f6t\u00fcr\u00fcr. Bu transferler genellikle ki\u015fiye \u00f6zel yap\u0131l\u0131r ve saatlerce trafikte bekleyecek servis otob\u00fcs\u00fc ile ger\u00e7ekle\u015ftirilmez. Yolculu\u011funuzun keyfini \u00e7\u0131kar\u0131n. Otel Oteller ya hastaneye yak\u0131n ya da turistik b\u00f6lgelerde bulunur. Sadece iyi ve temiz otellerle \u00e7al\u0131\u015f\u0131yoruz. 2 gece konaklama ve kahvalt\u0131 \u00fccretsiz! Almanca Dilinde Destek Doktoru anlaman\u0131z son derece \u00f6nemlidir. Hastanedeki Almanca konu\u015fan personel sorunsuz bir ileti\u015fim garanti eder. Elbette, bu hizmet di\u011fer yerel diller i\u00e7in de organize edilebilir. Hastane neredeyse t\u00fcm Avrupa dillerinde yard\u0131mc\u0131 olabilir. \u00d6n Muayeneniz Kaliteli bir tedavi sonucu sa\u011flamak i\u00e7in \u00f6n muayene son derece \u00f6nemlidir. Mevcut sorunlar ve olas\u0131 tedavileri tespit edilir ve sizinle detayl\u0131 bir \u015fekilde konu\u015fulur. Ard\u0131ndan sizin i\u00e7in ki\u015fiye \u00f6zel, \u00f6zenli tedavi kesin olarak planlan\u0131r. Tedaviniz Bu hastaneleri, yerinde incelemeler yaparak ve \u00e7e\u015fitli fakt\u00f6rleri dikkate alarak titiz bir ara\u015ft\u0131rma sonucunda se\u00e7tik. Hastaneler hakk\u0131nda daha fazla bilgiyi burada bulabilirsiniz. Kontrol Muayeneniz Ertesi g\u00fcn bir kontrol muayenesi de yap\u0131l\u0131r. Bu, hem son bir kontrol hem de kafa b\u00f6lgesinin bak\u0131m\u0131n\u0131 sa\u011flamak i\u00e7indir. \u00dccretsiz Di\u015f Kontrol\u00fc (sadece isterseniz) Size \u00fccretsiz bir di\u015f kontrol\u00fc hediye ediyoruz. Y\u0131ll\u0131k kontrol\u00fcn\u00fcz\u00fc hen\u00fcz yapt\u0131rmad\u0131ysan\u0131z veya k\u00fc\u00e7\u00fck onar\u0131mlar gerekiyorsa memnuniyetle yard\u0131mc\u0131 olabiliriz. Kontrol sadece sizin iste\u011finiz do\u011frultusunda yap\u0131l\u0131r. \u015eehir gezileri (iste\u011fe ba\u011fl\u0131) Hizmetimiz sayesinde bir d\u00fcnya \u015fehrini deneyimlersiniz. Size, seyahat plan\u0131n\u0131za g\u00f6re neleri gezip g\u00f6rebilece\u011finizi ve neler yapabilece\u011finizi bireysel olarak \u00f6neriyoruz. B\u00f6ylece yeni hayat\u0131n\u0131za g\u00fczel an\u0131larla ba\u015flars\u0131n\u0131z. Otel-Havaalan\u0131 Transferi Transfer ekibimiz, yolculu\u011funuzun sonuna kadar olumlu bir deneyim olmas\u0131n\u0131 sa\u011flar. Biz uygun fiyatl\u0131y\u0131z. Art\u0131k uygun fiyatlarla, kaliteyi \u00f6d\u00fcn vermeden herkesin kendi sa\u00e7 naklini yapt\u0131rmas\u0131n\u0131 m\u00fcmk\u00fcn k\u0131l\u0131yoruz. Maliyet tablosunu burada bulabilirsiniz. Avrupa&#8217;da neden daha pahal\u0131? Orta Avrupa \u00fclkeleri d\u00fcnyan\u0131n en pahal\u0131 \u00fclkeleri aras\u0131ndad\u0131r. Y\u00fcksek personel \u00fccretleri, bina kiralar\u0131 ve altyap\u0131 maliyetleri bunun nedenlerindendir. Ayr\u0131ca y\u00fcksek teknoloji cihazlar da son derece pahal\u0131d\u0131r. Yat\u0131r\u0131m\u0131n kar\u015f\u0131l\u0131\u011f\u0131n\u0131 almak i\u00e7in \u00e7ok say\u0131da hastaya ihtiya\u00e7 vard\u0131r. T\u00fcrkiye\u2019de neden daha ucuz? Avusturya veya Almanya\u2019da 100 Euro olan bir \u015fey i\u00e7in, T\u00fcrkiye\u2019de yaln\u0131zca 45 Euro \u00f6deniyor, OECD\u2019nin bir \u00e7al\u0131\u015fmas\u0131 bunu do\u011fruluyor. Bu nedenle T\u00fcrkiye\u2019de bir doktorun \u00fccreti, Avrupa\u2019daki meslekta\u015f\u0131na g\u00f6re \u00e7ok daha d\u00fc\u015f\u00fckt\u00fcr. Ayr\u0131ca sadece \u0130stanbul\u2019un neredeyse 12 milyon n\u00fcfusu vard\u0131r. Bu da otomatik olarak daha fazla hasta say\u0131s\u0131 anlam\u0131na gelir ve tedavi malzemelerinin ayn\u0131 tedarik maliyetine ra\u011fmen daha uygun fiyatlar sunulmas\u0131n\u0131 m\u00fcmk\u00fcn k\u0131lar. \u0130\u015fte bu y\u00fczden T\u00fcrkiye her y\u0131l Avrupa\u2019dan binlerce hastay\u0131 a\u011f\u0131rl\u0131yor. Bu sayede size yerel kaliteyi makul fiyatlarla sunabiliyoruz. Neden MedicalTravel ile plan yapmal\u0131y\u0131m? Seyahatimi kendim de planlayabilirim zaten. Elbette seyahatinizi kendiniz de organize edebilirsiniz. Ama bu genellikle zahmetli ve risklidir. Yurt d\u0131\u015f\u0131nda bir tedavi ile ilgili ihtiyac\u0131n\u0131z olan her \u015feyle biz ilgileniyoruz. Sadece tedavi s\u00fcrecinde de\u011fil, sonras\u0131nda da g\u00fcvenilir orta\u011f\u0131n\u0131z\u0131z. Sorunuz mu var? Bizimle ileti\u015fime ge\u00e7mekten memnuniyet duyar\u0131z.<\/p>\n","protected":false},"author":4,"featured_media":0,"parent":4973,"menu_order":0,"comment_status":"closed","ping_status":"closed","template":"","meta":{"_joinchat":[],"footnotes":""},"class_list":["post-4976","page","type-page","status-publish","hentry"],"acf":[],"_links":{"self":[{"href":"https:\/\/medicaltravel.at\/tr\/wp-json\/wp\/v2\/pages\/4976","targetHints":{"allow":["GET"]}}],"collection":[{"href":"https:\/\/medicaltravel.at\/tr\/wp-json\/wp\/v2\/pages"}],"about":[{"href":"https:\/\/medicaltravel.at\/tr\/wp-json\/wp\/v2\/types\/page"}],"author":[{"embeddable":true,"href":"https:\/\/medicaltravel.at\/tr\/wp-json\/wp\/v2\/users\/4"}],"replies":[{"embeddable":true,"href":"https:\/\/medicaltravel.at\/tr\/wp-json\/wp\/v2\/comments?post=4976"}],"version-history":[{"count":3,"href":"https:\/\/medicaltravel.at\/tr\/wp-json\/wp\/v2\/pages\/4976\/revisions"}],"predecessor-version":[{"id":5416,"href":"https:\/\/medicaltravel.at\/tr\/wp-json\/wp\/v2\/pages\/4976\/revisions\/5416"}],"up":[{"embeddable":true,"href":"https:\/\/medicaltravel.at\/tr\/wp-json\/wp\/v2\/pages\/4973"}],"wp:attachment":[{"href":"https:\/\/medicaltravel.at\/tr\/wp-json\/wp\/v2\/media?parent=4976"}],"curies":[{"name":"wp","href":"https:\/\/api.w.org\/{rel}","templated":true}]}}