{"id":4966,"date":"2025-09-27T15:58:44","date_gmt":"2025-09-27T14:58:44","guid":{"rendered":"https:\/\/medicaltravel.at\/dis-seyahati-2\/fiyatlar\/dis-tedavisi-fiyatlari-ve-maliyetleri-tuerkiye-istanbul-antalya-izmir\/"},"modified":"2026-01-04T17:45:14","modified_gmt":"2026-01-04T16:45:14","slug":"dis-tedavisi-fiyatlari-ve-maliyetleri-tuerkiye-istanbul-antalya-izmir","status":"publish","type":"page","link":"https:\/\/medicaltravel.at\/tr\/dis-seyahati-2\/fiyatlar\/dis-tedavisi-fiyatlari-ve-maliyetleri-tuerkiye-istanbul-antalya-izmir\/","title":{"rendered":"Di\u015f Tedavisi Fiyatlar\u0131 ve Maliyetleri T\u00fcrkiye \u2013 \u0130stanbul, Antalya, \u0130zmir"},"content":{"rendered":"\t\t<div data-elementor-type=\"wp-page\" data-elementor-id=\"4966\" class=\"elementor elementor-4966 elementor-907\" data-elementor-post-type=\"page\">\n\t\t\t\t<div class=\"elementor-element elementor-element-78ebf355 e-flex e-con-boxed wpr-particle-no wpr-jarallax-no wpr-parallax-no wpr-sticky-section-no e-con e-parent\" data-id=\"78ebf355\" data-element_type=\"container\" data-e-type=\"container\">\n\t\t\t\t\t<div class=\"e-con-inner\">\n\t\t<div class=\"elementor-element elementor-element-c3a6403 e-con-full e-flex wpr-particle-no wpr-jarallax-no wpr-parallax-no wpr-sticky-section-no e-con e-child\" data-id=\"c3a6403\" data-element_type=\"container\" data-e-type=\"container\">\n\t\t\t\t<div class=\"elementor-element elementor-element-69f8e5d elementor-widget elementor-widget-button\" data-id=\"69f8e5d\" data-element_type=\"widget\" data-e-type=\"widget\" data-widget_type=\"button.default\">\n\t\t\t\t\t\t\t\t\t\t<a class=\"elementor-button elementor-button-link elementor-size-sm\" href=\"https:\/\/medicaltravel.at\/tr\/dis-seyahati-2\/fiyatlar\/tuerkiyede-dis-tedavisi-firsatlari-istanbul-antalya-izmir\/\">\n\t\t\t\t\t\t<span class=\"elementor-button-content-wrapper\">\n\t\t\t\t\t\t\t\t\t<span class=\"elementor-button-text\">F\u0131rsat<\/span>\n\t\t\t\t\t<\/span>\n\t\t\t\t\t<\/a>\n\t\t\t\t\t\t\t\t<\/div>\n\t\t\t\t<div class=\"elementor-element elementor-element-6614b99 elementor-widget elementor-widget-button\" data-id=\"6614b99\" data-element_type=\"widget\" data-e-type=\"widget\" data-widget_type=\"button.default\">\n\t\t\t\t\t\t\t\t\t\t<a class=\"elementor-button elementor-button-link elementor-size-sm\" href=\"https:\/\/medicaltravel.at\/tr\/dis-seyahati-2\/fiyatlar\/dis-tedavisi-fiyatlari-ve-maliyetleri-tuerkiye-istanbul-antalya-izmir\/\">\n\t\t\t\t\t\t<span class=\"elementor-button-content-wrapper\">\n\t\t\t\t\t\t\t\t\t<span class=\"elementor-button-text\">Fiyatlar Euro Cinsinden<\/span>\n\t\t\t\t\t<\/span>\n\t\t\t\t\t<\/a>\n\t\t\t\t\t\t\t\t<\/div>\n\t\t\t\t<div class=\"elementor-element elementor-element-26a4025 elementor-widget elementor-widget-button\" data-id=\"26a4025\" data-element_type=\"widget\" data-e-type=\"widget\" data-widget_type=\"button.default\">\n\t\t\t\t\t\t\t\t\t\t<a class=\"elementor-button elementor-button-link elementor-size-sm\" href=\"https:\/\/medicaltravel.at\/tr\/iletisim\/\">\n\t\t\t\t\t\t<span class=\"elementor-button-content-wrapper\">\n\t\t\t\t\t\t\t\t\t<span class=\"elementor-button-text\">Kay\u0131t<\/span>\n\t\t\t\t\t<\/span>\n\t\t\t\t\t<\/a>\n\t\t\t\t\t\t\t\t<\/div>\n\t\t\t\t<\/div>\n\t\t\t\t<div class=\"elementor-element elementor-element-c33833f elementor-widget elementor-widget-text-editor\" data-id=\"c33833f\" data-element_type=\"widget\" data-e-type=\"widget\" data-widget_type=\"text-editor.default\">\n\t\t\t\t\t\t\t\t\t\n<h2 class=\"wp-block-heading\">T\u00fcrkiye \u2013 \u0130stanbul, Antalya, \u0130zmir\u2019de Di\u015f Tedavisi Fiyatlar\u0131 ve Maliyetleri<\/h2>\n\n<p>\u0130\u015fte Hospitadent \u0130stanbul\u2019daki etkileyici tekliflerimiz ve Euro cinsinden fiyatlar\u0131m\u0131z:<br>(T\u00fcm de\u011fi\u015fiklikler sakl\u0131d\u0131r)<\/p>\n\n<p><strong>Tedaviler i\u00e7in fiyatlar<\/strong><\/p>\n\n<figure class=\"wp-block-table\">\n<table class=\"has-fixed-layout\">\n<tbody>\n<tr>\n<th>Hizmet<\/th>\n<th>Bizim teklifimiz**<\/th>\n<th>Avrupa\u2019da ortalama maliyet<\/th>\n<th>Ayn\u0131 kalitede tasarruf<\/th>\n<\/tr>\n<tr>\n<td>Muayene<\/td>\n<td>20<\/td>\n<td>65<\/td>\n<td>\u2013<\/td>\n<\/tr>\n<tr>\n<td>R\u00f6ntgen<\/td>\n<td>40<\/td>\n<td>165<\/td>\n<td>140<\/td>\n<\/tr>\n<tr>\n<td>Di\u015f \u00e7ekimi<\/td>\n<td>20-30<\/td>\n<td>220-410<\/td>\n<td>165-320<\/td>\n<\/tr>\n<tr>\n<td>Kanal Tedavisi<\/td>\n<td>60-100<\/td>\n<td>500-1000<\/td>\n<td>400-750<\/td>\n<\/tr>\n<tr>\n<td>Seramik Inlay<\/td>\n<td>150<\/td>\n<td>1000<\/td>\n<td>750<\/td>\n<\/tr>\n<tr>\n<td>Kron \/ K\u00f6pr\u00fc Par\u00e7as\u0131<\/td>\n<td>85-150<\/td>\n<td>1335-1775<\/td>\n<td>1085-1425<\/td>\n<\/tr>\n<tr>\n<td>Parsiyel Protez<\/td>\n<td>385<\/td>\n<td>1665<\/td>\n<td>1280<\/td>\n<\/tr>\n<tr>\n<td>Total Protez<\/td>\n<td>385<\/td>\n<td>2000<\/td>\n<td>1615<\/td>\n<\/tr>\n<tr>\n<td>\u0130mplantasyon<\/td>\n<td>550-1100<\/td>\n<td>2000-2500<\/td>\n<td>1390-1505<\/td>\n<\/tr>\n<tr>\n<td>Lamine Di\u015f Kaplama <\/td>\n<td>315<\/td>\n<td>1025<\/td>\n<td>675<\/td>\n<\/tr>\n<tr>\n<td>Di\u015f Beyazlatma<\/td>\n<td>250<\/td>\n<td>620<\/td>\n<td>395<\/td>\n<\/tr>\n<\/tbody>\n<\/table>\n<\/figure>\n\n<p><em>Fiyatlar bir di\u015f i\u00e7in ve Euro cinsindendir.<br>** Fiyatlar kullan\u0131lan malzemeye g\u00f6re biraz de\u011fi\u015fiklik g\u00f6sterebilir. Fiyat de\u011fi\u015fiklikleri sakl\u0131d\u0131r. <br>*** Tedavi durumunda<\/em><\/p>\n\n<p>Seyahatiniz \u00f6ncesinde tedavinizi planlayabilmemiz i\u00e7in, m\u00fcmk\u00fcnse r\u00f6ntgenlerinizle birlikte bu <a href=\"https:\/\/medicaltravel.at\/tr\/iletisim\/\" data-type=\"page\" data-id=\"976\">formu<\/a> doldurunuz. Bu form klinik taraf\u0131ndan incelenecek ve size ayr\u0131nt\u0131l\u0131 bir maliyet teklifi sunulacakt\u0131r. R\u00f6ntgenlerinizi ve doktorunuzun maliyet teklifini bize posta yoluyla da g\u00f6nderebilirsiniz. <a href=\"https:\/\/medicaltravel.at\/tr\/iletisim\/\" data-type=\"page\" data-id=\"976\">\u0130leti\u015fim<\/a> b\u00f6l\u00fcm\u00fcnde adresimizi bulabilirsiniz.   <\/p>\n\n<p><strong>\u00d6deme<\/strong><br>T\u00fcm \u00f6demeyi klinikte yapars\u0131n\u0131z. \u00d6n \u00f6deme gerekli de\u011fildir. \u00d6demeyi nakit Euro, kredi kart\u0131 veya havale ile yapabilirsiniz.  <\/p>\n\n<p><strong>U\u00e7ak Bilet Fiyatlar\u0131<\/strong><\/p>\n\n<p>U\u00e7ak bilet fiyatlar\u0131 b\u00fcy\u00fck \u00f6l\u00e7\u00fcde de\u011fi\u015fir. Fiyatlar hava yolu \u015firketine ve seyahat tarihine g\u00f6re belirlenir. Yakla\u015f\u0131k olarak 150 Euro\u2019dan ba\u015flayan fiyatlarla kar\u015f\u0131la\u015fabilirsiniz. Size uygun ve ekonomik bir u\u00e7ak bileti bulman\u0131zda yard\u0131mc\u0131 olabiliriz.   <\/p>\n\n<p><strong>Otel Fiyatlar\u0131<\/strong><\/p>\n\n<p>Otele ba\u011fl\u0131 olarak, \u0130stanbul\u2019da gecelik 55 ile 80 Euro aras\u0131nda bir \u00fccret \u00f6deyebilirsiniz.<br>\u00d6rne\u011fin, Taksim\u2019deki <a href=\"https:\/\/www.nazcityhoteltaksim.com.tr\/de\/\" target=\"_blank\" rel=\"noopener\">Naz City Hotel<\/a> gecelik 55 Euro olup bir\u00e7ok al\u0131\u015fveri\u015f merkezine \u00e7ok yak\u0131nd\u0131r.<\/p>\n\n<p>Antalya ve Ku\u015fadas\u0131\u2019ndaki oteller i\u00e7in l\u00fctfen bilgi isteyin. Bu oteller u\u00e7u\u015flarla daha kolay kombinlenebilir. <\/p>\n\n<p>Sorunuz mu var? <a href=\"https:\/\/medicaltravel.at\/tr\/iletisim\/\" data-type=\"page\" data-id=\"976\">Bizimle ileti\u015fime ge\u00e7mekten<\/a> memnuniyet duyar\u0131z. <\/p>\n\t\t\t\t\t\t\t\t<\/div>\n\t\t\t\t\t<\/div>\n\t\t\t\t<\/div>\n\t\t\t\t<\/div>\n\t\t","protected":false},"excerpt":{"rendered":"<p>F\u0131rsat Fiyatlar Euro Cinsinden Kay\u0131t T\u00fcrkiye \u2013 \u0130stanbul, Antalya, \u0130zmir\u2019de Di\u015f Tedavisi Fiyatlar\u0131 ve Maliyetleri \u0130\u015fte Hospitadent \u0130stanbul\u2019daki etkileyici tekliflerimiz ve Euro cinsinden fiyatlar\u0131m\u0131z:(T\u00fcm de\u011fi\u015fiklikler sakl\u0131d\u0131r) Tedaviler i\u00e7in fiyatlar Hizmet Bizim teklifimiz** Avrupa\u2019da ortalama maliyet Ayn\u0131 kalitede tasarruf Muayene 20 65 \u2013 R\u00f6ntgen 40 165 140 Di\u015f \u00e7ekimi 20-30 220-410 165-320 Kanal Tedavisi 60-100 500-1000 400-750 Seramik Inlay 150 1000 750 Kron \/ K\u00f6pr\u00fc Par\u00e7as\u0131 85-150 1335-1775 1085-1425 Parsiyel Protez 385 1665 1280 Total Protez 385 2000 1615 \u0130mplantasyon 550-1100 2000-2500 1390-1505 Lamine Di\u015f Kaplama 315 1025 675 Di\u015f Beyazlatma 250 620 395 Fiyatlar bir di\u015f i\u00e7in ve Euro cinsindendir.** Fiyatlar kullan\u0131lan malzemeye g\u00f6re biraz de\u011fi\u015fiklik g\u00f6sterebilir. Fiyat de\u011fi\u015fiklikleri sakl\u0131d\u0131r. *** Tedavi durumunda Seyahatiniz \u00f6ncesinde tedavinizi planlayabilmemiz i\u00e7in, m\u00fcmk\u00fcnse r\u00f6ntgenlerinizle birlikte bu formu doldurunuz. Bu form klinik taraf\u0131ndan incelenecek ve size ayr\u0131nt\u0131l\u0131 bir maliyet teklifi sunulacakt\u0131r. R\u00f6ntgenlerinizi ve doktorunuzun maliyet teklifini bize posta yoluyla da g\u00f6nderebilirsiniz. \u0130leti\u015fim b\u00f6l\u00fcm\u00fcnde adresimizi bulabilirsiniz. \u00d6demeT\u00fcm \u00f6demeyi klinikte yapars\u0131n\u0131z. \u00d6n \u00f6deme gerekli de\u011fildir. \u00d6demeyi nakit Euro, kredi kart\u0131 veya havale ile yapabilirsiniz. U\u00e7ak Bilet Fiyatlar\u0131 U\u00e7ak bilet fiyatlar\u0131 b\u00fcy\u00fck \u00f6l\u00e7\u00fcde de\u011fi\u015fir. Fiyatlar hava yolu \u015firketine ve seyahat tarihine g\u00f6re belirlenir. Yakla\u015f\u0131k olarak 150 Euro\u2019dan ba\u015flayan fiyatlarla kar\u015f\u0131la\u015fabilirsiniz. Size uygun ve ekonomik bir u\u00e7ak bileti bulman\u0131zda yard\u0131mc\u0131 olabiliriz. Otel Fiyatlar\u0131 Otele ba\u011fl\u0131 olarak, \u0130stanbul\u2019da gecelik 55 ile 80 Euro aras\u0131nda bir \u00fccret \u00f6deyebilirsiniz.\u00d6rne\u011fin, Taksim\u2019deki Naz City Hotel gecelik 55 Euro olup bir\u00e7ok al\u0131\u015fveri\u015f merkezine \u00e7ok yak\u0131nd\u0131r. Antalya ve Ku\u015fadas\u0131\u2019ndaki oteller i\u00e7in l\u00fctfen bilgi isteyin. Bu oteller u\u00e7u\u015flarla daha kolay kombinlenebilir. Sorunuz mu var? Bizimle ileti\u015fime ge\u00e7mekten memnuniyet duyar\u0131z.<\/p>\n","protected":false},"author":4,"featured_media":0,"parent":4952,"menu_order":0,"comment_status":"closed","ping_status":"closed","template":"","meta":{"_joinchat":[],"footnotes":""},"class_list":["post-4966","page","type-page","status-publish","hentry"],"acf":[],"_links":{"self":[{"href":"https:\/\/medicaltravel.at\/tr\/wp-json\/wp\/v2\/pages\/4966","targetHints":{"allow":["GET"]}}],"collection":[{"href":"https:\/\/medicaltravel.at\/tr\/wp-json\/wp\/v2\/pages"}],"about":[{"href":"https:\/\/medicaltravel.at\/tr\/wp-json\/wp\/v2\/types\/page"}],"author":[{"embeddable":true,"href":"https:\/\/medicaltravel.at\/tr\/wp-json\/wp\/v2\/users\/4"}],"replies":[{"embeddable":true,"href":"https:\/\/medicaltravel.at\/tr\/wp-json\/wp\/v2\/comments?post=4966"}],"version-history":[{"count":9,"href":"https:\/\/medicaltravel.at\/tr\/wp-json\/wp\/v2\/pages\/4966\/revisions"}],"predecessor-version":[{"id":5420,"href":"https:\/\/medicaltravel.at\/tr\/wp-json\/wp\/v2\/pages\/4966\/revisions\/5420"}],"up":[{"embeddable":true,"href":"https:\/\/medicaltravel.at\/tr\/wp-json\/wp\/v2\/pages\/4952"}],"wp:attachment":[{"href":"https:\/\/medicaltravel.at\/tr\/wp-json\/wp\/v2\/media?parent=4966"}],"curies":[{"name":"wp","href":"https:\/\/api.w.org\/{rel}","templated":true}]}}