{"id":4955,"date":"2025-09-27T15:58:10","date_gmt":"2025-09-27T14:58:10","guid":{"rendered":"https:\/\/medicaltravel.at\/dis-seyahati-2\/fiyatlar\/tuerkiyede-dis-tedavisi-firsatlari-istanbul-antalya-izmir\/"},"modified":"2026-01-04T17:50:28","modified_gmt":"2026-01-04T16:50:28","slug":"tuerkiyede-dis-tedavisi-firsatlari-istanbul-antalya-izmir","status":"publish","type":"page","link":"https:\/\/medicaltravel.at\/tr\/dis-seyahati-2\/fiyatlar\/tuerkiyede-dis-tedavisi-firsatlari-istanbul-antalya-izmir\/","title":{"rendered":"T\u00fcrkiye\u2019de Di\u015f Tedavisi F\u0131rsatlar\u0131 \u2013 \u0130stanbul, Antalya, \u0130zmir"},"content":{"rendered":"\t\t<div data-elementor-type=\"wp-page\" data-elementor-id=\"4955\" class=\"elementor elementor-4955 elementor-905\" data-elementor-post-type=\"page\">\n\t\t\t\t<div class=\"elementor-element elementor-element-4cafc453 e-flex e-con-boxed wpr-particle-no wpr-jarallax-no wpr-parallax-no wpr-sticky-section-no e-con e-parent\" data-id=\"4cafc453\" data-element_type=\"container\" data-e-type=\"container\">\n\t\t\t\t\t<div class=\"e-con-inner\">\n\t\t<div class=\"elementor-element elementor-element-c06dfdf e-con-full e-flex wpr-particle-no wpr-jarallax-no wpr-parallax-no wpr-sticky-section-no e-con e-child\" data-id=\"c06dfdf\" data-element_type=\"container\" data-e-type=\"container\">\n\t\t\t\t<div class=\"elementor-element elementor-element-0d68d8f elementor-widget elementor-widget-button\" data-id=\"0d68d8f\" data-element_type=\"widget\" data-e-type=\"widget\" data-widget_type=\"button.default\">\n\t\t\t\t\t\t\t\t\t\t<a class=\"elementor-button elementor-button-link elementor-size-sm\" href=\"https:\/\/medicaltravel.at\/tr\/dis-seyahati-2\/fiyatlar\/tuerkiyede-dis-tedavisi-firsatlari-istanbul-antalya-izmir\/\">\n\t\t\t\t\t\t<span class=\"elementor-button-content-wrapper\">\n\t\t\t\t\t\t\t\t\t<span class=\"elementor-button-text\">F\u0131rsat<\/span>\n\t\t\t\t\t<\/span>\n\t\t\t\t\t<\/a>\n\t\t\t\t\t\t\t\t<\/div>\n\t\t\t\t<div class=\"elementor-element elementor-element-cac4020 elementor-widget elementor-widget-button\" data-id=\"cac4020\" data-element_type=\"widget\" data-e-type=\"widget\" data-widget_type=\"button.default\">\n\t\t\t\t\t\t\t\t\t\t<a class=\"elementor-button elementor-button-link elementor-size-sm\" href=\"https:\/\/medicaltravel.at\/tr\/dis-seyahati-2\/fiyatlar\/dis-tedavisi-fiyatlari-ve-maliyetleri-tuerkiye-istanbul-antalya-izmir\/\">\n\t\t\t\t\t\t<span class=\"elementor-button-content-wrapper\">\n\t\t\t\t\t\t\t\t\t<span class=\"elementor-button-text\">Fiyatlar Euro Cinsinden<\/span>\n\t\t\t\t\t<\/span>\n\t\t\t\t\t<\/a>\n\t\t\t\t\t\t\t\t<\/div>\n\t\t\t\t<div class=\"elementor-element elementor-element-08d75d9 elementor-widget elementor-widget-button\" data-id=\"08d75d9\" data-element_type=\"widget\" data-e-type=\"widget\" data-widget_type=\"button.default\">\n\t\t\t\t\t\t\t\t\t\t<a class=\"elementor-button elementor-button-link elementor-size-sm\" href=\"https:\/\/medicaltravel.at\/tr\/iletisim\/\">\n\t\t\t\t\t\t<span class=\"elementor-button-content-wrapper\">\n\t\t\t\t\t\t\t\t\t<span class=\"elementor-button-text\">Kay\u0131t<\/span>\n\t\t\t\t\t<\/span>\n\t\t\t\t\t<\/a>\n\t\t\t\t\t\t\t\t<\/div>\n\t\t\t\t<\/div>\n\t\t\t\t<div class=\"elementor-element elementor-element-3d66e13f elementor-widget elementor-widget-text-editor\" data-id=\"3d66e13f\" data-element_type=\"widget\" data-e-type=\"widget\" data-widget_type=\"text-editor.default\">\n\t\t\t\t\t\t\t\t\t\n<h2 class=\"wp-block-heading\">F\u0131rsat \u2013 T\u00fcrkiye\u2019de \u0130stanbul\u2019da di\u015f d\u00fczeltme<\/h2>\n\n\n\n<p>Amac\u0131m\u0131z, T\u00fcrkiye\u2019nin g\u00fczel \u015fehirlerindeki en iyi di\u015f kliniklerinde, t\u0131bbi ve organizasyonel a\u00e7\u0131dan y\u00fcksek kaliteyle <strong>\u201csa\u011fl\u0131kl\u0131 di\u015fler\u201d<\/strong> arzunuzu ger\u00e7ekle\u015ftirmektir.<\/p>\n\n\n\n<p><strong>Kapsaml\u0131 hizmetlerimizin tad\u0131n\u0131 \u00e7\u0131kar\u0131n<\/strong><\/p>\n\n\n\n<p>T\u00fcrkiye\u2019ye di\u015f tedavisi ama\u00e7l\u0131 bir seyahat, biraz organizasyon gerektirir. Bu <strong>organizasyonu<\/strong> sizin i\u00e7in memnuniyetle \u00fcstleniyoruz. <\/p>\n\n\n\n<p><strong>\u00dccretsiz, ba\u011flay\u0131c\u0131 olmayan ve size \u00f6zel dan\u0131\u015fmanl\u0131\u011f\u0131m\u0131z\u0131n<\/strong> tad\u0131n\u0131 \u00e7\u0131karabilirsiniz.<br>Dan\u0131\u015fmanl\u0131k dilleri Almanca, \u0130ngilizce ve T\u00fcrk\u00e7e\u2019dir.<\/p>\n\n\n\n<figure class=\"wp-block-image size-full\"><img decoding=\"async\" width=\"200\" height=\"118\" class=\"wp-image-1606\" src=\"https:\/\/medicaltravel.at\/wp-content\/uploads\/2025\/09\/zahnreisen-3.jpg\" alt=\"\"><\/figure>\n\n\n\n<ul class=\"wp-block-list\">\n<li>U\u00e7u\u015f<\/li>\n<\/ul>\n\n\n\n<p>Biz \u00f6nerilerde bulunuruz, ne zaman ve nas\u0131l olaca\u011f\u0131na siz karar verirsiniz. Rezervasyon sizin taraf\u0131n\u0131zdan yap\u0131l\u0131r. <\/p>\n\n\n\n<figure class=\"wp-block-image size-full\"><img decoding=\"async\" width=\"200\" height=\"83\" class=\"wp-image-1607\" src=\"https:\/\/medicaltravel.at\/wp-content\/uploads\/2025\/09\/zahnbehandlung-im-ausland-3.jpg\" alt=\"\"><\/figure>\n\n\n\n<ul class=\"wp-block-list\">\n<li>Havaalan\u0131-Otel Transferi<\/li>\n<\/ul>\n\n\n\n<p>Havaalan\u0131 <strong>kar\u015f\u0131lama servisimiz<\/strong> sizi memnuniyetle otelinize g\u00f6t\u00fcr\u00fcr. Bu transferler genellikle size \u00f6zel yap\u0131l\u0131r, uzun s\u00fcre trafikte bekleyen servis otob\u00fcs\u00fc ile de\u011fil. Yolculu\u011funuzun tad\u0131n\u0131 \u00e7\u0131kar\u0131n!  <\/p>\n\n\n\n<ul class=\"wp-block-list\">\n<li>Otel<\/li>\n<\/ul>\n\n\n\n<p>Size uygun olan se\u00e7enekleri sunuyoruz, karar\u0131 siz veriyorsunuz. Oteller ya klinik yak\u0131n\u0131nda ya da turistik b\u00f6lgelerde bulunmaktad\u0131r. Biz yaln\u0131zca iyi ve temiz otellerle \u00e7al\u0131\u015f\u0131yoruz.  <\/p>\n\n\n\n<ul class=\"wp-block-list\">\n<li>Klinikte Almanca konu\u015fan destek ekibi<\/li>\n<\/ul>\n\n\n\n<p>Doktoru anlaman\u0131z son derece \u00f6nemlidir. Klinik b\u00fcnyesindeki <strong>Almanca konu\u015fan doktor <\/strong>ve\/veya personel, kusursuz bir ileti\u015fim sa\u011flar.  Elbette, bu hizmet di\u011fer yerel diller i\u00e7in de organize edilebilir.<\/p>\n\n\n\n<ul class=\"wp-block-list\">\n<li>Klinikteki \u00f6n muayeneleriniz<\/li>\n<\/ul>\n\n\n\n<p>Tedaviden \u00f6nce di\u015fleriniz detayl\u0131 \u015fekilde muayene edilir, r\u00f6ntgen \u00e7ekilir, mevcut sorunlar ve bunlar\u0131n tedavi y\u00f6ntemleri belirlenir ve sizinle g\u00f6r\u00fc\u015f\u00fcl\u00fcr. Ard\u0131ndan tedaviniz kesin olarak planlan\u0131r. <\/p>\n\n\n\n<ul class=\"wp-block-list\">\n<li>Klinikteki Tedaviniz<\/li>\n<\/ul>\n\n\n\n<p>Bu klinikleri, yerinde yap\u0131lan ziyaretler ve bir\u00e7ok farkl\u0131 kriter dikkate al\u0131narak yap\u0131lan detayl\u0131 bir ara\u015ft\u0131rma sonucunda se\u00e7tik. <a href=\"https:\/\/medicaltravel.at\/tr\/dis-seyahati\/dis-klinikleri\/istanbuldaki-hospitadent-dis-klinigi\/\" data-type=\"page\" data-id=\"887\">Klinikler hakk\u0131nda daha fazla bilgiyi burada<\/a> bulabilirsiniz. <\/p>\n\n\n\n<p>Tedavi s\u00fcresi, yap\u0131lan i\u015fleme g\u00f6re \u015fu \u015fekildedir:<\/p>\n\n\n\n<p>1. Her t\u00fcrl\u00fc dolgu (1 seans)<br>2. Kanal tedavisi (2 seans \u2013 5 g\u00fcn)<br>3. \u00c7\u0131kar\u0131labilir protezler (7\u201312 g\u00fcn)<br>4. Kronlar ve k\u00f6pr\u00fcler (4\u201310 g\u00fcn)<br>5. Bleaching (di\u015f beyazlatma): 1\u20132 seans<br>6. \u00c7ocuklar i\u00e7in fiss\u00fcr \u00f6rt\u00fcc\u00fc uygulamalar\u0131 (1 seans)<br>7. Cerrahi i\u015flemler:<br>a) \u0130mplantlar (1 seans)<br>b) K\u00f6k ucu rezeksiyonu (1 seans)<br>c) Yirmilik di\u015f \u00e7ekimleri (1 seans)<br>d) Di\u015f \u00e7ekimleri (1 seans)<\/p>\n\n\n\n<p><strong>\u00d6nemli Not:<\/strong><br>\u0130mplant uygulamalar\u0131ndan sonra, duruma ba\u011fl\u0131 olarak genellikle protez, kron, k\u00f6pr\u00fc vb. yap\u0131labilmesi i\u00e7in 8 hafta ile 6 ay aras\u0131nda beklenmesi gerekir.<\/p>\n\n\n\n<ul class=\"wp-block-list\">\n<li>\u015eehir gezileri (iste\u011fe ba\u011fl\u0131)<\/li>\n<\/ul>\n\n\n\n<p>Hizmetimiz sayesinde bir <strong>d\u00fcnya \u015fehrini<\/strong> deneyimlersiniz. <strong>Seyahat plan\u0131n\u0131za<\/strong> g\u00f6re neleri gezip neler yapabilece\u011finiz konusunda size \u00f6zel dan\u0131\u015fmanl\u0131k sunar\u0131z. B\u00f6ylece yeni hayat\u0131n\u0131za g\u00fczel an\u0131larla ba\u015flars\u0131n\u0131z. \u015eehirler hakk\u0131nda daha fazla bilgiyi <a href=\"https:\/\/medicaltravel.at\/tr\/neden-tuerkiye\/tuerkiyenin-sehirleri\/bir-sehir-olarak-istanbul\/\" data-type=\"page\" data-id=\"793\">burada<\/a> bulabilirsiniz.   <\/p>\n\n\n\n<ul class=\"wp-block-list\">\n<li>Otel-Havaalan\u0131 Transferi<\/li>\n<\/ul>\n\n\n\n<p>Transfer ekibimiz, yolculu\u011funuzun sonuna kadar olumlu bir deneyim olmas\u0131n\u0131 sa\u011flar.<\/p>\n\n\n\n<ul class=\"wp-block-list\">\n<li>Travelpass<\/li>\n<\/ul>\n\n\n\n<p>Bu, bizim benzersiz ek hizmetimizdir. Travelpass, T\u00fcrkiye\u2019deki konaklaman\u0131z ve di\u015flerinizin iyile\u015fme s\u00fcreciyle ilgili gerekli t\u00fcm ki\u015fisel bilgileri i\u00e7erir. Bir pasaport boyutundad\u0131r, b\u00f6ylece her zaman yan\u0131n\u0131zda ta\u015f\u0131yabilirsiniz. Seyahatinizden \u00f6nce size \u00f6zel olarak haz\u0131rlan\u0131r.   <\/p>\n\n\n\n<ul class=\"wp-block-list\">\n<li><a href=\"https:\/\/medicaltravel.at\/tr\/dis-seyahati-2\/fiyatlar\/dis-tedavisi-fiyatlari-ve-maliyetleri-tuerkiye-istanbul-antalya-izmir\/\" data-type=\"page\" data-id=\"907\">Fiyatlar\u0131m\u0131zdan<\/a> Yararlan\u0131n<\/li>\n<\/ul>\n\n\n\n<p>Art\u0131k herkese uygun fiyatlarla di\u015f tedavisi imkan\u0131 sunuyoruz.<\/p>\n\n\n\n<ul class=\"wp-block-list\">\n<li>Avrupa&#8217;da neden daha pahal\u0131?<\/li>\n<\/ul>\n\n\n\n<p>Orta Avrupa \u00fclkeleri, d\u00fcnyan\u0131n en pahal\u0131 \u00fclkeleri aras\u0131nda yer al\u0131r. Y\u00fcksek maliyetli personel, bina kiralar\u0131 ve <strong>altyap\u0131 giderleri<\/strong> bunun ba\u015fl\u0131ca sebepleridir. Ayr\u0131ca y\u00fcksek teknoloji cihazlar da son derece pahal\u0131d\u0131r. Yat\u0131r\u0131m\u0131n kar\u015f\u0131l\u0131\u011f\u0131n\u0131 alabilmek i\u00e7in y\u00fcksek say\u0131da hastaya ihtiya\u00e7 vard\u0131r.   <\/p>\n\n\n\n<ul class=\"wp-block-list\">\n<li>T\u00fcrkiye\u2019de neden daha ucuz?<\/li>\n<\/ul>\n\n\n\n<p>Avrupa\u2019da 100 Euro tutan bir \u015fey i\u00e7in T\u00fcrkiye\u2019de yaln\u0131zca 45 Euro \u00f6deniyor, OECD\u2019nin bir \u00e7al\u0131\u015fmas\u0131 bunu do\u011fruluyor. T\u00fcrkiye\u2019de bir di\u015f hekiminin \u00fccreti, Avrupa\u2019daki meslekta\u015f\u0131na g\u00f6re olduk\u00e7a d\u00fc\u015f\u00fck. Ayr\u0131ca \u0130stanbul, Avrupa\u2019n\u0131n en b\u00fcy\u00fck \u015fehri. Bu durum, ayn\u0131 tedavi malzemelerinin maliyeti olmas\u0131na ra\u011fmen daha fazla hasta say\u0131s\u0131n\u0131 beraberinde getiriyor ve bu da daha uygun fiyatlar sunmay\u0131 m\u00fcmk\u00fcn k\u0131l\u0131yor. Bu nedenle T\u00fcrkiye her y\u0131l Avrupa\u2019dan binlerce hastay\u0131 a\u011f\u0131rl\u0131yor. Biz de size burada kaliteli hizmeti uygun fiyatlarla sunabiliyoruz.   <\/p>\n\n\n\n<ul class=\"wp-block-list\">\n<li>Neden bizimle planlama yapmal\u0131s\u0131n\u0131z? Ben kendi seyahatimi de kendim planlayabilirim de\u011fil mi? <\/li>\n<\/ul>\n\n\n\n<p>Elbette seyahatinizi kendiniz de organize edebilirsiniz. Ancak bu genellikle zahmetli ve risklidir. Biz, yurt d\u0131\u015f\u0131nda bir di\u015f tedavisi ile ilgili ihtiya\u00e7 duyaca\u011f\u0131n\u0131z her \u015feyle ilgileniyoruz. Sadece tedavi s\u00fcresince de\u011fil, sonras\u0131nda da g\u00fcvenilir bir orta\u011f\u0131n\u0131z olarak yan\u0131n\u0131zday\u0131z.   <\/p>\n\n\n\n<p>Sorunuz mu var? <a href=\"https:\/\/medicaltravel.at\/tr\/iletisim\/\" data-type=\"page\" data-id=\"976\">Bizimle ileti\u015fime ge\u00e7mekten<\/a> memnuniyet duyar\u0131z. <\/p>\n\t\t\t\t\t\t\t\t<\/div>\n\t\t\t\t\t<\/div>\n\t\t\t\t<\/div>\n\t\t\t\t<\/div>\n\t\t","protected":false},"excerpt":{"rendered":"<p>F\u0131rsat Fiyatlar Euro Cinsinden Kay\u0131t F\u0131rsat \u2013 T\u00fcrkiye\u2019de \u0130stanbul\u2019da di\u015f d\u00fczeltme Amac\u0131m\u0131z, T\u00fcrkiye\u2019nin g\u00fczel \u015fehirlerindeki en iyi di\u015f kliniklerinde, t\u0131bbi ve organizasyonel a\u00e7\u0131dan y\u00fcksek kaliteyle \u201csa\u011fl\u0131kl\u0131 di\u015fler\u201d arzunuzu ger\u00e7ekle\u015ftirmektir. Kapsaml\u0131 hizmetlerimizin tad\u0131n\u0131 \u00e7\u0131kar\u0131n T\u00fcrkiye\u2019ye di\u015f tedavisi ama\u00e7l\u0131 bir seyahat, biraz organizasyon gerektirir. Bu organizasyonu sizin i\u00e7in memnuniyetle \u00fcstleniyoruz. \u00dccretsiz, ba\u011flay\u0131c\u0131 olmayan ve size \u00f6zel dan\u0131\u015fmanl\u0131\u011f\u0131m\u0131z\u0131n tad\u0131n\u0131 \u00e7\u0131karabilirsiniz.Dan\u0131\u015fmanl\u0131k dilleri Almanca, \u0130ngilizce ve T\u00fcrk\u00e7e\u2019dir. U\u00e7u\u015f Biz \u00f6nerilerde bulunuruz, ne zaman ve nas\u0131l olaca\u011f\u0131na siz karar verirsiniz. Rezervasyon sizin taraf\u0131n\u0131zdan yap\u0131l\u0131r. Havaalan\u0131-Otel Transferi Havaalan\u0131 kar\u015f\u0131lama servisimiz sizi memnuniyetle otelinize g\u00f6t\u00fcr\u00fcr. Bu transferler genellikle size \u00f6zel yap\u0131l\u0131r, uzun s\u00fcre trafikte bekleyen servis otob\u00fcs\u00fc ile de\u011fil. Yolculu\u011funuzun tad\u0131n\u0131 \u00e7\u0131kar\u0131n! Otel Size uygun olan se\u00e7enekleri sunuyoruz, karar\u0131 siz veriyorsunuz. Oteller ya klinik yak\u0131n\u0131nda ya da turistik b\u00f6lgelerde bulunmaktad\u0131r. Biz yaln\u0131zca iyi ve temiz otellerle \u00e7al\u0131\u015f\u0131yoruz. Klinikte Almanca konu\u015fan destek ekibi Doktoru anlaman\u0131z son derece \u00f6nemlidir. Klinik b\u00fcnyesindeki Almanca konu\u015fan doktor ve\/veya personel, kusursuz bir ileti\u015fim sa\u011flar. Elbette, bu hizmet di\u011fer yerel diller i\u00e7in de organize edilebilir. Klinikteki \u00f6n muayeneleriniz Tedaviden \u00f6nce di\u015fleriniz detayl\u0131 \u015fekilde muayene edilir, r\u00f6ntgen \u00e7ekilir, mevcut sorunlar ve bunlar\u0131n tedavi y\u00f6ntemleri belirlenir ve sizinle g\u00f6r\u00fc\u015f\u00fcl\u00fcr. Ard\u0131ndan tedaviniz kesin olarak planlan\u0131r. Klinikteki Tedaviniz Bu klinikleri, yerinde yap\u0131lan ziyaretler ve bir\u00e7ok farkl\u0131 kriter dikkate al\u0131narak yap\u0131lan detayl\u0131 bir ara\u015ft\u0131rma sonucunda se\u00e7tik. Klinikler hakk\u0131nda daha fazla bilgiyi burada bulabilirsiniz. Tedavi s\u00fcresi, yap\u0131lan i\u015fleme g\u00f6re \u015fu \u015fekildedir: 1. Her t\u00fcrl\u00fc dolgu (1 seans)2. Kanal tedavisi (2 seans \u2013 5 g\u00fcn)3. \u00c7\u0131kar\u0131labilir protezler (7\u201312 g\u00fcn)4. Kronlar ve k\u00f6pr\u00fcler (4\u201310 g\u00fcn)5. Bleaching (di\u015f beyazlatma): 1\u20132 seans6. \u00c7ocuklar i\u00e7in fiss\u00fcr \u00f6rt\u00fcc\u00fc uygulamalar\u0131 (1 seans)7. Cerrahi i\u015flemler:a) \u0130mplantlar (1 seans)b) K\u00f6k ucu rezeksiyonu (1 seans)c) Yirmilik di\u015f \u00e7ekimleri (1 seans)d) Di\u015f \u00e7ekimleri (1 seans) \u00d6nemli Not:\u0130mplant uygulamalar\u0131ndan sonra, duruma ba\u011fl\u0131 olarak genellikle protez, kron, k\u00f6pr\u00fc vb. yap\u0131labilmesi i\u00e7in 8 hafta ile 6 ay aras\u0131nda beklenmesi gerekir. \u015eehir gezileri (iste\u011fe ba\u011fl\u0131) Hizmetimiz sayesinde bir d\u00fcnya \u015fehrini deneyimlersiniz. Seyahat plan\u0131n\u0131za g\u00f6re neleri gezip neler yapabilece\u011finiz konusunda size \u00f6zel dan\u0131\u015fmanl\u0131k sunar\u0131z. B\u00f6ylece yeni hayat\u0131n\u0131za g\u00fczel an\u0131larla ba\u015flars\u0131n\u0131z. \u015eehirler hakk\u0131nda daha fazla bilgiyi burada bulabilirsiniz. Otel-Havaalan\u0131 Transferi Transfer ekibimiz, yolculu\u011funuzun sonuna kadar olumlu bir deneyim olmas\u0131n\u0131 sa\u011flar. Travelpass Bu, bizim benzersiz ek hizmetimizdir. Travelpass, T\u00fcrkiye\u2019deki konaklaman\u0131z ve di\u015flerinizin iyile\u015fme s\u00fcreciyle ilgili gerekli t\u00fcm ki\u015fisel bilgileri i\u00e7erir. Bir pasaport boyutundad\u0131r, b\u00f6ylece her zaman yan\u0131n\u0131zda ta\u015f\u0131yabilirsiniz. Seyahatinizden \u00f6nce size \u00f6zel olarak haz\u0131rlan\u0131r. Fiyatlar\u0131m\u0131zdan Yararlan\u0131n Art\u0131k herkese uygun fiyatlarla di\u015f tedavisi imkan\u0131 sunuyoruz. Avrupa&#8217;da neden daha pahal\u0131? Orta Avrupa \u00fclkeleri, d\u00fcnyan\u0131n en pahal\u0131 \u00fclkeleri aras\u0131nda yer al\u0131r. Y\u00fcksek maliyetli personel, bina kiralar\u0131 ve altyap\u0131 giderleri bunun ba\u015fl\u0131ca sebepleridir. Ayr\u0131ca y\u00fcksek teknoloji cihazlar da son derece pahal\u0131d\u0131r. Yat\u0131r\u0131m\u0131n kar\u015f\u0131l\u0131\u011f\u0131n\u0131 alabilmek i\u00e7in y\u00fcksek say\u0131da hastaya ihtiya\u00e7 vard\u0131r. T\u00fcrkiye\u2019de neden daha ucuz? Avrupa\u2019da 100 Euro tutan bir \u015fey i\u00e7in T\u00fcrkiye\u2019de yaln\u0131zca 45 Euro \u00f6deniyor, OECD\u2019nin bir \u00e7al\u0131\u015fmas\u0131 bunu do\u011fruluyor. T\u00fcrkiye\u2019de bir di\u015f hekiminin \u00fccreti, Avrupa\u2019daki meslekta\u015f\u0131na g\u00f6re olduk\u00e7a d\u00fc\u015f\u00fck. Ayr\u0131ca \u0130stanbul, Avrupa\u2019n\u0131n en b\u00fcy\u00fck \u015fehri. Bu durum, ayn\u0131 tedavi malzemelerinin maliyeti olmas\u0131na ra\u011fmen daha fazla hasta say\u0131s\u0131n\u0131 beraberinde getiriyor ve bu da daha uygun fiyatlar sunmay\u0131 m\u00fcmk\u00fcn k\u0131l\u0131yor. Bu nedenle T\u00fcrkiye her y\u0131l Avrupa\u2019dan binlerce hastay\u0131 a\u011f\u0131rl\u0131yor. Biz de size burada kaliteli hizmeti uygun fiyatlarla sunabiliyoruz. Neden bizimle planlama yapmal\u0131s\u0131n\u0131z? Ben kendi seyahatimi de kendim planlayabilirim de\u011fil mi? Elbette seyahatinizi kendiniz de organize edebilirsiniz. Ancak bu genellikle zahmetli ve risklidir. Biz, yurt d\u0131\u015f\u0131nda bir di\u015f tedavisi ile ilgili ihtiya\u00e7 duyaca\u011f\u0131n\u0131z her \u015feyle ilgileniyoruz. Sadece tedavi s\u00fcresince de\u011fil, sonras\u0131nda da g\u00fcvenilir bir orta\u011f\u0131n\u0131z olarak yan\u0131n\u0131zday\u0131z. Sorunuz mu var? Bizimle ileti\u015fime ge\u00e7mekten memnuniyet duyar\u0131z.<\/p>\n","protected":false},"author":4,"featured_media":0,"parent":4952,"menu_order":0,"comment_status":"closed","ping_status":"closed","template":"","meta":{"_joinchat":[],"footnotes":""},"class_list":["post-4955","page","type-page","status-publish","hentry"],"acf":[],"_links":{"self":[{"href":"https:\/\/medicaltravel.at\/tr\/wp-json\/wp\/v2\/pages\/4955","targetHints":{"allow":["GET"]}}],"collection":[{"href":"https:\/\/medicaltravel.at\/tr\/wp-json\/wp\/v2\/pages"}],"about":[{"href":"https:\/\/medicaltravel.at\/tr\/wp-json\/wp\/v2\/types\/page"}],"author":[{"embeddable":true,"href":"https:\/\/medicaltravel.at\/tr\/wp-json\/wp\/v2\/users\/4"}],"replies":[{"embeddable":true,"href":"https:\/\/medicaltravel.at\/tr\/wp-json\/wp\/v2\/comments?post=4955"}],"version-history":[{"count":17,"href":"https:\/\/medicaltravel.at\/tr\/wp-json\/wp\/v2\/pages\/4955\/revisions"}],"predecessor-version":[{"id":5429,"href":"https:\/\/medicaltravel.at\/tr\/wp-json\/wp\/v2\/pages\/4955\/revisions\/5429"}],"up":[{"embeddable":true,"href":"https:\/\/medicaltravel.at\/tr\/wp-json\/wp\/v2\/pages\/4952"}],"wp:attachment":[{"href":"https:\/\/medicaltravel.at\/tr\/wp-json\/wp\/v2\/media?parent=4955"}],"curies":[{"name":"wp","href":"https:\/\/api.w.org\/{rel}","templated":true}]}}