{"id":4942,"date":"2025-09-27T15:26:14","date_gmt":"2025-09-27T14:26:14","guid":{"rendered":"https:\/\/medicaltravel.at\/dis-seyahati\/dis-klinikleri\/istanbuldaki-hospitadent-dis-klinigi\/"},"modified":"2026-01-02T19:01:26","modified_gmt":"2026-01-02T18:01:26","slug":"istanbuldaki-hospitadent-dis-klinigi","status":"publish","type":"page","link":"https:\/\/medicaltravel.at\/tr\/dis-seyahati\/dis-klinikleri\/istanbuldaki-hospitadent-dis-klinigi\/","title":{"rendered":"\u0130stanbul\u2019daki Hospitadent Di\u015f Klini\u011fi"},"content":{"rendered":"\t\t<div data-elementor-type=\"wp-page\" data-elementor-id=\"4942\" class=\"elementor elementor-4942 elementor-887\" data-elementor-post-type=\"page\">\n\t\t\t\t<div class=\"elementor-element elementor-element-7f39bcd7 e-flex e-con-boxed wpr-particle-no wpr-jarallax-no wpr-parallax-no wpr-sticky-section-no e-con e-parent\" data-id=\"7f39bcd7\" data-element_type=\"container\" data-e-type=\"container\">\n\t\t\t\t\t<div class=\"e-con-inner\">\n\t\t<div class=\"elementor-element elementor-element-c30017b e-con-full e-flex wpr-particle-no wpr-jarallax-no wpr-parallax-no wpr-sticky-section-no e-con e-child\" data-id=\"c30017b\" data-element_type=\"container\" data-e-type=\"container\">\n\t\t\t\t<div class=\"elementor-element elementor-element-4ada424 elementor-widget elementor-widget-button\" data-id=\"4ada424\" data-element_type=\"widget\" data-e-type=\"widget\" data-widget_type=\"button.default\">\n\t\t\t\t\t\t\t\t\t\t<a class=\"elementor-button elementor-button-link elementor-size-sm\" href=\"https:\/\/medicaltravel.at\/tr\/dis-seyahati\/dis-klinikleri\/istanbuldaki-hospitadent-dis-klinigi\/\">\n\t\t\t\t\t\t<span class=\"elementor-button-content-wrapper\">\n\t\t\t\t\t\t\t\t\t<span class=\"elementor-button-text\">\u0130stanbul<\/span>\n\t\t\t\t\t<\/span>\n\t\t\t\t\t<\/a>\n\t\t\t\t\t\t\t\t<\/div>\n\t\t\t\t<div class=\"elementor-element elementor-element-e44342d elementor-widget elementor-widget-button\" data-id=\"e44342d\" data-element_type=\"widget\" data-e-type=\"widget\" data-widget_type=\"button.default\">\n\t\t\t\t\t\t\t\t\t\t<a class=\"elementor-button elementor-button-link elementor-size-sm\" href=\"https:\/\/medicaltravel.at\/tr\/dis-seyahati\/dis-klinikleri\/antalyadaki-dis-klinigi\/\">\n\t\t\t\t\t\t<span class=\"elementor-button-content-wrapper\">\n\t\t\t\t\t\t\t\t\t<span class=\"elementor-button-text\">Antalya<\/span>\n\t\t\t\t\t<\/span>\n\t\t\t\t\t<\/a>\n\t\t\t\t\t\t\t\t<\/div>\n\t\t\t\t<div class=\"elementor-element elementor-element-ebea308 elementor-widget elementor-widget-button\" data-id=\"ebea308\" data-element_type=\"widget\" data-e-type=\"widget\" data-widget_type=\"button.default\">\n\t\t\t\t\t\t\t\t\t\t<a class=\"elementor-button elementor-button-link elementor-size-sm\" href=\"https:\/\/medicaltravel.at\/tr\/dis-seyahati\/dis-klinikleri\/kusadasindaki-dis-klinigi\/\">\n\t\t\t\t\t\t<span class=\"elementor-button-content-wrapper\">\n\t\t\t\t\t\t\t\t\t<span class=\"elementor-button-text\">Ku\u015fadas\u0131<\/span>\n\t\t\t\t\t<\/span>\n\t\t\t\t\t<\/a>\n\t\t\t\t\t\t\t\t<\/div>\n\t\t\t\t<div class=\"elementor-element elementor-element-734468f elementor-widget elementor-widget-button\" data-id=\"734468f\" data-element_type=\"widget\" data-e-type=\"widget\" data-widget_type=\"button.default\">\n\t\t\t\t\t\t\t\t\t\t<a class=\"elementor-button elementor-button-link elementor-size-sm\" href=\"https:\/\/medicaltravel.at\/tr\/dis-seyahati\/dis-klinikleri\/izmirde-dis-hekimi\/\">\n\t\t\t\t\t\t<span class=\"elementor-button-content-wrapper\">\n\t\t\t\t\t\t\t\t\t<span class=\"elementor-button-text\">\u0130zmir<\/span>\n\t\t\t\t\t<\/span>\n\t\t\t\t\t<\/a>\n\t\t\t\t\t\t\t\t<\/div>\n\t\t\t\t<div class=\"elementor-element elementor-element-04bded3 elementor-widget elementor-widget-button\" data-id=\"04bded3\" data-element_type=\"widget\" data-e-type=\"widget\" data-widget_type=\"button.default\">\n\t\t\t\t\t\t\t\t\t\t<a class=\"elementor-button elementor-button-link elementor-size-sm\" href=\"https:\/\/medicaltravel.at\/tr\/dis-seyahati\/dis-klinikleri\/manavgat-sidede-dis-hekimi\/\">\n\t\t\t\t\t\t<span class=\"elementor-button-content-wrapper\">\n\t\t\t\t\t\t\t\t\t<span class=\"elementor-button-text\">Manavgat<\/span>\n\t\t\t\t\t<\/span>\n\t\t\t\t\t<\/a>\n\t\t\t\t\t\t\t\t<\/div>\n\t\t\t\t<div class=\"elementor-element elementor-element-188fa8d elementor-widget elementor-widget-button\" data-id=\"188fa8d\" data-element_type=\"widget\" data-e-type=\"widget\" data-widget_type=\"button.default\">\n\t\t\t\t\t\t\t\t\t\t<a class=\"elementor-button elementor-button-link elementor-size-sm\" href=\"https:\/\/medicaltravel.at\/tr\/dis-seyahati\/dis-klinikleri\/kayseri-kapadokya-dentalklinigi-hospitadent\/\">\n\t\t\t\t\t\t<span class=\"elementor-button-content-wrapper\">\n\t\t\t\t\t\t\t\t\t<span class=\"elementor-button-text\">Kayseri<\/span>\n\t\t\t\t\t<\/span>\n\t\t\t\t\t<\/a>\n\t\t\t\t\t\t\t\t<\/div>\n\t\t\t\t<div class=\"elementor-element elementor-element-a593af7 elementor-widget elementor-widget-button\" data-id=\"a593af7\" data-element_type=\"widget\" data-e-type=\"widget\" data-widget_type=\"button.default\">\n\t\t\t\t\t\t\t\t\t\t<a class=\"elementor-button elementor-button-link elementor-size-sm\" href=\"https:\/\/medicaltravel.at\/tr\/dis-seyahati\/dis-klinikleri\/dentalklinik-alanya-dis-hekimi-dis-klinigi-dis-tedavisi\/\">\n\t\t\t\t\t\t<span class=\"elementor-button-content-wrapper\">\n\t\t\t\t\t\t\t\t\t<span class=\"elementor-button-text\">Alanya<\/span>\n\t\t\t\t\t<\/span>\n\t\t\t\t\t<\/a>\n\t\t\t\t\t\t\t\t<\/div>\n\t\t\t\t<div class=\"elementor-element elementor-element-a79d1c3 elementor-widget elementor-widget-button\" data-id=\"a79d1c3\" data-element_type=\"widget\" data-e-type=\"widget\" data-widget_type=\"button.default\">\n\t\t\t\t\t\t\t\t\t\t<a class=\"elementor-button elementor-button-link elementor-size-sm\" href=\"https:\/\/medicaltravel.at\/tr\/dis-seyahati\/dis-klinikleri\/bodrum-dis-klinigi-dis-hekimi-dis-klinigi-dis-tedavisi\/\">\n\t\t\t\t\t\t<span class=\"elementor-button-content-wrapper\">\n\t\t\t\t\t\t\t\t\t<span class=\"elementor-button-text\">Bodrum<\/span>\n\t\t\t\t\t<\/span>\n\t\t\t\t\t<\/a>\n\t\t\t\t\t\t\t\t<\/div>\n\t\t\t\t<\/div>\n\t\t\t\t<div class=\"elementor-element elementor-element-7a4c7eef elementor-widget elementor-widget-text-editor\" data-id=\"7a4c7eef\" data-element_type=\"widget\" data-e-type=\"widget\" data-widget_type=\"text-editor.default\">\n\t\t\t\t\t\t\t\t\t\n<h2 class=\"wp-block-heading\">\u0130stanbul Hospitadent Di\u015f Klini\u011fi<\/h2>\n\n<h2 class=\"wp-block-heading\"><strong>Hospitadent \u0130stanbul \u2013 \u0130stanbul\u2019daki En \u0130yi Di\u015f Klini\u011fi<\/strong><\/h2>\n\n<p><strong>\u0130stanbul\u2019daki Hospitadent Di\u015f Klini\u011fi<\/strong>, en yeni cihazlar ve teknoloji ile donat\u0131lm\u0131\u015ft\u0131r. Klinikte sunulan geni\u015f hizmet yelpazesi, hastalara \u00e7e\u015fitli tedavi se\u00e7enekleri sunmay\u0131 m\u00fcmk\u00fcn k\u0131lmaktad\u0131r. Oral cerrahi, implantoloji ve protez alanlar\u0131ndaki deneyimi ile klinik, y\u00fcksek standartlarda kaliteli hizmetler sunmaktad\u0131r. <strong>\u0130stanbul\u2019daki di\u015f klini\u011finde<\/strong>, t\u00fcm di\u015f hekimli\u011fi alanlar\u0131nda uzman ve \u00e7ok iyi e\u011fitimli di\u015f hekimleri g\u00f6rev yapmakta ve bilimsel ile teknolojik geli\u015fmeleri s\u00fcrekli takip ederek kendilerini geli\u015ftirmektedir.   <\/p>\n\n<figure class=\"wp-block-image size-full\"><img fetchpriority=\"high\" decoding=\"async\" width=\"358\" height=\"280\" class=\"wp-image-1553\" src=\"https:\/\/medicaltravel.at\/wp-content\/uploads\/2025\/09\/Dental-Klinik-Hospitadent.jpg\" alt=\"\" srcset=\"https:\/\/medicaltravel.at\/wp-content\/uploads\/2025\/09\/Dental-Klinik-Hospitadent.jpg 358w, https:\/\/medicaltravel.at\/wp-content\/uploads\/2025\/09\/Dental-Klinik-Hospitadent-300x235.jpg 300w\" sizes=\"(max-width: 358px) 100vw, 358px\" \/><\/figure>\n\n<p id=\"caption-attachment-262\">Hospitadent Di\u015f Klini\u011fi<\/p>\n\n<figure class=\"wp-block-image size-full\"><img decoding=\"async\" width=\"300\" height=\"234\" class=\"wp-image-1554\" src=\"https:\/\/medicaltravel.at\/wp-content\/uploads\/2025\/09\/Hospitadent-Turkei-300x234-1.jpg\" alt=\"\"><\/figure>\n\n<p>Klinik, \u0130stanbul\u2019un Avrupa yakas\u0131nda, Taksim\u2019e \u00e7ok yak\u0131n olan Mecidiyek\u00f6y\u2019de bulunmaktad\u0131r ve bu sayede her yerden kolayca ula\u015f\u0131labilir.<\/p>\n\n<p>Sa\u011fl\u0131k turizmi giderek T\u00fcrkiye y\u00f6n\u00fcnde b\u00fcy\u00fcmektedir. Bunun bir sonucu olarak, giderek daha fazla uluslararas\u0131 hasta di\u015f tedavisi i\u00e7in Hospitadent\u2019i tercih etmektedir. D\u00fcnyada binlerce hasta, g\u00fcvenilir ve kaliteli bir di\u015f tedavisi i\u00e7in \u0130stanbul\u2019daki Hospitadent di\u015f klinikleri grubunu se\u00e7mektedir.  <\/p>\n\n<p>Hospitadent, hastalar\u0131 i\u00e7in \u00f6zel bir uluslararas\u0131 hasta birimi olu\u015fturmu\u015ftur. Bu birim sayesinde t\u00fcm hastalar, dil problemi veya ba\u015fka zorluklar ya\u015famadan istedikleri di\u015f tedavilerini alabilir. Ayr\u0131ca bu hizmeti, dil deste\u011fi de dahil olmak \u00fczere, di\u011fer Avrupa \u00fclkelerine g\u00f6re daha uygun fiyatlarla alabilirler.   <\/p>\n\n<p>Uluslararas\u0131 Hasta B\u00f6l\u00fcm\u00fc, hastalar i\u00e7in \u00f6zel bir veri a\u011f\u0131 sistemi olu\u015fturmu\u015ftur. Bu sistem sayesinde hastalar, Hospitadent\u2019e gelmeden \u00f6nce olas\u0131 muayeneler, tedaviler, tedavi s\u00fcresi ve di\u011fer bir\u00e7ok konu hakk\u0131nda bilgi alabilirler. <\/p>\n\n<p>Turizm kapsam\u0131nda, hastalar\u0131m\u0131za var\u0131\u015flar\u0131ndan ayr\u0131l\u0131\u015flar\u0131na kadar bir\u00e7ok alanda \u00fccretsiz hizmetler sunuyoruz; bunlar aras\u0131nda havaalan\u0131 transferi ve uygun fiyatl\u0131 \u00e7ok say\u0131da otel se\u00e7ene\u011fi bulunmaktad\u0131r. Ayr\u0131ca, ihtiya\u00e7 halinde hastalar\u0131m\u0131za \u015fehir turlar\u0131, di\u011fer t\u0131bbi tedaviler, ila\u00e7lar ve benzeri konularda da bilgi verebiliyoruz. <\/p>\n\n<p>Klinik, A\u2019dan Z\u2019ye her t\u00fcrl\u00fc di\u015f tedavisini en y\u00fcksek kalitede ve uygun fiyatlarla sunmaktad\u0131r. <a href=\"https:\/\/medicaltravel.at\/kontakt\/\" data-type=\"page\" data-id=\"976\">Daha fazla bilgi i\u00e7in l\u00fctfen \u015fimdi bizimle buradan<\/a> veya <a href=\"https:\/\/wa.me\/41787373541\" target=\"_blank\" rel=\"noreferrer noopener\">WhatsApp<\/a> \u00fczerinden ileti\u015fime ge\u00e7in.<\/p>\n\n<figure class=\"wp-block-image size-full\"><img decoding=\"async\" width=\"300\" height=\"234\" class=\"wp-image-1555\" src=\"https:\/\/medicaltravel.at\/wp-content\/uploads\/2025\/09\/Lacheln-Sie-an-Sie-sind-in-Hospitadent-300x234-1.jpg\" alt=\"\"><\/figure>\n\t\t\t\t\t\t\t\t<\/div>\n\t\t\t\t\t<\/div>\n\t\t\t\t<\/div>\n\t\t\t\t<\/div>\n\t\t","protected":false},"excerpt":{"rendered":"<p>\u0130stanbul Antalya Ku\u015fadas\u0131 \u0130zmir Manavgat Kayseri Alanya Bodrum \u0130stanbul Hospitadent Di\u015f Klini\u011fi Hospitadent \u0130stanbul \u2013 \u0130stanbul\u2019daki En \u0130yi Di\u015f Klini\u011fi \u0130stanbul\u2019daki Hospitadent Di\u015f Klini\u011fi, en yeni cihazlar ve teknoloji ile donat\u0131lm\u0131\u015ft\u0131r. Klinikte sunulan geni\u015f hizmet yelpazesi, hastalara \u00e7e\u015fitli tedavi se\u00e7enekleri sunmay\u0131 m\u00fcmk\u00fcn k\u0131lmaktad\u0131r. Oral cerrahi, implantoloji ve protez alanlar\u0131ndaki deneyimi ile klinik, y\u00fcksek standartlarda kaliteli hizmetler sunmaktad\u0131r. \u0130stanbul\u2019daki di\u015f klini\u011finde, t\u00fcm di\u015f hekimli\u011fi alanlar\u0131nda uzman ve \u00e7ok iyi e\u011fitimli di\u015f hekimleri g\u00f6rev yapmakta ve bilimsel ile teknolojik geli\u015fmeleri s\u00fcrekli takip ederek kendilerini geli\u015ftirmektedir. Hospitadent Di\u015f Klini\u011fi Klinik, \u0130stanbul\u2019un Avrupa yakas\u0131nda, Taksim\u2019e \u00e7ok yak\u0131n olan Mecidiyek\u00f6y\u2019de bulunmaktad\u0131r ve bu sayede her yerden kolayca ula\u015f\u0131labilir. Sa\u011fl\u0131k turizmi giderek T\u00fcrkiye y\u00f6n\u00fcnde b\u00fcy\u00fcmektedir. Bunun bir sonucu olarak, giderek daha fazla uluslararas\u0131 hasta di\u015f tedavisi i\u00e7in Hospitadent\u2019i tercih etmektedir. D\u00fcnyada binlerce hasta, g\u00fcvenilir ve kaliteli bir di\u015f tedavisi i\u00e7in \u0130stanbul\u2019daki Hospitadent di\u015f klinikleri grubunu se\u00e7mektedir. Hospitadent, hastalar\u0131 i\u00e7in \u00f6zel bir uluslararas\u0131 hasta birimi olu\u015fturmu\u015ftur. Bu birim sayesinde t\u00fcm hastalar, dil problemi veya ba\u015fka zorluklar ya\u015famadan istedikleri di\u015f tedavilerini alabilir. Ayr\u0131ca bu hizmeti, dil deste\u011fi de dahil olmak \u00fczere, di\u011fer Avrupa \u00fclkelerine g\u00f6re daha uygun fiyatlarla alabilirler. Uluslararas\u0131 Hasta B\u00f6l\u00fcm\u00fc, hastalar i\u00e7in \u00f6zel bir veri a\u011f\u0131 sistemi olu\u015fturmu\u015ftur. Bu sistem sayesinde hastalar, Hospitadent\u2019e gelmeden \u00f6nce olas\u0131 muayeneler, tedaviler, tedavi s\u00fcresi ve di\u011fer bir\u00e7ok konu hakk\u0131nda bilgi alabilirler. Turizm kapsam\u0131nda, hastalar\u0131m\u0131za var\u0131\u015flar\u0131ndan ayr\u0131l\u0131\u015flar\u0131na kadar bir\u00e7ok alanda \u00fccretsiz hizmetler sunuyoruz; bunlar aras\u0131nda havaalan\u0131 transferi ve uygun fiyatl\u0131 \u00e7ok say\u0131da otel se\u00e7ene\u011fi bulunmaktad\u0131r. Ayr\u0131ca, ihtiya\u00e7 halinde hastalar\u0131m\u0131za \u015fehir turlar\u0131, di\u011fer t\u0131bbi tedaviler, ila\u00e7lar ve benzeri konularda da bilgi verebiliyoruz. Klinik, A\u2019dan Z\u2019ye her t\u00fcrl\u00fc di\u015f tedavisini en y\u00fcksek kalitede ve uygun fiyatlarla sunmaktad\u0131r. Daha fazla bilgi i\u00e7in l\u00fctfen \u015fimdi bizimle buradan veya WhatsApp \u00fczerinden ileti\u015fime ge\u00e7in.<\/p>\n","protected":false},"author":4,"featured_media":0,"parent":4883,"menu_order":0,"comment_status":"closed","ping_status":"closed","template":"","meta":{"_joinchat":[],"footnotes":""},"class_list":["post-4942","page","type-page","status-publish","hentry"],"acf":[],"_links":{"self":[{"href":"https:\/\/medicaltravel.at\/tr\/wp-json\/wp\/v2\/pages\/4942","targetHints":{"allow":["GET"]}}],"collection":[{"href":"https:\/\/medicaltravel.at\/tr\/wp-json\/wp\/v2\/pages"}],"about":[{"href":"https:\/\/medicaltravel.at\/tr\/wp-json\/wp\/v2\/types\/page"}],"author":[{"embeddable":true,"href":"https:\/\/medicaltravel.at\/tr\/wp-json\/wp\/v2\/users\/4"}],"replies":[{"embeddable":true,"href":"https:\/\/medicaltravel.at\/tr\/wp-json\/wp\/v2\/comments?post=4942"}],"version-history":[{"count":5,"href":"https:\/\/medicaltravel.at\/tr\/wp-json\/wp\/v2\/pages\/4942\/revisions"}],"predecessor-version":[{"id":4950,"href":"https:\/\/medicaltravel.at\/tr\/wp-json\/wp\/v2\/pages\/4942\/revisions\/4950"}],"up":[{"embeddable":true,"href":"https:\/\/medicaltravel.at\/tr\/wp-json\/wp\/v2\/pages\/4883"}],"wp:attachment":[{"href":"https:\/\/medicaltravel.at\/tr\/wp-json\/wp\/v2\/media?parent=4942"}],"curies":[{"name":"wp","href":"https:\/\/api.w.org\/{rel}","templated":true}]}}