{"id":4932,"date":"2025-09-27T15:27:36","date_gmt":"2025-09-27T14:27:36","guid":{"rendered":"https:\/\/medicaltravel.at\/dis-seyahati\/dis-klinikleri\/antalyadaki-dis-klinigi\/"},"modified":"2026-01-04T18:05:32","modified_gmt":"2026-01-04T17:05:32","slug":"antalyadaki-dis-klinigi","status":"publish","type":"page","link":"https:\/\/medicaltravel.at\/tr\/dis-seyahati\/dis-klinikleri\/antalyadaki-dis-klinigi\/","title":{"rendered":"Antalya\u2019daki Di\u015f Klini\u011fi"},"content":{"rendered":"\t\t<div data-elementor-type=\"wp-page\" data-elementor-id=\"4932\" class=\"elementor elementor-4932 elementor-889\" data-elementor-post-type=\"page\">\n\t\t\t\t<div class=\"elementor-element elementor-element-12ff91ba e-flex e-con-boxed wpr-particle-no wpr-jarallax-no wpr-parallax-no wpr-sticky-section-no e-con e-parent\" data-id=\"12ff91ba\" data-element_type=\"container\" data-e-type=\"container\">\n\t\t\t\t\t<div class=\"e-con-inner\">\n\t\t<div class=\"elementor-element elementor-element-53aa5ae e-con-full e-flex wpr-particle-no wpr-jarallax-no wpr-parallax-no wpr-sticky-section-no e-con e-child\" data-id=\"53aa5ae\" data-element_type=\"container\" data-e-type=\"container\">\n\t\t\t\t<div class=\"elementor-element elementor-element-17ade9f elementor-widget elementor-widget-button\" data-id=\"17ade9f\" data-element_type=\"widget\" data-e-type=\"widget\" data-widget_type=\"button.default\">\n\t\t\t\t\t\t\t\t\t\t<a class=\"elementor-button elementor-button-link elementor-size-sm\" href=\"https:\/\/medicaltravel.at\/tr\/dis-seyahati\/dis-klinikleri\/istanbuldaki-hospitadent-dis-klinigi\/\">\n\t\t\t\t\t\t<span class=\"elementor-button-content-wrapper\">\n\t\t\t\t\t\t\t\t\t<span class=\"elementor-button-text\">\u0130stanbul<\/span>\n\t\t\t\t\t<\/span>\n\t\t\t\t\t<\/a>\n\t\t\t\t\t\t\t\t<\/div>\n\t\t\t\t<div class=\"elementor-element elementor-element-6a2ba05 elementor-widget elementor-widget-button\" data-id=\"6a2ba05\" data-element_type=\"widget\" data-e-type=\"widget\" data-widget_type=\"button.default\">\n\t\t\t\t\t\t\t\t\t\t<a class=\"elementor-button elementor-button-link elementor-size-sm\" href=\"https:\/\/medicaltravel.at\/tr\/dis-seyahati\/dis-klinikleri\/antalyadaki-dis-klinigi\/\">\n\t\t\t\t\t\t<span class=\"elementor-button-content-wrapper\">\n\t\t\t\t\t\t\t\t\t<span class=\"elementor-button-text\">Antalya<\/span>\n\t\t\t\t\t<\/span>\n\t\t\t\t\t<\/a>\n\t\t\t\t\t\t\t\t<\/div>\n\t\t\t\t<div class=\"elementor-element elementor-element-c053337 elementor-widget elementor-widget-button\" data-id=\"c053337\" data-element_type=\"widget\" data-e-type=\"widget\" data-widget_type=\"button.default\">\n\t\t\t\t\t\t\t\t\t\t<a class=\"elementor-button elementor-button-link elementor-size-sm\" href=\"https:\/\/medicaltravel.at\/tr\/dis-seyahati\/dis-klinikleri\/kusadasindaki-dis-klinigi\/\">\n\t\t\t\t\t\t<span class=\"elementor-button-content-wrapper\">\n\t\t\t\t\t\t\t\t\t<span class=\"elementor-button-text\">Ku\u015fadas\u0131<\/span>\n\t\t\t\t\t<\/span>\n\t\t\t\t\t<\/a>\n\t\t\t\t\t\t\t\t<\/div>\n\t\t\t\t<div class=\"elementor-element elementor-element-59591fe elementor-widget elementor-widget-button\" data-id=\"59591fe\" data-element_type=\"widget\" data-e-type=\"widget\" data-widget_type=\"button.default\">\n\t\t\t\t\t\t\t\t\t\t<a class=\"elementor-button elementor-button-link elementor-size-sm\" href=\"https:\/\/medicaltravel.at\/tr\/dis-seyahati\/dis-klinikleri\/izmirde-dis-hekimi\/\">\n\t\t\t\t\t\t<span class=\"elementor-button-content-wrapper\">\n\t\t\t\t\t\t\t\t\t<span class=\"elementor-button-text\">\u0130zmir<\/span>\n\t\t\t\t\t<\/span>\n\t\t\t\t\t<\/a>\n\t\t\t\t\t\t\t\t<\/div>\n\t\t\t\t<div class=\"elementor-element elementor-element-57069d9 elementor-widget elementor-widget-button\" data-id=\"57069d9\" data-element_type=\"widget\" data-e-type=\"widget\" data-widget_type=\"button.default\">\n\t\t\t\t\t\t\t\t\t\t<a class=\"elementor-button elementor-button-link elementor-size-sm\" href=\"https:\/\/medicaltravel.at\/tr\/dis-seyahati\/dis-klinikleri\/manavgat-sidede-dis-hekimi\/\">\n\t\t\t\t\t\t<span class=\"elementor-button-content-wrapper\">\n\t\t\t\t\t\t\t\t\t<span class=\"elementor-button-text\">Manavgat<\/span>\n\t\t\t\t\t<\/span>\n\t\t\t\t\t<\/a>\n\t\t\t\t\t\t\t\t<\/div>\n\t\t\t\t<div class=\"elementor-element elementor-element-533362b elementor-widget elementor-widget-button\" data-id=\"533362b\" data-element_type=\"widget\" data-e-type=\"widget\" data-widget_type=\"button.default\">\n\t\t\t\t\t\t\t\t\t\t<a class=\"elementor-button elementor-button-link elementor-size-sm\" href=\"https:\/\/medicaltravel.at\/tr\/dis-seyahati\/dis-klinikleri\/kayseri-kapadokya-dentalklinigi-hospitadent\/\">\n\t\t\t\t\t\t<span class=\"elementor-button-content-wrapper\">\n\t\t\t\t\t\t\t\t\t<span class=\"elementor-button-text\">Kayseri<\/span>\n\t\t\t\t\t<\/span>\n\t\t\t\t\t<\/a>\n\t\t\t\t\t\t\t\t<\/div>\n\t\t\t\t<div class=\"elementor-element elementor-element-91a5412 elementor-widget elementor-widget-button\" data-id=\"91a5412\" data-element_type=\"widget\" data-e-type=\"widget\" data-widget_type=\"button.default\">\n\t\t\t\t\t\t\t\t\t\t<a class=\"elementor-button elementor-button-link elementor-size-sm\" href=\"https:\/\/medicaltravel.at\/tr\/dis-seyahati\/dis-klinikleri\/dentalklinik-alanya-dis-hekimi-dis-klinigi-dis-tedavisi\/\">\n\t\t\t\t\t\t<span class=\"elementor-button-content-wrapper\">\n\t\t\t\t\t\t\t\t\t<span class=\"elementor-button-text\">Alanya<\/span>\n\t\t\t\t\t<\/span>\n\t\t\t\t\t<\/a>\n\t\t\t\t\t\t\t\t<\/div>\n\t\t\t\t<div class=\"elementor-element elementor-element-85c6ce8 elementor-widget elementor-widget-button\" data-id=\"85c6ce8\" data-element_type=\"widget\" data-e-type=\"widget\" data-widget_type=\"button.default\">\n\t\t\t\t\t\t\t\t\t\t<a class=\"elementor-button elementor-button-link elementor-size-sm\" href=\"https:\/\/medicaltravel.at\/tr\/dis-seyahati\/dis-klinikleri\/bodrum-dis-klinigi-dis-hekimi-dis-klinigi-dis-tedavisi\/\">\n\t\t\t\t\t\t<span class=\"elementor-button-content-wrapper\">\n\t\t\t\t\t\t\t\t\t<span class=\"elementor-button-text\">Bodrum<\/span>\n\t\t\t\t\t<\/span>\n\t\t\t\t\t<\/a>\n\t\t\t\t\t\t\t\t<\/div>\n\t\t\t\t<\/div>\n\t\t\t\t<div class=\"elementor-element elementor-element-515b0f95 elementor-widget elementor-widget-text-editor\" data-id=\"515b0f95\" data-element_type=\"widget\" data-e-type=\"widget\" data-widget_type=\"text-editor.default\">\n\t\t\t\t\t\t\t\t\t\n<h2 class=\"wp-block-heading\">Antalya\u2019daki Di\u015f Klini\u011fi ve Di\u015f Hekimleri<\/h2>\n\n<p>G\u00fcl\u00fc\u015f\u00fcn\u00fcz\u00fcn ne kadar etkileyici olabilece\u011fini ya\u015fay\u0131n. <strong>Antalya\u2019daki di\u015f klini\u011finde profesyonel bir tedavi <\/strong>ile bu m\u00fcmk\u00fcn olur. M\u00fckemmel bir g\u00fcl\u00fc\u015f hayalinizi ger\u00e7ekle\u015ftirir ve Antalya\u2019daki \u00f6zel klinik hizmetlerini \u0130svi\u00e7re, Almanya veya Avusturya\u2019ya g\u00f6re %70\u2019e varan daha uygun fiyatlarla al\u0131rs\u0131n\u0131z. \u00dcstelik kalite en az di\u011fer \u00fclkelerdeki kadar y\u00fcksek!   <\/p>\n\n<p>Klinik, Antalya \u015fehir merkezinde bulunuyor, bu y\u00fczden her yerden kolayca ula\u015f\u0131labilir. Tedavinizi Antalya\u2019da tatil ile de birle\u015ftirebilirsiniz. <\/p>\n\n<p><strong>Antalya\u2019daki Medic Di\u015f Klini\u011fi<\/strong>, di\u015f hekimli\u011fi alan\u0131nda \u00e7ok b\u00fcy\u00fck deneyime sahip olan Dr. Med. Dent. Ishak Can y\u00f6netimindedir. <\/p>\n\n<figure class=\"wp-block-image size-large\"><img fetchpriority=\"high\" decoding=\"async\" width=\"1024\" height=\"813\" class=\"wp-image-1559\" src=\"https:\/\/medicaltravel.at\/wp-content\/uploads\/2025\/09\/Medic_Antalya_1-1024x813.png\" alt=\"\" srcset=\"https:\/\/medicaltravel.at\/wp-content\/uploads\/2025\/09\/Medic_Antalya_1-1024x813.png 1024w, https:\/\/medicaltravel.at\/wp-content\/uploads\/2025\/09\/Medic_Antalya_1-300x238.png 300w, https:\/\/medicaltravel.at\/wp-content\/uploads\/2025\/09\/Medic_Antalya_1-768x609.png 768w, https:\/\/medicaltravel.at\/wp-content\/uploads\/2025\/09\/Medic_Antalya_1.png 1080w\" sizes=\"(max-width: 1024px) 100vw, 1024px\" \/><\/figure>\n\n<p id=\"caption-attachment-7717\">Antalya\u2019daki Di\u015f Klini\u011fi<\/p>\n\n<figure class=\"wp-block-image size-large\"><img decoding=\"async\" width=\"1024\" height=\"683\" class=\"wp-image-1560\" src=\"https:\/\/medicaltravel.at\/wp-content\/uploads\/2025\/09\/Medic_Antalya_2-1024x683.png\" alt=\"\" srcset=\"https:\/\/medicaltravel.at\/wp-content\/uploads\/2025\/09\/Medic_Antalya_2-1024x683.png 1024w, https:\/\/medicaltravel.at\/wp-content\/uploads\/2025\/09\/Medic_Antalya_2-300x200.png 300w, https:\/\/medicaltravel.at\/wp-content\/uploads\/2025\/09\/Medic_Antalya_2-768x512.png 768w, https:\/\/medicaltravel.at\/wp-content\/uploads\/2025\/09\/Medic_Antalya_2.png 1080w\" sizes=\"(max-width: 1024px) 100vw, 1024px\" \/><\/figure>\n\n<p>Medic Antalya Di\u015f Klini\u011fi\u2019nde a\u015fa\u011f\u0131daki gibi her t\u00fcrl\u00fc di\u015f tedavisi sunulmaktad\u0131r:<\/p>\n\n<p>\u2013 Di\u015f implantlar\u0131 (Bego, Meganan, Astra, Straumann)<br>\u2013 Di\u015f kronlar\u0131 (Porselen veya Zirkonyum)<br>\u2013 Veneerler<br>\u2013 Lumineerler<br>\u2013 Dolgular, Inlay\/Onlay vb.<\/p>\n\n<p>Sizi sadece y\u00fcksek hizmet standard\u0131 de\u011fil, ayn\u0131 zamanda tedavi ve bekleme odalar\u0131ndaki s\u0131cak ve rahat atmosfer ile steril malzemeler de etkileyecektir.<\/p>\n\n<p>\u00c7\u00fcnk\u00fc di\u015f tedavileri \u00f6zen ve dikkat gerektirir. T\u00fcm bunlar ve \u00e7ok daha fazlas\u0131, Antalya\u2019daki e\u015fsiz ve profesyonel di\u015f klini\u011finde sizi bekliyor. <\/p>\n\n<p>Bu nedenle Almanca ileti\u015fim hi\u00e7 sorun olmaz ve kendinizi evinizdeymi\u015f gibi hissedeceksiniz.<\/p>\n\n<p><strong>\u00dccretsiz Konaklama<\/strong><br>Tedaviniz 3500 Euro\u2019dan fazla tutarsa, partner otelde kahvalt\u0131 dahil \u00fccretsiz konaklama hakk\u0131 kazan\u0131rs\u0131n\u0131z (en fazla 6 gece)! <\/p>\n\n<p><strong>\u0130\u015fte Deneyimli Ekip:<\/strong><\/p>\n\n<figure class=\"wp-block-image size-full\"><img decoding=\"async\" width=\"200\" height=\"300\" class=\"wp-image-1561\" src=\"https:\/\/medicaltravel.at\/wp-content\/uploads\/2025\/09\/Dent_Dr_Ishak_CAN-200x300-1.png\" alt=\"\"><\/figure>\n\n<p id=\"caption-attachment-9180\">Di\u015f Hekimi Dr. \u0130shak CAN <\/p>\n\n<p><strong><br><\/strong>Di\u015f Hekimi Dr. I\u015f\u0131n \u00c7AYIR <\/p>\n\n<figure class=\"wp-block-image size-full\"><img loading=\"lazy\" decoding=\"async\" width=\"200\" height=\"300\" class=\"wp-image-1562\" src=\"https:\/\/medicaltravel.at\/wp-content\/uploads\/2025\/09\/Dent_Dr_-Isin_CAYIR-200x300-1.png\" alt=\"\"><\/figure>\n\n<figure class=\"wp-block-image size-full\"><img loading=\"lazy\" decoding=\"async\" width=\"200\" height=\"300\" class=\"wp-image-1563\" src=\"https:\/\/medicaltravel.at\/wp-content\/uploads\/2025\/09\/Dent_Dr_Dilara_Bilge_Yavuz-200x300-1.png\" alt=\"\"><\/figure>\n\n<p id=\"caption-attachment-9179\">Di\u015f Hekimi Dr. Dilara Bilge Yavuz <\/p>\n\t\t\t\t\t\t\t\t<\/div>\n\t\t\t\t\t<\/div>\n\t\t\t\t<\/div>\n\t\t\t\t<\/div>\n\t\t","protected":false},"excerpt":{"rendered":"<p>\u0130stanbul Antalya Ku\u015fadas\u0131 \u0130zmir Manavgat Kayseri Alanya Bodrum Antalya\u2019daki Di\u015f Klini\u011fi ve Di\u015f Hekimleri G\u00fcl\u00fc\u015f\u00fcn\u00fcz\u00fcn ne kadar etkileyici olabilece\u011fini ya\u015fay\u0131n. Antalya\u2019daki di\u015f klini\u011finde profesyonel bir tedavi ile bu m\u00fcmk\u00fcn olur. M\u00fckemmel bir g\u00fcl\u00fc\u015f hayalinizi ger\u00e7ekle\u015ftirir ve Antalya\u2019daki \u00f6zel klinik hizmetlerini \u0130svi\u00e7re, Almanya veya Avusturya\u2019ya g\u00f6re %70\u2019e varan daha uygun fiyatlarla al\u0131rs\u0131n\u0131z. \u00dcstelik kalite en az di\u011fer \u00fclkelerdeki kadar y\u00fcksek! Klinik, Antalya \u015fehir merkezinde bulunuyor, bu y\u00fczden her yerden kolayca ula\u015f\u0131labilir. Tedavinizi Antalya\u2019da tatil ile de birle\u015ftirebilirsiniz. Antalya\u2019daki Medic Di\u015f Klini\u011fi, di\u015f hekimli\u011fi alan\u0131nda \u00e7ok b\u00fcy\u00fck deneyime sahip olan Dr. Med. Dent. Ishak Can y\u00f6netimindedir. Antalya\u2019daki Di\u015f Klini\u011fi Medic Antalya Di\u015f Klini\u011fi\u2019nde a\u015fa\u011f\u0131daki gibi her t\u00fcrl\u00fc di\u015f tedavisi sunulmaktad\u0131r: \u2013 Di\u015f implantlar\u0131 (Bego, Meganan, Astra, Straumann)\u2013 Di\u015f kronlar\u0131 (Porselen veya Zirkonyum)\u2013 Veneerler\u2013 Lumineerler\u2013 Dolgular, Inlay\/Onlay vb. Sizi sadece y\u00fcksek hizmet standard\u0131 de\u011fil, ayn\u0131 zamanda tedavi ve bekleme odalar\u0131ndaki s\u0131cak ve rahat atmosfer ile steril malzemeler de etkileyecektir. \u00c7\u00fcnk\u00fc di\u015f tedavileri \u00f6zen ve dikkat gerektirir. T\u00fcm bunlar ve \u00e7ok daha fazlas\u0131, Antalya\u2019daki e\u015fsiz ve profesyonel di\u015f klini\u011finde sizi bekliyor. Bu nedenle Almanca ileti\u015fim hi\u00e7 sorun olmaz ve kendinizi evinizdeymi\u015f gibi hissedeceksiniz. \u00dccretsiz KonaklamaTedaviniz 3500 Euro\u2019dan fazla tutarsa, partner otelde kahvalt\u0131 dahil \u00fccretsiz konaklama hakk\u0131 kazan\u0131rs\u0131n\u0131z (en fazla 6 gece)! \u0130\u015fte Deneyimli Ekip: Di\u015f Hekimi Dr. \u0130shak CAN Di\u015f Hekimi Dr. I\u015f\u0131n \u00c7AYIR Di\u015f Hekimi Dr. Dilara Bilge Yavuz<\/p>\n","protected":false},"author":4,"featured_media":0,"parent":4883,"menu_order":0,"comment_status":"closed","ping_status":"closed","template":"","meta":{"_joinchat":[],"footnotes":""},"class_list":["post-4932","page","type-page","status-publish","hentry"],"acf":[],"_links":{"self":[{"href":"https:\/\/medicaltravel.at\/tr\/wp-json\/wp\/v2\/pages\/4932","targetHints":{"allow":["GET"]}}],"collection":[{"href":"https:\/\/medicaltravel.at\/tr\/wp-json\/wp\/v2\/pages"}],"about":[{"href":"https:\/\/medicaltravel.at\/tr\/wp-json\/wp\/v2\/types\/page"}],"author":[{"embeddable":true,"href":"https:\/\/medicaltravel.at\/tr\/wp-json\/wp\/v2\/users\/4"}],"replies":[{"embeddable":true,"href":"https:\/\/medicaltravel.at\/tr\/wp-json\/wp\/v2\/comments?post=4932"}],"version-history":[{"count":9,"href":"https:\/\/medicaltravel.at\/tr\/wp-json\/wp\/v2\/pages\/4932\/revisions"}],"predecessor-version":[{"id":5437,"href":"https:\/\/medicaltravel.at\/tr\/wp-json\/wp\/v2\/pages\/4932\/revisions\/5437"}],"up":[{"embeddable":true,"href":"https:\/\/medicaltravel.at\/tr\/wp-json\/wp\/v2\/pages\/4883"}],"wp:attachment":[{"href":"https:\/\/medicaltravel.at\/tr\/wp-json\/wp\/v2\/media?parent=4932"}],"curies":[{"name":"wp","href":"https:\/\/api.w.org\/{rel}","templated":true}]}}