{"id":4919,"date":"2025-09-27T15:28:30","date_gmt":"2025-09-27T14:28:30","guid":{"rendered":"https:\/\/medicaltravel.at\/dis-seyahati\/dis-klinikleri\/kusadasindaki-dis-klinigi\/"},"modified":"2026-01-04T18:01:30","modified_gmt":"2026-01-04T17:01:30","slug":"kusadasindaki-dis-klinigi","status":"publish","type":"page","link":"https:\/\/medicaltravel.at\/tr\/dis-seyahati\/dis-klinikleri\/kusadasindaki-dis-klinigi\/","title":{"rendered":"Ku\u015fadas\u0131\u2019ndaki Di\u015f Klini\u011fi"},"content":{"rendered":"\t\t<div data-elementor-type=\"wp-page\" data-elementor-id=\"4919\" class=\"elementor elementor-4919 elementor-891\" data-elementor-post-type=\"page\">\n\t\t\t\t<div class=\"elementor-element elementor-element-6d11a95a e-flex e-con-boxed wpr-particle-no wpr-jarallax-no wpr-parallax-no wpr-sticky-section-no e-con e-parent\" data-id=\"6d11a95a\" data-element_type=\"container\" data-e-type=\"container\">\n\t\t\t\t\t<div class=\"e-con-inner\">\n\t\t<div class=\"elementor-element elementor-element-54ab025 e-con-full e-flex wpr-particle-no wpr-jarallax-no wpr-parallax-no wpr-sticky-section-no e-con e-child\" data-id=\"54ab025\" data-element_type=\"container\" data-e-type=\"container\">\n\t\t\t\t<div class=\"elementor-element elementor-element-41e99fa elementor-widget elementor-widget-button\" data-id=\"41e99fa\" data-element_type=\"widget\" data-e-type=\"widget\" data-widget_type=\"button.default\">\n\t\t\t\t\t\t\t\t\t\t<a class=\"elementor-button elementor-button-link elementor-size-sm\" href=\"https:\/\/medicaltravel.at\/tr\/dis-seyahati\/dis-klinikleri\/istanbuldaki-hospitadent-dis-klinigi\/\">\n\t\t\t\t\t\t<span class=\"elementor-button-content-wrapper\">\n\t\t\t\t\t\t\t\t\t<span class=\"elementor-button-text\">\u0130stanbul<\/span>\n\t\t\t\t\t<\/span>\n\t\t\t\t\t<\/a>\n\t\t\t\t\t\t\t\t<\/div>\n\t\t\t\t<div class=\"elementor-element elementor-element-0d283e3 elementor-widget elementor-widget-button\" data-id=\"0d283e3\" data-element_type=\"widget\" data-e-type=\"widget\" data-widget_type=\"button.default\">\n\t\t\t\t\t\t\t\t\t\t<a class=\"elementor-button elementor-button-link elementor-size-sm\" href=\"https:\/\/medicaltravel.at\/tr\/dis-seyahati\/dis-klinikleri\/antalyadaki-dis-klinigi\/\">\n\t\t\t\t\t\t<span class=\"elementor-button-content-wrapper\">\n\t\t\t\t\t\t\t\t\t<span class=\"elementor-button-text\">Antalya<\/span>\n\t\t\t\t\t<\/span>\n\t\t\t\t\t<\/a>\n\t\t\t\t\t\t\t\t<\/div>\n\t\t\t\t<div class=\"elementor-element elementor-element-427ab01 elementor-widget elementor-widget-button\" data-id=\"427ab01\" data-element_type=\"widget\" data-e-type=\"widget\" data-widget_type=\"button.default\">\n\t\t\t\t\t\t\t\t\t\t<a class=\"elementor-button elementor-button-link elementor-size-sm\" href=\"https:\/\/medicaltravel.at\/tr\/dis-seyahati\/dis-klinikleri\/kusadasindaki-dis-klinigi\/\">\n\t\t\t\t\t\t<span class=\"elementor-button-content-wrapper\">\n\t\t\t\t\t\t\t\t\t<span class=\"elementor-button-text\">Ku\u015fadas\u0131<\/span>\n\t\t\t\t\t<\/span>\n\t\t\t\t\t<\/a>\n\t\t\t\t\t\t\t\t<\/div>\n\t\t\t\t<div class=\"elementor-element elementor-element-4779841 elementor-widget elementor-widget-button\" data-id=\"4779841\" data-element_type=\"widget\" data-e-type=\"widget\" data-widget_type=\"button.default\">\n\t\t\t\t\t\t\t\t\t\t<a class=\"elementor-button elementor-button-link elementor-size-sm\" href=\"https:\/\/medicaltravel.at\/tr\/dis-seyahati\/dis-klinikleri\/izmirde-dis-hekimi\/\">\n\t\t\t\t\t\t<span class=\"elementor-button-content-wrapper\">\n\t\t\t\t\t\t\t\t\t<span class=\"elementor-button-text\">\u0130zmir<\/span>\n\t\t\t\t\t<\/span>\n\t\t\t\t\t<\/a>\n\t\t\t\t\t\t\t\t<\/div>\n\t\t\t\t<div class=\"elementor-element elementor-element-95713b2 elementor-widget elementor-widget-button\" data-id=\"95713b2\" data-element_type=\"widget\" data-e-type=\"widget\" data-widget_type=\"button.default\">\n\t\t\t\t\t\t\t\t\t\t<a class=\"elementor-button elementor-button-link elementor-size-sm\" href=\"https:\/\/medicaltravel.at\/tr\/dis-seyahati\/dis-klinikleri\/manavgat-sidede-dis-hekimi\/\">\n\t\t\t\t\t\t<span class=\"elementor-button-content-wrapper\">\n\t\t\t\t\t\t\t\t\t<span class=\"elementor-button-text\">Manavgat<\/span>\n\t\t\t\t\t<\/span>\n\t\t\t\t\t<\/a>\n\t\t\t\t\t\t\t\t<\/div>\n\t\t\t\t<div class=\"elementor-element elementor-element-44bbd52 elementor-widget elementor-widget-button\" data-id=\"44bbd52\" data-element_type=\"widget\" data-e-type=\"widget\" data-widget_type=\"button.default\">\n\t\t\t\t\t\t\t\t\t\t<a class=\"elementor-button elementor-button-link elementor-size-sm\" href=\"https:\/\/medicaltravel.at\/tr\/dis-seyahati\/dis-klinikleri\/kayseri-kapadokya-dentalklinigi-hospitadent\/\">\n\t\t\t\t\t\t<span class=\"elementor-button-content-wrapper\">\n\t\t\t\t\t\t\t\t\t<span class=\"elementor-button-text\">Kayseri<\/span>\n\t\t\t\t\t<\/span>\n\t\t\t\t\t<\/a>\n\t\t\t\t\t\t\t\t<\/div>\n\t\t\t\t<div class=\"elementor-element elementor-element-82a88ca elementor-widget elementor-widget-button\" data-id=\"82a88ca\" data-element_type=\"widget\" data-e-type=\"widget\" data-widget_type=\"button.default\">\n\t\t\t\t\t\t\t\t\t\t<a class=\"elementor-button elementor-button-link elementor-size-sm\" href=\"https:\/\/medicaltravel.at\/tr\/dis-seyahati\/dis-klinikleri\/dentalklinik-alanya-dis-hekimi-dis-klinigi-dis-tedavisi\/\">\n\t\t\t\t\t\t<span class=\"elementor-button-content-wrapper\">\n\t\t\t\t\t\t\t\t\t<span class=\"elementor-button-text\">Alanya<\/span>\n\t\t\t\t\t<\/span>\n\t\t\t\t\t<\/a>\n\t\t\t\t\t\t\t\t<\/div>\n\t\t\t\t<div class=\"elementor-element elementor-element-be7d8af elementor-widget elementor-widget-button\" data-id=\"be7d8af\" data-element_type=\"widget\" data-e-type=\"widget\" data-widget_type=\"button.default\">\n\t\t\t\t\t\t\t\t\t\t<a class=\"elementor-button elementor-button-link elementor-size-sm\" href=\"https:\/\/medicaltravel.at\/tr\/dis-seyahati\/dis-klinikleri\/bodrum-dis-klinigi-dis-hekimi-dis-klinigi-dis-tedavisi\/\">\n\t\t\t\t\t\t<span class=\"elementor-button-content-wrapper\">\n\t\t\t\t\t\t\t\t\t<span class=\"elementor-button-text\">Bodrum<\/span>\n\t\t\t\t\t<\/span>\n\t\t\t\t\t<\/a>\n\t\t\t\t\t\t\t\t<\/div>\n\t\t\t\t<\/div>\n\t\t\t\t<div class=\"elementor-element elementor-element-66da724c elementor-widget elementor-widget-text-editor\" data-id=\"66da724c\" data-element_type=\"widget\" data-e-type=\"widget\" data-widget_type=\"text-editor.default\">\n\t\t\t\t\t\t\t\t\t\n<h2 class=\"wp-block-heading\">Ku\u015fadas\u0131\u2019ndaki Di\u015f Hekimi<\/h2>\n\n<h2 class=\"wp-block-heading\"><strong>Ku\u015fadas\u0131\u2019nda di\u015f d\u00fczeltme tedaviniz i\u00e7in \u00fccretsiz konaklama!<\/strong><\/h2>\n\n<p>Ku\u015fadas\u0131\u2019ndaki di\u015f tedaviniz art\u0131k daha fazla avantaj sa\u011fl\u0131yor!<\/p>\n\n<p>4000 Euro ve \u00fczeri tedavilerde 5 geceyi <a href=\"http:\/\/www.hotelilayda.com\/indexger.html\" target=\"_blank\" rel=\"noopener\">4 y\u0131ld\u0131zl\u0131 bir otelde<\/a> \u00fccretsiz konaklayarak ge\u00e7irebilirsiniz. G\u00fczel Ku\u015fadas\u0131\u2019n\u0131n keyfini \u00e7\u0131kar\u0131rken di\u015flerinizi y\u00fcksek kaliteyle ve uygun fiyata, %70\u2019e varan tasarrufla tedavi ettirebilirsiniz.  <a href=\"https:\/\/medicaltravel.at\/tr\/iletisim\/\" data-type=\"page\" data-id=\"976\">Daha fazla bilgi ve fiyat teklifi i\u00e7in hemen bizimle ileti\u015fime ge\u00e7in, bu sizi hi\u00e7bir \u015fekilde ba\u011flamaz.<\/a><\/p>\n\n<p><strong>Di\u015f klini\u011fi<\/strong>, <strong>Ku\u015fadas\u0131-\u0130zmir\u2019deki<\/strong> \u00f6nde gelen di\u015f hekimli\u011fi kliniklerinden biridir.<\/p>\n\n<p>Klinikte, size her konuda yard\u0131mc\u0131 olmaktan memnuniyet duyan <strong>yetkin di\u015f hekimleri<\/strong> g\u00f6rev yapmaktad\u0131r. Sunulan di\u015f hekimli\u011fi hizmetleri, koruyucu tedaviden implantolojiye kadar geni\u015f bir yelpazeye sahiptir. En modern y\u00f6ntemler sayesinde klinik, hastalar\u0131na a\u011fr\u0131s\u0131z tedavi imk\u00e2n\u0131 sunabilmektedir.  <\/p>\n\n<figure class=\"wp-block-image size-full is-resized\"><img fetchpriority=\"high\" decoding=\"async\" width=\"448\" height=\"298\" class=\"wp-image-1566\" style=\"width: 840px; height: auto;\" src=\"https:\/\/medicaltravel.at\/wp-content\/uploads\/2025\/09\/Modernste-Ausrustung-in-der-Zahnarztklinik-in-Kusadasi.jpg\" alt=\"\" srcset=\"https:\/\/medicaltravel.at\/wp-content\/uploads\/2025\/09\/Modernste-Ausrustung-in-der-Zahnarztklinik-in-Kusadasi.jpg 448w, https:\/\/medicaltravel.at\/wp-content\/uploads\/2025\/09\/Modernste-Ausrustung-in-der-Zahnarztklinik-in-Kusadasi-300x200.jpg 300w\" sizes=\"(max-width: 448px) 100vw, 448px\" \/>\n<figcaption class=\"wp-element-caption\">Ku\u015fadas\u0131\u2019ndaki modern di\u015f klini\u011fi<\/figcaption>\n<\/figure>\n\n<p id=\"caption-attachment-292\"> <\/p>\n\n<p><strong>Di\u015f klini\u011fi<\/strong>, tam olarak T\u00fcrkiye\u2019nin turistik b\u00f6lgesi <strong>Ku\u015fadas\u0131\u2019<\/strong>nda yer almaktad\u0131r. <strong>\u0130zmir<\/strong> Havaliman\u0131\u2019na yakla\u015f\u0131k bir saat uzakl\u0131ktad\u0131r. Sizin konforunuz i\u00e7in klinik, en modern donan\u0131mlarla donat\u0131lm\u0131\u015ft\u0131r. Doktorlar tedaviniz s\u0131ras\u0131nda yaln\u0131zca y\u00fcksek kaliteli \u00fcr\u00fcnler ve en modern y\u00f6ntemleri kullanmaktad\u0131r. Bekleme salonu, tedavi odalar\u0131 ve ameliyathaneler klimaya sahiptir. T\u00fcm di\u015f tedavileri, ayd\u0131nl\u0131k, ferah ve g\u00fcne\u015fli odalarda ger\u00e7ekle\u015ftirilmektedir. \u00d6zellikle temizlik konusuna \u00f6zen g\u00f6sterilir ve cihazlar\u0131m\u0131z en modern y\u00f6ntemlerle sterilize edilir.      <\/p>\n\n<figure class=\"wp-block-image size-full\"><img decoding=\"async\" width=\"300\" height=\"200\" class=\"wp-image-1567\" src=\"https:\/\/medicaltravel.at\/wp-content\/uploads\/2025\/09\/Modernes-Wartezimmer-in-der-Zahnklinik-Kusadasi-Izmir-300x200-1.jpg\" alt=\"\"><\/figure>\n\n<p>Hizmetler, di\u015f hekimli\u011fi ve a\u011f\u0131z cerrahisinin t\u00fcm alanlar\u0131n\u0131 kapsamakta olup, bunlar aras\u0131nda implantlar, di\u015f protezleri, di\u015f k\u00f6pr\u00fcleri ve veneerler bulunmaktad\u0131r. Di\u015f klini\u011fi, hastalar\u0131m\u0131za estetik veya t\u0131bbi sorunlar\u0131n \u00e7\u00f6z\u00fcm\u00fcnde her zaman destek sa\u011flamaktad\u0131r. <\/p>\n\n<p>Samimi ve g\u00fczel bir g\u00fcl\u00fcmseme, i\u00e7ten gelen rahat bir kahkaha hayat\u0131n \u00f6nemli par\u00e7alar\u0131d\u0131r. <strong>Ku\u015fadas\u0131\u2019ndaki deneyimli di\u015f hekimleri<\/strong>, titiz, h\u0131zl\u0131, a\u011fr\u0131s\u0131z ve hassas bir \u00e7al\u0131\u015fma yapmay\u0131 hedefler. Artan talepleri kar\u015f\u0131lamak i\u00e7in klinan\u0131n hizmetleri, uzman muayenehane \u00e7al\u0131\u015fmalar\u0131n\u0131n yan\u0131 s\u0131ra kapsaml\u0131 t\u0131bbi hizmetlerle geni\u015fletilmi\u015ftir. Di\u015f klini\u011fi i\u00e7in en b\u00fcy\u00fck \u00f6d\u00fcl, hastalar\u0131n memnun, mutlu ve do\u011fal bir \u015fekilde g\u00fcl\u00fcmseyerek evlerine d\u00f6nmeleridir.   <\/p>\n\n<p>Hastalar \u015funlar\u0131 bekleyebilir:<\/p>\n\n<p>\u2013 Modern tedavi odalar\u0131<br>\u2013 \u00c7ok s\u0131k\u0131 hijyen standartlar\u0131 (detaylar i\u00e7in <a href=\"https:\/\/medicaltravel.at\/wp-content\/uploads\/2025\/09\/Active__Passive_Hygene_DE.pdf\" data-type=\"link\" data-id=\"https:\/\/medicaltravel.at\/wp-content\/uploads\/2025\/09\/Active__Passive_Hygene_DE.pdf\">buraya<\/a> bakabilirsiniz)<br>\u2013 Samimi ve dostane bir ortam<br>\u2013 \u00c7ok deneyimli doktorlar<br>\u2013 Almanca konu\u015fan personel<br>\u2013 Almanya, \u0130svi\u00e7re veya Avusturya\u2019ya g\u00f6re ayn\u0131 veya daha y\u00fcksek kalite<br>\u2013 Ve bunlar\u0131n uygun fiyatlarla sunulmas\u0131 <\/p>\n\n<p>Modern di\u015f klini\u011fi, uzun y\u0131llara dayanan di\u015f hekimli\u011fi deneyimine sahip olan Dr. Med. Dent. Y\u0131lmaz ve Dr. Med. Dent. \u00dcnl\u00fc y\u00f6netimindedir.  <\/p>\n\n<p>Her ikisi de diploma \u00e7al\u0131\u015fmalar\u0131n\u0131 \u0130zmir\u2019deki Ege \u00dcniversitesi Di\u015f Hekimli\u011fi Fak\u00fcltesi\u2019nde tamamlam\u0131\u015ft\u0131r.<\/p>\n\n<p>Di\u015f hekimleri, di\u015f hekimli\u011fi alan\u0131nda uzman ve yetkindir. Di\u015f hekimli\u011fi teknolojisi s\u00fcrekli geli\u015fmekte olup, doktorlar\u0131m\u0131z her zaman g\u00fcncel bilgilere hakimdir. Bu nedenle \u00e7e\u015fitli ulusal ve uluslararas\u0131 kongrelere de kat\u0131lmakta, bazen konu\u015fmac\u0131 olarak g\u00f6rev almaktad\u0131rlar. Ku\u015fadas\u0131\u2019nda di\u015flerinizi tedavi ettirmek istiyorsan\u0131z, bu di\u015f klini\u011fi ger\u00e7ekten do\u011fru adresinizdir.   <\/p>\n\n<figure class=\"wp-block-image size-full\"><img decoding=\"async\" width=\"300\" height=\"221\" class=\"wp-image-1568\" src=\"https:\/\/medicaltravel.at\/wp-content\/uploads\/2025\/09\/Dent.-Dr.-Aysegul-Yilmaz-300x221-1.jpg\" alt=\"\"><\/figure>\n\n<p id=\"caption-attachment-296\">Deneyimli Di\u015f Hekimi Bayan Y\u0131lmaz<\/p>\n\n<p>Tedavinizi, olduk\u00e7a pop\u00fcler tatil beldesi <a href=\"http:\/\/de.wikipedia.org\/wiki\/Kusadasi\" target=\"_blank\" rel=\"noopener\">Ku\u015fadas\u0131<\/a>\u2019nda tatil ile birle\u015ftirebilirsiniz.<\/p>\n\n<figure class=\"wp-block-image size-full\"><img loading=\"lazy\" decoding=\"async\" width=\"160\" height=\"153\" class=\"wp-image-1569\" src=\"https:\/\/medicaltravel.at\/wp-content\/uploads\/2025\/09\/Ihre-Zahnbehandlung-im-sehr-beruhmten-Urlaubsort-Kusadasi.jpg\" alt=\"\"><\/figure>\n\t\t\t\t\t\t\t\t<\/div>\n\t\t\t\t\t<\/div>\n\t\t\t\t<\/div>\n\t\t\t\t<\/div>\n\t\t","protected":false},"excerpt":{"rendered":"<p>\u0130stanbul Antalya Ku\u015fadas\u0131 \u0130zmir Manavgat Kayseri Alanya Bodrum Ku\u015fadas\u0131\u2019ndaki Di\u015f Hekimi Ku\u015fadas\u0131\u2019nda di\u015f d\u00fczeltme tedaviniz i\u00e7in \u00fccretsiz konaklama! Ku\u015fadas\u0131\u2019ndaki di\u015f tedaviniz art\u0131k daha fazla avantaj sa\u011fl\u0131yor! 4000 Euro ve \u00fczeri tedavilerde 5 geceyi 4 y\u0131ld\u0131zl\u0131 bir otelde \u00fccretsiz konaklayarak ge\u00e7irebilirsiniz. G\u00fczel Ku\u015fadas\u0131\u2019n\u0131n keyfini \u00e7\u0131kar\u0131rken di\u015flerinizi y\u00fcksek kaliteyle ve uygun fiyata, %70\u2019e varan tasarrufla tedavi ettirebilirsiniz. Daha fazla bilgi ve fiyat teklifi i\u00e7in hemen bizimle ileti\u015fime ge\u00e7in, bu sizi hi\u00e7bir \u015fekilde ba\u011flamaz. Di\u015f klini\u011fi, Ku\u015fadas\u0131-\u0130zmir\u2019deki \u00f6nde gelen di\u015f hekimli\u011fi kliniklerinden biridir. Klinikte, size her konuda yard\u0131mc\u0131 olmaktan memnuniyet duyan yetkin di\u015f hekimleri g\u00f6rev yapmaktad\u0131r. Sunulan di\u015f hekimli\u011fi hizmetleri, koruyucu tedaviden implantolojiye kadar geni\u015f bir yelpazeye sahiptir. En modern y\u00f6ntemler sayesinde klinik, hastalar\u0131na a\u011fr\u0131s\u0131z tedavi imk\u00e2n\u0131 sunabilmektedir. Ku\u015fadas\u0131\u2019ndaki modern di\u015f klini\u011fi Di\u015f klini\u011fi, tam olarak T\u00fcrkiye\u2019nin turistik b\u00f6lgesi Ku\u015fadas\u0131\u2019nda yer almaktad\u0131r. \u0130zmir Havaliman\u0131\u2019na yakla\u015f\u0131k bir saat uzakl\u0131ktad\u0131r. Sizin konforunuz i\u00e7in klinik, en modern donan\u0131mlarla donat\u0131lm\u0131\u015ft\u0131r. Doktorlar tedaviniz s\u0131ras\u0131nda yaln\u0131zca y\u00fcksek kaliteli \u00fcr\u00fcnler ve en modern y\u00f6ntemleri kullanmaktad\u0131r. Bekleme salonu, tedavi odalar\u0131 ve ameliyathaneler klimaya sahiptir. T\u00fcm di\u015f tedavileri, ayd\u0131nl\u0131k, ferah ve g\u00fcne\u015fli odalarda ger\u00e7ekle\u015ftirilmektedir. \u00d6zellikle temizlik konusuna \u00f6zen g\u00f6sterilir ve cihazlar\u0131m\u0131z en modern y\u00f6ntemlerle sterilize edilir. Hizmetler, di\u015f hekimli\u011fi ve a\u011f\u0131z cerrahisinin t\u00fcm alanlar\u0131n\u0131 kapsamakta olup, bunlar aras\u0131nda implantlar, di\u015f protezleri, di\u015f k\u00f6pr\u00fcleri ve veneerler bulunmaktad\u0131r. Di\u015f klini\u011fi, hastalar\u0131m\u0131za estetik veya t\u0131bbi sorunlar\u0131n \u00e7\u00f6z\u00fcm\u00fcnde her zaman destek sa\u011flamaktad\u0131r. Samimi ve g\u00fczel bir g\u00fcl\u00fcmseme, i\u00e7ten gelen rahat bir kahkaha hayat\u0131n \u00f6nemli par\u00e7alar\u0131d\u0131r. Ku\u015fadas\u0131\u2019ndaki deneyimli di\u015f hekimleri, titiz, h\u0131zl\u0131, a\u011fr\u0131s\u0131z ve hassas bir \u00e7al\u0131\u015fma yapmay\u0131 hedefler. Artan talepleri kar\u015f\u0131lamak i\u00e7in klinan\u0131n hizmetleri, uzman muayenehane \u00e7al\u0131\u015fmalar\u0131n\u0131n yan\u0131 s\u0131ra kapsaml\u0131 t\u0131bbi hizmetlerle geni\u015fletilmi\u015ftir. Di\u015f klini\u011fi i\u00e7in en b\u00fcy\u00fck \u00f6d\u00fcl, hastalar\u0131n memnun, mutlu ve do\u011fal bir \u015fekilde g\u00fcl\u00fcmseyerek evlerine d\u00f6nmeleridir. Hastalar \u015funlar\u0131 bekleyebilir: \u2013 Modern tedavi odalar\u0131\u2013 \u00c7ok s\u0131k\u0131 hijyen standartlar\u0131 (detaylar i\u00e7in buraya bakabilirsiniz)\u2013 Samimi ve dostane bir ortam\u2013 \u00c7ok deneyimli doktorlar\u2013 Almanca konu\u015fan personel\u2013 Almanya, \u0130svi\u00e7re veya Avusturya\u2019ya g\u00f6re ayn\u0131 veya daha y\u00fcksek kalite\u2013 Ve bunlar\u0131n uygun fiyatlarla sunulmas\u0131 Modern di\u015f klini\u011fi, uzun y\u0131llara dayanan di\u015f hekimli\u011fi deneyimine sahip olan Dr. Med. Dent. Y\u0131lmaz ve Dr. Med. Dent. \u00dcnl\u00fc y\u00f6netimindedir. Her ikisi de diploma \u00e7al\u0131\u015fmalar\u0131n\u0131 \u0130zmir\u2019deki Ege \u00dcniversitesi Di\u015f Hekimli\u011fi Fak\u00fcltesi\u2019nde tamamlam\u0131\u015ft\u0131r. Di\u015f hekimleri, di\u015f hekimli\u011fi alan\u0131nda uzman ve yetkindir. Di\u015f hekimli\u011fi teknolojisi s\u00fcrekli geli\u015fmekte olup, doktorlar\u0131m\u0131z her zaman g\u00fcncel bilgilere hakimdir. Bu nedenle \u00e7e\u015fitli ulusal ve uluslararas\u0131 kongrelere de kat\u0131lmakta, bazen konu\u015fmac\u0131 olarak g\u00f6rev almaktad\u0131rlar. Ku\u015fadas\u0131\u2019nda di\u015flerinizi tedavi ettirmek istiyorsan\u0131z, bu di\u015f klini\u011fi ger\u00e7ekten do\u011fru adresinizdir. Deneyimli Di\u015f Hekimi Bayan Y\u0131lmaz Tedavinizi, olduk\u00e7a pop\u00fcler tatil beldesi Ku\u015fadas\u0131\u2019nda tatil ile birle\u015ftirebilirsiniz.<\/p>\n","protected":false},"author":4,"featured_media":0,"parent":4883,"menu_order":0,"comment_status":"closed","ping_status":"closed","template":"","meta":{"_joinchat":[],"footnotes":""},"class_list":["post-4919","page","type-page","status-publish","hentry"],"acf":[],"_links":{"self":[{"href":"https:\/\/medicaltravel.at\/tr\/wp-json\/wp\/v2\/pages\/4919","targetHints":{"allow":["GET"]}}],"collection":[{"href":"https:\/\/medicaltravel.at\/tr\/wp-json\/wp\/v2\/pages"}],"about":[{"href":"https:\/\/medicaltravel.at\/tr\/wp-json\/wp\/v2\/types\/page"}],"author":[{"embeddable":true,"href":"https:\/\/medicaltravel.at\/tr\/wp-json\/wp\/v2\/users\/4"}],"replies":[{"embeddable":true,"href":"https:\/\/medicaltravel.at\/tr\/wp-json\/wp\/v2\/comments?post=4919"}],"version-history":[{"count":10,"href":"https:\/\/medicaltravel.at\/tr\/wp-json\/wp\/v2\/pages\/4919\/revisions"}],"predecessor-version":[{"id":5433,"href":"https:\/\/medicaltravel.at\/tr\/wp-json\/wp\/v2\/pages\/4919\/revisions\/5433"}],"up":[{"embeddable":true,"href":"https:\/\/medicaltravel.at\/tr\/wp-json\/wp\/v2\/pages\/4883"}],"wp:attachment":[{"href":"https:\/\/medicaltravel.at\/tr\/wp-json\/wp\/v2\/media?parent=4919"}],"curies":[{"name":"wp","href":"https:\/\/api.w.org\/{rel}","templated":true}]}}