{"id":4908,"date":"2025-09-27T15:32:40","date_gmt":"2025-09-27T14:32:40","guid":{"rendered":"https:\/\/medicaltravel.at\/dis-seyahati\/dis-klinikleri\/manavgat-sidede-dis-hekimi\/"},"modified":"2026-01-04T18:08:00","modified_gmt":"2026-01-04T17:08:00","slug":"manavgat-sidede-dis-hekimi","status":"publish","type":"page","link":"https:\/\/medicaltravel.at\/tr\/dis-seyahati\/dis-klinikleri\/manavgat-sidede-dis-hekimi\/","title":{"rendered":"Manavgat Side\u2019de Di\u015f Hekimi"},"content":{"rendered":"\t\t<div data-elementor-type=\"wp-page\" data-elementor-id=\"4908\" class=\"elementor elementor-4908 elementor-895\" data-elementor-post-type=\"page\">\n\t\t\t\t<div class=\"elementor-element elementor-element-3e43c10d e-flex e-con-boxed wpr-particle-no wpr-jarallax-no wpr-parallax-no wpr-sticky-section-no e-con e-parent\" data-id=\"3e43c10d\" data-element_type=\"container\" data-e-type=\"container\">\n\t\t\t\t\t<div class=\"e-con-inner\">\n\t\t<div class=\"elementor-element elementor-element-e8b6928 e-con-full e-flex wpr-particle-no wpr-jarallax-no wpr-parallax-no wpr-sticky-section-no e-con e-child\" data-id=\"e8b6928\" data-element_type=\"container\" data-e-type=\"container\">\n\t\t\t\t<div class=\"elementor-element elementor-element-d30591c elementor-widget elementor-widget-button\" data-id=\"d30591c\" data-element_type=\"widget\" data-e-type=\"widget\" data-widget_type=\"button.default\">\n\t\t\t\t\t\t\t\t\t\t<a class=\"elementor-button elementor-button-link elementor-size-sm\" href=\"https:\/\/medicaltravel.at\/tr\/dis-seyahati\/dis-klinikleri\/istanbuldaki-hospitadent-dis-klinigi\/\">\n\t\t\t\t\t\t<span class=\"elementor-button-content-wrapper\">\n\t\t\t\t\t\t\t\t\t<span class=\"elementor-button-text\">\u0130stanbul<\/span>\n\t\t\t\t\t<\/span>\n\t\t\t\t\t<\/a>\n\t\t\t\t\t\t\t\t<\/div>\n\t\t\t\t<div class=\"elementor-element elementor-element-5c09d8c elementor-widget elementor-widget-button\" data-id=\"5c09d8c\" data-element_type=\"widget\" data-e-type=\"widget\" data-widget_type=\"button.default\">\n\t\t\t\t\t\t\t\t\t\t<a class=\"elementor-button elementor-button-link elementor-size-sm\" href=\"https:\/\/medicaltravel.at\/tr\/dis-seyahati\/dis-klinikleri\/antalyadaki-dis-klinigi\/\">\n\t\t\t\t\t\t<span class=\"elementor-button-content-wrapper\">\n\t\t\t\t\t\t\t\t\t<span class=\"elementor-button-text\">Antalya<\/span>\n\t\t\t\t\t<\/span>\n\t\t\t\t\t<\/a>\n\t\t\t\t\t\t\t\t<\/div>\n\t\t\t\t<div class=\"elementor-element elementor-element-bdab7a6 elementor-widget elementor-widget-button\" data-id=\"bdab7a6\" data-element_type=\"widget\" data-e-type=\"widget\" data-widget_type=\"button.default\">\n\t\t\t\t\t\t\t\t\t\t<a class=\"elementor-button elementor-button-link elementor-size-sm\" href=\"https:\/\/medicaltravel.at\/tr\/dis-seyahati\/dis-klinikleri\/kusadasindaki-dis-klinigi\/\">\n\t\t\t\t\t\t<span class=\"elementor-button-content-wrapper\">\n\t\t\t\t\t\t\t\t\t<span class=\"elementor-button-text\">Ku\u015fadas\u0131<\/span>\n\t\t\t\t\t<\/span>\n\t\t\t\t\t<\/a>\n\t\t\t\t\t\t\t\t<\/div>\n\t\t\t\t<div class=\"elementor-element elementor-element-a70a1a8 elementor-widget elementor-widget-button\" data-id=\"a70a1a8\" data-element_type=\"widget\" data-e-type=\"widget\" data-widget_type=\"button.default\">\n\t\t\t\t\t\t\t\t\t\t<a class=\"elementor-button elementor-button-link elementor-size-sm\" href=\"https:\/\/medicaltravel.at\/tr\/dis-seyahati\/dis-klinikleri\/izmirde-dis-hekimi\/\">\n\t\t\t\t\t\t<span class=\"elementor-button-content-wrapper\">\n\t\t\t\t\t\t\t\t\t<span class=\"elementor-button-text\">\u0130zmir<\/span>\n\t\t\t\t\t<\/span>\n\t\t\t\t\t<\/a>\n\t\t\t\t\t\t\t\t<\/div>\n\t\t\t\t<div class=\"elementor-element elementor-element-457cb6b elementor-widget elementor-widget-button\" data-id=\"457cb6b\" data-element_type=\"widget\" data-e-type=\"widget\" data-widget_type=\"button.default\">\n\t\t\t\t\t\t\t\t\t\t<a class=\"elementor-button elementor-button-link elementor-size-sm\" href=\"https:\/\/medicaltravel.at\/tr\/dis-seyahati\/dis-klinikleri\/manavgat-sidede-dis-hekimi\/\">\n\t\t\t\t\t\t<span class=\"elementor-button-content-wrapper\">\n\t\t\t\t\t\t\t\t\t<span class=\"elementor-button-text\">Manavgat<\/span>\n\t\t\t\t\t<\/span>\n\t\t\t\t\t<\/a>\n\t\t\t\t\t\t\t\t<\/div>\n\t\t\t\t<div class=\"elementor-element elementor-element-e54c9e0 elementor-widget elementor-widget-button\" data-id=\"e54c9e0\" data-element_type=\"widget\" data-e-type=\"widget\" data-widget_type=\"button.default\">\n\t\t\t\t\t\t\t\t\t\t<a class=\"elementor-button elementor-button-link elementor-size-sm\" href=\"https:\/\/medicaltravel.at\/tr\/dis-seyahati\/dis-klinikleri\/kayseri-kapadokya-dentalklinigi-hospitadent\/\">\n\t\t\t\t\t\t<span class=\"elementor-button-content-wrapper\">\n\t\t\t\t\t\t\t\t\t<span class=\"elementor-button-text\">Kayseri<\/span>\n\t\t\t\t\t<\/span>\n\t\t\t\t\t<\/a>\n\t\t\t\t\t\t\t\t<\/div>\n\t\t\t\t<div class=\"elementor-element elementor-element-00b3174 elementor-widget elementor-widget-button\" data-id=\"00b3174\" data-element_type=\"widget\" data-e-type=\"widget\" data-widget_type=\"button.default\">\n\t\t\t\t\t\t\t\t\t\t<a class=\"elementor-button elementor-button-link elementor-size-sm\" href=\"https:\/\/medicaltravel.at\/tr\/dis-seyahati\/dis-klinikleri\/dentalklinik-alanya-dis-hekimi-dis-klinigi-dis-tedavisi\/\">\n\t\t\t\t\t\t<span class=\"elementor-button-content-wrapper\">\n\t\t\t\t\t\t\t\t\t<span class=\"elementor-button-text\">Alanya<\/span>\n\t\t\t\t\t<\/span>\n\t\t\t\t\t<\/a>\n\t\t\t\t\t\t\t\t<\/div>\n\t\t\t\t<div class=\"elementor-element elementor-element-3e5259b elementor-widget elementor-widget-button\" data-id=\"3e5259b\" data-element_type=\"widget\" data-e-type=\"widget\" data-widget_type=\"button.default\">\n\t\t\t\t\t\t\t\t\t\t<a class=\"elementor-button elementor-button-link elementor-size-sm\" href=\"https:\/\/medicaltravel.at\/tr\/dis-seyahati\/dis-klinikleri\/bodrum-dis-klinigi-dis-hekimi-dis-klinigi-dis-tedavisi\/\">\n\t\t\t\t\t\t<span class=\"elementor-button-content-wrapper\">\n\t\t\t\t\t\t\t\t\t<span class=\"elementor-button-text\">Bodrum<\/span>\n\t\t\t\t\t<\/span>\n\t\t\t\t\t<\/a>\n\t\t\t\t\t\t\t\t<\/div>\n\t\t\t\t<\/div>\n\t\t\t\t<div class=\"elementor-element elementor-element-1ebcaa12 elementor-widget elementor-widget-text-editor\" data-id=\"1ebcaa12\" data-element_type=\"widget\" data-e-type=\"widget\" data-widget_type=\"text-editor.default\">\n\t\t\t\t\t\t\t\t\t\n<h2 class=\"wp-block-heading\">S\u0130DE&#8217;DE D\u0130\u015e KL\u0130N\u0130\u011e\u0130<\/h2>\n\n<h2 class=\"wp-block-heading\">MANVAGAT&#8217;TA D\u0130\u015e HEK\u0130M\u0130 &#8211; S\u0130DE<\/h2>\n\n<p>Veske Di\u015f Klini\u011fine Ho\u015f Geldiniz<\/p>\n\n<p>G\u00fcl\u00fc\u015f\u00fcn\u00fcz\u00fcn ne kadar etkileyici olabilece\u011fini ya\u015fay\u0131n. Antalya\u2019daki Veske Di\u015f Klini\u011fi\u2019nde profesyonel bir tedavi ile bu m\u00fcmk\u00fcn olur. M\u00fckemmel bir g\u00fcl\u00fc\u015f hayalinizi ger\u00e7ekle\u015ftirir ve Antalya\u2019daki \u00f6zel klinik hizmetlerini \u0130svi\u00e7re, Almanya veya Avusturya\u2019ya g\u00f6re %70\u2019e varan daha uygun fiyatlarla al\u0131rs\u0131n\u0131z. \u00dcstelik kalite en az di\u011fer \u00fclkelerdeki kadar y\u00fcksek!   <\/p>\n\n<p>Klinik, Manavgat \u015fehir merkezinde (Side\u2019ye yak\u0131n) bulunuyor, bu y\u00fczden her yerden kolayca ula\u015f\u0131labilir. Tedavinizi Antalya\u2019da tatil ile de birle\u015ftirebilirsiniz. <\/p>\n\n<p>Di\u015f hekimi Dr. Serdal Veske, A\u011f\u0131z Cerrahisi ve \u0130mplantoloji uzman\u0131, Veske Di\u015f Klini\u011fi\u2019ni 2011 y\u0131l\u0131nda e\u015fi Dr. P\u0131nar \u015eahin Veske ile birlikte Manavgat\/Antalya\/T\u00fcrkiye\u2019de kurdu. Dr. P\u0131nar \u015eahin Veske, Ortodonti (\u00c7ene ve Di\u015f D\u00fczeltme) uzman\u0131d\u0131r.<\/p>\n\n<p>Her ikisi de, fiziksel engelli hastalar i\u00e7in uygun \u015fekilde donat\u0131lm\u0131\u015f olan klini\u011fi y\u00f6netmektedir.<\/p>\n\n<p>En yeni cihazlarla donat\u0131lm\u0131\u015f tedavi odalar\u0131yla klinik, hastalar\u0131na di\u015f hekimli\u011findeki g\u00fcncel bilgiler do\u011frultusunda en iyi tedavi olanaklar\u0131n\u0131 sunmaktad\u0131r.<\/p>\n\n<p>Her t\u00fcrl\u00fc di\u015f tedavisi A\u2019dan Z\u2019ye sunulmaktad\u0131r; bunlar aras\u0131nda di\u015f implantlar\u0131, di\u015f kronlar\u0131\/di\u015f k\u00f6pr\u00fcleri, inlay\/onlay, kanal tedavisi, veneer ve di\u015f beyazlatma yer almaktad\u0131r.<\/p>\n\n<p>Klinikte T\u00fcrk\u00e7e, Almanca, \u0130ngilizce, Arap\u00e7a ve Rus\u00e7a konu\u015fulmaktad\u0131r. L\u00fctfen kendinizi evinizdeymi\u015f gibi hissedin! <\/p>\n\n<p>T\u00fcm hastalar\u0131m\u0131z\u0131n sa\u011fl\u0131kl\u0131 di\u015flere ve parlak bir g\u00fcl\u00fc\u015fe sahip olarak klinikten memnun ayr\u0131lmalar\u0131n\u0131 istiyoruz.<\/p>\n\n<p>\u015eimdi bizimle <a href=\"mailto:info@medicaltravel.net\">e-posta<\/a> veya <a href=\"https:\/\/web.whatsapp.com\/send?phone=41%2078%20737%2035%2041&amp;text=&amp;source=&amp;data=\" target=\"_blank\" rel=\"noreferrer noopener\">WhatsApp<\/a> \u00fczerinden ileti\u015fime ge\u00e7ebilir ya da 078 7373541 numaras\u0131n\u0131 arayabilirsiniz. Sizi bekliyoruz. <\/p>\n\n<figure class=\"wp-block-image size-full\"><img fetchpriority=\"high\" decoding=\"async\" width=\"300\" height=\"300\" class=\"wp-image-1575\" src=\"https:\/\/medicaltravel.at\/wp-content\/uploads\/2025\/09\/Dis-Doktorumuz-Pinar-Veske.jpg\" alt=\"\" srcset=\"https:\/\/medicaltravel.at\/wp-content\/uploads\/2025\/09\/Dis-Doktorumuz-Pinar-Veske.jpg 300w, https:\/\/medicaltravel.at\/wp-content\/uploads\/2025\/09\/Dis-Doktorumuz-Pinar-Veske-150x150.jpg 150w\" sizes=\"(max-width: 300px) 100vw, 300px\" \/><\/figure>\n\n<p id=\"caption-attachment-2372\">Side\u2011Manavgat\u2019taki En \u0130yi Di\u015f Hekimleri<\/p>\n\n<figure class=\"wp-block-image size-full\"><img decoding=\"async\" width=\"300\" height=\"200\" class=\"wp-image-1576\" src=\"https:\/\/medicaltravel.at\/wp-content\/uploads\/2025\/09\/Die-Klinik-Veske-Manavgat-von-Draussen-300x200-1.jpg\" alt=\"\"><\/figure>\n\n<p id=\"caption-attachment-2370\">Side\u2011Manavgat\u2019taki En \u0130yi Di\u015f Klini\u011fi<\/p>\n\n<figure class=\"wp-block-image size-full\"><img decoding=\"async\" width=\"300\" height=\"200\" class=\"wp-image-1577\" src=\"https:\/\/medicaltravel.at\/wp-content\/uploads\/2025\/09\/Die-Zahnklinik-von-Ihnen-in-Side-300x200-1.jpg\" alt=\"\"><\/figure>\n\n<p id=\"caption-attachment-2371\">Side\u2011Manavgat\u2019taki En \u0130yi Dentalklinik<\/p>\n\t\t\t\t\t\t\t\t<\/div>\n\t\t\t\t\t<\/div>\n\t\t\t\t<\/div>\n\t\t\t\t<\/div>\n\t\t","protected":false},"excerpt":{"rendered":"<p>\u0130stanbul Antalya Ku\u015fadas\u0131 \u0130zmir Manavgat Kayseri Alanya Bodrum S\u0130DE&#8217;DE D\u0130\u015e KL\u0130N\u0130\u011e\u0130 MANVAGAT&#8217;TA D\u0130\u015e HEK\u0130M\u0130 &#8211; S\u0130DE Veske Di\u015f Klini\u011fine Ho\u015f Geldiniz G\u00fcl\u00fc\u015f\u00fcn\u00fcz\u00fcn ne kadar etkileyici olabilece\u011fini ya\u015fay\u0131n. Antalya\u2019daki Veske Di\u015f Klini\u011fi\u2019nde profesyonel bir tedavi ile bu m\u00fcmk\u00fcn olur. M\u00fckemmel bir g\u00fcl\u00fc\u015f hayalinizi ger\u00e7ekle\u015ftirir ve Antalya\u2019daki \u00f6zel klinik hizmetlerini \u0130svi\u00e7re, Almanya veya Avusturya\u2019ya g\u00f6re %70\u2019e varan daha uygun fiyatlarla al\u0131rs\u0131n\u0131z. \u00dcstelik kalite en az di\u011fer \u00fclkelerdeki kadar y\u00fcksek! Klinik, Manavgat \u015fehir merkezinde (Side\u2019ye yak\u0131n) bulunuyor, bu y\u00fczden her yerden kolayca ula\u015f\u0131labilir. Tedavinizi Antalya\u2019da tatil ile de birle\u015ftirebilirsiniz. Di\u015f hekimi Dr. Serdal Veske, A\u011f\u0131z Cerrahisi ve \u0130mplantoloji uzman\u0131, Veske Di\u015f Klini\u011fi\u2019ni 2011 y\u0131l\u0131nda e\u015fi Dr. P\u0131nar \u015eahin Veske ile birlikte Manavgat\/Antalya\/T\u00fcrkiye\u2019de kurdu. Dr. P\u0131nar \u015eahin Veske, Ortodonti (\u00c7ene ve Di\u015f D\u00fczeltme) uzman\u0131d\u0131r. Her ikisi de, fiziksel engelli hastalar i\u00e7in uygun \u015fekilde donat\u0131lm\u0131\u015f olan klini\u011fi y\u00f6netmektedir. En yeni cihazlarla donat\u0131lm\u0131\u015f tedavi odalar\u0131yla klinik, hastalar\u0131na di\u015f hekimli\u011findeki g\u00fcncel bilgiler do\u011frultusunda en iyi tedavi olanaklar\u0131n\u0131 sunmaktad\u0131r. Her t\u00fcrl\u00fc di\u015f tedavisi A\u2019dan Z\u2019ye sunulmaktad\u0131r; bunlar aras\u0131nda di\u015f implantlar\u0131, di\u015f kronlar\u0131\/di\u015f k\u00f6pr\u00fcleri, inlay\/onlay, kanal tedavisi, veneer ve di\u015f beyazlatma yer almaktad\u0131r. Klinikte T\u00fcrk\u00e7e, Almanca, \u0130ngilizce, Arap\u00e7a ve Rus\u00e7a konu\u015fulmaktad\u0131r. L\u00fctfen kendinizi evinizdeymi\u015f gibi hissedin! T\u00fcm hastalar\u0131m\u0131z\u0131n sa\u011fl\u0131kl\u0131 di\u015flere ve parlak bir g\u00fcl\u00fc\u015fe sahip olarak klinikten memnun ayr\u0131lmalar\u0131n\u0131 istiyoruz. \u015eimdi bizimle e-posta veya WhatsApp \u00fczerinden ileti\u015fime ge\u00e7ebilir ya da 078 7373541 numaras\u0131n\u0131 arayabilirsiniz. Sizi bekliyoruz. Side\u2011Manavgat\u2019taki En \u0130yi Di\u015f Hekimleri Side\u2011Manavgat\u2019taki En \u0130yi Di\u015f Klini\u011fi Side\u2011Manavgat\u2019taki En \u0130yi Dentalklinik<\/p>\n","protected":false},"author":4,"featured_media":0,"parent":4883,"menu_order":0,"comment_status":"closed","ping_status":"closed","template":"","meta":{"_joinchat":[],"footnotes":""},"class_list":["post-4908","page","type-page","status-publish","hentry"],"acf":[],"_links":{"self":[{"href":"https:\/\/medicaltravel.at\/tr\/wp-json\/wp\/v2\/pages\/4908","targetHints":{"allow":["GET"]}}],"collection":[{"href":"https:\/\/medicaltravel.at\/tr\/wp-json\/wp\/v2\/pages"}],"about":[{"href":"https:\/\/medicaltravel.at\/tr\/wp-json\/wp\/v2\/types\/page"}],"author":[{"embeddable":true,"href":"https:\/\/medicaltravel.at\/tr\/wp-json\/wp\/v2\/users\/4"}],"replies":[{"embeddable":true,"href":"https:\/\/medicaltravel.at\/tr\/wp-json\/wp\/v2\/comments?post=4908"}],"version-history":[{"count":9,"href":"https:\/\/medicaltravel.at\/tr\/wp-json\/wp\/v2\/pages\/4908\/revisions"}],"predecessor-version":[{"id":5442,"href":"https:\/\/medicaltravel.at\/tr\/wp-json\/wp\/v2\/pages\/4908\/revisions\/5442"}],"up":[{"embeddable":true,"href":"https:\/\/medicaltravel.at\/tr\/wp-json\/wp\/v2\/pages\/4883"}],"wp:attachment":[{"href":"https:\/\/medicaltravel.at\/tr\/wp-json\/wp\/v2\/media?parent=4908"}],"curies":[{"name":"wp","href":"https:\/\/api.w.org\/{rel}","templated":true}]}}