{"id":4898,"date":"2025-09-27T15:30:14","date_gmt":"2025-09-27T14:30:14","guid":{"rendered":"https:\/\/medicaltravel.at\/dis-seyahati\/dis-klinikleri\/izmirde-dis-hekimi\/"},"modified":"2026-01-04T18:34:55","modified_gmt":"2026-01-04T17:34:55","slug":"izmirde-dis-hekimi","status":"publish","type":"page","link":"https:\/\/medicaltravel.at\/tr\/dis-seyahati\/dis-klinikleri\/izmirde-dis-hekimi\/","title":{"rendered":"\u0130zmir\u2019de Di\u015f Hekimi"},"content":{"rendered":"\t\t<div data-elementor-type=\"wp-page\" data-elementor-id=\"4898\" class=\"elementor elementor-4898 elementor-893\" data-elementor-post-type=\"page\">\n\t\t\t\t<div class=\"elementor-element elementor-element-df7a8db e-flex e-con-boxed wpr-particle-no wpr-jarallax-no wpr-parallax-no wpr-sticky-section-no e-con e-parent\" data-id=\"df7a8db\" data-element_type=\"container\" data-e-type=\"container\">\n\t\t\t\t\t<div class=\"e-con-inner\">\n\t\t<div class=\"elementor-element elementor-element-586e535 e-con-full e-flex wpr-particle-no wpr-jarallax-no wpr-parallax-no wpr-sticky-section-no e-con e-child\" data-id=\"586e535\" data-element_type=\"container\" data-e-type=\"container\">\n\t\t\t\t<div class=\"elementor-element elementor-element-d79a47f elementor-widget elementor-widget-button\" data-id=\"d79a47f\" data-element_type=\"widget\" data-e-type=\"widget\" data-widget_type=\"button.default\">\n\t\t\t\t\t\t\t\t\t\t<a class=\"elementor-button elementor-button-link elementor-size-sm\" href=\"https:\/\/medicaltravel.at\/tr\/dis-seyahati\/dis-klinikleri\/istanbuldaki-hospitadent-dis-klinigi\/\">\n\t\t\t\t\t\t<span class=\"elementor-button-content-wrapper\">\n\t\t\t\t\t\t\t\t\t<span class=\"elementor-button-text\">\u0130stanbul<\/span>\n\t\t\t\t\t<\/span>\n\t\t\t\t\t<\/a>\n\t\t\t\t\t\t\t\t<\/div>\n\t\t\t\t<div class=\"elementor-element elementor-element-970cc03 elementor-widget elementor-widget-button\" data-id=\"970cc03\" data-element_type=\"widget\" data-e-type=\"widget\" data-widget_type=\"button.default\">\n\t\t\t\t\t\t\t\t\t\t<a class=\"elementor-button elementor-button-link elementor-size-sm\" href=\"https:\/\/medicaltravel.at\/tr\/dis-seyahati\/dis-klinikleri\/antalyadaki-dis-klinigi\/\">\n\t\t\t\t\t\t<span class=\"elementor-button-content-wrapper\">\n\t\t\t\t\t\t\t\t\t<span class=\"elementor-button-text\">Antalya<\/span>\n\t\t\t\t\t<\/span>\n\t\t\t\t\t<\/a>\n\t\t\t\t\t\t\t\t<\/div>\n\t\t\t\t<div class=\"elementor-element elementor-element-a7efffc elementor-widget elementor-widget-button\" data-id=\"a7efffc\" data-element_type=\"widget\" data-e-type=\"widget\" data-widget_type=\"button.default\">\n\t\t\t\t\t\t\t\t\t\t<a class=\"elementor-button elementor-button-link elementor-size-sm\" href=\"https:\/\/medicaltravel.at\/tr\/dis-seyahati\/dis-klinikleri\/kusadasindaki-dis-klinigi\/\">\n\t\t\t\t\t\t<span class=\"elementor-button-content-wrapper\">\n\t\t\t\t\t\t\t\t\t<span class=\"elementor-button-text\">Ku\u015fadas\u0131<\/span>\n\t\t\t\t\t<\/span>\n\t\t\t\t\t<\/a>\n\t\t\t\t\t\t\t\t<\/div>\n\t\t\t\t<div class=\"elementor-element elementor-element-6c077ab elementor-widget elementor-widget-button\" data-id=\"6c077ab\" data-element_type=\"widget\" data-e-type=\"widget\" data-widget_type=\"button.default\">\n\t\t\t\t\t\t\t\t\t\t<a class=\"elementor-button elementor-button-link elementor-size-sm\" href=\"https:\/\/medicaltravel.at\/tr\/dis-seyahati\/dis-klinikleri\/izmirde-dis-hekimi\/\">\n\t\t\t\t\t\t<span class=\"elementor-button-content-wrapper\">\n\t\t\t\t\t\t\t\t\t<span class=\"elementor-button-text\">\u0130zmir<\/span>\n\t\t\t\t\t<\/span>\n\t\t\t\t\t<\/a>\n\t\t\t\t\t\t\t\t<\/div>\n\t\t\t\t<div class=\"elementor-element elementor-element-9d852ca elementor-widget elementor-widget-button\" data-id=\"9d852ca\" data-element_type=\"widget\" data-e-type=\"widget\" data-widget_type=\"button.default\">\n\t\t\t\t\t\t\t\t\t\t<a class=\"elementor-button elementor-button-link elementor-size-sm\" href=\"https:\/\/medicaltravel.at\/tr\/dis-seyahati\/dis-klinikleri\/manavgat-sidede-dis-hekimi\/\">\n\t\t\t\t\t\t<span class=\"elementor-button-content-wrapper\">\n\t\t\t\t\t\t\t\t\t<span class=\"elementor-button-text\">Manavgat<\/span>\n\t\t\t\t\t<\/span>\n\t\t\t\t\t<\/a>\n\t\t\t\t\t\t\t\t<\/div>\n\t\t\t\t<div class=\"elementor-element elementor-element-bb46a69 elementor-widget elementor-widget-button\" data-id=\"bb46a69\" data-element_type=\"widget\" data-e-type=\"widget\" data-widget_type=\"button.default\">\n\t\t\t\t\t\t\t\t\t\t<a class=\"elementor-button elementor-button-link elementor-size-sm\" href=\"https:\/\/medicaltravel.at\/tr\/dis-seyahati\/dis-klinikleri\/kayseri-kapadokya-dentalklinigi-hospitadent\/\">\n\t\t\t\t\t\t<span class=\"elementor-button-content-wrapper\">\n\t\t\t\t\t\t\t\t\t<span class=\"elementor-button-text\">Kayseri<\/span>\n\t\t\t\t\t<\/span>\n\t\t\t\t\t<\/a>\n\t\t\t\t\t\t\t\t<\/div>\n\t\t\t\t<div class=\"elementor-element elementor-element-1471946 elementor-widget elementor-widget-button\" data-id=\"1471946\" data-element_type=\"widget\" data-e-type=\"widget\" data-widget_type=\"button.default\">\n\t\t\t\t\t\t\t\t\t\t<a class=\"elementor-button elementor-button-link elementor-size-sm\" href=\"https:\/\/medicaltravel.at\/tr\/dis-seyahati\/dis-klinikleri\/dentalklinik-alanya-dis-hekimi-dis-klinigi-dis-tedavisi\/\">\n\t\t\t\t\t\t<span class=\"elementor-button-content-wrapper\">\n\t\t\t\t\t\t\t\t\t<span class=\"elementor-button-text\">Alanya<\/span>\n\t\t\t\t\t<\/span>\n\t\t\t\t\t<\/a>\n\t\t\t\t\t\t\t\t<\/div>\n\t\t\t\t<div class=\"elementor-element elementor-element-2cd8090 elementor-widget elementor-widget-button\" data-id=\"2cd8090\" data-element_type=\"widget\" data-e-type=\"widget\" data-widget_type=\"button.default\">\n\t\t\t\t\t\t\t\t\t\t<a class=\"elementor-button elementor-button-link elementor-size-sm\" href=\"https:\/\/medicaltravel.at\/tr\/dis-seyahati\/dis-klinikleri\/bodrum-dis-klinigi-dis-hekimi-dis-klinigi-dis-tedavisi\/\">\n\t\t\t\t\t\t<span class=\"elementor-button-content-wrapper\">\n\t\t\t\t\t\t\t\t\t<span class=\"elementor-button-text\">Bodrum<\/span>\n\t\t\t\t\t<\/span>\n\t\t\t\t\t<\/a>\n\t\t\t\t\t\t\t\t<\/div>\n\t\t\t\t<\/div>\n\t\t\t\t<div class=\"elementor-element elementor-element-1f4e14b9 elementor-widget elementor-widget-text-editor\" data-id=\"1f4e14b9\" data-element_type=\"widget\" data-e-type=\"widget\" data-widget_type=\"text-editor.default\">\n\t\t\t\t\t\t\t\t\t\n<h2 class=\"wp-block-heading\">D\u0130\u015e PROTEZ\u0130 \u2013 \u0130ZM\u0130R\u2019DE D\u0130\u015e POL\u0130KL\u0130N\u0130\u011e\u0130<\/h2>\n\n<h3 class=\"wp-block-heading\">\u0130ZM\u0130R\u2019DE D\u0130\u015e KL\u0130N\u0130\u011e\u0130<\/h3>\n\n<p>G\u00fcl\u00fcmsemenizin ne kadar etkileyici olabilece\u011fini deneyimleyin. <strong>\u0130zmir\u2019deki di\u015f klini\u011finde profesyonel bir di\u015f tedavisi<\/strong> ile bu m\u00fcmk\u00fcn olur. M\u00fckemmel g\u00fcl\u00fcmseme iste\u011finizi ger\u00e7ekle\u015ftirin ve <a href=\"https:\/\/medicaltravel.at\/tr\/neden-tuerkiye\/tuerkiyenin-sehirleri\/bir-sehir-olarak-izmir\/\" data-type=\"page\" data-id=\"795\">\u0130zmir\u2019<\/a>deki \u00f6zel klinik hizmetlerini \u0130svi\u00e7re, Almanya veya Avusturya\u2019ya g\u00f6re %70\u2019e varan daha uygun fiyata al\u0131n. Ve en az\u0131ndan ayn\u0131 kalitede!   <\/p>\n\n<p>Klinik \u0130zmir \u015fehir merkezinde bulunuyor, bu y\u00fczden her yerden kolayca ula\u015f\u0131labilir. Tedavinizi \u0130zmir\u2019de tatil ile de birle\u015ftirebilirsiniz. <\/p>\n\n<p>CTG Di\u015f Klini\u011fi \u0130zmir\u2019e girdi\u011finiz anda, buran\u0131n \u00f6zel bir klinik oldu\u011funu fark edeceksiniz. Klinik en y\u00fcksek hijyen kurallar\u0131na uymaktad\u0131r. <\/p>\n\n<p>Bizde, kendi uzman doktorlar\u0131m\u0131z\u0131n deneyimli ellerine giriyorsunuz. MedicalTravel olarak, size \u0130zmir\u2019de en iyi tedaviyi sunmay\u0131 hedefliyoruz. <\/p>\n\n<p>Almanca konu\u015fan dan\u0131\u015fmanlar, klinikte her zaman yan\u0131n\u0131zda olacak ve t\u00fcm tedavi s\u00fcrecinde size keyifle e\u015flik edecek. T\u00fcm bunlar ve \u00e7ok daha fazlas\u0131, \u0130zmir\u2019deki e\u015fsiz ve profesyonel di\u015f klini\u011finde sizi bekliyor. Bu y\u00fczden kendinizi evinizdeymi\u015f gibi hissedeceksiniz.  <\/p>\n\n<figure class=\"wp-block-image size-full\"><img fetchpriority=\"high\" decoding=\"async\" width=\"1000\" height=\"647\" class=\"wp-image-1573\" src=\"https:\/\/medicaltravel.at\/wp-content\/uploads\/2025\/09\/csm_Waiting_Area_04018249ed.jpg\" alt=\"\" srcset=\"https:\/\/medicaltravel.at\/wp-content\/uploads\/2025\/09\/csm_Waiting_Area_04018249ed.jpg 1000w, https:\/\/medicaltravel.at\/wp-content\/uploads\/2025\/09\/csm_Waiting_Area_04018249ed-300x194.jpg 300w, https:\/\/medicaltravel.at\/wp-content\/uploads\/2025\/09\/csm_Waiting_Area_04018249ed-768x497.jpg 768w\" sizes=\"(max-width: 1000px) 100vw, 1000px\" \/><\/figure>\n\t\t\t\t\t\t\t\t<\/div>\n\t\t\t\t\t<\/div>\n\t\t\t\t<\/div>\n\t\t\t\t<\/div>\n\t\t","protected":false},"excerpt":{"rendered":"<p>\u0130stanbul Antalya Ku\u015fadas\u0131 \u0130zmir Manavgat Kayseri Alanya Bodrum D\u0130\u015e PROTEZ\u0130 \u2013 \u0130ZM\u0130R\u2019DE D\u0130\u015e POL\u0130KL\u0130N\u0130\u011e\u0130 \u0130ZM\u0130R\u2019DE D\u0130\u015e KL\u0130N\u0130\u011e\u0130 G\u00fcl\u00fcmsemenizin ne kadar etkileyici olabilece\u011fini deneyimleyin. \u0130zmir\u2019deki di\u015f klini\u011finde profesyonel bir di\u015f tedavisi ile bu m\u00fcmk\u00fcn olur. M\u00fckemmel g\u00fcl\u00fcmseme iste\u011finizi ger\u00e7ekle\u015ftirin ve \u0130zmir\u2019deki \u00f6zel klinik hizmetlerini \u0130svi\u00e7re, Almanya veya Avusturya\u2019ya g\u00f6re %70\u2019e varan daha uygun fiyata al\u0131n. Ve en az\u0131ndan ayn\u0131 kalitede! Klinik \u0130zmir \u015fehir merkezinde bulunuyor, bu y\u00fczden her yerden kolayca ula\u015f\u0131labilir. Tedavinizi \u0130zmir\u2019de tatil ile de birle\u015ftirebilirsiniz. CTG Di\u015f Klini\u011fi \u0130zmir\u2019e girdi\u011finiz anda, buran\u0131n \u00f6zel bir klinik oldu\u011funu fark edeceksiniz. Klinik en y\u00fcksek hijyen kurallar\u0131na uymaktad\u0131r. Bizde, kendi uzman doktorlar\u0131m\u0131z\u0131n deneyimli ellerine giriyorsunuz. MedicalTravel olarak, size \u0130zmir\u2019de en iyi tedaviyi sunmay\u0131 hedefliyoruz. Almanca konu\u015fan dan\u0131\u015fmanlar, klinikte her zaman yan\u0131n\u0131zda olacak ve t\u00fcm tedavi s\u00fcrecinde size keyifle e\u015flik edecek. T\u00fcm bunlar ve \u00e7ok daha fazlas\u0131, \u0130zmir\u2019deki e\u015fsiz ve profesyonel di\u015f klini\u011finde sizi bekliyor. Bu y\u00fczden kendinizi evinizdeymi\u015f gibi hissedeceksiniz.<\/p>\n","protected":false},"author":4,"featured_media":0,"parent":4883,"menu_order":0,"comment_status":"closed","ping_status":"closed","template":"","meta":{"_joinchat":[],"footnotes":""},"class_list":["post-4898","page","type-page","status-publish","hentry"],"acf":[],"_links":{"self":[{"href":"https:\/\/medicaltravel.at\/tr\/wp-json\/wp\/v2\/pages\/4898","targetHints":{"allow":["GET"]}}],"collection":[{"href":"https:\/\/medicaltravel.at\/tr\/wp-json\/wp\/v2\/pages"}],"about":[{"href":"https:\/\/medicaltravel.at\/tr\/wp-json\/wp\/v2\/types\/page"}],"author":[{"embeddable":true,"href":"https:\/\/medicaltravel.at\/tr\/wp-json\/wp\/v2\/users\/4"}],"replies":[{"embeddable":true,"href":"https:\/\/medicaltravel.at\/tr\/wp-json\/wp\/v2\/comments?post=4898"}],"version-history":[{"count":9,"href":"https:\/\/medicaltravel.at\/tr\/wp-json\/wp\/v2\/pages\/4898\/revisions"}],"predecessor-version":[{"id":5446,"href":"https:\/\/medicaltravel.at\/tr\/wp-json\/wp\/v2\/pages\/4898\/revisions\/5446"}],"up":[{"embeddable":true,"href":"https:\/\/medicaltravel.at\/tr\/wp-json\/wp\/v2\/pages\/4883"}],"wp:attachment":[{"href":"https:\/\/medicaltravel.at\/tr\/wp-json\/wp\/v2\/media?parent=4898"}],"curies":[{"name":"wp","href":"https:\/\/api.w.org\/{rel}","templated":true}]}}