{"id":4890,"date":"2025-09-28T18:35:48","date_gmt":"2025-09-28T17:35:48","guid":{"rendered":"https:\/\/medicaltravel.at\/dis-seyahati\/dis-klinikleri\/kayseri-kapadokya-dentalklinigi-hospitadent\/"},"modified":"2026-01-02T17:00:23","modified_gmt":"2026-01-02T16:00:23","slug":"kayseri-kapadokya-dentalklinigi-hospitadent","status":"publish","type":"page","link":"https:\/\/medicaltravel.at\/tr\/dis-seyahati\/dis-klinikleri\/kayseri-kapadokya-dentalklinigi-hospitadent\/","title":{"rendered":"Kayseri Kapadokya Dentalklini\u011fi Hospitadent"},"content":{"rendered":"\t\t<div data-elementor-type=\"wp-page\" data-elementor-id=\"4890\" class=\"elementor elementor-4890 elementor-1579\" data-elementor-post-type=\"page\">\n\t\t\t\t<div class=\"elementor-element elementor-element-7fea7a3e e-flex e-con-boxed wpr-particle-no wpr-jarallax-no wpr-parallax-no wpr-sticky-section-no e-con e-parent\" data-id=\"7fea7a3e\" data-element_type=\"container\" data-e-type=\"container\">\n\t\t\t\t\t<div class=\"e-con-inner\">\n\t\t<div class=\"elementor-element elementor-element-8e75d0a e-con-full e-flex wpr-particle-no wpr-jarallax-no wpr-parallax-no wpr-sticky-section-no e-con e-child\" data-id=\"8e75d0a\" data-element_type=\"container\" data-e-type=\"container\">\n\t\t\t\t<div class=\"elementor-element elementor-element-f8aeb31 elementor-widget elementor-widget-button\" data-id=\"f8aeb31\" data-element_type=\"widget\" data-e-type=\"widget\" data-widget_type=\"button.default\">\n\t\t\t\t\t\t\t\t\t\t<a class=\"elementor-button elementor-button-link elementor-size-sm\" href=\"https:\/\/medicaltravel.at\/zahnimplantate\/zahnkliniken\/hospitadent-zahnklinik\/\">\n\t\t\t\t\t\t<span class=\"elementor-button-content-wrapper\">\n\t\t\t\t\t\t\t\t\t<span class=\"elementor-button-text\">\u0130stanbul<\/span>\n\t\t\t\t\t<\/span>\n\t\t\t\t\t<\/a>\n\t\t\t\t\t\t\t\t<\/div>\n\t\t\t\t<div class=\"elementor-element elementor-element-5700d04 elementor-widget elementor-widget-button\" data-id=\"5700d04\" data-element_type=\"widget\" data-e-type=\"widget\" data-widget_type=\"button.default\">\n\t\t\t\t\t\t\t\t\t\t<a class=\"elementor-button elementor-button-link elementor-size-sm\" href=\"https:\/\/medicaltravel.at\/zahnimplantate\/zahnkliniken\/zahnklinik-in-antalya\/\">\n\t\t\t\t\t\t<span class=\"elementor-button-content-wrapper\">\n\t\t\t\t\t\t\t\t\t<span class=\"elementor-button-text\">Antalya<\/span>\n\t\t\t\t\t<\/span>\n\t\t\t\t\t<\/a>\n\t\t\t\t\t\t\t\t<\/div>\n\t\t\t\t<div class=\"elementor-element elementor-element-9183b27 elementor-widget elementor-widget-button\" data-id=\"9183b27\" data-element_type=\"widget\" data-e-type=\"widget\" data-widget_type=\"button.default\">\n\t\t\t\t\t\t\t\t\t\t<a class=\"elementor-button elementor-button-link elementor-size-sm\" href=\"https:\/\/medicaltravel.at\/zahnimplantate\/zahnkliniken\/zahnklinik-in-kusadasi\/\">\n\t\t\t\t\t\t<span class=\"elementor-button-content-wrapper\">\n\t\t\t\t\t\t\t\t\t<span class=\"elementor-button-text\">Ku\u015fadas\u0131<\/span>\n\t\t\t\t\t<\/span>\n\t\t\t\t\t<\/a>\n\t\t\t\t\t\t\t\t<\/div>\n\t\t\t\t<div class=\"elementor-element elementor-element-298eafd elementor-widget elementor-widget-button\" data-id=\"298eafd\" data-element_type=\"widget\" data-e-type=\"widget\" data-widget_type=\"button.default\">\n\t\t\t\t\t\t\t\t\t\t<a class=\"elementor-button elementor-button-link elementor-size-sm\" href=\"https:\/\/medicaltravel.at\/zahnimplantate\/zahnkliniken\/zahnarzt-in-izmir\/\">\n\t\t\t\t\t\t<span class=\"elementor-button-content-wrapper\">\n\t\t\t\t\t\t\t\t\t<span class=\"elementor-button-text\">\u0130zmir<\/span>\n\t\t\t\t\t<\/span>\n\t\t\t\t\t<\/a>\n\t\t\t\t\t\t\t\t<\/div>\n\t\t\t\t<div class=\"elementor-element elementor-element-70c0579 elementor-widget elementor-widget-button\" data-id=\"70c0579\" data-element_type=\"widget\" data-e-type=\"widget\" data-widget_type=\"button.default\">\n\t\t\t\t\t\t\t\t\t\t<a class=\"elementor-button elementor-button-link elementor-size-sm\" href=\"https:\/\/medicaltravel.at\/zahnimplantate\/zahnkliniken\/zahnarzt-in-manavgat-side\/\">\n\t\t\t\t\t\t<span class=\"elementor-button-content-wrapper\">\n\t\t\t\t\t\t\t\t\t<span class=\"elementor-button-text\">Manavgat<\/span>\n\t\t\t\t\t<\/span>\n\t\t\t\t\t<\/a>\n\t\t\t\t\t\t\t\t<\/div>\n\t\t\t\t<div class=\"elementor-element elementor-element-9cde1b8 elementor-widget elementor-widget-button\" data-id=\"9cde1b8\" data-element_type=\"widget\" data-e-type=\"widget\" data-widget_type=\"button.default\">\n\t\t\t\t\t\t\t\t\t\t<a class=\"elementor-button elementor-button-link elementor-size-sm\" href=\"https:\/\/medicaltravel.at\/tr\/dis-seyahati\/dis-klinikleri\/kayseri-kapadokya-dentalklinigi-hospitadent\/\">\n\t\t\t\t\t\t<span class=\"elementor-button-content-wrapper\">\n\t\t\t\t\t\t\t\t\t<span class=\"elementor-button-text\">Kayseri<\/span>\n\t\t\t\t\t<\/span>\n\t\t\t\t\t<\/a>\n\t\t\t\t\t\t\t\t<\/div>\n\t\t\t\t<div class=\"elementor-element elementor-element-bfb0eca elementor-widget elementor-widget-button\" data-id=\"bfb0eca\" data-element_type=\"widget\" data-e-type=\"widget\" data-widget_type=\"button.default\">\n\t\t\t\t\t\t\t\t\t\t<a class=\"elementor-button elementor-button-link elementor-size-sm\" href=\"https:\/\/medicaltravel.at\/tr\/dis-seyahati\/dis-klinikleri\/dentalklinik-alanya-dis-hekimi-dis-klinigi-dis-tedavisi\/\">\n\t\t\t\t\t\t<span class=\"elementor-button-content-wrapper\">\n\t\t\t\t\t\t\t\t\t<span class=\"elementor-button-text\">Alanya<\/span>\n\t\t\t\t\t<\/span>\n\t\t\t\t\t<\/a>\n\t\t\t\t\t\t\t\t<\/div>\n\t\t\t\t<div class=\"elementor-element elementor-element-da1bcff elementor-widget elementor-widget-button\" data-id=\"da1bcff\" data-element_type=\"widget\" data-e-type=\"widget\" data-widget_type=\"button.default\">\n\t\t\t\t\t\t\t\t\t\t<a class=\"elementor-button elementor-button-link elementor-size-sm\" href=\"https:\/\/medicaltravel.at\/tr\/dis-seyahati\/dis-klinikleri\/bodrum-dis-klinigi-dis-hekimi-dis-klinigi-dis-tedavisi\/\">\n\t\t\t\t\t\t<span class=\"elementor-button-content-wrapper\">\n\t\t\t\t\t\t\t\t\t<span class=\"elementor-button-text\">Bodrum<\/span>\n\t\t\t\t\t<\/span>\n\t\t\t\t\t<\/a>\n\t\t\t\t\t\t\t\t<\/div>\n\t\t\t\t<\/div>\n\t\t\t\t<div class=\"elementor-element elementor-element-62705e8f elementor-widget elementor-widget-text-editor\" data-id=\"62705e8f\" data-element_type=\"widget\" data-e-type=\"widget\" data-widget_type=\"text-editor.default\">\n\t\t\t\t\t\t\t\t\t\n<h2 class=\"wp-block-heading\">\u0130stanbul Hospitadent Di\u015f Klini\u011fi<\/h2>\n\n<h2 class=\"wp-block-heading\"><strong>Kayseri-Kapadokya\u2019daki di\u015f klini\u011fi<\/strong><\/h2>\n\n<p><strong>Kayseri\u2019deki Hospitadent Di\u015f Klini\u011fi<\/strong>, en yeni cihazlar ve teknolojiye sahiptir. Klini\u011fin geni\u015f hizmet yelpazesi, hastalara \u00e7e\u015fitli tedavi se\u00e7enekleri sunmay\u0131 m\u00fcmk\u00fcn k\u0131lar. A\u011f\u0131z cerrahisi, implantlar, di\u015f kronlar\u0131 ve g\u00fcl\u00fc\u015f tasar\u0131m\u0131 konular\u0131nda deneyimi olan klinik, y\u00fcksek standartlarda ve kaliteli hizmet sunmak i\u00e7in hizmetinizdedir. <strong>Kapadokya b\u00f6lgesindeki bu di\u015f klini\u011finde<\/strong>, t\u00fcm di\u015f hekimli\u011fi alanlar\u0131nda uzman \u00e7ok iyi e\u011fitimli di\u015f hekimleri g\u00f6rev yapmakta ve bilimsel ile teknolojik geli\u015fmeleri yak\u0131ndan takip etmektedir.   <\/p>\n\n<figure class=\"wp-block-image size-full\"><img fetchpriority=\"high\" decoding=\"async\" width=\"768\" height=\"512\" class=\"wp-image-1582\" src=\"https:\/\/medicaltravel.at\/wp-content\/uploads\/2025\/09\/Kayseri5_klein-768x512-1.jpg\" alt=\"\" srcset=\"https:\/\/medicaltravel.at\/wp-content\/uploads\/2025\/09\/Kayseri5_klein-768x512-1.jpg 768w, https:\/\/medicaltravel.at\/wp-content\/uploads\/2025\/09\/Kayseri5_klein-768x512-1-300x200.jpg 300w\" sizes=\"(max-width: 768px) 100vw, 768px\" \/><\/figure>\n\n<p id=\"caption-attachment-7943\">Kapadokya\u2019daki Di\u015f Klini\u011fi<\/p>\n\n<figure class=\"wp-block-image size-full\"><img decoding=\"async\" width=\"683\" height=\"1024\" class=\"wp-image-1583\" src=\"https:\/\/medicaltravel.at\/wp-content\/uploads\/2025\/09\/Kayseri7_klein-683x1024-1.jpg\" alt=\"\" srcset=\"https:\/\/medicaltravel.at\/wp-content\/uploads\/2025\/09\/Kayseri7_klein-683x1024-1.jpg 683w, https:\/\/medicaltravel.at\/wp-content\/uploads\/2025\/09\/Kayseri7_klein-683x1024-1-200x300.jpg 200w\" sizes=\"(max-width: 683px) 100vw, 683px\" \/><\/figure>\n\n<p id=\"caption-attachment-7944\">Kayseri Dentalklini\u011fi<\/p>\n\n<figure class=\"wp-block-image size-full\"><img decoding=\"async\" width=\"768\" height=\"768\" class=\"wp-image-1585\" src=\"https:\/\/medicaltravel.at\/wp-content\/uploads\/2025\/09\/kappadokien-1-768x768-1.jpeg\" alt=\"\" srcset=\"https:\/\/medicaltravel.at\/wp-content\/uploads\/2025\/09\/kappadokien-1-768x768-1.jpeg 768w, https:\/\/medicaltravel.at\/wp-content\/uploads\/2025\/09\/kappadokien-1-768x768-1-300x300.jpeg 300w, https:\/\/medicaltravel.at\/wp-content\/uploads\/2025\/09\/kappadokien-1-768x768-1-150x150.jpeg 150w\" sizes=\"(max-width: 768px) 100vw, 768px\" \/><\/figure>\n\n<p id=\"caption-attachment-7595\">Kapadokya\u2019da tatilinizi tedavi ile birle\u015ftirin.<\/p>\n\n<p>Klinik, Kayseri \u015fehir merkezinde, Kapadokya\u2019ya \u00e7ok yak\u0131n konumda bulunuyor; burada e\u015fsiz manzaray\u0131 g\u00f6rebilirsiniz.<\/p>\n\n<p><strong>Kapadokya<\/strong>, Orta T\u00fcrkiye\u2019de yar\u0131 kurak bir b\u00f6lge olup \u201cPeri Bacalar\u0131\u201d ile \u00fcnl\u00fcd\u00fcr. Bu konik \u015fekilli kaya olu\u015fumlar\u0131, genellikle Rahipler Vadisi, G\u00f6reme ve di\u011fer b\u00f6lgelerde g\u00f6r\u00fcl\u00fcr. \u00d6nemli di\u011fer turistik yerler, Bronz \u00c7a\u011f\u0131\u2019ndan kalma ma\u011fara evlerdir; bu evler daha sonra erken Hristiyanlar i\u00e7in s\u0131\u011f\u0131nak olarak kullan\u0131lm\u0131\u015ft\u0131r. 100 metre derinli\u011findeki Ihlara Vadisi\u2019nde \u00e7ok say\u0131da kaya kilisesi bulunmaktad\u0131r.   <\/p>\n\n<p>Hospitadent, hastalar\u0131 i\u00e7in \u00f6zel olarak uluslararas\u0131 hasta b\u00f6l\u00fcm\u00fc olu\u015fturmu\u015ftur. Bu yeni b\u00f6l\u00fcm sayesinde t\u00fcm hastalar, dil sorunu veya ba\u015fka zorluklar ya\u015famadan istedikleri di\u015f tedavilerini alabilir. Ayr\u0131ca bu hizmeti, dil deste\u011fi de dahil olmak \u00fczere, di\u011fer Avrupa \u00fclkelerine k\u0131yasla daha uygun fiyatlarla alabilirler.   <\/p>\n\n<p>Uluslararas\u0131 Hasta B\u00f6l\u00fcm\u00fc, hastalar i\u00e7in \u00f6zel bir veri a\u011f\u0131 sistemi olu\u015fturmu\u015ftur. Bu sistem sayesinde hastalar, Hospitadent\u2019e gelmeden \u00f6nce olas\u0131 muayeneler, tedaviler, tedavi s\u00fcresi ve di\u011fer bir\u00e7ok konu hakk\u0131nda bilgi alabilirler. <\/p>\n\n<p>Turizm kapsam\u0131nda, hastalar\u0131m\u0131za var\u0131\u015flar\u0131ndan ayr\u0131l\u0131\u015flar\u0131na kadar bir\u00e7ok alanda \u00fccretsiz hizmetler sunuyoruz; bunlar aras\u0131nda havaalan\u0131 transferi ve uygun fiyatl\u0131 \u00e7ok say\u0131da otel se\u00e7ene\u011fi bulunmaktad\u0131r. Ayr\u0131ca, ihtiya\u00e7 halinde hastalar\u0131m\u0131za \u015fehir turlar\u0131, di\u011fer t\u0131bbi tedaviler, ila\u00e7lar ve benzeri konularda da bilgi verebiliyoruz. <\/p>\n\n<p>Klinik, her t\u00fcrl\u00fc di\u015f tedavisini en y\u00fcksek kalitede ve uygun fiyatlarla sunmaktad\u0131r.<br><a href=\"https:\/\/medicaltravel.at\/kontakt\/\" data-type=\"page\" data-id=\"976\">Daha fazla bilgi i\u00e7in l\u00fctfen \u015fimdi bizimle buradan<\/a> veya <a href=\"https:\/\/wa.me\/41787373541\" target=\"_blank\" rel=\"noreferrer noopener\">WhatsApp<\/a> \u00fczerinden ileti\u015fime ge\u00e7in.<\/p>\n\n<figure class=\"wp-block-image size-full\"><img loading=\"lazy\" decoding=\"async\" width=\"300\" height=\"234\" class=\"wp-image-1586\" src=\"https:\/\/medicaltravel.at\/wp-content\/uploads\/2025\/09\/Lacheln-Sie-an-Sie-sind-in-Hospitadent-300x234-1-1.jpg\" alt=\"\"><\/figure>\n\t\t\t\t\t\t\t\t<\/div>\n\t\t\t\t\t<\/div>\n\t\t\t\t<\/div>\n\t\t\t\t<\/div>\n\t\t","protected":false},"excerpt":{"rendered":"<p>\u0130stanbul Antalya Ku\u015fadas\u0131 \u0130zmir Manavgat Kayseri Alanya Bodrum \u0130stanbul Hospitadent Di\u015f Klini\u011fi Kayseri-Kapadokya\u2019daki di\u015f klini\u011fi Kayseri\u2019deki Hospitadent Di\u015f Klini\u011fi, en yeni cihazlar ve teknolojiye sahiptir. Klini\u011fin geni\u015f hizmet yelpazesi, hastalara \u00e7e\u015fitli tedavi se\u00e7enekleri sunmay\u0131 m\u00fcmk\u00fcn k\u0131lar. A\u011f\u0131z cerrahisi, implantlar, di\u015f kronlar\u0131 ve g\u00fcl\u00fc\u015f tasar\u0131m\u0131 konular\u0131nda deneyimi olan klinik, y\u00fcksek standartlarda ve kaliteli hizmet sunmak i\u00e7in hizmetinizdedir. Kapadokya b\u00f6lgesindeki bu di\u015f klini\u011finde, t\u00fcm di\u015f hekimli\u011fi alanlar\u0131nda uzman \u00e7ok iyi e\u011fitimli di\u015f hekimleri g\u00f6rev yapmakta ve bilimsel ile teknolojik geli\u015fmeleri yak\u0131ndan takip etmektedir. Kapadokya\u2019daki Di\u015f Klini\u011fi Kayseri Dentalklini\u011fi Kapadokya\u2019da tatilinizi tedavi ile birle\u015ftirin. Klinik, Kayseri \u015fehir merkezinde, Kapadokya\u2019ya \u00e7ok yak\u0131n konumda bulunuyor; burada e\u015fsiz manzaray\u0131 g\u00f6rebilirsiniz. Kapadokya, Orta T\u00fcrkiye\u2019de yar\u0131 kurak bir b\u00f6lge olup \u201cPeri Bacalar\u0131\u201d ile \u00fcnl\u00fcd\u00fcr. Bu konik \u015fekilli kaya olu\u015fumlar\u0131, genellikle Rahipler Vadisi, G\u00f6reme ve di\u011fer b\u00f6lgelerde g\u00f6r\u00fcl\u00fcr. \u00d6nemli di\u011fer turistik yerler, Bronz \u00c7a\u011f\u0131\u2019ndan kalma ma\u011fara evlerdir; bu evler daha sonra erken Hristiyanlar i\u00e7in s\u0131\u011f\u0131nak olarak kullan\u0131lm\u0131\u015ft\u0131r. 100 metre derinli\u011findeki Ihlara Vadisi\u2019nde \u00e7ok say\u0131da kaya kilisesi bulunmaktad\u0131r. Hospitadent, hastalar\u0131 i\u00e7in \u00f6zel olarak uluslararas\u0131 hasta b\u00f6l\u00fcm\u00fc olu\u015fturmu\u015ftur. Bu yeni b\u00f6l\u00fcm sayesinde t\u00fcm hastalar, dil sorunu veya ba\u015fka zorluklar ya\u015famadan istedikleri di\u015f tedavilerini alabilir. Ayr\u0131ca bu hizmeti, dil deste\u011fi de dahil olmak \u00fczere, di\u011fer Avrupa \u00fclkelerine k\u0131yasla daha uygun fiyatlarla alabilirler. Uluslararas\u0131 Hasta B\u00f6l\u00fcm\u00fc, hastalar i\u00e7in \u00f6zel bir veri a\u011f\u0131 sistemi olu\u015fturmu\u015ftur. Bu sistem sayesinde hastalar, Hospitadent\u2019e gelmeden \u00f6nce olas\u0131 muayeneler, tedaviler, tedavi s\u00fcresi ve di\u011fer bir\u00e7ok konu hakk\u0131nda bilgi alabilirler. Turizm kapsam\u0131nda, hastalar\u0131m\u0131za var\u0131\u015flar\u0131ndan ayr\u0131l\u0131\u015flar\u0131na kadar bir\u00e7ok alanda \u00fccretsiz hizmetler sunuyoruz; bunlar aras\u0131nda havaalan\u0131 transferi ve uygun fiyatl\u0131 \u00e7ok say\u0131da otel se\u00e7ene\u011fi bulunmaktad\u0131r. Ayr\u0131ca, ihtiya\u00e7 halinde hastalar\u0131m\u0131za \u015fehir turlar\u0131, di\u011fer t\u0131bbi tedaviler, ila\u00e7lar ve benzeri konularda da bilgi verebiliyoruz. Klinik, her t\u00fcrl\u00fc di\u015f tedavisini en y\u00fcksek kalitede ve uygun fiyatlarla sunmaktad\u0131r.Daha fazla bilgi i\u00e7in l\u00fctfen \u015fimdi bizimle buradan veya WhatsApp \u00fczerinden ileti\u015fime ge\u00e7in.<\/p>\n","protected":false},"author":4,"featured_media":0,"parent":4883,"menu_order":0,"comment_status":"closed","ping_status":"closed","template":"","meta":{"_joinchat":[],"footnotes":""},"class_list":["post-4890","page","type-page","status-publish","hentry"],"acf":[],"_links":{"self":[{"href":"https:\/\/medicaltravel.at\/tr\/wp-json\/wp\/v2\/pages\/4890","targetHints":{"allow":["GET"]}}],"collection":[{"href":"https:\/\/medicaltravel.at\/tr\/wp-json\/wp\/v2\/pages"}],"about":[{"href":"https:\/\/medicaltravel.at\/tr\/wp-json\/wp\/v2\/types\/page"}],"author":[{"embeddable":true,"href":"https:\/\/medicaltravel.at\/tr\/wp-json\/wp\/v2\/users\/4"}],"replies":[{"embeddable":true,"href":"https:\/\/medicaltravel.at\/tr\/wp-json\/wp\/v2\/comments?post=4890"}],"version-history":[{"count":5,"href":"https:\/\/medicaltravel.at\/tr\/wp-json\/wp\/v2\/pages\/4890\/revisions"}],"predecessor-version":[{"id":4896,"href":"https:\/\/medicaltravel.at\/tr\/wp-json\/wp\/v2\/pages\/4890\/revisions\/4896"}],"up":[{"embeddable":true,"href":"https:\/\/medicaltravel.at\/tr\/wp-json\/wp\/v2\/pages\/4883"}],"wp:attachment":[{"href":"https:\/\/medicaltravel.at\/tr\/wp-json\/wp\/v2\/media?parent=4890"}],"curies":[{"name":"wp","href":"https:\/\/api.w.org\/{rel}","templated":true}]}}